





{"id":61676,"date":"2023-07-24T15:32:41","date_gmt":"2023-07-24T13:32:41","guid":{"rendered":"https:\/\/repliquemangacine.fr\/?post_type=product&#038;p=61676"},"modified":"2025-11-18T22:01:56","modified_gmt":"2025-11-18T21:01:56","slug":"machete-e-kunai-killer","status":"publish","type":"product","link":"https:\/\/repliquemangacine.fr\/it\/armes-the-walking-dead\/machette-et-kunai-killer\/","title":{"rendered":"Machete e Kunai Killer"},"content":{"rendered":"<h2>Machete e Kunai Killer<\/h2>\n<p>Per cominciare, il <strong>Machete e Kunai Killer<\/strong> The Walking Dead \u00e8 stato progettato appositamente per uccidere gli zombie!<\/p>\n<p>Il machete \u00e8 un lungo coltello con un manico corto e una lama spessa, lunga circa 40 cm, progettato come strumento per tagliare la vegetazione. Viene generalmente utilizzato per tagliare la vegetazione fitta e per aprire frutti dal guscio duro come le noci di cocco.<\/p>\n<p>Il machete \u00e8 stato utilizzato nell'esercito francese nella seconda met\u00e0 del XIX secolo e nella prima met\u00e0 del XX secolo con il nome di \u00absabre d'abattis\u00bb.<\/p>\n<p>Ampiamente utilizzato nei film e nei videogiochi. In Assassin's Creed III: Liberation, l'eroina Aveline de Grandpr\u00e9 usa un machete nei combattimenti corpo a corpo.<\/p>\n<h2>Il vostro Machete e Kuna\u00ef Killer al miglior prezzo.<\/h2>\n<p>Offriamo un'ampia gamma di repliche della serie <a href=\"https:\/\/thewalkingdead.fandom.com\/fr\/wiki\/Accueil\" target=\"_blank\" rel=\"noopener noreferrer\">The Walking Dead<\/a>.<\/p>\n<p>Innanzitutto,<\/p>\n<ul>\n<li>Le <a href=\"https:\/\/repliquemangacine.fr\/it\/armi-the-walking-dead\/katana-di-michonne\/\">La katana di Michonne<\/a> nella versione non tagliente, \u00e8 disponibile anche nella versione tagliente.<\/li>\n<li>C'\u00e8 anche il <a href=\"https:\/\/repliquemangacine.fr\/it\/armi-the-walking-dead\/colt-python-rick-grimes\/\">Il puledro Python di Rick<\/a> che utilizza per tutta la serie.<\/li>\n<li>Cos\u00ec come il <a href=\"https:\/\/repliquemangacine.fr\/it\/armi-the-walking-dead\/mazza-negan-in-schiuma-rigida-lucille\/\">Mazza di Negan<\/a> (in schiuma)<\/li>\n<li>E molti altri da scoprire nel nostro negozio online!<\/li>\n<\/ul>\n<p>Ecco quindi un'ottima idea regalo per tutti i fan di The Walking Dead.<\/p>\n<p>In conclusione, \u00e8 possibile utilizzare questo <strong>Machete e Kunai Zombie<\/strong> per le vostre feste di Halloween o serate a tema. Ma soprattutto, \u00e8 un oggetto da collezione e un pezzo decorativo.<\/p>\n<h2>Come si mantiene la lama del coltello?<\/h2>\n<p>Le spade da collezione e decorative sono realizzate e assemblate in modo semplificato. Poich\u00e9 il loro uso \u00e8 decorativo, non hanno le caratteristiche di sicurezza richieste per una spada giapponese destinata all'allenamento.<\/p>\n<p>Tuttavia, il vostro <strong>Machete e Kunai Zombie<\/strong> a una lama in acciaio che deve essere mantenuta per evitare che si danneggi nel tempo. Quando esponete il vostro machete, i vostri amici saranno curiosi di vedere la lama e di toccarla. \u00c8 qui che bisogna fare attenzione, perch\u00e9 l'acidit\u00e0 delle dita \u00e8 molto dannosa per l'acciaio, qualunque sia la sua qualit\u00e0.<\/p>\n<p>Tuttavia, se ci\u00f2 dovesse accadere, niente panico: \u00e8 sufficiente un panno inumidito con un po' di olio per eliminare le impronte. In questo modo, potrete conservare il vostro set di quattro pezzi per zombie killer per molto tempo.<\/p>","protected":false},"excerpt":{"rendered":"<p>Superbo set di quattro pezzi, ideale per combattere i non morti!<\/p>\n<p>\u2013 <strong>Machete<\/strong><\/p>\n<ul>\n<li>Realizzato in un unico pezzo<\/li>\n<li>Lama in acciaio decorata e traforata<\/li>\n<li>Manico rivestito in cotone per una presa sicura<\/li>\n<li>Lunghezza totale: 69 cm<\/li>\n<\/ul>\n<p>\u2013<strong> Kunai<\/strong><\/p>\n<ul>\n<li>Realizzato in un unico pezzo<\/li>\n<li>Lama in acciaio decorata<\/li>\n<li>Manico rivestito in cotone per una presa sicura<\/li>\n<li>Lunghezza totale di ogni kunai: 16,5 cm<\/li>\n<\/ul>\n<p>Questo set viene consegnato in una custodia in cordura per il trasporto.<\/p>\n<p>&nbsp;<\/p>","protected":false},"featured_media":61677,"template":"","meta":[],"product_brand":[896],"product_cat":[24,62],"product_tag":[],"class_list":{"0":"post-61676","1":"product","2":"type-product","3":"status-publish","4":"has-post-thumbnail","6":"product_brand-replique-manga-cine","7":"product_cat-films-series-tv-vente-de-katana-epee-et-produits-derives","8":"product_cat-armes-the-walking-dead","10":"first","11":"instock","12":"taxable","13":"shipping-taxable","14":"purchasable","15":"product-type-simple"},"yoast_head":"<!-- This site is optimized with the Yoast SEO plugin v27.4 - https:\/\/yoast.com\/product\/yoast-seo-wordpress\/ -->\n<title>Machette et Kuna\u00ef Killer - Vente couteau The Walking Dead - RMC<\/title>\n<meta name=\"description\" content=\"Offrez-lui cette superbe machette et Kuna\u00ef Killer au meilleur prix. Tout en acier. Fait d&#039;une seule pi\u00e8ce. Kuna\u00efs en acier avec gravure. Fourreau. 69 cm\" \/>\n<meta name=\"robots\" content=\"index, follow, max-snippet:-1, max-image-preview:large, max-video-preview:-1\" \/>\n<link rel=\"canonical\" href=\"https:\/\/repliquemangacine.fr\/it\/armi-the-walking-dead\/machete-e-kunai-killer\/\" \/>\n<meta property=\"og:locale\" content=\"it_IT\" \/>\n<meta property=\"og:type\" content=\"article\" \/>\n<meta property=\"og:title\" content=\"Machette et Kuna\u00ef Killer - Vente couteau The Walking Dead - RMC\" \/>\n<meta property=\"og:description\" content=\"Offrez-lui cette superbe machette et Kuna\u00ef Killer au meilleur prix. Tout en acier. Fait d&#039;une seule pi\u00e8ce. Kuna\u00efs en acier avec gravure. Fourreau. 69 cm\" \/>\n<meta property=\"og:url\" content=\"https:\/\/repliquemangacine.fr\/it\/armi-the-walking-dead\/machete-e-kunai-killer\/\" \/>\n<meta property=\"og:site_name\" content=\"R\u00e9plique Manga Cin\u00e9\" \/>\n<meta property=\"article:publisher\" content=\"https:\/\/www.facebook.com\/RepliqueMangaCine\" \/>\n<meta property=\"article:modified_time\" content=\"2025-11-18T21:01:56+00:00\" \/>\n<meta property=\"og:image\" content=\"https:\/\/repliquemangacine.fr\/wp-content\/uploads\/2023\/10\/machette-zombie-killer.jpg\" \/>\n\t<meta property=\"og:image:width\" content=\"500\" \/>\n\t<meta property=\"og:image:height\" content=\"500\" \/>\n\t<meta property=\"og:image:type\" content=\"image\/jpeg\" \/>\n<meta name=\"twitter:card\" content=\"summary_large_image\" \/>\n<meta name=\"twitter:label1\" content=\"Tempo di lettura stimato\" \/>\n\t<meta name=\"twitter:data1\" content=\"3 minuti\" \/>\n<script type=\"application\/ld+json\" class=\"yoast-schema-graph\">{\"@context\":\"https:\\\/\\\/schema.org\",\"@graph\":[{\"@type\":\"WebPage\",\"@id\":\"https:\\\/\\\/repliquemangacine.fr\\\/armes-the-walking-dead\\\/machette-et-kunai-killer\\\/\",\"url\":\"https:\\\/\\\/repliquemangacine.fr\\\/armes-the-walking-dead\\\/machette-et-kunai-killer\\\/\",\"name\":\"Machette et Kuna\u00ef Killer - Vente couteau The Walking Dead - RMC\",\"isPartOf\":{\"@id\":\"https:\\\/\\\/repliquemangacine.fr\\\/#website\"},\"primaryImageOfPage\":{\"@id\":\"https:\\\/\\\/repliquemangacine.fr\\\/armes-the-walking-dead\\\/machette-et-kunai-killer\\\/#primaryimage\"},\"image\":{\"@id\":\"https:\\\/\\\/repliquemangacine.fr\\\/armes-the-walking-dead\\\/machette-et-kunai-killer\\\/#primaryimage\"},\"thumbnailUrl\":\"https:\\\/\\\/repliquemangacine.fr\\\/wp-content\\\/uploads\\\/2023\\\/10\\\/machette-zombie-killer.jpg\",\"datePublished\":\"2023-07-24T13:32:41+00:00\",\"dateModified\":\"2025-11-18T21:01:56+00:00\",\"description\":\"Offrez-lui cette superbe machette et Kuna\u00ef Killer au meilleur prix. Tout en acier. Fait d'une seule pi\u00e8ce. Kuna\u00efs en acier avec gravure. Fourreau. 69 cm\",\"breadcrumb\":{\"@id\":\"https:\\\/\\\/repliquemangacine.fr\\\/armes-the-walking-dead\\\/machette-et-kunai-killer\\\/#breadcrumb\"},\"inLanguage\":\"it-IT\",\"potentialAction\":[{\"@type\":\"ReadAction\",\"target\":[\"https:\\\/\\\/repliquemangacine.fr\\\/armes-the-walking-dead\\\/machette-et-kunai-killer\\\/\"]}]},{\"@type\":\"ImageObject\",\"inLanguage\":\"it-IT\",\"@id\":\"https:\\\/\\\/repliquemangacine.fr\\\/armes-the-walking-dead\\\/machette-et-kunai-killer\\\/#primaryimage\",\"url\":\"https:\\\/\\\/repliquemangacine.fr\\\/wp-content\\\/uploads\\\/2023\\\/10\\\/machette-zombie-killer.jpg\",\"contentUrl\":\"https:\\\/\\\/repliquemangacine.fr\\\/wp-content\\\/uploads\\\/2023\\\/10\\\/machette-zombie-killer.jpg\",\"width\":500,\"height\":500,\"caption\":\"Machette et Kuna\u00ef zombie-killer\"},{\"@type\":\"BreadcrumbList\",\"@id\":\"https:\\\/\\\/repliquemangacine.fr\\\/armes-the-walking-dead\\\/machette-et-kunai-killer\\\/#breadcrumb\",\"itemListElement\":[{\"@type\":\"ListItem\",\"position\":1,\"name\":\"Accueil\",\"item\":\"https:\\\/\\\/repliquemangacine.fr\\\/\"},{\"@type\":\"ListItem\",\"position\":2,\"name\":\"Produits\",\"item\":\"https:\\\/\\\/repliquemangacine.fr\\\/boutique\\\/\"},{\"@type\":\"ListItem\",\"position\":3,\"name\":\"Machette et Kuna\u00ef Killer\"}]},{\"@type\":\"WebSite\",\"@id\":\"https:\\\/\\\/repliquemangacine.fr\\\/#website\",\"url\":\"https:\\\/\\\/repliquemangacine.fr\\\/\",\"name\":\"R\u00e9plique Manga Cin\u00e9\",\"description\":\"\",\"publisher\":{\"@id\":\"https:\\\/\\\/repliquemangacine.fr\\\/#organization\"},\"potentialAction\":[{\"@type\":\"SearchAction\",\"target\":{\"@type\":\"EntryPoint\",\"urlTemplate\":\"https:\\\/\\\/repliquemangacine.fr\\\/?s={search_term_string}\"},\"query-input\":{\"@type\":\"PropertyValueSpecification\",\"valueRequired\":true,\"valueName\":\"search_term_string\"}}],\"inLanguage\":\"it-IT\"},{\"@type\":\"Organization\",\"@id\":\"https:\\\/\\\/repliquemangacine.fr\\\/#organization\",\"name\":\"R\u00e9plique Manga Cin\u00e9\",\"url\":\"https:\\\/\\\/repliquemangacine.fr\\\/\",\"logo\":{\"@type\":\"ImageObject\",\"inLanguage\":\"it-IT\",\"@id\":\"https:\\\/\\\/repliquemangacine.fr\\\/#\\\/schema\\\/logo\\\/image\\\/\",\"url\":\"https:\\\/\\\/repliquemangacine.fr\\\/wp-content\\\/uploads\\\/2023\\\/10\\\/RMC-500250.png\",\"contentUrl\":\"https:\\\/\\\/repliquemangacine.fr\\\/wp-content\\\/uploads\\\/2023\\\/10\\\/RMC-500250.png\",\"width\":500,\"height\":250,\"caption\":\"R\u00e9plique Manga Cin\u00e9\"},\"image\":{\"@id\":\"https:\\\/\\\/repliquemangacine.fr\\\/#\\\/schema\\\/logo\\\/image\\\/\"},\"sameAs\":[\"https:\\\/\\\/www.facebook.com\\\/RepliqueMangaCine\",\"https:\\\/\\\/www.instagram.com\\\/repliquemangacine.fr\\\/\"]}]}<\/script>\n<!-- \/ Yoast SEO plugin. -->","yoast_head_json":{"title":"Machete et Kuna\u00ef Killer - Vendita coltelli The Walking Dead - RMC","description":"Regalategli questo superbo machete e Kunai Killer al miglior prezzo. Tutto in acciaio. Realizzato in un unico pezzo. Kunai in acciaio con incisione. Fodero. 69 cm","robots":{"index":"index","follow":"follow","max-snippet":"max-snippet:-1","max-image-preview":"max-image-preview:large","max-video-preview":"max-video-preview:-1"},"canonical":"https:\/\/repliquemangacine.fr\/it\/armi-the-walking-dead\/machete-e-kunai-killer\/","og_locale":"it_IT","og_type":"article","og_title":"Machette et Kuna\u00ef Killer - Vente couteau The Walking Dead - RMC","og_description":"Offrez-lui cette superbe machette et Kuna\u00ef Killer au meilleur prix. Tout en acier. Fait d'une seule pi\u00e8ce. Kuna\u00efs en acier avec gravure. Fourreau. 69 cm","og_url":"https:\/\/repliquemangacine.fr\/it\/armi-the-walking-dead\/machete-e-kunai-killer\/","og_site_name":"R\u00e9plique Manga Cin\u00e9","article_publisher":"https:\/\/www.facebook.com\/RepliqueMangaCine","article_modified_time":"2025-11-18T21:01:56+00:00","og_image":[{"width":500,"height":500,"url":"https:\/\/repliquemangacine.fr\/wp-content\/uploads\/2023\/10\/machette-zombie-killer.jpg","type":"image\/jpeg"}],"twitter_card":"summary_large_image","twitter_misc":{"Tempo di lettura stimato":"3 minuti"},"schema":{"@context":"https:\/\/schema.org","@graph":[{"@type":"WebPage","@id":"https:\/\/repliquemangacine.fr\/armes-the-walking-dead\/machette-et-kunai-killer\/","url":"https:\/\/repliquemangacine.fr\/armes-the-walking-dead\/machette-et-kunai-killer\/","name":"Machete et Kuna\u00ef Killer - Vendita coltelli The Walking Dead - RMC","isPartOf":{"@id":"https:\/\/repliquemangacine.fr\/#website"},"primaryImageOfPage":{"@id":"https:\/\/repliquemangacine.fr\/armes-the-walking-dead\/machette-et-kunai-killer\/#primaryimage"},"image":{"@id":"https:\/\/repliquemangacine.fr\/armes-the-walking-dead\/machette-et-kunai-killer\/#primaryimage"},"thumbnailUrl":"https:\/\/repliquemangacine.fr\/wp-content\/uploads\/2023\/10\/machette-zombie-killer.jpg","datePublished":"2023-07-24T13:32:41+00:00","dateModified":"2025-11-18T21:01:56+00:00","description":"Regalategli questo superbo machete e Kunai Killer al miglior prezzo. Tutto in acciaio. Realizzato in un unico pezzo. Kunai in acciaio con incisione. Fodero. 69 cm","breadcrumb":{"@id":"https:\/\/repliquemangacine.fr\/armes-the-walking-dead\/machette-et-kunai-killer\/#breadcrumb"},"inLanguage":"it-IT","potentialAction":[{"@type":"ReadAction","target":["https:\/\/repliquemangacine.fr\/armes-the-walking-dead\/machette-et-kunai-killer\/"]}]},{"@type":"ImageObject","inLanguage":"it-IT","@id":"https:\/\/repliquemangacine.fr\/armes-the-walking-dead\/machette-et-kunai-killer\/#primaryimage","url":"https:\/\/repliquemangacine.fr\/wp-content\/uploads\/2023\/10\/machette-zombie-killer.jpg","contentUrl":"https:\/\/repliquemangacine.fr\/wp-content\/uploads\/2023\/10\/machette-zombie-killer.jpg","width":500,"height":500,"caption":"Machette et Kuna\u00ef zombie-killer"},{"@type":"BreadcrumbList","@id":"https:\/\/repliquemangacine.fr\/armes-the-walking-dead\/machette-et-kunai-killer\/#breadcrumb","itemListElement":[{"@type":"ListItem","position":1,"name":"Accueil","item":"https:\/\/repliquemangacine.fr\/"},{"@type":"ListItem","position":2,"name":"Produits","item":"https:\/\/repliquemangacine.fr\/boutique\/"},{"@type":"ListItem","position":3,"name":"Machette et Kuna\u00ef Killer"}]},{"@type":"WebSite","@id":"https:\/\/repliquemangacine.fr\/#website","url":"https:\/\/repliquemangacine.fr\/","name":"R\u00e9plique Manga Cin\u00e9","description":"","publisher":{"@id":"https:\/\/repliquemangacine.fr\/#organization"},"potentialAction":[{"@type":"SearchAction","target":{"@type":"EntryPoint","urlTemplate":"https:\/\/repliquemangacine.fr\/?s={search_term_string}"},"query-input":{"@type":"PropertyValueSpecification","valueRequired":true,"valueName":"search_term_string"}}],"inLanguage":"it-IT"},{"@type":"Organization","@id":"https:\/\/repliquemangacine.fr\/#organization","name":"R\u00e9plique Manga Cin\u00e9","url":"https:\/\/repliquemangacine.fr\/","logo":{"@type":"ImageObject","inLanguage":"it-IT","@id":"https:\/\/repliquemangacine.fr\/#\/schema\/logo\/image\/","url":"https:\/\/repliquemangacine.fr\/wp-content\/uploads\/2023\/10\/RMC-500250.png","contentUrl":"https:\/\/repliquemangacine.fr\/wp-content\/uploads\/2023\/10\/RMC-500250.png","width":500,"height":250,"caption":"R\u00e9plique Manga Cin\u00e9"},"image":{"@id":"https:\/\/repliquemangacine.fr\/#\/schema\/logo\/image\/"},"sameAs":["https:\/\/www.facebook.com\/RepliqueMangaCine","https:\/\/www.instagram.com\/repliquemangacine.fr\/"]}]}},"_links":{"self":[{"href":"https:\/\/repliquemangacine.fr\/it\/wp-json\/wp\/v2\/product\/61676","targetHints":{"allow":["GET"]}}],"collection":[{"href":"https:\/\/repliquemangacine.fr\/it\/wp-json\/wp\/v2\/product"}],"about":[{"href":"https:\/\/repliquemangacine.fr\/it\/wp-json\/wp\/v2\/types\/product"}],"wp:featuredmedia":[{"embeddable":true,"href":"https:\/\/repliquemangacine.fr\/it\/wp-json\/wp\/v2\/media\/61677"}],"wp:attachment":[{"href":"https:\/\/repliquemangacine.fr\/it\/wp-json\/wp\/v2\/media?parent=61676"}],"wp:term":[{"taxonomy":"product_brand","embeddable":true,"href":"https:\/\/repliquemangacine.fr\/it\/wp-json\/wp\/v2\/product_brand?post=61676"},{"taxonomy":"product_cat","embeddable":true,"href":"https:\/\/repliquemangacine.fr\/it\/wp-json\/wp\/v2\/product_cat?post=61676"},{"taxonomy":"product_tag","embeddable":true,"href":"https:\/\/repliquemangacine.fr\/it\/wp-json\/wp\/v2\/product_tag?post=61676"}],"curies":[{"name":"wp","href":"https:\/\/api.w.org\/{rel}","templated":true}]}}