





{"id":61275,"date":"2023-06-29T16:38:49","date_gmt":"2023-06-29T14:38:49","guid":{"rendered":"https:\/\/repliquemangacine.fr\/?post_type=product&#038;p=61275"},"modified":"2026-03-16T06:40:36","modified_gmt":"2026-03-16T05:40:36","slug":"lama-daywalker-spada-a-cannello","status":"publish","type":"product","link":"https:\/\/repliquemangacine.fr\/it\/katana-les-epees-de-films-et-series\/epee-sarbacane-daywalker-de-blade\/","title":{"rendered":"Lama Daywalker spada a cerbottana"},"content":{"rendered":"<h2>Spada a cerbottana Daywalker di Blade.<\/h2>\n<p>Per cominciare, il<strong>Lama Daywalker spada a cerbottana<\/strong> ha una lama dritta a doppio taglio simile a quella di una spada lunga, che termina con un'impugnatura in metallo. Il fodero contiene una cerbottana funzionale e una fionda.<\/p>\n<p>Blade \u00e8 una trilogia cinematografica americana scritta da David S. Goyer e basata sull'omonimo personaggio creato nel 1973 dallo sceneggiatore Marv Wolfman e dal disegnatore Gene Colan per la Marvel Comics.<\/p>\n<p><a href=\"https:\/\/blade.fandom.com\/wiki\/Blade\" target=\"_blank\" rel=\"noopener noreferrer\">Lama<\/a>\u00c8 un individuo cinico, determinato a liberare il mondo dai vampiri. \u00c8 noto per essere stoico, freddo e irascibile. Come molti nella comunit\u00e0 dei cacciatori di vampiri, Blade nutre un profondo rancore nei confronti dei vampiri, soprattutto a causa della morte di sua madre.<\/p>\n<h2>La tua spada a cannello Daywalker Blade al miglior prezzo.<\/h2>\n<p>Offriamo un'ampia gamma di repliche di spade e oggetti da collezione con i vostri eroi cinematografici preferiti.<\/p>\n<p>Innanzitutto<\/p>\n<ul>\n<li>L'<a href=\"https:\/\/repliquemangacine.fr\/it\/supereroi-marvel\/spada-assassina-wonder-woman-dio-assassino\/\">Spada God Killer<\/a> La prima spada di Wonder Woman, distrutta da Ares.<\/li>\n<li>Successivamente, il <a href=\"https:\/\/repliquemangacine.fr\/it\/supereroi-marvel\/spade-marvel-deadpool\/\">Spade di Deadpool<\/a> con una piastra per fondina per portarli sulla schiena.<\/li>\n<li>C'\u00e8 anche il <a href=\"https:\/\/repliquemangacine.fr\/it\/supereroi-marvel\/pugnale-di-loki\/\">Il pugnale di Loki<\/a> dell'universo Marvel.<\/li>\n<li>E molti altri da scoprire nel nostro negozio online!<\/li>\n<\/ul>\n<p>Ecco perch\u00e9 abbiamo pensato ad alcune idee regalo per chi ama l'universo Marvel.<\/p>\n<p>In conclusione, \u00e8 possibile utilizzare\u2019<strong>Lama Daywalker spada a cerbottana<\/strong> per le sfilate di cosplay. Ma soprattutto \u00e8 un oggetto da collezione e decorativo.<\/p>\n<h2>Come faccio a mantenere la lama della mia katana Marvel?<\/h2>\n<p>Le katana da collezione e decorative sono realizzate e assemblate in modo semplificato. Essendo destinate a scopi decorativi, non dispongono degli elementi di sicurezza necessari per una spada giapponese destinata all'allenamento.<\/p>\n<p>Tuttavia, il vostro <strong>Lama Daywalker spada a cerbottana<\/strong> una lama in acciaio che deve essere curata per evitare che si rovini con il tempo. Infatti, esporrete la vostra katana e i vostri amici saranno curiosi di vedere la lama e di toccarla. \u00c8 qui che bisogna prestare attenzione, perch\u00e9 l'acidit\u00e0 delle dita \u00e8 molto dannosa per l'acciaio, indipendentemente dalla sua qualit\u00e0.<\/p>\n<p>Tuttavia, se ci\u00f2 accade, non bisogna farsi prendere dal panico: basta usare un panno inumidito con un po' d'olio e cancellare le impronte digitali. In questo modo, la spada durer\u00e0 a lungo.<\/p>","protected":false},"excerpt":{"rendered":"<p>Replica eccellente della spada Daywalker dei film di Blade nell'universo Marvel.<\/p>\n<ul>\n<li>Lama dritta in acciaio 440, pre-affilata solo su un lato.<\/li>\n<li>Manico in metallo finemente decorato<\/li>\n<li>Fodero in piastre e cinghie regolabili per il trasporto sulla schiena<\/li>\n<li>Cannello con 6 aghi sul fodero<\/li>\n<li>Fionda<\/li>\n<li>Lunghezza lama: 69 cm - Lunghezza totale: 89 cm<\/li>\n<\/ul>","protected":false},"featured_media":61276,"template":"","meta":[],"product_brand":[896],"product_cat":[91,66,24,59],"product_tag":[],"class_list":{"0":"post-61275","1":"product","2":"type-product","3":"status-publish","4":"has-post-thumbnail","6":"product_brand-replique-manga-cine","7":"product_cat-katana-les-epees-de-films-et-series","8":"product_cat-repliques-d-armes-films-et-series","9":"product_cat-films-series-tv-vente-de-katana-epee-et-produits-derives","10":"product_cat-super-heros-marvel","12":"first","13":"instock","14":"taxable","15":"shipping-taxable","16":"purchasable","17":"product-type-simple"},"yoast_head":"<!-- This site is optimized with the Yoast SEO plugin v27.4 - https:\/\/yoast.com\/product\/yoast-seo-wordpress\/ -->\n<title>Ep\u00e9e sarbacane Daywalker de Blade - Vente collector Marvel - RMC<\/title>\n<meta name=\"description\" content=\"Offrez-lui vite ! Cette Ep\u00e9e sarbacane Daywalker de Blade au meilleur prix. Lame acier. Fourreau muni d&#039;une sarbacane. Lance-pierre fourni. Longueur : 89 cm\" \/>\n<meta name=\"robots\" content=\"index, follow, max-snippet:-1, max-image-preview:large, max-video-preview:-1\" \/>\n<link rel=\"canonical\" href=\"https:\/\/repliquemangacine.fr\/it\/spade-katana-da-film-e-serie\/lama-daywalker-spada-a-cannello\/\" \/>\n<meta property=\"og:locale\" content=\"it_IT\" \/>\n<meta property=\"og:type\" content=\"article\" \/>\n<meta property=\"og:title\" content=\"Ep\u00e9e sarbacane Daywalker de Blade - Vente collector Marvel - RMC\" \/>\n<meta property=\"og:description\" content=\"Offrez-lui vite ! Cette Ep\u00e9e sarbacane Daywalker de Blade au meilleur prix. Lame acier. Fourreau muni d&#039;une sarbacane. Lance-pierre fourni. Longueur : 89 cm\" \/>\n<meta property=\"og:url\" content=\"https:\/\/repliquemangacine.fr\/it\/spade-katana-da-film-e-serie\/lama-daywalker-spada-a-cannello\/\" \/>\n<meta property=\"og:site_name\" content=\"R\u00e9plique Manga Cin\u00e9\" \/>\n<meta property=\"article:publisher\" content=\"https:\/\/www.facebook.com\/RepliqueMangaCine\" \/>\n<meta property=\"article:modified_time\" content=\"2026-03-16T05:40:36+00:00\" \/>\n<meta property=\"og:image\" content=\"https:\/\/repliquemangacine.fr\/wp-content\/uploads\/2023\/10\/blade-sarbacane.jpg\" \/>\n\t<meta property=\"og:image:width\" content=\"500\" \/>\n\t<meta property=\"og:image:height\" content=\"500\" \/>\n\t<meta property=\"og:image:type\" content=\"image\/jpeg\" \/>\n<meta name=\"twitter:card\" content=\"summary_large_image\" \/>\n<meta name=\"twitter:label1\" content=\"Tempo di lettura stimato\" \/>\n\t<meta name=\"twitter:data1\" content=\"3 minuti\" \/>\n<script type=\"application\/ld+json\" class=\"yoast-schema-graph\">{\"@context\":\"https:\\\/\\\/schema.org\",\"@graph\":[{\"@type\":\"WebPage\",\"@id\":\"https:\\\/\\\/repliquemangacine.fr\\\/katana-les-epees-de-films-et-series\\\/epee-sarbacane-daywalker-de-blade\\\/\",\"url\":\"https:\\\/\\\/repliquemangacine.fr\\\/katana-les-epees-de-films-et-series\\\/epee-sarbacane-daywalker-de-blade\\\/\",\"name\":\"Ep\u00e9e sarbacane Daywalker de Blade - Vente collector Marvel - RMC\",\"isPartOf\":{\"@id\":\"https:\\\/\\\/repliquemangacine.fr\\\/#website\"},\"primaryImageOfPage\":{\"@id\":\"https:\\\/\\\/repliquemangacine.fr\\\/katana-les-epees-de-films-et-series\\\/epee-sarbacane-daywalker-de-blade\\\/#primaryimage\"},\"image\":{\"@id\":\"https:\\\/\\\/repliquemangacine.fr\\\/katana-les-epees-de-films-et-series\\\/epee-sarbacane-daywalker-de-blade\\\/#primaryimage\"},\"thumbnailUrl\":\"https:\\\/\\\/repliquemangacine.fr\\\/wp-content\\\/uploads\\\/2023\\\/10\\\/blade-sarbacane.jpg\",\"datePublished\":\"2023-06-29T14:38:49+00:00\",\"dateModified\":\"2026-03-16T05:40:36+00:00\",\"description\":\"Offrez-lui vite ! Cette Ep\u00e9e sarbacane Daywalker de Blade au meilleur prix. Lame acier. Fourreau muni d'une sarbacane. Lance-pierre fourni. Longueur : 89 cm\",\"breadcrumb\":{\"@id\":\"https:\\\/\\\/repliquemangacine.fr\\\/katana-les-epees-de-films-et-series\\\/epee-sarbacane-daywalker-de-blade\\\/#breadcrumb\"},\"inLanguage\":\"it-IT\",\"potentialAction\":[{\"@type\":\"ReadAction\",\"target\":[\"https:\\\/\\\/repliquemangacine.fr\\\/katana-les-epees-de-films-et-series\\\/epee-sarbacane-daywalker-de-blade\\\/\"]}]},{\"@type\":\"ImageObject\",\"inLanguage\":\"it-IT\",\"@id\":\"https:\\\/\\\/repliquemangacine.fr\\\/katana-les-epees-de-films-et-series\\\/epee-sarbacane-daywalker-de-blade\\\/#primaryimage\",\"url\":\"https:\\\/\\\/repliquemangacine.fr\\\/wp-content\\\/uploads\\\/2023\\\/10\\\/blade-sarbacane.jpg\",\"contentUrl\":\"https:\\\/\\\/repliquemangacine.fr\\\/wp-content\\\/uploads\\\/2023\\\/10\\\/blade-sarbacane.jpg\",\"width\":500,\"height\":500,\"caption\":\"Ep\u00e9e sarbacane Daywalker de Blade\"},{\"@type\":\"BreadcrumbList\",\"@id\":\"https:\\\/\\\/repliquemangacine.fr\\\/katana-les-epees-de-films-et-series\\\/epee-sarbacane-daywalker-de-blade\\\/#breadcrumb\",\"itemListElement\":[{\"@type\":\"ListItem\",\"position\":1,\"name\":\"Accueil\",\"item\":\"https:\\\/\\\/repliquemangacine.fr\\\/\"},{\"@type\":\"ListItem\",\"position\":2,\"name\":\"Produits\",\"item\":\"https:\\\/\\\/repliquemangacine.fr\\\/boutique\\\/\"},{\"@type\":\"ListItem\",\"position\":3,\"name\":\"Ep\u00e9e sarbacane Daywalker de Blade\"}]},{\"@type\":\"WebSite\",\"@id\":\"https:\\\/\\\/repliquemangacine.fr\\\/#website\",\"url\":\"https:\\\/\\\/repliquemangacine.fr\\\/\",\"name\":\"R\u00e9plique Manga Cin\u00e9\",\"description\":\"\",\"publisher\":{\"@id\":\"https:\\\/\\\/repliquemangacine.fr\\\/#organization\"},\"potentialAction\":[{\"@type\":\"SearchAction\",\"target\":{\"@type\":\"EntryPoint\",\"urlTemplate\":\"https:\\\/\\\/repliquemangacine.fr\\\/?s={search_term_string}\"},\"query-input\":{\"@type\":\"PropertyValueSpecification\",\"valueRequired\":true,\"valueName\":\"search_term_string\"}}],\"inLanguage\":\"it-IT\"},{\"@type\":\"Organization\",\"@id\":\"https:\\\/\\\/repliquemangacine.fr\\\/#organization\",\"name\":\"R\u00e9plique Manga Cin\u00e9\",\"url\":\"https:\\\/\\\/repliquemangacine.fr\\\/\",\"logo\":{\"@type\":\"ImageObject\",\"inLanguage\":\"it-IT\",\"@id\":\"https:\\\/\\\/repliquemangacine.fr\\\/#\\\/schema\\\/logo\\\/image\\\/\",\"url\":\"https:\\\/\\\/repliquemangacine.fr\\\/wp-content\\\/uploads\\\/2023\\\/10\\\/RMC-500250.png\",\"contentUrl\":\"https:\\\/\\\/repliquemangacine.fr\\\/wp-content\\\/uploads\\\/2023\\\/10\\\/RMC-500250.png\",\"width\":500,\"height\":250,\"caption\":\"R\u00e9plique Manga Cin\u00e9\"},\"image\":{\"@id\":\"https:\\\/\\\/repliquemangacine.fr\\\/#\\\/schema\\\/logo\\\/image\\\/\"},\"sameAs\":[\"https:\\\/\\\/www.facebook.com\\\/RepliqueMangaCine\",\"https:\\\/\\\/www.instagram.com\\\/repliquemangacine.fr\\\/\"]}]}<\/script>\n<!-- \/ Yoast SEO plugin. -->","yoast_head_json":{"title":"Spada Daywalker Blowpipe di Blade - Marvel Collector's Sale - RMC","description":"Regalategliela ora! Questa spada a cerbottana Daywalker di Blade al miglior prezzo. Lama in acciaio. Fodero con cerbottana. Fionda in dotazione. Lunghezza: 89 cm.","robots":{"index":"index","follow":"follow","max-snippet":"max-snippet:-1","max-image-preview":"max-image-preview:large","max-video-preview":"max-video-preview:-1"},"canonical":"https:\/\/repliquemangacine.fr\/it\/spade-katana-da-film-e-serie\/lama-daywalker-spada-a-cannello\/","og_locale":"it_IT","og_type":"article","og_title":"Ep\u00e9e sarbacane Daywalker de Blade - Vente collector Marvel - RMC","og_description":"Offrez-lui vite ! Cette Ep\u00e9e sarbacane Daywalker de Blade au meilleur prix. Lame acier. Fourreau muni d'une sarbacane. Lance-pierre fourni. Longueur : 89 cm","og_url":"https:\/\/repliquemangacine.fr\/it\/spade-katana-da-film-e-serie\/lama-daywalker-spada-a-cannello\/","og_site_name":"R\u00e9plique Manga Cin\u00e9","article_publisher":"https:\/\/www.facebook.com\/RepliqueMangaCine","article_modified_time":"2026-03-16T05:40:36+00:00","og_image":[{"width":500,"height":500,"url":"https:\/\/repliquemangacine.fr\/wp-content\/uploads\/2023\/10\/blade-sarbacane.jpg","type":"image\/jpeg"}],"twitter_card":"summary_large_image","twitter_misc":{"Tempo di lettura stimato":"3 minuti"},"schema":{"@context":"https:\/\/schema.org","@graph":[{"@type":"WebPage","@id":"https:\/\/repliquemangacine.fr\/katana-les-epees-de-films-et-series\/epee-sarbacane-daywalker-de-blade\/","url":"https:\/\/repliquemangacine.fr\/katana-les-epees-de-films-et-series\/epee-sarbacane-daywalker-de-blade\/","name":"Spada Daywalker Blowpipe di Blade - Marvel Collector's Sale - RMC","isPartOf":{"@id":"https:\/\/repliquemangacine.fr\/#website"},"primaryImageOfPage":{"@id":"https:\/\/repliquemangacine.fr\/katana-les-epees-de-films-et-series\/epee-sarbacane-daywalker-de-blade\/#primaryimage"},"image":{"@id":"https:\/\/repliquemangacine.fr\/katana-les-epees-de-films-et-series\/epee-sarbacane-daywalker-de-blade\/#primaryimage"},"thumbnailUrl":"https:\/\/repliquemangacine.fr\/wp-content\/uploads\/2023\/10\/blade-sarbacane.jpg","datePublished":"2023-06-29T14:38:49+00:00","dateModified":"2026-03-16T05:40:36+00:00","description":"Regalategliela ora! Questa spada a cerbottana Daywalker di Blade al miglior prezzo. Lama in acciaio. Fodero con cerbottana. Fionda in dotazione. Lunghezza: 89 cm.","breadcrumb":{"@id":"https:\/\/repliquemangacine.fr\/katana-les-epees-de-films-et-series\/epee-sarbacane-daywalker-de-blade\/#breadcrumb"},"inLanguage":"it-IT","potentialAction":[{"@type":"ReadAction","target":["https:\/\/repliquemangacine.fr\/katana-les-epees-de-films-et-series\/epee-sarbacane-daywalker-de-blade\/"]}]},{"@type":"ImageObject","inLanguage":"it-IT","@id":"https:\/\/repliquemangacine.fr\/katana-les-epees-de-films-et-series\/epee-sarbacane-daywalker-de-blade\/#primaryimage","url":"https:\/\/repliquemangacine.fr\/wp-content\/uploads\/2023\/10\/blade-sarbacane.jpg","contentUrl":"https:\/\/repliquemangacine.fr\/wp-content\/uploads\/2023\/10\/blade-sarbacane.jpg","width":500,"height":500,"caption":"Ep\u00e9e sarbacane Daywalker de Blade"},{"@type":"BreadcrumbList","@id":"https:\/\/repliquemangacine.fr\/katana-les-epees-de-films-et-series\/epee-sarbacane-daywalker-de-blade\/#breadcrumb","itemListElement":[{"@type":"ListItem","position":1,"name":"Accueil","item":"https:\/\/repliquemangacine.fr\/"},{"@type":"ListItem","position":2,"name":"Produits","item":"https:\/\/repliquemangacine.fr\/boutique\/"},{"@type":"ListItem","position":3,"name":"Ep\u00e9e sarbacane Daywalker de Blade"}]},{"@type":"WebSite","@id":"https:\/\/repliquemangacine.fr\/#website","url":"https:\/\/repliquemangacine.fr\/","name":"R\u00e9plique Manga Cin\u00e9","description":"","publisher":{"@id":"https:\/\/repliquemangacine.fr\/#organization"},"potentialAction":[{"@type":"SearchAction","target":{"@type":"EntryPoint","urlTemplate":"https:\/\/repliquemangacine.fr\/?s={search_term_string}"},"query-input":{"@type":"PropertyValueSpecification","valueRequired":true,"valueName":"search_term_string"}}],"inLanguage":"it-IT"},{"@type":"Organization","@id":"https:\/\/repliquemangacine.fr\/#organization","name":"R\u00e9plique Manga Cin\u00e9","url":"https:\/\/repliquemangacine.fr\/","logo":{"@type":"ImageObject","inLanguage":"it-IT","@id":"https:\/\/repliquemangacine.fr\/#\/schema\/logo\/image\/","url":"https:\/\/repliquemangacine.fr\/wp-content\/uploads\/2023\/10\/RMC-500250.png","contentUrl":"https:\/\/repliquemangacine.fr\/wp-content\/uploads\/2023\/10\/RMC-500250.png","width":500,"height":250,"caption":"R\u00e9plique Manga Cin\u00e9"},"image":{"@id":"https:\/\/repliquemangacine.fr\/#\/schema\/logo\/image\/"},"sameAs":["https:\/\/www.facebook.com\/RepliqueMangaCine","https:\/\/www.instagram.com\/repliquemangacine.fr\/"]}]}},"_links":{"self":[{"href":"https:\/\/repliquemangacine.fr\/it\/wp-json\/wp\/v2\/product\/61275","targetHints":{"allow":["GET"]}}],"collection":[{"href":"https:\/\/repliquemangacine.fr\/it\/wp-json\/wp\/v2\/product"}],"about":[{"href":"https:\/\/repliquemangacine.fr\/it\/wp-json\/wp\/v2\/types\/product"}],"wp:featuredmedia":[{"embeddable":true,"href":"https:\/\/repliquemangacine.fr\/it\/wp-json\/wp\/v2\/media\/61276"}],"wp:attachment":[{"href":"https:\/\/repliquemangacine.fr\/it\/wp-json\/wp\/v2\/media?parent=61275"}],"wp:term":[{"taxonomy":"product_brand","embeddable":true,"href":"https:\/\/repliquemangacine.fr\/it\/wp-json\/wp\/v2\/product_brand?post=61275"},{"taxonomy":"product_cat","embeddable":true,"href":"https:\/\/repliquemangacine.fr\/it\/wp-json\/wp\/v2\/product_cat?post=61275"},{"taxonomy":"product_tag","embeddable":true,"href":"https:\/\/repliquemangacine.fr\/it\/wp-json\/wp\/v2\/product_tag?post=61275"}],"curies":[{"name":"wp","href":"https:\/\/api.w.org\/{rel}","templated":true}]}}