





{"id":61112,"date":"2023-06-23T19:46:13","date_gmt":"2023-06-23T17:46:13","guid":{"rendered":"https:\/\/repliquemangacine.fr\/?post_type=product&#038;p=61112"},"modified":"2025-11-18T22:40:40","modified_gmt":"2025-11-18T21:40:40","slug":"martello-di-celebrimbor","status":"publish","type":"product","link":"https:\/\/repliquemangacine.fr\/it\/epees-et-dague-les-anneaux-de-pouvoir\/marteau-de-celebrimbor\/","title":{"rendered":"Martello di Celebrimbor"},"content":{"rendered":"<h2>Il martello di Celebrimbor - Gli anelli del potere<\/h2>\n<p>Per cominciare, il <strong>Martello di Celebrimbor<\/strong>, una replica non ufficiale della serie Rings of Power.<\/p>\n<p>Nell'episodio 2 de Gli Anelli del Potere, Elrond si reca a Eregion per aiutare il fabbro elfico Celebrimbor a costruire una grande fucina in grado di creare oggetti dal potere incalcolabile.<\/p>\n<p>Nel <a href=\"https:\/\/lotr.fandom.com\/fr\/wiki\/Celebrimbor\" target=\"_blank\" rel=\"noopener noreferrer\">Celebrimbor<\/a>, Mostra un martello appartenuto a F\u00ebanor, il pi\u00f9 grande dei fabbri elfici.<\/p>\n<p>Forse per impressionare il suo nuovo collega, Elrond non perde tempo a parlare del martello e di come sia stato usato per forgiare i Silmaril. I Silmaril, tre gioielli creati da F\u00ebanor e ricavati dalla luce dei Due Alberi di Valinor.<\/p>\n<h2>Il tuo Martello di Celebrimbor al miglior prezzo.<\/h2>\n<p>Offriamo un'ampia gamma di repliche della trilogia del Signore degli Anelli e della serie Rings of Power.<\/p>\n<p>Innanzitutto,<\/p>\n<ul>\n<li>Il famoso <a href=\"https:\/\/repliquemangacine.fr\/it\/spade-e-pugnali-gli-anelli-del-potere\/pugnale-finrod-pugnale-galadriel-gli-anelli-del-potere\/\">Il pugnale di Galadriel<\/a>tutto in acciaio.<\/li>\n<li>C'\u00e8 anche il<a href=\"https:\/\/repliquemangacine.fr\/it\/spade-e-pugnali-gli-anelli-del-potere\/spada-di-numenor-gli-anelli-del-potere\/\">spada di Numenor<\/a> con il pomo a forma di testa di cavallo.<\/li>\n<li>Cos\u00ec come le spade della trilogia de Il Signore degli Anelli, la spada di Anduril e la spada di Boromir ......<\/li>\n<li>Inoltre, scoprirete i gioielli dei film e delle serie che potrete indossare nella vita di tutti i giorni, se lo desiderate.<\/li>\n<li>E molto altro ancora nel nostro negozio online!<\/li>\n<\/ul>\n<p>Per concludere, \u00e8 possibile ordinare il <strong>Martello di Celebrimbor<\/strong> per le vostre sfilate cosplay o serate a tema. Ma soprattutto, questa spada \u00e8 un oggetto da collezione e una decorazione.<\/p>\n<h2>Come vengono realizzati i vostri oggetti da collezione?<\/h2>\n<p>Per cominciare, tutti i nostri prodotti derivati sono di altissima qualit\u00e0, realizzati con una meticolosa attenzione ai dettagli. Alcuni di essi sono realizzati a mano, per riprodurre i minimi dettagli. Le parti pi\u00f9 importanti sono lavorate con macchine molto precise. Le incisioni sono generalmente realizzate con una punta di diamante o con il laser.<\/p>\n<p>Il tuo <strong>Martello di Celebrimbor<\/strong> realizzati in resina per riprodurre esattamente ogni dettaglio. Per eguagliare l'eredit\u00e0 dei capolavori originali. L'accento \u00e8 posto sulla creazione di repliche di alta qualit\u00e0 che siano il pi\u00f9 possibile storicamente accurate.<\/p>\n<p>In conclusione, importate dalla Cina, dalla Spagna o dall'India, le nostre repliche vi stupiranno!<\/p>\n<p>R\u00e9plique Manga Cin\u00e9 \u00e8 un'azienda familiare francese.<\/p>","protected":false},"excerpt":{"rendered":"<p>Replica non ufficiale del martello di Celebrimbor della serie degli Anelli del Potere.<\/p>\n<ul>\n<li>Tutti in resina color nichel.<\/li>\n<li>Finemente decorato con dorature<\/li>\n<li>Manico decorato blu<\/li>\n<li>Dimensioni: 19,7 cm X 4 cm X 43,5 cm<\/li>\n<li>Peso: 683 g<\/li>\n<\/ul>","protected":false},"featured_media":61113,"template":"","meta":[],"product_brand":[896],"product_cat":[24,106],"product_tag":[],"class_list":{"0":"post-61112","1":"product","2":"type-product","3":"status-publish","4":"has-post-thumbnail","6":"product_brand-replique-manga-cine","7":"product_cat-films-series-tv-vente-de-katana-epee-et-produits-derives","8":"product_cat-epees-et-dague-les-anneaux-de-pouvoir","10":"first","11":"instock","12":"taxable","13":"shipping-taxable","14":"purchasable","15":"product-type-simple"},"yoast_head":"<!-- This site is optimized with the Yoast SEO plugin v27.4 - https:\/\/yoast.com\/product\/yoast-seo-wordpress\/ -->\n<title>Marteau de Celebrimbor - Les Anneaux de pouvoir - RMC<\/title>\n<meta name=\"description\" content=\"Offrez-lui vite ! ce superbe Marteau de Celebrimbor au meilleur prix \u2013 Tout en r\u00e9sine moul\u00e9e. D\u00e9cors dor\u00e9s. Manche bleu d\u00e9cor\u00e9. Dim. 20 X 4 X 43.5 cm\" \/>\n<meta name=\"robots\" content=\"index, follow, max-snippet:-1, max-image-preview:large, max-video-preview:-1\" \/>\n<link rel=\"canonical\" href=\"https:\/\/repliquemangacine.fr\/it\/spade-e-pugnali-gli-anelli-del-potere\/martello-di-celebrimbor\/\" \/>\n<meta property=\"og:locale\" content=\"it_IT\" \/>\n<meta property=\"og:type\" content=\"article\" \/>\n<meta property=\"og:title\" content=\"Marteau de Celebrimbor - Les Anneaux de pouvoir - RMC\" \/>\n<meta property=\"og:description\" content=\"Offrez-lui vite ! ce superbe Marteau de Celebrimbor au meilleur prix \u2013 Tout en r\u00e9sine moul\u00e9e. D\u00e9cors dor\u00e9s. Manche bleu d\u00e9cor\u00e9. Dim. 20 X 4 X 43.5 cm\" \/>\n<meta property=\"og:url\" content=\"https:\/\/repliquemangacine.fr\/it\/spade-e-pugnali-gli-anelli-del-potere\/martello-di-celebrimbor\/\" \/>\n<meta property=\"og:site_name\" content=\"R\u00e9plique Manga Cin\u00e9\" \/>\n<meta property=\"article:publisher\" content=\"https:\/\/www.facebook.com\/RepliqueMangaCine\" \/>\n<meta property=\"article:modified_time\" content=\"2025-11-18T21:40:40+00:00\" \/>\n<meta property=\"og:image\" content=\"https:\/\/repliquemangacine.fr\/wp-content\/uploads\/2023\/10\/marteau-Celerbrimborjpg.jpg\" \/>\n\t<meta property=\"og:image:width\" content=\"500\" \/>\n\t<meta property=\"og:image:height\" content=\"500\" \/>\n\t<meta property=\"og:image:type\" content=\"image\/jpeg\" \/>\n<meta name=\"twitter:card\" content=\"summary_large_image\" \/>\n<meta name=\"twitter:label1\" content=\"Tempo di lettura stimato\" \/>\n\t<meta name=\"twitter:data1\" content=\"3 minuti\" \/>\n<script type=\"application\/ld+json\" class=\"yoast-schema-graph\">{\"@context\":\"https:\\\/\\\/schema.org\",\"@graph\":[{\"@type\":\"WebPage\",\"@id\":\"https:\\\/\\\/repliquemangacine.fr\\\/epees-et-dague-les-anneaux-de-pouvoir\\\/marteau-de-celebrimbor\\\/\",\"url\":\"https:\\\/\\\/repliquemangacine.fr\\\/epees-et-dague-les-anneaux-de-pouvoir\\\/marteau-de-celebrimbor\\\/\",\"name\":\"Marteau de Celebrimbor - Les Anneaux de pouvoir - RMC\",\"isPartOf\":{\"@id\":\"https:\\\/\\\/repliquemangacine.fr\\\/#website\"},\"primaryImageOfPage\":{\"@id\":\"https:\\\/\\\/repliquemangacine.fr\\\/epees-et-dague-les-anneaux-de-pouvoir\\\/marteau-de-celebrimbor\\\/#primaryimage\"},\"image\":{\"@id\":\"https:\\\/\\\/repliquemangacine.fr\\\/epees-et-dague-les-anneaux-de-pouvoir\\\/marteau-de-celebrimbor\\\/#primaryimage\"},\"thumbnailUrl\":\"https:\\\/\\\/repliquemangacine.fr\\\/wp-content\\\/uploads\\\/2023\\\/10\\\/marteau-Celerbrimborjpg.jpg\",\"datePublished\":\"2023-06-23T17:46:13+00:00\",\"dateModified\":\"2025-11-18T21:40:40+00:00\",\"description\":\"Offrez-lui vite ! ce superbe Marteau de Celebrimbor au meilleur prix \u2013 Tout en r\u00e9sine moul\u00e9e. D\u00e9cors dor\u00e9s. Manche bleu d\u00e9cor\u00e9. Dim. 20 X 4 X 43.5 cm\",\"breadcrumb\":{\"@id\":\"https:\\\/\\\/repliquemangacine.fr\\\/epees-et-dague-les-anneaux-de-pouvoir\\\/marteau-de-celebrimbor\\\/#breadcrumb\"},\"inLanguage\":\"it-IT\",\"potentialAction\":[{\"@type\":\"ReadAction\",\"target\":[\"https:\\\/\\\/repliquemangacine.fr\\\/epees-et-dague-les-anneaux-de-pouvoir\\\/marteau-de-celebrimbor\\\/\"]}]},{\"@type\":\"ImageObject\",\"inLanguage\":\"it-IT\",\"@id\":\"https:\\\/\\\/repliquemangacine.fr\\\/epees-et-dague-les-anneaux-de-pouvoir\\\/marteau-de-celebrimbor\\\/#primaryimage\",\"url\":\"https:\\\/\\\/repliquemangacine.fr\\\/wp-content\\\/uploads\\\/2023\\\/10\\\/marteau-Celerbrimborjpg.jpg\",\"contentUrl\":\"https:\\\/\\\/repliquemangacine.fr\\\/wp-content\\\/uploads\\\/2023\\\/10\\\/marteau-Celerbrimborjpg.jpg\",\"width\":500,\"height\":500,\"caption\":\"Marteau de Celebrimbor\"},{\"@type\":\"BreadcrumbList\",\"@id\":\"https:\\\/\\\/repliquemangacine.fr\\\/epees-et-dague-les-anneaux-de-pouvoir\\\/marteau-de-celebrimbor\\\/#breadcrumb\",\"itemListElement\":[{\"@type\":\"ListItem\",\"position\":1,\"name\":\"Accueil\",\"item\":\"https:\\\/\\\/repliquemangacine.fr\\\/\"},{\"@type\":\"ListItem\",\"position\":2,\"name\":\"Produits\",\"item\":\"https:\\\/\\\/repliquemangacine.fr\\\/boutique\\\/\"},{\"@type\":\"ListItem\",\"position\":3,\"name\":\"Marteau de Celebrimbor\"}]},{\"@type\":\"WebSite\",\"@id\":\"https:\\\/\\\/repliquemangacine.fr\\\/#website\",\"url\":\"https:\\\/\\\/repliquemangacine.fr\\\/\",\"name\":\"R\u00e9plique Manga Cin\u00e9\",\"description\":\"\",\"publisher\":{\"@id\":\"https:\\\/\\\/repliquemangacine.fr\\\/#organization\"},\"potentialAction\":[{\"@type\":\"SearchAction\",\"target\":{\"@type\":\"EntryPoint\",\"urlTemplate\":\"https:\\\/\\\/repliquemangacine.fr\\\/?s={search_term_string}\"},\"query-input\":{\"@type\":\"PropertyValueSpecification\",\"valueRequired\":true,\"valueName\":\"search_term_string\"}}],\"inLanguage\":\"it-IT\"},{\"@type\":\"Organization\",\"@id\":\"https:\\\/\\\/repliquemangacine.fr\\\/#organization\",\"name\":\"R\u00e9plique Manga Cin\u00e9\",\"url\":\"https:\\\/\\\/repliquemangacine.fr\\\/\",\"logo\":{\"@type\":\"ImageObject\",\"inLanguage\":\"it-IT\",\"@id\":\"https:\\\/\\\/repliquemangacine.fr\\\/#\\\/schema\\\/logo\\\/image\\\/\",\"url\":\"https:\\\/\\\/repliquemangacine.fr\\\/wp-content\\\/uploads\\\/2023\\\/10\\\/RMC-500250.png\",\"contentUrl\":\"https:\\\/\\\/repliquemangacine.fr\\\/wp-content\\\/uploads\\\/2023\\\/10\\\/RMC-500250.png\",\"width\":500,\"height\":250,\"caption\":\"R\u00e9plique Manga Cin\u00e9\"},\"image\":{\"@id\":\"https:\\\/\\\/repliquemangacine.fr\\\/#\\\/schema\\\/logo\\\/image\\\/\"},\"sameAs\":[\"https:\\\/\\\/www.facebook.com\\\/RepliqueMangaCine\",\"https:\\\/\\\/www.instagram.com\\\/repliquemangacine.fr\\\/\"]}]}<\/script>\n<!-- \/ Yoast SEO plugin. -->","yoast_head_json":{"title":"Il martello di Celebrimbor - Gli anelli del potere - RMC","description":"Regalatele questo superbo Martello di Celebrimbor al miglior prezzo - Tutto in resina stampata. Decorazione in oro. Impugnatura decorata in blu. Dimensioni: 20 X 4 X 43,5 cm.","robots":{"index":"index","follow":"follow","max-snippet":"max-snippet:-1","max-image-preview":"max-image-preview:large","max-video-preview":"max-video-preview:-1"},"canonical":"https:\/\/repliquemangacine.fr\/it\/spade-e-pugnali-gli-anelli-del-potere\/martello-di-celebrimbor\/","og_locale":"it_IT","og_type":"article","og_title":"Marteau de Celebrimbor - Les Anneaux de pouvoir - RMC","og_description":"Offrez-lui vite ! ce superbe Marteau de Celebrimbor au meilleur prix \u2013 Tout en r\u00e9sine moul\u00e9e. D\u00e9cors dor\u00e9s. Manche bleu d\u00e9cor\u00e9. Dim. 20 X 4 X 43.5 cm","og_url":"https:\/\/repliquemangacine.fr\/it\/spade-e-pugnali-gli-anelli-del-potere\/martello-di-celebrimbor\/","og_site_name":"R\u00e9plique Manga Cin\u00e9","article_publisher":"https:\/\/www.facebook.com\/RepliqueMangaCine","article_modified_time":"2025-11-18T21:40:40+00:00","og_image":[{"width":500,"height":500,"url":"https:\/\/repliquemangacine.fr\/wp-content\/uploads\/2023\/10\/marteau-Celerbrimborjpg.jpg","type":"image\/jpeg"}],"twitter_card":"summary_large_image","twitter_misc":{"Tempo di lettura stimato":"3 minuti"},"schema":{"@context":"https:\/\/schema.org","@graph":[{"@type":"WebPage","@id":"https:\/\/repliquemangacine.fr\/epees-et-dague-les-anneaux-de-pouvoir\/marteau-de-celebrimbor\/","url":"https:\/\/repliquemangacine.fr\/epees-et-dague-les-anneaux-de-pouvoir\/marteau-de-celebrimbor\/","name":"Il martello di Celebrimbor - Gli anelli del potere - RMC","isPartOf":{"@id":"https:\/\/repliquemangacine.fr\/#website"},"primaryImageOfPage":{"@id":"https:\/\/repliquemangacine.fr\/epees-et-dague-les-anneaux-de-pouvoir\/marteau-de-celebrimbor\/#primaryimage"},"image":{"@id":"https:\/\/repliquemangacine.fr\/epees-et-dague-les-anneaux-de-pouvoir\/marteau-de-celebrimbor\/#primaryimage"},"thumbnailUrl":"https:\/\/repliquemangacine.fr\/wp-content\/uploads\/2023\/10\/marteau-Celerbrimborjpg.jpg","datePublished":"2023-06-23T17:46:13+00:00","dateModified":"2025-11-18T21:40:40+00:00","description":"Regalatele questo superbo Martello di Celebrimbor al miglior prezzo - Tutto in resina stampata. Decorazione in oro. Impugnatura decorata in blu. Dimensioni: 20 X 4 X 43,5 cm.","breadcrumb":{"@id":"https:\/\/repliquemangacine.fr\/epees-et-dague-les-anneaux-de-pouvoir\/marteau-de-celebrimbor\/#breadcrumb"},"inLanguage":"it-IT","potentialAction":[{"@type":"ReadAction","target":["https:\/\/repliquemangacine.fr\/epees-et-dague-les-anneaux-de-pouvoir\/marteau-de-celebrimbor\/"]}]},{"@type":"ImageObject","inLanguage":"it-IT","@id":"https:\/\/repliquemangacine.fr\/epees-et-dague-les-anneaux-de-pouvoir\/marteau-de-celebrimbor\/#primaryimage","url":"https:\/\/repliquemangacine.fr\/wp-content\/uploads\/2023\/10\/marteau-Celerbrimborjpg.jpg","contentUrl":"https:\/\/repliquemangacine.fr\/wp-content\/uploads\/2023\/10\/marteau-Celerbrimborjpg.jpg","width":500,"height":500,"caption":"Marteau de Celebrimbor"},{"@type":"BreadcrumbList","@id":"https:\/\/repliquemangacine.fr\/epees-et-dague-les-anneaux-de-pouvoir\/marteau-de-celebrimbor\/#breadcrumb","itemListElement":[{"@type":"ListItem","position":1,"name":"Accueil","item":"https:\/\/repliquemangacine.fr\/"},{"@type":"ListItem","position":2,"name":"Produits","item":"https:\/\/repliquemangacine.fr\/boutique\/"},{"@type":"ListItem","position":3,"name":"Marteau de Celebrimbor"}]},{"@type":"WebSite","@id":"https:\/\/repliquemangacine.fr\/#website","url":"https:\/\/repliquemangacine.fr\/","name":"R\u00e9plique Manga Cin\u00e9","description":"","publisher":{"@id":"https:\/\/repliquemangacine.fr\/#organization"},"potentialAction":[{"@type":"SearchAction","target":{"@type":"EntryPoint","urlTemplate":"https:\/\/repliquemangacine.fr\/?s={search_term_string}"},"query-input":{"@type":"PropertyValueSpecification","valueRequired":true,"valueName":"search_term_string"}}],"inLanguage":"it-IT"},{"@type":"Organization","@id":"https:\/\/repliquemangacine.fr\/#organization","name":"R\u00e9plique Manga Cin\u00e9","url":"https:\/\/repliquemangacine.fr\/","logo":{"@type":"ImageObject","inLanguage":"it-IT","@id":"https:\/\/repliquemangacine.fr\/#\/schema\/logo\/image\/","url":"https:\/\/repliquemangacine.fr\/wp-content\/uploads\/2023\/10\/RMC-500250.png","contentUrl":"https:\/\/repliquemangacine.fr\/wp-content\/uploads\/2023\/10\/RMC-500250.png","width":500,"height":250,"caption":"R\u00e9plique Manga Cin\u00e9"},"image":{"@id":"https:\/\/repliquemangacine.fr\/#\/schema\/logo\/image\/"},"sameAs":["https:\/\/www.facebook.com\/RepliqueMangaCine","https:\/\/www.instagram.com\/repliquemangacine.fr\/"]}]}},"_links":{"self":[{"href":"https:\/\/repliquemangacine.fr\/it\/wp-json\/wp\/v2\/product\/61112","targetHints":{"allow":["GET"]}}],"collection":[{"href":"https:\/\/repliquemangacine.fr\/it\/wp-json\/wp\/v2\/product"}],"about":[{"href":"https:\/\/repliquemangacine.fr\/it\/wp-json\/wp\/v2\/types\/product"}],"wp:featuredmedia":[{"embeddable":true,"href":"https:\/\/repliquemangacine.fr\/it\/wp-json\/wp\/v2\/media\/61113"}],"wp:attachment":[{"href":"https:\/\/repliquemangacine.fr\/it\/wp-json\/wp\/v2\/media?parent=61112"}],"wp:term":[{"taxonomy":"product_brand","embeddable":true,"href":"https:\/\/repliquemangacine.fr\/it\/wp-json\/wp\/v2\/product_brand?post=61112"},{"taxonomy":"product_cat","embeddable":true,"href":"https:\/\/repliquemangacine.fr\/it\/wp-json\/wp\/v2\/product_cat?post=61112"},{"taxonomy":"product_tag","embeddable":true,"href":"https:\/\/repliquemangacine.fr\/it\/wp-json\/wp\/v2\/product_tag?post=61112"}],"curies":[{"name":"wp","href":"https:\/\/api.w.org\/{rel}","templated":true}]}}