





{"id":61090,"date":"2023-06-23T16:10:17","date_gmt":"2023-06-23T14:10:17","guid":{"rendered":"https:\/\/repliquemangacine.fr\/?post_type=product&#038;p=61090"},"modified":"2026-02-06T15:46:40","modified_gmt":"2026-02-06T14:46:40","slug":"sciabola-pirata-1833","status":"publish","type":"product","link":"https:\/\/repliquemangacine.fr\/it\/sabre-dabordage-de-pirate\/sabre-pirate-cutlass-1833\/","title":{"rendered":"Cutlass pirata 1833"},"content":{"rendered":"<h2>Cutlass pirata 1833<\/h2>\n<p>Per cominciare, il <strong>Cutlass pirata 1833<\/strong> o sabre d'abordage \u00e8 un'arma a lama utilizzata in marina. Si tratta di una sorta di sciabola corta con una lama spessa, utilizzata sia come arma che come strumento (per tagliare le corde, ad esempio). \u00c8 nota anche come \u00abcucchiaio da cucina\u00bb.<\/p>\n<p>Una spada da abbordaggio utilizzata dalla marina francese sotto il Primo Impero era soprannominata cuill\u00e8re \u00e0 pot (cucchiaio da pentola) ed era dotata di un guscio a forma di cucchiaio per proteggere la mano.<\/p>\n<p>Questo \u00e8 il significato dell'espressione \u00aben deux coups de cuill\u00e8re \u00e0 pot\u00bb, che significa \u00abrapidamente\u00bb ma anche \u201cviolentemente\u201d o \u201cspeditamente\u201d e deriva dal gergo di marinai, soldati, pirati e corsari che utilizzavano quest'arma.<\/p>\n<h2>La tua spada pirata Cutlass 1833 al miglior prezzo.<\/h2>\n<p>Vi proponiamo un'ampia scelta di riproduzioni di armi storiche.<\/p>\n<p>Innanzitutto,<\/p>\n<ul>\n<li>La riproduzione di <a href=\"https:\/\/repliquemangacine.fr\/it\/pistola-pirata\/pistola-con-ascia-da-pirata-del-xviii-secolo\/\">ascia pistola pirata<\/a> utilizzato nel videogioco Assassin's Creed.<\/li>\n<li>Le <a href=\"https:\/\/repliquemangacine.fr\/it\/pistola-pirata\/pistola-pirata-a-scintilla-del-xviii-secolo\/\">Pistola a scintilla pirata<\/a>una delle armi da fuoco pi\u00f9 utilizzate dai pirati nel XVIII secolo.<\/li>\n<li><a href=\"https:\/\/www.denix.fr\/\" target=\"_blank\" rel=\"noopener noreferrer\">Denix<\/a> ci sorprende ancora con questa piccola borsa da pirata in pelle con il logo dei pirati.<\/li>\n<li>E molti altri da scoprire nel nostro negozio online!<\/li>\n<\/ul>\n<p>Ecco perch\u00e9 \u00e8 un'idea regalo fantastica per tutti gli appassionati di armi storiche.<\/p>\n<p>In conclusione, \u00e8 possibile utilizzare questo <strong>Cutlass pirata 1833<\/strong> per le vostre rievocazioni e ambientazioni storiche. Ma soprattutto, quest'arma \u00e8 un oggetto da collezione e un pezzo decorativo.<\/p>\n<h2>Come faccio a mantenere la lama della mia spada?<\/h2>\n<p>Le spade da collezione e decorative sono realizzate e assemblate in modo semplificato. Poich\u00e9 il loro uso \u00e8 decorativo, non hanno le caratteristiche di sicurezza richieste per una spada giapponese destinata all'allenamento.<\/p>\n<p>Tuttavia, il vostro <strong>Cutlass pirata 1833<\/strong> a una lama d'acciaio che deve essere mantenuta per evitare che si danneggi nel tempo. Quando si espone la spada, gli amici saranno curiosi di vedere la lama e di toccarla. \u00c8 qui che bisogna fare attenzione, perch\u00e9 l'acidit\u00e0 delle dita \u00e8 molto dannosa per l'acciaio, qualunque sia la sua qualit\u00e0.<\/p>\n<p>Tuttavia, se ci\u00f2 accade, non bisogna farsi prendere dal panico: basta usare un panno inumidito con un po' d'olio e cancellare le impronte digitali. In questo modo, la spada durer\u00e0 a lungo.<\/p>","protected":false},"excerpt":{"rendered":"<p>Replica della spada pirata modello 1833<\/p>\n<ul>\n<li>Lama in acciaio<\/li>\n<li>Incisione di un'ancora sulla parte superiore della lama<\/li>\n<li>Protezione della conchiglia (cucchiaino)<\/li>\n<li>Fodero in vera pelle cucito a mano.<\/li>\n<li>Lunghezza lama: 66 cm - Lunghezza totale: 80 cm<\/li>\n<\/ul>","protected":false},"featured_media":61091,"template":"","meta":[],"product_brand":[896],"product_cat":[49,25,115],"product_tag":[],"class_list":{"0":"post-61090","1":"product","2":"type-product","3":"status-publish","4":"has-post-thumbnail","6":"product_brand-replique-manga-cine","7":"product_cat-armes-de-pirates","8":"product_cat-armes-historiques","9":"product_cat-sabre-dabordage-de-pirate","11":"first","12":"instock","13":"taxable","14":"shipping-taxable","15":"purchasable","16":"product-type-simple"},"yoast_head":"<!-- This site is optimized with the Yoast SEO plugin v27.4 - https:\/\/yoast.com\/product\/yoast-seo-wordpress\/ -->\n<title>Sabre Pirate Cutlass 1833 - R\u00e9plique Manga Cin\u00e9<\/title>\n<meta name=\"description\" content=\"D\u00e9couvrez ce Sabre Pirate Cutlass 1833 au meilleur prix. Lame en acier grav\u00e9 d&#039;une ancre de marine. Garde en forme de coquille. Longueur totale : 80 cm\" \/>\n<meta name=\"robots\" content=\"index, follow, max-snippet:-1, max-image-preview:large, max-video-preview:-1\" \/>\n<link rel=\"canonical\" href=\"https:\/\/repliquemangacine.fr\/it\/spada-pirata\/sciabola-pirata-1833\/\" \/>\n<meta property=\"og:locale\" content=\"it_IT\" \/>\n<meta property=\"og:type\" content=\"article\" \/>\n<meta property=\"og:title\" content=\"Sabre Pirate Cutlass 1833 - R\u00e9plique Manga Cin\u00e9\" \/>\n<meta property=\"og:description\" content=\"D\u00e9couvrez ce Sabre Pirate Cutlass 1833 au meilleur prix. Lame en acier grav\u00e9 d&#039;une ancre de marine. Garde en forme de coquille. Longueur totale : 80 cm\" \/>\n<meta property=\"og:url\" content=\"https:\/\/repliquemangacine.fr\/it\/spada-pirata\/sciabola-pirata-1833\/\" \/>\n<meta property=\"og:site_name\" content=\"R\u00e9plique Manga Cin\u00e9\" \/>\n<meta property=\"article:publisher\" content=\"https:\/\/www.facebook.com\/RepliqueMangaCine\" \/>\n<meta property=\"article:modified_time\" content=\"2026-02-06T14:46:40+00:00\" \/>\n<meta property=\"og:image\" content=\"https:\/\/repliquemangacine.fr\/wp-content\/uploads\/2023\/10\/sabre-pirate-2.jpg\" \/>\n\t<meta property=\"og:image:width\" content=\"500\" \/>\n\t<meta property=\"og:image:height\" content=\"500\" \/>\n\t<meta property=\"og:image:type\" content=\"image\/jpeg\" \/>\n<meta name=\"twitter:card\" content=\"summary_large_image\" \/>\n<meta name=\"twitter:label1\" content=\"Tempo di lettura stimato\" \/>\n\t<meta name=\"twitter:data1\" content=\"3 minuti\" \/>\n<script type=\"application\/ld+json\" class=\"yoast-schema-graph\">{\"@context\":\"https:\\\/\\\/schema.org\",\"@graph\":[{\"@type\":\"WebPage\",\"@id\":\"https:\\\/\\\/repliquemangacine.fr\\\/sabre-dabordage-de-pirate\\\/sabre-pirate-cutlass-1833\\\/\",\"url\":\"https:\\\/\\\/repliquemangacine.fr\\\/sabre-dabordage-de-pirate\\\/sabre-pirate-cutlass-1833\\\/\",\"name\":\"Sabre Pirate Cutlass 1833 - R\u00e9plique Manga Cin\u00e9\",\"isPartOf\":{\"@id\":\"https:\\\/\\\/repliquemangacine.fr\\\/#website\"},\"primaryImageOfPage\":{\"@id\":\"https:\\\/\\\/repliquemangacine.fr\\\/sabre-dabordage-de-pirate\\\/sabre-pirate-cutlass-1833\\\/#primaryimage\"},\"image\":{\"@id\":\"https:\\\/\\\/repliquemangacine.fr\\\/sabre-dabordage-de-pirate\\\/sabre-pirate-cutlass-1833\\\/#primaryimage\"},\"thumbnailUrl\":\"https:\\\/\\\/repliquemangacine.fr\\\/wp-content\\\/uploads\\\/2023\\\/10\\\/sabre-pirate-2.jpg\",\"datePublished\":\"2023-06-23T14:10:17+00:00\",\"dateModified\":\"2026-02-06T14:46:40+00:00\",\"description\":\"D\u00e9couvrez ce Sabre Pirate Cutlass 1833 au meilleur prix. Lame en acier grav\u00e9 d'une ancre de marine. Garde en forme de coquille. Longueur totale : 80 cm\",\"breadcrumb\":{\"@id\":\"https:\\\/\\\/repliquemangacine.fr\\\/sabre-dabordage-de-pirate\\\/sabre-pirate-cutlass-1833\\\/#breadcrumb\"},\"inLanguage\":\"it-IT\",\"potentialAction\":[{\"@type\":\"ReadAction\",\"target\":[\"https:\\\/\\\/repliquemangacine.fr\\\/sabre-dabordage-de-pirate\\\/sabre-pirate-cutlass-1833\\\/\"]}]},{\"@type\":\"ImageObject\",\"inLanguage\":\"it-IT\",\"@id\":\"https:\\\/\\\/repliquemangacine.fr\\\/sabre-dabordage-de-pirate\\\/sabre-pirate-cutlass-1833\\\/#primaryimage\",\"url\":\"https:\\\/\\\/repliquemangacine.fr\\\/wp-content\\\/uploads\\\/2023\\\/10\\\/sabre-pirate-2.jpg\",\"contentUrl\":\"https:\\\/\\\/repliquemangacine.fr\\\/wp-content\\\/uploads\\\/2023\\\/10\\\/sabre-pirate-2.jpg\",\"width\":500,\"height\":500,\"caption\":\"Sabre Pirate Cutlass 1833\"},{\"@type\":\"BreadcrumbList\",\"@id\":\"https:\\\/\\\/repliquemangacine.fr\\\/sabre-dabordage-de-pirate\\\/sabre-pirate-cutlass-1833\\\/#breadcrumb\",\"itemListElement\":[{\"@type\":\"ListItem\",\"position\":1,\"name\":\"Accueil\",\"item\":\"https:\\\/\\\/repliquemangacine.fr\\\/\"},{\"@type\":\"ListItem\",\"position\":2,\"name\":\"Produits\",\"item\":\"https:\\\/\\\/repliquemangacine.fr\\\/boutique\\\/\"},{\"@type\":\"ListItem\",\"position\":3,\"name\":\"Sabre Pirate Cutlass 1833\"}]},{\"@type\":\"WebSite\",\"@id\":\"https:\\\/\\\/repliquemangacine.fr\\\/#website\",\"url\":\"https:\\\/\\\/repliquemangacine.fr\\\/\",\"name\":\"R\u00e9plique Manga Cin\u00e9\",\"description\":\"\",\"publisher\":{\"@id\":\"https:\\\/\\\/repliquemangacine.fr\\\/#organization\"},\"potentialAction\":[{\"@type\":\"SearchAction\",\"target\":{\"@type\":\"EntryPoint\",\"urlTemplate\":\"https:\\\/\\\/repliquemangacine.fr\\\/?s={search_term_string}\"},\"query-input\":{\"@type\":\"PropertyValueSpecification\",\"valueRequired\":true,\"valueName\":\"search_term_string\"}}],\"inLanguage\":\"it-IT\"},{\"@type\":\"Organization\",\"@id\":\"https:\\\/\\\/repliquemangacine.fr\\\/#organization\",\"name\":\"R\u00e9plique Manga Cin\u00e9\",\"url\":\"https:\\\/\\\/repliquemangacine.fr\\\/\",\"logo\":{\"@type\":\"ImageObject\",\"inLanguage\":\"it-IT\",\"@id\":\"https:\\\/\\\/repliquemangacine.fr\\\/#\\\/schema\\\/logo\\\/image\\\/\",\"url\":\"https:\\\/\\\/repliquemangacine.fr\\\/wp-content\\\/uploads\\\/2023\\\/10\\\/RMC-500250.png\",\"contentUrl\":\"https:\\\/\\\/repliquemangacine.fr\\\/wp-content\\\/uploads\\\/2023\\\/10\\\/RMC-500250.png\",\"width\":500,\"height\":250,\"caption\":\"R\u00e9plique Manga Cin\u00e9\"},\"image\":{\"@id\":\"https:\\\/\\\/repliquemangacine.fr\\\/#\\\/schema\\\/logo\\\/image\\\/\"},\"sameAs\":[\"https:\\\/\\\/www.facebook.com\\\/RepliqueMangaCine\",\"https:\\\/\\\/www.instagram.com\\\/repliquemangacine.fr\\\/\"]}]}<\/script>\n<!-- \/ Yoast SEO plugin. -->","yoast_head_json":{"title":"Cutlass pirata 1833 - R\u00e9plique Manga Cin\u00e9","description":"Scoprite questa spada pirata Cutlass 1833 al miglior prezzo. Lama in acciaio con incisa un'ancora navale. Guardia a forma di conchiglia. Lunghezza totale: 80 cm","robots":{"index":"index","follow":"follow","max-snippet":"max-snippet:-1","max-image-preview":"max-image-preview:large","max-video-preview":"max-video-preview:-1"},"canonical":"https:\/\/repliquemangacine.fr\/it\/spada-pirata\/sciabola-pirata-1833\/","og_locale":"it_IT","og_type":"article","og_title":"Sabre Pirate Cutlass 1833 - R\u00e9plique Manga Cin\u00e9","og_description":"D\u00e9couvrez ce Sabre Pirate Cutlass 1833 au meilleur prix. Lame en acier grav\u00e9 d'une ancre de marine. Garde en forme de coquille. Longueur totale : 80 cm","og_url":"https:\/\/repliquemangacine.fr\/it\/spada-pirata\/sciabola-pirata-1833\/","og_site_name":"R\u00e9plique Manga Cin\u00e9","article_publisher":"https:\/\/www.facebook.com\/RepliqueMangaCine","article_modified_time":"2026-02-06T14:46:40+00:00","og_image":[{"width":500,"height":500,"url":"https:\/\/repliquemangacine.fr\/wp-content\/uploads\/2023\/10\/sabre-pirate-2.jpg","type":"image\/jpeg"}],"twitter_card":"summary_large_image","twitter_misc":{"Tempo di lettura stimato":"3 minuti"},"schema":{"@context":"https:\/\/schema.org","@graph":[{"@type":"WebPage","@id":"https:\/\/repliquemangacine.fr\/sabre-dabordage-de-pirate\/sabre-pirate-cutlass-1833\/","url":"https:\/\/repliquemangacine.fr\/sabre-dabordage-de-pirate\/sabre-pirate-cutlass-1833\/","name":"Cutlass pirata 1833 - R\u00e9plique Manga Cin\u00e9","isPartOf":{"@id":"https:\/\/repliquemangacine.fr\/#website"},"primaryImageOfPage":{"@id":"https:\/\/repliquemangacine.fr\/sabre-dabordage-de-pirate\/sabre-pirate-cutlass-1833\/#primaryimage"},"image":{"@id":"https:\/\/repliquemangacine.fr\/sabre-dabordage-de-pirate\/sabre-pirate-cutlass-1833\/#primaryimage"},"thumbnailUrl":"https:\/\/repliquemangacine.fr\/wp-content\/uploads\/2023\/10\/sabre-pirate-2.jpg","datePublished":"2023-06-23T14:10:17+00:00","dateModified":"2026-02-06T14:46:40+00:00","description":"Scoprite questa spada pirata Cutlass 1833 al miglior prezzo. Lama in acciaio con incisa un'ancora navale. Guardia a forma di conchiglia. Lunghezza totale: 80 cm","breadcrumb":{"@id":"https:\/\/repliquemangacine.fr\/sabre-dabordage-de-pirate\/sabre-pirate-cutlass-1833\/#breadcrumb"},"inLanguage":"it-IT","potentialAction":[{"@type":"ReadAction","target":["https:\/\/repliquemangacine.fr\/sabre-dabordage-de-pirate\/sabre-pirate-cutlass-1833\/"]}]},{"@type":"ImageObject","inLanguage":"it-IT","@id":"https:\/\/repliquemangacine.fr\/sabre-dabordage-de-pirate\/sabre-pirate-cutlass-1833\/#primaryimage","url":"https:\/\/repliquemangacine.fr\/wp-content\/uploads\/2023\/10\/sabre-pirate-2.jpg","contentUrl":"https:\/\/repliquemangacine.fr\/wp-content\/uploads\/2023\/10\/sabre-pirate-2.jpg","width":500,"height":500,"caption":"Sabre Pirate Cutlass 1833"},{"@type":"BreadcrumbList","@id":"https:\/\/repliquemangacine.fr\/sabre-dabordage-de-pirate\/sabre-pirate-cutlass-1833\/#breadcrumb","itemListElement":[{"@type":"ListItem","position":1,"name":"Accueil","item":"https:\/\/repliquemangacine.fr\/"},{"@type":"ListItem","position":2,"name":"Produits","item":"https:\/\/repliquemangacine.fr\/boutique\/"},{"@type":"ListItem","position":3,"name":"Sabre Pirate Cutlass 1833"}]},{"@type":"WebSite","@id":"https:\/\/repliquemangacine.fr\/#website","url":"https:\/\/repliquemangacine.fr\/","name":"R\u00e9plique Manga Cin\u00e9","description":"","publisher":{"@id":"https:\/\/repliquemangacine.fr\/#organization"},"potentialAction":[{"@type":"SearchAction","target":{"@type":"EntryPoint","urlTemplate":"https:\/\/repliquemangacine.fr\/?s={search_term_string}"},"query-input":{"@type":"PropertyValueSpecification","valueRequired":true,"valueName":"search_term_string"}}],"inLanguage":"it-IT"},{"@type":"Organization","@id":"https:\/\/repliquemangacine.fr\/#organization","name":"R\u00e9plique Manga Cin\u00e9","url":"https:\/\/repliquemangacine.fr\/","logo":{"@type":"ImageObject","inLanguage":"it-IT","@id":"https:\/\/repliquemangacine.fr\/#\/schema\/logo\/image\/","url":"https:\/\/repliquemangacine.fr\/wp-content\/uploads\/2023\/10\/RMC-500250.png","contentUrl":"https:\/\/repliquemangacine.fr\/wp-content\/uploads\/2023\/10\/RMC-500250.png","width":500,"height":250,"caption":"R\u00e9plique Manga Cin\u00e9"},"image":{"@id":"https:\/\/repliquemangacine.fr\/#\/schema\/logo\/image\/"},"sameAs":["https:\/\/www.facebook.com\/RepliqueMangaCine","https:\/\/www.instagram.com\/repliquemangacine.fr\/"]}]}},"_links":{"self":[{"href":"https:\/\/repliquemangacine.fr\/it\/wp-json\/wp\/v2\/product\/61090","targetHints":{"allow":["GET"]}}],"collection":[{"href":"https:\/\/repliquemangacine.fr\/it\/wp-json\/wp\/v2\/product"}],"about":[{"href":"https:\/\/repliquemangacine.fr\/it\/wp-json\/wp\/v2\/types\/product"}],"wp:featuredmedia":[{"embeddable":true,"href":"https:\/\/repliquemangacine.fr\/it\/wp-json\/wp\/v2\/media\/61091"}],"wp:attachment":[{"href":"https:\/\/repliquemangacine.fr\/it\/wp-json\/wp\/v2\/media?parent=61090"}],"wp:term":[{"taxonomy":"product_brand","embeddable":true,"href":"https:\/\/repliquemangacine.fr\/it\/wp-json\/wp\/v2\/product_brand?post=61090"},{"taxonomy":"product_cat","embeddable":true,"href":"https:\/\/repliquemangacine.fr\/it\/wp-json\/wp\/v2\/product_cat?post=61090"},{"taxonomy":"product_tag","embeddable":true,"href":"https:\/\/repliquemangacine.fr\/it\/wp-json\/wp\/v2\/product_tag?post=61090"}],"curies":[{"name":"wp","href":"https:\/\/api.w.org\/{rel}","templated":true}]}}