





{"id":61005,"date":"2023-06-19T11:53:28","date_gmt":"2023-06-19T09:53:28","guid":{"rendered":"https:\/\/repliquemangacine.fr\/?post_type=product&#038;p=61005"},"modified":"2026-02-06T15:46:58","modified_gmt":"2026-02-06T14:46:58","slug":"granata-m24-purea-di-stampa","status":"publish","type":"product","link":"https:\/\/repliquemangacine.fr\/it\/armes-accessoires-guerre-mondiale\/grenade-m24-presse-puree\/","title":{"rendered":"Granata M24 Schiacciapatate"},"content":{"rendered":"<h2>Granata M24 Schiacciapatate - Denix<\/h2>\n<p>Per cominciare, il <strong>Granata M24 Schiacciapatate<\/strong> o, in tedesco, Stielhandgranate 24, era una bomba a mano di progettazione tedesca della Seconda Guerra Mondiale, basata su modelli sviluppati durante la Prima. Soprannominata \u00abschiacciapatate\u00bb per analogia con l'utensile da cucina. Il termine \"bomba a mano\" \u00e8 stato utilizzato per descrivere i vari modelli prodotti tra il 1915 e il 1945.<\/p>\n<p>Costituito da un manico di legno cavo, all'estremit\u00e0 del quale \u00e8 fissato un carico esplosivo. Meccanismo di innesco azionato da una cordicella situata nel manico, chiuso da un tappo di sicurezza avvitato.<\/p>\n<p>Sebbene contenga la stessa carica esplosiva del modello del 1915, la nuova granata a manico progettata durante la Repubblica di Weimar ha dimensioni leggermente pi\u00f9 ridotte.<\/p>\n<h2>Il tuo schiacciapatate Grenade M24 al miglior prezzo<\/h2>\n<p>Vi proponiamo un'ampia scelta di riproduzioni di armi storiche.<\/p>\n<p>Innanzitutto,<\/p>\n<ul>\n<li>Una riproduzione a grandezza naturale del <a href=\"https:\/\/repliquemangacine.fr\/it\/pugnali-e-accessori-seconda-guerra-mondiale\/elmetto-da-paracadutista-tedesco\/\">Elmetto da paracadutista tedesco<\/a>.<\/li>\n<li>C'\u00e8 anche il <a href=\"https:\/\/repliquemangacine.fr\/it\/armi-storiche\/melograno-ananas-usa-1918\/\">Granata a mano MK2<\/a> o Ananas Melograno.<\/li>\n<li>Cos\u00ec come il <a href=\"https:\/\/repliquemangacine.fr\/it\/pugnali-e-accessori-seconda-guerra-mondiale\/coltello-della-gioventu-hitleriana-hitlerjugend\/\">Coltello Hitlerjugend<\/a> (Giovent\u00f9 hitleriana) adottata nel 1933 fino al 1942.<\/li>\n<li>E molti altri da scoprire nel nostro negozio online!<\/li>\n<\/ul>\n<p>Ecco perch\u00e9 questa \u00e8 un'ottima idea regalo per tutti gli amanti delle armi storiche.<\/p>\n<p>\u00c8 possibile utilizzare questo <strong>Granata M24 Schiacciapatate<\/strong> per le vostre rievocazioni storiche. Ma soprattutto, quest'arma \u00e8 un oggetto da collezione e un pezzo decorativo.<\/p>\n<p>R\u00e9plique Manga Cin\u00e9 \u00e8 un'azienda francese e distributore ufficiale del marchio <a href=\"https:\/\/www.denix.fr\/fr\/catalogue\/guerres-mondiales-1914-1945\/grenades-a-main\/737-v\/\" target=\"_blank\" rel=\"noopener noreferrer\">Denix<\/a>.<\/p>\n<h2>Come vengono realizzate le repliche del Denix?<\/h2>\n<p>Utilizzate in rievocazioni storiche, film, serie e dai collezionisti. Le riproduzioni Denix sono realizzate con materiali di alta qualit\u00e0. Sono accuratamente lavorate e assemblate per creare armi realistiche da collezione.<\/p>\n<ul>\n<li>I metalli sono in una lega metallica nota come Zamac, la cui composizione di base \u00e8 zinco in 95%.<\/li>\n<li>Le parti in plastica delle repliche sono realizzate in ABS stampato, che offre una grande resistenza.<\/li>\n<li>Il legno scelto per la sua bellezza e durata, come il mogano, l'ulivo o il noce, conferir\u00e0 ai mozziconi e alle botti un aspetto elegante e autentico.<\/li>\n<\/ul>\n<p>Si noti che tutte le riproduzioni Denix sono identiche agli originali, come il vostro <strong>Granata M24 Schiacciapatate<\/strong>.<\/p>","protected":false},"excerpt":{"rendered":"<p>Riproduzione della granata tedesca Modello 24, soprannominata schiacciapatate, della Seconda Guerra Mondiale\u1d49.<\/p>\n<ul>\n<li>Testa in metallo con scritta in tedesco \"Vor Gebrauch Sprengkapsel Einsetzen\".<\/li>\n<li>Manico in legno naturale.<\/li>\n<li>Dimensioni: 35 cm - Peso: 543 grammi<\/li>\n<\/ul>","protected":false},"featured_media":61006,"template":"","meta":[],"product_brand":[896],"product_cat":[25,54,85,76],"product_tag":[],"class_list":{"0":"post-61005","1":"product","2":"type-product","3":"status-publish","4":"has-post-thumbnail","6":"product_brand-replique-manga-cine","7":"product_cat-armes-historiques","8":"product_cat-armes-accessoires-guerre-mondiale","9":"product_cat-dagues-et-accessoires-seconde-guerre-mondiale-materiels-militaria","10":"product_cat-reproductions-armes-seconde-guerre-mondiale-denix","12":"first","13":"instock","14":"taxable","15":"shipping-taxable","16":"purchasable","17":"product-type-simple"},"yoast_head":"<!-- This site is optimized with the Yoast SEO plugin v27.4 - https:\/\/yoast.com\/product\/yoast-seo-wordpress\/ -->\n<title>Grenade M24 Presse-Pur\u00e9e - Accessoires Militaria Denix - RMC<\/title>\n<meta name=\"description\" content=\"Retrouvez cette Grenade M24 Presse-Pur\u00e9e de la marque Denix au meilleur prix - T\u00eate en m\u00e9tal avec gravure allemande - Manche en bois - Longueur : 35 cm\" \/>\n<meta name=\"robots\" content=\"index, follow, max-snippet:-1, max-image-preview:large, max-video-preview:-1\" \/>\n<link rel=\"canonical\" href=\"https:\/\/repliquemangacine.fr\/it\/armi-accessorie-guerra-mondiale\/granata-m24-purea-di-stampa\/\" \/>\n<meta property=\"og:locale\" content=\"it_IT\" \/>\n<meta property=\"og:type\" content=\"article\" \/>\n<meta property=\"og:title\" content=\"Grenade M24 Presse-Pur\u00e9e - Accessoires Militaria Denix - RMC\" \/>\n<meta property=\"og:description\" content=\"Retrouvez cette Grenade M24 Presse-Pur\u00e9e de la marque Denix au meilleur prix - T\u00eate en m\u00e9tal avec gravure allemande - Manche en bois - Longueur : 35 cm\" \/>\n<meta property=\"og:url\" content=\"https:\/\/repliquemangacine.fr\/it\/armi-accessorie-guerra-mondiale\/granata-m24-purea-di-stampa\/\" \/>\n<meta property=\"og:site_name\" content=\"R\u00e9plique Manga Cin\u00e9\" \/>\n<meta property=\"article:publisher\" content=\"https:\/\/www.facebook.com\/RepliqueMangaCine\" \/>\n<meta property=\"article:modified_time\" content=\"2026-02-06T14:46:58+00:00\" \/>\n<meta property=\"og:image\" content=\"https:\/\/repliquemangacine.fr\/wp-content\/uploads\/2023\/10\/grenade-allemande.jpg\" \/>\n\t<meta property=\"og:image:width\" content=\"500\" \/>\n\t<meta property=\"og:image:height\" content=\"500\" \/>\n\t<meta property=\"og:image:type\" content=\"image\/jpeg\" \/>\n<meta name=\"twitter:card\" content=\"summary_large_image\" \/>\n<meta name=\"twitter:label1\" content=\"Tempo di lettura stimato\" \/>\n\t<meta name=\"twitter:data1\" content=\"3 minuti\" \/>\n<script type=\"application\/ld+json\" class=\"yoast-schema-graph\">{\"@context\":\"https:\\\/\\\/schema.org\",\"@graph\":[{\"@type\":\"WebPage\",\"@id\":\"https:\\\/\\\/repliquemangacine.fr\\\/armes-accessoires-guerre-mondiale\\\/grenade-m24-presse-puree\\\/\",\"url\":\"https:\\\/\\\/repliquemangacine.fr\\\/armes-accessoires-guerre-mondiale\\\/grenade-m24-presse-puree\\\/\",\"name\":\"Grenade M24 Presse-Pur\u00e9e - Accessoires Militaria Denix - RMC\",\"isPartOf\":{\"@id\":\"https:\\\/\\\/repliquemangacine.fr\\\/#website\"},\"primaryImageOfPage\":{\"@id\":\"https:\\\/\\\/repliquemangacine.fr\\\/armes-accessoires-guerre-mondiale\\\/grenade-m24-presse-puree\\\/#primaryimage\"},\"image\":{\"@id\":\"https:\\\/\\\/repliquemangacine.fr\\\/armes-accessoires-guerre-mondiale\\\/grenade-m24-presse-puree\\\/#primaryimage\"},\"thumbnailUrl\":\"https:\\\/\\\/repliquemangacine.fr\\\/wp-content\\\/uploads\\\/2023\\\/10\\\/grenade-allemande.jpg\",\"datePublished\":\"2023-06-19T09:53:28+00:00\",\"dateModified\":\"2026-02-06T14:46:58+00:00\",\"description\":\"Retrouvez cette Grenade M24 Presse-Pur\u00e9e de la marque Denix au meilleur prix - T\u00eate en m\u00e9tal avec gravure allemande - Manche en bois - Longueur : 35 cm\",\"breadcrumb\":{\"@id\":\"https:\\\/\\\/repliquemangacine.fr\\\/armes-accessoires-guerre-mondiale\\\/grenade-m24-presse-puree\\\/#breadcrumb\"},\"inLanguage\":\"it-IT\",\"potentialAction\":[{\"@type\":\"ReadAction\",\"target\":[\"https:\\\/\\\/repliquemangacine.fr\\\/armes-accessoires-guerre-mondiale\\\/grenade-m24-presse-puree\\\/\"]}]},{\"@type\":\"ImageObject\",\"inLanguage\":\"it-IT\",\"@id\":\"https:\\\/\\\/repliquemangacine.fr\\\/armes-accessoires-guerre-mondiale\\\/grenade-m24-presse-puree\\\/#primaryimage\",\"url\":\"https:\\\/\\\/repliquemangacine.fr\\\/wp-content\\\/uploads\\\/2023\\\/10\\\/grenade-allemande.jpg\",\"contentUrl\":\"https:\\\/\\\/repliquemangacine.fr\\\/wp-content\\\/uploads\\\/2023\\\/10\\\/grenade-allemande.jpg\",\"width\":500,\"height\":500,\"caption\":\"Grenade M24 Presse-Pur\u00e9e\"},{\"@type\":\"BreadcrumbList\",\"@id\":\"https:\\\/\\\/repliquemangacine.fr\\\/armes-accessoires-guerre-mondiale\\\/grenade-m24-presse-puree\\\/#breadcrumb\",\"itemListElement\":[{\"@type\":\"ListItem\",\"position\":1,\"name\":\"Accueil\",\"item\":\"https:\\\/\\\/repliquemangacine.fr\\\/\"},{\"@type\":\"ListItem\",\"position\":2,\"name\":\"Produits\",\"item\":\"https:\\\/\\\/repliquemangacine.fr\\\/boutique\\\/\"},{\"@type\":\"ListItem\",\"position\":3,\"name\":\"Grenade M24 Presse-Pur\u00e9e\"}]},{\"@type\":\"WebSite\",\"@id\":\"https:\\\/\\\/repliquemangacine.fr\\\/#website\",\"url\":\"https:\\\/\\\/repliquemangacine.fr\\\/\",\"name\":\"R\u00e9plique Manga Cin\u00e9\",\"description\":\"\",\"publisher\":{\"@id\":\"https:\\\/\\\/repliquemangacine.fr\\\/#organization\"},\"potentialAction\":[{\"@type\":\"SearchAction\",\"target\":{\"@type\":\"EntryPoint\",\"urlTemplate\":\"https:\\\/\\\/repliquemangacine.fr\\\/?s={search_term_string}\"},\"query-input\":{\"@type\":\"PropertyValueSpecification\",\"valueRequired\":true,\"valueName\":\"search_term_string\"}}],\"inLanguage\":\"it-IT\"},{\"@type\":\"Organization\",\"@id\":\"https:\\\/\\\/repliquemangacine.fr\\\/#organization\",\"name\":\"R\u00e9plique Manga Cin\u00e9\",\"url\":\"https:\\\/\\\/repliquemangacine.fr\\\/\",\"logo\":{\"@type\":\"ImageObject\",\"inLanguage\":\"it-IT\",\"@id\":\"https:\\\/\\\/repliquemangacine.fr\\\/#\\\/schema\\\/logo\\\/image\\\/\",\"url\":\"https:\\\/\\\/repliquemangacine.fr\\\/wp-content\\\/uploads\\\/2023\\\/10\\\/RMC-500250.png\",\"contentUrl\":\"https:\\\/\\\/repliquemangacine.fr\\\/wp-content\\\/uploads\\\/2023\\\/10\\\/RMC-500250.png\",\"width\":500,\"height\":250,\"caption\":\"R\u00e9plique Manga Cin\u00e9\"},\"image\":{\"@id\":\"https:\\\/\\\/repliquemangacine.fr\\\/#\\\/schema\\\/logo\\\/image\\\/\"},\"sameAs\":[\"https:\\\/\\\/www.facebook.com\\\/RepliqueMangaCine\",\"https:\\\/\\\/www.instagram.com\\\/repliquemangacine.fr\\\/\"]}]}<\/script>\n<!-- \/ Yoast SEO plugin. -->","yoast_head_json":{"title":"Granata M24 a pressione - Accessori Denix Militaria - RMC","description":"Trova i migliori prezzi per questo schiacciapatate Denix Grenade M24 - Testa in metallo con incisione tedesca - Manico in legno - Lunghezza: 35 cm","robots":{"index":"index","follow":"follow","max-snippet":"max-snippet:-1","max-image-preview":"max-image-preview:large","max-video-preview":"max-video-preview:-1"},"canonical":"https:\/\/repliquemangacine.fr\/it\/armi-accessorie-guerra-mondiale\/granata-m24-purea-di-stampa\/","og_locale":"it_IT","og_type":"article","og_title":"Grenade M24 Presse-Pur\u00e9e - Accessoires Militaria Denix - RMC","og_description":"Retrouvez cette Grenade M24 Presse-Pur\u00e9e de la marque Denix au meilleur prix - T\u00eate en m\u00e9tal avec gravure allemande - Manche en bois - Longueur : 35 cm","og_url":"https:\/\/repliquemangacine.fr\/it\/armi-accessorie-guerra-mondiale\/granata-m24-purea-di-stampa\/","og_site_name":"R\u00e9plique Manga Cin\u00e9","article_publisher":"https:\/\/www.facebook.com\/RepliqueMangaCine","article_modified_time":"2026-02-06T14:46:58+00:00","og_image":[{"width":500,"height":500,"url":"https:\/\/repliquemangacine.fr\/wp-content\/uploads\/2023\/10\/grenade-allemande.jpg","type":"image\/jpeg"}],"twitter_card":"summary_large_image","twitter_misc":{"Tempo di lettura stimato":"3 minuti"},"schema":{"@context":"https:\/\/schema.org","@graph":[{"@type":"WebPage","@id":"https:\/\/repliquemangacine.fr\/armes-accessoires-guerre-mondiale\/grenade-m24-presse-puree\/","url":"https:\/\/repliquemangacine.fr\/armes-accessoires-guerre-mondiale\/grenade-m24-presse-puree\/","name":"Granata M24 a pressione - Accessori Denix Militaria - RMC","isPartOf":{"@id":"https:\/\/repliquemangacine.fr\/#website"},"primaryImageOfPage":{"@id":"https:\/\/repliquemangacine.fr\/armes-accessoires-guerre-mondiale\/grenade-m24-presse-puree\/#primaryimage"},"image":{"@id":"https:\/\/repliquemangacine.fr\/armes-accessoires-guerre-mondiale\/grenade-m24-presse-puree\/#primaryimage"},"thumbnailUrl":"https:\/\/repliquemangacine.fr\/wp-content\/uploads\/2023\/10\/grenade-allemande.jpg","datePublished":"2023-06-19T09:53:28+00:00","dateModified":"2026-02-06T14:46:58+00:00","description":"Trova i migliori prezzi per questo schiacciapatate Denix Grenade M24 - Testa in metallo con incisione tedesca - Manico in legno - Lunghezza: 35 cm","breadcrumb":{"@id":"https:\/\/repliquemangacine.fr\/armes-accessoires-guerre-mondiale\/grenade-m24-presse-puree\/#breadcrumb"},"inLanguage":"it-IT","potentialAction":[{"@type":"ReadAction","target":["https:\/\/repliquemangacine.fr\/armes-accessoires-guerre-mondiale\/grenade-m24-presse-puree\/"]}]},{"@type":"ImageObject","inLanguage":"it-IT","@id":"https:\/\/repliquemangacine.fr\/armes-accessoires-guerre-mondiale\/grenade-m24-presse-puree\/#primaryimage","url":"https:\/\/repliquemangacine.fr\/wp-content\/uploads\/2023\/10\/grenade-allemande.jpg","contentUrl":"https:\/\/repliquemangacine.fr\/wp-content\/uploads\/2023\/10\/grenade-allemande.jpg","width":500,"height":500,"caption":"Grenade M24 Presse-Pur\u00e9e"},{"@type":"BreadcrumbList","@id":"https:\/\/repliquemangacine.fr\/armes-accessoires-guerre-mondiale\/grenade-m24-presse-puree\/#breadcrumb","itemListElement":[{"@type":"ListItem","position":1,"name":"Accueil","item":"https:\/\/repliquemangacine.fr\/"},{"@type":"ListItem","position":2,"name":"Produits","item":"https:\/\/repliquemangacine.fr\/boutique\/"},{"@type":"ListItem","position":3,"name":"Grenade M24 Presse-Pur\u00e9e"}]},{"@type":"WebSite","@id":"https:\/\/repliquemangacine.fr\/#website","url":"https:\/\/repliquemangacine.fr\/","name":"R\u00e9plique Manga Cin\u00e9","description":"","publisher":{"@id":"https:\/\/repliquemangacine.fr\/#organization"},"potentialAction":[{"@type":"SearchAction","target":{"@type":"EntryPoint","urlTemplate":"https:\/\/repliquemangacine.fr\/?s={search_term_string}"},"query-input":{"@type":"PropertyValueSpecification","valueRequired":true,"valueName":"search_term_string"}}],"inLanguage":"it-IT"},{"@type":"Organization","@id":"https:\/\/repliquemangacine.fr\/#organization","name":"R\u00e9plique Manga Cin\u00e9","url":"https:\/\/repliquemangacine.fr\/","logo":{"@type":"ImageObject","inLanguage":"it-IT","@id":"https:\/\/repliquemangacine.fr\/#\/schema\/logo\/image\/","url":"https:\/\/repliquemangacine.fr\/wp-content\/uploads\/2023\/10\/RMC-500250.png","contentUrl":"https:\/\/repliquemangacine.fr\/wp-content\/uploads\/2023\/10\/RMC-500250.png","width":500,"height":250,"caption":"R\u00e9plique Manga Cin\u00e9"},"image":{"@id":"https:\/\/repliquemangacine.fr\/#\/schema\/logo\/image\/"},"sameAs":["https:\/\/www.facebook.com\/RepliqueMangaCine","https:\/\/www.instagram.com\/repliquemangacine.fr\/"]}]}},"_links":{"self":[{"href":"https:\/\/repliquemangacine.fr\/it\/wp-json\/wp\/v2\/product\/61005","targetHints":{"allow":["GET"]}}],"collection":[{"href":"https:\/\/repliquemangacine.fr\/it\/wp-json\/wp\/v2\/product"}],"about":[{"href":"https:\/\/repliquemangacine.fr\/it\/wp-json\/wp\/v2\/types\/product"}],"wp:featuredmedia":[{"embeddable":true,"href":"https:\/\/repliquemangacine.fr\/it\/wp-json\/wp\/v2\/media\/61006"}],"wp:attachment":[{"href":"https:\/\/repliquemangacine.fr\/it\/wp-json\/wp\/v2\/media?parent=61005"}],"wp:term":[{"taxonomy":"product_brand","embeddable":true,"href":"https:\/\/repliquemangacine.fr\/it\/wp-json\/wp\/v2\/product_brand?post=61005"},{"taxonomy":"product_cat","embeddable":true,"href":"https:\/\/repliquemangacine.fr\/it\/wp-json\/wp\/v2\/product_cat?post=61005"},{"taxonomy":"product_tag","embeddable":true,"href":"https:\/\/repliquemangacine.fr\/it\/wp-json\/wp\/v2\/product_tag?post=61005"}],"curies":[{"name":"wp","href":"https:\/\/api.w.org\/{rel}","templated":true}]}}