





{"id":60966,"date":"2023-06-17T18:10:09","date_gmt":"2023-06-17T16:10:09","guid":{"rendered":"https:\/\/repliquemangacine.fr\/?post_type=product&#038;p=60966"},"modified":"2026-01-15T16:04:01","modified_gmt":"2026-01-15T15:04:01","slug":"figurina-di-harry-potter-dobby","status":"publish","type":"product","link":"https:\/\/repliquemangacine.fr\/it\/collectors-et-goodies-harry-potter\/figurine-dobby-harry-potter\/","title":{"rendered":"Figura di Dobby Harry Potter"},"content":{"rendered":"<h2>Dobby Harry Potter action figure - Creature magiche<\/h2>\n<p>Per cominciare, il <strong>Figura di Dobby Harry Potter<\/strong>fa parte della collezione di creature magiche di Harry Potter ed \u00e8 il N\u00b02 distribuito da <a href=\"https:\/\/noblecollection.fr\/creatures-magiques-dobby-figurines-harry-potter-p-5363.html\">Collezione nobile<\/a>.<\/p>\n<p>Dobby \u00e8 un elfo domestico costretto a servire la famiglia Malfoy. \u00c8 vestito con una federa, perch\u00e9 questo \u00e8 il segno distintivo degli elfi domestici. Sogna la libert\u00e0. Ora \u00e8 un amico di Harry e far\u00e0 di tutto per proteggere lui e i suoi amici, anche a rischio della propria vita.<\/p>\n<p>Testardo e subdolo, ma soprattutto con un grande cuore. Impegnato per la libert\u00e0 del suo popolo, fa tutto il possibile per ottenerla.<\/p>\n<p>Dobby salva Harry e i suoi amici, rinchiusi nella cantina di Malfoy Manor, trapiantandoli.<\/p>\n<h2>La tua statuetta di Harry Potter Dobby al miglior prezzo!<\/h2>\n<p>Offriamo un'ampia gamma di articoli da collezione e prodotti ufficiali di Harry Potter della Noble Collection.<\/p>\n<p>Innanzitutto,<\/p>\n<ul>\n<li>Il famoso <a href=\"https:\/\/repliquemangacine.fr\/it\/collezionisti-di-harry-potter-e-chicche\/medaglione-serpentard-salazar\/\">Medaglione Serpeverde Salazar<\/a> nella sua scatola di esposizione.<\/li>\n<li>Cos\u00ec come il <a href=\"https:\/\/repliquemangacine.fr\/it\/collezionisti-di-harry-potter-e-chicche\/cappello-interattivo-di-harry-potter\/\">selezione interattiva<\/a> per il divertimento di tutti.<\/li>\n<li>E molti altri da scoprire nel nostro negozio online!<\/li>\n<li>Naturalmente, per rendere felici i vostri bambini, abbiamo anche tutte le bacchette non ufficiali sul nostro sito, ma a prezzi bassi.<\/li>\n<\/ul>\n<p>Ecco un'ottima idea regalo per tutti i fan di Harry Potter<\/p>\n<p>In conclusione, \u00e8 possibile utilizzare questo <strong>Figura di Dobby Harry Potter<\/strong> per abbellire la vostra casa o aggiungere alla vostra collezione.<\/p>\n<p>R\u00e9plique Manga Cin\u00e9 \u00e8 un'azienda familiare francese.<\/p>\n<h2>Scoprite le ultime uscite di Harry Potter!<\/h2>\n<p>Sempre alla ricerca degli ultimi prodotti sul mercato, abbiamo alcune repliche da aggiungere alla vostra collezione personale.<\/p>\n<p>Prima di tutto, lo avete chiesto e sta arrivando!<\/p>\n<ul>\n<li>Le <a href=\"https:\/\/repliquemangacine.fr\/it\/collezionisti-di-harry-potter-e-chicche\/scopa-di-harry-potter-firebolt\/\">Scopa Firebolt<\/a> (Firebolt) in un'edizione limitata di 10.000 copie in tutto il mondo. Su licenza ufficiale della Warner Bros.<\/li>\n<li>C'\u00e8 anche una collezione di creature magiche, come il <strong>Figura di Dobby Harry Potter<\/strong> che indossa il n. 2 e Hedwige che indossa il n. 1.<\/li>\n<li>Oltre alla borsa di Hermione Granger, la replica autentica dell'horcrux...<\/li>\n<li>E molti altri da scoprire presto nel nostro negozio.<\/li>\n<\/ul>\n<p>Auguriamo a tutti voi un buon viaggio lungo l'incrocio!<\/p>","protected":false},"excerpt":{"rendered":"<p>Replica della figura di Harry Potter Dobby della collezione \"Creature magiche\".<\/p>\n<ul>\n<li>In PVC stampato<\/li>\n<li>Si adatta al suo supporto<\/li>\n<li>Presentato in una confezione da esposizione per mostrarlo al meglio<\/li>\n<li>Dimensioni: 17 X 10 X 10 cm<\/li>\n<\/ul>","protected":false},"featured_media":60967,"template":"","meta":[],"product_brand":[896],"product_cat":[87,24,41],"product_tag":[],"class_list":{"0":"post-60966","1":"product","2":"type-product","3":"status-publish","4":"has-post-thumbnail","6":"product_brand-replique-manga-cine","7":"product_cat-collectors-et-goodies-harry-potter","8":"product_cat-films-series-tv-vente-de-katana-epee-et-produits-derives","9":"product_cat-baguettes-et-goodies-harry-potter","11":"first","12":"instock","13":"taxable","14":"shipping-taxable","15":"purchasable","16":"product-type-simple"},"yoast_head":"<!-- This site is optimized with the Yoast SEO plugin v27.4 - https:\/\/yoast.com\/product\/yoast-seo-wordpress\/ -->\n<title>Figurine Dobby Harry Potter - Collection cr\u00e9atures magiques - RMC<\/title>\n<meta name=\"description\" content=\"D\u00e9couvrez vite ! Cette Figurine Dobby Harry Potter au meilleur prix - En PVC moul\u00e9 - S&#039;embo\u00eete sur son support - Bo\u00eete vitrine pour la mettre en valeur\" \/>\n<meta name=\"robots\" content=\"index, follow, max-snippet:-1, max-image-preview:large, max-video-preview:-1\" \/>\n<link rel=\"canonical\" href=\"https:\/\/repliquemangacine.fr\/it\/collezionisti-di-harry-potter-e-chicche\/figurina-di-harry-potter-dobby\/\" \/>\n<meta property=\"og:locale\" content=\"it_IT\" \/>\n<meta property=\"og:type\" content=\"article\" \/>\n<meta property=\"og:title\" content=\"Figurine Dobby Harry Potter - Collection cr\u00e9atures magiques - RMC\" \/>\n<meta property=\"og:description\" content=\"D\u00e9couvrez vite ! Cette Figurine Dobby Harry Potter au meilleur prix - En PVC moul\u00e9 - S&#039;embo\u00eete sur son support - Bo\u00eete vitrine pour la mettre en valeur\" \/>\n<meta property=\"og:url\" content=\"https:\/\/repliquemangacine.fr\/it\/collezionisti-di-harry-potter-e-chicche\/figurina-di-harry-potter-dobby\/\" \/>\n<meta property=\"og:site_name\" content=\"R\u00e9plique Manga Cin\u00e9\" \/>\n<meta property=\"article:publisher\" content=\"https:\/\/www.facebook.com\/RepliqueMangaCine\" \/>\n<meta property=\"article:modified_time\" content=\"2026-01-15T15:04:01+00:00\" \/>\n<meta property=\"og:image\" content=\"https:\/\/repliquemangacine.fr\/wp-content\/uploads\/2023\/10\/dobby.jpg\" \/>\n\t<meta property=\"og:image:width\" content=\"500\" \/>\n\t<meta property=\"og:image:height\" content=\"500\" \/>\n\t<meta property=\"og:image:type\" content=\"image\/jpeg\" \/>\n<meta name=\"twitter:card\" content=\"summary_large_image\" \/>\n<meta name=\"twitter:label1\" content=\"Tempo di lettura stimato\" \/>\n\t<meta name=\"twitter:data1\" content=\"3 minuti\" \/>\n<script type=\"application\/ld+json\" class=\"yoast-schema-graph\">{\"@context\":\"https:\\\/\\\/schema.org\",\"@graph\":[{\"@type\":\"WebPage\",\"@id\":\"https:\\\/\\\/repliquemangacine.fr\\\/collectors-et-goodies-harry-potter\\\/figurine-dobby-harry-potter\\\/\",\"url\":\"https:\\\/\\\/repliquemangacine.fr\\\/collectors-et-goodies-harry-potter\\\/figurine-dobby-harry-potter\\\/\",\"name\":\"Figurine Dobby Harry Potter - Collection cr\u00e9atures magiques - RMC\",\"isPartOf\":{\"@id\":\"https:\\\/\\\/repliquemangacine.fr\\\/#website\"},\"primaryImageOfPage\":{\"@id\":\"https:\\\/\\\/repliquemangacine.fr\\\/collectors-et-goodies-harry-potter\\\/figurine-dobby-harry-potter\\\/#primaryimage\"},\"image\":{\"@id\":\"https:\\\/\\\/repliquemangacine.fr\\\/collectors-et-goodies-harry-potter\\\/figurine-dobby-harry-potter\\\/#primaryimage\"},\"thumbnailUrl\":\"https:\\\/\\\/repliquemangacine.fr\\\/wp-content\\\/uploads\\\/2023\\\/10\\\/dobby.jpg\",\"datePublished\":\"2023-06-17T16:10:09+00:00\",\"dateModified\":\"2026-01-15T15:04:01+00:00\",\"description\":\"D\u00e9couvrez vite ! Cette Figurine Dobby Harry Potter au meilleur prix - En PVC moul\u00e9 - S'embo\u00eete sur son support - Bo\u00eete vitrine pour la mettre en valeur\",\"breadcrumb\":{\"@id\":\"https:\\\/\\\/repliquemangacine.fr\\\/collectors-et-goodies-harry-potter\\\/figurine-dobby-harry-potter\\\/#breadcrumb\"},\"inLanguage\":\"it-IT\",\"potentialAction\":[{\"@type\":\"ReadAction\",\"target\":[\"https:\\\/\\\/repliquemangacine.fr\\\/collectors-et-goodies-harry-potter\\\/figurine-dobby-harry-potter\\\/\"]}]},{\"@type\":\"ImageObject\",\"inLanguage\":\"it-IT\",\"@id\":\"https:\\\/\\\/repliquemangacine.fr\\\/collectors-et-goodies-harry-potter\\\/figurine-dobby-harry-potter\\\/#primaryimage\",\"url\":\"https:\\\/\\\/repliquemangacine.fr\\\/wp-content\\\/uploads\\\/2023\\\/10\\\/dobby.jpg\",\"contentUrl\":\"https:\\\/\\\/repliquemangacine.fr\\\/wp-content\\\/uploads\\\/2023\\\/10\\\/dobby.jpg\",\"width\":500,\"height\":500,\"caption\":\"Figurine Dobby Harry Potter\"},{\"@type\":\"BreadcrumbList\",\"@id\":\"https:\\\/\\\/repliquemangacine.fr\\\/collectors-et-goodies-harry-potter\\\/figurine-dobby-harry-potter\\\/#breadcrumb\",\"itemListElement\":[{\"@type\":\"ListItem\",\"position\":1,\"name\":\"Accueil\",\"item\":\"https:\\\/\\\/repliquemangacine.fr\\\/\"},{\"@type\":\"ListItem\",\"position\":2,\"name\":\"Produits\",\"item\":\"https:\\\/\\\/repliquemangacine.fr\\\/boutique\\\/\"},{\"@type\":\"ListItem\",\"position\":3,\"name\":\"Figurine Dobby Harry Potter\"}]},{\"@type\":\"WebSite\",\"@id\":\"https:\\\/\\\/repliquemangacine.fr\\\/#website\",\"url\":\"https:\\\/\\\/repliquemangacine.fr\\\/\",\"name\":\"R\u00e9plique Manga Cin\u00e9\",\"description\":\"\",\"publisher\":{\"@id\":\"https:\\\/\\\/repliquemangacine.fr\\\/#organization\"},\"potentialAction\":[{\"@type\":\"SearchAction\",\"target\":{\"@type\":\"EntryPoint\",\"urlTemplate\":\"https:\\\/\\\/repliquemangacine.fr\\\/?s={search_term_string}\"},\"query-input\":{\"@type\":\"PropertyValueSpecification\",\"valueRequired\":true,\"valueName\":\"search_term_string\"}}],\"inLanguage\":\"it-IT\"},{\"@type\":\"Organization\",\"@id\":\"https:\\\/\\\/repliquemangacine.fr\\\/#organization\",\"name\":\"R\u00e9plique Manga Cin\u00e9\",\"url\":\"https:\\\/\\\/repliquemangacine.fr\\\/\",\"logo\":{\"@type\":\"ImageObject\",\"inLanguage\":\"it-IT\",\"@id\":\"https:\\\/\\\/repliquemangacine.fr\\\/#\\\/schema\\\/logo\\\/image\\\/\",\"url\":\"https:\\\/\\\/repliquemangacine.fr\\\/wp-content\\\/uploads\\\/2023\\\/10\\\/RMC-500250.png\",\"contentUrl\":\"https:\\\/\\\/repliquemangacine.fr\\\/wp-content\\\/uploads\\\/2023\\\/10\\\/RMC-500250.png\",\"width\":500,\"height\":250,\"caption\":\"R\u00e9plique Manga Cin\u00e9\"},\"image\":{\"@id\":\"https:\\\/\\\/repliquemangacine.fr\\\/#\\\/schema\\\/logo\\\/image\\\/\"},\"sameAs\":[\"https:\\\/\\\/www.facebook.com\\\/RepliqueMangaCine\",\"https:\\\/\\\/www.instagram.com\\\/repliquemangacine.fr\\\/\"]}]}<\/script>\n<!-- \/ Yoast SEO plugin. -->","yoast_head_json":{"title":"Personaggio d'azione Dobby Harry Potter - Collezione di creature magiche - RMC","description":"Scopritelo ora! Questa figura di Harry Potter Dobby al miglior prezzo - In PVC stampato - Si adatta al suo supporto - Scatola da esposizione per mostrarla al meglio","robots":{"index":"index","follow":"follow","max-snippet":"max-snippet:-1","max-image-preview":"max-image-preview:large","max-video-preview":"max-video-preview:-1"},"canonical":"https:\/\/repliquemangacine.fr\/it\/collezionisti-di-harry-potter-e-chicche\/figurina-di-harry-potter-dobby\/","og_locale":"it_IT","og_type":"article","og_title":"Figurine Dobby Harry Potter - Collection cr\u00e9atures magiques - RMC","og_description":"D\u00e9couvrez vite ! Cette Figurine Dobby Harry Potter au meilleur prix - En PVC moul\u00e9 - S'embo\u00eete sur son support - Bo\u00eete vitrine pour la mettre en valeur","og_url":"https:\/\/repliquemangacine.fr\/it\/collezionisti-di-harry-potter-e-chicche\/figurina-di-harry-potter-dobby\/","og_site_name":"R\u00e9plique Manga Cin\u00e9","article_publisher":"https:\/\/www.facebook.com\/RepliqueMangaCine","article_modified_time":"2026-01-15T15:04:01+00:00","og_image":[{"width":500,"height":500,"url":"https:\/\/repliquemangacine.fr\/wp-content\/uploads\/2023\/10\/dobby.jpg","type":"image\/jpeg"}],"twitter_card":"summary_large_image","twitter_misc":{"Tempo di lettura stimato":"3 minuti"},"schema":{"@context":"https:\/\/schema.org","@graph":[{"@type":"WebPage","@id":"https:\/\/repliquemangacine.fr\/collectors-et-goodies-harry-potter\/figurine-dobby-harry-potter\/","url":"https:\/\/repliquemangacine.fr\/collectors-et-goodies-harry-potter\/figurine-dobby-harry-potter\/","name":"Personaggio d'azione Dobby Harry Potter - Collezione di creature magiche - RMC","isPartOf":{"@id":"https:\/\/repliquemangacine.fr\/#website"},"primaryImageOfPage":{"@id":"https:\/\/repliquemangacine.fr\/collectors-et-goodies-harry-potter\/figurine-dobby-harry-potter\/#primaryimage"},"image":{"@id":"https:\/\/repliquemangacine.fr\/collectors-et-goodies-harry-potter\/figurine-dobby-harry-potter\/#primaryimage"},"thumbnailUrl":"https:\/\/repliquemangacine.fr\/wp-content\/uploads\/2023\/10\/dobby.jpg","datePublished":"2023-06-17T16:10:09+00:00","dateModified":"2026-01-15T15:04:01+00:00","description":"Scopritelo ora! Questa figura di Harry Potter Dobby al miglior prezzo - In PVC stampato - Si adatta al suo supporto - Scatola da esposizione per mostrarla al meglio","breadcrumb":{"@id":"https:\/\/repliquemangacine.fr\/collectors-et-goodies-harry-potter\/figurine-dobby-harry-potter\/#breadcrumb"},"inLanguage":"it-IT","potentialAction":[{"@type":"ReadAction","target":["https:\/\/repliquemangacine.fr\/collectors-et-goodies-harry-potter\/figurine-dobby-harry-potter\/"]}]},{"@type":"ImageObject","inLanguage":"it-IT","@id":"https:\/\/repliquemangacine.fr\/collectors-et-goodies-harry-potter\/figurine-dobby-harry-potter\/#primaryimage","url":"https:\/\/repliquemangacine.fr\/wp-content\/uploads\/2023\/10\/dobby.jpg","contentUrl":"https:\/\/repliquemangacine.fr\/wp-content\/uploads\/2023\/10\/dobby.jpg","width":500,"height":500,"caption":"Figurine Dobby Harry Potter"},{"@type":"BreadcrumbList","@id":"https:\/\/repliquemangacine.fr\/collectors-et-goodies-harry-potter\/figurine-dobby-harry-potter\/#breadcrumb","itemListElement":[{"@type":"ListItem","position":1,"name":"Accueil","item":"https:\/\/repliquemangacine.fr\/"},{"@type":"ListItem","position":2,"name":"Produits","item":"https:\/\/repliquemangacine.fr\/boutique\/"},{"@type":"ListItem","position":3,"name":"Figurine Dobby Harry Potter"}]},{"@type":"WebSite","@id":"https:\/\/repliquemangacine.fr\/#website","url":"https:\/\/repliquemangacine.fr\/","name":"R\u00e9plique Manga Cin\u00e9","description":"","publisher":{"@id":"https:\/\/repliquemangacine.fr\/#organization"},"potentialAction":[{"@type":"SearchAction","target":{"@type":"EntryPoint","urlTemplate":"https:\/\/repliquemangacine.fr\/?s={search_term_string}"},"query-input":{"@type":"PropertyValueSpecification","valueRequired":true,"valueName":"search_term_string"}}],"inLanguage":"it-IT"},{"@type":"Organization","@id":"https:\/\/repliquemangacine.fr\/#organization","name":"R\u00e9plique Manga Cin\u00e9","url":"https:\/\/repliquemangacine.fr\/","logo":{"@type":"ImageObject","inLanguage":"it-IT","@id":"https:\/\/repliquemangacine.fr\/#\/schema\/logo\/image\/","url":"https:\/\/repliquemangacine.fr\/wp-content\/uploads\/2023\/10\/RMC-500250.png","contentUrl":"https:\/\/repliquemangacine.fr\/wp-content\/uploads\/2023\/10\/RMC-500250.png","width":500,"height":250,"caption":"R\u00e9plique Manga Cin\u00e9"},"image":{"@id":"https:\/\/repliquemangacine.fr\/#\/schema\/logo\/image\/"},"sameAs":["https:\/\/www.facebook.com\/RepliqueMangaCine","https:\/\/www.instagram.com\/repliquemangacine.fr\/"]}]}},"_links":{"self":[{"href":"https:\/\/repliquemangacine.fr\/it\/wp-json\/wp\/v2\/product\/60966","targetHints":{"allow":["GET"]}}],"collection":[{"href":"https:\/\/repliquemangacine.fr\/it\/wp-json\/wp\/v2\/product"}],"about":[{"href":"https:\/\/repliquemangacine.fr\/it\/wp-json\/wp\/v2\/types\/product"}],"wp:featuredmedia":[{"embeddable":true,"href":"https:\/\/repliquemangacine.fr\/it\/wp-json\/wp\/v2\/media\/60967"}],"wp:attachment":[{"href":"https:\/\/repliquemangacine.fr\/it\/wp-json\/wp\/v2\/media?parent=60966"}],"wp:term":[{"taxonomy":"product_brand","embeddable":true,"href":"https:\/\/repliquemangacine.fr\/it\/wp-json\/wp\/v2\/product_brand?post=60966"},{"taxonomy":"product_cat","embeddable":true,"href":"https:\/\/repliquemangacine.fr\/it\/wp-json\/wp\/v2\/product_cat?post=60966"},{"taxonomy":"product_tag","embeddable":true,"href":"https:\/\/repliquemangacine.fr\/it\/wp-json\/wp\/v2\/product_tag?post=60966"}],"curies":[{"name":"wp","href":"https:\/\/api.w.org\/{rel}","templated":true}]}}