





{"id":60952,"date":"2023-06-17T16:28:38","date_gmt":"2023-06-17T14:28:38","guid":{"rendered":"https:\/\/repliquemangacine.fr\/?post_type=product&#038;p=60952"},"modified":"2026-01-15T16:05:00","modified_gmt":"2026-01-15T15:05:00","slug":"medaglione-serpentard-salazar","status":"publish","type":"product","link":"https:\/\/repliquemangacine.fr\/it\/collectors-et-goodies-harry-potter\/medaillon-de-salazar-serpentard\/","title":{"rendered":"Medaglione Serpeverde Salazar"},"content":{"rendered":"<h2>Medaglione Serpeverde Salazar - Horcrux - Harry Potter<\/h2>\n<p>Per cominciare, il Medaglione Salazar Serpeverde \u00e8 uno dei sette Horcrux creati da Voldemort. Per assicurarsi l'immortalit\u00e0, Lord Voldemort divise la sua anima in 7 Horcrux, oggetti contenenti una piccola parte di s\u00e9.<\/p>\n<p>Per creare un Horcrux \u00e8 necessario commettere un omicidio, quindi si tratta di oggetti di magia nera. Rubati da Dolores Umbridge al Ministero della Magia e distrutti da Ron con la spada di Grifondoro.<\/p>\n<p>Questa replica rappresenta il vero medaglione, sul quale si pu\u00f2 vedere una \u201cS\u201d (un segno assente nel medaglione falso trovato in cantina), l'iniziale di Serpeverde e il suo creatore Salazar.<\/p>\n<p>La bella scatola di presentazione lo metter\u00e0 in mostra al meglio. Pu\u00f2 anche essere aperta per nascondere un biglietto o un piccolo oggetto. Distribuito da <a href=\"https:\/\/noblecollection.fr\/medaillon-salazar-serpentard-horcruxe-harry-potter-p-687.html\" target=\"_blank\" rel=\"noopener noreferrer\">Collezione Nobile<\/a>.<\/p>\n<h2>Il tuo medaglione Serpeverde Salazar al miglior prezzo!<\/h2>\n<p>Offriamo una vasta gamma di repliche ufficiali e bacchette magiche economiche.<\/p>\n<p>Innanzitutto,<\/p>\n<ul>\n<li>Lo splendido <a href=\"https:\/\/repliquemangacine.fr\/it\/collezionisti-di-harry-potter-e-chicche\/scacchiera-dei-maghi-gioco-degli-scacchi-hp\/\">scacchiera dello stregone<\/a> in Harry Potter e la Pietra Stregata.<\/li>\n<li>C'\u00e8 anche il magnifico <a href=\"https:\/\/repliquemangacine.fr\/it\/collezionisti-di-harry-potter-e-chicche\/cappello-interattivo-di-harry-potter\/\">Lavagna interattiva a scelta<\/a> e magia su licenza ufficiale.<\/li>\n<li>Oltre a tutte le bacchette ufficiali e replicate dei personaggi<\/li>\n<li>E molto, molto altro ancora da scoprire nel nostro negozio online!<\/li>\n<\/ul>\n<p>Ecco quindi alcune ottime idee regalo per tutti i fan della saga di Harry Potter.<\/p>\n<p>Per concludere, potete anche indossare il vostro <strong>Medaglione Serpeverde Salazar<\/strong> per le sfilate di cosplay o le serate a tema. Ma soprattutto, \u00e8 un oggetto da collezione.<\/p>\n<h2>Scoprite le ultime uscite di Harry Potter!<\/h2>\n<p>Sempre alla ricerca degli ultimi prodotti sul mercato, abbiamo alcune repliche da aggiungere alla vostra collezione personale.<\/p>\n<p>Prima di tutto, lo avete chiesto e sta arrivando!<\/p>\n<ul>\n<li>Confezioni da 6 pezzi di abbigliamento Grifondoro o Serpeverde per bambini e adulti.<\/li>\n<li>Ci sono anche le statuette delle creature magiche Edvige, che indossa il numero 1, e Dobby, che indossa il numero 2.<\/li>\n<li>Oltre alla borsa di Hermione Granger, la replica della mappa dei Marauder...<\/li>\n<li>E molti altri da scoprire presto nel nostro negozio.<\/li>\n<\/ul>\n<p>In conclusione, non cercate di creare il vostro <strong>Medaglione Serpeverde Salazar<\/strong> in un Horcrux, il Ministero della Magia vi osserva!<\/p>","protected":false},"excerpt":{"rendered":"<p>Replica autentica con licenza ufficiale del medaglione di Serpeverde Salazar.<\/p>\n<ul>\n<li>Ottone e argento placcato.<\/li>\n<li>L'Horcrux si apre per far scivolare un biglietto<\/li>\n<li>Catena da 60 cm<\/li>\n<li>Scatola di presentazione in legno da collezione<\/li>\n<li>Dimensioni del medaglione: 5 cm X 4 cm<\/li>\n<li>Dimensioni della scatola: 12 X 10 X 6 cm<\/li>\n<\/ul>","protected":false},"featured_media":60953,"template":"","meta":[],"product_brand":[896],"product_cat":[87,24,41],"product_tag":[],"class_list":{"0":"post-60952","1":"product","2":"type-product","3":"status-publish","4":"has-post-thumbnail","6":"product_brand-replique-manga-cine","7":"product_cat-collectors-et-goodies-harry-potter","8":"product_cat-films-series-tv-vente-de-katana-epee-et-produits-derives","9":"product_cat-baguettes-et-goodies-harry-potter","11":"first","12":"instock","13":"taxable","14":"shipping-taxable","15":"purchasable","16":"product-type-simple"},"yoast_head":"<!-- This site is optimized with the Yoast SEO plugin v27.4 - https:\/\/yoast.com\/product\/yoast-seo-wordpress\/ -->\n<title>M\u00e9daillon de Salazar Serpentard - Officiel Noble Collection - RMC<\/title>\n<meta name=\"description\" content=\"D\u00e9couvrez vite ! Ce splendide M\u00e9daillon de Salazar Serpentard dans Harry Potter au meilleur prix - En laiton et plaqu\u00e9 argent - Bo\u00eete en bois - Officiel\" \/>\n<meta name=\"robots\" content=\"index, follow, max-snippet:-1, max-image-preview:large, max-video-preview:-1\" \/>\n<link rel=\"canonical\" href=\"https:\/\/repliquemangacine.fr\/it\/collezionisti-di-harry-potter-e-chicche\/medaglione-serpentard-salazar\/\" \/>\n<meta property=\"og:locale\" content=\"it_IT\" \/>\n<meta property=\"og:type\" content=\"article\" \/>\n<meta property=\"og:title\" content=\"M\u00e9daillon de Salazar Serpentard - Officiel Noble Collection - RMC\" \/>\n<meta property=\"og:description\" content=\"D\u00e9couvrez vite ! Ce splendide M\u00e9daillon de Salazar Serpentard dans Harry Potter au meilleur prix - En laiton et plaqu\u00e9 argent - Bo\u00eete en bois - Officiel\" \/>\n<meta property=\"og:url\" content=\"https:\/\/repliquemangacine.fr\/it\/collezionisti-di-harry-potter-e-chicche\/medaglione-serpentard-salazar\/\" \/>\n<meta property=\"og:site_name\" content=\"R\u00e9plique Manga Cin\u00e9\" \/>\n<meta property=\"article:publisher\" content=\"https:\/\/www.facebook.com\/RepliqueMangaCine\" \/>\n<meta property=\"article:modified_time\" content=\"2026-01-15T15:05:00+00:00\" \/>\n<meta property=\"og:image\" content=\"https:\/\/repliquemangacine.fr\/wp-content\/uploads\/2023\/10\/horcrux.jpg\" \/>\n\t<meta property=\"og:image:width\" content=\"500\" \/>\n\t<meta property=\"og:image:height\" content=\"500\" \/>\n\t<meta property=\"og:image:type\" content=\"image\/jpeg\" \/>\n<meta name=\"twitter:card\" content=\"summary_large_image\" \/>\n<meta name=\"twitter:label1\" content=\"Tempo di lettura stimato\" \/>\n\t<meta name=\"twitter:data1\" content=\"3 minuti\" \/>\n<script type=\"application\/ld+json\" class=\"yoast-schema-graph\">{\"@context\":\"https:\\\/\\\/schema.org\",\"@graph\":[{\"@type\":\"WebPage\",\"@id\":\"https:\\\/\\\/repliquemangacine.fr\\\/collectors-et-goodies-harry-potter\\\/medaillon-de-salazar-serpentard\\\/\",\"url\":\"https:\\\/\\\/repliquemangacine.fr\\\/collectors-et-goodies-harry-potter\\\/medaillon-de-salazar-serpentard\\\/\",\"name\":\"M\u00e9daillon de Salazar Serpentard - Officiel Noble Collection - RMC\",\"isPartOf\":{\"@id\":\"https:\\\/\\\/repliquemangacine.fr\\\/#website\"},\"primaryImageOfPage\":{\"@id\":\"https:\\\/\\\/repliquemangacine.fr\\\/collectors-et-goodies-harry-potter\\\/medaillon-de-salazar-serpentard\\\/#primaryimage\"},\"image\":{\"@id\":\"https:\\\/\\\/repliquemangacine.fr\\\/collectors-et-goodies-harry-potter\\\/medaillon-de-salazar-serpentard\\\/#primaryimage\"},\"thumbnailUrl\":\"https:\\\/\\\/repliquemangacine.fr\\\/wp-content\\\/uploads\\\/2023\\\/10\\\/horcrux.jpg\",\"datePublished\":\"2023-06-17T14:28:38+00:00\",\"dateModified\":\"2026-01-15T15:05:00+00:00\",\"description\":\"D\u00e9couvrez vite ! Ce splendide M\u00e9daillon de Salazar Serpentard dans Harry Potter au meilleur prix - En laiton et plaqu\u00e9 argent - Bo\u00eete en bois - Officiel\",\"breadcrumb\":{\"@id\":\"https:\\\/\\\/repliquemangacine.fr\\\/collectors-et-goodies-harry-potter\\\/medaillon-de-salazar-serpentard\\\/#breadcrumb\"},\"inLanguage\":\"it-IT\",\"potentialAction\":[{\"@type\":\"ReadAction\",\"target\":[\"https:\\\/\\\/repliquemangacine.fr\\\/collectors-et-goodies-harry-potter\\\/medaillon-de-salazar-serpentard\\\/\"]}]},{\"@type\":\"ImageObject\",\"inLanguage\":\"it-IT\",\"@id\":\"https:\\\/\\\/repliquemangacine.fr\\\/collectors-et-goodies-harry-potter\\\/medaillon-de-salazar-serpentard\\\/#primaryimage\",\"url\":\"https:\\\/\\\/repliquemangacine.fr\\\/wp-content\\\/uploads\\\/2023\\\/10\\\/horcrux.jpg\",\"contentUrl\":\"https:\\\/\\\/repliquemangacine.fr\\\/wp-content\\\/uploads\\\/2023\\\/10\\\/horcrux.jpg\",\"width\":500,\"height\":500,\"caption\":\"M\u00e9daillon de Salazar Serpentard\"},{\"@type\":\"BreadcrumbList\",\"@id\":\"https:\\\/\\\/repliquemangacine.fr\\\/collectors-et-goodies-harry-potter\\\/medaillon-de-salazar-serpentard\\\/#breadcrumb\",\"itemListElement\":[{\"@type\":\"ListItem\",\"position\":1,\"name\":\"Accueil\",\"item\":\"https:\\\/\\\/repliquemangacine.fr\\\/\"},{\"@type\":\"ListItem\",\"position\":2,\"name\":\"Produits\",\"item\":\"https:\\\/\\\/repliquemangacine.fr\\\/boutique\\\/\"},{\"@type\":\"ListItem\",\"position\":3,\"name\":\"M\u00e9daillon de Salazar Serpentard\"}]},{\"@type\":\"WebSite\",\"@id\":\"https:\\\/\\\/repliquemangacine.fr\\\/#website\",\"url\":\"https:\\\/\\\/repliquemangacine.fr\\\/\",\"name\":\"R\u00e9plique Manga Cin\u00e9\",\"description\":\"\",\"publisher\":{\"@id\":\"https:\\\/\\\/repliquemangacine.fr\\\/#organization\"},\"potentialAction\":[{\"@type\":\"SearchAction\",\"target\":{\"@type\":\"EntryPoint\",\"urlTemplate\":\"https:\\\/\\\/repliquemangacine.fr\\\/?s={search_term_string}\"},\"query-input\":{\"@type\":\"PropertyValueSpecification\",\"valueRequired\":true,\"valueName\":\"search_term_string\"}}],\"inLanguage\":\"it-IT\"},{\"@type\":\"Organization\",\"@id\":\"https:\\\/\\\/repliquemangacine.fr\\\/#organization\",\"name\":\"R\u00e9plique Manga Cin\u00e9\",\"url\":\"https:\\\/\\\/repliquemangacine.fr\\\/\",\"logo\":{\"@type\":\"ImageObject\",\"inLanguage\":\"it-IT\",\"@id\":\"https:\\\/\\\/repliquemangacine.fr\\\/#\\\/schema\\\/logo\\\/image\\\/\",\"url\":\"https:\\\/\\\/repliquemangacine.fr\\\/wp-content\\\/uploads\\\/2023\\\/10\\\/RMC-500250.png\",\"contentUrl\":\"https:\\\/\\\/repliquemangacine.fr\\\/wp-content\\\/uploads\\\/2023\\\/10\\\/RMC-500250.png\",\"width\":500,\"height\":250,\"caption\":\"R\u00e9plique Manga Cin\u00e9\"},\"image\":{\"@id\":\"https:\\\/\\\/repliquemangacine.fr\\\/#\\\/schema\\\/logo\\\/image\\\/\"},\"sameAs\":[\"https:\\\/\\\/www.facebook.com\\\/RepliqueMangaCine\",\"https:\\\/\\\/www.instagram.com\\\/repliquemangacine.fr\\\/\"]}]}<\/script>\n<!-- \/ Yoast SEO plugin. -->","yoast_head_json":{"title":"Medaglione Serpeverde Salazar - Collezione Ufficiale Nobile - RMC","description":"Scopritelo ora! Questo splendido medaglione Slytherin Salazar di Harry Potter al miglior prezzo - Ottone e argento placcato - Scatola di legno - Ufficiale","robots":{"index":"index","follow":"follow","max-snippet":"max-snippet:-1","max-image-preview":"max-image-preview:large","max-video-preview":"max-video-preview:-1"},"canonical":"https:\/\/repliquemangacine.fr\/it\/collezionisti-di-harry-potter-e-chicche\/medaglione-serpentard-salazar\/","og_locale":"it_IT","og_type":"article","og_title":"M\u00e9daillon de Salazar Serpentard - Officiel Noble Collection - RMC","og_description":"D\u00e9couvrez vite ! Ce splendide M\u00e9daillon de Salazar Serpentard dans Harry Potter au meilleur prix - En laiton et plaqu\u00e9 argent - Bo\u00eete en bois - Officiel","og_url":"https:\/\/repliquemangacine.fr\/it\/collezionisti-di-harry-potter-e-chicche\/medaglione-serpentard-salazar\/","og_site_name":"R\u00e9plique Manga Cin\u00e9","article_publisher":"https:\/\/www.facebook.com\/RepliqueMangaCine","article_modified_time":"2026-01-15T15:05:00+00:00","og_image":[{"width":500,"height":500,"url":"https:\/\/repliquemangacine.fr\/wp-content\/uploads\/2023\/10\/horcrux.jpg","type":"image\/jpeg"}],"twitter_card":"summary_large_image","twitter_misc":{"Tempo di lettura stimato":"3 minuti"},"schema":{"@context":"https:\/\/schema.org","@graph":[{"@type":"WebPage","@id":"https:\/\/repliquemangacine.fr\/collectors-et-goodies-harry-potter\/medaillon-de-salazar-serpentard\/","url":"https:\/\/repliquemangacine.fr\/collectors-et-goodies-harry-potter\/medaillon-de-salazar-serpentard\/","name":"Medaglione Serpeverde Salazar - Collezione Ufficiale Nobile - RMC","isPartOf":{"@id":"https:\/\/repliquemangacine.fr\/#website"},"primaryImageOfPage":{"@id":"https:\/\/repliquemangacine.fr\/collectors-et-goodies-harry-potter\/medaillon-de-salazar-serpentard\/#primaryimage"},"image":{"@id":"https:\/\/repliquemangacine.fr\/collectors-et-goodies-harry-potter\/medaillon-de-salazar-serpentard\/#primaryimage"},"thumbnailUrl":"https:\/\/repliquemangacine.fr\/wp-content\/uploads\/2023\/10\/horcrux.jpg","datePublished":"2023-06-17T14:28:38+00:00","dateModified":"2026-01-15T15:05:00+00:00","description":"Scopritelo ora! Questo splendido medaglione Slytherin Salazar di Harry Potter al miglior prezzo - Ottone e argento placcato - Scatola di legno - Ufficiale","breadcrumb":{"@id":"https:\/\/repliquemangacine.fr\/collectors-et-goodies-harry-potter\/medaillon-de-salazar-serpentard\/#breadcrumb"},"inLanguage":"it-IT","potentialAction":[{"@type":"ReadAction","target":["https:\/\/repliquemangacine.fr\/collectors-et-goodies-harry-potter\/medaillon-de-salazar-serpentard\/"]}]},{"@type":"ImageObject","inLanguage":"it-IT","@id":"https:\/\/repliquemangacine.fr\/collectors-et-goodies-harry-potter\/medaillon-de-salazar-serpentard\/#primaryimage","url":"https:\/\/repliquemangacine.fr\/wp-content\/uploads\/2023\/10\/horcrux.jpg","contentUrl":"https:\/\/repliquemangacine.fr\/wp-content\/uploads\/2023\/10\/horcrux.jpg","width":500,"height":500,"caption":"M\u00e9daillon de Salazar Serpentard"},{"@type":"BreadcrumbList","@id":"https:\/\/repliquemangacine.fr\/collectors-et-goodies-harry-potter\/medaillon-de-salazar-serpentard\/#breadcrumb","itemListElement":[{"@type":"ListItem","position":1,"name":"Accueil","item":"https:\/\/repliquemangacine.fr\/"},{"@type":"ListItem","position":2,"name":"Produits","item":"https:\/\/repliquemangacine.fr\/boutique\/"},{"@type":"ListItem","position":3,"name":"M\u00e9daillon de Salazar Serpentard"}]},{"@type":"WebSite","@id":"https:\/\/repliquemangacine.fr\/#website","url":"https:\/\/repliquemangacine.fr\/","name":"R\u00e9plique Manga Cin\u00e9","description":"","publisher":{"@id":"https:\/\/repliquemangacine.fr\/#organization"},"potentialAction":[{"@type":"SearchAction","target":{"@type":"EntryPoint","urlTemplate":"https:\/\/repliquemangacine.fr\/?s={search_term_string}"},"query-input":{"@type":"PropertyValueSpecification","valueRequired":true,"valueName":"search_term_string"}}],"inLanguage":"it-IT"},{"@type":"Organization","@id":"https:\/\/repliquemangacine.fr\/#organization","name":"R\u00e9plique Manga Cin\u00e9","url":"https:\/\/repliquemangacine.fr\/","logo":{"@type":"ImageObject","inLanguage":"it-IT","@id":"https:\/\/repliquemangacine.fr\/#\/schema\/logo\/image\/","url":"https:\/\/repliquemangacine.fr\/wp-content\/uploads\/2023\/10\/RMC-500250.png","contentUrl":"https:\/\/repliquemangacine.fr\/wp-content\/uploads\/2023\/10\/RMC-500250.png","width":500,"height":250,"caption":"R\u00e9plique Manga Cin\u00e9"},"image":{"@id":"https:\/\/repliquemangacine.fr\/#\/schema\/logo\/image\/"},"sameAs":["https:\/\/www.facebook.com\/RepliqueMangaCine","https:\/\/www.instagram.com\/repliquemangacine.fr\/"]}]}},"_links":{"self":[{"href":"https:\/\/repliquemangacine.fr\/it\/wp-json\/wp\/v2\/product\/60952","targetHints":{"allow":["GET"]}}],"collection":[{"href":"https:\/\/repliquemangacine.fr\/it\/wp-json\/wp\/v2\/product"}],"about":[{"href":"https:\/\/repliquemangacine.fr\/it\/wp-json\/wp\/v2\/types\/product"}],"wp:featuredmedia":[{"embeddable":true,"href":"https:\/\/repliquemangacine.fr\/it\/wp-json\/wp\/v2\/media\/60953"}],"wp:attachment":[{"href":"https:\/\/repliquemangacine.fr\/it\/wp-json\/wp\/v2\/media?parent=60952"}],"wp:term":[{"taxonomy":"product_brand","embeddable":true,"href":"https:\/\/repliquemangacine.fr\/it\/wp-json\/wp\/v2\/product_brand?post=60952"},{"taxonomy":"product_cat","embeddable":true,"href":"https:\/\/repliquemangacine.fr\/it\/wp-json\/wp\/v2\/product_cat?post=60952"},{"taxonomy":"product_tag","embeddable":true,"href":"https:\/\/repliquemangacine.fr\/it\/wp-json\/wp\/v2\/product_tag?post=60952"}],"curies":[{"name":"wp","href":"https:\/\/api.w.org\/{rel}","templated":true}]}}