





{"id":60928,"date":"2023-06-16T19:04:25","date_gmt":"2023-06-16T17:04:25","guid":{"rendered":"https:\/\/repliquemangacine.fr\/?post_type=product&#038;p=60928"},"modified":"2026-04-16T01:13:58","modified_gmt":"2026-04-15T23:13:58","slug":"tanto-nidai-kitetsu-di-luffy","status":"publish","type":"product","link":"https:\/\/repliquemangacine.fr\/it\/tanto-mini-katana-one-piece\/tanto-nidai-kitetsu-de-luffy\/","title":{"rendered":"Tanto Nidai Kitetsu di Luffy"},"content":{"rendered":"<h2>Tanto Nidai Kitetsu di Luffy in One Piece.<\/h2>\n<p>Per cominciare, il <strong>Tanto Nidai Kitetsu di Luffy<\/strong> in One Piece (versione mini-katana) \u00e8 una delle migliori katane, ma \u00e8 anche una spada maledetta.<\/p>\n<p>Innanzitutto, <a href=\"https:\/\/onepiece.fandom.com\/fr\/wiki\/Monkey_D._Luffy\" target=\"_blank\" rel=\"noopener noreferrer\">Scimmia D. Luffy<\/a> \u00e8 un pirata e il protagonista principale del manga e dell'anime One Piece.<\/p>\n<p>In secondo luogo, la Katana Nidai Kitetsu di Luffy in One Piece ha un aspetto atipico. L'elsa \u00e8 una sorta di croce con le estremit\u00e0 pi\u00f9 larghe del centro. La lama presenta motivi a forma di onda. L'elsa e il fodero erano originariamente blu, ma il colore \u00e8 stato poi cambiato in viola.<\/p>\n<p>Nidai Kitetsu \u00e8 una spada che fa parte delle 21 spade della categoria \u00d4 Wazamono. Fa parte delle spade maledette create da Kitetsu.<\/p>\n<h2>Il tuo Tanto Nidai Kitetsu de Luffy al miglior prezzo.<\/h2>\n<p>Vi proponiamo tutte le battute dei vostri personaggi preferiti del manga animato One Piece.<\/p>\n<ul>\n<li>I kitetsu sono disponibili anche in legno o metallo,<\/li>\n<li>il <a href=\"https:\/\/repliquemangacine.fr\/it\/katana-monopezzo\/katana-in-legno-kitetsu-zoro-one-piece\/\">Katana in legno Zoro Sandai Kitetsu<\/a>quella che tiene nella mano sinistra.<\/li>\n<li>Cos\u00ec come il <a href=\"https:\/\/repliquemangacine.fr\/it\/katana-monopezzo\/katana-di-legno-yubashiri-zoro-pezzo-unico\/\">Katana di legno Yubashiri<\/a> utilizzato da Zoro per la sua tecnica a tre lame.<\/li>\n<li>Naturalmente, troverete anche tutte le katane di One Piece nel nostro negozio online!<\/li>\n<\/ul>\n<p>Ecco quindi alcune fantastiche idee regalo per tutti i fan di One Piece.<\/p>\n<p>In conclusione, \u00e8 possibile utilizzare questo <strong>Tanto Nidai Kitetsu di Luffy<\/strong> per le sfilate di cosplay o le serate a tema. Ma soprattutto, la Luffy Nidai Kitetsu Sabre \u00e8 anche un oggetto da collezione e un pezzo decorativo.<\/p>\n<h2>Come si mantiene la lama della mini-katana?<\/h2>\n<p>Le katana da collezione e decorative sono realizzate e assemblate in modo semplificato. Essendo destinate a scopi decorativi, non dispongono degli elementi di sicurezza necessari per una spada giapponese destinata all'allenamento.<\/p>\n<p>Tuttavia, il vostro <strong>Tanto Nidai Kitetsu di Luffy<\/strong> una lama in acciaio che deve essere curata per evitare che si rovini con il tempo. Infatti, esporrete la vostra katana e i vostri amici saranno curiosi di vedere la lama e di toccarla. \u00c8 qui che bisogna prestare attenzione, perch\u00e9 l'acidit\u00e0 delle dita \u00e8 molto dannosa per l'acciaio, indipendentemente dalla sua qualit\u00e0.<\/p>\n<p>Tuttavia, se ci\u00f2 dovesse accadere, non fatevi prendere dal panico: basta un panno inumidito con un po' di olio per rimuovere le impronte digitali. In questo modo, la vostra mini-katana durer\u00e0 a lungo.<\/p>\n<p>&nbsp;<\/p>\n<p>&nbsp;<\/p>","protected":false},"excerpt":{"rendered":"<p>Versione Tanto della katana di Luffy, la Nidai Kitetsu in One Piece.<\/p>\n<ul>\n<li>Lama in acciaio 440<\/li>\n<li>Protezione in metallo antico con forma specifica<\/li>\n<li>Fodero laccato e decorato<\/li>\n<li>Supporto in ABS<\/li>\n<li>Lunghezza lama: 28 cm - Lunghezza totale: 45 cm<\/li>\n<\/ul>","protected":false},"featured_media":60929,"template":"","meta":[],"product_brand":[896],"product_cat":[23,36,121],"product_tag":[],"class_list":{"0":"post-60928","1":"product","2":"type-product","3":"status-publish","4":"has-post-thumbnail","6":"product_brand-replique-manga-cine","7":"product_cat-repliques-manga-jeux-video","8":"product_cat-katana-one-piece","9":"product_cat-tanto-mini-katana-one-piece","11":"first","12":"instock","13":"taxable","14":"shipping-taxable","15":"purchasable","16":"product-type-simple"},"yoast_head":"<!-- This site is optimized with the Yoast SEO plugin v27.4 - https:\/\/yoast.com\/product\/yoast-seo-wordpress\/ -->\n<title>Tanto Nidai Kitetsu de Luffy - Vente katana One Piece - RMC<\/title>\n<meta name=\"description\" content=\"D\u00e9couvrez vite ! Le Tanto Nidai Kitetsu de Luffy dans One Piece au meilleur prix. Lame en acier de 28 cm - Fourreau laqu\u00e9 et d\u00e9cor\u00e9 - Longueur : 45 cm\" \/>\n<meta name=\"robots\" content=\"index, follow, max-snippet:-1, max-image-preview:large, max-video-preview:-1\" \/>\n<link rel=\"canonical\" href=\"https:\/\/repliquemangacine.fr\/it\/tanto-mini-katana-one-piece\/tanto-nidai-kitetsu-di-luffy\/\" \/>\n<meta property=\"og:locale\" content=\"it_IT\" \/>\n<meta property=\"og:type\" content=\"article\" \/>\n<meta property=\"og:title\" content=\"Tanto Nidai Kitetsu de Luffy - Vente katana One Piece - RMC\" \/>\n<meta property=\"og:description\" content=\"D\u00e9couvrez vite ! Le Tanto Nidai Kitetsu de Luffy dans One Piece au meilleur prix. Lame en acier de 28 cm - Fourreau laqu\u00e9 et d\u00e9cor\u00e9 - Longueur : 45 cm\" \/>\n<meta property=\"og:url\" content=\"https:\/\/repliquemangacine.fr\/it\/tanto-mini-katana-one-piece\/tanto-nidai-kitetsu-di-luffy\/\" \/>\n<meta property=\"og:site_name\" content=\"R\u00e9plique Manga Cin\u00e9\" \/>\n<meta property=\"article:publisher\" content=\"https:\/\/www.facebook.com\/RepliqueMangaCine\" \/>\n<meta property=\"article:modified_time\" content=\"2026-04-15T23:13:58+00:00\" \/>\n<meta property=\"og:image\" content=\"https:\/\/repliquemangacine.fr\/wp-content\/uploads\/2023\/10\/mini-katana-luffy.jpg\" \/>\n\t<meta property=\"og:image:width\" content=\"500\" \/>\n\t<meta property=\"og:image:height\" content=\"500\" \/>\n\t<meta property=\"og:image:type\" content=\"image\/jpeg\" \/>\n<meta name=\"twitter:card\" content=\"summary_large_image\" \/>\n<meta name=\"twitter:label1\" content=\"Tempo di lettura stimato\" \/>\n\t<meta name=\"twitter:data1\" content=\"3 minuti\" \/>\n<script type=\"application\/ld+json\" class=\"yoast-schema-graph\">{\"@context\":\"https:\\\/\\\/schema.org\",\"@graph\":[{\"@type\":\"WebPage\",\"@id\":\"https:\\\/\\\/repliquemangacine.fr\\\/tanto-mini-katana-one-piece\\\/tanto-nidai-kitetsu-de-luffy\\\/\",\"url\":\"https:\\\/\\\/repliquemangacine.fr\\\/tanto-mini-katana-one-piece\\\/tanto-nidai-kitetsu-de-luffy\\\/\",\"name\":\"Tanto Nidai Kitetsu de Luffy - Vente katana One Piece - RMC\",\"isPartOf\":{\"@id\":\"https:\\\/\\\/repliquemangacine.fr\\\/#website\"},\"primaryImageOfPage\":{\"@id\":\"https:\\\/\\\/repliquemangacine.fr\\\/tanto-mini-katana-one-piece\\\/tanto-nidai-kitetsu-de-luffy\\\/#primaryimage\"},\"image\":{\"@id\":\"https:\\\/\\\/repliquemangacine.fr\\\/tanto-mini-katana-one-piece\\\/tanto-nidai-kitetsu-de-luffy\\\/#primaryimage\"},\"thumbnailUrl\":\"https:\\\/\\\/repliquemangacine.fr\\\/wp-content\\\/uploads\\\/2023\\\/10\\\/mini-katana-luffy.jpg\",\"datePublished\":\"2023-06-16T17:04:25+00:00\",\"dateModified\":\"2026-04-15T23:13:58+00:00\",\"description\":\"D\u00e9couvrez vite ! Le Tanto Nidai Kitetsu de Luffy dans One Piece au meilleur prix. Lame en acier de 28 cm - Fourreau laqu\u00e9 et d\u00e9cor\u00e9 - Longueur : 45 cm\",\"breadcrumb\":{\"@id\":\"https:\\\/\\\/repliquemangacine.fr\\\/tanto-mini-katana-one-piece\\\/tanto-nidai-kitetsu-de-luffy\\\/#breadcrumb\"},\"inLanguage\":\"it-IT\",\"potentialAction\":[{\"@type\":\"ReadAction\",\"target\":[\"https:\\\/\\\/repliquemangacine.fr\\\/tanto-mini-katana-one-piece\\\/tanto-nidai-kitetsu-de-luffy\\\/\"]}]},{\"@type\":\"ImageObject\",\"inLanguage\":\"it-IT\",\"@id\":\"https:\\\/\\\/repliquemangacine.fr\\\/tanto-mini-katana-one-piece\\\/tanto-nidai-kitetsu-de-luffy\\\/#primaryimage\",\"url\":\"https:\\\/\\\/repliquemangacine.fr\\\/wp-content\\\/uploads\\\/2023\\\/10\\\/mini-katana-luffy.jpg\",\"contentUrl\":\"https:\\\/\\\/repliquemangacine.fr\\\/wp-content\\\/uploads\\\/2023\\\/10\\\/mini-katana-luffy.jpg\",\"width\":500,\"height\":500,\"caption\":\"Tanto Nidai Kitetsu de Luffy\"},{\"@type\":\"BreadcrumbList\",\"@id\":\"https:\\\/\\\/repliquemangacine.fr\\\/tanto-mini-katana-one-piece\\\/tanto-nidai-kitetsu-de-luffy\\\/#breadcrumb\",\"itemListElement\":[{\"@type\":\"ListItem\",\"position\":1,\"name\":\"Accueil\",\"item\":\"https:\\\/\\\/repliquemangacine.fr\\\/\"},{\"@type\":\"ListItem\",\"position\":2,\"name\":\"Produits\",\"item\":\"https:\\\/\\\/repliquemangacine.fr\\\/boutique\\\/\"},{\"@type\":\"ListItem\",\"position\":3,\"name\":\"Tanto Nidai Kitetsu de Luffy\"}]},{\"@type\":\"WebSite\",\"@id\":\"https:\\\/\\\/repliquemangacine.fr\\\/#website\",\"url\":\"https:\\\/\\\/repliquemangacine.fr\\\/\",\"name\":\"R\u00e9plique Manga Cin\u00e9\",\"description\":\"\",\"publisher\":{\"@id\":\"https:\\\/\\\/repliquemangacine.fr\\\/#organization\"},\"potentialAction\":[{\"@type\":\"SearchAction\",\"target\":{\"@type\":\"EntryPoint\",\"urlTemplate\":\"https:\\\/\\\/repliquemangacine.fr\\\/?s={search_term_string}\"},\"query-input\":{\"@type\":\"PropertyValueSpecification\",\"valueRequired\":true,\"valueName\":\"search_term_string\"}}],\"inLanguage\":\"it-IT\"},{\"@type\":\"Organization\",\"@id\":\"https:\\\/\\\/repliquemangacine.fr\\\/#organization\",\"name\":\"R\u00e9plique Manga Cin\u00e9\",\"url\":\"https:\\\/\\\/repliquemangacine.fr\\\/\",\"logo\":{\"@type\":\"ImageObject\",\"inLanguage\":\"it-IT\",\"@id\":\"https:\\\/\\\/repliquemangacine.fr\\\/#\\\/schema\\\/logo\\\/image\\\/\",\"url\":\"https:\\\/\\\/repliquemangacine.fr\\\/wp-content\\\/uploads\\\/2023\\\/10\\\/RMC-500250.png\",\"contentUrl\":\"https:\\\/\\\/repliquemangacine.fr\\\/wp-content\\\/uploads\\\/2023\\\/10\\\/RMC-500250.png\",\"width\":500,\"height\":250,\"caption\":\"R\u00e9plique Manga Cin\u00e9\"},\"image\":{\"@id\":\"https:\\\/\\\/repliquemangacine.fr\\\/#\\\/schema\\\/logo\\\/image\\\/\"},\"sameAs\":[\"https:\\\/\\\/www.facebook.com\\\/RepliqueMangaCine\",\"https:\\\/\\\/www.instagram.com\\\/repliquemangacine.fr\\\/\"]}]}<\/script>\n<!-- \/ Yoast SEO plugin. -->","yoast_head_json":{"title":"Tanto Nidai Kitetsu di Luffy - vendita katana One Piece - RMC","description":"Guarda subito! Tanto Nidai Kitetsu di Luffy in One Piece al miglior prezzo. Lama in acciaio da 28 cm - Fodero laccato e decorato - Lunghezza: 45 cm","robots":{"index":"index","follow":"follow","max-snippet":"max-snippet:-1","max-image-preview":"max-image-preview:large","max-video-preview":"max-video-preview:-1"},"canonical":"https:\/\/repliquemangacine.fr\/it\/tanto-mini-katana-one-piece\/tanto-nidai-kitetsu-di-luffy\/","og_locale":"it_IT","og_type":"article","og_title":"Tanto Nidai Kitetsu de Luffy - Vente katana One Piece - RMC","og_description":"D\u00e9couvrez vite ! Le Tanto Nidai Kitetsu de Luffy dans One Piece au meilleur prix. Lame en acier de 28 cm - Fourreau laqu\u00e9 et d\u00e9cor\u00e9 - Longueur : 45 cm","og_url":"https:\/\/repliquemangacine.fr\/it\/tanto-mini-katana-one-piece\/tanto-nidai-kitetsu-di-luffy\/","og_site_name":"R\u00e9plique Manga Cin\u00e9","article_publisher":"https:\/\/www.facebook.com\/RepliqueMangaCine","article_modified_time":"2026-04-15T23:13:58+00:00","og_image":[{"width":500,"height":500,"url":"https:\/\/repliquemangacine.fr\/wp-content\/uploads\/2023\/10\/mini-katana-luffy.jpg","type":"image\/jpeg"}],"twitter_card":"summary_large_image","twitter_misc":{"Tempo di lettura stimato":"3 minuti"},"schema":{"@context":"https:\/\/schema.org","@graph":[{"@type":"WebPage","@id":"https:\/\/repliquemangacine.fr\/tanto-mini-katana-one-piece\/tanto-nidai-kitetsu-de-luffy\/","url":"https:\/\/repliquemangacine.fr\/tanto-mini-katana-one-piece\/tanto-nidai-kitetsu-de-luffy\/","name":"Tanto Nidai Kitetsu di Luffy - vendita katana One Piece - RMC","isPartOf":{"@id":"https:\/\/repliquemangacine.fr\/#website"},"primaryImageOfPage":{"@id":"https:\/\/repliquemangacine.fr\/tanto-mini-katana-one-piece\/tanto-nidai-kitetsu-de-luffy\/#primaryimage"},"image":{"@id":"https:\/\/repliquemangacine.fr\/tanto-mini-katana-one-piece\/tanto-nidai-kitetsu-de-luffy\/#primaryimage"},"thumbnailUrl":"https:\/\/repliquemangacine.fr\/wp-content\/uploads\/2023\/10\/mini-katana-luffy.jpg","datePublished":"2023-06-16T17:04:25+00:00","dateModified":"2026-04-15T23:13:58+00:00","description":"Guarda subito! Tanto Nidai Kitetsu di Luffy in One Piece al miglior prezzo. Lama in acciaio da 28 cm - Fodero laccato e decorato - Lunghezza: 45 cm","breadcrumb":{"@id":"https:\/\/repliquemangacine.fr\/tanto-mini-katana-one-piece\/tanto-nidai-kitetsu-de-luffy\/#breadcrumb"},"inLanguage":"it-IT","potentialAction":[{"@type":"ReadAction","target":["https:\/\/repliquemangacine.fr\/tanto-mini-katana-one-piece\/tanto-nidai-kitetsu-de-luffy\/"]}]},{"@type":"ImageObject","inLanguage":"it-IT","@id":"https:\/\/repliquemangacine.fr\/tanto-mini-katana-one-piece\/tanto-nidai-kitetsu-de-luffy\/#primaryimage","url":"https:\/\/repliquemangacine.fr\/wp-content\/uploads\/2023\/10\/mini-katana-luffy.jpg","contentUrl":"https:\/\/repliquemangacine.fr\/wp-content\/uploads\/2023\/10\/mini-katana-luffy.jpg","width":500,"height":500,"caption":"Tanto Nidai Kitetsu de Luffy"},{"@type":"BreadcrumbList","@id":"https:\/\/repliquemangacine.fr\/tanto-mini-katana-one-piece\/tanto-nidai-kitetsu-de-luffy\/#breadcrumb","itemListElement":[{"@type":"ListItem","position":1,"name":"Accueil","item":"https:\/\/repliquemangacine.fr\/"},{"@type":"ListItem","position":2,"name":"Produits","item":"https:\/\/repliquemangacine.fr\/boutique\/"},{"@type":"ListItem","position":3,"name":"Tanto Nidai Kitetsu de Luffy"}]},{"@type":"WebSite","@id":"https:\/\/repliquemangacine.fr\/#website","url":"https:\/\/repliquemangacine.fr\/","name":"R\u00e9plique Manga Cin\u00e9","description":"","publisher":{"@id":"https:\/\/repliquemangacine.fr\/#organization"},"potentialAction":[{"@type":"SearchAction","target":{"@type":"EntryPoint","urlTemplate":"https:\/\/repliquemangacine.fr\/?s={search_term_string}"},"query-input":{"@type":"PropertyValueSpecification","valueRequired":true,"valueName":"search_term_string"}}],"inLanguage":"it-IT"},{"@type":"Organization","@id":"https:\/\/repliquemangacine.fr\/#organization","name":"R\u00e9plique Manga Cin\u00e9","url":"https:\/\/repliquemangacine.fr\/","logo":{"@type":"ImageObject","inLanguage":"it-IT","@id":"https:\/\/repliquemangacine.fr\/#\/schema\/logo\/image\/","url":"https:\/\/repliquemangacine.fr\/wp-content\/uploads\/2023\/10\/RMC-500250.png","contentUrl":"https:\/\/repliquemangacine.fr\/wp-content\/uploads\/2023\/10\/RMC-500250.png","width":500,"height":250,"caption":"R\u00e9plique Manga Cin\u00e9"},"image":{"@id":"https:\/\/repliquemangacine.fr\/#\/schema\/logo\/image\/"},"sameAs":["https:\/\/www.facebook.com\/RepliqueMangaCine","https:\/\/www.instagram.com\/repliquemangacine.fr\/"]}]}},"_links":{"self":[{"href":"https:\/\/repliquemangacine.fr\/it\/wp-json\/wp\/v2\/product\/60928","targetHints":{"allow":["GET"]}}],"collection":[{"href":"https:\/\/repliquemangacine.fr\/it\/wp-json\/wp\/v2\/product"}],"about":[{"href":"https:\/\/repliquemangacine.fr\/it\/wp-json\/wp\/v2\/types\/product"}],"wp:featuredmedia":[{"embeddable":true,"href":"https:\/\/repliquemangacine.fr\/it\/wp-json\/wp\/v2\/media\/60929"}],"wp:attachment":[{"href":"https:\/\/repliquemangacine.fr\/it\/wp-json\/wp\/v2\/media?parent=60928"}],"wp:term":[{"taxonomy":"product_brand","embeddable":true,"href":"https:\/\/repliquemangacine.fr\/it\/wp-json\/wp\/v2\/product_brand?post=60928"},{"taxonomy":"product_cat","embeddable":true,"href":"https:\/\/repliquemangacine.fr\/it\/wp-json\/wp\/v2\/product_cat?post=60928"},{"taxonomy":"product_tag","embeddable":true,"href":"https:\/\/repliquemangacine.fr\/it\/wp-json\/wp\/v2\/product_tag?post=60928"}],"curies":[{"name":"wp","href":"https:\/\/api.w.org\/{rel}","templated":true}]}}