





{"id":60862,"date":"2023-06-16T09:22:15","date_gmt":"2023-06-16T07:22:15","guid":{"rendered":"https:\/\/repliquemangacine.fr\/?post_type=product&#038;p=60862"},"modified":"2026-02-23T07:53:56","modified_gmt":"2026-02-23T06:53:56","slug":"katana-di-legno-di-naruto","status":"publish","type":"product","link":"https:\/\/repliquemangacine.fr\/it\/katana-naruto\/katana-bois-naruto\/","title":{"rendered":"Naruto katana di legno"},"content":{"rendered":"<h2>Katana di legno di Naruto, spada di Kusanagi<\/h2>\n<p>Per cominciare, il <strong>Naruto katana di legno<\/strong>, La spada Kusanagi di Sasuke contrasta con la versione nera dell'anime.<\/p>\n<p>Prima di tutto, \u00e8 una spada giapponese leggendaria, importante in quel Paese come Excalibur in Inghilterra. \u00c8 una delle tre regalie del trono imperiale giapponese. La sua rappresentazione nella cultura giapponese, nei film, negli anime e nei romanzi, varia notevolmente. Ogni autore ha la propria idea e il proprio disegno.<\/p>\n<p>Ad esempio, nel manga Naruto, Orochimaru possiede la spada Kusanagi, ritenuta pi\u00f9 forte del diamante. La usa per uccidere il terzo Hokage durante l'esame finale dei ch\u016bnin. <a href=\"https:\/\/naruto.fandom.com\/fr\/wiki\/Sasuke_Uchiwa\" target=\"_blank\" rel=\"noopener noreferrer\">Sasuke<\/a> ha un'altra versione della spada Kusanagi, non \u00e8 la stessa, ma ha lo stesso nome.<\/p>\n<h2>La tua Katana di legno di Naruto al miglior prezzo.<\/h2>\n<p>Vi proponiamo tutte le repliche dei vostri personaggi preferiti in questo manga animato Naruto.<\/p>\n<p>Innanzitutto,<\/p>\n<ul>\n<li>L' <a href=\"https:\/\/repliquemangacine.fr\/it\/katana-naruto\/kusanagi-spada-sasuke-naruto\/\">Spada Kusanagi<\/a>Una versione nera dell'anime in metallo o in legno.<\/li>\n<li>Ma anche il <a href=\"https:\/\/repliquemangacine.fr\/it\/naruto-kunai-e-shuriken\/naruto-kunai-bianco-grande\/\">Kunai grande<\/a> cos\u00ec come le lame Chakra.<\/li>\n<li>E molti altri da scoprire nel nostro negozio online!<\/li>\n<\/ul>\n<p>Ecco quindi alcune grandi idee regalo per i fan di Naruto.<\/p>\n<p>In conclusione, \u00e8 possibile utilizzare questo <strong>Naruto katana di legno<\/strong> per le vostre sfilate cosplay o serate a tema. Ma soprattutto, la spada Kusanagi \u00e8 anche un oggetto da collezione e un oggetto decorativo.<\/p>\n<h2>Le nostre novit\u00e0 Naruto a buon mercato<\/h2>\n<p>Siamo sempre alla ricerca di novit\u00e0, quindi abbiamo in serbo per voi alcune piccole chicche da scoprire nel prossimo futuro! Sarete in grado di girare per le vostre convention manga con il <strong>spade Kusanagi in legno<\/strong> di Sasuk\u00e9 Uchiwa in versione manga e anime. Ci saranno anche figurine di Naruto e Wallscroll dei vostri personaggi preferiti.<\/p>\n<p>R\u00e9plique Manga Cin\u00e9 \u00e8 un'azienda francese.<\/p>\n<p>Si prega di notare che tutte le nostre repliche sono oggetti da collezione e decorazioni. Possono essere utilizzate per rievocazioni storiche, sfilate di cosplay o decorazioni di interni. Di conseguenza, non \u00e8 possibile andare in luoghi pubblici con queste repliche.<\/p>","protected":false},"excerpt":{"rendered":"<p>Replica identica della spada katana in metallo di Sasuke<\/p>\n<ul>\n<li>Lama in legno verniciato.<\/li>\n<li>Fodero e impugnatura in ABS stampato<\/li>\n<li>Segno dell'Uchiwa.<\/li>\n<li>Lunghezza lama: 70 cm - Lunghezza totale: 102 cm<\/li>\n<\/ul>","protected":false},"featured_media":60863,"template":"","meta":[],"product_brand":[896],"product_cat":[109,23,42],"product_tag":[],"class_list":{"0":"post-60862","1":"product","2":"type-product","3":"status-publish","4":"has-post-thumbnail","6":"product_brand-replique-manga-cine","7":"product_cat-katana-naruto","8":"product_cat-repliques-manga-jeux-video","9":"product_cat-katana-goodies-naruto-kunai","11":"first","12":"instock","13":"sale","14":"taxable","15":"shipping-taxable","16":"purchasable","17":"product-type-simple"},"yoast_head":"<!-- This site is optimized with the Yoast SEO plugin v27.4 - https:\/\/yoast.com\/product\/yoast-seo-wordpress\/ -->\n<title>Katana bois Naruto - Vente en ligne katana, goodies Naruto - RMC<\/title>\n<meta name=\"description\" content=\"Offrez-lui ! Ce Katana bois Naruto au meilleur prix. Lame en bois sans danger pour vos enfants - Fourreau et poign\u00e9e en ABS moul\u00e9 - Longueur totale : 102 cm\" \/>\n<meta name=\"robots\" content=\"index, follow, max-snippet:-1, max-image-preview:large, max-video-preview:-1\" \/>\n<link rel=\"canonical\" href=\"https:\/\/repliquemangacine.fr\/it\/katana-naruto\/katana-di-legno-di-naruto\/\" \/>\n<meta property=\"og:locale\" content=\"it_IT\" \/>\n<meta property=\"og:type\" content=\"article\" \/>\n<meta property=\"og:title\" content=\"Katana bois Naruto - Vente en ligne katana, goodies Naruto - RMC\" \/>\n<meta property=\"og:description\" content=\"Offrez-lui ! Ce Katana bois Naruto au meilleur prix. Lame en bois sans danger pour vos enfants - Fourreau et poign\u00e9e en ABS moul\u00e9 - Longueur totale : 102 cm\" \/>\n<meta property=\"og:url\" content=\"https:\/\/repliquemangacine.fr\/it\/katana-naruto\/katana-di-legno-di-naruto\/\" \/>\n<meta property=\"og:site_name\" content=\"R\u00e9plique Manga Cin\u00e9\" \/>\n<meta property=\"article:publisher\" content=\"https:\/\/www.facebook.com\/RepliqueMangaCine\" \/>\n<meta property=\"article:modified_time\" content=\"2026-02-23T06:53:56+00:00\" \/>\n<meta property=\"og:image\" content=\"https:\/\/repliquemangacine.fr\/wp-content\/uploads\/2023\/10\/katana-naruto-blanc.jpg\" \/>\n\t<meta property=\"og:image:width\" content=\"500\" \/>\n\t<meta property=\"og:image:height\" content=\"500\" \/>\n\t<meta property=\"og:image:type\" content=\"image\/jpeg\" \/>\n<meta name=\"twitter:card\" content=\"summary_large_image\" \/>\n<meta name=\"twitter:label1\" content=\"Tempo di lettura stimato\" \/>\n\t<meta name=\"twitter:data1\" content=\"3 minuti\" \/>\n<script type=\"application\/ld+json\" class=\"yoast-schema-graph\">{\"@context\":\"https:\\\/\\\/schema.org\",\"@graph\":[{\"@type\":\"WebPage\",\"@id\":\"https:\\\/\\\/repliquemangacine.fr\\\/katana-naruto\\\/katana-bois-naruto\\\/\",\"url\":\"https:\\\/\\\/repliquemangacine.fr\\\/katana-naruto\\\/katana-bois-naruto\\\/\",\"name\":\"Katana bois Naruto - Vente en ligne katana, goodies Naruto - RMC\",\"isPartOf\":{\"@id\":\"https:\\\/\\\/repliquemangacine.fr\\\/#website\"},\"primaryImageOfPage\":{\"@id\":\"https:\\\/\\\/repliquemangacine.fr\\\/katana-naruto\\\/katana-bois-naruto\\\/#primaryimage\"},\"image\":{\"@id\":\"https:\\\/\\\/repliquemangacine.fr\\\/katana-naruto\\\/katana-bois-naruto\\\/#primaryimage\"},\"thumbnailUrl\":\"https:\\\/\\\/repliquemangacine.fr\\\/wp-content\\\/uploads\\\/2023\\\/10\\\/katana-naruto-blanc.jpg\",\"datePublished\":\"2023-06-16T07:22:15+00:00\",\"dateModified\":\"2026-02-23T06:53:56+00:00\",\"description\":\"Offrez-lui ! Ce Katana bois Naruto au meilleur prix. Lame en bois sans danger pour vos enfants - Fourreau et poign\u00e9e en ABS moul\u00e9 - Longueur totale : 102 cm\",\"breadcrumb\":{\"@id\":\"https:\\\/\\\/repliquemangacine.fr\\\/katana-naruto\\\/katana-bois-naruto\\\/#breadcrumb\"},\"inLanguage\":\"it-IT\",\"potentialAction\":[{\"@type\":\"ReadAction\",\"target\":[\"https:\\\/\\\/repliquemangacine.fr\\\/katana-naruto\\\/katana-bois-naruto\\\/\"]}]},{\"@type\":\"ImageObject\",\"inLanguage\":\"it-IT\",\"@id\":\"https:\\\/\\\/repliquemangacine.fr\\\/katana-naruto\\\/katana-bois-naruto\\\/#primaryimage\",\"url\":\"https:\\\/\\\/repliquemangacine.fr\\\/wp-content\\\/uploads\\\/2023\\\/10\\\/katana-naruto-blanc.jpg\",\"contentUrl\":\"https:\\\/\\\/repliquemangacine.fr\\\/wp-content\\\/uploads\\\/2023\\\/10\\\/katana-naruto-blanc.jpg\",\"width\":500,\"height\":500,\"caption\":\"Katana bois Naruto\"},{\"@type\":\"BreadcrumbList\",\"@id\":\"https:\\\/\\\/repliquemangacine.fr\\\/katana-naruto\\\/katana-bois-naruto\\\/#breadcrumb\",\"itemListElement\":[{\"@type\":\"ListItem\",\"position\":1,\"name\":\"Accueil\",\"item\":\"https:\\\/\\\/repliquemangacine.fr\\\/\"},{\"@type\":\"ListItem\",\"position\":2,\"name\":\"Produits\",\"item\":\"https:\\\/\\\/repliquemangacine.fr\\\/boutique\\\/\"},{\"@type\":\"ListItem\",\"position\":3,\"name\":\"Katana bois Naruto\"}]},{\"@type\":\"WebSite\",\"@id\":\"https:\\\/\\\/repliquemangacine.fr\\\/#website\",\"url\":\"https:\\\/\\\/repliquemangacine.fr\\\/\",\"name\":\"R\u00e9plique Manga Cin\u00e9\",\"description\":\"\",\"publisher\":{\"@id\":\"https:\\\/\\\/repliquemangacine.fr\\\/#organization\"},\"potentialAction\":[{\"@type\":\"SearchAction\",\"target\":{\"@type\":\"EntryPoint\",\"urlTemplate\":\"https:\\\/\\\/repliquemangacine.fr\\\/?s={search_term_string}\"},\"query-input\":{\"@type\":\"PropertyValueSpecification\",\"valueRequired\":true,\"valueName\":\"search_term_string\"}}],\"inLanguage\":\"it-IT\"},{\"@type\":\"Organization\",\"@id\":\"https:\\\/\\\/repliquemangacine.fr\\\/#organization\",\"name\":\"R\u00e9plique Manga Cin\u00e9\",\"url\":\"https:\\\/\\\/repliquemangacine.fr\\\/\",\"logo\":{\"@type\":\"ImageObject\",\"inLanguage\":\"it-IT\",\"@id\":\"https:\\\/\\\/repliquemangacine.fr\\\/#\\\/schema\\\/logo\\\/image\\\/\",\"url\":\"https:\\\/\\\/repliquemangacine.fr\\\/wp-content\\\/uploads\\\/2023\\\/10\\\/RMC-500250.png\",\"contentUrl\":\"https:\\\/\\\/repliquemangacine.fr\\\/wp-content\\\/uploads\\\/2023\\\/10\\\/RMC-500250.png\",\"width\":500,\"height\":250,\"caption\":\"R\u00e9plique Manga Cin\u00e9\"},\"image\":{\"@id\":\"https:\\\/\\\/repliquemangacine.fr\\\/#\\\/schema\\\/logo\\\/image\\\/\"},\"sameAs\":[\"https:\\\/\\\/www.facebook.com\\\/RepliqueMangaCine\",\"https:\\\/\\\/www.instagram.com\\\/repliquemangacine.fr\\\/\"]}]}<\/script>\n<!-- \/ Yoast SEO plugin. -->","yoast_head_json":{"title":"Katana Naruto in legno - Vendita online katana, chicche Naruto - RMC","description":"Regalatela! Questa Katana di legno di Naruto al miglior prezzo. Lama in legno a prova di bambino - Fodero e impugnatura in ABS sagomato - Lunghezza totale: 102 cm","robots":{"index":"index","follow":"follow","max-snippet":"max-snippet:-1","max-image-preview":"max-image-preview:large","max-video-preview":"max-video-preview:-1"},"canonical":"https:\/\/repliquemangacine.fr\/it\/katana-naruto\/katana-di-legno-di-naruto\/","og_locale":"it_IT","og_type":"article","og_title":"Katana bois Naruto - Vente en ligne katana, goodies Naruto - RMC","og_description":"Offrez-lui ! Ce Katana bois Naruto au meilleur prix. Lame en bois sans danger pour vos enfants - Fourreau et poign\u00e9e en ABS moul\u00e9 - Longueur totale : 102 cm","og_url":"https:\/\/repliquemangacine.fr\/it\/katana-naruto\/katana-di-legno-di-naruto\/","og_site_name":"R\u00e9plique Manga Cin\u00e9","article_publisher":"https:\/\/www.facebook.com\/RepliqueMangaCine","article_modified_time":"2026-02-23T06:53:56+00:00","og_image":[{"width":500,"height":500,"url":"https:\/\/repliquemangacine.fr\/wp-content\/uploads\/2023\/10\/katana-naruto-blanc.jpg","type":"image\/jpeg"}],"twitter_card":"summary_large_image","twitter_misc":{"Tempo di lettura stimato":"3 minuti"},"schema":{"@context":"https:\/\/schema.org","@graph":[{"@type":"WebPage","@id":"https:\/\/repliquemangacine.fr\/katana-naruto\/katana-bois-naruto\/","url":"https:\/\/repliquemangacine.fr\/katana-naruto\/katana-bois-naruto\/","name":"Katana Naruto in legno - Vendita online katana, chicche Naruto - RMC","isPartOf":{"@id":"https:\/\/repliquemangacine.fr\/#website"},"primaryImageOfPage":{"@id":"https:\/\/repliquemangacine.fr\/katana-naruto\/katana-bois-naruto\/#primaryimage"},"image":{"@id":"https:\/\/repliquemangacine.fr\/katana-naruto\/katana-bois-naruto\/#primaryimage"},"thumbnailUrl":"https:\/\/repliquemangacine.fr\/wp-content\/uploads\/2023\/10\/katana-naruto-blanc.jpg","datePublished":"2023-06-16T07:22:15+00:00","dateModified":"2026-02-23T06:53:56+00:00","description":"Regalatela! Questa Katana di legno di Naruto al miglior prezzo. Lama in legno a prova di bambino - Fodero e impugnatura in ABS sagomato - Lunghezza totale: 102 cm","breadcrumb":{"@id":"https:\/\/repliquemangacine.fr\/katana-naruto\/katana-bois-naruto\/#breadcrumb"},"inLanguage":"it-IT","potentialAction":[{"@type":"ReadAction","target":["https:\/\/repliquemangacine.fr\/katana-naruto\/katana-bois-naruto\/"]}]},{"@type":"ImageObject","inLanguage":"it-IT","@id":"https:\/\/repliquemangacine.fr\/katana-naruto\/katana-bois-naruto\/#primaryimage","url":"https:\/\/repliquemangacine.fr\/wp-content\/uploads\/2023\/10\/katana-naruto-blanc.jpg","contentUrl":"https:\/\/repliquemangacine.fr\/wp-content\/uploads\/2023\/10\/katana-naruto-blanc.jpg","width":500,"height":500,"caption":"Katana bois Naruto"},{"@type":"BreadcrumbList","@id":"https:\/\/repliquemangacine.fr\/katana-naruto\/katana-bois-naruto\/#breadcrumb","itemListElement":[{"@type":"ListItem","position":1,"name":"Accueil","item":"https:\/\/repliquemangacine.fr\/"},{"@type":"ListItem","position":2,"name":"Produits","item":"https:\/\/repliquemangacine.fr\/boutique\/"},{"@type":"ListItem","position":3,"name":"Katana bois Naruto"}]},{"@type":"WebSite","@id":"https:\/\/repliquemangacine.fr\/#website","url":"https:\/\/repliquemangacine.fr\/","name":"R\u00e9plique Manga Cin\u00e9","description":"","publisher":{"@id":"https:\/\/repliquemangacine.fr\/#organization"},"potentialAction":[{"@type":"SearchAction","target":{"@type":"EntryPoint","urlTemplate":"https:\/\/repliquemangacine.fr\/?s={search_term_string}"},"query-input":{"@type":"PropertyValueSpecification","valueRequired":true,"valueName":"search_term_string"}}],"inLanguage":"it-IT"},{"@type":"Organization","@id":"https:\/\/repliquemangacine.fr\/#organization","name":"R\u00e9plique Manga Cin\u00e9","url":"https:\/\/repliquemangacine.fr\/","logo":{"@type":"ImageObject","inLanguage":"it-IT","@id":"https:\/\/repliquemangacine.fr\/#\/schema\/logo\/image\/","url":"https:\/\/repliquemangacine.fr\/wp-content\/uploads\/2023\/10\/RMC-500250.png","contentUrl":"https:\/\/repliquemangacine.fr\/wp-content\/uploads\/2023\/10\/RMC-500250.png","width":500,"height":250,"caption":"R\u00e9plique Manga Cin\u00e9"},"image":{"@id":"https:\/\/repliquemangacine.fr\/#\/schema\/logo\/image\/"},"sameAs":["https:\/\/www.facebook.com\/RepliqueMangaCine","https:\/\/www.instagram.com\/repliquemangacine.fr\/"]}]}},"_links":{"self":[{"href":"https:\/\/repliquemangacine.fr\/it\/wp-json\/wp\/v2\/product\/60862","targetHints":{"allow":["GET"]}}],"collection":[{"href":"https:\/\/repliquemangacine.fr\/it\/wp-json\/wp\/v2\/product"}],"about":[{"href":"https:\/\/repliquemangacine.fr\/it\/wp-json\/wp\/v2\/types\/product"}],"wp:featuredmedia":[{"embeddable":true,"href":"https:\/\/repliquemangacine.fr\/it\/wp-json\/wp\/v2\/media\/60863"}],"wp:attachment":[{"href":"https:\/\/repliquemangacine.fr\/it\/wp-json\/wp\/v2\/media?parent=60862"}],"wp:term":[{"taxonomy":"product_brand","embeddable":true,"href":"https:\/\/repliquemangacine.fr\/it\/wp-json\/wp\/v2\/product_brand?post=60862"},{"taxonomy":"product_cat","embeddable":true,"href":"https:\/\/repliquemangacine.fr\/it\/wp-json\/wp\/v2\/product_cat?post=60862"},{"taxonomy":"product_tag","embeddable":true,"href":"https:\/\/repliquemangacine.fr\/it\/wp-json\/wp\/v2\/product_tag?post=60862"}],"curies":[{"name":"wp","href":"https:\/\/api.w.org\/{rel}","templated":true}]}}