





{"id":60813,"date":"2023-06-14T15:57:45","date_gmt":"2023-06-14T13:57:45","guid":{"rendered":"https:\/\/repliquemangacine.fr\/?post_type=product&#038;p=60813"},"modified":"2025-11-21T12:19:33","modified_gmt":"2025-11-21T11:19:33","slug":"katana-di-legno-byakuya","status":"publish","type":"product","link":"https:\/\/repliquemangacine.fr\/it\/katana-bleach\/katana-bois-byakuya\/","title":{"rendered":"Katana di legno Byakuya"},"content":{"rendered":"<h2>Katana di legno di Byakuya Bleach<\/h2>\n<p>Per cominciare, il<strong> Katana di legno Byakuya<\/strong> Senbonzakura Bleach \u00e8 la sua zanpakuto in forma sigillata. Senbonzakura (Mille fiori di ciliegio) \u00e8 una katana standard. Ha una normale guardia di bronzo con una cornice aperta, simile a una finestra a quattro vetri. Ha un'impugnatura color lavanda e un fodero bianco.<\/p>\n<p>La frase di lancio del suo Shikai \u00e8: Disperditi nell'anime. Nello Shikai, la lama della katana si divide in mille piccole lame che volano nell'aria, lasciando solo l'impugnatura e la tsuba della spada nella mano del combattente. <a href=\"https:\/\/bleach.fandom.com\/fr\/wiki\/Byakuya_Kuchiki\" target=\"_blank\" rel=\"noopener noreferrer\">Byakuya<\/a> e, con il loro movimento, danno l'impressione di fiori di ciliegio.<\/p>\n<p>La sua padronanza del Kid\u014d, il suo forte potere spirituale e il suo Zanpakut\u014d, Senbonzakura, lo rendono uno dei capitani pi\u00f9 temibili delle 13 Divisioni. Byakuya \u00e8 un combattente dalla battuta pronta e un maestro di tattica.<\/p>\n<h2>La tua Katana di legno Byakuya Bleach al miglior prezzo.<\/h2>\n<p>Offriamo un'ampia gamma di repliche del vostro anime manga preferito Bleach<\/p>\n<p>Innanzitutto<\/p>\n<ul>\n<li>Il must-have <a href=\"https:\/\/repliquemangacine.fr\/it\/katana-bleach\/katana-bankai-tensa-zangetsu-ichigo-104-cm\/\">Ichigo bankai<\/a> la versione breve di Tensa Zangetsu, ma ne esistono diverse versioni.<\/li>\n<li>C'\u00e8 anche il<a href=\"https:\/\/repliquemangacine.fr\/it\/katana-bleach\/benihime-kisuke-urahara-bleach-canna-da-spada\/\"> Asta per spada Benihime<\/a> di Kisuk\u00e9 Urahara.<\/li>\n<li>Cos\u00ec come il <a href=\"https:\/\/repliquemangacine.fr\/it\/katana-bleach\/katana-byakuya-senbonzakura-bleach-epee-bleach\/\">Katana di metallo Byakuya<\/a> senbonzakura tou vestito di bianco.<\/li>\n<li>E molti altri da scoprire nel nostro negozio online!<\/li>\n<\/ul>\n<p>Ecco quindi alcune grandi idee regalo per tutti i fan di Bleach.<\/p>\n<p>In conclusione, \u00e8 possibile utilizzare il metodo <strong>Katana di legno Byakuya<\/strong> in Bleach per le vostre sfilate di cosplay o per le vostre feste a tema. Ma soprattutto, questa Zanpakuto di Byakuya \u00e8 un oggetto da collezione e un pezzo decorativo.<\/p>\n<h2>Le nostre novit\u00e0 Bleach a basso prezzo<\/h2>\n<p>Siamo sempre alla ricerca di qualcosa di nuovo per soddisfare le vostre richieste, quindi abbiamo alcune piccole chicche da farvi scoprire nel prossimo futuro! Potrete passeggiare per le vostre convention manga con la nuova spada di Ichigo the <a href=\"https:\/\/repliquemangacine.fr\/it\/katana-bleach\/bankai-ricostruisce-ichigo\/\">banka\u00ef Ricostruzione<\/a>. Saranno presenti anche le figurine di Bleach e il <strong>katana di legno come Byakuya<\/strong> dei vostri personaggi preferiti.<\/p>\n<p>R\u00e9plique Manga Cin\u00e9 \u00e8 un'azienda francese.<\/p>\n<p>Si prega di notare che tutte le nostre repliche sono oggetti da collezione e decorazioni. Possono essere utilizzate per rievocazioni storiche, sfilate di cosplay o decorazioni di interni. Di conseguenza, non \u00e8 possibile andare in luoghi pubblici con queste repliche.<\/p>","protected":false},"excerpt":{"rendered":"<p>Replica esatta della katana d'acciaio di Byakuya senbonzakura.<\/p>\n<ul>\n<li>Lama realizzata interamente in bamb\u00f9 (legno).<\/li>\n<li>Protezione in ABS sagomata appositamente.<\/li>\n<li>Guaina laccata bianca<\/li>\n<li>Manico rivestito di treccia di cotone viola.<\/li>\n<li>Lunghezza lama: 70 cm - Lunghezza totale: 102 cm - Peso: 550 gr.<\/li>\n<\/ul>","protected":false},"featured_media":60814,"template":"","meta":[],"product_brand":[896],"product_cat":[30,23],"product_tag":[],"class_list":{"0":"post-60813","1":"product","2":"type-product","3":"status-publish","4":"has-post-thumbnail","6":"product_brand-replique-manga-cine","7":"product_cat-katana-bleach","8":"product_cat-repliques-manga-jeux-video","10":"first","11":"instock","12":"taxable","13":"shipping-taxable","14":"purchasable","15":"product-type-simple"},"yoast_head":"<!-- This site is optimized with the Yoast SEO plugin v27.5 - https:\/\/yoast.com\/product\/yoast-seo-wordpress\/ -->\n<title>Katana bois Byakuya - Boutique en ligne katana Bleach - RMC<\/title>\n<meta name=\"description\" content=\"Offrez-lui ! Ce superbe Katana bois Byakuya dans Bleach au meilleur prix - Lame en bois sans aucun danger pour vos enfants - Fourreau laqu\u00e9 blanc - 102 cm\" \/>\n<meta name=\"robots\" content=\"index, follow, max-snippet:-1, max-image-preview:large, max-video-preview:-1\" \/>\n<link rel=\"canonical\" href=\"https:\/\/repliquemangacine.fr\/it\/katana-bleach\/katana-di-legno-byakuya\/\" \/>\n<meta property=\"og:locale\" content=\"it_IT\" \/>\n<meta property=\"og:type\" content=\"article\" \/>\n<meta property=\"og:title\" content=\"Katana bois Byakuya - Boutique en ligne katana Bleach - RMC\" \/>\n<meta property=\"og:description\" content=\"Offrez-lui ! Ce superbe Katana bois Byakuya dans Bleach au meilleur prix - Lame en bois sans aucun danger pour vos enfants - Fourreau laqu\u00e9 blanc - 102 cm\" \/>\n<meta property=\"og:url\" content=\"https:\/\/repliquemangacine.fr\/it\/katana-bleach\/katana-di-legno-byakuya\/\" \/>\n<meta property=\"og:site_name\" content=\"R\u00e9plique Manga Cin\u00e9\" \/>\n<meta property=\"article:publisher\" content=\"https:\/\/www.facebook.com\/RepliqueMangaCine\" \/>\n<meta property=\"article:modified_time\" content=\"2025-11-21T11:19:33+00:00\" \/>\n<meta property=\"og:image\" content=\"https:\/\/repliquemangacine.fr\/wp-content\/uploads\/2023\/10\/Katana-bois-Byakuya-5.jpg\" \/>\n\t<meta property=\"og:image:width\" content=\"500\" \/>\n\t<meta property=\"og:image:height\" content=\"500\" \/>\n\t<meta property=\"og:image:type\" content=\"image\/jpeg\" \/>\n<meta name=\"twitter:card\" content=\"summary_large_image\" \/>\n<meta name=\"twitter:label1\" content=\"Tempo di lettura stimato\" \/>\n\t<meta name=\"twitter:data1\" content=\"3 minuti\" \/>\n<script type=\"application\/ld+json\" class=\"yoast-schema-graph\">{\"@context\":\"https:\\\/\\\/schema.org\",\"@graph\":[{\"@type\":\"WebPage\",\"@id\":\"https:\\\/\\\/repliquemangacine.fr\\\/katana-bleach\\\/katana-bois-byakuya\\\/\",\"url\":\"https:\\\/\\\/repliquemangacine.fr\\\/katana-bleach\\\/katana-bois-byakuya\\\/\",\"name\":\"Katana bois Byakuya - Boutique en ligne katana Bleach - RMC\",\"isPartOf\":{\"@id\":\"https:\\\/\\\/repliquemangacine.fr\\\/#website\"},\"primaryImageOfPage\":{\"@id\":\"https:\\\/\\\/repliquemangacine.fr\\\/katana-bleach\\\/katana-bois-byakuya\\\/#primaryimage\"},\"image\":{\"@id\":\"https:\\\/\\\/repliquemangacine.fr\\\/katana-bleach\\\/katana-bois-byakuya\\\/#primaryimage\"},\"thumbnailUrl\":\"https:\\\/\\\/repliquemangacine.fr\\\/wp-content\\\/uploads\\\/2023\\\/10\\\/Katana-bois-Byakuya-5.jpg\",\"datePublished\":\"2023-06-14T13:57:45+00:00\",\"dateModified\":\"2025-11-21T11:19:33+00:00\",\"description\":\"Offrez-lui ! Ce superbe Katana bois Byakuya dans Bleach au meilleur prix - Lame en bois sans aucun danger pour vos enfants - Fourreau laqu\u00e9 blanc - 102 cm\",\"breadcrumb\":{\"@id\":\"https:\\\/\\\/repliquemangacine.fr\\\/katana-bleach\\\/katana-bois-byakuya\\\/#breadcrumb\"},\"inLanguage\":\"it-IT\",\"potentialAction\":[{\"@type\":\"ReadAction\",\"target\":[\"https:\\\/\\\/repliquemangacine.fr\\\/katana-bleach\\\/katana-bois-byakuya\\\/\"]}]},{\"@type\":\"ImageObject\",\"inLanguage\":\"it-IT\",\"@id\":\"https:\\\/\\\/repliquemangacine.fr\\\/katana-bleach\\\/katana-bois-byakuya\\\/#primaryimage\",\"url\":\"https:\\\/\\\/repliquemangacine.fr\\\/wp-content\\\/uploads\\\/2023\\\/10\\\/Katana-bois-Byakuya-5.jpg\",\"contentUrl\":\"https:\\\/\\\/repliquemangacine.fr\\\/wp-content\\\/uploads\\\/2023\\\/10\\\/Katana-bois-Byakuya-5.jpg\",\"width\":500,\"height\":500,\"caption\":\"Katana bois Byakuya\"},{\"@type\":\"BreadcrumbList\",\"@id\":\"https:\\\/\\\/repliquemangacine.fr\\\/katana-bleach\\\/katana-bois-byakuya\\\/#breadcrumb\",\"itemListElement\":[{\"@type\":\"ListItem\",\"position\":1,\"name\":\"Accueil\",\"item\":\"https:\\\/\\\/repliquemangacine.fr\\\/\"},{\"@type\":\"ListItem\",\"position\":2,\"name\":\"Produits\",\"item\":\"https:\\\/\\\/repliquemangacine.fr\\\/boutique\\\/\"},{\"@type\":\"ListItem\",\"position\":3,\"name\":\"Katana bois Byakuya\"}]},{\"@type\":\"WebSite\",\"@id\":\"https:\\\/\\\/repliquemangacine.fr\\\/#website\",\"url\":\"https:\\\/\\\/repliquemangacine.fr\\\/\",\"name\":\"R\u00e9plique Manga Cin\u00e9\",\"description\":\"\",\"publisher\":{\"@id\":\"https:\\\/\\\/repliquemangacine.fr\\\/#organization\"},\"potentialAction\":[{\"@type\":\"SearchAction\",\"target\":{\"@type\":\"EntryPoint\",\"urlTemplate\":\"https:\\\/\\\/repliquemangacine.fr\\\/?s={search_term_string}\"},\"query-input\":{\"@type\":\"PropertyValueSpecification\",\"valueRequired\":true,\"valueName\":\"search_term_string\"}}],\"inLanguage\":\"it-IT\"},{\"@type\":\"Organization\",\"@id\":\"https:\\\/\\\/repliquemangacine.fr\\\/#organization\",\"name\":\"R\u00e9plique Manga Cin\u00e9\",\"url\":\"https:\\\/\\\/repliquemangacine.fr\\\/\",\"logo\":{\"@type\":\"ImageObject\",\"inLanguage\":\"it-IT\",\"@id\":\"https:\\\/\\\/repliquemangacine.fr\\\/#\\\/schema\\\/logo\\\/image\\\/\",\"url\":\"https:\\\/\\\/repliquemangacine.fr\\\/wp-content\\\/uploads\\\/2023\\\/10\\\/RMC-500250.png\",\"contentUrl\":\"https:\\\/\\\/repliquemangacine.fr\\\/wp-content\\\/uploads\\\/2023\\\/10\\\/RMC-500250.png\",\"width\":500,\"height\":250,\"caption\":\"R\u00e9plique Manga Cin\u00e9\"},\"image\":{\"@id\":\"https:\\\/\\\/repliquemangacine.fr\\\/#\\\/schema\\\/logo\\\/image\\\/\"},\"sameAs\":[\"https:\\\/\\\/www.facebook.com\\\/RepliqueMangaCine\",\"https:\\\/\\\/www.instagram.com\\\/repliquemangacine.fr\\\/\"]}]}<\/script>\n<!-- \/ Yoast SEO plugin. -->","yoast_head_json":{"title":"Byakuya katana di legno - Bleach katana negozio online - RMC","description":"Regalatela a lui! Questa superba Katana in legno Byakuya in Bleach al miglior prezzo - Lama in legno a prova di bambino - Fodero laccato bianco - 102 cm","robots":{"index":"index","follow":"follow","max-snippet":"max-snippet:-1","max-image-preview":"max-image-preview:large","max-video-preview":"max-video-preview:-1"},"canonical":"https:\/\/repliquemangacine.fr\/it\/katana-bleach\/katana-di-legno-byakuya\/","og_locale":"it_IT","og_type":"article","og_title":"Katana bois Byakuya - Boutique en ligne katana Bleach - RMC","og_description":"Offrez-lui ! Ce superbe Katana bois Byakuya dans Bleach au meilleur prix - Lame en bois sans aucun danger pour vos enfants - Fourreau laqu\u00e9 blanc - 102 cm","og_url":"https:\/\/repliquemangacine.fr\/it\/katana-bleach\/katana-di-legno-byakuya\/","og_site_name":"R\u00e9plique Manga Cin\u00e9","article_publisher":"https:\/\/www.facebook.com\/RepliqueMangaCine","article_modified_time":"2025-11-21T11:19:33+00:00","og_image":[{"width":500,"height":500,"url":"https:\/\/repliquemangacine.fr\/wp-content\/uploads\/2023\/10\/Katana-bois-Byakuya-5.jpg","type":"image\/jpeg"}],"twitter_card":"summary_large_image","twitter_misc":{"Tempo di lettura stimato":"3 minuti"},"schema":{"@context":"https:\/\/schema.org","@graph":[{"@type":"WebPage","@id":"https:\/\/repliquemangacine.fr\/katana-bleach\/katana-bois-byakuya\/","url":"https:\/\/repliquemangacine.fr\/katana-bleach\/katana-bois-byakuya\/","name":"Byakuya katana di legno - Bleach katana negozio online - RMC","isPartOf":{"@id":"https:\/\/repliquemangacine.fr\/#website"},"primaryImageOfPage":{"@id":"https:\/\/repliquemangacine.fr\/katana-bleach\/katana-bois-byakuya\/#primaryimage"},"image":{"@id":"https:\/\/repliquemangacine.fr\/katana-bleach\/katana-bois-byakuya\/#primaryimage"},"thumbnailUrl":"https:\/\/repliquemangacine.fr\/wp-content\/uploads\/2023\/10\/Katana-bois-Byakuya-5.jpg","datePublished":"2023-06-14T13:57:45+00:00","dateModified":"2025-11-21T11:19:33+00:00","description":"Regalatela a lui! Questa superba Katana in legno Byakuya in Bleach al miglior prezzo - Lama in legno a prova di bambino - Fodero laccato bianco - 102 cm","breadcrumb":{"@id":"https:\/\/repliquemangacine.fr\/katana-bleach\/katana-bois-byakuya\/#breadcrumb"},"inLanguage":"it-IT","potentialAction":[{"@type":"ReadAction","target":["https:\/\/repliquemangacine.fr\/katana-bleach\/katana-bois-byakuya\/"]}]},{"@type":"ImageObject","inLanguage":"it-IT","@id":"https:\/\/repliquemangacine.fr\/katana-bleach\/katana-bois-byakuya\/#primaryimage","url":"https:\/\/repliquemangacine.fr\/wp-content\/uploads\/2023\/10\/Katana-bois-Byakuya-5.jpg","contentUrl":"https:\/\/repliquemangacine.fr\/wp-content\/uploads\/2023\/10\/Katana-bois-Byakuya-5.jpg","width":500,"height":500,"caption":"Katana bois Byakuya"},{"@type":"BreadcrumbList","@id":"https:\/\/repliquemangacine.fr\/katana-bleach\/katana-bois-byakuya\/#breadcrumb","itemListElement":[{"@type":"ListItem","position":1,"name":"Accueil","item":"https:\/\/repliquemangacine.fr\/"},{"@type":"ListItem","position":2,"name":"Produits","item":"https:\/\/repliquemangacine.fr\/boutique\/"},{"@type":"ListItem","position":3,"name":"Katana bois Byakuya"}]},{"@type":"WebSite","@id":"https:\/\/repliquemangacine.fr\/#website","url":"https:\/\/repliquemangacine.fr\/","name":"R\u00e9plique Manga Cin\u00e9","description":"","publisher":{"@id":"https:\/\/repliquemangacine.fr\/#organization"},"potentialAction":[{"@type":"SearchAction","target":{"@type":"EntryPoint","urlTemplate":"https:\/\/repliquemangacine.fr\/?s={search_term_string}"},"query-input":{"@type":"PropertyValueSpecification","valueRequired":true,"valueName":"search_term_string"}}],"inLanguage":"it-IT"},{"@type":"Organization","@id":"https:\/\/repliquemangacine.fr\/#organization","name":"R\u00e9plique Manga Cin\u00e9","url":"https:\/\/repliquemangacine.fr\/","logo":{"@type":"ImageObject","inLanguage":"it-IT","@id":"https:\/\/repliquemangacine.fr\/#\/schema\/logo\/image\/","url":"https:\/\/repliquemangacine.fr\/wp-content\/uploads\/2023\/10\/RMC-500250.png","contentUrl":"https:\/\/repliquemangacine.fr\/wp-content\/uploads\/2023\/10\/RMC-500250.png","width":500,"height":250,"caption":"R\u00e9plique Manga Cin\u00e9"},"image":{"@id":"https:\/\/repliquemangacine.fr\/#\/schema\/logo\/image\/"},"sameAs":["https:\/\/www.facebook.com\/RepliqueMangaCine","https:\/\/www.instagram.com\/repliquemangacine.fr\/"]}]}},"_links":{"self":[{"href":"https:\/\/repliquemangacine.fr\/it\/wp-json\/wp\/v2\/product\/60813","targetHints":{"allow":["GET"]}}],"collection":[{"href":"https:\/\/repliquemangacine.fr\/it\/wp-json\/wp\/v2\/product"}],"about":[{"href":"https:\/\/repliquemangacine.fr\/it\/wp-json\/wp\/v2\/types\/product"}],"wp:featuredmedia":[{"embeddable":true,"href":"https:\/\/repliquemangacine.fr\/it\/wp-json\/wp\/v2\/media\/60814"}],"wp:attachment":[{"href":"https:\/\/repliquemangacine.fr\/it\/wp-json\/wp\/v2\/media?parent=60813"}],"wp:term":[{"taxonomy":"product_brand","embeddable":true,"href":"https:\/\/repliquemangacine.fr\/it\/wp-json\/wp\/v2\/product_brand?post=60813"},{"taxonomy":"product_cat","embeddable":true,"href":"https:\/\/repliquemangacine.fr\/it\/wp-json\/wp\/v2\/product_cat?post=60813"},{"taxonomy":"product_tag","embeddable":true,"href":"https:\/\/repliquemangacine.fr\/it\/wp-json\/wp\/v2\/product_tag?post=60813"}],"curies":[{"name":"wp","href":"https:\/\/api.w.org\/{rel}","templated":true}]}}