





{"id":60306,"date":"2023-05-18T14:14:21","date_gmt":"2023-05-18T12:14:21","guid":{"rendered":"https:\/\/repliquemangacine.fr\/?post_type=product&#038;p=60306"},"modified":"2025-12-12T17:21:52","modified_gmt":"2025-12-12T16:21:52","slug":"colt-thunderer-calcio-in-madreperla","status":"publish","type":"product","link":"https:\/\/repliquemangacine.fr\/it\/colt-revolver-western\/colt-thunderer-crosse-nacre\/","title":{"rendered":"Calcio Colt Thunderer in madreperla"},"content":{"rendered":"<h2>Colt Thunderer con calcio in madreperla - Kolser<\/h2>\n<p>Per cominciare, il <strong>Calcio Colt Thunderer in madreperla<\/strong>, Realizzato da Kolser a partire dal telaio del modello precedente al 1896. Dotato di un elegante calcio a testa di uccello in finta madreperla.<\/p>\n<p>Questo magnifico revolver replica \u00e8 realizzato in zamac con camera di cartuccia ricaricabile, canna rotante e il classico meccanismo funzionale Kolser che rende le sue repliche le pi\u00f9 realistiche sul mercato.<\/p>\n<p>La finitura del Kolser Thunderer segue le caratteristiche pi\u00f9 rappresentative del revolver creato quasi un secolo e mezzo fa, aggiungendo nuovi tocchi che lo rendono un pezzo di lusso.<\/p>\n<h2>La vostra Colt Thunderer in madreperla al miglior prezzo.<\/h2>\n<p>Vi offriamo un'ampia scelta di riproduzioni di armi Western Kolser ai prezzi pi\u00f9 bassi del mercato.<\/p>\n<p>Innanzitutto,<\/p>\n<ul>\n<li>Le <a href=\"https:\/\/repliquemangacine.fr\/it\/pistola-kolser\/colt-45-custodia-in-ottone-1873-kolser\/\">Colt SAA in ottone<\/a> Calibro 45, 4,75 pollici con lucidatura a mano.<\/li>\n<li>Ma \u00e8 necessario anche <a href=\"https:\/\/repliquemangacine.fr\/it\/pistola-kolser\/6-proiettili-finti-per-colt-45-kolser\/\">Proiettili finti Kolser<\/a> per un maggiore realismo.<\/li>\n<li>E molti altri da scoprire nel nostro negozio online!<\/li>\n<\/ul>\n<p>Ecco perch\u00e9 \u00e8 un'ottima idea regalo per i collezionisti o gli appassionati di western.<\/p>\n<p>In conclusione, \u00e8 possibile utilizzare il metodo <strong>Calcio Colt Thunderer in madreperla<\/strong> per le vostre dimostrazioni western o serate a tema.<\/p>\n<p>R\u00e9plique Manga Cin\u00e9 \u00e8 un'azienda francese e distributore del marchio <a href=\"https:\/\/kolser.com\/fr\/product\/replique-revolver-thunder\/\" target=\"_blank\" rel=\"noopener noreferrer\">Kolser<\/a>.<\/p>\n<h2>Come vengono realizzate le armi Kolser?<\/h2>\n<p>Le pistole Kolser sono realizzate in metallo con finiture speciali in ottone galvanizzato e nichel, con effetti di metallo invecchiato o acciaio ottenuti attraverso meticolosi processi manuali che conferiscono un aspetto unico ai pezzi del marchio.<\/p>\n<p>Al pi\u00f9 alto livello di qualit\u00e0 sul mercato, conservando lo spirito degli armaioli dei secoli passati per un lavoro ben fatto.<\/p>\n<p>Inoltre, l'ammodernamento dei protocolli di progettazione per i nuovi modelli, realizzato secondo gli standard pi\u00f9 elevati, realizza questo aspetto molto concreto. Allo stesso modo, Kolser innova i sistemi di produzione e i processi di assemblaggio a mano per garantire la massima qualit\u00e0 delle parti e dei materiali con cui realizza i suoi prodotti. <strong>Calcio Colt Thunderer in madreperla<\/strong>.<\/p>","protected":false},"excerpt":{"rendered":"<p>Replica del revolver Kolser Thunderer<\/p>\n<ul>\n<li>In zamac e ottone<\/li>\n<li>Barile rotante<\/li>\n<li>Camera ricaricabile<\/li>\n<li>Calcio in imitazione madreperla<\/li>\n<li>Meccanismo funzionale<\/li>\n<li>Viene consegnato in una scatola decorativa con 6 palline finte.<\/li>\n<li>Lunghezza: 25,5 cm<\/li>\n<\/ul>","protected":false},"featured_media":60307,"template":"","meta":[],"product_brand":[896],"product_cat":[100,34,33,77,28,27],"product_tag":[],"class_list":{"0":"post-60306","1":"product","2":"type-product","3":"status-publish","4":"has-post-thumbnail","6":"product_brand-replique-manga-cine","7":"product_cat-arme-kolser","8":"product_cat-armes-westerns","9":"product_cat-colt-pistolet","10":"product_cat-colt-revolver-western","11":"product_cat-repliques-darmes","12":"product_cat-armes-et-accessoires-western","14":"first","15":"instock","16":"taxable","17":"shipping-taxable","18":"purchasable","19":"product-type-simple"},"yoast_head":"<!-- This site is optimized with the Yoast SEO plugin v27.4 - https:\/\/yoast.com\/product\/yoast-seo-wordpress\/ -->\n<title>Colt Thunderer crosse nacre - Vente de Revolver Kolser - RMC<\/title>\n<meta name=\"description\" content=\"D\u00e9couvrez ce superbe Colt Thunderer crosse nacre au meilleur prix - En zamac et laiton - Crosse imitation nacre - Barillet rotatif - Chambre rechargeable\" \/>\n<meta name=\"robots\" content=\"index, follow, max-snippet:-1, max-image-preview:large, max-video-preview:-1\" \/>\n<link rel=\"canonical\" href=\"https:\/\/repliquemangacine.fr\/it\/pistola-kolser\/colt-thunderer-calcio-in-madreperla\/\" \/>\n<meta property=\"og:locale\" content=\"it_IT\" \/>\n<meta property=\"og:type\" content=\"article\" \/>\n<meta property=\"og:title\" content=\"Colt Thunderer crosse nacre - Vente de Revolver Kolser - RMC\" \/>\n<meta property=\"og:description\" content=\"D\u00e9couvrez ce superbe Colt Thunderer crosse nacre au meilleur prix - En zamac et laiton - Crosse imitation nacre - Barillet rotatif - Chambre rechargeable\" \/>\n<meta property=\"og:url\" content=\"https:\/\/repliquemangacine.fr\/it\/pistola-kolser\/colt-thunderer-calcio-in-madreperla\/\" \/>\n<meta property=\"og:site_name\" content=\"R\u00e9plique Manga Cin\u00e9\" \/>\n<meta property=\"article:publisher\" content=\"https:\/\/www.facebook.com\/RepliqueMangaCine\" \/>\n<meta property=\"article:modified_time\" content=\"2025-12-12T16:21:52+00:00\" \/>\n<meta property=\"og:image\" content=\"https:\/\/repliquemangacine.fr\/wp-content\/uploads\/2023\/10\/colt-thunderer-crosse-nacre.jpg\" \/>\n\t<meta property=\"og:image:width\" content=\"500\" \/>\n\t<meta property=\"og:image:height\" content=\"500\" \/>\n\t<meta property=\"og:image:type\" content=\"image\/jpeg\" \/>\n<meta name=\"twitter:card\" content=\"summary_large_image\" \/>\n<meta name=\"twitter:label1\" content=\"Tempo di lettura stimato\" \/>\n\t<meta name=\"twitter:data1\" content=\"2 minuti\" \/>\n<script type=\"application\/ld+json\" class=\"yoast-schema-graph\">{\"@context\":\"https:\\\/\\\/schema.org\",\"@graph\":[{\"@type\":\"WebPage\",\"@id\":\"https:\\\/\\\/repliquemangacine.fr\\\/arme-kolser\\\/colt-thunderer-crosse-nacre\\\/\",\"url\":\"https:\\\/\\\/repliquemangacine.fr\\\/arme-kolser\\\/colt-thunderer-crosse-nacre\\\/\",\"name\":\"Colt Thunderer crosse nacre - Vente de Revolver Kolser - RMC\",\"isPartOf\":{\"@id\":\"https:\\\/\\\/repliquemangacine.fr\\\/#website\"},\"primaryImageOfPage\":{\"@id\":\"https:\\\/\\\/repliquemangacine.fr\\\/arme-kolser\\\/colt-thunderer-crosse-nacre\\\/#primaryimage\"},\"image\":{\"@id\":\"https:\\\/\\\/repliquemangacine.fr\\\/arme-kolser\\\/colt-thunderer-crosse-nacre\\\/#primaryimage\"},\"thumbnailUrl\":\"https:\\\/\\\/repliquemangacine.fr\\\/wp-content\\\/uploads\\\/2023\\\/10\\\/colt-thunderer-crosse-nacre.jpg\",\"datePublished\":\"2023-05-18T12:14:21+00:00\",\"dateModified\":\"2025-12-12T16:21:52+00:00\",\"description\":\"D\u00e9couvrez ce superbe Colt Thunderer crosse nacre au meilleur prix - En zamac et laiton - Crosse imitation nacre - Barillet rotatif - Chambre rechargeable\",\"breadcrumb\":{\"@id\":\"https:\\\/\\\/repliquemangacine.fr\\\/arme-kolser\\\/colt-thunderer-crosse-nacre\\\/#breadcrumb\"},\"inLanguage\":\"it-IT\",\"potentialAction\":[{\"@type\":\"ReadAction\",\"target\":[\"https:\\\/\\\/repliquemangacine.fr\\\/arme-kolser\\\/colt-thunderer-crosse-nacre\\\/\"]}]},{\"@type\":\"ImageObject\",\"inLanguage\":\"it-IT\",\"@id\":\"https:\\\/\\\/repliquemangacine.fr\\\/arme-kolser\\\/colt-thunderer-crosse-nacre\\\/#primaryimage\",\"url\":\"https:\\\/\\\/repliquemangacine.fr\\\/wp-content\\\/uploads\\\/2023\\\/10\\\/colt-thunderer-crosse-nacre.jpg\",\"contentUrl\":\"https:\\\/\\\/repliquemangacine.fr\\\/wp-content\\\/uploads\\\/2023\\\/10\\\/colt-thunderer-crosse-nacre.jpg\",\"width\":500,\"height\":500,\"caption\":\"Colt Thunderer crosse nacre\"},{\"@type\":\"BreadcrumbList\",\"@id\":\"https:\\\/\\\/repliquemangacine.fr\\\/arme-kolser\\\/colt-thunderer-crosse-nacre\\\/#breadcrumb\",\"itemListElement\":[{\"@type\":\"ListItem\",\"position\":1,\"name\":\"Accueil\",\"item\":\"https:\\\/\\\/repliquemangacine.fr\\\/\"},{\"@type\":\"ListItem\",\"position\":2,\"name\":\"Produits\",\"item\":\"https:\\\/\\\/repliquemangacine.fr\\\/boutique\\\/\"},{\"@type\":\"ListItem\",\"position\":3,\"name\":\"Colt Thunderer crosse nacre\"}]},{\"@type\":\"WebSite\",\"@id\":\"https:\\\/\\\/repliquemangacine.fr\\\/#website\",\"url\":\"https:\\\/\\\/repliquemangacine.fr\\\/\",\"name\":\"R\u00e9plique Manga Cin\u00e9\",\"description\":\"\",\"publisher\":{\"@id\":\"https:\\\/\\\/repliquemangacine.fr\\\/#organization\"},\"potentialAction\":[{\"@type\":\"SearchAction\",\"target\":{\"@type\":\"EntryPoint\",\"urlTemplate\":\"https:\\\/\\\/repliquemangacine.fr\\\/?s={search_term_string}\"},\"query-input\":{\"@type\":\"PropertyValueSpecification\",\"valueRequired\":true,\"valueName\":\"search_term_string\"}}],\"inLanguage\":\"it-IT\"},{\"@type\":\"Organization\",\"@id\":\"https:\\\/\\\/repliquemangacine.fr\\\/#organization\",\"name\":\"R\u00e9plique Manga Cin\u00e9\",\"url\":\"https:\\\/\\\/repliquemangacine.fr\\\/\",\"logo\":{\"@type\":\"ImageObject\",\"inLanguage\":\"it-IT\",\"@id\":\"https:\\\/\\\/repliquemangacine.fr\\\/#\\\/schema\\\/logo\\\/image\\\/\",\"url\":\"https:\\\/\\\/repliquemangacine.fr\\\/wp-content\\\/uploads\\\/2023\\\/10\\\/RMC-500250.png\",\"contentUrl\":\"https:\\\/\\\/repliquemangacine.fr\\\/wp-content\\\/uploads\\\/2023\\\/10\\\/RMC-500250.png\",\"width\":500,\"height\":250,\"caption\":\"R\u00e9plique Manga Cin\u00e9\"},\"image\":{\"@id\":\"https:\\\/\\\/repliquemangacine.fr\\\/#\\\/schema\\\/logo\\\/image\\\/\"},\"sameAs\":[\"https:\\\/\\\/www.facebook.com\\\/RepliqueMangaCine\",\"https:\\\/\\\/www.instagram.com\\\/repliquemangacine.fr\\\/\"]}]}<\/script>\n<!-- \/ Yoast SEO plugin. -->","yoast_head_json":{"title":"Colt Thunderer calcio in madreperla - Vendita revolver Kolser - RMC","description":"Scoprite questa superba Colt Thunderer in madreperla al miglior prezzo - In zamac e ottone - Calcio in finta madreperla - Canna rotante - Camera ricaricabile","robots":{"index":"index","follow":"follow","max-snippet":"max-snippet:-1","max-image-preview":"max-image-preview:large","max-video-preview":"max-video-preview:-1"},"canonical":"https:\/\/repliquemangacine.fr\/it\/pistola-kolser\/colt-thunderer-calcio-in-madreperla\/","og_locale":"it_IT","og_type":"article","og_title":"Colt Thunderer crosse nacre - Vente de Revolver Kolser - RMC","og_description":"D\u00e9couvrez ce superbe Colt Thunderer crosse nacre au meilleur prix - En zamac et laiton - Crosse imitation nacre - Barillet rotatif - Chambre rechargeable","og_url":"https:\/\/repliquemangacine.fr\/it\/pistola-kolser\/colt-thunderer-calcio-in-madreperla\/","og_site_name":"R\u00e9plique Manga Cin\u00e9","article_publisher":"https:\/\/www.facebook.com\/RepliqueMangaCine","article_modified_time":"2025-12-12T16:21:52+00:00","og_image":[{"width":500,"height":500,"url":"https:\/\/repliquemangacine.fr\/wp-content\/uploads\/2023\/10\/colt-thunderer-crosse-nacre.jpg","type":"image\/jpeg"}],"twitter_card":"summary_large_image","twitter_misc":{"Tempo di lettura stimato":"2 minuti"},"schema":{"@context":"https:\/\/schema.org","@graph":[{"@type":"WebPage","@id":"https:\/\/repliquemangacine.fr\/arme-kolser\/colt-thunderer-crosse-nacre\/","url":"https:\/\/repliquemangacine.fr\/arme-kolser\/colt-thunderer-crosse-nacre\/","name":"Colt Thunderer calcio in madreperla - Vendita revolver Kolser - RMC","isPartOf":{"@id":"https:\/\/repliquemangacine.fr\/#website"},"primaryImageOfPage":{"@id":"https:\/\/repliquemangacine.fr\/arme-kolser\/colt-thunderer-crosse-nacre\/#primaryimage"},"image":{"@id":"https:\/\/repliquemangacine.fr\/arme-kolser\/colt-thunderer-crosse-nacre\/#primaryimage"},"thumbnailUrl":"https:\/\/repliquemangacine.fr\/wp-content\/uploads\/2023\/10\/colt-thunderer-crosse-nacre.jpg","datePublished":"2023-05-18T12:14:21+00:00","dateModified":"2025-12-12T16:21:52+00:00","description":"Scoprite questa superba Colt Thunderer in madreperla al miglior prezzo - In zamac e ottone - Calcio in finta madreperla - Canna rotante - Camera ricaricabile","breadcrumb":{"@id":"https:\/\/repliquemangacine.fr\/arme-kolser\/colt-thunderer-crosse-nacre\/#breadcrumb"},"inLanguage":"it-IT","potentialAction":[{"@type":"ReadAction","target":["https:\/\/repliquemangacine.fr\/arme-kolser\/colt-thunderer-crosse-nacre\/"]}]},{"@type":"ImageObject","inLanguage":"it-IT","@id":"https:\/\/repliquemangacine.fr\/arme-kolser\/colt-thunderer-crosse-nacre\/#primaryimage","url":"https:\/\/repliquemangacine.fr\/wp-content\/uploads\/2023\/10\/colt-thunderer-crosse-nacre.jpg","contentUrl":"https:\/\/repliquemangacine.fr\/wp-content\/uploads\/2023\/10\/colt-thunderer-crosse-nacre.jpg","width":500,"height":500,"caption":"Colt Thunderer crosse nacre"},{"@type":"BreadcrumbList","@id":"https:\/\/repliquemangacine.fr\/arme-kolser\/colt-thunderer-crosse-nacre\/#breadcrumb","itemListElement":[{"@type":"ListItem","position":1,"name":"Accueil","item":"https:\/\/repliquemangacine.fr\/"},{"@type":"ListItem","position":2,"name":"Produits","item":"https:\/\/repliquemangacine.fr\/boutique\/"},{"@type":"ListItem","position":3,"name":"Colt Thunderer crosse nacre"}]},{"@type":"WebSite","@id":"https:\/\/repliquemangacine.fr\/#website","url":"https:\/\/repliquemangacine.fr\/","name":"R\u00e9plique Manga Cin\u00e9","description":"","publisher":{"@id":"https:\/\/repliquemangacine.fr\/#organization"},"potentialAction":[{"@type":"SearchAction","target":{"@type":"EntryPoint","urlTemplate":"https:\/\/repliquemangacine.fr\/?s={search_term_string}"},"query-input":{"@type":"PropertyValueSpecification","valueRequired":true,"valueName":"search_term_string"}}],"inLanguage":"it-IT"},{"@type":"Organization","@id":"https:\/\/repliquemangacine.fr\/#organization","name":"R\u00e9plique Manga Cin\u00e9","url":"https:\/\/repliquemangacine.fr\/","logo":{"@type":"ImageObject","inLanguage":"it-IT","@id":"https:\/\/repliquemangacine.fr\/#\/schema\/logo\/image\/","url":"https:\/\/repliquemangacine.fr\/wp-content\/uploads\/2023\/10\/RMC-500250.png","contentUrl":"https:\/\/repliquemangacine.fr\/wp-content\/uploads\/2023\/10\/RMC-500250.png","width":500,"height":250,"caption":"R\u00e9plique Manga Cin\u00e9"},"image":{"@id":"https:\/\/repliquemangacine.fr\/#\/schema\/logo\/image\/"},"sameAs":["https:\/\/www.facebook.com\/RepliqueMangaCine","https:\/\/www.instagram.com\/repliquemangacine.fr\/"]}]}},"_links":{"self":[{"href":"https:\/\/repliquemangacine.fr\/it\/wp-json\/wp\/v2\/product\/60306","targetHints":{"allow":["GET"]}}],"collection":[{"href":"https:\/\/repliquemangacine.fr\/it\/wp-json\/wp\/v2\/product"}],"about":[{"href":"https:\/\/repliquemangacine.fr\/it\/wp-json\/wp\/v2\/types\/product"}],"wp:featuredmedia":[{"embeddable":true,"href":"https:\/\/repliquemangacine.fr\/it\/wp-json\/wp\/v2\/media\/60307"}],"wp:attachment":[{"href":"https:\/\/repliquemangacine.fr\/it\/wp-json\/wp\/v2\/media?parent=60306"}],"wp:term":[{"taxonomy":"product_brand","embeddable":true,"href":"https:\/\/repliquemangacine.fr\/it\/wp-json\/wp\/v2\/product_brand?post=60306"},{"taxonomy":"product_cat","embeddable":true,"href":"https:\/\/repliquemangacine.fr\/it\/wp-json\/wp\/v2\/product_cat?post=60306"},{"taxonomy":"product_tag","embeddable":true,"href":"https:\/\/repliquemangacine.fr\/it\/wp-json\/wp\/v2\/product_tag?post=60306"}],"curies":[{"name":"wp","href":"https:\/\/api.w.org\/{rel}","templated":true}]}}