





{"id":60262,"date":"2023-05-16T17:33:50","date_gmt":"2023-05-16T15:33:50","guid":{"rendered":"https:\/\/repliquemangacine.fr\/?post_type=product&#038;p=60262"},"modified":"2026-04-23T12:35:09","modified_gmt":"2026-04-23T10:35:09","slug":"katana-tempesta-a-ferro-di-cavallo","status":"publish","type":"product","link":"https:\/\/repliquemangacine.fr\/it\/katana-et-epee-de-manga-anime-autre-manga\/katana-de-limule-tempest\/","title":{"rendered":"Katana a ferro di cavallo Tempest"},"content":{"rendered":"<h2>Katana a ferro di cavallo Tempest - Tensura<\/h2>\n<p>Per cominciare, il <strong>Katana a ferro di cavallo Tempest<\/strong> nel manga animato \"<a href=\"https:\/\/moi-quand-je-me-reincarne-en-slime.fandom.com\/fr\/wiki\/Limule_Tempest\" target=\"_blank\" rel=\"noopener noreferrer\">Quando mi reincarner\u00f2 in una melma<\/a>\u201dnota in Giappone come \u201cTensei shitara Slime datta ken\u201d o Tensura in breve. Questa spada ha una finitura particolarmente magnifica!<\/p>\n<p>L'eroe principale, Limule, \u00e8 una melma blu; ma quando diventa una melma demoniaca, il suo corpo diventa d'argento con striature d'oro. Nella sua forma umana, ha capelli blu-argento e occhi dorati.<\/p>\n<p>Rilassato e di buon cuore, ha una personalit\u00e0 eccentrica che lo rende molto accattivante. Ma nonostante il suo potere, le sue capacit\u00e0 e le sue abilit\u00e0, la pi\u00f9 grande risorsa di Limulus \u00e8 la sua capacit\u00e0 di prendere decisioni sagge e oculate.<\/p>\n<h2>La tua Tempest Dab Katana al miglior prezzo.<\/h2>\n<p>Offriamo un'ampia selezione di spade e katane dei vostri anime manga preferiti.<\/p>\n<p>Innanzitutto,<\/p>\n<ul>\n<li>La spada di Rin, la <a href=\"https:\/\/repliquemangacine.fr\/it\/katana-e-manga-spada-anime-altri-manga\/spada-rin-esorcista-blu-katana-kurikara\/\">Katana Kurikara<\/a> in Esorcista blu<\/li>\n<li>C'\u00e8 anche il<a href=\"https:\/\/repliquemangacine.fr\/it\/katana-e-manga-spada-anime-altri-manga\/xeno-trunks-dbz-dragon-ball-z-spada\/\">La spada di Trunks<\/a> in Dragon Ball Z<\/li>\n<li>Cos\u00ec come il <a href=\"https:\/\/repliquemangacine.fr\/it\/katana-e-manga-spada-anime-altri-manga\/katana-kenshin-a-lama-rovesciata-sakabato\/\">La katana di Kenshin<\/a> il vagabondo con la sua lama rovesciata.<\/li>\n<li>E molto altro ancora da scoprire nel nostro negozio online!<\/li>\n<\/ul>\n<p>Ecco quindi alcune grandi idee regalo per tutti i fan dei manga.<\/p>\n<p>In conclusione, \u00e8 possibile utilizzare il metodo <strong>Katana a ferro di cavallo Tempest<\/strong> per le sfilate di cosplay. Ma soprattutto \u00e8 un oggetto da collezione e un pezzo decorativo.<\/p>\n<h2>Come si mantiene la lama della spada manga?<\/h2>\n<p>Le spade da collezione e decorative sono realizzate e assemblate in modo semplificato. Poich\u00e9 il loro uso \u00e8 decorativo, non hanno le caratteristiche di sicurezza richieste per una spada giapponese destinata all'allenamento.<\/p>\n<p>Tuttavia, il vostro <strong>Katana a ferro di cavallo Tempest<\/strong> a una lama d'acciaio che deve essere mantenuta per evitare che si danneggi nel tempo. Quando si espone la spada, gli amici saranno curiosi di vedere la lama e di toccarla. \u00c8 qui che bisogna fare attenzione, perch\u00e9 l'acidit\u00e0 delle dita \u00e8 molto dannosa per l'acciaio, qualunque sia la sua qualit\u00e0.<\/p>\n<p>Tuttavia, se ci\u00f2 dovesse accadere, niente panico: basta un panno inumidito con un po' d'olio per eliminare le impronte. In questo modo, la spada durer\u00e0 a lungo.<\/p>\n<p>&nbsp;<\/p>","protected":false},"excerpt":{"rendered":"<p>Replica della Katana di Limule Tempest dal manga anime \"Io, quando mi reincarner\u00f2 in uno Slime\".<\/p>\n<ul>\n<li>Lama in acciaio 440<\/li>\n<li>Protezione in acciaio appositamente sagomata<\/li>\n<li>Fodero in legno laccato con cinturino in cotone<\/li>\n<li>Manico rivestito con treccia di cotone<\/li>\n<li>Lunghezza lama: 95 cm - Lunghezza totale: 138 cm<\/li>\n<\/ul>","protected":false},"featured_media":60263,"template":"","meta":[],"product_brand":[896],"product_cat":[65,23],"product_tag":[],"class_list":{"0":"post-60262","1":"product","2":"type-product","3":"status-publish","4":"has-post-thumbnail","6":"product_brand-replique-manga-cine","7":"product_cat-katana-et-epee-de-manga-anime-autre-manga","8":"product_cat-repliques-manga-jeux-video","10":"first","11":"instock","12":"taxable","13":"shipping-taxable","14":"purchasable","15":"product-type-simple"},"yoast_head":"<!-- This site is optimized with the Yoast SEO plugin v27.5 - https:\/\/yoast.com\/product\/yoast-seo-wordpress\/ -->\n<title>Katana de limule Tempest - Vente en ligne - R\u00e9plique Manga Cin\u00e9<\/title>\n<meta name=\"description\" content=\"D\u00e9couvrez le Katana de limule Tempest dans le manga anim\u00e9 &quot;Moi, quand je me r\u00e9incarne en Slime&quot; au meilleur prix - Lame acier 440 - Fourreau laqu\u00e9 - 138 cm\" \/>\n<meta name=\"robots\" content=\"index, follow, max-snippet:-1, max-image-preview:large, max-video-preview:-1\" \/>\n<link rel=\"canonical\" href=\"https:\/\/repliquemangacine.fr\/it\/katana-e-manga-spada-anime-altri-manga\/katana-tempesta-a-ferro-di-cavallo\/\" \/>\n<meta property=\"og:locale\" content=\"it_IT\" \/>\n<meta property=\"og:type\" content=\"article\" \/>\n<meta property=\"og:title\" content=\"Katana de limule Tempest - Vente en ligne - R\u00e9plique Manga Cin\u00e9\" \/>\n<meta property=\"og:description\" content=\"D\u00e9couvrez le Katana de limule Tempest dans le manga anim\u00e9 &quot;Moi, quand je me r\u00e9incarne en Slime&quot; au meilleur prix - Lame acier 440 - Fourreau laqu\u00e9 - 138 cm\" \/>\n<meta property=\"og:url\" content=\"https:\/\/repliquemangacine.fr\/it\/katana-e-manga-spada-anime-altri-manga\/katana-tempesta-a-ferro-di-cavallo\/\" \/>\n<meta property=\"og:site_name\" content=\"R\u00e9plique Manga Cin\u00e9\" \/>\n<meta property=\"article:publisher\" content=\"https:\/\/www.facebook.com\/RepliqueMangaCine\" \/>\n<meta property=\"article:modified_time\" content=\"2026-04-23T10:35:09+00:00\" \/>\n<meta property=\"og:image\" content=\"https:\/\/repliquemangacine.fr\/wp-content\/uploads\/2023\/10\/sabre-RIMURU-TEMPEST.jpg\" \/>\n\t<meta property=\"og:image:width\" content=\"500\" \/>\n\t<meta property=\"og:image:height\" content=\"500\" \/>\n\t<meta property=\"og:image:type\" content=\"image\/jpeg\" \/>\n<meta name=\"twitter:card\" content=\"summary_large_image\" \/>\n<meta name=\"twitter:label1\" content=\"Tempo di lettura stimato\" \/>\n\t<meta name=\"twitter:data1\" content=\"3 minuti\" \/>\n<script type=\"application\/ld+json\" class=\"yoast-schema-graph\">{\"@context\":\"https:\\\/\\\/schema.org\",\"@graph\":[{\"@type\":\"WebPage\",\"@id\":\"https:\\\/\\\/repliquemangacine.fr\\\/katana-et-epee-de-manga-anime-autre-manga\\\/katana-de-limule-tempest\\\/\",\"url\":\"https:\\\/\\\/repliquemangacine.fr\\\/katana-et-epee-de-manga-anime-autre-manga\\\/katana-de-limule-tempest\\\/\",\"name\":\"Katana de limule Tempest - Vente en ligne - R\u00e9plique Manga Cin\u00e9\",\"isPartOf\":{\"@id\":\"https:\\\/\\\/repliquemangacine.fr\\\/#website\"},\"primaryImageOfPage\":{\"@id\":\"https:\\\/\\\/repliquemangacine.fr\\\/katana-et-epee-de-manga-anime-autre-manga\\\/katana-de-limule-tempest\\\/#primaryimage\"},\"image\":{\"@id\":\"https:\\\/\\\/repliquemangacine.fr\\\/katana-et-epee-de-manga-anime-autre-manga\\\/katana-de-limule-tempest\\\/#primaryimage\"},\"thumbnailUrl\":\"https:\\\/\\\/repliquemangacine.fr\\\/wp-content\\\/uploads\\\/2023\\\/10\\\/sabre-RIMURU-TEMPEST.jpg\",\"datePublished\":\"2023-05-16T15:33:50+00:00\",\"dateModified\":\"2026-04-23T10:35:09+00:00\",\"description\":\"D\u00e9couvrez le Katana de limule Tempest dans le manga anim\u00e9 \\\"Moi, quand je me r\u00e9incarne en Slime\\\" au meilleur prix - Lame acier 440 - Fourreau laqu\u00e9 - 138 cm\",\"breadcrumb\":{\"@id\":\"https:\\\/\\\/repliquemangacine.fr\\\/katana-et-epee-de-manga-anime-autre-manga\\\/katana-de-limule-tempest\\\/#breadcrumb\"},\"inLanguage\":\"it-IT\",\"potentialAction\":[{\"@type\":\"ReadAction\",\"target\":[\"https:\\\/\\\/repliquemangacine.fr\\\/katana-et-epee-de-manga-anime-autre-manga\\\/katana-de-limule-tempest\\\/\"]}]},{\"@type\":\"ImageObject\",\"inLanguage\":\"it-IT\",\"@id\":\"https:\\\/\\\/repliquemangacine.fr\\\/katana-et-epee-de-manga-anime-autre-manga\\\/katana-de-limule-tempest\\\/#primaryimage\",\"url\":\"https:\\\/\\\/repliquemangacine.fr\\\/wp-content\\\/uploads\\\/2023\\\/10\\\/sabre-RIMURU-TEMPEST.jpg\",\"contentUrl\":\"https:\\\/\\\/repliquemangacine.fr\\\/wp-content\\\/uploads\\\/2023\\\/10\\\/sabre-RIMURU-TEMPEST.jpg\",\"width\":500,\"height\":500,\"caption\":\"Katana de limule Tempest\"},{\"@type\":\"BreadcrumbList\",\"@id\":\"https:\\\/\\\/repliquemangacine.fr\\\/katana-et-epee-de-manga-anime-autre-manga\\\/katana-de-limule-tempest\\\/#breadcrumb\",\"itemListElement\":[{\"@type\":\"ListItem\",\"position\":1,\"name\":\"Accueil\",\"item\":\"https:\\\/\\\/repliquemangacine.fr\\\/\"},{\"@type\":\"ListItem\",\"position\":2,\"name\":\"Produits\",\"item\":\"https:\\\/\\\/repliquemangacine.fr\\\/boutique\\\/\"},{\"@type\":\"ListItem\",\"position\":3,\"name\":\"Katana de limule Tempest\"}]},{\"@type\":\"WebSite\",\"@id\":\"https:\\\/\\\/repliquemangacine.fr\\\/#website\",\"url\":\"https:\\\/\\\/repliquemangacine.fr\\\/\",\"name\":\"R\u00e9plique Manga Cin\u00e9\",\"description\":\"\",\"publisher\":{\"@id\":\"https:\\\/\\\/repliquemangacine.fr\\\/#organization\"},\"potentialAction\":[{\"@type\":\"SearchAction\",\"target\":{\"@type\":\"EntryPoint\",\"urlTemplate\":\"https:\\\/\\\/repliquemangacine.fr\\\/?s={search_term_string}\"},\"query-input\":{\"@type\":\"PropertyValueSpecification\",\"valueRequired\":true,\"valueName\":\"search_term_string\"}}],\"inLanguage\":\"it-IT\"},{\"@type\":\"Organization\",\"@id\":\"https:\\\/\\\/repliquemangacine.fr\\\/#organization\",\"name\":\"R\u00e9plique Manga Cin\u00e9\",\"url\":\"https:\\\/\\\/repliquemangacine.fr\\\/\",\"logo\":{\"@type\":\"ImageObject\",\"inLanguage\":\"it-IT\",\"@id\":\"https:\\\/\\\/repliquemangacine.fr\\\/#\\\/schema\\\/logo\\\/image\\\/\",\"url\":\"https:\\\/\\\/repliquemangacine.fr\\\/wp-content\\\/uploads\\\/2023\\\/10\\\/RMC-500250.png\",\"contentUrl\":\"https:\\\/\\\/repliquemangacine.fr\\\/wp-content\\\/uploads\\\/2023\\\/10\\\/RMC-500250.png\",\"width\":500,\"height\":250,\"caption\":\"R\u00e9plique Manga Cin\u00e9\"},\"image\":{\"@id\":\"https:\\\/\\\/repliquemangacine.fr\\\/#\\\/schema\\\/logo\\\/image\\\/\"},\"sameAs\":[\"https:\\\/\\\/www.facebook.com\\\/RepliqueMangaCine\",\"https:\\\/\\\/www.instagram.com\\\/repliquemangacine.fr\\\/\"]}]}<\/script>\n<!-- \/ Yoast SEO plugin. -->","yoast_head_json":{"title":"Tempest katana a ferro di cavallo - Acquista online - R\u00e9plique Manga Cin\u00e9","description":"Scopri la Katana di Limule Tempest nel manga animato \"Io, quando torner\u00f2 come Slime\" al miglior prezzo - Lama in acciaio 440 - Fodero laccato - 138 cm","robots":{"index":"index","follow":"follow","max-snippet":"max-snippet:-1","max-image-preview":"max-image-preview:large","max-video-preview":"max-video-preview:-1"},"canonical":"https:\/\/repliquemangacine.fr\/it\/katana-e-manga-spada-anime-altri-manga\/katana-tempesta-a-ferro-di-cavallo\/","og_locale":"it_IT","og_type":"article","og_title":"Katana de limule Tempest - Vente en ligne - R\u00e9plique Manga Cin\u00e9","og_description":"D\u00e9couvrez le Katana de limule Tempest dans le manga anim\u00e9 \"Moi, quand je me r\u00e9incarne en Slime\" au meilleur prix - Lame acier 440 - Fourreau laqu\u00e9 - 138 cm","og_url":"https:\/\/repliquemangacine.fr\/it\/katana-e-manga-spada-anime-altri-manga\/katana-tempesta-a-ferro-di-cavallo\/","og_site_name":"R\u00e9plique Manga Cin\u00e9","article_publisher":"https:\/\/www.facebook.com\/RepliqueMangaCine","article_modified_time":"2026-04-23T10:35:09+00:00","og_image":[{"width":500,"height":500,"url":"https:\/\/repliquemangacine.fr\/wp-content\/uploads\/2023\/10\/sabre-RIMURU-TEMPEST.jpg","type":"image\/jpeg"}],"twitter_card":"summary_large_image","twitter_misc":{"Tempo di lettura stimato":"3 minuti"},"schema":{"@context":"https:\/\/schema.org","@graph":[{"@type":"WebPage","@id":"https:\/\/repliquemangacine.fr\/katana-et-epee-de-manga-anime-autre-manga\/katana-de-limule-tempest\/","url":"https:\/\/repliquemangacine.fr\/katana-et-epee-de-manga-anime-autre-manga\/katana-de-limule-tempest\/","name":"Tempest katana a ferro di cavallo - Acquista online - R\u00e9plique Manga Cin\u00e9","isPartOf":{"@id":"https:\/\/repliquemangacine.fr\/#website"},"primaryImageOfPage":{"@id":"https:\/\/repliquemangacine.fr\/katana-et-epee-de-manga-anime-autre-manga\/katana-de-limule-tempest\/#primaryimage"},"image":{"@id":"https:\/\/repliquemangacine.fr\/katana-et-epee-de-manga-anime-autre-manga\/katana-de-limule-tempest\/#primaryimage"},"thumbnailUrl":"https:\/\/repliquemangacine.fr\/wp-content\/uploads\/2023\/10\/sabre-RIMURU-TEMPEST.jpg","datePublished":"2023-05-16T15:33:50+00:00","dateModified":"2026-04-23T10:35:09+00:00","description":"Scopri la Katana di Limule Tempest nel manga animato \"Io, quando torner\u00f2 come Slime\" al miglior prezzo - Lama in acciaio 440 - Fodero laccato - 138 cm","breadcrumb":{"@id":"https:\/\/repliquemangacine.fr\/katana-et-epee-de-manga-anime-autre-manga\/katana-de-limule-tempest\/#breadcrumb"},"inLanguage":"it-IT","potentialAction":[{"@type":"ReadAction","target":["https:\/\/repliquemangacine.fr\/katana-et-epee-de-manga-anime-autre-manga\/katana-de-limule-tempest\/"]}]},{"@type":"ImageObject","inLanguage":"it-IT","@id":"https:\/\/repliquemangacine.fr\/katana-et-epee-de-manga-anime-autre-manga\/katana-de-limule-tempest\/#primaryimage","url":"https:\/\/repliquemangacine.fr\/wp-content\/uploads\/2023\/10\/sabre-RIMURU-TEMPEST.jpg","contentUrl":"https:\/\/repliquemangacine.fr\/wp-content\/uploads\/2023\/10\/sabre-RIMURU-TEMPEST.jpg","width":500,"height":500,"caption":"Katana de limule Tempest"},{"@type":"BreadcrumbList","@id":"https:\/\/repliquemangacine.fr\/katana-et-epee-de-manga-anime-autre-manga\/katana-de-limule-tempest\/#breadcrumb","itemListElement":[{"@type":"ListItem","position":1,"name":"Accueil","item":"https:\/\/repliquemangacine.fr\/"},{"@type":"ListItem","position":2,"name":"Produits","item":"https:\/\/repliquemangacine.fr\/boutique\/"},{"@type":"ListItem","position":3,"name":"Katana de limule Tempest"}]},{"@type":"WebSite","@id":"https:\/\/repliquemangacine.fr\/#website","url":"https:\/\/repliquemangacine.fr\/","name":"R\u00e9plique Manga Cin\u00e9","description":"","publisher":{"@id":"https:\/\/repliquemangacine.fr\/#organization"},"potentialAction":[{"@type":"SearchAction","target":{"@type":"EntryPoint","urlTemplate":"https:\/\/repliquemangacine.fr\/?s={search_term_string}"},"query-input":{"@type":"PropertyValueSpecification","valueRequired":true,"valueName":"search_term_string"}}],"inLanguage":"it-IT"},{"@type":"Organization","@id":"https:\/\/repliquemangacine.fr\/#organization","name":"R\u00e9plique Manga Cin\u00e9","url":"https:\/\/repliquemangacine.fr\/","logo":{"@type":"ImageObject","inLanguage":"it-IT","@id":"https:\/\/repliquemangacine.fr\/#\/schema\/logo\/image\/","url":"https:\/\/repliquemangacine.fr\/wp-content\/uploads\/2023\/10\/RMC-500250.png","contentUrl":"https:\/\/repliquemangacine.fr\/wp-content\/uploads\/2023\/10\/RMC-500250.png","width":500,"height":250,"caption":"R\u00e9plique Manga Cin\u00e9"},"image":{"@id":"https:\/\/repliquemangacine.fr\/#\/schema\/logo\/image\/"},"sameAs":["https:\/\/www.facebook.com\/RepliqueMangaCine","https:\/\/www.instagram.com\/repliquemangacine.fr\/"]}]}},"_links":{"self":[{"href":"https:\/\/repliquemangacine.fr\/it\/wp-json\/wp\/v2\/product\/60262","targetHints":{"allow":["GET"]}}],"collection":[{"href":"https:\/\/repliquemangacine.fr\/it\/wp-json\/wp\/v2\/product"}],"about":[{"href":"https:\/\/repliquemangacine.fr\/it\/wp-json\/wp\/v2\/types\/product"}],"wp:featuredmedia":[{"embeddable":true,"href":"https:\/\/repliquemangacine.fr\/it\/wp-json\/wp\/v2\/media\/60263"}],"wp:attachment":[{"href":"https:\/\/repliquemangacine.fr\/it\/wp-json\/wp\/v2\/media?parent=60262"}],"wp:term":[{"taxonomy":"product_brand","embeddable":true,"href":"https:\/\/repliquemangacine.fr\/it\/wp-json\/wp\/v2\/product_brand?post=60262"},{"taxonomy":"product_cat","embeddable":true,"href":"https:\/\/repliquemangacine.fr\/it\/wp-json\/wp\/v2\/product_cat?post=60262"},{"taxonomy":"product_tag","embeddable":true,"href":"https:\/\/repliquemangacine.fr\/it\/wp-json\/wp\/v2\/product_tag?post=60262"}],"curies":[{"name":"wp","href":"https:\/\/api.w.org\/{rel}","templated":true}]}}