





{"id":60255,"date":"2023-05-16T11:40:55","date_gmt":"2023-05-16T09:40:55","guid":{"rendered":"https:\/\/repliquemangacine.fr\/?post_type=product&#038;p=60255"},"modified":"2026-03-31T10:04:55","modified_gmt":"2026-03-31T08:04:55","slug":"spada-feunoyr-viserys-targaryen","status":"publish","type":"product","link":"https:\/\/repliquemangacine.fr\/it\/epees-game-of-thrones\/epee-feunoyr-viserys-targaryen\/","title":{"rendered":"Feunoyr spada Viserys Targaryen"},"content":{"rendered":"<h2>Feunoyr spada Viserys Targaryen - Casa del Drago<\/h2>\n<p>Per cominciare, il<strong>Spada Feunoyr di Viserys Targaryen<\/strong> \u00e8 una leggendaria spada lunga in acciaio valyriano brandita da Aegon il Conquistatore. I Targaryen possedevano diverse spade d'acciaio valyriano. Feunoyr \u00e8 la pi\u00f9 famosa di queste.<\/p>\n<p>Appartenuta a molti dei re delle Sette Corone della Casa Targaryen, la spada divenne nel tempo un simbolo di regalit\u00e0 e un oggetto di grande prestigio.<\/p>\n<p>Viserys I Targaryen, personaggio principale della prima stagione di House of the Dragon. Come Signore dei Draghi, Viserys ha cavalcato Balerion fino alla morte del vecchio drago. \u00c8 stato il quinto re della dinastia Targaryen a sedere sul Trono di Spade.<\/p>\n<h2>La tua spada Feunoyr Viserys Targaryen al miglior prezzo.<\/h2>\n<p>Offriamo una vasta gamma di spade e pugnali delle serie House of the Dragon e Game of Thrones.<\/p>\n<p>Innanzitutto,<\/p>\n<ul>\n<li>Il famoso <a href=\"https:\/\/repliquemangacine.fr\/it\/casa-del-drago\/replica-pugnale-catspaw-game-of-thrones\/\">Pugnale Catspaw<\/a> che svolge un ruolo importante in GOT, dove scopriamo l'origine nelle mani di Viserys.<\/li>\n<li>Esistono anche uova di drago con licenza ufficiale distribuite da <a href=\"https:\/\/noblecollection.fr\/game-thrones-oeuf-rhaegal-p-4792.html\" target=\"_blank\" rel=\"noopener noreferrer\">Collezione Nobile<\/a>.<\/li>\n<li>Cos\u00ec come il <a href=\"https:\/\/repliquemangacine.fr\/it\/game-of-thrones-collezionismo-e-curiosita\/gioco-del-trono-3d-portachiavi-targaryen\/\">Portachiavi 3D<\/a> della Casa dei Targaryen<\/li>\n<li>E molto altro ancora da scoprire nel nostro negozio online!<\/li>\n<\/ul>\n<p>Ecco quindi alcune ottime idee regalo per i fan di entrambe le serie.<\/p>\n<p>In conclusione, \u00e8 possibile utilizzare l\u2019<strong>Spada Feunoyr di Viserys Targaryen<\/strong> per le sfilate di cosplay. Ma soprattutto \u00e8 un oggetto da collezione e un pezzo decorativo.<\/p>\n<h2>Come faccio a mantenere la lama della mia spada della Casa del Drago?<\/h2>\n<p>Le spade da collezione e decorative sono realizzate e assemblate in modo semplificato. Poich\u00e9 il loro uso \u00e8 decorativo, non hanno le caratteristiche di sicurezza richieste per una spada giapponese destinata all'allenamento.<\/p>\n<p>Tuttavia, il vostro <strong>Spada Feunoyr di Viserys Targaryen<\/strong> a una lama d'acciaio che deve essere mantenuta per evitare che si danneggi nel tempo. Quando si espone la spada, gli amici saranno curiosi di vedere la lama e di toccarla. \u00c8 qui che bisogna fare attenzione, perch\u00e9 l'acidit\u00e0 delle dita \u00e8 molto dannosa per l'acciaio, qualunque sia la sua qualit\u00e0.<\/p>\n<p>Tuttavia, se ci\u00f2 dovesse accadere, niente panico: basta un panno inumidito con un po' d'olio per eliminare le impronte. In questo modo, la spada durer\u00e0 a lungo.<\/p>\n<p>&nbsp;<\/p>","protected":false},"excerpt":{"rendered":"<p>Esclusiva: la spada di Viserys nella Casa del Drago<\/p>\n<ul>\n<li>Lama in acciaio 440<\/li>\n<li>Elsa in acciaio e pomo appositamente sagomato.<\/li>\n<li>Fodero in similpelle nera.<\/li>\n<li>Lunghezza lama: 86 cm - Lunghezza totale: 119 cm<\/li>\n<\/ul>","protected":false},"featured_media":60256,"template":"","meta":[],"product_brand":[896],"product_cat":[72,24,105],"product_tag":[],"class_list":{"0":"post-60255","1":"product","2":"type-product","3":"status-publish","4":"has-post-thumbnail","6":"product_brand-replique-manga-cine","7":"product_cat-epees-game-of-thrones","8":"product_cat-films-series-tv-vente-de-katana-epee-et-produits-derives","9":"product_cat-house-of-the-dragon","11":"first","12":"outofstock","13":"taxable","14":"shipping-taxable","15":"purchasable","16":"product-type-simple"},"yoast_head":"<!-- This site is optimized with the Yoast SEO plugin v27.4 - https:\/\/yoast.com\/product\/yoast-seo-wordpress\/ -->\n<title>Ep\u00e9e Feunoyr Viserys Targaryen - Ep\u00e9es House of Dragon - RMC<\/title>\n<meta name=\"description\" content=\"En exclusivit\u00e9 ! D\u00e9couvrez l&#039;Ep\u00e9e Feunoyr de Viserys Targaryen dans House of Dragon au meilleur prix - Lame en acier - Fourreau - Garde acier - 119 cm\" \/>\n<meta name=\"robots\" content=\"index, follow, max-snippet:-1, max-image-preview:large, max-video-preview:-1\" \/>\n<link rel=\"canonical\" href=\"https:\/\/repliquemangacine.fr\/it\/casa-del-drago\/spada-feunoyr-viserys-targaryen\/\" \/>\n<meta property=\"og:locale\" content=\"it_IT\" \/>\n<meta property=\"og:type\" content=\"article\" \/>\n<meta property=\"og:title\" content=\"Ep\u00e9e Feunoyr Viserys Targaryen - Ep\u00e9es House of Dragon - RMC\" \/>\n<meta property=\"og:description\" content=\"En exclusivit\u00e9 ! D\u00e9couvrez l&#039;Ep\u00e9e Feunoyr de Viserys Targaryen dans House of Dragon au meilleur prix - Lame en acier - Fourreau - Garde acier - 119 cm\" \/>\n<meta property=\"og:url\" content=\"https:\/\/repliquemangacine.fr\/it\/casa-del-drago\/spada-feunoyr-viserys-targaryen\/\" \/>\n<meta property=\"og:site_name\" content=\"R\u00e9plique Manga Cin\u00e9\" \/>\n<meta property=\"article:publisher\" content=\"https:\/\/www.facebook.com\/RepliqueMangaCine\" \/>\n<meta property=\"article:modified_time\" content=\"2026-03-31T08:04:55+00:00\" \/>\n<meta property=\"og:image\" content=\"https:\/\/repliquemangacine.fr\/wp-content\/uploads\/2023\/10\/Epee-Feunoyr-Viserys-Targaryen.jpg\" \/>\n\t<meta property=\"og:image:width\" content=\"500\" \/>\n\t<meta property=\"og:image:height\" content=\"500\" \/>\n\t<meta property=\"og:image:type\" content=\"image\/jpeg\" \/>\n<meta name=\"twitter:card\" content=\"summary_large_image\" \/>\n<meta name=\"twitter:label1\" content=\"Tempo di lettura stimato\" \/>\n\t<meta name=\"twitter:data1\" content=\"3 minuti\" \/>\n<script type=\"application\/ld+json\" class=\"yoast-schema-graph\">{\"@context\":\"https:\\\/\\\/schema.org\",\"@graph\":[{\"@type\":\"WebPage\",\"@id\":\"https:\\\/\\\/repliquemangacine.fr\\\/house-of-the-dragon\\\/epee-feunoyr-viserys-targaryen\\\/\",\"url\":\"https:\\\/\\\/repliquemangacine.fr\\\/house-of-the-dragon\\\/epee-feunoyr-viserys-targaryen\\\/\",\"name\":\"Ep\u00e9e Feunoyr Viserys Targaryen - Ep\u00e9es House of Dragon - RMC\",\"isPartOf\":{\"@id\":\"https:\\\/\\\/repliquemangacine.fr\\\/#website\"},\"primaryImageOfPage\":{\"@id\":\"https:\\\/\\\/repliquemangacine.fr\\\/house-of-the-dragon\\\/epee-feunoyr-viserys-targaryen\\\/#primaryimage\"},\"image\":{\"@id\":\"https:\\\/\\\/repliquemangacine.fr\\\/house-of-the-dragon\\\/epee-feunoyr-viserys-targaryen\\\/#primaryimage\"},\"thumbnailUrl\":\"https:\\\/\\\/repliquemangacine.fr\\\/wp-content\\\/uploads\\\/2023\\\/10\\\/Epee-Feunoyr-Viserys-Targaryen.jpg\",\"datePublished\":\"2023-05-16T09:40:55+00:00\",\"dateModified\":\"2026-03-31T08:04:55+00:00\",\"description\":\"En exclusivit\u00e9 ! D\u00e9couvrez l'Ep\u00e9e Feunoyr de Viserys Targaryen dans House of Dragon au meilleur prix - Lame en acier - Fourreau - Garde acier - 119 cm\",\"breadcrumb\":{\"@id\":\"https:\\\/\\\/repliquemangacine.fr\\\/house-of-the-dragon\\\/epee-feunoyr-viserys-targaryen\\\/#breadcrumb\"},\"inLanguage\":\"it-IT\",\"potentialAction\":[{\"@type\":\"ReadAction\",\"target\":[\"https:\\\/\\\/repliquemangacine.fr\\\/house-of-the-dragon\\\/epee-feunoyr-viserys-targaryen\\\/\"]}]},{\"@type\":\"ImageObject\",\"inLanguage\":\"it-IT\",\"@id\":\"https:\\\/\\\/repliquemangacine.fr\\\/house-of-the-dragon\\\/epee-feunoyr-viserys-targaryen\\\/#primaryimage\",\"url\":\"https:\\\/\\\/repliquemangacine.fr\\\/wp-content\\\/uploads\\\/2023\\\/10\\\/Epee-Feunoyr-Viserys-Targaryen.jpg\",\"contentUrl\":\"https:\\\/\\\/repliquemangacine.fr\\\/wp-content\\\/uploads\\\/2023\\\/10\\\/Epee-Feunoyr-Viserys-Targaryen.jpg\",\"width\":500,\"height\":500,\"caption\":\"Ep\u00e9e Feunoyr Viserys Targaryen\"},{\"@type\":\"BreadcrumbList\",\"@id\":\"https:\\\/\\\/repliquemangacine.fr\\\/house-of-the-dragon\\\/epee-feunoyr-viserys-targaryen\\\/#breadcrumb\",\"itemListElement\":[{\"@type\":\"ListItem\",\"position\":1,\"name\":\"Accueil\",\"item\":\"https:\\\/\\\/repliquemangacine.fr\\\/\"},{\"@type\":\"ListItem\",\"position\":2,\"name\":\"Produits\",\"item\":\"https:\\\/\\\/repliquemangacine.fr\\\/boutique\\\/\"},{\"@type\":\"ListItem\",\"position\":3,\"name\":\"Ep\u00e9e Feunoyr Viserys Targaryen\"}]},{\"@type\":\"WebSite\",\"@id\":\"https:\\\/\\\/repliquemangacine.fr\\\/#website\",\"url\":\"https:\\\/\\\/repliquemangacine.fr\\\/\",\"name\":\"R\u00e9plique Manga Cin\u00e9\",\"description\":\"\",\"publisher\":{\"@id\":\"https:\\\/\\\/repliquemangacine.fr\\\/#organization\"},\"potentialAction\":[{\"@type\":\"SearchAction\",\"target\":{\"@type\":\"EntryPoint\",\"urlTemplate\":\"https:\\\/\\\/repliquemangacine.fr\\\/?s={search_term_string}\"},\"query-input\":{\"@type\":\"PropertyValueSpecification\",\"valueRequired\":true,\"valueName\":\"search_term_string\"}}],\"inLanguage\":\"it-IT\"},{\"@type\":\"Organization\",\"@id\":\"https:\\\/\\\/repliquemangacine.fr\\\/#organization\",\"name\":\"R\u00e9plique Manga Cin\u00e9\",\"url\":\"https:\\\/\\\/repliquemangacine.fr\\\/\",\"logo\":{\"@type\":\"ImageObject\",\"inLanguage\":\"it-IT\",\"@id\":\"https:\\\/\\\/repliquemangacine.fr\\\/#\\\/schema\\\/logo\\\/image\\\/\",\"url\":\"https:\\\/\\\/repliquemangacine.fr\\\/wp-content\\\/uploads\\\/2023\\\/10\\\/RMC-500250.png\",\"contentUrl\":\"https:\\\/\\\/repliquemangacine.fr\\\/wp-content\\\/uploads\\\/2023\\\/10\\\/RMC-500250.png\",\"width\":500,\"height\":250,\"caption\":\"R\u00e9plique Manga Cin\u00e9\"},\"image\":{\"@id\":\"https:\\\/\\\/repliquemangacine.fr\\\/#\\\/schema\\\/logo\\\/image\\\/\"},\"sameAs\":[\"https:\\\/\\\/www.facebook.com\\\/RepliqueMangaCine\",\"https:\\\/\\\/www.instagram.com\\\/repliquemangacine.fr\\\/\"]}]}<\/script>\n<!-- \/ Yoast SEO plugin. -->","yoast_head_json":{"title":"Spada Feunoyr Viserys Targaryen - Spade della Casa del Drago - RMC","description":"Esclusivo! Scopri la Spada Feunoyr di Viserys Targaryen della Casa del Drago al miglior prezzo - Lama in acciaio - Fodero - Guardia in acciaio - 119 cm","robots":{"index":"index","follow":"follow","max-snippet":"max-snippet:-1","max-image-preview":"max-image-preview:large","max-video-preview":"max-video-preview:-1"},"canonical":"https:\/\/repliquemangacine.fr\/it\/casa-del-drago\/spada-feunoyr-viserys-targaryen\/","og_locale":"it_IT","og_type":"article","og_title":"Ep\u00e9e Feunoyr Viserys Targaryen - Ep\u00e9es House of Dragon - RMC","og_description":"En exclusivit\u00e9 ! D\u00e9couvrez l'Ep\u00e9e Feunoyr de Viserys Targaryen dans House of Dragon au meilleur prix - Lame en acier - Fourreau - Garde acier - 119 cm","og_url":"https:\/\/repliquemangacine.fr\/it\/casa-del-drago\/spada-feunoyr-viserys-targaryen\/","og_site_name":"R\u00e9plique Manga Cin\u00e9","article_publisher":"https:\/\/www.facebook.com\/RepliqueMangaCine","article_modified_time":"2026-03-31T08:04:55+00:00","og_image":[{"width":500,"height":500,"url":"https:\/\/repliquemangacine.fr\/wp-content\/uploads\/2023\/10\/Epee-Feunoyr-Viserys-Targaryen.jpg","type":"image\/jpeg"}],"twitter_card":"summary_large_image","twitter_misc":{"Tempo di lettura stimato":"3 minuti"},"schema":{"@context":"https:\/\/schema.org","@graph":[{"@type":"WebPage","@id":"https:\/\/repliquemangacine.fr\/house-of-the-dragon\/epee-feunoyr-viserys-targaryen\/","url":"https:\/\/repliquemangacine.fr\/house-of-the-dragon\/epee-feunoyr-viserys-targaryen\/","name":"Spada Feunoyr Viserys Targaryen - Spade della Casa del Drago - RMC","isPartOf":{"@id":"https:\/\/repliquemangacine.fr\/#website"},"primaryImageOfPage":{"@id":"https:\/\/repliquemangacine.fr\/house-of-the-dragon\/epee-feunoyr-viserys-targaryen\/#primaryimage"},"image":{"@id":"https:\/\/repliquemangacine.fr\/house-of-the-dragon\/epee-feunoyr-viserys-targaryen\/#primaryimage"},"thumbnailUrl":"https:\/\/repliquemangacine.fr\/wp-content\/uploads\/2023\/10\/Epee-Feunoyr-Viserys-Targaryen.jpg","datePublished":"2023-05-16T09:40:55+00:00","dateModified":"2026-03-31T08:04:55+00:00","description":"Esclusivo! Scopri la Spada Feunoyr di Viserys Targaryen della Casa del Drago al miglior prezzo - Lama in acciaio - Fodero - Guardia in acciaio - 119 cm","breadcrumb":{"@id":"https:\/\/repliquemangacine.fr\/house-of-the-dragon\/epee-feunoyr-viserys-targaryen\/#breadcrumb"},"inLanguage":"it-IT","potentialAction":[{"@type":"ReadAction","target":["https:\/\/repliquemangacine.fr\/house-of-the-dragon\/epee-feunoyr-viserys-targaryen\/"]}]},{"@type":"ImageObject","inLanguage":"it-IT","@id":"https:\/\/repliquemangacine.fr\/house-of-the-dragon\/epee-feunoyr-viserys-targaryen\/#primaryimage","url":"https:\/\/repliquemangacine.fr\/wp-content\/uploads\/2023\/10\/Epee-Feunoyr-Viserys-Targaryen.jpg","contentUrl":"https:\/\/repliquemangacine.fr\/wp-content\/uploads\/2023\/10\/Epee-Feunoyr-Viserys-Targaryen.jpg","width":500,"height":500,"caption":"Ep\u00e9e Feunoyr Viserys Targaryen"},{"@type":"BreadcrumbList","@id":"https:\/\/repliquemangacine.fr\/house-of-the-dragon\/epee-feunoyr-viserys-targaryen\/#breadcrumb","itemListElement":[{"@type":"ListItem","position":1,"name":"Accueil","item":"https:\/\/repliquemangacine.fr\/"},{"@type":"ListItem","position":2,"name":"Produits","item":"https:\/\/repliquemangacine.fr\/boutique\/"},{"@type":"ListItem","position":3,"name":"Ep\u00e9e Feunoyr Viserys Targaryen"}]},{"@type":"WebSite","@id":"https:\/\/repliquemangacine.fr\/#website","url":"https:\/\/repliquemangacine.fr\/","name":"R\u00e9plique Manga Cin\u00e9","description":"","publisher":{"@id":"https:\/\/repliquemangacine.fr\/#organization"},"potentialAction":[{"@type":"SearchAction","target":{"@type":"EntryPoint","urlTemplate":"https:\/\/repliquemangacine.fr\/?s={search_term_string}"},"query-input":{"@type":"PropertyValueSpecification","valueRequired":true,"valueName":"search_term_string"}}],"inLanguage":"it-IT"},{"@type":"Organization","@id":"https:\/\/repliquemangacine.fr\/#organization","name":"R\u00e9plique Manga Cin\u00e9","url":"https:\/\/repliquemangacine.fr\/","logo":{"@type":"ImageObject","inLanguage":"it-IT","@id":"https:\/\/repliquemangacine.fr\/#\/schema\/logo\/image\/","url":"https:\/\/repliquemangacine.fr\/wp-content\/uploads\/2023\/10\/RMC-500250.png","contentUrl":"https:\/\/repliquemangacine.fr\/wp-content\/uploads\/2023\/10\/RMC-500250.png","width":500,"height":250,"caption":"R\u00e9plique Manga Cin\u00e9"},"image":{"@id":"https:\/\/repliquemangacine.fr\/#\/schema\/logo\/image\/"},"sameAs":["https:\/\/www.facebook.com\/RepliqueMangaCine","https:\/\/www.instagram.com\/repliquemangacine.fr\/"]}]}},"_links":{"self":[{"href":"https:\/\/repliquemangacine.fr\/it\/wp-json\/wp\/v2\/product\/60255","targetHints":{"allow":["GET"]}}],"collection":[{"href":"https:\/\/repliquemangacine.fr\/it\/wp-json\/wp\/v2\/product"}],"about":[{"href":"https:\/\/repliquemangacine.fr\/it\/wp-json\/wp\/v2\/types\/product"}],"wp:featuredmedia":[{"embeddable":true,"href":"https:\/\/repliquemangacine.fr\/it\/wp-json\/wp\/v2\/media\/60256"}],"wp:attachment":[{"href":"https:\/\/repliquemangacine.fr\/it\/wp-json\/wp\/v2\/media?parent=60255"}],"wp:term":[{"taxonomy":"product_brand","embeddable":true,"href":"https:\/\/repliquemangacine.fr\/it\/wp-json\/wp\/v2\/product_brand?post=60255"},{"taxonomy":"product_cat","embeddable":true,"href":"https:\/\/repliquemangacine.fr\/it\/wp-json\/wp\/v2\/product_cat?post=60255"},{"taxonomy":"product_tag","embeddable":true,"href":"https:\/\/repliquemangacine.fr\/it\/wp-json\/wp\/v2\/product_tag?post=60255"}],"curies":[{"name":"wp","href":"https:\/\/api.w.org\/{rel}","templated":true}]}}