





{"id":60239,"date":"2023-05-15T15:55:05","date_gmt":"2023-05-15T13:55:05","guid":{"rendered":"https:\/\/repliquemangacine.fr\/?post_type=product&#038;p=60239"},"modified":"2025-11-21T12:33:40","modified_gmt":"2025-11-21T11:33:40","slug":"custodia-posteriore-per-katana","status":"publish","type":"product","link":"https:\/\/repliquemangacine.fr\/it\/accessoires-katana\/etui-dorsal-pour-katana\/","title":{"rendered":"Fondina per katana"},"content":{"rendered":"<h2>Custodia posteriore per katana o spade<\/h2>\n<p>Per cominciare, questo <strong>Custodia posteriore per katana o spade<\/strong> in similpelle nera \u00e8 un elemento essenziale per portare la tua spada, sciabola o katana sulla schiena. Avrai cos\u00ec una totale libert\u00e0 di movimento. Con questo accessorio, sarai come G\u00e9rald de Riv con la sua spada sulla schiena!<\/p>\n<p>Esistono diverse versioni di supporti o cinture per katane, spade o sciabole con diverse presentazioni, ad esempio :<\/p>\n<ul>\n<li>Supporti a parete: progettati per essere fissati alla parete per un'esposizione appesa, per dare alla vostra esposizione di armi un tocco elegante e decorativo.<\/li>\n<li>Supporti liberi: progettati per essere esposti su un mobile, un tavolo o una scrivania. Solitamente realizzati in legno, si incastrano tra loro senza chiodi o viti.<\/li>\n<li>Supporti verticali: generalmente in legno, sono progettati per esporre la katana in verticale.<\/li>\n<li>Anche le cinture di sicurezza da 1 a 3 e il supporto per lo schienale sono in similpelle.<\/li>\n<\/ul>\n<h2>Le vostre katane e spade replica al miglior prezzo.<\/h2>\n<p>Vi proponiamo un'ampia scelta di riproduzioni di spade e katana economiche da portare con voi.<\/p>\n<p>Innanzitutto,<\/p>\n<ul>\n<li>L'<a href=\"https:\/\/repliquemangacine.fr\/it\/spada-di-zelda\/spada-master-spada-zelda\/\">Maestro di spada<\/a>la spada leggendaria di Zelda<\/li>\n<li>Oltre alle spade di Game of Thrones, tra cui quella di<a href=\"https:\/\/repliquemangacine.fr\/it\/gioco-del-trono\/spada-jon-snow-grande-game-of-thrones-etichetta\/\">La spada di Jon Snow<\/a> \"Grande Griffe<\/li>\n<li>Ci sono anche le spade di Gerald de Riv nel videogioco The Witcher e nella serie Netflix.<\/li>\n<li>E molto altro ancora da scoprire nel nostro negozio online!<\/li>\n<\/ul>\n<p>Ecco quindi alcune grandi idee regalo per tutti coloro che amano le katane e le spade.<\/p>\n<p>In conclusione, \u00e8 possibile utilizzare il proprio <strong>Custodia posteriore per katana o spada<\/strong> per le convention e le sfilate cosplay.<\/p>\n<p>R\u00e9plique Manga Cin\u00e9 \u00e8 un'azienda francese a conduzione familiare e distributore ufficiale del marchio <a href=\"https:\/\/www.denix.fr\/\" target=\"_blank\" rel=\"noopener noreferrer\">Denix<\/a>.<\/p>","protected":false},"excerpt":{"rendered":"<p>Liberi di muovervi! Portate le vostre spade o katane sulla schiena con questo zaino.<\/p>\n<ul>\n<li>In similpelle nera<\/li>\n<li>Fibbie in metallo<\/li>\n<li>Peso: 194 g<\/li>\n<\/ul>","protected":false},"featured_media":60240,"template":"","meta":[],"product_brand":[896],"product_cat":[50,26],"product_tag":[],"class_list":{"0":"post-60239","1":"product","2":"type-product","3":"status-publish","4":"has-post-thumbnail","6":"product_brand-replique-manga-cine","7":"product_cat-accessoires-katana","8":"product_cat-katana-epee","10":"first","11":"instock","12":"taxable","13":"shipping-taxable","14":"purchasable","15":"product-type-simple"},"yoast_head":"<!-- This site is optimized with the Yoast SEO plugin v27.4 - https:\/\/yoast.com\/product\/yoast-seo-wordpress\/ -->\n<title>Etui dorsal pour katana - R\u00e9plique Manga Cin\u00e9<\/title>\n<meta name=\"description\" content=\"En exclusivit\u00e9 ! Etui dorsal pour katana ou \u00e9p\u00e9e en similicuir au meilleur prix - Soyez libre de vos mouvements, portez sur votre dos votre \u00e9p\u00e9e pr\u00e9f\u00e9r\u00e9e !\" \/>\n<meta name=\"robots\" content=\"index, follow, max-snippet:-1, max-image-preview:large, max-video-preview:-1\" \/>\n<link rel=\"canonical\" href=\"https:\/\/repliquemangacine.fr\/it\/accessori-per-katana\/custodia-posteriore-per-katana\/\" \/>\n<meta property=\"og:locale\" content=\"it_IT\" \/>\n<meta property=\"og:type\" content=\"article\" \/>\n<meta property=\"og:title\" content=\"Etui dorsal pour katana - R\u00e9plique Manga Cin\u00e9\" \/>\n<meta property=\"og:description\" content=\"En exclusivit\u00e9 ! Etui dorsal pour katana ou \u00e9p\u00e9e en similicuir au meilleur prix - Soyez libre de vos mouvements, portez sur votre dos votre \u00e9p\u00e9e pr\u00e9f\u00e9r\u00e9e !\" \/>\n<meta property=\"og:url\" content=\"https:\/\/repliquemangacine.fr\/it\/accessori-per-katana\/custodia-posteriore-per-katana\/\" \/>\n<meta property=\"og:site_name\" content=\"R\u00e9plique Manga Cin\u00e9\" \/>\n<meta property=\"article:publisher\" content=\"https:\/\/www.facebook.com\/RepliqueMangaCine\" \/>\n<meta property=\"article:modified_time\" content=\"2025-11-21T11:33:40+00:00\" \/>\n<meta property=\"og:image\" content=\"https:\/\/repliquemangacine.fr\/wp-content\/uploads\/2023\/10\/porte-katana-dorsale.jpg\" \/>\n\t<meta property=\"og:image:width\" content=\"500\" \/>\n\t<meta property=\"og:image:height\" content=\"500\" \/>\n\t<meta property=\"og:image:type\" content=\"image\/jpeg\" \/>\n<meta name=\"twitter:card\" content=\"summary_large_image\" \/>\n<meta name=\"twitter:label1\" content=\"Tempo di lettura stimato\" \/>\n\t<meta name=\"twitter:data1\" content=\"2 minuti\" \/>\n<script type=\"application\/ld+json\" class=\"yoast-schema-graph\">{\"@context\":\"https:\\\/\\\/schema.org\",\"@graph\":[{\"@type\":\"WebPage\",\"@id\":\"https:\\\/\\\/repliquemangacine.fr\\\/accessoires-katana\\\/etui-dorsal-pour-katana\\\/\",\"url\":\"https:\\\/\\\/repliquemangacine.fr\\\/accessoires-katana\\\/etui-dorsal-pour-katana\\\/\",\"name\":\"Etui dorsal pour katana - R\u00e9plique Manga Cin\u00e9\",\"isPartOf\":{\"@id\":\"https:\\\/\\\/repliquemangacine.fr\\\/#website\"},\"primaryImageOfPage\":{\"@id\":\"https:\\\/\\\/repliquemangacine.fr\\\/accessoires-katana\\\/etui-dorsal-pour-katana\\\/#primaryimage\"},\"image\":{\"@id\":\"https:\\\/\\\/repliquemangacine.fr\\\/accessoires-katana\\\/etui-dorsal-pour-katana\\\/#primaryimage\"},\"thumbnailUrl\":\"https:\\\/\\\/repliquemangacine.fr\\\/wp-content\\\/uploads\\\/2023\\\/10\\\/porte-katana-dorsale.jpg\",\"datePublished\":\"2023-05-15T13:55:05+00:00\",\"dateModified\":\"2025-11-21T11:33:40+00:00\",\"description\":\"En exclusivit\u00e9 ! Etui dorsal pour katana ou \u00e9p\u00e9e en similicuir au meilleur prix - Soyez libre de vos mouvements, portez sur votre dos votre \u00e9p\u00e9e pr\u00e9f\u00e9r\u00e9e !\",\"breadcrumb\":{\"@id\":\"https:\\\/\\\/repliquemangacine.fr\\\/accessoires-katana\\\/etui-dorsal-pour-katana\\\/#breadcrumb\"},\"inLanguage\":\"it-IT\",\"potentialAction\":[{\"@type\":\"ReadAction\",\"target\":[\"https:\\\/\\\/repliquemangacine.fr\\\/accessoires-katana\\\/etui-dorsal-pour-katana\\\/\"]}]},{\"@type\":\"ImageObject\",\"inLanguage\":\"it-IT\",\"@id\":\"https:\\\/\\\/repliquemangacine.fr\\\/accessoires-katana\\\/etui-dorsal-pour-katana\\\/#primaryimage\",\"url\":\"https:\\\/\\\/repliquemangacine.fr\\\/wp-content\\\/uploads\\\/2023\\\/10\\\/porte-katana-dorsale.jpg\",\"contentUrl\":\"https:\\\/\\\/repliquemangacine.fr\\\/wp-content\\\/uploads\\\/2023\\\/10\\\/porte-katana-dorsale.jpg\",\"width\":500,\"height\":500,\"caption\":\"Etui dorsal pour katana ou \u00e9p\u00e9e\"},{\"@type\":\"BreadcrumbList\",\"@id\":\"https:\\\/\\\/repliquemangacine.fr\\\/accessoires-katana\\\/etui-dorsal-pour-katana\\\/#breadcrumb\",\"itemListElement\":[{\"@type\":\"ListItem\",\"position\":1,\"name\":\"Accueil\",\"item\":\"https:\\\/\\\/repliquemangacine.fr\\\/\"},{\"@type\":\"ListItem\",\"position\":2,\"name\":\"Produits\",\"item\":\"https:\\\/\\\/repliquemangacine.fr\\\/boutique\\\/\"},{\"@type\":\"ListItem\",\"position\":3,\"name\":\"Etui dorsal pour katana\"}]},{\"@type\":\"WebSite\",\"@id\":\"https:\\\/\\\/repliquemangacine.fr\\\/#website\",\"url\":\"https:\\\/\\\/repliquemangacine.fr\\\/\",\"name\":\"R\u00e9plique Manga Cin\u00e9\",\"description\":\"\",\"publisher\":{\"@id\":\"https:\\\/\\\/repliquemangacine.fr\\\/#organization\"},\"potentialAction\":[{\"@type\":\"SearchAction\",\"target\":{\"@type\":\"EntryPoint\",\"urlTemplate\":\"https:\\\/\\\/repliquemangacine.fr\\\/?s={search_term_string}\"},\"query-input\":{\"@type\":\"PropertyValueSpecification\",\"valueRequired\":true,\"valueName\":\"search_term_string\"}}],\"inLanguage\":\"it-IT\"},{\"@type\":\"Organization\",\"@id\":\"https:\\\/\\\/repliquemangacine.fr\\\/#organization\",\"name\":\"R\u00e9plique Manga Cin\u00e9\",\"url\":\"https:\\\/\\\/repliquemangacine.fr\\\/\",\"logo\":{\"@type\":\"ImageObject\",\"inLanguage\":\"it-IT\",\"@id\":\"https:\\\/\\\/repliquemangacine.fr\\\/#\\\/schema\\\/logo\\\/image\\\/\",\"url\":\"https:\\\/\\\/repliquemangacine.fr\\\/wp-content\\\/uploads\\\/2023\\\/10\\\/RMC-500250.png\",\"contentUrl\":\"https:\\\/\\\/repliquemangacine.fr\\\/wp-content\\\/uploads\\\/2023\\\/10\\\/RMC-500250.png\",\"width\":500,\"height\":250,\"caption\":\"R\u00e9plique Manga Cin\u00e9\"},\"image\":{\"@id\":\"https:\\\/\\\/repliquemangacine.fr\\\/#\\\/schema\\\/logo\\\/image\\\/\"},\"sameAs\":[\"https:\\\/\\\/www.facebook.com\\\/RepliqueMangaCine\",\"https:\\\/\\\/www.instagram.com\\\/repliquemangacine.fr\\\/\"]}]}<\/script>\n<!-- \/ Yoast SEO plugin. -->","yoast_head_json":{"title":"Fondina per katana - R\u00e9plique Manga Cin\u00e9","description":"Esclusivo! Custodia in similpelle per katana o spada al miglior prezzo - Sentitevi liberi di portare la vostra spada preferita sulla schiena!","robots":{"index":"index","follow":"follow","max-snippet":"max-snippet:-1","max-image-preview":"max-image-preview:large","max-video-preview":"max-video-preview:-1"},"canonical":"https:\/\/repliquemangacine.fr\/it\/accessori-per-katana\/custodia-posteriore-per-katana\/","og_locale":"it_IT","og_type":"article","og_title":"Etui dorsal pour katana - R\u00e9plique Manga Cin\u00e9","og_description":"En exclusivit\u00e9 ! Etui dorsal pour katana ou \u00e9p\u00e9e en similicuir au meilleur prix - Soyez libre de vos mouvements, portez sur votre dos votre \u00e9p\u00e9e pr\u00e9f\u00e9r\u00e9e !","og_url":"https:\/\/repliquemangacine.fr\/it\/accessori-per-katana\/custodia-posteriore-per-katana\/","og_site_name":"R\u00e9plique Manga Cin\u00e9","article_publisher":"https:\/\/www.facebook.com\/RepliqueMangaCine","article_modified_time":"2025-11-21T11:33:40+00:00","og_image":[{"width":500,"height":500,"url":"https:\/\/repliquemangacine.fr\/wp-content\/uploads\/2023\/10\/porte-katana-dorsale.jpg","type":"image\/jpeg"}],"twitter_card":"summary_large_image","twitter_misc":{"Tempo di lettura stimato":"2 minuti"},"schema":{"@context":"https:\/\/schema.org","@graph":[{"@type":"WebPage","@id":"https:\/\/repliquemangacine.fr\/accessoires-katana\/etui-dorsal-pour-katana\/","url":"https:\/\/repliquemangacine.fr\/accessoires-katana\/etui-dorsal-pour-katana\/","name":"Fondina per katana - R\u00e9plique Manga Cin\u00e9","isPartOf":{"@id":"https:\/\/repliquemangacine.fr\/#website"},"primaryImageOfPage":{"@id":"https:\/\/repliquemangacine.fr\/accessoires-katana\/etui-dorsal-pour-katana\/#primaryimage"},"image":{"@id":"https:\/\/repliquemangacine.fr\/accessoires-katana\/etui-dorsal-pour-katana\/#primaryimage"},"thumbnailUrl":"https:\/\/repliquemangacine.fr\/wp-content\/uploads\/2023\/10\/porte-katana-dorsale.jpg","datePublished":"2023-05-15T13:55:05+00:00","dateModified":"2025-11-21T11:33:40+00:00","description":"Esclusivo! Custodia in similpelle per katana o spada al miglior prezzo - Sentitevi liberi di portare la vostra spada preferita sulla schiena!","breadcrumb":{"@id":"https:\/\/repliquemangacine.fr\/accessoires-katana\/etui-dorsal-pour-katana\/#breadcrumb"},"inLanguage":"it-IT","potentialAction":[{"@type":"ReadAction","target":["https:\/\/repliquemangacine.fr\/accessoires-katana\/etui-dorsal-pour-katana\/"]}]},{"@type":"ImageObject","inLanguage":"it-IT","@id":"https:\/\/repliquemangacine.fr\/accessoires-katana\/etui-dorsal-pour-katana\/#primaryimage","url":"https:\/\/repliquemangacine.fr\/wp-content\/uploads\/2023\/10\/porte-katana-dorsale.jpg","contentUrl":"https:\/\/repliquemangacine.fr\/wp-content\/uploads\/2023\/10\/porte-katana-dorsale.jpg","width":500,"height":500,"caption":"Etui dorsal pour katana ou \u00e9p\u00e9e"},{"@type":"BreadcrumbList","@id":"https:\/\/repliquemangacine.fr\/accessoires-katana\/etui-dorsal-pour-katana\/#breadcrumb","itemListElement":[{"@type":"ListItem","position":1,"name":"Accueil","item":"https:\/\/repliquemangacine.fr\/"},{"@type":"ListItem","position":2,"name":"Produits","item":"https:\/\/repliquemangacine.fr\/boutique\/"},{"@type":"ListItem","position":3,"name":"Etui dorsal pour katana"}]},{"@type":"WebSite","@id":"https:\/\/repliquemangacine.fr\/#website","url":"https:\/\/repliquemangacine.fr\/","name":"R\u00e9plique Manga Cin\u00e9","description":"","publisher":{"@id":"https:\/\/repliquemangacine.fr\/#organization"},"potentialAction":[{"@type":"SearchAction","target":{"@type":"EntryPoint","urlTemplate":"https:\/\/repliquemangacine.fr\/?s={search_term_string}"},"query-input":{"@type":"PropertyValueSpecification","valueRequired":true,"valueName":"search_term_string"}}],"inLanguage":"it-IT"},{"@type":"Organization","@id":"https:\/\/repliquemangacine.fr\/#organization","name":"R\u00e9plique Manga Cin\u00e9","url":"https:\/\/repliquemangacine.fr\/","logo":{"@type":"ImageObject","inLanguage":"it-IT","@id":"https:\/\/repliquemangacine.fr\/#\/schema\/logo\/image\/","url":"https:\/\/repliquemangacine.fr\/wp-content\/uploads\/2023\/10\/RMC-500250.png","contentUrl":"https:\/\/repliquemangacine.fr\/wp-content\/uploads\/2023\/10\/RMC-500250.png","width":500,"height":250,"caption":"R\u00e9plique Manga Cin\u00e9"},"image":{"@id":"https:\/\/repliquemangacine.fr\/#\/schema\/logo\/image\/"},"sameAs":["https:\/\/www.facebook.com\/RepliqueMangaCine","https:\/\/www.instagram.com\/repliquemangacine.fr\/"]}]}},"_links":{"self":[{"href":"https:\/\/repliquemangacine.fr\/it\/wp-json\/wp\/v2\/product\/60239","targetHints":{"allow":["GET"]}}],"collection":[{"href":"https:\/\/repliquemangacine.fr\/it\/wp-json\/wp\/v2\/product"}],"about":[{"href":"https:\/\/repliquemangacine.fr\/it\/wp-json\/wp\/v2\/types\/product"}],"wp:featuredmedia":[{"embeddable":true,"href":"https:\/\/repliquemangacine.fr\/it\/wp-json\/wp\/v2\/media\/60240"}],"wp:attachment":[{"href":"https:\/\/repliquemangacine.fr\/it\/wp-json\/wp\/v2\/media?parent=60239"}],"wp:term":[{"taxonomy":"product_brand","embeddable":true,"href":"https:\/\/repliquemangacine.fr\/it\/wp-json\/wp\/v2\/product_brand?post=60239"},{"taxonomy":"product_cat","embeddable":true,"href":"https:\/\/repliquemangacine.fr\/it\/wp-json\/wp\/v2\/product_cat?post=60239"},{"taxonomy":"product_tag","embeddable":true,"href":"https:\/\/repliquemangacine.fr\/it\/wp-json\/wp\/v2\/product_tag?post=60239"}],"curies":[{"name":"wp","href":"https:\/\/api.w.org\/{rel}","templated":true}]}}