





{"id":60228,"date":"2023-05-15T15:17:22","date_gmt":"2023-05-15T13:17:22","guid":{"rendered":"https:\/\/repliquemangacine.fr\/?post_type=product&#038;p=60228"},"modified":"2026-04-20T18:40:32","modified_gmt":"2026-04-20T16:40:32","slug":"cintura-per-3-katane","status":"publish","type":"product","link":"https:\/\/repliquemangacine.fr\/it\/katana-naruto\/ceinture-pour-3-katanas\/","title":{"rendered":"Cintura per 3 Katane"},"content":{"rendered":"<h2>Cintura per 3 katane in similpelle<\/h2>\n<p>Per cominciare, il <strong>Cintura per 3 katane<\/strong> in similpelle nera \u00e8 un articolo indispensabile per portare alla cintura le tre katane di vostra scelta. Avrete una totale libert\u00e0 di movimento. Con questo accessorio, sarete Zoro di One Piece!<\/p>\n<p>Esistono diverse versioni di supporti o cinture per katane, spade o sciabole con diverse presentazioni, ad esempio :<\/p>\n<ul>\n<li>Supporti a parete: progettati per essere fissati alla parete per un'esposizione appesa, per dare alla vostra esposizione di armi un tocco elegante e decorativo.<\/li>\n<li>Supporti liberi: progettati per essere esposti su un mobile, un tavolo o una scrivania. Solitamente realizzati in legno, si incastrano tra loro senza chiodi o viti.<\/li>\n<li>Supporti verticali: generalmente in legno, sono progettati per esporre la katana in verticale.<\/li>\n<li>Da 1 a 3 cinture di sicurezza e anche il supporto per la schiena<\/li>\n<\/ul>\n<h2>Le vostre katane e spade replica al miglior prezzo.<\/h2>\n<p>Offriamo un'ampia gamma di riproduzioni economiche di spade e katane da portare alla cintura.<\/p>\n<p>Innanzitutto,<\/p>\n<ul>\n<li>Le <a href=\"https:\/\/repliquemangacine.fr\/it\/katana-lultimo-samurai\/katana-du-dernier-samourai-lultimo-samourai\/\">katana dell'ultimo samurai<\/a> utilizzato da Nathan Algren alias Tom<\/li>\n<li>Cos\u00ec come il <a href=\"https:\/\/repliquemangacine.fr\/it\/armi-the-walking-dead\/katana-di-michonne\/\">La katana di Michonne<\/a> in The Walking Dead, versione integrale<\/li>\n<li>Ci sono anche le tre spade di Zoro in One Piece con questa offerta eccezionale!<\/li>\n<li>E molto altro ancora da scoprire nel nostro negozio online!<\/li>\n<\/ul>\n<p>Ecco quindi alcune grandi idee regalo per tutti coloro che amano le katane e le spade.<\/p>\n<p>In conclusione, \u00e8 possibile utilizzare il proprio <strong>Cintura per 3 Katane<\/strong> per le convention e le sfilate cosplay.<\/p>\n<p>R\u00e9plique Manga Cin\u00e9 \u00e8 un'azienda francese a conduzione familiare e distributore ufficiale del marchio <a href=\"https:\/\/www.denix.fr\/\" target=\"_blank\" rel=\"noopener noreferrer\">Denix<\/a>.<\/p>","protected":false},"excerpt":{"rendered":"<p>Sentitevi liberi di muovervi! Indossate le vostre katane in vita con questa cintura<\/p>\n<ul>\n<li>In similpelle nera<\/li>\n<li>Contiene 3 katane o spade<\/li>\n<li>Fibbie in metallo<\/li>\n<\/ul>","protected":false},"featured_media":60229,"template":"","meta":[],"product_brand":[896],"product_cat":[50,65,66,30,63,24,26,109,23,42,36,67],"product_tag":[],"class_list":{"0":"post-60228","1":"product","2":"type-product","3":"status-publish","4":"has-post-thumbnail","6":"product_brand-replique-manga-cine","7":"product_cat-accessoires-katana","8":"product_cat-katana-et-epee-de-manga-anime-autre-manga","9":"product_cat-repliques-d-armes-films-et-series","10":"product_cat-katana-bleach","11":"product_cat-katana-demon-slayer","12":"product_cat-films-series-tv-vente-de-katana-epee-et-produits-derives","13":"product_cat-katana-epee","14":"product_cat-katana-naruto","15":"product_cat-repliques-manga-jeux-video","16":"product_cat-katana-goodies-naruto-kunai","17":"product_cat-katana-one-piece","18":"product_cat-katana-et-epee-de-jeux-video-autre-jeux-video","20":"first","21":"instock","22":"taxable","23":"shipping-taxable","24":"purchasable","25":"product-type-simple"},"yoast_head":"<!-- This site is optimized with the Yoast SEO plugin v27.4 - https:\/\/yoast.com\/product\/yoast-seo-wordpress\/ -->\n<title>Ceinture pour 3 Katanas - Boutique en ligne - R\u00e9plique Manga Cin\u00e9<\/title>\n<meta name=\"description\" content=\"En exclusivit\u00e9 ! Ceinture pour 3 katanas en similicuir au meilleur prix. Soyez libre de vos mouvements ! portez \u00e0 votre taille vos katanas pr\u00e9f\u00e9r\u00e9s !\" \/>\n<meta name=\"robots\" content=\"index, follow, max-snippet:-1, max-image-preview:large, max-video-preview:-1\" \/>\n<link rel=\"canonical\" href=\"https:\/\/repliquemangacine.fr\/it\/katana-naruto\/cintura-per-3-katane\/\" \/>\n<meta property=\"og:locale\" content=\"it_IT\" \/>\n<meta property=\"og:type\" content=\"article\" \/>\n<meta property=\"og:title\" content=\"Ceinture pour 3 Katanas - Boutique en ligne - R\u00e9plique Manga Cin\u00e9\" \/>\n<meta property=\"og:description\" content=\"En exclusivit\u00e9 ! Ceinture pour 3 katanas en similicuir au meilleur prix. Soyez libre de vos mouvements ! portez \u00e0 votre taille vos katanas pr\u00e9f\u00e9r\u00e9s !\" \/>\n<meta property=\"og:url\" content=\"https:\/\/repliquemangacine.fr\/it\/katana-naruto\/cintura-per-3-katane\/\" \/>\n<meta property=\"og:site_name\" content=\"R\u00e9plique Manga Cin\u00e9\" \/>\n<meta property=\"article:publisher\" content=\"https:\/\/www.facebook.com\/RepliqueMangaCine\" \/>\n<meta property=\"article:modified_time\" content=\"2026-04-20T16:40:32+00:00\" \/>\n<meta property=\"og:image\" content=\"https:\/\/repliquemangacine.fr\/wp-content\/uploads\/2023\/10\/ceinturon-katanas.jpg\" \/>\n\t<meta property=\"og:image:width\" content=\"500\" \/>\n\t<meta property=\"og:image:height\" content=\"500\" \/>\n\t<meta property=\"og:image:type\" content=\"image\/jpeg\" \/>\n<meta name=\"twitter:card\" content=\"summary_large_image\" \/>\n<meta name=\"twitter:label1\" content=\"Tempo di lettura stimato\" \/>\n\t<meta name=\"twitter:data1\" content=\"2 minuti\" \/>\n<script type=\"application\/ld+json\" class=\"yoast-schema-graph\">{\"@context\":\"https:\\\/\\\/schema.org\",\"@graph\":[{\"@type\":\"WebPage\",\"@id\":\"https:\\\/\\\/repliquemangacine.fr\\\/katana-naruto\\\/ceinture-pour-3-katanas\\\/\",\"url\":\"https:\\\/\\\/repliquemangacine.fr\\\/katana-naruto\\\/ceinture-pour-3-katanas\\\/\",\"name\":\"Ceinture pour 3 Katanas - Boutique en ligne - R\u00e9plique Manga Cin\u00e9\",\"isPartOf\":{\"@id\":\"https:\\\/\\\/repliquemangacine.fr\\\/#website\"},\"primaryImageOfPage\":{\"@id\":\"https:\\\/\\\/repliquemangacine.fr\\\/katana-naruto\\\/ceinture-pour-3-katanas\\\/#primaryimage\"},\"image\":{\"@id\":\"https:\\\/\\\/repliquemangacine.fr\\\/katana-naruto\\\/ceinture-pour-3-katanas\\\/#primaryimage\"},\"thumbnailUrl\":\"https:\\\/\\\/repliquemangacine.fr\\\/wp-content\\\/uploads\\\/2023\\\/10\\\/ceinturon-katanas.jpg\",\"datePublished\":\"2023-05-15T13:17:22+00:00\",\"dateModified\":\"2026-04-20T16:40:32+00:00\",\"description\":\"En exclusivit\u00e9 ! Ceinture pour 3 katanas en similicuir au meilleur prix. Soyez libre de vos mouvements ! portez \u00e0 votre taille vos katanas pr\u00e9f\u00e9r\u00e9s !\",\"breadcrumb\":{\"@id\":\"https:\\\/\\\/repliquemangacine.fr\\\/katana-naruto\\\/ceinture-pour-3-katanas\\\/#breadcrumb\"},\"inLanguage\":\"it-IT\",\"potentialAction\":[{\"@type\":\"ReadAction\",\"target\":[\"https:\\\/\\\/repliquemangacine.fr\\\/katana-naruto\\\/ceinture-pour-3-katanas\\\/\"]}]},{\"@type\":\"ImageObject\",\"inLanguage\":\"it-IT\",\"@id\":\"https:\\\/\\\/repliquemangacine.fr\\\/katana-naruto\\\/ceinture-pour-3-katanas\\\/#primaryimage\",\"url\":\"https:\\\/\\\/repliquemangacine.fr\\\/wp-content\\\/uploads\\\/2023\\\/10\\\/ceinturon-katanas.jpg\",\"contentUrl\":\"https:\\\/\\\/repliquemangacine.fr\\\/wp-content\\\/uploads\\\/2023\\\/10\\\/ceinturon-katanas.jpg\",\"width\":500,\"height\":500,\"caption\":\"ceinture pour 3 katanas\"},{\"@type\":\"BreadcrumbList\",\"@id\":\"https:\\\/\\\/repliquemangacine.fr\\\/katana-naruto\\\/ceinture-pour-3-katanas\\\/#breadcrumb\",\"itemListElement\":[{\"@type\":\"ListItem\",\"position\":1,\"name\":\"Accueil\",\"item\":\"https:\\\/\\\/repliquemangacine.fr\\\/\"},{\"@type\":\"ListItem\",\"position\":2,\"name\":\"Produits\",\"item\":\"https:\\\/\\\/repliquemangacine.fr\\\/boutique\\\/\"},{\"@type\":\"ListItem\",\"position\":3,\"name\":\"Ceinture pour 3 Katanas\"}]},{\"@type\":\"WebSite\",\"@id\":\"https:\\\/\\\/repliquemangacine.fr\\\/#website\",\"url\":\"https:\\\/\\\/repliquemangacine.fr\\\/\",\"name\":\"R\u00e9plique Manga Cin\u00e9\",\"description\":\"\",\"publisher\":{\"@id\":\"https:\\\/\\\/repliquemangacine.fr\\\/#organization\"},\"potentialAction\":[{\"@type\":\"SearchAction\",\"target\":{\"@type\":\"EntryPoint\",\"urlTemplate\":\"https:\\\/\\\/repliquemangacine.fr\\\/?s={search_term_string}\"},\"query-input\":{\"@type\":\"PropertyValueSpecification\",\"valueRequired\":true,\"valueName\":\"search_term_string\"}}],\"inLanguage\":\"it-IT\"},{\"@type\":\"Organization\",\"@id\":\"https:\\\/\\\/repliquemangacine.fr\\\/#organization\",\"name\":\"R\u00e9plique Manga Cin\u00e9\",\"url\":\"https:\\\/\\\/repliquemangacine.fr\\\/\",\"logo\":{\"@type\":\"ImageObject\",\"inLanguage\":\"it-IT\",\"@id\":\"https:\\\/\\\/repliquemangacine.fr\\\/#\\\/schema\\\/logo\\\/image\\\/\",\"url\":\"https:\\\/\\\/repliquemangacine.fr\\\/wp-content\\\/uploads\\\/2023\\\/10\\\/RMC-500250.png\",\"contentUrl\":\"https:\\\/\\\/repliquemangacine.fr\\\/wp-content\\\/uploads\\\/2023\\\/10\\\/RMC-500250.png\",\"width\":500,\"height\":250,\"caption\":\"R\u00e9plique Manga Cin\u00e9\"},\"image\":{\"@id\":\"https:\\\/\\\/repliquemangacine.fr\\\/#\\\/schema\\\/logo\\\/image\\\/\"},\"sameAs\":[\"https:\\\/\\\/www.facebook.com\\\/RepliqueMangaCine\",\"https:\\\/\\\/www.instagram.com\\\/repliquemangacine.fr\\\/\"]}]}<\/script>\n<!-- \/ Yoast SEO plugin. -->","yoast_head_json":{"title":"Cintura per 3 Katane - Negozio online - R\u00e9plique Manga Cin\u00e9","description":"Esclusivo ! Cintura per 3 katane in similpelle al miglior prezzo. Siate liberi di muovervi, indossate le vostre katane preferite in vita!","robots":{"index":"index","follow":"follow","max-snippet":"max-snippet:-1","max-image-preview":"max-image-preview:large","max-video-preview":"max-video-preview:-1"},"canonical":"https:\/\/repliquemangacine.fr\/it\/katana-naruto\/cintura-per-3-katane\/","og_locale":"it_IT","og_type":"article","og_title":"Ceinture pour 3 Katanas - Boutique en ligne - R\u00e9plique Manga Cin\u00e9","og_description":"En exclusivit\u00e9 ! Ceinture pour 3 katanas en similicuir au meilleur prix. Soyez libre de vos mouvements ! portez \u00e0 votre taille vos katanas pr\u00e9f\u00e9r\u00e9s !","og_url":"https:\/\/repliquemangacine.fr\/it\/katana-naruto\/cintura-per-3-katane\/","og_site_name":"R\u00e9plique Manga Cin\u00e9","article_publisher":"https:\/\/www.facebook.com\/RepliqueMangaCine","article_modified_time":"2026-04-20T16:40:32+00:00","og_image":[{"width":500,"height":500,"url":"https:\/\/repliquemangacine.fr\/wp-content\/uploads\/2023\/10\/ceinturon-katanas.jpg","type":"image\/jpeg"}],"twitter_card":"summary_large_image","twitter_misc":{"Tempo di lettura stimato":"2 minuti"},"schema":{"@context":"https:\/\/schema.org","@graph":[{"@type":"WebPage","@id":"https:\/\/repliquemangacine.fr\/katana-naruto\/ceinture-pour-3-katanas\/","url":"https:\/\/repliquemangacine.fr\/katana-naruto\/ceinture-pour-3-katanas\/","name":"Cintura per 3 Katane - Negozio online - R\u00e9plique Manga Cin\u00e9","isPartOf":{"@id":"https:\/\/repliquemangacine.fr\/#website"},"primaryImageOfPage":{"@id":"https:\/\/repliquemangacine.fr\/katana-naruto\/ceinture-pour-3-katanas\/#primaryimage"},"image":{"@id":"https:\/\/repliquemangacine.fr\/katana-naruto\/ceinture-pour-3-katanas\/#primaryimage"},"thumbnailUrl":"https:\/\/repliquemangacine.fr\/wp-content\/uploads\/2023\/10\/ceinturon-katanas.jpg","datePublished":"2023-05-15T13:17:22+00:00","dateModified":"2026-04-20T16:40:32+00:00","description":"Esclusivo ! Cintura per 3 katane in similpelle al miglior prezzo. Siate liberi di muovervi, indossate le vostre katane preferite in vita!","breadcrumb":{"@id":"https:\/\/repliquemangacine.fr\/katana-naruto\/ceinture-pour-3-katanas\/#breadcrumb"},"inLanguage":"it-IT","potentialAction":[{"@type":"ReadAction","target":["https:\/\/repliquemangacine.fr\/katana-naruto\/ceinture-pour-3-katanas\/"]}]},{"@type":"ImageObject","inLanguage":"it-IT","@id":"https:\/\/repliquemangacine.fr\/katana-naruto\/ceinture-pour-3-katanas\/#primaryimage","url":"https:\/\/repliquemangacine.fr\/wp-content\/uploads\/2023\/10\/ceinturon-katanas.jpg","contentUrl":"https:\/\/repliquemangacine.fr\/wp-content\/uploads\/2023\/10\/ceinturon-katanas.jpg","width":500,"height":500,"caption":"ceinture pour 3 katanas"},{"@type":"BreadcrumbList","@id":"https:\/\/repliquemangacine.fr\/katana-naruto\/ceinture-pour-3-katanas\/#breadcrumb","itemListElement":[{"@type":"ListItem","position":1,"name":"Accueil","item":"https:\/\/repliquemangacine.fr\/"},{"@type":"ListItem","position":2,"name":"Produits","item":"https:\/\/repliquemangacine.fr\/boutique\/"},{"@type":"ListItem","position":3,"name":"Ceinture pour 3 Katanas"}]},{"@type":"WebSite","@id":"https:\/\/repliquemangacine.fr\/#website","url":"https:\/\/repliquemangacine.fr\/","name":"R\u00e9plique Manga Cin\u00e9","description":"","publisher":{"@id":"https:\/\/repliquemangacine.fr\/#organization"},"potentialAction":[{"@type":"SearchAction","target":{"@type":"EntryPoint","urlTemplate":"https:\/\/repliquemangacine.fr\/?s={search_term_string}"},"query-input":{"@type":"PropertyValueSpecification","valueRequired":true,"valueName":"search_term_string"}}],"inLanguage":"it-IT"},{"@type":"Organization","@id":"https:\/\/repliquemangacine.fr\/#organization","name":"R\u00e9plique Manga Cin\u00e9","url":"https:\/\/repliquemangacine.fr\/","logo":{"@type":"ImageObject","inLanguage":"it-IT","@id":"https:\/\/repliquemangacine.fr\/#\/schema\/logo\/image\/","url":"https:\/\/repliquemangacine.fr\/wp-content\/uploads\/2023\/10\/RMC-500250.png","contentUrl":"https:\/\/repliquemangacine.fr\/wp-content\/uploads\/2023\/10\/RMC-500250.png","width":500,"height":250,"caption":"R\u00e9plique Manga Cin\u00e9"},"image":{"@id":"https:\/\/repliquemangacine.fr\/#\/schema\/logo\/image\/"},"sameAs":["https:\/\/www.facebook.com\/RepliqueMangaCine","https:\/\/www.instagram.com\/repliquemangacine.fr\/"]}]}},"_links":{"self":[{"href":"https:\/\/repliquemangacine.fr\/it\/wp-json\/wp\/v2\/product\/60228","targetHints":{"allow":["GET"]}}],"collection":[{"href":"https:\/\/repliquemangacine.fr\/it\/wp-json\/wp\/v2\/product"}],"about":[{"href":"https:\/\/repliquemangacine.fr\/it\/wp-json\/wp\/v2\/types\/product"}],"wp:featuredmedia":[{"embeddable":true,"href":"https:\/\/repliquemangacine.fr\/it\/wp-json\/wp\/v2\/media\/60229"}],"wp:attachment":[{"href":"https:\/\/repliquemangacine.fr\/it\/wp-json\/wp\/v2\/media?parent=60228"}],"wp:term":[{"taxonomy":"product_brand","embeddable":true,"href":"https:\/\/repliquemangacine.fr\/it\/wp-json\/wp\/v2\/product_brand?post=60228"},{"taxonomy":"product_cat","embeddable":true,"href":"https:\/\/repliquemangacine.fr\/it\/wp-json\/wp\/v2\/product_cat?post=60228"},{"taxonomy":"product_tag","embeddable":true,"href":"https:\/\/repliquemangacine.fr\/it\/wp-json\/wp\/v2\/product_tag?post=60228"}],"curies":[{"name":"wp","href":"https:\/\/api.w.org\/{rel}","templated":true}]}}