





{"id":60151,"date":"2023-05-10T18:45:20","date_gmt":"2023-05-10T16:45:20","guid":{"rendered":"https:\/\/repliquemangacine.fr\/?post_type=product&#038;p=60151"},"modified":"2025-11-21T12:38:39","modified_gmt":"2025-11-21T11:38:39","slug":"impatto-skyward-blade-genshin","status":"publish","type":"product","link":"https:\/\/repliquemangacine.fr\/it\/genshin-impact\/skyward-blade-genshin-impact\/","title":{"rendered":"Impatto di Skyward Blade Genshin"},"content":{"rendered":"<h2>Impatto di Skyward Blade Genshin<\/h2>\n<p>Prima di tutto, le cose da fare, <strong>Impatto di Skyward Blade Genshin<\/strong> \u00e8 una spada di Mondstadt a 5 stelle. Un tempo Mondstadt era minacciata dal drago ombra Durin. La sua gelosia per la prosperit\u00e0 di Mondstadt ha generato il male, avvelenando la terra.<\/p>\n<p>In quei giorni bui, Mondstadt era circondata da mostri e terre aride. Sentendo il grido d'aiuto del popolo, l'arconte Anemo scese e risvegli\u00f2 Dvalin.<\/p>\n<p><a href=\"https:\/\/genshin-impact.fandom.com\/wiki\/Skyward_Blade\" target=\"_blank\" rel=\"noopener noreferrer\">Lama celeste<\/a>, (lama al cielo), una spada da cavaliere che simboleggia il ripristino dell'onore di Dvalin. Le benedizioni dell'Arconte di Anemo si posano sulla parte pi\u00f9 ampia della lama, infondendo alla spada i poteri del cielo e del vento.<\/p>\n<p>Il Viaggiatore viene visto brandire questa spada nei filmati di Moonlight Merriment Part II: Three to Get Ready e Here We Go.<\/p>\n<h2>Il vostro Blade Genshin Impact al miglior prezzo.<\/h2>\n<p>Offriamo una vasta gamma di spade per videogiochi, tra cui Genshin Impact.<\/p>\n<p>Prima di tutto, le armi in Genshin Impact,<\/p>\n<ul>\n<li>L'immenso <a href=\"https:\/\/repliquemangacine.fr\/it\/katana-e-spada-videogiochi-altri-videogiochi\/epee-de-diluc-genshin-impact-wolfs-graveston\/\">Spada Diluc<\/a> tutto in resina e vetroresina.<\/li>\n<li>C'\u00e8 anche la katana di Amenoma e la sua <a href=\"https:\/\/repliquemangacine.fr\/it\/katana-e-spada-videogiochi-altri-videogiochi\/katana-kageuchi-damenoma\/\">Lama Kageuchi<\/a><\/li>\n<li>Oltre al superbo <a href=\"https:\/\/repliquemangacine.fr\/it\/katana-e-spada-videogiochi-altri-videogiochi\/spada-forgiata-rompi-nebbia\/\">spada da taglio forgiata<\/a><br \/>\nE molti altri da scoprire nel nostro negozio online.<\/li>\n<\/ul>\n<p>Ecco quindi alcune grandi idee regalo per tutti gli appassionati di videogiochi.<\/p>\n<p>In conclusione, \u00e8 possibile utilizzare <strong>Impatto di Skyward Blade Genshin<\/strong> per le sfilate di cosplay o le serate a tema. Ma soprattutto, \u00e8 un oggetto da collezione e una decorazione.<\/p>\n<h2>Come faccio a mantenere la lama della mia spada Genshin Impact?<\/h2>\n<p>Spade da collezione e decorative, realizzate e assemblate in modo semplificato. Poich\u00e9 il loro uso \u00e8 decorativo, non hanno le caratteristiche di sicurezza richieste da una spada giapponese destinata all'allenamento.<\/p>\n<p>Tuttavia, il vostro <strong>Impatto di Skyward Blade Genshin<\/strong> a una lama d'acciaio che deve essere mantenuta per evitare che si danneggi nel tempo. Quando si espone la spada, gli amici saranno curiosi di vedere la lama e di toccarla. \u00c8 qui che bisogna fare attenzione, perch\u00e9 l'acidit\u00e0 delle dita \u00e8 molto dannosa per l'acciaio, qualunque sia la sua qualit\u00e0.<\/p>\n<p>Tuttavia, se ci\u00f2 dovesse accadere, niente panico: basta un panno inumidito con un po' d'olio per eliminare le impronte. In questo modo, la spada durer\u00e0 a lungo.<\/p>","protected":false},"excerpt":{"rendered":"<p>Replica dello skyblade in Genshin Impact<\/p>\n<ul>\n<li>Lama in acciaio 440 finemente decorata<\/li>\n<li>Protezione specifica in acciaio<\/li>\n<li>Maniglia e pomolo in metallo verniciato<\/li>\n<li>Fodero in similpelle con cordino<\/li>\n<li>Lunghezza totale: 76 cm<\/li>\n<\/ul>","protected":false},"featured_media":60152,"template":"","meta":[],"product_brand":[896],"product_cat":[119,23],"product_tag":[],"class_list":{"0":"post-60151","1":"product","2":"type-product","3":"status-publish","4":"has-post-thumbnail","6":"product_brand-replique-manga-cine","7":"product_cat-genshin-impact","8":"product_cat-repliques-manga-jeux-video","10":"first","11":"instock","12":"taxable","13":"shipping-taxable","14":"purchasable","15":"product-type-simple"},"yoast_head":"<!-- This site is optimized with the Yoast SEO plugin v27.4 - https:\/\/yoast.com\/product\/yoast-seo-wordpress\/ -->\n<title>Skyward Blade Genshin Impact - Boutique en ligne d&#039;\u00e9p\u00e9es - RMC<\/title>\n<meta name=\"description\" content=\"D\u00e9couvrez votre Skyward Blade Genshin Impact au meilleur prix - Lame en acier 440 d\u00e9cor\u00e9e - Fourreau similicuir - Garde, poign\u00e9e en m\u00e9tal - Longueur : 76 cm\" \/>\n<meta name=\"robots\" content=\"index, follow, max-snippet:-1, max-image-preview:large, max-video-preview:-1\" \/>\n<link rel=\"canonical\" href=\"https:\/\/repliquemangacine.fr\/it\/impatto-genshin\/impatto-skyward-blade-genshin\/\" \/>\n<meta property=\"og:locale\" content=\"it_IT\" \/>\n<meta property=\"og:type\" content=\"article\" \/>\n<meta property=\"og:title\" content=\"Skyward Blade Genshin Impact - Boutique en ligne d&#039;\u00e9p\u00e9es - RMC\" \/>\n<meta property=\"og:description\" content=\"D\u00e9couvrez votre Skyward Blade Genshin Impact au meilleur prix - Lame en acier 440 d\u00e9cor\u00e9e - Fourreau similicuir - Garde, poign\u00e9e en m\u00e9tal - Longueur : 76 cm\" \/>\n<meta property=\"og:url\" content=\"https:\/\/repliquemangacine.fr\/it\/impatto-genshin\/impatto-skyward-blade-genshin\/\" \/>\n<meta property=\"og:site_name\" content=\"R\u00e9plique Manga Cin\u00e9\" \/>\n<meta property=\"article:publisher\" content=\"https:\/\/www.facebook.com\/RepliqueMangaCine\" \/>\n<meta property=\"article:modified_time\" content=\"2025-11-21T11:38:39+00:00\" \/>\n<meta property=\"og:image\" content=\"https:\/\/repliquemangacine.fr\/wp-content\/uploads\/2023\/10\/zs9330.jpg\" \/>\n\t<meta property=\"og:image:width\" content=\"500\" \/>\n\t<meta property=\"og:image:height\" content=\"500\" \/>\n\t<meta property=\"og:image:type\" content=\"image\/jpeg\" \/>\n<meta name=\"twitter:card\" content=\"summary_large_image\" \/>\n<meta name=\"twitter:label1\" content=\"Tempo di lettura stimato\" \/>\n\t<meta name=\"twitter:data1\" content=\"3 minuti\" \/>\n<script type=\"application\/ld+json\" class=\"yoast-schema-graph\">{\"@context\":\"https:\\\/\\\/schema.org\",\"@graph\":[{\"@type\":\"WebPage\",\"@id\":\"https:\\\/\\\/repliquemangacine.fr\\\/genshin-impact\\\/skyward-blade-genshin-impact\\\/\",\"url\":\"https:\\\/\\\/repliquemangacine.fr\\\/genshin-impact\\\/skyward-blade-genshin-impact\\\/\",\"name\":\"Skyward Blade Genshin Impact - Boutique en ligne d'\u00e9p\u00e9es - RMC\",\"isPartOf\":{\"@id\":\"https:\\\/\\\/repliquemangacine.fr\\\/#website\"},\"primaryImageOfPage\":{\"@id\":\"https:\\\/\\\/repliquemangacine.fr\\\/genshin-impact\\\/skyward-blade-genshin-impact\\\/#primaryimage\"},\"image\":{\"@id\":\"https:\\\/\\\/repliquemangacine.fr\\\/genshin-impact\\\/skyward-blade-genshin-impact\\\/#primaryimage\"},\"thumbnailUrl\":\"https:\\\/\\\/repliquemangacine.fr\\\/wp-content\\\/uploads\\\/2023\\\/10\\\/zs9330.jpg\",\"datePublished\":\"2023-05-10T16:45:20+00:00\",\"dateModified\":\"2025-11-21T11:38:39+00:00\",\"description\":\"D\u00e9couvrez votre Skyward Blade Genshin Impact au meilleur prix - Lame en acier 440 d\u00e9cor\u00e9e - Fourreau similicuir - Garde, poign\u00e9e en m\u00e9tal - Longueur : 76 cm\",\"breadcrumb\":{\"@id\":\"https:\\\/\\\/repliquemangacine.fr\\\/genshin-impact\\\/skyward-blade-genshin-impact\\\/#breadcrumb\"},\"inLanguage\":\"it-IT\",\"potentialAction\":[{\"@type\":\"ReadAction\",\"target\":[\"https:\\\/\\\/repliquemangacine.fr\\\/genshin-impact\\\/skyward-blade-genshin-impact\\\/\"]}]},{\"@type\":\"ImageObject\",\"inLanguage\":\"it-IT\",\"@id\":\"https:\\\/\\\/repliquemangacine.fr\\\/genshin-impact\\\/skyward-blade-genshin-impact\\\/#primaryimage\",\"url\":\"https:\\\/\\\/repliquemangacine.fr\\\/wp-content\\\/uploads\\\/2023\\\/10\\\/zs9330.jpg\",\"contentUrl\":\"https:\\\/\\\/repliquemangacine.fr\\\/wp-content\\\/uploads\\\/2023\\\/10\\\/zs9330.jpg\",\"width\":500,\"height\":500,\"caption\":\"Skyward Blade Genshin Impact\"},{\"@type\":\"BreadcrumbList\",\"@id\":\"https:\\\/\\\/repliquemangacine.fr\\\/genshin-impact\\\/skyward-blade-genshin-impact\\\/#breadcrumb\",\"itemListElement\":[{\"@type\":\"ListItem\",\"position\":1,\"name\":\"Accueil\",\"item\":\"https:\\\/\\\/repliquemangacine.fr\\\/\"},{\"@type\":\"ListItem\",\"position\":2,\"name\":\"Produits\",\"item\":\"https:\\\/\\\/repliquemangacine.fr\\\/boutique\\\/\"},{\"@type\":\"ListItem\",\"position\":3,\"name\":\"Skyward Blade Genshin Impact\"}]},{\"@type\":\"WebSite\",\"@id\":\"https:\\\/\\\/repliquemangacine.fr\\\/#website\",\"url\":\"https:\\\/\\\/repliquemangacine.fr\\\/\",\"name\":\"R\u00e9plique Manga Cin\u00e9\",\"description\":\"\",\"publisher\":{\"@id\":\"https:\\\/\\\/repliquemangacine.fr\\\/#organization\"},\"potentialAction\":[{\"@type\":\"SearchAction\",\"target\":{\"@type\":\"EntryPoint\",\"urlTemplate\":\"https:\\\/\\\/repliquemangacine.fr\\\/?s={search_term_string}\"},\"query-input\":{\"@type\":\"PropertyValueSpecification\",\"valueRequired\":true,\"valueName\":\"search_term_string\"}}],\"inLanguage\":\"it-IT\"},{\"@type\":\"Organization\",\"@id\":\"https:\\\/\\\/repliquemangacine.fr\\\/#organization\",\"name\":\"R\u00e9plique Manga Cin\u00e9\",\"url\":\"https:\\\/\\\/repliquemangacine.fr\\\/\",\"logo\":{\"@type\":\"ImageObject\",\"inLanguage\":\"it-IT\",\"@id\":\"https:\\\/\\\/repliquemangacine.fr\\\/#\\\/schema\\\/logo\\\/image\\\/\",\"url\":\"https:\\\/\\\/repliquemangacine.fr\\\/wp-content\\\/uploads\\\/2023\\\/10\\\/RMC-500250.png\",\"contentUrl\":\"https:\\\/\\\/repliquemangacine.fr\\\/wp-content\\\/uploads\\\/2023\\\/10\\\/RMC-500250.png\",\"width\":500,\"height\":250,\"caption\":\"R\u00e9plique Manga Cin\u00e9\"},\"image\":{\"@id\":\"https:\\\/\\\/repliquemangacine.fr\\\/#\\\/schema\\\/logo\\\/image\\\/\"},\"sameAs\":[\"https:\\\/\\\/www.facebook.com\\\/RepliqueMangaCine\",\"https:\\\/\\\/www.instagram.com\\\/repliquemangacine.fr\\\/\"]}]}<\/script>\n<!-- \/ Yoast SEO plugin. -->","yoast_head_json":{"title":"Skyward Blade Genshin Impact - Spade online - RMC","description":"Scopri il nostro Skyward Blade Genshin Impact al miglior prezzo - Lama decorata in acciaio 440 - Fodero in similpelle - Guardia e impugnatura in metallo - Lunghezza: 76 cm","robots":{"index":"index","follow":"follow","max-snippet":"max-snippet:-1","max-image-preview":"max-image-preview:large","max-video-preview":"max-video-preview:-1"},"canonical":"https:\/\/repliquemangacine.fr\/it\/impatto-genshin\/impatto-skyward-blade-genshin\/","og_locale":"it_IT","og_type":"article","og_title":"Skyward Blade Genshin Impact - Boutique en ligne d'\u00e9p\u00e9es - RMC","og_description":"D\u00e9couvrez votre Skyward Blade Genshin Impact au meilleur prix - Lame en acier 440 d\u00e9cor\u00e9e - Fourreau similicuir - Garde, poign\u00e9e en m\u00e9tal - Longueur : 76 cm","og_url":"https:\/\/repliquemangacine.fr\/it\/impatto-genshin\/impatto-skyward-blade-genshin\/","og_site_name":"R\u00e9plique Manga Cin\u00e9","article_publisher":"https:\/\/www.facebook.com\/RepliqueMangaCine","article_modified_time":"2025-11-21T11:38:39+00:00","og_image":[{"width":500,"height":500,"url":"https:\/\/repliquemangacine.fr\/wp-content\/uploads\/2023\/10\/zs9330.jpg","type":"image\/jpeg"}],"twitter_card":"summary_large_image","twitter_misc":{"Tempo di lettura stimato":"3 minuti"},"schema":{"@context":"https:\/\/schema.org","@graph":[{"@type":"WebPage","@id":"https:\/\/repliquemangacine.fr\/genshin-impact\/skyward-blade-genshin-impact\/","url":"https:\/\/repliquemangacine.fr\/genshin-impact\/skyward-blade-genshin-impact\/","name":"Skyward Blade Genshin Impact - Spade online - RMC","isPartOf":{"@id":"https:\/\/repliquemangacine.fr\/#website"},"primaryImageOfPage":{"@id":"https:\/\/repliquemangacine.fr\/genshin-impact\/skyward-blade-genshin-impact\/#primaryimage"},"image":{"@id":"https:\/\/repliquemangacine.fr\/genshin-impact\/skyward-blade-genshin-impact\/#primaryimage"},"thumbnailUrl":"https:\/\/repliquemangacine.fr\/wp-content\/uploads\/2023\/10\/zs9330.jpg","datePublished":"2023-05-10T16:45:20+00:00","dateModified":"2025-11-21T11:38:39+00:00","description":"Scopri il nostro Skyward Blade Genshin Impact al miglior prezzo - Lama decorata in acciaio 440 - Fodero in similpelle - Guardia e impugnatura in metallo - Lunghezza: 76 cm","breadcrumb":{"@id":"https:\/\/repliquemangacine.fr\/genshin-impact\/skyward-blade-genshin-impact\/#breadcrumb"},"inLanguage":"it-IT","potentialAction":[{"@type":"ReadAction","target":["https:\/\/repliquemangacine.fr\/genshin-impact\/skyward-blade-genshin-impact\/"]}]},{"@type":"ImageObject","inLanguage":"it-IT","@id":"https:\/\/repliquemangacine.fr\/genshin-impact\/skyward-blade-genshin-impact\/#primaryimage","url":"https:\/\/repliquemangacine.fr\/wp-content\/uploads\/2023\/10\/zs9330.jpg","contentUrl":"https:\/\/repliquemangacine.fr\/wp-content\/uploads\/2023\/10\/zs9330.jpg","width":500,"height":500,"caption":"Skyward Blade Genshin Impact"},{"@type":"BreadcrumbList","@id":"https:\/\/repliquemangacine.fr\/genshin-impact\/skyward-blade-genshin-impact\/#breadcrumb","itemListElement":[{"@type":"ListItem","position":1,"name":"Accueil","item":"https:\/\/repliquemangacine.fr\/"},{"@type":"ListItem","position":2,"name":"Produits","item":"https:\/\/repliquemangacine.fr\/boutique\/"},{"@type":"ListItem","position":3,"name":"Skyward Blade Genshin Impact"}]},{"@type":"WebSite","@id":"https:\/\/repliquemangacine.fr\/#website","url":"https:\/\/repliquemangacine.fr\/","name":"R\u00e9plique Manga Cin\u00e9","description":"","publisher":{"@id":"https:\/\/repliquemangacine.fr\/#organization"},"potentialAction":[{"@type":"SearchAction","target":{"@type":"EntryPoint","urlTemplate":"https:\/\/repliquemangacine.fr\/?s={search_term_string}"},"query-input":{"@type":"PropertyValueSpecification","valueRequired":true,"valueName":"search_term_string"}}],"inLanguage":"it-IT"},{"@type":"Organization","@id":"https:\/\/repliquemangacine.fr\/#organization","name":"R\u00e9plique Manga Cin\u00e9","url":"https:\/\/repliquemangacine.fr\/","logo":{"@type":"ImageObject","inLanguage":"it-IT","@id":"https:\/\/repliquemangacine.fr\/#\/schema\/logo\/image\/","url":"https:\/\/repliquemangacine.fr\/wp-content\/uploads\/2023\/10\/RMC-500250.png","contentUrl":"https:\/\/repliquemangacine.fr\/wp-content\/uploads\/2023\/10\/RMC-500250.png","width":500,"height":250,"caption":"R\u00e9plique Manga Cin\u00e9"},"image":{"@id":"https:\/\/repliquemangacine.fr\/#\/schema\/logo\/image\/"},"sameAs":["https:\/\/www.facebook.com\/RepliqueMangaCine","https:\/\/www.instagram.com\/repliquemangacine.fr\/"]}]}},"_links":{"self":[{"href":"https:\/\/repliquemangacine.fr\/it\/wp-json\/wp\/v2\/product\/60151","targetHints":{"allow":["GET"]}}],"collection":[{"href":"https:\/\/repliquemangacine.fr\/it\/wp-json\/wp\/v2\/product"}],"about":[{"href":"https:\/\/repliquemangacine.fr\/it\/wp-json\/wp\/v2\/types\/product"}],"wp:featuredmedia":[{"embeddable":true,"href":"https:\/\/repliquemangacine.fr\/it\/wp-json\/wp\/v2\/media\/60152"}],"wp:attachment":[{"href":"https:\/\/repliquemangacine.fr\/it\/wp-json\/wp\/v2\/media?parent=60151"}],"wp:term":[{"taxonomy":"product_brand","embeddable":true,"href":"https:\/\/repliquemangacine.fr\/it\/wp-json\/wp\/v2\/product_brand?post=60151"},{"taxonomy":"product_cat","embeddable":true,"href":"https:\/\/repliquemangacine.fr\/it\/wp-json\/wp\/v2\/product_cat?post=60151"},{"taxonomy":"product_tag","embeddable":true,"href":"https:\/\/repliquemangacine.fr\/it\/wp-json\/wp\/v2\/product_tag?post=60151"}],"curies":[{"name":"wp","href":"https:\/\/api.w.org\/{rel}","templated":true}]}}