





{"id":60141,"date":"2023-05-10T18:10:46","date_gmt":"2023-05-10T16:10:46","guid":{"rendered":"https:\/\/repliquemangacine.fr\/?post_type=product&#038;p=60141"},"modified":"2025-11-21T12:40:23","modified_gmt":"2025-11-21T11:40:23","slug":"spada-forgiata-rompi-nebbia","status":"publish","type":"product","link":"https:\/\/repliquemangacine.fr\/it\/genshin-impact\/epee-brise-brume-reforgee\/","title":{"rendered":"Spada da taglio forgiata"},"content":{"rendered":"<h2>Spada da taglio forgiata Genshin Impact<\/h2>\n<p>Per cominciare, il<strong>Spada da taglio forgiata<\/strong> (Mistsplitter reforged) in Genshin Impact \u00e8 una spada Inazuman a una mano.<\/p>\n<p><a href=\"https:\/\/genshin-impact.fandom.com\/fr\/wiki\/Reflet_de_tranche-brume\" target=\"_blank\" rel=\"noopener noreferrer\">Spazzacamino riforgiato<\/a>, Questa \u00e8 una delle spade concesse a un hatamoto dallo Shogun. Si dice che sia in grado di richiamare il potere del fulmine stesso per tagliare la foschia delle montagne e la nebbia notturna. Dopo essere stata riforgiata, sulla sua lama sono apparsi dei segni simili a nuvole.<\/p>\n<p>Quest'arma \u00e8 legata alla storia di Takamine e Asase Hibiki, sviluppata anche in Reminiscence di Shimenawa e nella traccia Storm Cage di Emblem of Severed Fate.<\/p>\n<p>Kamisato Ayaka viene vista brandire questa spada in uno dei suoi adesivi ufficiali.<\/p>\n<h2>La tua spada da taglio riforgiata al miglior prezzo.<\/h2>\n<p>Offriamo una vasta gamma di spade per videogiochi, tra cui Genshin Impact.<\/p>\n<p>Prima di tutto, le armi in Genshin Impact,<\/p>\n<ul>\n<li>L'immenso <a href=\"https:\/\/repliquemangacine.fr\/it\/katana-e-spada-videogiochi-altri-videogiochi\/epee-de-diluc-genshin-impact-wolfs-graveston\/\">Spada Diluc<\/a> tutto in resina e vetroresina.<\/li>\n<li>C'\u00e8 anche la katana Amenoma e la sua lama Kageuchi.<\/li>\n<li>Oltre alla superba spada e al fodero di skyward blade<\/li>\n<li>E molti altri da scoprire nel nostro negozio online.<\/li>\n<\/ul>\n<p>Ecco quindi alcune grandi idee regalo per tutti gli appassionati di videogiochi.<\/p>\n<p>In conclusione, \u00e8 possibile utilizzare <strong>Spada da taglio forgiata<\/strong> per le sfilate di cosplay o le serate a tema. Ma soprattutto, \u00e8 un oggetto da collezione e una decorazione.<\/p>\n<h2>Come faccio a mantenere la lama della mia spada Genshin Impact?<\/h2>\n<p>Spade da collezione e decorative, realizzate e assemblate in modo semplificato. Poich\u00e9 il loro uso \u00e8 decorativo, non hanno le caratteristiche di sicurezza richieste da una spada giapponese destinata all'allenamento.<\/p>\n<p>Tuttavia, il vostro <strong>Spada da taglio forgiata<\/strong> a una lama d'acciaio che deve essere mantenuta per evitare che si danneggi nel tempo. Quando si espone la spada, gli amici saranno curiosi di vedere la lama e di toccarla. \u00c8 qui che bisogna fare attenzione, perch\u00e9 l'acidit\u00e0 delle dita \u00e8 molto dannosa per l'acciaio, qualunque sia la sua qualit\u00e0.<\/p>\n<p>Tuttavia, se ci\u00f2 dovesse accadere, niente panico: basta un panno inumidito con un po' d'olio per eliminare le impronte. In questo modo, la spada durer\u00e0 a lungo.<\/p>","protected":false},"excerpt":{"rendered":"<p>Spada sublime Mistsplitter riforgiata in Genshin Impact<\/p>\n<ul>\n<li>Lama decorata in acciaio 440<\/li>\n<li>Protezione specifica in acciaio<\/li>\n<li>Guaina in similpelle bianca<\/li>\n<li>Lunghezza totale: 96 cm<\/li>\n<\/ul>","protected":false},"featured_media":60142,"template":"","meta":[],"product_brand":[896],"product_cat":[119,23],"product_tag":[],"class_list":{"0":"post-60141","1":"product","2":"type-product","3":"status-publish","4":"has-post-thumbnail","6":"product_brand-replique-manga-cine","7":"product_cat-genshin-impact","8":"product_cat-repliques-manga-jeux-video","10":"first","11":"instock","12":"taxable","13":"shipping-taxable","14":"purchasable","15":"product-type-simple"},"yoast_head":"<!-- This site is optimized with the Yoast SEO plugin v27.4 - https:\/\/yoast.com\/product\/yoast-seo-wordpress\/ -->\n<title>\u00c9p\u00e9e tranche-brume reforg\u00e9e - Vente \u00e9p\u00e9es Genshin Impact - RMC<\/title>\n<meta name=\"description\" content=\"D\u00e9couvrez cette sublime \u00c9p\u00e9e tranche-brume reforg\u00e9e dans Genshin Impact au meilleur prix - Lame en acier 440 d\u00e9cor\u00e9e - Fourreau - Longueur totale : 96 cm\" \/>\n<meta name=\"robots\" content=\"index, follow, max-snippet:-1, max-image-preview:large, max-video-preview:-1\" \/>\n<link rel=\"canonical\" href=\"https:\/\/repliquemangacine.fr\/it\/impatto-genshin\/spada-forgiata-rompi-nebbia\/\" \/>\n<meta property=\"og:locale\" content=\"it_IT\" \/>\n<meta property=\"og:type\" content=\"article\" \/>\n<meta property=\"og:title\" content=\"\u00c9p\u00e9e tranche-brume reforg\u00e9e - Vente \u00e9p\u00e9es Genshin Impact - RMC\" \/>\n<meta property=\"og:description\" content=\"D\u00e9couvrez cette sublime \u00c9p\u00e9e tranche-brume reforg\u00e9e dans Genshin Impact au meilleur prix - Lame en acier 440 d\u00e9cor\u00e9e - Fourreau - Longueur totale : 96 cm\" \/>\n<meta property=\"og:url\" content=\"https:\/\/repliquemangacine.fr\/it\/impatto-genshin\/spada-forgiata-rompi-nebbia\/\" \/>\n<meta property=\"og:site_name\" content=\"R\u00e9plique Manga Cin\u00e9\" \/>\n<meta property=\"article:publisher\" content=\"https:\/\/www.facebook.com\/RepliqueMangaCine\" \/>\n<meta property=\"article:modified_time\" content=\"2025-11-21T11:40:23+00:00\" \/>\n<meta property=\"og:image\" content=\"https:\/\/repliquemangacine.fr\/wp-content\/uploads\/2023\/10\/9328.jpg\" \/>\n\t<meta property=\"og:image:width\" content=\"500\" \/>\n\t<meta property=\"og:image:height\" content=\"500\" \/>\n\t<meta property=\"og:image:type\" content=\"image\/jpeg\" \/>\n<meta name=\"twitter:card\" content=\"summary_large_image\" \/>\n<meta name=\"twitter:label1\" content=\"Tempo di lettura stimato\" \/>\n\t<meta name=\"twitter:data1\" content=\"3 minuti\" \/>\n<script type=\"application\/ld+json\" class=\"yoast-schema-graph\">{\"@context\":\"https:\\\/\\\/schema.org\",\"@graph\":[{\"@type\":\"WebPage\",\"@id\":\"https:\\\/\\\/repliquemangacine.fr\\\/genshin-impact\\\/epee-brise-brume-reforgee\\\/\",\"url\":\"https:\\\/\\\/repliquemangacine.fr\\\/genshin-impact\\\/epee-brise-brume-reforgee\\\/\",\"name\":\"\u00c9p\u00e9e tranche-brume reforg\u00e9e - Vente \u00e9p\u00e9es Genshin Impact - RMC\",\"isPartOf\":{\"@id\":\"https:\\\/\\\/repliquemangacine.fr\\\/#website\"},\"primaryImageOfPage\":{\"@id\":\"https:\\\/\\\/repliquemangacine.fr\\\/genshin-impact\\\/epee-brise-brume-reforgee\\\/#primaryimage\"},\"image\":{\"@id\":\"https:\\\/\\\/repliquemangacine.fr\\\/genshin-impact\\\/epee-brise-brume-reforgee\\\/#primaryimage\"},\"thumbnailUrl\":\"https:\\\/\\\/repliquemangacine.fr\\\/wp-content\\\/uploads\\\/2023\\\/10\\\/9328.jpg\",\"datePublished\":\"2023-05-10T16:10:46+00:00\",\"dateModified\":\"2025-11-21T11:40:23+00:00\",\"description\":\"D\u00e9couvrez cette sublime \u00c9p\u00e9e tranche-brume reforg\u00e9e dans Genshin Impact au meilleur prix - Lame en acier 440 d\u00e9cor\u00e9e - Fourreau - Longueur totale : 96 cm\",\"breadcrumb\":{\"@id\":\"https:\\\/\\\/repliquemangacine.fr\\\/genshin-impact\\\/epee-brise-brume-reforgee\\\/#breadcrumb\"},\"inLanguage\":\"it-IT\",\"potentialAction\":[{\"@type\":\"ReadAction\",\"target\":[\"https:\\\/\\\/repliquemangacine.fr\\\/genshin-impact\\\/epee-brise-brume-reforgee\\\/\"]}]},{\"@type\":\"ImageObject\",\"inLanguage\":\"it-IT\",\"@id\":\"https:\\\/\\\/repliquemangacine.fr\\\/genshin-impact\\\/epee-brise-brume-reforgee\\\/#primaryimage\",\"url\":\"https:\\\/\\\/repliquemangacine.fr\\\/wp-content\\\/uploads\\\/2023\\\/10\\\/9328.jpg\",\"contentUrl\":\"https:\\\/\\\/repliquemangacine.fr\\\/wp-content\\\/uploads\\\/2023\\\/10\\\/9328.jpg\",\"width\":500,\"height\":500,\"caption\":\"\u00c9p\u00e9e tranche-brume reforg\u00e9e - Genshin Impact\"},{\"@type\":\"BreadcrumbList\",\"@id\":\"https:\\\/\\\/repliquemangacine.fr\\\/genshin-impact\\\/epee-brise-brume-reforgee\\\/#breadcrumb\",\"itemListElement\":[{\"@type\":\"ListItem\",\"position\":1,\"name\":\"Accueil\",\"item\":\"https:\\\/\\\/repliquemangacine.fr\\\/\"},{\"@type\":\"ListItem\",\"position\":2,\"name\":\"Produits\",\"item\":\"https:\\\/\\\/repliquemangacine.fr\\\/boutique\\\/\"},{\"@type\":\"ListItem\",\"position\":3,\"name\":\"\u00c9p\u00e9e tranche-brume reforg\u00e9e\"}]},{\"@type\":\"WebSite\",\"@id\":\"https:\\\/\\\/repliquemangacine.fr\\\/#website\",\"url\":\"https:\\\/\\\/repliquemangacine.fr\\\/\",\"name\":\"R\u00e9plique Manga Cin\u00e9\",\"description\":\"\",\"publisher\":{\"@id\":\"https:\\\/\\\/repliquemangacine.fr\\\/#organization\"},\"potentialAction\":[{\"@type\":\"SearchAction\",\"target\":{\"@type\":\"EntryPoint\",\"urlTemplate\":\"https:\\\/\\\/repliquemangacine.fr\\\/?s={search_term_string}\"},\"query-input\":{\"@type\":\"PropertyValueSpecification\",\"valueRequired\":true,\"valueName\":\"search_term_string\"}}],\"inLanguage\":\"it-IT\"},{\"@type\":\"Organization\",\"@id\":\"https:\\\/\\\/repliquemangacine.fr\\\/#organization\",\"name\":\"R\u00e9plique Manga Cin\u00e9\",\"url\":\"https:\\\/\\\/repliquemangacine.fr\\\/\",\"logo\":{\"@type\":\"ImageObject\",\"inLanguage\":\"it-IT\",\"@id\":\"https:\\\/\\\/repliquemangacine.fr\\\/#\\\/schema\\\/logo\\\/image\\\/\",\"url\":\"https:\\\/\\\/repliquemangacine.fr\\\/wp-content\\\/uploads\\\/2023\\\/10\\\/RMC-500250.png\",\"contentUrl\":\"https:\\\/\\\/repliquemangacine.fr\\\/wp-content\\\/uploads\\\/2023\\\/10\\\/RMC-500250.png\",\"width\":500,\"height\":250,\"caption\":\"R\u00e9plique Manga Cin\u00e9\"},\"image\":{\"@id\":\"https:\\\/\\\/repliquemangacine.fr\\\/#\\\/schema\\\/logo\\\/image\\\/\"},\"sameAs\":[\"https:\\\/\\\/www.facebook.com\\\/RepliqueMangaCine\",\"https:\\\/\\\/www.instagram.com\\\/repliquemangacine.fr\\\/\"]}]}<\/script>\n<!-- \/ Yoast SEO plugin. -->","yoast_head_json":{"title":"Spada da taglio forgiata - Vendita spade Genshin Impact - RMC","description":"Scopri questa sublime spada Genshin Impact riforgiata al miglior prezzo - Lama decorata in acciaio 440 - Fodero - Lunghezza totale: 96 cm","robots":{"index":"index","follow":"follow","max-snippet":"max-snippet:-1","max-image-preview":"max-image-preview:large","max-video-preview":"max-video-preview:-1"},"canonical":"https:\/\/repliquemangacine.fr\/it\/impatto-genshin\/spada-forgiata-rompi-nebbia\/","og_locale":"it_IT","og_type":"article","og_title":"\u00c9p\u00e9e tranche-brume reforg\u00e9e - Vente \u00e9p\u00e9es Genshin Impact - RMC","og_description":"D\u00e9couvrez cette sublime \u00c9p\u00e9e tranche-brume reforg\u00e9e dans Genshin Impact au meilleur prix - Lame en acier 440 d\u00e9cor\u00e9e - Fourreau - Longueur totale : 96 cm","og_url":"https:\/\/repliquemangacine.fr\/it\/impatto-genshin\/spada-forgiata-rompi-nebbia\/","og_site_name":"R\u00e9plique Manga Cin\u00e9","article_publisher":"https:\/\/www.facebook.com\/RepliqueMangaCine","article_modified_time":"2025-11-21T11:40:23+00:00","og_image":[{"width":500,"height":500,"url":"https:\/\/repliquemangacine.fr\/wp-content\/uploads\/2023\/10\/9328.jpg","type":"image\/jpeg"}],"twitter_card":"summary_large_image","twitter_misc":{"Tempo di lettura stimato":"3 minuti"},"schema":{"@context":"https:\/\/schema.org","@graph":[{"@type":"WebPage","@id":"https:\/\/repliquemangacine.fr\/genshin-impact\/epee-brise-brume-reforgee\/","url":"https:\/\/repliquemangacine.fr\/genshin-impact\/epee-brise-brume-reforgee\/","name":"Spada da taglio forgiata - Vendita spade Genshin Impact - RMC","isPartOf":{"@id":"https:\/\/repliquemangacine.fr\/#website"},"primaryImageOfPage":{"@id":"https:\/\/repliquemangacine.fr\/genshin-impact\/epee-brise-brume-reforgee\/#primaryimage"},"image":{"@id":"https:\/\/repliquemangacine.fr\/genshin-impact\/epee-brise-brume-reforgee\/#primaryimage"},"thumbnailUrl":"https:\/\/repliquemangacine.fr\/wp-content\/uploads\/2023\/10\/9328.jpg","datePublished":"2023-05-10T16:10:46+00:00","dateModified":"2025-11-21T11:40:23+00:00","description":"Scopri questa sublime spada Genshin Impact riforgiata al miglior prezzo - Lama decorata in acciaio 440 - Fodero - Lunghezza totale: 96 cm","breadcrumb":{"@id":"https:\/\/repliquemangacine.fr\/genshin-impact\/epee-brise-brume-reforgee\/#breadcrumb"},"inLanguage":"it-IT","potentialAction":[{"@type":"ReadAction","target":["https:\/\/repliquemangacine.fr\/genshin-impact\/epee-brise-brume-reforgee\/"]}]},{"@type":"ImageObject","inLanguage":"it-IT","@id":"https:\/\/repliquemangacine.fr\/genshin-impact\/epee-brise-brume-reforgee\/#primaryimage","url":"https:\/\/repliquemangacine.fr\/wp-content\/uploads\/2023\/10\/9328.jpg","contentUrl":"https:\/\/repliquemangacine.fr\/wp-content\/uploads\/2023\/10\/9328.jpg","width":500,"height":500,"caption":"\u00c9p\u00e9e tranche-brume reforg\u00e9e - Genshin Impact"},{"@type":"BreadcrumbList","@id":"https:\/\/repliquemangacine.fr\/genshin-impact\/epee-brise-brume-reforgee\/#breadcrumb","itemListElement":[{"@type":"ListItem","position":1,"name":"Accueil","item":"https:\/\/repliquemangacine.fr\/"},{"@type":"ListItem","position":2,"name":"Produits","item":"https:\/\/repliquemangacine.fr\/boutique\/"},{"@type":"ListItem","position":3,"name":"\u00c9p\u00e9e tranche-brume reforg\u00e9e"}]},{"@type":"WebSite","@id":"https:\/\/repliquemangacine.fr\/#website","url":"https:\/\/repliquemangacine.fr\/","name":"R\u00e9plique Manga Cin\u00e9","description":"","publisher":{"@id":"https:\/\/repliquemangacine.fr\/#organization"},"potentialAction":[{"@type":"SearchAction","target":{"@type":"EntryPoint","urlTemplate":"https:\/\/repliquemangacine.fr\/?s={search_term_string}"},"query-input":{"@type":"PropertyValueSpecification","valueRequired":true,"valueName":"search_term_string"}}],"inLanguage":"it-IT"},{"@type":"Organization","@id":"https:\/\/repliquemangacine.fr\/#organization","name":"R\u00e9plique Manga Cin\u00e9","url":"https:\/\/repliquemangacine.fr\/","logo":{"@type":"ImageObject","inLanguage":"it-IT","@id":"https:\/\/repliquemangacine.fr\/#\/schema\/logo\/image\/","url":"https:\/\/repliquemangacine.fr\/wp-content\/uploads\/2023\/10\/RMC-500250.png","contentUrl":"https:\/\/repliquemangacine.fr\/wp-content\/uploads\/2023\/10\/RMC-500250.png","width":500,"height":250,"caption":"R\u00e9plique Manga Cin\u00e9"},"image":{"@id":"https:\/\/repliquemangacine.fr\/#\/schema\/logo\/image\/"},"sameAs":["https:\/\/www.facebook.com\/RepliqueMangaCine","https:\/\/www.instagram.com\/repliquemangacine.fr\/"]}]}},"_links":{"self":[{"href":"https:\/\/repliquemangacine.fr\/it\/wp-json\/wp\/v2\/product\/60141","targetHints":{"allow":["GET"]}}],"collection":[{"href":"https:\/\/repliquemangacine.fr\/it\/wp-json\/wp\/v2\/product"}],"about":[{"href":"https:\/\/repliquemangacine.fr\/it\/wp-json\/wp\/v2\/types\/product"}],"wp:featuredmedia":[{"embeddable":true,"href":"https:\/\/repliquemangacine.fr\/it\/wp-json\/wp\/v2\/media\/60142"}],"wp:attachment":[{"href":"https:\/\/repliquemangacine.fr\/it\/wp-json\/wp\/v2\/media?parent=60141"}],"wp:term":[{"taxonomy":"product_brand","embeddable":true,"href":"https:\/\/repliquemangacine.fr\/it\/wp-json\/wp\/v2\/product_brand?post=60141"},{"taxonomy":"product_cat","embeddable":true,"href":"https:\/\/repliquemangacine.fr\/it\/wp-json\/wp\/v2\/product_cat?post=60141"},{"taxonomy":"product_tag","embeddable":true,"href":"https:\/\/repliquemangacine.fr\/it\/wp-json\/wp\/v2\/product_tag?post=60141"}],"curies":[{"name":"wp","href":"https:\/\/api.w.org\/{rel}","templated":true}]}}