





{"id":60114,"date":"2023-05-09T14:21:14","date_gmt":"2023-05-09T12:21:14","guid":{"rendered":"https:\/\/repliquemangacine.fr\/?post_type=product&#038;p=60114"},"modified":"2025-11-21T12:40:57","modified_gmt":"2025-11-21T11:40:57","slug":"katana-kageuchi-damenoma","status":"publish","type":"product","link":"https:\/\/repliquemangacine.fr\/it\/genshin-impact\/katana-kageuchi-damenoma\/","title":{"rendered":"Katana Kageuchi di Amenoma"},"content":{"rendered":"<h2>Katana Kageuchi di Amenoma Genshin Impact<\/h2>\n<p>Per cominciare, il <strong>Katana Kageuchi di Amenoma<\/strong> in <a href=\"https:\/\/genshin-impact.fandom.com\/fr\/wiki\/Lame_Kageuchi_d'Amenoma\" target=\"_blank\" rel=\"noopener noreferrer\">Impatto Genshin<\/a>, Questa spada a una mano ha una lama in acciaio decorata. La guardia \u00e8 dorata in una forma specifica.<\/p>\n<p>Questa lama \u00e8 una delle versioni kageuchi della famosa spada \u00abHakuen Michimitsu d'Amenoma\u00bb. Donata al clan Saimon da Douin, il patriarca fondatore del clan Iwakura.<\/p>\n<p>Leggende e dicerie abbondano sulle gesta compiute con questa lama. Si dice che la sua affilatezza fosse tale da poter tagliare persino i fili del destino.<br \/>\nPer quanto riguarda il nome specifico della lama, sembra che Iwakura Douin stesso abbia detto ad Amenoma che si sarebbe chiamata cos\u00ec.<\/p>\n<h2>Il tuo Amenoma Katana Kageuchi al miglior prezzo.<\/h2>\n<p>Offriamo un'ampia gamma di spade replica dei vostri videogiochi preferiti.<\/p>\n<p>Innanzitutto,<\/p>\n<ul>\n<li>L'<a href=\"https:\/\/repliquemangacine.fr\/it\/katana-e-spada-videogiochi-altri-videogiochi\/epee-de-diluc-genshin-impact-wolfs-graveston\/\">Spada Diluc<\/a> in Genshin Impact tutti in resina e vetroresina.<\/li>\n<li>C'\u00e8 anche il<a href=\"https:\/\/repliquemangacine.fr\/it\/katana-e-spada-videogiochi-altri-videogiochi\/spada-ribelle-spada-di-dante-devil-may-cry\/\">spada della ribellione<\/a> in Devil My Cry con la sua guardia del teschio<\/li>\n<li>Cos\u00ec come il<a href=\"https:\/\/repliquemangacine.fr\/it\/katana-e-spada-videogiochi-altri-videogiochi\/nuvola-ff7-spada-tritatutto\/\">spada schiacciante<\/a> di Cloud in Final Fantasy 7 Remake<\/li>\n<li>E molto altro ancora da scoprire nel nostro negozio online!<\/li>\n<\/ul>\n<p>Ecco quindi alcune grandi idee regalo per tutti gli appassionati di videogiochi.<\/p>\n<p>In conclusione, \u00e8 possibile utilizzare il metodo <strong>Katana Kageuchi di Amenoma<\/strong> per le sfilate di cosplay o le feste a tema. Ma soprattutto, \u00e8 un oggetto da collezione e una decorazione.<\/p>\n<h2>Come faccio a mantenere la lama della mia spada Genshin Impact?<\/h2>\n<p>Le spade da collezione e decorative sono realizzate e assemblate in modo semplificato. Poich\u00e9 il loro uso \u00e8 decorativo, non hanno le caratteristiche di sicurezza richieste per una spada giapponese destinata all'allenamento.<\/p>\n<p>Tuttavia, il vostro <strong>Katana Kageuchi di Amenoma<\/strong> a una lama d'acciaio che deve essere mantenuta per evitare che si danneggi nel tempo. Quando si espone la spada, gli amici saranno curiosi di vedere la lama e di toccarla. \u00c8 qui che bisogna fare attenzione, perch\u00e9 l'acidit\u00e0 delle dita \u00e8 molto dannosa per l'acciaio, qualunque sia la sua qualit\u00e0.<\/p>\n<p>Tuttavia, se ci\u00f2 dovesse accadere, niente panico: basta un panno inumidito con un po' d'olio per eliminare le impronte. In questo modo, la spada durer\u00e0 a lungo.<\/p>","protected":false},"excerpt":{"rendered":"<p>Replica della lama Kageuchi di Amenoma in Genshin Impact<\/p>\n<ul>\n<li>Lama decorata in acciaio 440<\/li>\n<li>Protezione in acciaio placcato oro<\/li>\n<li>Manico rivestito con treccia di cotone<\/li>\n<li>Fodero e tracolla in morbida similpelle<\/li>\n<li>Lunghezza totale: 92 cm<\/li>\n<\/ul>","protected":false},"featured_media":60115,"template":"","meta":[],"product_brand":[896],"product_cat":[119,23],"product_tag":[],"class_list":{"0":"post-60114","1":"product","2":"type-product","3":"status-publish","4":"has-post-thumbnail","6":"product_brand-replique-manga-cine","7":"product_cat-genshin-impact","8":"product_cat-repliques-manga-jeux-video","10":"first","11":"instock","12":"taxable","13":"shipping-taxable","14":"purchasable","15":"product-type-simple"},"yoast_head":"<!-- This site is optimized with the Yoast SEO plugin v27.4 - https:\/\/yoast.com\/product\/yoast-seo-wordpress\/ -->\n<title>Katana Kageuchi d&#039;Amenoma - Vente \u00e9p\u00e9es Genshin Impact - RMC<\/title>\n<meta name=\"description\" content=\"D\u00e9couvrez ce sublime Katana Kageuchi d&#039;Amenoma au meilleur prix - Lame en acier d\u00e9cor\u00e9 - Fourreau similicuir - Garde acier dor\u00e9 d\u00e9cor\u00e9e - Longueur : 92 cm\" \/>\n<meta name=\"robots\" content=\"index, follow, max-snippet:-1, max-image-preview:large, max-video-preview:-1\" \/>\n<link rel=\"canonical\" href=\"https:\/\/repliquemangacine.fr\/it\/impatto-genshin\/katana-kageuchi-damenoma\/\" \/>\n<meta property=\"og:locale\" content=\"it_IT\" \/>\n<meta property=\"og:type\" content=\"article\" \/>\n<meta property=\"og:title\" content=\"Katana Kageuchi d&#039;Amenoma - Vente \u00e9p\u00e9es Genshin Impact - RMC\" \/>\n<meta property=\"og:description\" content=\"D\u00e9couvrez ce sublime Katana Kageuchi d&#039;Amenoma au meilleur prix - Lame en acier d\u00e9cor\u00e9 - Fourreau similicuir - Garde acier dor\u00e9 d\u00e9cor\u00e9e - Longueur : 92 cm\" \/>\n<meta property=\"og:url\" content=\"https:\/\/repliquemangacine.fr\/it\/impatto-genshin\/katana-kageuchi-damenoma\/\" \/>\n<meta property=\"og:site_name\" content=\"R\u00e9plique Manga Cin\u00e9\" \/>\n<meta property=\"article:publisher\" content=\"https:\/\/www.facebook.com\/RepliqueMangaCine\" \/>\n<meta property=\"article:modified_time\" content=\"2025-11-21T11:40:57+00:00\" \/>\n<meta property=\"og:image\" content=\"https:\/\/repliquemangacine.fr\/wp-content\/uploads\/2023\/10\/Katana-Kageuchi-dAmenoma.jpg\" \/>\n\t<meta property=\"og:image:width\" content=\"500\" \/>\n\t<meta property=\"og:image:height\" content=\"500\" \/>\n\t<meta property=\"og:image:type\" content=\"image\/jpeg\" \/>\n<meta name=\"twitter:card\" content=\"summary_large_image\" \/>\n<meta name=\"twitter:label1\" content=\"Tempo di lettura stimato\" \/>\n\t<meta name=\"twitter:data1\" content=\"3 minuti\" \/>\n<script type=\"application\/ld+json\" class=\"yoast-schema-graph\">{\"@context\":\"https:\\\/\\\/schema.org\",\"@graph\":[{\"@type\":\"WebPage\",\"@id\":\"https:\\\/\\\/repliquemangacine.fr\\\/genshin-impact\\\/katana-kageuchi-damenoma\\\/\",\"url\":\"https:\\\/\\\/repliquemangacine.fr\\\/genshin-impact\\\/katana-kageuchi-damenoma\\\/\",\"name\":\"Katana Kageuchi d'Amenoma - Vente \u00e9p\u00e9es Genshin Impact - RMC\",\"isPartOf\":{\"@id\":\"https:\\\/\\\/repliquemangacine.fr\\\/#website\"},\"primaryImageOfPage\":{\"@id\":\"https:\\\/\\\/repliquemangacine.fr\\\/genshin-impact\\\/katana-kageuchi-damenoma\\\/#primaryimage\"},\"image\":{\"@id\":\"https:\\\/\\\/repliquemangacine.fr\\\/genshin-impact\\\/katana-kageuchi-damenoma\\\/#primaryimage\"},\"thumbnailUrl\":\"https:\\\/\\\/repliquemangacine.fr\\\/wp-content\\\/uploads\\\/2023\\\/10\\\/Katana-Kageuchi-dAmenoma.jpg\",\"datePublished\":\"2023-05-09T12:21:14+00:00\",\"dateModified\":\"2025-11-21T11:40:57+00:00\",\"description\":\"D\u00e9couvrez ce sublime Katana Kageuchi d'Amenoma au meilleur prix - Lame en acier d\u00e9cor\u00e9 - Fourreau similicuir - Garde acier dor\u00e9 d\u00e9cor\u00e9e - Longueur : 92 cm\",\"breadcrumb\":{\"@id\":\"https:\\\/\\\/repliquemangacine.fr\\\/genshin-impact\\\/katana-kageuchi-damenoma\\\/#breadcrumb\"},\"inLanguage\":\"it-IT\",\"potentialAction\":[{\"@type\":\"ReadAction\",\"target\":[\"https:\\\/\\\/repliquemangacine.fr\\\/genshin-impact\\\/katana-kageuchi-damenoma\\\/\"]}]},{\"@type\":\"ImageObject\",\"inLanguage\":\"it-IT\",\"@id\":\"https:\\\/\\\/repliquemangacine.fr\\\/genshin-impact\\\/katana-kageuchi-damenoma\\\/#primaryimage\",\"url\":\"https:\\\/\\\/repliquemangacine.fr\\\/wp-content\\\/uploads\\\/2023\\\/10\\\/Katana-Kageuchi-dAmenoma.jpg\",\"contentUrl\":\"https:\\\/\\\/repliquemangacine.fr\\\/wp-content\\\/uploads\\\/2023\\\/10\\\/Katana-Kageuchi-dAmenoma.jpg\",\"width\":500,\"height\":500,\"caption\":\"Katana-Kageuchi-d'Amenoma\"},{\"@type\":\"BreadcrumbList\",\"@id\":\"https:\\\/\\\/repliquemangacine.fr\\\/genshin-impact\\\/katana-kageuchi-damenoma\\\/#breadcrumb\",\"itemListElement\":[{\"@type\":\"ListItem\",\"position\":1,\"name\":\"Accueil\",\"item\":\"https:\\\/\\\/repliquemangacine.fr\\\/\"},{\"@type\":\"ListItem\",\"position\":2,\"name\":\"Produits\",\"item\":\"https:\\\/\\\/repliquemangacine.fr\\\/boutique\\\/\"},{\"@type\":\"ListItem\",\"position\":3,\"name\":\"Katana Kageuchi d&#8217;Amenoma\"}]},{\"@type\":\"WebSite\",\"@id\":\"https:\\\/\\\/repliquemangacine.fr\\\/#website\",\"url\":\"https:\\\/\\\/repliquemangacine.fr\\\/\",\"name\":\"R\u00e9plique Manga Cin\u00e9\",\"description\":\"\",\"publisher\":{\"@id\":\"https:\\\/\\\/repliquemangacine.fr\\\/#organization\"},\"potentialAction\":[{\"@type\":\"SearchAction\",\"target\":{\"@type\":\"EntryPoint\",\"urlTemplate\":\"https:\\\/\\\/repliquemangacine.fr\\\/?s={search_term_string}\"},\"query-input\":{\"@type\":\"PropertyValueSpecification\",\"valueRequired\":true,\"valueName\":\"search_term_string\"}}],\"inLanguage\":\"it-IT\"},{\"@type\":\"Organization\",\"@id\":\"https:\\\/\\\/repliquemangacine.fr\\\/#organization\",\"name\":\"R\u00e9plique Manga Cin\u00e9\",\"url\":\"https:\\\/\\\/repliquemangacine.fr\\\/\",\"logo\":{\"@type\":\"ImageObject\",\"inLanguage\":\"it-IT\",\"@id\":\"https:\\\/\\\/repliquemangacine.fr\\\/#\\\/schema\\\/logo\\\/image\\\/\",\"url\":\"https:\\\/\\\/repliquemangacine.fr\\\/wp-content\\\/uploads\\\/2023\\\/10\\\/RMC-500250.png\",\"contentUrl\":\"https:\\\/\\\/repliquemangacine.fr\\\/wp-content\\\/uploads\\\/2023\\\/10\\\/RMC-500250.png\",\"width\":500,\"height\":250,\"caption\":\"R\u00e9plique Manga Cin\u00e9\"},\"image\":{\"@id\":\"https:\\\/\\\/repliquemangacine.fr\\\/#\\\/schema\\\/logo\\\/image\\\/\"},\"sameAs\":[\"https:\\\/\\\/www.facebook.com\\\/RepliqueMangaCine\",\"https:\\\/\\\/www.instagram.com\\\/repliquemangacine.fr\\\/\"]}]}<\/script>\n<!-- \/ Yoast SEO plugin. -->","yoast_head_json":{"title":"Amenoma's Katana Kageuchi - Vendita spade Genshin Impact - RMC","description":"Scopri questa sublime Katana Kageuchi di Amenoma al miglior prezzo - Lama in acciaio decorata - Fodero in similpelle - Guardia in acciaio dorato decorato - Lunghezza: 92 cm","robots":{"index":"index","follow":"follow","max-snippet":"max-snippet:-1","max-image-preview":"max-image-preview:large","max-video-preview":"max-video-preview:-1"},"canonical":"https:\/\/repliquemangacine.fr\/it\/impatto-genshin\/katana-kageuchi-damenoma\/","og_locale":"it_IT","og_type":"article","og_title":"Katana Kageuchi d'Amenoma - Vente \u00e9p\u00e9es Genshin Impact - RMC","og_description":"D\u00e9couvrez ce sublime Katana Kageuchi d'Amenoma au meilleur prix - Lame en acier d\u00e9cor\u00e9 - Fourreau similicuir - Garde acier dor\u00e9 d\u00e9cor\u00e9e - Longueur : 92 cm","og_url":"https:\/\/repliquemangacine.fr\/it\/impatto-genshin\/katana-kageuchi-damenoma\/","og_site_name":"R\u00e9plique Manga Cin\u00e9","article_publisher":"https:\/\/www.facebook.com\/RepliqueMangaCine","article_modified_time":"2025-11-21T11:40:57+00:00","og_image":[{"width":500,"height":500,"url":"https:\/\/repliquemangacine.fr\/wp-content\/uploads\/2023\/10\/Katana-Kageuchi-dAmenoma.jpg","type":"image\/jpeg"}],"twitter_card":"summary_large_image","twitter_misc":{"Tempo di lettura stimato":"3 minuti"},"schema":{"@context":"https:\/\/schema.org","@graph":[{"@type":"WebPage","@id":"https:\/\/repliquemangacine.fr\/genshin-impact\/katana-kageuchi-damenoma\/","url":"https:\/\/repliquemangacine.fr\/genshin-impact\/katana-kageuchi-damenoma\/","name":"Amenoma's Katana Kageuchi - Vendita spade Genshin Impact - RMC","isPartOf":{"@id":"https:\/\/repliquemangacine.fr\/#website"},"primaryImageOfPage":{"@id":"https:\/\/repliquemangacine.fr\/genshin-impact\/katana-kageuchi-damenoma\/#primaryimage"},"image":{"@id":"https:\/\/repliquemangacine.fr\/genshin-impact\/katana-kageuchi-damenoma\/#primaryimage"},"thumbnailUrl":"https:\/\/repliquemangacine.fr\/wp-content\/uploads\/2023\/10\/Katana-Kageuchi-dAmenoma.jpg","datePublished":"2023-05-09T12:21:14+00:00","dateModified":"2025-11-21T11:40:57+00:00","description":"Scopri questa sublime Katana Kageuchi di Amenoma al miglior prezzo - Lama in acciaio decorata - Fodero in similpelle - Guardia in acciaio dorato decorato - Lunghezza: 92 cm","breadcrumb":{"@id":"https:\/\/repliquemangacine.fr\/genshin-impact\/katana-kageuchi-damenoma\/#breadcrumb"},"inLanguage":"it-IT","potentialAction":[{"@type":"ReadAction","target":["https:\/\/repliquemangacine.fr\/genshin-impact\/katana-kageuchi-damenoma\/"]}]},{"@type":"ImageObject","inLanguage":"it-IT","@id":"https:\/\/repliquemangacine.fr\/genshin-impact\/katana-kageuchi-damenoma\/#primaryimage","url":"https:\/\/repliquemangacine.fr\/wp-content\/uploads\/2023\/10\/Katana-Kageuchi-dAmenoma.jpg","contentUrl":"https:\/\/repliquemangacine.fr\/wp-content\/uploads\/2023\/10\/Katana-Kageuchi-dAmenoma.jpg","width":500,"height":500,"caption":"Katana-Kageuchi-d'Amenoma"},{"@type":"BreadcrumbList","@id":"https:\/\/repliquemangacine.fr\/genshin-impact\/katana-kageuchi-damenoma\/#breadcrumb","itemListElement":[{"@type":"ListItem","position":1,"name":"Accueil","item":"https:\/\/repliquemangacine.fr\/"},{"@type":"ListItem","position":2,"name":"Produits","item":"https:\/\/repliquemangacine.fr\/boutique\/"},{"@type":"ListItem","position":3,"name":"Katana Kageuchi d&#8217;Amenoma"}]},{"@type":"WebSite","@id":"https:\/\/repliquemangacine.fr\/#website","url":"https:\/\/repliquemangacine.fr\/","name":"R\u00e9plique Manga Cin\u00e9","description":"","publisher":{"@id":"https:\/\/repliquemangacine.fr\/#organization"},"potentialAction":[{"@type":"SearchAction","target":{"@type":"EntryPoint","urlTemplate":"https:\/\/repliquemangacine.fr\/?s={search_term_string}"},"query-input":{"@type":"PropertyValueSpecification","valueRequired":true,"valueName":"search_term_string"}}],"inLanguage":"it-IT"},{"@type":"Organization","@id":"https:\/\/repliquemangacine.fr\/#organization","name":"R\u00e9plique Manga Cin\u00e9","url":"https:\/\/repliquemangacine.fr\/","logo":{"@type":"ImageObject","inLanguage":"it-IT","@id":"https:\/\/repliquemangacine.fr\/#\/schema\/logo\/image\/","url":"https:\/\/repliquemangacine.fr\/wp-content\/uploads\/2023\/10\/RMC-500250.png","contentUrl":"https:\/\/repliquemangacine.fr\/wp-content\/uploads\/2023\/10\/RMC-500250.png","width":500,"height":250,"caption":"R\u00e9plique Manga Cin\u00e9"},"image":{"@id":"https:\/\/repliquemangacine.fr\/#\/schema\/logo\/image\/"},"sameAs":["https:\/\/www.facebook.com\/RepliqueMangaCine","https:\/\/www.instagram.com\/repliquemangacine.fr\/"]}]}},"_links":{"self":[{"href":"https:\/\/repliquemangacine.fr\/it\/wp-json\/wp\/v2\/product\/60114","targetHints":{"allow":["GET"]}}],"collection":[{"href":"https:\/\/repliquemangacine.fr\/it\/wp-json\/wp\/v2\/product"}],"about":[{"href":"https:\/\/repliquemangacine.fr\/it\/wp-json\/wp\/v2\/types\/product"}],"wp:featuredmedia":[{"embeddable":true,"href":"https:\/\/repliquemangacine.fr\/it\/wp-json\/wp\/v2\/media\/60115"}],"wp:attachment":[{"href":"https:\/\/repliquemangacine.fr\/it\/wp-json\/wp\/v2\/media?parent=60114"}],"wp:term":[{"taxonomy":"product_brand","embeddable":true,"href":"https:\/\/repliquemangacine.fr\/it\/wp-json\/wp\/v2\/product_brand?post=60114"},{"taxonomy":"product_cat","embeddable":true,"href":"https:\/\/repliquemangacine.fr\/it\/wp-json\/wp\/v2\/product_cat?post=60114"},{"taxonomy":"product_tag","embeddable":true,"href":"https:\/\/repliquemangacine.fr\/it\/wp-json\/wp\/v2\/product_tag?post=60114"}],"curies":[{"name":"wp","href":"https:\/\/api.w.org\/{rel}","templated":true}]}}