





{"id":60106,"date":"2023-05-09T13:25:03","date_gmt":"2023-05-09T11:25:03","guid":{"rendered":"https:\/\/repliquemangacine.fr\/?post_type=product&#038;p=60106"},"modified":"2025-11-21T12:46:03","modified_gmt":"2025-11-21T11:46:03","slug":"elmetto-robert-bruce","status":"publish","type":"product","link":"https:\/\/repliquemangacine.fr\/it\/heaume-casque-chevalier-templier\/casque-de-robert-bruce\/","title":{"rendered":"Elmo Robert Bruce"},"content":{"rendered":"<h2>Elmo Robert Bruce<\/h2>\n<p>Per cominciare, l'elmo Robert Bruce, realizzato in acciaio da 1,6 mm (calibro 16) e ornato da una corona in ottone rivettata ricca di dettagli. Per proteggere la nuca e il collo, questa calotta pelvica presenta una catena bruna che si estende fino alle spalle.<\/p>\n<p>Basato sull'elmo visto a Bannockburn sulla famosa statua in bronzo di Roberto I di Scozia (1274-1329). Dopo anni di lotta contro la corona inglese, il re Roberto (comunemente noto come Robert Bruce) sconfisse l'esercito di Edoardo II d'Inghilterra nel 1314 nella battaglia di Bannockburn.<\/p>\n<p>Una battaglia decisiva che alla fine port\u00f2 alla restaurazione dell'indipendenza scozzese. Con il leggendario William Wallace, <a href=\"https:\/\/www.highlandtitles.fr\/2018\/02\/robert-ier-decosse-pere-de-lindependance-ecossaise\/\" target=\"_blank\" rel=\"noopener noreferrer\">Robert Bruce<\/a> rimane una delle figure storiche pi\u00f9 celebri della Scozia.<\/p>\n<h2>Il vostro elmo Robert Bruce al miglior prezzo.<\/h2>\n<p>Offriamo una vasta gamma di armi e accessori storici.<\/p>\n<p>Innanzitutto,<\/p>\n<ul>\n<li>L'<a href=\"https:\/\/repliquemangacine.fr\/it\/spada-templare-medievale\/spada-da-cerimonia-templare\/\">Spada cerimoniale templare<\/a> finemente decorato.<\/li>\n<li>C'\u00e8 anche il<a href=\"https:\/\/repliquemangacine.fr\/it\/spada-templare-medievale\/re-arthur-spada-excalibur\/\">Spada Excalibur<\/a> di Re Art\u00f9<\/li>\n<li>Cos\u00ec come il<a href=\"https:\/\/repliquemangacine.fr\/it\/riproduzioni-di-armi-e-accessori-medievali\/epee-richard-coeur-de-lion-coeur\/\">spada di Riccardo Cuor di Leone<\/a> da Denix.<\/li>\n<li>E molti altri da scoprire nel nostro negozio online!<\/li>\n<\/ul>\n<p>Ecco quindi alcune ottime idee regalo per tutti gli amanti della storia.<\/p>\n<p>In conclusione, questo bellissimo <strong>Elmo Robert Bruce<\/strong> portatile, adatto per combattimenti leggeri da esibizione, rievocazione storica, LARP, palcoscenico o TV\/film. Naturalmente, \u00e8 anche un'eccellente aggiunta al tesoro di ogni collezionista di elmi e costituisce un ottimo pezzo da esposizione o un oggetto decorativo per ogni appassionato.<\/p>\n<h2>Come vengono realizzati i vostri oggetti da collezione?<\/h2>\n<p>Per cominciare, tutti i nostri prodotti derivati sono di altissima qualit\u00e0, realizzati con una meticolosa attenzione ai dettagli. Alcuni di essi sono realizzati a mano, per riprodurre i minimi dettagli. Le parti pi\u00f9 importanti sono lavorate con macchine molto precise. Le incisioni sono generalmente realizzate con una punta di diamante o con il laser.<\/p>\n<p>Il tuo <strong>Elmo Robert Bruce<\/strong> fabbricati per riprodurre esattamente ogni dettaglio. Per eguagliare l'eredit\u00e0 dei capolavori originali. L'accento \u00e8 posto sulla creazione di repliche di alta qualit\u00e0 che siano il pi\u00f9 possibile storicamente accurate.<\/p>\n<p>In conclusione, importate dalla Cina, dalla Spagna o dall'India, le nostre repliche vi stupiranno!<\/p>\n<p>R\u00e9plique Manga Cin\u00e9 \u00e8 un'azienda familiare francese.<\/p>","protected":false},"excerpt":{"rendered":"<p>Copricapo a bacino dell'inizio del XIV secolo<\/p>\n<ul>\n<li>In acciaio da 1,6 mm<\/li>\n<li>Corona in ottone<\/li>\n<li>Sottogola in pelle regolabile<\/li>\n<li>Interni in pelle<\/li>\n<li>Collo e paranuca in acciaio<\/li>\n<li>Circonferenza della testa fino a 69 cm<\/li>\n<li>Altezza: 25 cm - Peso: 4,35 kg completo.<\/li>\n<\/ul>","protected":false},"featured_media":60107,"template":"","meta":[],"product_brand":[896],"product_cat":[25,89,43],"product_tag":[],"class_list":{"0":"post-60106","1":"product","2":"type-product","3":"status-publish","4":"has-post-thumbnail","6":"product_brand-replique-manga-cine","7":"product_cat-armes-historiques","8":"product_cat-heaume-casque-chevalier-templier","9":"product_cat-reproductions-d-armes-et-accessoires-medievales","11":"first","12":"instock","13":"taxable","14":"shipping-taxable","15":"purchasable","16":"product-type-simple"},"yoast_head":"<!-- This site is optimized with the Yoast SEO plugin v27.5 - https:\/\/yoast.com\/product\/yoast-seo-wordpress\/ -->\n<title>Casque de Robert Bruce - Vente en ligne - R\u00e9plique Manga Cin\u00e9<\/title>\n<meta name=\"description\" content=\"D\u00e9couvrez le sublime Casque de Robert Bruce au meilleur prix - En acier de 1.6mm - Couronne en laiton - Int\u00e9rieur cuir - Jugulaire r\u00e9glable en cuir. H 25cm\" \/>\n<meta name=\"robots\" content=\"index, follow, max-snippet:-1, max-image-preview:large, max-video-preview:-1\" \/>\n<link rel=\"canonical\" href=\"https:\/\/repliquemangacine.fr\/it\/elmo-cavaliere-templare\/elmetto-robert-bruce\/\" \/>\n<meta property=\"og:locale\" content=\"it_IT\" \/>\n<meta property=\"og:type\" content=\"article\" \/>\n<meta property=\"og:title\" content=\"Casque de Robert Bruce - Vente en ligne - R\u00e9plique Manga Cin\u00e9\" \/>\n<meta property=\"og:description\" content=\"D\u00e9couvrez le sublime Casque de Robert Bruce au meilleur prix - En acier de 1.6mm - Couronne en laiton - Int\u00e9rieur cuir - Jugulaire r\u00e9glable en cuir. H 25cm\" \/>\n<meta property=\"og:url\" content=\"https:\/\/repliquemangacine.fr\/it\/elmo-cavaliere-templare\/elmetto-robert-bruce\/\" \/>\n<meta property=\"og:site_name\" content=\"R\u00e9plique Manga Cin\u00e9\" \/>\n<meta property=\"article:publisher\" content=\"https:\/\/www.facebook.com\/RepliqueMangaCine\" \/>\n<meta property=\"article:modified_time\" content=\"2025-11-21T11:46:03+00:00\" \/>\n<meta property=\"og:image\" content=\"https:\/\/repliquemangacine.fr\/wp-content\/uploads\/2023\/10\/Casque-de-Robert-Bruce.jpg\" \/>\n\t<meta property=\"og:image:width\" content=\"500\" \/>\n\t<meta property=\"og:image:height\" content=\"500\" \/>\n\t<meta property=\"og:image:type\" content=\"image\/jpeg\" \/>\n<meta name=\"twitter:card\" content=\"summary_large_image\" \/>\n<meta name=\"twitter:label1\" content=\"Tempo di lettura stimato\" \/>\n\t<meta name=\"twitter:data1\" content=\"3 minuti\" \/>\n<script type=\"application\/ld+json\" class=\"yoast-schema-graph\">{\"@context\":\"https:\\\/\\\/schema.org\",\"@graph\":[{\"@type\":\"WebPage\",\"@id\":\"https:\\\/\\\/repliquemangacine.fr\\\/heaume-casque-chevalier-templier\\\/casque-de-robert-bruce\\\/\",\"url\":\"https:\\\/\\\/repliquemangacine.fr\\\/heaume-casque-chevalier-templier\\\/casque-de-robert-bruce\\\/\",\"name\":\"Casque de Robert Bruce - Vente en ligne - R\u00e9plique Manga Cin\u00e9\",\"isPartOf\":{\"@id\":\"https:\\\/\\\/repliquemangacine.fr\\\/#website\"},\"primaryImageOfPage\":{\"@id\":\"https:\\\/\\\/repliquemangacine.fr\\\/heaume-casque-chevalier-templier\\\/casque-de-robert-bruce\\\/#primaryimage\"},\"image\":{\"@id\":\"https:\\\/\\\/repliquemangacine.fr\\\/heaume-casque-chevalier-templier\\\/casque-de-robert-bruce\\\/#primaryimage\"},\"thumbnailUrl\":\"https:\\\/\\\/repliquemangacine.fr\\\/wp-content\\\/uploads\\\/2023\\\/10\\\/Casque-de-Robert-Bruce.jpg\",\"datePublished\":\"2023-05-09T11:25:03+00:00\",\"dateModified\":\"2025-11-21T11:46:03+00:00\",\"description\":\"D\u00e9couvrez le sublime Casque de Robert Bruce au meilleur prix - En acier de 1.6mm - Couronne en laiton - Int\u00e9rieur cuir - Jugulaire r\u00e9glable en cuir. H 25cm\",\"breadcrumb\":{\"@id\":\"https:\\\/\\\/repliquemangacine.fr\\\/heaume-casque-chevalier-templier\\\/casque-de-robert-bruce\\\/#breadcrumb\"},\"inLanguage\":\"it-IT\",\"potentialAction\":[{\"@type\":\"ReadAction\",\"target\":[\"https:\\\/\\\/repliquemangacine.fr\\\/heaume-casque-chevalier-templier\\\/casque-de-robert-bruce\\\/\"]}]},{\"@type\":\"ImageObject\",\"inLanguage\":\"it-IT\",\"@id\":\"https:\\\/\\\/repliquemangacine.fr\\\/heaume-casque-chevalier-templier\\\/casque-de-robert-bruce\\\/#primaryimage\",\"url\":\"https:\\\/\\\/repliquemangacine.fr\\\/wp-content\\\/uploads\\\/2023\\\/10\\\/Casque-de-Robert-Bruce.jpg\",\"contentUrl\":\"https:\\\/\\\/repliquemangacine.fr\\\/wp-content\\\/uploads\\\/2023\\\/10\\\/Casque-de-Robert-Bruce.jpg\",\"width\":500,\"height\":500,\"caption\":\"Casque-de-Robert-Bruce\"},{\"@type\":\"BreadcrumbList\",\"@id\":\"https:\\\/\\\/repliquemangacine.fr\\\/heaume-casque-chevalier-templier\\\/casque-de-robert-bruce\\\/#breadcrumb\",\"itemListElement\":[{\"@type\":\"ListItem\",\"position\":1,\"name\":\"Accueil\",\"item\":\"https:\\\/\\\/repliquemangacine.fr\\\/\"},{\"@type\":\"ListItem\",\"position\":2,\"name\":\"Produits\",\"item\":\"https:\\\/\\\/repliquemangacine.fr\\\/boutique\\\/\"},{\"@type\":\"ListItem\",\"position\":3,\"name\":\"Casque de Robert Bruce\"}]},{\"@type\":\"WebSite\",\"@id\":\"https:\\\/\\\/repliquemangacine.fr\\\/#website\",\"url\":\"https:\\\/\\\/repliquemangacine.fr\\\/\",\"name\":\"R\u00e9plique Manga Cin\u00e9\",\"description\":\"\",\"publisher\":{\"@id\":\"https:\\\/\\\/repliquemangacine.fr\\\/#organization\"},\"potentialAction\":[{\"@type\":\"SearchAction\",\"target\":{\"@type\":\"EntryPoint\",\"urlTemplate\":\"https:\\\/\\\/repliquemangacine.fr\\\/?s={search_term_string}\"},\"query-input\":{\"@type\":\"PropertyValueSpecification\",\"valueRequired\":true,\"valueName\":\"search_term_string\"}}],\"inLanguage\":\"it-IT\"},{\"@type\":\"Organization\",\"@id\":\"https:\\\/\\\/repliquemangacine.fr\\\/#organization\",\"name\":\"R\u00e9plique Manga Cin\u00e9\",\"url\":\"https:\\\/\\\/repliquemangacine.fr\\\/\",\"logo\":{\"@type\":\"ImageObject\",\"inLanguage\":\"it-IT\",\"@id\":\"https:\\\/\\\/repliquemangacine.fr\\\/#\\\/schema\\\/logo\\\/image\\\/\",\"url\":\"https:\\\/\\\/repliquemangacine.fr\\\/wp-content\\\/uploads\\\/2023\\\/10\\\/RMC-500250.png\",\"contentUrl\":\"https:\\\/\\\/repliquemangacine.fr\\\/wp-content\\\/uploads\\\/2023\\\/10\\\/RMC-500250.png\",\"width\":500,\"height\":250,\"caption\":\"R\u00e9plique Manga Cin\u00e9\"},\"image\":{\"@id\":\"https:\\\/\\\/repliquemangacine.fr\\\/#\\\/schema\\\/logo\\\/image\\\/\"},\"sameAs\":[\"https:\\\/\\\/www.facebook.com\\\/RepliqueMangaCine\",\"https:\\\/\\\/www.instagram.com\\\/repliquemangacine.fr\\\/\"]}]}<\/script>\n<!-- \/ Yoast SEO plugin. -->","yoast_head_json":{"title":"Casco Robert Bruce - Vendita online - R\u00e9plique Manga Cin\u00e9","description":"Scopri il sublime casco Robert Bruce al miglior prezzo - Realizzato in acciaio da 1,6 mm - Corona in ottone - Interno in pelle - Sottogola regolabile in pelle. H 25 cm","robots":{"index":"index","follow":"follow","max-snippet":"max-snippet:-1","max-image-preview":"max-image-preview:large","max-video-preview":"max-video-preview:-1"},"canonical":"https:\/\/repliquemangacine.fr\/it\/elmo-cavaliere-templare\/elmetto-robert-bruce\/","og_locale":"it_IT","og_type":"article","og_title":"Casque de Robert Bruce - Vente en ligne - R\u00e9plique Manga Cin\u00e9","og_description":"D\u00e9couvrez le sublime Casque de Robert Bruce au meilleur prix - En acier de 1.6mm - Couronne en laiton - Int\u00e9rieur cuir - Jugulaire r\u00e9glable en cuir. H 25cm","og_url":"https:\/\/repliquemangacine.fr\/it\/elmo-cavaliere-templare\/elmetto-robert-bruce\/","og_site_name":"R\u00e9plique Manga Cin\u00e9","article_publisher":"https:\/\/www.facebook.com\/RepliqueMangaCine","article_modified_time":"2025-11-21T11:46:03+00:00","og_image":[{"width":500,"height":500,"url":"https:\/\/repliquemangacine.fr\/wp-content\/uploads\/2023\/10\/Casque-de-Robert-Bruce.jpg","type":"image\/jpeg"}],"twitter_card":"summary_large_image","twitter_misc":{"Tempo di lettura stimato":"3 minuti"},"schema":{"@context":"https:\/\/schema.org","@graph":[{"@type":"WebPage","@id":"https:\/\/repliquemangacine.fr\/heaume-casque-chevalier-templier\/casque-de-robert-bruce\/","url":"https:\/\/repliquemangacine.fr\/heaume-casque-chevalier-templier\/casque-de-robert-bruce\/","name":"Casco Robert Bruce - Vendita online - R\u00e9plique Manga Cin\u00e9","isPartOf":{"@id":"https:\/\/repliquemangacine.fr\/#website"},"primaryImageOfPage":{"@id":"https:\/\/repliquemangacine.fr\/heaume-casque-chevalier-templier\/casque-de-robert-bruce\/#primaryimage"},"image":{"@id":"https:\/\/repliquemangacine.fr\/heaume-casque-chevalier-templier\/casque-de-robert-bruce\/#primaryimage"},"thumbnailUrl":"https:\/\/repliquemangacine.fr\/wp-content\/uploads\/2023\/10\/Casque-de-Robert-Bruce.jpg","datePublished":"2023-05-09T11:25:03+00:00","dateModified":"2025-11-21T11:46:03+00:00","description":"Scopri il sublime casco Robert Bruce al miglior prezzo - Realizzato in acciaio da 1,6 mm - Corona in ottone - Interno in pelle - Sottogola regolabile in pelle. H 25 cm","breadcrumb":{"@id":"https:\/\/repliquemangacine.fr\/heaume-casque-chevalier-templier\/casque-de-robert-bruce\/#breadcrumb"},"inLanguage":"it-IT","potentialAction":[{"@type":"ReadAction","target":["https:\/\/repliquemangacine.fr\/heaume-casque-chevalier-templier\/casque-de-robert-bruce\/"]}]},{"@type":"ImageObject","inLanguage":"it-IT","@id":"https:\/\/repliquemangacine.fr\/heaume-casque-chevalier-templier\/casque-de-robert-bruce\/#primaryimage","url":"https:\/\/repliquemangacine.fr\/wp-content\/uploads\/2023\/10\/Casque-de-Robert-Bruce.jpg","contentUrl":"https:\/\/repliquemangacine.fr\/wp-content\/uploads\/2023\/10\/Casque-de-Robert-Bruce.jpg","width":500,"height":500,"caption":"Casque-de-Robert-Bruce"},{"@type":"BreadcrumbList","@id":"https:\/\/repliquemangacine.fr\/heaume-casque-chevalier-templier\/casque-de-robert-bruce\/#breadcrumb","itemListElement":[{"@type":"ListItem","position":1,"name":"Accueil","item":"https:\/\/repliquemangacine.fr\/"},{"@type":"ListItem","position":2,"name":"Produits","item":"https:\/\/repliquemangacine.fr\/boutique\/"},{"@type":"ListItem","position":3,"name":"Casque de Robert Bruce"}]},{"@type":"WebSite","@id":"https:\/\/repliquemangacine.fr\/#website","url":"https:\/\/repliquemangacine.fr\/","name":"R\u00e9plique Manga Cin\u00e9","description":"","publisher":{"@id":"https:\/\/repliquemangacine.fr\/#organization"},"potentialAction":[{"@type":"SearchAction","target":{"@type":"EntryPoint","urlTemplate":"https:\/\/repliquemangacine.fr\/?s={search_term_string}"},"query-input":{"@type":"PropertyValueSpecification","valueRequired":true,"valueName":"search_term_string"}}],"inLanguage":"it-IT"},{"@type":"Organization","@id":"https:\/\/repliquemangacine.fr\/#organization","name":"R\u00e9plique Manga Cin\u00e9","url":"https:\/\/repliquemangacine.fr\/","logo":{"@type":"ImageObject","inLanguage":"it-IT","@id":"https:\/\/repliquemangacine.fr\/#\/schema\/logo\/image\/","url":"https:\/\/repliquemangacine.fr\/wp-content\/uploads\/2023\/10\/RMC-500250.png","contentUrl":"https:\/\/repliquemangacine.fr\/wp-content\/uploads\/2023\/10\/RMC-500250.png","width":500,"height":250,"caption":"R\u00e9plique Manga Cin\u00e9"},"image":{"@id":"https:\/\/repliquemangacine.fr\/#\/schema\/logo\/image\/"},"sameAs":["https:\/\/www.facebook.com\/RepliqueMangaCine","https:\/\/www.instagram.com\/repliquemangacine.fr\/"]}]}},"_links":{"self":[{"href":"https:\/\/repliquemangacine.fr\/it\/wp-json\/wp\/v2\/product\/60106","targetHints":{"allow":["GET"]}}],"collection":[{"href":"https:\/\/repliquemangacine.fr\/it\/wp-json\/wp\/v2\/product"}],"about":[{"href":"https:\/\/repliquemangacine.fr\/it\/wp-json\/wp\/v2\/types\/product"}],"wp:featuredmedia":[{"embeddable":true,"href":"https:\/\/repliquemangacine.fr\/it\/wp-json\/wp\/v2\/media\/60107"}],"wp:attachment":[{"href":"https:\/\/repliquemangacine.fr\/it\/wp-json\/wp\/v2\/media?parent=60106"}],"wp:term":[{"taxonomy":"product_brand","embeddable":true,"href":"https:\/\/repliquemangacine.fr\/it\/wp-json\/wp\/v2\/product_brand?post=60106"},{"taxonomy":"product_cat","embeddable":true,"href":"https:\/\/repliquemangacine.fr\/it\/wp-json\/wp\/v2\/product_cat?post=60106"},{"taxonomy":"product_tag","embeddable":true,"href":"https:\/\/repliquemangacine.fr\/it\/wp-json\/wp\/v2\/product_tag?post=60106"}],"curies":[{"name":"wp","href":"https:\/\/api.w.org\/{rel}","templated":true}]}}