





{"id":59984,"date":"2023-05-04T09:35:31","date_gmt":"2023-05-04T07:35:31","guid":{"rendered":"https:\/\/repliquemangacine.fr\/?post_type=product&#038;p=59984"},"modified":"2026-02-22T23:09:26","modified_gmt":"2026-02-22T22:09:26","slug":"le-spade-gemelle-di-tengen","status":"publish","type":"product","link":"https:\/\/repliquemangacine.fr\/it\/katana-demon-slayer-metal\/epees-jumelle-de-tengen\/","title":{"rendered":"Spade gemelle di Tengen"},"content":{"rendered":"<h2>Spade gemelle di Tengen Demon Slayer<\/h2>\n<p>Per cominciare, il <strong>Spade gemelle di Tengen<\/strong> I Demon Slayer sono assolutamente notevoli, con la catena che collega le due spade.<\/p>\n<p><a href=\"https:\/\/kimetsu-no-yaiba.fandom.com\/fr\/wiki\/Tengen_Uzui\" target=\"_blank\" rel=\"noopener noreferrer\">Tengen Uzui<\/a> \u00e8 un personaggio secondario importante di Demon Slayer: Kimetsu no Yaiba. Ma \u00e8 un personaggio fondamentale nell'arco narrativo del Quartiere dei piaceri. \u00c8 un ammazzademoni dell'Esercito degli ammazzademoni e l'attuale Pilastro del Suono.<\/p>\n<p>Il suo stile di combattimento \u00e8 il \u201dsoffio del suono\u201d. Questo soffio \u00e8 stato sviluppato da Tengen ed \u00e8 unico nel suo genere. Grazie al suo udito potenziato, utilizza una strategia di combattimento chiamata \u00abpunteggio\u00bb.<br \/>\nQuesto consiste nel leggere i movimenti dei propri avversari e smontarli analizzandone il ritmo. In particolare, utilizza le sue bombe modificate per accoppiarle al proprio respiro.<\/p>\n<h2>Le vostre spade gemelle Tengen al miglior prezzo.<\/h2>\n<p>Ti proponiamo tutte le repliche dei tuoi personaggi preferiti del manga animato Demon Slayer.<\/p>\n<p>Prima di tutto:<\/p>\n<ul>\n<li>Le <a href=\"https:\/\/repliquemangacine.fr\/it\/katana-uccisore-di-demoni\/katana-giyu-tomioka-uccisore-di-demoni-blu\/\">Katana di Giyu Tomioka<\/a> con la lama serigrafata con simboli giapponesi e decorazioni blu.<\/li>\n<li>Cos\u00ec come la katana di Ky\u014djur\u014d Rengoku nella sua versione da taglio forgiata a mano.<\/li>\n<li>E molti altri da scoprire nel nostro negozio online!<\/li>\n<\/ul>\n<p>Ecco quindi alcune fantastiche idee regalo per i fan di Kimetsu no Yaiba o Demon Slayer.<\/p>\n<p>In conclusione, \u00e8 possibile utilizzare questo <strong>Spada gemella di Tengen<\/strong> Demon Slayer per le vostre parate cosplay o feste a tema. Ma soprattutto, la spada a colonna Tengen Uzui \u00e8 anche un oggetto da collezione e un pezzo decorativo.<\/p>\n<h2>Come faccio a mantenere la lama della mia spada Demon Slayer?<\/h2>\n<p>Le katana da collezione e decorative sono realizzate e assemblate in modo semplificato. Essendo destinate a scopi decorativi, non dispongono degli elementi di sicurezza necessari per una spada giapponese destinata all'allenamento.<\/p>\n<p>Tuttavia, il vostro <strong>Spade gemelle di Tengen<\/strong> La katana Demon Slayer ha una lama in acciaio che deve essere mantenuta per evitare che si danneggi nel tempo. Esponendo la katana, i vostri amici saranno curiosi di vedere la lama e di toccarla. In questo caso \u00e8 necessario fare attenzione, poich\u00e9 l'acidit\u00e0 delle dita \u00e8 molto dannosa per l'acciaio, indipendentemente dalla sua qualit\u00e0.<\/p>\n<p>Se ci\u00f2 dovesse accadere, non preoccupatevi, basta solo un panno inumidito con un po' d'olio per rimuovere le impronte digitali. In questo modo, la vostra spada durer\u00e0 a lungo.<\/p>","protected":false},"excerpt":{"rendered":"<p>Set di due spade Tengen<\/p>\n<ul>\n<li>Lame in acciaio 440 (non affilate) con kanji.<\/li>\n<li>Protezioni in acciaio appositamente sagomate.<\/li>\n<li>Manici in legno rivestiti di treccia di cotone rosso.<\/li>\n<li>Chainette che collega l'altra spada gemella.<\/li>\n<li>Trolley nero in similpelle.<\/li>\n<li>Lunghezza lama: 50 cm - Lunghezza totale: 80 cm<\/li>\n<\/ul>","protected":false},"featured_media":59985,"template":"","meta":[],"product_brand":[896],"product_cat":[63,117,23],"product_tag":[],"class_list":{"0":"post-59984","1":"product","2":"type-product","3":"status-publish","4":"has-post-thumbnail","6":"product_brand-replique-manga-cine","7":"product_cat-katana-demon-slayer","8":"product_cat-katana-demon-slayer-metal","9":"product_cat-repliques-manga-jeux-video","11":"first","12":"instock","13":"taxable","14":"shipping-taxable","15":"purchasable","16":"product-type-simple"},"yoast_head":"<!-- This site is optimized with the Yoast SEO plugin v27.4 - https:\/\/yoast.com\/product\/yoast-seo-wordpress\/ -->\n<title>Ep\u00e9es jumelle de Tengen - Vente de Katana Demon Slayer - RMC<\/title>\n<meta name=\"description\" content=\"Offrez-lui ! Les deux Ep\u00e9es jumelle de Tengen dans Demon Slayer au meilleur prix - Lames en acier d\u00e9cor\u00e9e - Fourreau simili - Longueur : 80 cm\" \/>\n<meta name=\"robots\" content=\"index, follow, max-snippet:-1, max-image-preview:large, max-video-preview:-1\" \/>\n<link rel=\"canonical\" href=\"https:\/\/repliquemangacine.fr\/it\/katana-demon-slayer-metal\/le-spade-gemelle-di-tengen\/\" \/>\n<meta property=\"og:locale\" content=\"it_IT\" \/>\n<meta property=\"og:type\" content=\"article\" \/>\n<meta property=\"og:title\" content=\"Ep\u00e9es jumelle de Tengen - Vente de Katana Demon Slayer - RMC\" \/>\n<meta property=\"og:description\" content=\"Offrez-lui ! Les deux Ep\u00e9es jumelle de Tengen dans Demon Slayer au meilleur prix - Lames en acier d\u00e9cor\u00e9e - Fourreau simili - Longueur : 80 cm\" \/>\n<meta property=\"og:url\" content=\"https:\/\/repliquemangacine.fr\/it\/katana-demon-slayer-metal\/le-spade-gemelle-di-tengen\/\" \/>\n<meta property=\"og:site_name\" content=\"R\u00e9plique Manga Cin\u00e9\" \/>\n<meta property=\"article:publisher\" content=\"https:\/\/www.facebook.com\/RepliqueMangaCine\" \/>\n<meta property=\"article:modified_time\" content=\"2026-02-22T22:09:26+00:00\" \/>\n<meta property=\"og:image\" content=\"https:\/\/repliquemangacine.fr\/wp-content\/uploads\/2023\/10\/Epee-jumelle-Tengen.jpg\" \/>\n\t<meta property=\"og:image:width\" content=\"500\" \/>\n\t<meta property=\"og:image:height\" content=\"500\" \/>\n\t<meta property=\"og:image:type\" content=\"image\/jpeg\" \/>\n<meta name=\"twitter:card\" content=\"summary_large_image\" \/>\n<meta name=\"twitter:label1\" content=\"Tempo di lettura stimato\" \/>\n\t<meta name=\"twitter:data1\" content=\"3 minuti\" \/>\n<script type=\"application\/ld+json\" class=\"yoast-schema-graph\">{\"@context\":\"https:\\\/\\\/schema.org\",\"@graph\":[{\"@type\":\"WebPage\",\"@id\":\"https:\\\/\\\/repliquemangacine.fr\\\/katana-demon-slayer-metal\\\/epees-jumelle-de-tengen\\\/\",\"url\":\"https:\\\/\\\/repliquemangacine.fr\\\/katana-demon-slayer-metal\\\/epees-jumelle-de-tengen\\\/\",\"name\":\"Ep\u00e9es jumelle de Tengen - Vente de Katana Demon Slayer - RMC\",\"isPartOf\":{\"@id\":\"https:\\\/\\\/repliquemangacine.fr\\\/#website\"},\"primaryImageOfPage\":{\"@id\":\"https:\\\/\\\/repliquemangacine.fr\\\/katana-demon-slayer-metal\\\/epees-jumelle-de-tengen\\\/#primaryimage\"},\"image\":{\"@id\":\"https:\\\/\\\/repliquemangacine.fr\\\/katana-demon-slayer-metal\\\/epees-jumelle-de-tengen\\\/#primaryimage\"},\"thumbnailUrl\":\"https:\\\/\\\/repliquemangacine.fr\\\/wp-content\\\/uploads\\\/2023\\\/10\\\/Epee-jumelle-Tengen.jpg\",\"datePublished\":\"2023-05-04T07:35:31+00:00\",\"dateModified\":\"2026-02-22T22:09:26+00:00\",\"description\":\"Offrez-lui ! Les deux Ep\u00e9es jumelle de Tengen dans Demon Slayer au meilleur prix - Lames en acier d\u00e9cor\u00e9e - Fourreau simili - Longueur : 80 cm\",\"breadcrumb\":{\"@id\":\"https:\\\/\\\/repliquemangacine.fr\\\/katana-demon-slayer-metal\\\/epees-jumelle-de-tengen\\\/#breadcrumb\"},\"inLanguage\":\"it-IT\",\"potentialAction\":[{\"@type\":\"ReadAction\",\"target\":[\"https:\\\/\\\/repliquemangacine.fr\\\/katana-demon-slayer-metal\\\/epees-jumelle-de-tengen\\\/\"]}]},{\"@type\":\"ImageObject\",\"inLanguage\":\"it-IT\",\"@id\":\"https:\\\/\\\/repliquemangacine.fr\\\/katana-demon-slayer-metal\\\/epees-jumelle-de-tengen\\\/#primaryimage\",\"url\":\"https:\\\/\\\/repliquemangacine.fr\\\/wp-content\\\/uploads\\\/2023\\\/10\\\/Epee-jumelle-Tengen.jpg\",\"contentUrl\":\"https:\\\/\\\/repliquemangacine.fr\\\/wp-content\\\/uploads\\\/2023\\\/10\\\/Epee-jumelle-Tengen.jpg\",\"width\":500,\"height\":500,\"caption\":\"Ep\u00e9es-jumelle de Tengen Demon Slayer\"},{\"@type\":\"BreadcrumbList\",\"@id\":\"https:\\\/\\\/repliquemangacine.fr\\\/katana-demon-slayer-metal\\\/epees-jumelle-de-tengen\\\/#breadcrumb\",\"itemListElement\":[{\"@type\":\"ListItem\",\"position\":1,\"name\":\"Accueil\",\"item\":\"https:\\\/\\\/repliquemangacine.fr\\\/\"},{\"@type\":\"ListItem\",\"position\":2,\"name\":\"Produits\",\"item\":\"https:\\\/\\\/repliquemangacine.fr\\\/boutique\\\/\"},{\"@type\":\"ListItem\",\"position\":3,\"name\":\"Ep\u00e9es jumelle de Tengen\"}]},{\"@type\":\"WebSite\",\"@id\":\"https:\\\/\\\/repliquemangacine.fr\\\/#website\",\"url\":\"https:\\\/\\\/repliquemangacine.fr\\\/\",\"name\":\"R\u00e9plique Manga Cin\u00e9\",\"description\":\"\",\"publisher\":{\"@id\":\"https:\\\/\\\/repliquemangacine.fr\\\/#organization\"},\"potentialAction\":[{\"@type\":\"SearchAction\",\"target\":{\"@type\":\"EntryPoint\",\"urlTemplate\":\"https:\\\/\\\/repliquemangacine.fr\\\/?s={search_term_string}\"},\"query-input\":{\"@type\":\"PropertyValueSpecification\",\"valueRequired\":true,\"valueName\":\"search_term_string\"}}],\"inLanguage\":\"it-IT\"},{\"@type\":\"Organization\",\"@id\":\"https:\\\/\\\/repliquemangacine.fr\\\/#organization\",\"name\":\"R\u00e9plique Manga Cin\u00e9\",\"url\":\"https:\\\/\\\/repliquemangacine.fr\\\/\",\"logo\":{\"@type\":\"ImageObject\",\"inLanguage\":\"it-IT\",\"@id\":\"https:\\\/\\\/repliquemangacine.fr\\\/#\\\/schema\\\/logo\\\/image\\\/\",\"url\":\"https:\\\/\\\/repliquemangacine.fr\\\/wp-content\\\/uploads\\\/2023\\\/10\\\/RMC-500250.png\",\"contentUrl\":\"https:\\\/\\\/repliquemangacine.fr\\\/wp-content\\\/uploads\\\/2023\\\/10\\\/RMC-500250.png\",\"width\":500,\"height\":250,\"caption\":\"R\u00e9plique Manga Cin\u00e9\"},\"image\":{\"@id\":\"https:\\\/\\\/repliquemangacine.fr\\\/#\\\/schema\\\/logo\\\/image\\\/\"},\"sameAs\":[\"https:\\\/\\\/www.facebook.com\\\/RepliqueMangaCine\",\"https:\\\/\\\/www.instagram.com\\\/repliquemangacine.fr\\\/\"]}]}<\/script>\n<!-- \/ Yoast SEO plugin. -->","yoast_head_json":{"title":"Spade gemelle di Tengen - Vendita Katana Demon Slayer - RMC","description":"Regalategliela! Le spade gemelle di Tengen in Demon Slayer al miglior prezzo - Lame in acciaio decorate - Fodero in similpelle - Lunghezza: 80 cm","robots":{"index":"index","follow":"follow","max-snippet":"max-snippet:-1","max-image-preview":"max-image-preview:large","max-video-preview":"max-video-preview:-1"},"canonical":"https:\/\/repliquemangacine.fr\/it\/katana-demon-slayer-metal\/le-spade-gemelle-di-tengen\/","og_locale":"it_IT","og_type":"article","og_title":"Ep\u00e9es jumelle de Tengen - Vente de Katana Demon Slayer - RMC","og_description":"Offrez-lui ! Les deux Ep\u00e9es jumelle de Tengen dans Demon Slayer au meilleur prix - Lames en acier d\u00e9cor\u00e9e - Fourreau simili - Longueur : 80 cm","og_url":"https:\/\/repliquemangacine.fr\/it\/katana-demon-slayer-metal\/le-spade-gemelle-di-tengen\/","og_site_name":"R\u00e9plique Manga Cin\u00e9","article_publisher":"https:\/\/www.facebook.com\/RepliqueMangaCine","article_modified_time":"2026-02-22T22:09:26+00:00","og_image":[{"width":500,"height":500,"url":"https:\/\/repliquemangacine.fr\/wp-content\/uploads\/2023\/10\/Epee-jumelle-Tengen.jpg","type":"image\/jpeg"}],"twitter_card":"summary_large_image","twitter_misc":{"Tempo di lettura stimato":"3 minuti"},"schema":{"@context":"https:\/\/schema.org","@graph":[{"@type":"WebPage","@id":"https:\/\/repliquemangacine.fr\/katana-demon-slayer-metal\/epees-jumelle-de-tengen\/","url":"https:\/\/repliquemangacine.fr\/katana-demon-slayer-metal\/epees-jumelle-de-tengen\/","name":"Spade gemelle di Tengen - Vendita Katana Demon Slayer - RMC","isPartOf":{"@id":"https:\/\/repliquemangacine.fr\/#website"},"primaryImageOfPage":{"@id":"https:\/\/repliquemangacine.fr\/katana-demon-slayer-metal\/epees-jumelle-de-tengen\/#primaryimage"},"image":{"@id":"https:\/\/repliquemangacine.fr\/katana-demon-slayer-metal\/epees-jumelle-de-tengen\/#primaryimage"},"thumbnailUrl":"https:\/\/repliquemangacine.fr\/wp-content\/uploads\/2023\/10\/Epee-jumelle-Tengen.jpg","datePublished":"2023-05-04T07:35:31+00:00","dateModified":"2026-02-22T22:09:26+00:00","description":"Regalategliela! Le spade gemelle di Tengen in Demon Slayer al miglior prezzo - Lame in acciaio decorate - Fodero in similpelle - Lunghezza: 80 cm","breadcrumb":{"@id":"https:\/\/repliquemangacine.fr\/katana-demon-slayer-metal\/epees-jumelle-de-tengen\/#breadcrumb"},"inLanguage":"it-IT","potentialAction":[{"@type":"ReadAction","target":["https:\/\/repliquemangacine.fr\/katana-demon-slayer-metal\/epees-jumelle-de-tengen\/"]}]},{"@type":"ImageObject","inLanguage":"it-IT","@id":"https:\/\/repliquemangacine.fr\/katana-demon-slayer-metal\/epees-jumelle-de-tengen\/#primaryimage","url":"https:\/\/repliquemangacine.fr\/wp-content\/uploads\/2023\/10\/Epee-jumelle-Tengen.jpg","contentUrl":"https:\/\/repliquemangacine.fr\/wp-content\/uploads\/2023\/10\/Epee-jumelle-Tengen.jpg","width":500,"height":500,"caption":"Ep\u00e9es-jumelle de Tengen Demon Slayer"},{"@type":"BreadcrumbList","@id":"https:\/\/repliquemangacine.fr\/katana-demon-slayer-metal\/epees-jumelle-de-tengen\/#breadcrumb","itemListElement":[{"@type":"ListItem","position":1,"name":"Accueil","item":"https:\/\/repliquemangacine.fr\/"},{"@type":"ListItem","position":2,"name":"Produits","item":"https:\/\/repliquemangacine.fr\/boutique\/"},{"@type":"ListItem","position":3,"name":"Ep\u00e9es jumelle de Tengen"}]},{"@type":"WebSite","@id":"https:\/\/repliquemangacine.fr\/#website","url":"https:\/\/repliquemangacine.fr\/","name":"R\u00e9plique Manga Cin\u00e9","description":"","publisher":{"@id":"https:\/\/repliquemangacine.fr\/#organization"},"potentialAction":[{"@type":"SearchAction","target":{"@type":"EntryPoint","urlTemplate":"https:\/\/repliquemangacine.fr\/?s={search_term_string}"},"query-input":{"@type":"PropertyValueSpecification","valueRequired":true,"valueName":"search_term_string"}}],"inLanguage":"it-IT"},{"@type":"Organization","@id":"https:\/\/repliquemangacine.fr\/#organization","name":"R\u00e9plique Manga Cin\u00e9","url":"https:\/\/repliquemangacine.fr\/","logo":{"@type":"ImageObject","inLanguage":"it-IT","@id":"https:\/\/repliquemangacine.fr\/#\/schema\/logo\/image\/","url":"https:\/\/repliquemangacine.fr\/wp-content\/uploads\/2023\/10\/RMC-500250.png","contentUrl":"https:\/\/repliquemangacine.fr\/wp-content\/uploads\/2023\/10\/RMC-500250.png","width":500,"height":250,"caption":"R\u00e9plique Manga Cin\u00e9"},"image":{"@id":"https:\/\/repliquemangacine.fr\/#\/schema\/logo\/image\/"},"sameAs":["https:\/\/www.facebook.com\/RepliqueMangaCine","https:\/\/www.instagram.com\/repliquemangacine.fr\/"]}]}},"_links":{"self":[{"href":"https:\/\/repliquemangacine.fr\/it\/wp-json\/wp\/v2\/product\/59984","targetHints":{"allow":["GET"]}}],"collection":[{"href":"https:\/\/repliquemangacine.fr\/it\/wp-json\/wp\/v2\/product"}],"about":[{"href":"https:\/\/repliquemangacine.fr\/it\/wp-json\/wp\/v2\/types\/product"}],"wp:featuredmedia":[{"embeddable":true,"href":"https:\/\/repliquemangacine.fr\/it\/wp-json\/wp\/v2\/media\/59985"}],"wp:attachment":[{"href":"https:\/\/repliquemangacine.fr\/it\/wp-json\/wp\/v2\/media?parent=59984"}],"wp:term":[{"taxonomy":"product_brand","embeddable":true,"href":"https:\/\/repliquemangacine.fr\/it\/wp-json\/wp\/v2\/product_brand?post=59984"},{"taxonomy":"product_cat","embeddable":true,"href":"https:\/\/repliquemangacine.fr\/it\/wp-json\/wp\/v2\/product_cat?post=59984"},{"taxonomy":"product_tag","embeddable":true,"href":"https:\/\/repliquemangacine.fr\/it\/wp-json\/wp\/v2\/product_tag?post=59984"}],"curies":[{"name":"wp","href":"https:\/\/api.w.org\/{rel}","templated":true}]}}