





{"id":59089,"date":"2023-03-06T16:42:34","date_gmt":"2023-03-06T15:42:34","guid":{"rendered":"https:\/\/repliquemangacine.fr\/?post_type=product&#038;p=59089"},"modified":"2026-04-15T10:32:14","modified_gmt":"2026-04-15T08:32:14","slug":"confezione-blister-208-primer-kolser","status":"publish","type":"product","link":"https:\/\/repliquemangacine.fr\/it\/holster-accessoires-western\/blister-208-amorces-kolser\/","title":{"rendered":"Blister 208 primer Kolser"},"content":{"rendered":"<h2>Blister 208 primer Kolser<\/h2>\n<p>Per cominciare, il <strong>Blister di 208 primer Kolser<\/strong> \u00e8 riservato esclusivamente a proiettili e armi <a href=\"https:\/\/kolser.com\/fr\/\" target=\"_blank\" rel=\"noopener noreferrer\">Kolser<\/a>.<\/p>\n<p>Per le vostre rievocazioni, film o spettacoli western, cercate armi innocue che diano l'illusione di sparare davvero. I suoi inneschi sono progettati per darvi ci\u00f2 che desiderate.<\/p>\n<p>Kolser ha sviluppato proiettili con un piccolo perno che pu\u00f2 essere dotato di un innesco. Una volta inserito l'innesco, il cane della pistola o del fucile scatta sull'innesco e il proiettile esplode come se fosse vero.<\/p>\n<p>L'illusione di uno sparo reale \u00e8 sorprendente: i vostri spettatori non vedranno altro che fuoco!<\/p>\n<h2>Il tuo Blister 208 Kolser Primers al miglior prezzo.<\/h2>\n<p>Offriamo un'ampia gamma di riproduzioni di puledri Kolser e winchester.<\/p>\n<p>Innanzitutto,<\/p>\n<ul>\n<li>Le <a href=\"https:\/\/repliquemangacine.fr\/it\/pistola-kolser\/colt-45-lucidato-4-75-pollici-1873-caso-kolser\/\">colt peacemaker 1873<\/a> Kolser calibro 45 lucidato a mano.<\/li>\n<li>C'\u00e8 anche il fucile <a href=\"https:\/\/repliquemangacine.fr\/it\/pistola-kolser\/winchester-laiton-98cm-kolser\/\">winchester Kolser 98cm<\/a> ottone con espulsione della balla<\/li>\n<li>Cos\u00ec come il <a href=\"https:\/\/repliquemangacine.fr\/it\/revolver-per-colts\/peacemaker-kolser-5-5-snake\/\">colt 45<\/a> con impugnatura intercambiabile e incisione del serpente<\/li>\n<li>E molti altri da scoprire nel nostro negozio online!<\/li>\n<\/ul>\n<p>Ecco perch\u00e9 abbiamo pensato ad alcune idee regalo per tutti gli appassionati di western.<\/p>\n<p>In conclusione, potete utilizzare questo blister di 208 inneschi Kolser per le vostre rappresentazioni e spettacoli western. Ma soprattutto, queste repliche di armi sono oggetti da collezione e decorativi.<\/p>\n<h2>Pistole replica Kolser a buon mercato<\/h2>\n<p>Offriamo un'ampia gamma di repliche di pistole western Kolser. Tutte queste riproduzioni sono progettate per dare l'illusione di sparare realmente, come :<\/p>\n<ul>\n<li>La <a href=\"https:\/\/repliquemangacine.fr\/it\/pistola-kolser\/mares-leg-55cm-grey-kolser\/\">Gamba della cavalla<\/a> di Joss Randall nella serie \"In nome della legge\" con espulsione dei proiettili.<\/li>\n<li>Ci sono anche <a href=\"https:\/\/repliquemangacine.fr\/it\/pistola-kolser\/colt-45-custodia-in-ottone-1873-kolser\/\">Colture Peacemaker<\/a> con diverse lunghezze di canna.<\/li>\n<li>I fucili Winchester sono disponibili anche con diverse lunghezze di canna e di espulsione dei proiettili.<\/li>\n<li>E molti altri da scoprire nel nostro negozio online!<\/li>\n<\/ul>\n<p>Tutte le sue repliche vengono fornite in una scatola con proiettili finti.<\/p>\n<p>R\u00e9plique Manga Cin\u00e9 \u00e8 un'azienda familiare francese.<\/p>","protected":false},"excerpt":{"rendered":"<p>Blister di 208 inneschi per proiettili Kolser<\/p>\n<ul>\n<li>Solo per armi e proiettili Kolser<\/li>\n<li>Tagliare gli inneschi tra loro e inserirli nelle sfere Kolser.<\/li>\n<li>La vostra pistola Kolser sparer\u00e0 come una pistola vera.<\/li>\n<\/ul>","protected":false},"featured_media":59090,"template":"","meta":[],"product_brand":[896],"product_cat":[51,100,90,27],"product_tag":[],"class_list":{"0":"post-59089","1":"product","2":"type-product","3":"status-publish","4":"has-post-thumbnail","6":"product_brand-replique-manga-cine","7":"product_cat-accessoires-western","8":"product_cat-arme-kolser","9":"product_cat-holster-accessoires-western","10":"product_cat-armes-et-accessoires-western","12":"first","13":"instock","14":"taxable","15":"shipping-taxable","16":"purchasable","17":"product-type-simple"},"yoast_head":"<!-- This site is optimized with the Yoast SEO plugin v27.4 - https:\/\/yoast.com\/product\/yoast-seo-wordpress\/ -->\n<title>Blister 208 Amorces Kolser - R\u00e9plique Manga Cin\u00e9<\/title>\n<meta name=\"description\" content=\"Commandez vite ! Votre Blister de 208 amorces Kolser au meilleur prix. R\u00e9server uniquement pour les balles Kolser - Diam\u00e8tre 5mm - Envoi 24\/48h\" \/>\n<meta name=\"robots\" content=\"index, follow, max-snippet:-1, max-image-preview:large, max-video-preview:-1\" \/>\n<link rel=\"canonical\" href=\"https:\/\/repliquemangacine.fr\/it\/pistola-kolser\/confezione-blister-208-primer-kolser\/\" \/>\n<meta property=\"og:locale\" content=\"it_IT\" \/>\n<meta property=\"og:type\" content=\"article\" \/>\n<meta property=\"og:title\" content=\"Blister 208 Amorces Kolser - R\u00e9plique Manga Cin\u00e9\" \/>\n<meta property=\"og:description\" content=\"Commandez vite ! Votre Blister de 208 amorces Kolser au meilleur prix. R\u00e9server uniquement pour les balles Kolser - Diam\u00e8tre 5mm - Envoi 24\/48h\" \/>\n<meta property=\"og:url\" content=\"https:\/\/repliquemangacine.fr\/it\/pistola-kolser\/confezione-blister-208-primer-kolser\/\" \/>\n<meta property=\"og:site_name\" content=\"R\u00e9plique Manga Cin\u00e9\" \/>\n<meta property=\"article:publisher\" content=\"https:\/\/www.facebook.com\/RepliqueMangaCine\" \/>\n<meta property=\"article:modified_time\" content=\"2026-04-15T08:32:14+00:00\" \/>\n<meta property=\"og:image\" content=\"https:\/\/repliquemangacine.fr\/wp-content\/uploads\/2023\/10\/petard-balles-kolser.jpg\" \/>\n\t<meta property=\"og:image:width\" content=\"500\" \/>\n\t<meta property=\"og:image:height\" content=\"500\" \/>\n\t<meta property=\"og:image:type\" content=\"image\/jpeg\" \/>\n<meta name=\"twitter:card\" content=\"summary_large_image\" \/>\n<meta name=\"twitter:label1\" content=\"Tempo di lettura stimato\" \/>\n\t<meta name=\"twitter:data1\" content=\"2 minuti\" \/>\n<script type=\"application\/ld+json\" class=\"yoast-schema-graph\">{\"@context\":\"https:\\\/\\\/schema.org\",\"@graph\":[{\"@type\":\"WebPage\",\"@id\":\"https:\\\/\\\/repliquemangacine.fr\\\/arme-kolser\\\/blister-208-amorces-kolser\\\/\",\"url\":\"https:\\\/\\\/repliquemangacine.fr\\\/arme-kolser\\\/blister-208-amorces-kolser\\\/\",\"name\":\"Blister 208 Amorces Kolser - R\u00e9plique Manga Cin\u00e9\",\"isPartOf\":{\"@id\":\"https:\\\/\\\/repliquemangacine.fr\\\/#website\"},\"primaryImageOfPage\":{\"@id\":\"https:\\\/\\\/repliquemangacine.fr\\\/arme-kolser\\\/blister-208-amorces-kolser\\\/#primaryimage\"},\"image\":{\"@id\":\"https:\\\/\\\/repliquemangacine.fr\\\/arme-kolser\\\/blister-208-amorces-kolser\\\/#primaryimage\"},\"thumbnailUrl\":\"https:\\\/\\\/repliquemangacine.fr\\\/wp-content\\\/uploads\\\/2023\\\/10\\\/petard-balles-kolser.jpg\",\"datePublished\":\"2023-03-06T15:42:34+00:00\",\"dateModified\":\"2026-04-15T08:32:14+00:00\",\"description\":\"Commandez vite ! Votre Blister de 208 amorces Kolser au meilleur prix. R\u00e9server uniquement pour les balles Kolser - Diam\u00e8tre 5mm - Envoi 24\\\/48h\",\"breadcrumb\":{\"@id\":\"https:\\\/\\\/repliquemangacine.fr\\\/arme-kolser\\\/blister-208-amorces-kolser\\\/#breadcrumb\"},\"inLanguage\":\"it-IT\",\"potentialAction\":[{\"@type\":\"ReadAction\",\"target\":[\"https:\\\/\\\/repliquemangacine.fr\\\/arme-kolser\\\/blister-208-amorces-kolser\\\/\"]}]},{\"@type\":\"ImageObject\",\"inLanguage\":\"it-IT\",\"@id\":\"https:\\\/\\\/repliquemangacine.fr\\\/arme-kolser\\\/blister-208-amorces-kolser\\\/#primaryimage\",\"url\":\"https:\\\/\\\/repliquemangacine.fr\\\/wp-content\\\/uploads\\\/2023\\\/10\\\/petard-balles-kolser.jpg\",\"contentUrl\":\"https:\\\/\\\/repliquemangacine.fr\\\/wp-content\\\/uploads\\\/2023\\\/10\\\/petard-balles-kolser.jpg\",\"width\":500,\"height\":500,\"caption\":\"Blister 208 Amorces Kolser\"},{\"@type\":\"BreadcrumbList\",\"@id\":\"https:\\\/\\\/repliquemangacine.fr\\\/arme-kolser\\\/blister-208-amorces-kolser\\\/#breadcrumb\",\"itemListElement\":[{\"@type\":\"ListItem\",\"position\":1,\"name\":\"Accueil\",\"item\":\"https:\\\/\\\/repliquemangacine.fr\\\/\"},{\"@type\":\"ListItem\",\"position\":2,\"name\":\"Produits\",\"item\":\"https:\\\/\\\/repliquemangacine.fr\\\/boutique\\\/\"},{\"@type\":\"ListItem\",\"position\":3,\"name\":\"Blister 208 Amorces Kolser\"}]},{\"@type\":\"WebSite\",\"@id\":\"https:\\\/\\\/repliquemangacine.fr\\\/#website\",\"url\":\"https:\\\/\\\/repliquemangacine.fr\\\/\",\"name\":\"R\u00e9plique Manga Cin\u00e9\",\"description\":\"\",\"publisher\":{\"@id\":\"https:\\\/\\\/repliquemangacine.fr\\\/#organization\"},\"potentialAction\":[{\"@type\":\"SearchAction\",\"target\":{\"@type\":\"EntryPoint\",\"urlTemplate\":\"https:\\\/\\\/repliquemangacine.fr\\\/?s={search_term_string}\"},\"query-input\":{\"@type\":\"PropertyValueSpecification\",\"valueRequired\":true,\"valueName\":\"search_term_string\"}}],\"inLanguage\":\"it-IT\"},{\"@type\":\"Organization\",\"@id\":\"https:\\\/\\\/repliquemangacine.fr\\\/#organization\",\"name\":\"R\u00e9plique Manga Cin\u00e9\",\"url\":\"https:\\\/\\\/repliquemangacine.fr\\\/\",\"logo\":{\"@type\":\"ImageObject\",\"inLanguage\":\"it-IT\",\"@id\":\"https:\\\/\\\/repliquemangacine.fr\\\/#\\\/schema\\\/logo\\\/image\\\/\",\"url\":\"https:\\\/\\\/repliquemangacine.fr\\\/wp-content\\\/uploads\\\/2023\\\/10\\\/RMC-500250.png\",\"contentUrl\":\"https:\\\/\\\/repliquemangacine.fr\\\/wp-content\\\/uploads\\\/2023\\\/10\\\/RMC-500250.png\",\"width\":500,\"height\":250,\"caption\":\"R\u00e9plique Manga Cin\u00e9\"},\"image\":{\"@id\":\"https:\\\/\\\/repliquemangacine.fr\\\/#\\\/schema\\\/logo\\\/image\\\/\"},\"sameAs\":[\"https:\\\/\\\/www.facebook.com\\\/RepliqueMangaCine\",\"https:\\\/\\\/www.instagram.com\\\/repliquemangacine.fr\\\/\"]}]}<\/script>\n<!-- \/ Yoast SEO plugin. -->","yoast_head_json":{"title":"Blister 208 primer Kolser - R\u00e9plique Manga Cin\u00e9","description":"Ordinate ora! Il vostro blister di 208 inneschi Kolser al miglior prezzo. Libro solo per proiettili Kolser - Diametro 5mm - Spedizione 24\/48h","robots":{"index":"index","follow":"follow","max-snippet":"max-snippet:-1","max-image-preview":"max-image-preview:large","max-video-preview":"max-video-preview:-1"},"canonical":"https:\/\/repliquemangacine.fr\/it\/pistola-kolser\/confezione-blister-208-primer-kolser\/","og_locale":"it_IT","og_type":"article","og_title":"Blister 208 Amorces Kolser - R\u00e9plique Manga Cin\u00e9","og_description":"Commandez vite ! Votre Blister de 208 amorces Kolser au meilleur prix. R\u00e9server uniquement pour les balles Kolser - Diam\u00e8tre 5mm - Envoi 24\/48h","og_url":"https:\/\/repliquemangacine.fr\/it\/pistola-kolser\/confezione-blister-208-primer-kolser\/","og_site_name":"R\u00e9plique Manga Cin\u00e9","article_publisher":"https:\/\/www.facebook.com\/RepliqueMangaCine","article_modified_time":"2026-04-15T08:32:14+00:00","og_image":[{"width":500,"height":500,"url":"https:\/\/repliquemangacine.fr\/wp-content\/uploads\/2023\/10\/petard-balles-kolser.jpg","type":"image\/jpeg"}],"twitter_card":"summary_large_image","twitter_misc":{"Tempo di lettura stimato":"2 minuti"},"schema":{"@context":"https:\/\/schema.org","@graph":[{"@type":"WebPage","@id":"https:\/\/repliquemangacine.fr\/arme-kolser\/blister-208-amorces-kolser\/","url":"https:\/\/repliquemangacine.fr\/arme-kolser\/blister-208-amorces-kolser\/","name":"Blister 208 primer Kolser - R\u00e9plique Manga Cin\u00e9","isPartOf":{"@id":"https:\/\/repliquemangacine.fr\/#website"},"primaryImageOfPage":{"@id":"https:\/\/repliquemangacine.fr\/arme-kolser\/blister-208-amorces-kolser\/#primaryimage"},"image":{"@id":"https:\/\/repliquemangacine.fr\/arme-kolser\/blister-208-amorces-kolser\/#primaryimage"},"thumbnailUrl":"https:\/\/repliquemangacine.fr\/wp-content\/uploads\/2023\/10\/petard-balles-kolser.jpg","datePublished":"2023-03-06T15:42:34+00:00","dateModified":"2026-04-15T08:32:14+00:00","description":"Ordinate ora! Il vostro blister di 208 inneschi Kolser al miglior prezzo. Libro solo per proiettili Kolser - Diametro 5mm - Spedizione 24\/48h","breadcrumb":{"@id":"https:\/\/repliquemangacine.fr\/arme-kolser\/blister-208-amorces-kolser\/#breadcrumb"},"inLanguage":"it-IT","potentialAction":[{"@type":"ReadAction","target":["https:\/\/repliquemangacine.fr\/arme-kolser\/blister-208-amorces-kolser\/"]}]},{"@type":"ImageObject","inLanguage":"it-IT","@id":"https:\/\/repliquemangacine.fr\/arme-kolser\/blister-208-amorces-kolser\/#primaryimage","url":"https:\/\/repliquemangacine.fr\/wp-content\/uploads\/2023\/10\/petard-balles-kolser.jpg","contentUrl":"https:\/\/repliquemangacine.fr\/wp-content\/uploads\/2023\/10\/petard-balles-kolser.jpg","width":500,"height":500,"caption":"Blister 208 Amorces Kolser"},{"@type":"BreadcrumbList","@id":"https:\/\/repliquemangacine.fr\/arme-kolser\/blister-208-amorces-kolser\/#breadcrumb","itemListElement":[{"@type":"ListItem","position":1,"name":"Accueil","item":"https:\/\/repliquemangacine.fr\/"},{"@type":"ListItem","position":2,"name":"Produits","item":"https:\/\/repliquemangacine.fr\/boutique\/"},{"@type":"ListItem","position":3,"name":"Blister 208 Amorces Kolser"}]},{"@type":"WebSite","@id":"https:\/\/repliquemangacine.fr\/#website","url":"https:\/\/repliquemangacine.fr\/","name":"R\u00e9plique Manga Cin\u00e9","description":"","publisher":{"@id":"https:\/\/repliquemangacine.fr\/#organization"},"potentialAction":[{"@type":"SearchAction","target":{"@type":"EntryPoint","urlTemplate":"https:\/\/repliquemangacine.fr\/?s={search_term_string}"},"query-input":{"@type":"PropertyValueSpecification","valueRequired":true,"valueName":"search_term_string"}}],"inLanguage":"it-IT"},{"@type":"Organization","@id":"https:\/\/repliquemangacine.fr\/#organization","name":"R\u00e9plique Manga Cin\u00e9","url":"https:\/\/repliquemangacine.fr\/","logo":{"@type":"ImageObject","inLanguage":"it-IT","@id":"https:\/\/repliquemangacine.fr\/#\/schema\/logo\/image\/","url":"https:\/\/repliquemangacine.fr\/wp-content\/uploads\/2023\/10\/RMC-500250.png","contentUrl":"https:\/\/repliquemangacine.fr\/wp-content\/uploads\/2023\/10\/RMC-500250.png","width":500,"height":250,"caption":"R\u00e9plique Manga Cin\u00e9"},"image":{"@id":"https:\/\/repliquemangacine.fr\/#\/schema\/logo\/image\/"},"sameAs":["https:\/\/www.facebook.com\/RepliqueMangaCine","https:\/\/www.instagram.com\/repliquemangacine.fr\/"]}]}},"_links":{"self":[{"href":"https:\/\/repliquemangacine.fr\/it\/wp-json\/wp\/v2\/product\/59089","targetHints":{"allow":["GET"]}}],"collection":[{"href":"https:\/\/repliquemangacine.fr\/it\/wp-json\/wp\/v2\/product"}],"about":[{"href":"https:\/\/repliquemangacine.fr\/it\/wp-json\/wp\/v2\/types\/product"}],"wp:featuredmedia":[{"embeddable":true,"href":"https:\/\/repliquemangacine.fr\/it\/wp-json\/wp\/v2\/media\/59090"}],"wp:attachment":[{"href":"https:\/\/repliquemangacine.fr\/it\/wp-json\/wp\/v2\/media?parent=59089"}],"wp:term":[{"taxonomy":"product_brand","embeddable":true,"href":"https:\/\/repliquemangacine.fr\/it\/wp-json\/wp\/v2\/product_brand?post=59089"},{"taxonomy":"product_cat","embeddable":true,"href":"https:\/\/repliquemangacine.fr\/it\/wp-json\/wp\/v2\/product_cat?post=59089"},{"taxonomy":"product_tag","embeddable":true,"href":"https:\/\/repliquemangacine.fr\/it\/wp-json\/wp\/v2\/product_tag?post=59089"}],"curies":[{"name":"wp","href":"https:\/\/api.w.org\/{rel}","templated":true}]}}