





{"id":59011,"date":"2023-03-03T14:52:30","date_gmt":"2023-03-03T13:52:30","guid":{"rendered":"https:\/\/repliquemangacine.fr\/?post_type=product&#038;p=59011"},"modified":"2026-02-05T10:18:41","modified_gmt":"2026-02-05T09:18:41","slug":"supporto-a-parete-per-colt","status":"publish","type":"product","link":"https:\/\/repliquemangacine.fr\/it\/accessoires-western\/support-mural-pour-colt\/","title":{"rendered":"Colt a parete"},"content":{"rendered":"<h2>Supporto a parete per Colt e Carabina<\/h2>\n<p>Per cominciare, questo <strong>Colt a parete<\/strong> e winchester \u00e8 interamente in acciaio con profondit\u00e0 regolabile.<\/p>\n<p>Questo piccolo utensile \u00e8 essenziale per esporre le armi da collezione. <a href=\"https:\/\/www.denix.fr\/fr\/\" target=\"_blank\" rel=\"noopener noreferrer\">Denix<\/a>. Con questo supporto a forma di proiettile, potrete mostrare al meglio la vostra Winchester Colt o il vostro fucile. Facile da montare, basta praticare due fori con i tasselli e avvitarli, tutto qui.<\/p>\n<p>Denix \u00e8 un'azienda spagnola leader nel settore delle riproduzioni di armi da fuoco da oltre 50 anni. Si tratta principalmente di un'azienda esportatrice, che opera in pi\u00f9 di 40 paesi attraverso una solida rete di distributori ufficiali.<\/p>\n<h2>Il vostro supporto da parete Colt al miglior prezzo.<\/h2>\n<p>Offriamo un'ampia gamma di repliche Denix e Kolser dove \u00e8 possibile utilizzare questo supporto.<\/p>\n<p>Innanzitutto,<\/p>\n<ul>\n<li>Le <a href=\"https:\/\/repliquemangacine.fr\/it\/pistola-colt\/revolver-peacemaker-5-pollici-grigio-1873-calibro-45\/\">colt peacemaker 1873<\/a> Calibro 45, canna da 5 pollici e mezzo<\/li>\n<li>C'\u00e8 anche il <a href=\"https:\/\/repliquemangacine.fr\/it\/replica-western-winchester\/fucile-winchester-john-wayne-modello-1892\/?highlight=1069\">Fucile Winchester John Wayne<\/a> con la sua grande leva sotto protezione.<\/li>\n<li>Cos\u00ec come il <a href=\"https:\/\/repliquemangacine.fr\/it\/pistola-kolser\/colt-45-lucidato-4-75-pollici-1873-caso-kolser\/\">colt le Frontier<\/a> calibro 45 kolser, lucidato a mano.<\/li>\n<li>E molti altri da scoprire nel nostro negozio online.<\/li>\n<\/ul>\n<p>Ecco perch\u00e9 abbiamo pensato ad alcune idee regalo per tutti gli appassionati di western.<\/p>\n<p>In conclusione, \u00e8 possibile utilizzare questo <strong>Colt a parete<\/strong> per appendere le armi kolser o Denix replica.<\/p>\n<h2>Scoprite i nostri ultimi prodotti Denix a basso costo.<\/h2>\n<p>Sempre all'avanguardia nell'innovazione e sempre pronti ad ascoltare le vostre richieste, siamo lieti di offrirvi una selezione di prodotti Denix.<\/p>\n<p>Cominciamo con le fruste western interamente in pelle. Vengono presentati due modelli, uno lungo 150 cm e l'altro 200 cm. Poi c'\u00e8 la superba riproduzione della Wells Fargo Colt 1849 Pocket con simulazione di caricamento e sparo. In un futuro molto prossimo, vi offriremo i winchester con espulsione del proiettile realizzati da Denix. Queste riproduzioni di armi sono attualmente in fase di produzione e Denix vuole fare il botto con questo nuovo prodotto.<\/p>\n<p>R\u00e9plique Manga Cin\u00e9 \u00e8 un'azienda familiare francese e distributore ufficiale del marchio Denix.<\/p>","protected":false},"excerpt":{"rendered":"<p>Set di due pezzi a forma di proiettile per esporre i vostri puledri e i vostri winchester.<\/p>\n<ul>\n<li>Realizzato interamente in metallo.<\/li>\n<li>Profondit\u00e0 regolabile da 2,5 cm a 4,5 cm.<\/li>\n<li>Fissare con due viti (in dotazione).<\/li>\n<li>Altezza della sfera: 4 cm - Larghezza: 1,5 cm.<\/li>\n<\/ul>","protected":false},"featured_media":59012,"template":"","meta":[],"product_brand":[896],"product_cat":[51,27],"product_tag":[],"class_list":{"0":"post-59011","1":"product","2":"type-product","3":"status-publish","4":"has-post-thumbnail","6":"product_brand-replique-manga-cine","7":"product_cat-accessoires-western","8":"product_cat-armes-et-accessoires-western","10":"first","11":"instock","12":"taxable","13":"shipping-taxable","14":"purchasable","15":"product-type-simple"},"yoast_head":"<!-- This site is optimized with the Yoast SEO plugin v27.4 - https:\/\/yoast.com\/product\/yoast-seo-wordpress\/ -->\n<title>Support mural pour colt - Denix - R\u00e9plique Manga Cin\u00e9<\/title>\n<meta name=\"description\" content=\"Commandez ce Support mural colt de la marque Denix au meilleur prix. Tout en acier - Hauteur : 4 cm - Largeur : 1.5cm - Envoi 24\/48h\" \/>\n<meta name=\"robots\" content=\"index, follow, max-snippet:-1, max-image-preview:large, max-video-preview:-1\" \/>\n<link rel=\"canonical\" href=\"https:\/\/repliquemangacine.fr\/it\/accessori-western\/supporto-a-parete-per-colt\/\" \/>\n<meta property=\"og:locale\" content=\"it_IT\" \/>\n<meta property=\"og:type\" content=\"article\" \/>\n<meta property=\"og:title\" content=\"Support mural pour colt - Denix - R\u00e9plique Manga Cin\u00e9\" \/>\n<meta property=\"og:description\" content=\"Commandez ce Support mural colt de la marque Denix au meilleur prix. Tout en acier - Hauteur : 4 cm - Largeur : 1.5cm - Envoi 24\/48h\" \/>\n<meta property=\"og:url\" content=\"https:\/\/repliquemangacine.fr\/it\/accessori-western\/supporto-a-parete-per-colt\/\" \/>\n<meta property=\"og:site_name\" content=\"R\u00e9plique Manga Cin\u00e9\" \/>\n<meta property=\"article:publisher\" content=\"https:\/\/www.facebook.com\/RepliqueMangaCine\" \/>\n<meta property=\"article:modified_time\" content=\"2026-02-05T09:18:41+00:00\" \/>\n<meta property=\"og:image\" content=\"https:\/\/repliquemangacine.fr\/wp-content\/uploads\/2023\/10\/support-balles-denix.jpg\" \/>\n\t<meta property=\"og:image:width\" content=\"500\" \/>\n\t<meta property=\"og:image:height\" content=\"500\" \/>\n\t<meta property=\"og:image:type\" content=\"image\/jpeg\" \/>\n<meta name=\"twitter:card\" content=\"summary_large_image\" \/>\n<meta name=\"twitter:label1\" content=\"Tempo di lettura stimato\" \/>\n\t<meta name=\"twitter:data1\" content=\"3 minuti\" \/>\n<script type=\"application\/ld+json\" class=\"yoast-schema-graph\">{\"@context\":\"https:\\\/\\\/schema.org\",\"@graph\":[{\"@type\":\"WebPage\",\"@id\":\"https:\\\/\\\/repliquemangacine.fr\\\/accessoires-western\\\/support-mural-pour-colt\\\/\",\"url\":\"https:\\\/\\\/repliquemangacine.fr\\\/accessoires-western\\\/support-mural-pour-colt\\\/\",\"name\":\"Support mural pour colt - Denix - R\u00e9plique Manga Cin\u00e9\",\"isPartOf\":{\"@id\":\"https:\\\/\\\/repliquemangacine.fr\\\/#website\"},\"primaryImageOfPage\":{\"@id\":\"https:\\\/\\\/repliquemangacine.fr\\\/accessoires-western\\\/support-mural-pour-colt\\\/#primaryimage\"},\"image\":{\"@id\":\"https:\\\/\\\/repliquemangacine.fr\\\/accessoires-western\\\/support-mural-pour-colt\\\/#primaryimage\"},\"thumbnailUrl\":\"https:\\\/\\\/repliquemangacine.fr\\\/wp-content\\\/uploads\\\/2023\\\/10\\\/support-balles-denix.jpg\",\"datePublished\":\"2023-03-03T13:52:30+00:00\",\"dateModified\":\"2026-02-05T09:18:41+00:00\",\"description\":\"Commandez ce Support mural colt de la marque Denix au meilleur prix. Tout en acier - Hauteur : 4 cm - Largeur : 1.5cm - Envoi 24\\\/48h\",\"breadcrumb\":{\"@id\":\"https:\\\/\\\/repliquemangacine.fr\\\/accessoires-western\\\/support-mural-pour-colt\\\/#breadcrumb\"},\"inLanguage\":\"it-IT\",\"potentialAction\":[{\"@type\":\"ReadAction\",\"target\":[\"https:\\\/\\\/repliquemangacine.fr\\\/accessoires-western\\\/support-mural-pour-colt\\\/\"]}]},{\"@type\":\"ImageObject\",\"inLanguage\":\"it-IT\",\"@id\":\"https:\\\/\\\/repliquemangacine.fr\\\/accessoires-western\\\/support-mural-pour-colt\\\/#primaryimage\",\"url\":\"https:\\\/\\\/repliquemangacine.fr\\\/wp-content\\\/uploads\\\/2023\\\/10\\\/support-balles-denix.jpg\",\"contentUrl\":\"https:\\\/\\\/repliquemangacine.fr\\\/wp-content\\\/uploads\\\/2023\\\/10\\\/support-balles-denix.jpg\",\"width\":500,\"height\":500,\"caption\":\"Support mural pour colt\"},{\"@type\":\"BreadcrumbList\",\"@id\":\"https:\\\/\\\/repliquemangacine.fr\\\/accessoires-western\\\/support-mural-pour-colt\\\/#breadcrumb\",\"itemListElement\":[{\"@type\":\"ListItem\",\"position\":1,\"name\":\"Accueil\",\"item\":\"https:\\\/\\\/repliquemangacine.fr\\\/\"},{\"@type\":\"ListItem\",\"position\":2,\"name\":\"Produits\",\"item\":\"https:\\\/\\\/repliquemangacine.fr\\\/boutique\\\/\"},{\"@type\":\"ListItem\",\"position\":3,\"name\":\"Support mural pour colt\"}]},{\"@type\":\"WebSite\",\"@id\":\"https:\\\/\\\/repliquemangacine.fr\\\/#website\",\"url\":\"https:\\\/\\\/repliquemangacine.fr\\\/\",\"name\":\"R\u00e9plique Manga Cin\u00e9\",\"description\":\"\",\"publisher\":{\"@id\":\"https:\\\/\\\/repliquemangacine.fr\\\/#organization\"},\"potentialAction\":[{\"@type\":\"SearchAction\",\"target\":{\"@type\":\"EntryPoint\",\"urlTemplate\":\"https:\\\/\\\/repliquemangacine.fr\\\/?s={search_term_string}\"},\"query-input\":{\"@type\":\"PropertyValueSpecification\",\"valueRequired\":true,\"valueName\":\"search_term_string\"}}],\"inLanguage\":\"it-IT\"},{\"@type\":\"Organization\",\"@id\":\"https:\\\/\\\/repliquemangacine.fr\\\/#organization\",\"name\":\"R\u00e9plique Manga Cin\u00e9\",\"url\":\"https:\\\/\\\/repliquemangacine.fr\\\/\",\"logo\":{\"@type\":\"ImageObject\",\"inLanguage\":\"it-IT\",\"@id\":\"https:\\\/\\\/repliquemangacine.fr\\\/#\\\/schema\\\/logo\\\/image\\\/\",\"url\":\"https:\\\/\\\/repliquemangacine.fr\\\/wp-content\\\/uploads\\\/2023\\\/10\\\/RMC-500250.png\",\"contentUrl\":\"https:\\\/\\\/repliquemangacine.fr\\\/wp-content\\\/uploads\\\/2023\\\/10\\\/RMC-500250.png\",\"width\":500,\"height\":250,\"caption\":\"R\u00e9plique Manga Cin\u00e9\"},\"image\":{\"@id\":\"https:\\\/\\\/repliquemangacine.fr\\\/#\\\/schema\\\/logo\\\/image\\\/\"},\"sameAs\":[\"https:\\\/\\\/www.facebook.com\\\/RepliqueMangaCine\",\"https:\\\/\\\/www.instagram.com\\\/repliquemangacine.fr\\\/\"]}]}<\/script>\n<!-- \/ Yoast SEO plugin. -->","yoast_head_json":{"title":"Supporto a parete per Colt - Denix - R\u00e9plique Manga Cin\u00e9","description":"Ordina questo supporto da parete Colt da Denix al miglior prezzo. Tutto acciaio - Altezza: 4 cm - Larghezza: 1.5cm - Spedizione 24\/48h","robots":{"index":"index","follow":"follow","max-snippet":"max-snippet:-1","max-image-preview":"max-image-preview:large","max-video-preview":"max-video-preview:-1"},"canonical":"https:\/\/repliquemangacine.fr\/it\/accessori-western\/supporto-a-parete-per-colt\/","og_locale":"it_IT","og_type":"article","og_title":"Support mural pour colt - Denix - R\u00e9plique Manga Cin\u00e9","og_description":"Commandez ce Support mural colt de la marque Denix au meilleur prix. Tout en acier - Hauteur : 4 cm - Largeur : 1.5cm - Envoi 24\/48h","og_url":"https:\/\/repliquemangacine.fr\/it\/accessori-western\/supporto-a-parete-per-colt\/","og_site_name":"R\u00e9plique Manga Cin\u00e9","article_publisher":"https:\/\/www.facebook.com\/RepliqueMangaCine","article_modified_time":"2026-02-05T09:18:41+00:00","og_image":[{"width":500,"height":500,"url":"https:\/\/repliquemangacine.fr\/wp-content\/uploads\/2023\/10\/support-balles-denix.jpg","type":"image\/jpeg"}],"twitter_card":"summary_large_image","twitter_misc":{"Tempo di lettura stimato":"3 minuti"},"schema":{"@context":"https:\/\/schema.org","@graph":[{"@type":"WebPage","@id":"https:\/\/repliquemangacine.fr\/accessoires-western\/support-mural-pour-colt\/","url":"https:\/\/repliquemangacine.fr\/accessoires-western\/support-mural-pour-colt\/","name":"Supporto a parete per Colt - Denix - R\u00e9plique Manga Cin\u00e9","isPartOf":{"@id":"https:\/\/repliquemangacine.fr\/#website"},"primaryImageOfPage":{"@id":"https:\/\/repliquemangacine.fr\/accessoires-western\/support-mural-pour-colt\/#primaryimage"},"image":{"@id":"https:\/\/repliquemangacine.fr\/accessoires-western\/support-mural-pour-colt\/#primaryimage"},"thumbnailUrl":"https:\/\/repliquemangacine.fr\/wp-content\/uploads\/2023\/10\/support-balles-denix.jpg","datePublished":"2023-03-03T13:52:30+00:00","dateModified":"2026-02-05T09:18:41+00:00","description":"Ordina questo supporto da parete Colt da Denix al miglior prezzo. Tutto acciaio - Altezza: 4 cm - Larghezza: 1.5cm - Spedizione 24\/48h","breadcrumb":{"@id":"https:\/\/repliquemangacine.fr\/accessoires-western\/support-mural-pour-colt\/#breadcrumb"},"inLanguage":"it-IT","potentialAction":[{"@type":"ReadAction","target":["https:\/\/repliquemangacine.fr\/accessoires-western\/support-mural-pour-colt\/"]}]},{"@type":"ImageObject","inLanguage":"it-IT","@id":"https:\/\/repliquemangacine.fr\/accessoires-western\/support-mural-pour-colt\/#primaryimage","url":"https:\/\/repliquemangacine.fr\/wp-content\/uploads\/2023\/10\/support-balles-denix.jpg","contentUrl":"https:\/\/repliquemangacine.fr\/wp-content\/uploads\/2023\/10\/support-balles-denix.jpg","width":500,"height":500,"caption":"Support mural pour colt"},{"@type":"BreadcrumbList","@id":"https:\/\/repliquemangacine.fr\/accessoires-western\/support-mural-pour-colt\/#breadcrumb","itemListElement":[{"@type":"ListItem","position":1,"name":"Accueil","item":"https:\/\/repliquemangacine.fr\/"},{"@type":"ListItem","position":2,"name":"Produits","item":"https:\/\/repliquemangacine.fr\/boutique\/"},{"@type":"ListItem","position":3,"name":"Support mural pour colt"}]},{"@type":"WebSite","@id":"https:\/\/repliquemangacine.fr\/#website","url":"https:\/\/repliquemangacine.fr\/","name":"R\u00e9plique Manga Cin\u00e9","description":"","publisher":{"@id":"https:\/\/repliquemangacine.fr\/#organization"},"potentialAction":[{"@type":"SearchAction","target":{"@type":"EntryPoint","urlTemplate":"https:\/\/repliquemangacine.fr\/?s={search_term_string}"},"query-input":{"@type":"PropertyValueSpecification","valueRequired":true,"valueName":"search_term_string"}}],"inLanguage":"it-IT"},{"@type":"Organization","@id":"https:\/\/repliquemangacine.fr\/#organization","name":"R\u00e9plique Manga Cin\u00e9","url":"https:\/\/repliquemangacine.fr\/","logo":{"@type":"ImageObject","inLanguage":"it-IT","@id":"https:\/\/repliquemangacine.fr\/#\/schema\/logo\/image\/","url":"https:\/\/repliquemangacine.fr\/wp-content\/uploads\/2023\/10\/RMC-500250.png","contentUrl":"https:\/\/repliquemangacine.fr\/wp-content\/uploads\/2023\/10\/RMC-500250.png","width":500,"height":250,"caption":"R\u00e9plique Manga Cin\u00e9"},"image":{"@id":"https:\/\/repliquemangacine.fr\/#\/schema\/logo\/image\/"},"sameAs":["https:\/\/www.facebook.com\/RepliqueMangaCine","https:\/\/www.instagram.com\/repliquemangacine.fr\/"]}]}},"_links":{"self":[{"href":"https:\/\/repliquemangacine.fr\/it\/wp-json\/wp\/v2\/product\/59011","targetHints":{"allow":["GET"]}}],"collection":[{"href":"https:\/\/repliquemangacine.fr\/it\/wp-json\/wp\/v2\/product"}],"about":[{"href":"https:\/\/repliquemangacine.fr\/it\/wp-json\/wp\/v2\/types\/product"}],"wp:featuredmedia":[{"embeddable":true,"href":"https:\/\/repliquemangacine.fr\/it\/wp-json\/wp\/v2\/media\/59012"}],"wp:attachment":[{"href":"https:\/\/repliquemangacine.fr\/it\/wp-json\/wp\/v2\/media?parent=59011"}],"wp:term":[{"taxonomy":"product_brand","embeddable":true,"href":"https:\/\/repliquemangacine.fr\/it\/wp-json\/wp\/v2\/product_brand?post=59011"},{"taxonomy":"product_cat","embeddable":true,"href":"https:\/\/repliquemangacine.fr\/it\/wp-json\/wp\/v2\/product_cat?post=59011"},{"taxonomy":"product_tag","embeddable":true,"href":"https:\/\/repliquemangacine.fr\/it\/wp-json\/wp\/v2\/product_tag?post=59011"}],"curies":[{"name":"wp","href":"https:\/\/api.w.org\/{rel}","templated":true}]}}