





{"id":58982,"date":"2023-03-03T11:33:03","date_gmt":"2023-03-03T10:33:03","guid":{"rendered":"https:\/\/repliquemangacine.fr\/?post_type=product&#038;p=58982"},"modified":"2026-02-18T16:05:52","modified_gmt":"2026-02-18T15:05:52","slug":"il-martello-di-thor-in-god-of-war-ragnarok","status":"publish","type":"product","link":"https:\/\/repliquemangacine.fr\/it\/katana-et-epee-de-jeux-video-autre-jeux-video\/marteau-de-thor-dans-god-of-war-ragnarok\/","title":{"rendered":"Martello di God Of War Ragnarok"},"content":{"rendered":"<h2>Il martello di Thor in God Of War Ragnarok<\/h2>\n<p>Per cominciare, la replica non ufficiale del Martello di Thor in God Of War Ragnarok \u00e8 interamente realizzata in fibra di vetro.<\/p>\n<p>God of War: Ragnar\u00f6k si svolge circa tre anni dopo gli eventi che hanno portato alla morte di Baldur. Il Fimbulvetr sta volgendo al termine, ma la situazione \u00e8 particolarmente cupa e incerta per <a href=\"https:\/\/godofwar.fandom.com\/fr\/wiki\/Kratos\" target=\"_blank\" rel=\"noopener noreferrer\">Kratos<\/a> e suo figlio.<\/p>\n<p>Costantemente braccati da una vendicativa Freya, i due protagonisti si preparano come possono al Ragnar\u00f6k, mentre l'ombra di Asgard si fa pi\u00f9 minacciosa che mai.<\/p>\n<h2>Il tuo Martello di Thor in God Of War Ragnarok al miglior prezzo.<\/h2>\n<p>Vi proponiamo un'ampia scelta di repliche dei famosi videogiochi.<\/p>\n<p>Prima di tutto,<\/p>\n<ul>\n<li>Il magnifico <a href=\"https:\/\/repliquemangacine.fr\/it\/katana-e-spada-videogiochi-altri-videogiochi\/ascia-di-kratos-dio-della-guerra\/\">Ascia di Kratos<\/a> con la sua testa d'ascia in acciaio inossidabile fluorescente.<\/li>\n<li>Oltre alla splendida <a href=\"https:\/\/repliquemangacine.fr\/it\/videogiochi-manga-replica\/lame-del-caos-kratos\/\">Lame del Caos<\/a> finemente inciso<\/li>\n<li>Ci sono anche altri videogiochi, come le armi in <a href=\"https:\/\/repliquemangacine.fr\/it\/anello-di-elden\/\">Anello di Elden<\/a><\/li>\n<li>E molto altro ancora da scoprire nel nostro negozio online!<\/li>\n<\/ul>\n<p>Ecco perch\u00e9 \u00e8 un'idea regalo fantastica per tutti gli appassionati di videogiochi.<\/p>\n<p>In conclusione, potete usare il Martello di Thor in God Of War Ragnarok per le vostre sfilate di cosplay. Ma prima di tutto, \u00e8 un oggetto da collezione e da esposizione.<\/p>\n<h2>Scopri le nostre uscite economiche di Assassin's Creed.<\/h2>\n<p>Sempre attenti alle vostre esigenze e richieste, siamo lieti di proporvi alcune piccole chicche che abbiamo trovato per voi.<\/p>\n<p>Iniziamo con :<\/p>\n<ul>\n<li>La <a href=\"https:\/\/repliquemangacine.fr\/it\/assassins-creed-spade-assassins-creed-armi\/jacob-assassain-s-creed-asta-spada-in-metallo\/\">Bastone con spada di Giacobbe<\/a> tutto metallo in Assassin's Creed Syndicate con la sua piccola falce alla fine del bastone, una meraviglia!<\/li>\n<li>Poi c'\u00e8 il <a href=\"https:\/\/repliquemangacine.fr\/it\/assassins-creed-spade-assassins-creed-armi\/assassin-s-creed-odyssey-replica-lancia-spezzata-di-leonida\/\">La lancia spezzata di Leonida<\/a> in Assassin's Creed Odyssey<\/li>\n<li>Oltre a tutte le lame segrete della saga<\/li>\n<\/ul>\n<p>Inoltre, presto avremo alcune statuine di Assassin's Creed che ci avete richiesto, basta solo un po' di pazienza!<\/p>\n<p>R\u00e9plique Manga Cin\u00e9 \u00e8 un'azienda familiare francese.<\/p>","protected":false},"excerpt":{"rendered":"<p>Replica non ufficiale del martello di Thor in God Of War Ragnarok<\/p>\n<ul>\n<li>Realizzato interamente in fibra di vetro.<\/li>\n<li>Finiture invecchiate con doratura<\/li>\n<li>Incisioni di simboli<\/li>\n<li>Dimensioni: 34 X 12 X 47 cm<\/li>\n<\/ul>","protected":false},"featured_media":85344,"template":"","meta":[],"product_brand":[896],"product_cat":[985,67],"product_tag":[],"class_list":{"0":"post-58982","1":"product","2":"type-product","3":"status-publish","4":"has-post-thumbnail","6":"product_brand-replique-manga-cine","7":"product_cat-replique-god-of-war","8":"product_cat-katana-et-epee-de-jeux-video-autre-jeux-video","10":"first","11":"instock","12":"taxable","13":"shipping-taxable","14":"purchasable","15":"product-type-simple"},"yoast_head":"<!-- This site is optimized with the Yoast SEO plugin v27.4 - https:\/\/yoast.com\/product\/yoast-seo-wordpress\/ -->\n<title>Marteau God Of War Ragnarok - R\u00e9plique Manga Cin\u00e9<\/title>\n<meta name=\"description\" content=\"En exclusivit\u00e9 ! Le Marteau de Thor dans God Of War Ragnarok au meilleur prix. Tout en fibre de verre - Hauteur 47cm - Poids : 2145grs - Envoi 24\/48h\" \/>\n<meta name=\"robots\" content=\"index, follow, max-snippet:-1, max-image-preview:large, max-video-preview:-1\" \/>\n<link rel=\"canonical\" href=\"https:\/\/repliquemangacine.fr\/it\/katana-e-spada-videogiochi-altri-videogiochi\/il-martello-di-thor-in-god-of-war-ragnarok\/\" \/>\n<meta property=\"og:locale\" content=\"it_IT\" \/>\n<meta property=\"og:type\" content=\"article\" \/>\n<meta property=\"og:title\" content=\"Marteau God Of War Ragnarok - R\u00e9plique Manga Cin\u00e9\" \/>\n<meta property=\"og:description\" content=\"En exclusivit\u00e9 ! Le Marteau de Thor dans God Of War Ragnarok au meilleur prix. Tout en fibre de verre - Hauteur 47cm - Poids : 2145grs - Envoi 24\/48h\" \/>\n<meta property=\"og:url\" content=\"https:\/\/repliquemangacine.fr\/it\/katana-e-spada-videogiochi-altri-videogiochi\/il-martello-di-thor-in-god-of-war-ragnarok\/\" \/>\n<meta property=\"og:site_name\" content=\"R\u00e9plique Manga Cin\u00e9\" \/>\n<meta property=\"article:publisher\" content=\"https:\/\/www.facebook.com\/RepliqueMangaCine\" \/>\n<meta property=\"article:modified_time\" content=\"2026-02-18T15:05:52+00:00\" \/>\n<meta property=\"og:image\" content=\"https:\/\/repliquemangacine.fr\/wp-content\/uploads\/2023\/03\/Marteau-Thor-God-Of-War.jpg\" \/>\n\t<meta property=\"og:image:width\" content=\"800\" \/>\n\t<meta property=\"og:image:height\" content=\"800\" \/>\n\t<meta property=\"og:image:type\" content=\"image\/jpeg\" \/>\n<meta name=\"twitter:card\" content=\"summary_large_image\" \/>\n<meta name=\"twitter:label1\" content=\"Tempo di lettura stimato\" \/>\n\t<meta name=\"twitter:data1\" content=\"2 minuti\" \/>\n<script type=\"application\/ld+json\" class=\"yoast-schema-graph\">{\"@context\":\"https:\\\/\\\/schema.org\",\"@graph\":[{\"@type\":\"WebPage\",\"@id\":\"https:\\\/\\\/repliquemangacine.fr\\\/katana-et-epee-de-jeux-video-autre-jeux-video\\\/marteau-de-thor-dans-god-of-war-ragnarok\\\/\",\"url\":\"https:\\\/\\\/repliquemangacine.fr\\\/katana-et-epee-de-jeux-video-autre-jeux-video\\\/marteau-de-thor-dans-god-of-war-ragnarok\\\/\",\"name\":\"Marteau God Of War Ragnarok - R\u00e9plique Manga Cin\u00e9\",\"isPartOf\":{\"@id\":\"https:\\\/\\\/repliquemangacine.fr\\\/#website\"},\"primaryImageOfPage\":{\"@id\":\"https:\\\/\\\/repliquemangacine.fr\\\/katana-et-epee-de-jeux-video-autre-jeux-video\\\/marteau-de-thor-dans-god-of-war-ragnarok\\\/#primaryimage\"},\"image\":{\"@id\":\"https:\\\/\\\/repliquemangacine.fr\\\/katana-et-epee-de-jeux-video-autre-jeux-video\\\/marteau-de-thor-dans-god-of-war-ragnarok\\\/#primaryimage\"},\"thumbnailUrl\":\"https:\\\/\\\/repliquemangacine.fr\\\/wp-content\\\/uploads\\\/2023\\\/03\\\/Marteau-Thor-God-Of-War.jpg\",\"datePublished\":\"2023-03-03T10:33:03+00:00\",\"dateModified\":\"2026-02-18T15:05:52+00:00\",\"description\":\"En exclusivit\u00e9 ! Le Marteau de Thor dans God Of War Ragnarok au meilleur prix. Tout en fibre de verre - Hauteur 47cm - Poids : 2145grs - Envoi 24\\\/48h\",\"breadcrumb\":{\"@id\":\"https:\\\/\\\/repliquemangacine.fr\\\/katana-et-epee-de-jeux-video-autre-jeux-video\\\/marteau-de-thor-dans-god-of-war-ragnarok\\\/#breadcrumb\"},\"inLanguage\":\"it-IT\",\"potentialAction\":[{\"@type\":\"ReadAction\",\"target\":[\"https:\\\/\\\/repliquemangacine.fr\\\/katana-et-epee-de-jeux-video-autre-jeux-video\\\/marteau-de-thor-dans-god-of-war-ragnarok\\\/\"]}]},{\"@type\":\"ImageObject\",\"inLanguage\":\"it-IT\",\"@id\":\"https:\\\/\\\/repliquemangacine.fr\\\/katana-et-epee-de-jeux-video-autre-jeux-video\\\/marteau-de-thor-dans-god-of-war-ragnarok\\\/#primaryimage\",\"url\":\"https:\\\/\\\/repliquemangacine.fr\\\/wp-content\\\/uploads\\\/2023\\\/03\\\/Marteau-Thor-God-Of-War.jpg\",\"contentUrl\":\"https:\\\/\\\/repliquemangacine.fr\\\/wp-content\\\/uploads\\\/2023\\\/03\\\/Marteau-Thor-God-Of-War.jpg\",\"width\":800,\"height\":800,\"caption\":\"Marteau Thor God Of War\"},{\"@type\":\"BreadcrumbList\",\"@id\":\"https:\\\/\\\/repliquemangacine.fr\\\/katana-et-epee-de-jeux-video-autre-jeux-video\\\/marteau-de-thor-dans-god-of-war-ragnarok\\\/#breadcrumb\",\"itemListElement\":[{\"@type\":\"ListItem\",\"position\":1,\"name\":\"Accueil\",\"item\":\"https:\\\/\\\/repliquemangacine.fr\\\/\"},{\"@type\":\"ListItem\",\"position\":2,\"name\":\"Produits\",\"item\":\"https:\\\/\\\/repliquemangacine.fr\\\/boutique\\\/\"},{\"@type\":\"ListItem\",\"position\":3,\"name\":\"Marteau God Of War Ragnarok\"}]},{\"@type\":\"WebSite\",\"@id\":\"https:\\\/\\\/repliquemangacine.fr\\\/#website\",\"url\":\"https:\\\/\\\/repliquemangacine.fr\\\/\",\"name\":\"R\u00e9plique Manga Cin\u00e9\",\"description\":\"\",\"publisher\":{\"@id\":\"https:\\\/\\\/repliquemangacine.fr\\\/#organization\"},\"potentialAction\":[{\"@type\":\"SearchAction\",\"target\":{\"@type\":\"EntryPoint\",\"urlTemplate\":\"https:\\\/\\\/repliquemangacine.fr\\\/?s={search_term_string}\"},\"query-input\":{\"@type\":\"PropertyValueSpecification\",\"valueRequired\":true,\"valueName\":\"search_term_string\"}}],\"inLanguage\":\"it-IT\"},{\"@type\":\"Organization\",\"@id\":\"https:\\\/\\\/repliquemangacine.fr\\\/#organization\",\"name\":\"R\u00e9plique Manga Cin\u00e9\",\"url\":\"https:\\\/\\\/repliquemangacine.fr\\\/\",\"logo\":{\"@type\":\"ImageObject\",\"inLanguage\":\"it-IT\",\"@id\":\"https:\\\/\\\/repliquemangacine.fr\\\/#\\\/schema\\\/logo\\\/image\\\/\",\"url\":\"https:\\\/\\\/repliquemangacine.fr\\\/wp-content\\\/uploads\\\/2023\\\/10\\\/RMC-500250.png\",\"contentUrl\":\"https:\\\/\\\/repliquemangacine.fr\\\/wp-content\\\/uploads\\\/2023\\\/10\\\/RMC-500250.png\",\"width\":500,\"height\":250,\"caption\":\"R\u00e9plique Manga Cin\u00e9\"},\"image\":{\"@id\":\"https:\\\/\\\/repliquemangacine.fr\\\/#\\\/schema\\\/logo\\\/image\\\/\"},\"sameAs\":[\"https:\\\/\\\/www.facebook.com\\\/RepliqueMangaCine\",\"https:\\\/\\\/www.instagram.com\\\/repliquemangacine.fr\\\/\"]}]}<\/script>\n<!-- \/ Yoast SEO plugin. -->","yoast_head_json":{"title":"Martello di God Of War Ragnarok - R\u00e9plique Manga Cin\u00e9","description":"Esclusivo! Il Martello di Thor in God Of War Ragnarok al miglior prezzo. Tutto in fibra di vetro - Altezza 47cm - Peso : 2145grs - Spedizione 24\/48h","robots":{"index":"index","follow":"follow","max-snippet":"max-snippet:-1","max-image-preview":"max-image-preview:large","max-video-preview":"max-video-preview:-1"},"canonical":"https:\/\/repliquemangacine.fr\/it\/katana-e-spada-videogiochi-altri-videogiochi\/il-martello-di-thor-in-god-of-war-ragnarok\/","og_locale":"it_IT","og_type":"article","og_title":"Marteau God Of War Ragnarok - R\u00e9plique Manga Cin\u00e9","og_description":"En exclusivit\u00e9 ! Le Marteau de Thor dans God Of War Ragnarok au meilleur prix. Tout en fibre de verre - Hauteur 47cm - Poids : 2145grs - Envoi 24\/48h","og_url":"https:\/\/repliquemangacine.fr\/it\/katana-e-spada-videogiochi-altri-videogiochi\/il-martello-di-thor-in-god-of-war-ragnarok\/","og_site_name":"R\u00e9plique Manga Cin\u00e9","article_publisher":"https:\/\/www.facebook.com\/RepliqueMangaCine","article_modified_time":"2026-02-18T15:05:52+00:00","og_image":[{"width":800,"height":800,"url":"https:\/\/repliquemangacine.fr\/wp-content\/uploads\/2023\/03\/Marteau-Thor-God-Of-War.jpg","type":"image\/jpeg"}],"twitter_card":"summary_large_image","twitter_misc":{"Tempo di lettura stimato":"2 minuti"},"schema":{"@context":"https:\/\/schema.org","@graph":[{"@type":"WebPage","@id":"https:\/\/repliquemangacine.fr\/katana-et-epee-de-jeux-video-autre-jeux-video\/marteau-de-thor-dans-god-of-war-ragnarok\/","url":"https:\/\/repliquemangacine.fr\/katana-et-epee-de-jeux-video-autre-jeux-video\/marteau-de-thor-dans-god-of-war-ragnarok\/","name":"Martello di God Of War Ragnarok - R\u00e9plique Manga Cin\u00e9","isPartOf":{"@id":"https:\/\/repliquemangacine.fr\/#website"},"primaryImageOfPage":{"@id":"https:\/\/repliquemangacine.fr\/katana-et-epee-de-jeux-video-autre-jeux-video\/marteau-de-thor-dans-god-of-war-ragnarok\/#primaryimage"},"image":{"@id":"https:\/\/repliquemangacine.fr\/katana-et-epee-de-jeux-video-autre-jeux-video\/marteau-de-thor-dans-god-of-war-ragnarok\/#primaryimage"},"thumbnailUrl":"https:\/\/repliquemangacine.fr\/wp-content\/uploads\/2023\/03\/Marteau-Thor-God-Of-War.jpg","datePublished":"2023-03-03T10:33:03+00:00","dateModified":"2026-02-18T15:05:52+00:00","description":"Esclusivo! Il Martello di Thor in God Of War Ragnarok al miglior prezzo. Tutto in fibra di vetro - Altezza 47cm - Peso : 2145grs - Spedizione 24\/48h","breadcrumb":{"@id":"https:\/\/repliquemangacine.fr\/katana-et-epee-de-jeux-video-autre-jeux-video\/marteau-de-thor-dans-god-of-war-ragnarok\/#breadcrumb"},"inLanguage":"it-IT","potentialAction":[{"@type":"ReadAction","target":["https:\/\/repliquemangacine.fr\/katana-et-epee-de-jeux-video-autre-jeux-video\/marteau-de-thor-dans-god-of-war-ragnarok\/"]}]},{"@type":"ImageObject","inLanguage":"it-IT","@id":"https:\/\/repliquemangacine.fr\/katana-et-epee-de-jeux-video-autre-jeux-video\/marteau-de-thor-dans-god-of-war-ragnarok\/#primaryimage","url":"https:\/\/repliquemangacine.fr\/wp-content\/uploads\/2023\/03\/Marteau-Thor-God-Of-War.jpg","contentUrl":"https:\/\/repliquemangacine.fr\/wp-content\/uploads\/2023\/03\/Marteau-Thor-God-Of-War.jpg","width":800,"height":800,"caption":"Marteau Thor God Of War"},{"@type":"BreadcrumbList","@id":"https:\/\/repliquemangacine.fr\/katana-et-epee-de-jeux-video-autre-jeux-video\/marteau-de-thor-dans-god-of-war-ragnarok\/#breadcrumb","itemListElement":[{"@type":"ListItem","position":1,"name":"Accueil","item":"https:\/\/repliquemangacine.fr\/"},{"@type":"ListItem","position":2,"name":"Produits","item":"https:\/\/repliquemangacine.fr\/boutique\/"},{"@type":"ListItem","position":3,"name":"Marteau God Of War Ragnarok"}]},{"@type":"WebSite","@id":"https:\/\/repliquemangacine.fr\/#website","url":"https:\/\/repliquemangacine.fr\/","name":"R\u00e9plique Manga Cin\u00e9","description":"","publisher":{"@id":"https:\/\/repliquemangacine.fr\/#organization"},"potentialAction":[{"@type":"SearchAction","target":{"@type":"EntryPoint","urlTemplate":"https:\/\/repliquemangacine.fr\/?s={search_term_string}"},"query-input":{"@type":"PropertyValueSpecification","valueRequired":true,"valueName":"search_term_string"}}],"inLanguage":"it-IT"},{"@type":"Organization","@id":"https:\/\/repliquemangacine.fr\/#organization","name":"R\u00e9plique Manga Cin\u00e9","url":"https:\/\/repliquemangacine.fr\/","logo":{"@type":"ImageObject","inLanguage":"it-IT","@id":"https:\/\/repliquemangacine.fr\/#\/schema\/logo\/image\/","url":"https:\/\/repliquemangacine.fr\/wp-content\/uploads\/2023\/10\/RMC-500250.png","contentUrl":"https:\/\/repliquemangacine.fr\/wp-content\/uploads\/2023\/10\/RMC-500250.png","width":500,"height":250,"caption":"R\u00e9plique Manga Cin\u00e9"},"image":{"@id":"https:\/\/repliquemangacine.fr\/#\/schema\/logo\/image\/"},"sameAs":["https:\/\/www.facebook.com\/RepliqueMangaCine","https:\/\/www.instagram.com\/repliquemangacine.fr\/"]}]}},"_links":{"self":[{"href":"https:\/\/repliquemangacine.fr\/it\/wp-json\/wp\/v2\/product\/58982","targetHints":{"allow":["GET"]}}],"collection":[{"href":"https:\/\/repliquemangacine.fr\/it\/wp-json\/wp\/v2\/product"}],"about":[{"href":"https:\/\/repliquemangacine.fr\/it\/wp-json\/wp\/v2\/types\/product"}],"wp:featuredmedia":[{"embeddable":true,"href":"https:\/\/repliquemangacine.fr\/it\/wp-json\/wp\/v2\/media\/85344"}],"wp:attachment":[{"href":"https:\/\/repliquemangacine.fr\/it\/wp-json\/wp\/v2\/media?parent=58982"}],"wp:term":[{"taxonomy":"product_brand","embeddable":true,"href":"https:\/\/repliquemangacine.fr\/it\/wp-json\/wp\/v2\/product_brand?post=58982"},{"taxonomy":"product_cat","embeddable":true,"href":"https:\/\/repliquemangacine.fr\/it\/wp-json\/wp\/v2\/product_cat?post=58982"},{"taxonomy":"product_tag","embeddable":true,"href":"https:\/\/repliquemangacine.fr\/it\/wp-json\/wp\/v2\/product_tag?post=58982"}],"curies":[{"name":"wp","href":"https:\/\/api.w.org\/{rel}","templated":true}]}}