





{"id":58767,"date":"2023-02-17T18:51:26","date_gmt":"2023-02-17T17:51:26","guid":{"rendered":"https:\/\/repliquemangacine.fr\/?post_type=product&#038;p=58767"},"modified":"2025-11-21T13:13:27","modified_gmt":"2025-11-21T12:13:27","slug":"elmo-armetico-16%e1%b5%89-secolo","status":"publish","type":"product","link":"https:\/\/repliquemangacine.fr\/it\/heaume-casque-chevalier-templier\/casque-armet-16%e1%b5%89-siecle\/","title":{"rendered":"Elmetto Armet"},"content":{"rendered":"<h2>Replica di un elmo Armet del 16\u1d49 secolo.<\/h2>\n<p>Per cominciare, il <strong>Elmetto Armet<\/strong> \u00e8 un elmo da torneo di giostra. L'<a href=\"https:\/\/fr.wikipedia.org\/wiki\/Armet_(casque)\" target=\"_blank\" rel=\"noopener noreferrer\">armatura<\/a> \u00e8 un casco chiuso che copre la testa, il viso e il collo.<\/p>\n<p>Composto da pi\u00f9 parti:<\/p>\n<ul>\n<li>La visiera, una parte mobile dell'elmetto che pu\u00f2 essere alzata o abbassata per proteggere il combattente e consentire una migliore respirazione. Tuttavia, l'elmo pu\u00f2 essere bloccato con un gancio per ottenere la massima protezione in combattimento.<\/li>\n<li>La mentoniera \u00e8 una parte fissa del casco che copre il mento e la mascella.<\/li>\n<li>Il gorgerin, un elemento di protezione per il collo. Realizzato con piastre d'acciaio, offre una protezione supplementare contro i colpi al collo.<\/li>\n<\/ul>\n<p>Pi\u00f9 che un casco da torneo, \u00e8 un vero e proprio elmetto da guerra.<\/p>\n<h2>Il vostro casco Armet al miglior prezzo<\/h2>\n<p>Offriamo un'ampia gamma di elmi in armatura medievale da aggiungere alla vostra collezione.<\/p>\n<p>Innanzitutto,<\/p>\n<ul>\n<li>Le <a href=\"https:\/\/repliquemangacine.fr\/it\/riproduzioni-di-armi-e-accessori-medievali\/elmo-dei-cavalieri-templari\/\">Elmo da cavaliere templare<\/a> tutti in acciaio lucido e con la famosa croce patt\u00e9e.<\/li>\n<li>Successivamente, il <a href=\"https:\/\/repliquemangacine.fr\/it\/armi-e-accessori-vichinghi\/elmo-vichingo-beowulf\/\">Elmo vichingo Beowulf<\/a> con protezioni per le guance in acciaio circondate da ottone e paranuca in maglia d'acciaio.<\/li>\n<li>Cos\u00ec come l'elmo vichingo Spangenhelm con la sua protezione per la nuca e il paranaso in rete d'acciaio.<\/li>\n<li>E molti altri da scoprire nel nostro negozio online.<\/li>\n<\/ul>\n<p>Ecco perch\u00e9 abbiamo pensato ad alcune idee regalo per tutti coloro che amano il Medioevo.<\/p>\n<h2>I nostri nuovi elmi e accessori medievali a basso prezzo.<\/h2>\n<p>Siamo sempre pronti ad ascoltare le vostre richieste, quindi ecco alcune piccole chicche che abbiamo trovato per voi. Non esitate a inviarci le vostre richieste.<\/p>\n<p>Innanzitutto,<\/p>\n<ul>\n<li>Il piccolo <a href=\"https:\/\/repliquemangacine.fr\/it\/pugnale-medievale\/dague-de-franc-macon\/\">Il pugnale dei massoni<\/a> con il loro motto e la protezione in acciaio con i simboli del compasso, del quadrato, della G, dell'occhio, del libro...<\/li>\n<li>Il superbo <a href=\"https:\/\/repliquemangacine.fr\/it\/spada-templare-medievale\/spada-di-saint-louis-fleur-de-lys\/\">Spada Fleur de Lys<\/a> con fodero decorato e lama incisa.<\/li>\n<li>Presto avremo a disposizione una serie di guanti e altre protezioni per armature.<\/li>\n<\/ul>\n<p>\u00c8 possibile utilizzare questo <strong>Elmetto Armet<\/strong> per i vostri spettacoli medievali e giochi di giostra.<\/p>\n<p>R\u00e9plique Manga Cin\u00e9 \u00e8 un'azienda familiare francese<\/p>","protected":false},"excerpt":{"rendered":"<p>Replica di un tipico elmo da torneo medievale con visiera pieghevole degli inizi del XVI secolo, noto anche come elmo chiuso.<\/p>\n<ul>\n<li>Il casco \u00e8 realizzato in lamiera d'acciaio dello spessore di circa 1,6 mm.<\/li>\n<li>Con comoda fodera in pelle e cinturino sottogola con fibbia.<\/li>\n<li>Gancio per una chiusura totale.<\/li>\n<li>Adatto al combattimento da spettacolo in misura limitata.<\/li>\n<li>Circonferenza della testa fino a 61 cm<\/li>\n<li>Distanza interna lunga (dalla nuca alla fronte): circa 23,5 cm<\/li>\n<li>Distanza interna corta (da orecchio a orecchio): circa 19,5 cm<\/li>\n<li>Peso: circa 3 kg<\/li>\n<\/ul>","protected":false},"featured_media":58768,"template":"","meta":[],"product_brand":[896],"product_cat":[25,89,43],"product_tag":[],"class_list":{"0":"post-58767","1":"product","2":"type-product","3":"status-publish","4":"has-post-thumbnail","6":"product_brand-replique-manga-cine","7":"product_cat-armes-historiques","8":"product_cat-heaume-casque-chevalier-templier","9":"product_cat-reproductions-d-armes-et-accessoires-medievales","11":"first","12":"instock","13":"taxable","14":"shipping-taxable","15":"purchasable","16":"product-type-simple"},"yoast_head":"<!-- This site is optimized with the Yoast SEO plugin v27.4 - https:\/\/yoast.com\/product\/yoast-seo-wordpress\/ -->\n<title>Casque Armet - Vente casque de joute | R\u00e9plique Manga Cin\u00e9<\/title>\n<meta name=\"description\" content=\"Offrez-vous ce Casque Armet pour tournoi de joute au meilleur prix. Visi\u00e8re rabattable, acier 1.6mm, jugulaire en cuir - Livraison gratuite - Envoi 24\/48h\" \/>\n<meta name=\"robots\" content=\"index, follow, max-snippet:-1, max-image-preview:large, max-video-preview:-1\" \/>\n<link rel=\"canonical\" href=\"https:\/\/repliquemangacine.fr\/it\/elmo-cavaliere-templare\/elmo-armetico-16\u1d49-secolo\/\" \/>\n<meta property=\"og:locale\" content=\"it_IT\" \/>\n<meta property=\"og:type\" content=\"article\" \/>\n<meta property=\"og:title\" content=\"Casque Armet - Vente casque de joute | R\u00e9plique Manga Cin\u00e9\" \/>\n<meta property=\"og:description\" content=\"Offrez-vous ce Casque Armet pour tournoi de joute au meilleur prix. Visi\u00e8re rabattable, acier 1.6mm, jugulaire en cuir - Livraison gratuite - Envoi 24\/48h\" \/>\n<meta property=\"og:url\" content=\"https:\/\/repliquemangacine.fr\/it\/elmo-cavaliere-templare\/elmo-armetico-16\u1d49-secolo\/\" \/>\n<meta property=\"og:site_name\" content=\"R\u00e9plique Manga Cin\u00e9\" \/>\n<meta property=\"article:publisher\" content=\"https:\/\/www.facebook.com\/RepliqueMangaCine\" \/>\n<meta property=\"article:modified_time\" content=\"2025-11-21T12:13:27+00:00\" \/>\n<meta property=\"og:image\" content=\"https:\/\/repliquemangacine.fr\/wp-content\/uploads\/2023\/10\/Casque-Armet.jpg\" \/>\n\t<meta property=\"og:image:width\" content=\"500\" \/>\n\t<meta property=\"og:image:height\" content=\"500\" \/>\n\t<meta property=\"og:image:type\" content=\"image\/jpeg\" \/>\n<meta name=\"twitter:card\" content=\"summary_large_image\" \/>\n<meta name=\"twitter:label1\" content=\"Tempo di lettura stimato\" \/>\n\t<meta name=\"twitter:data1\" content=\"2 minuti\" \/>\n<script type=\"application\/ld+json\" class=\"yoast-schema-graph\">{\"@context\":\"https:\\\/\\\/schema.org\",\"@graph\":[{\"@type\":\"WebPage\",\"@id\":\"https:\\\/\\\/repliquemangacine.fr\\\/heaume-casque-chevalier-templier\\\/casque-armet-16%e1%b5%89-siecle\\\/\",\"url\":\"https:\\\/\\\/repliquemangacine.fr\\\/heaume-casque-chevalier-templier\\\/casque-armet-16%e1%b5%89-siecle\\\/\",\"name\":\"Casque Armet - Vente casque de joute | R\u00e9plique Manga Cin\u00e9\",\"isPartOf\":{\"@id\":\"https:\\\/\\\/repliquemangacine.fr\\\/#website\"},\"primaryImageOfPage\":{\"@id\":\"https:\\\/\\\/repliquemangacine.fr\\\/heaume-casque-chevalier-templier\\\/casque-armet-16%e1%b5%89-siecle\\\/#primaryimage\"},\"image\":{\"@id\":\"https:\\\/\\\/repliquemangacine.fr\\\/heaume-casque-chevalier-templier\\\/casque-armet-16%e1%b5%89-siecle\\\/#primaryimage\"},\"thumbnailUrl\":\"https:\\\/\\\/repliquemangacine.fr\\\/wp-content\\\/uploads\\\/2023\\\/10\\\/Casque-Armet.jpg\",\"datePublished\":\"2023-02-17T17:51:26+00:00\",\"dateModified\":\"2025-11-21T12:13:27+00:00\",\"description\":\"Offrez-vous ce Casque Armet pour tournoi de joute au meilleur prix. Visi\u00e8re rabattable, acier 1.6mm, jugulaire en cuir - Livraison gratuite - Envoi 24\\\/48h\",\"breadcrumb\":{\"@id\":\"https:\\\/\\\/repliquemangacine.fr\\\/heaume-casque-chevalier-templier\\\/casque-armet-16%e1%b5%89-siecle\\\/#breadcrumb\"},\"inLanguage\":\"it-IT\",\"potentialAction\":[{\"@type\":\"ReadAction\",\"target\":[\"https:\\\/\\\/repliquemangacine.fr\\\/heaume-casque-chevalier-templier\\\/casque-armet-16%e1%b5%89-siecle\\\/\"]}]},{\"@type\":\"ImageObject\",\"inLanguage\":\"it-IT\",\"@id\":\"https:\\\/\\\/repliquemangacine.fr\\\/heaume-casque-chevalier-templier\\\/casque-armet-16%e1%b5%89-siecle\\\/#primaryimage\",\"url\":\"https:\\\/\\\/repliquemangacine.fr\\\/wp-content\\\/uploads\\\/2023\\\/10\\\/Casque-Armet.jpg\",\"contentUrl\":\"https:\\\/\\\/repliquemangacine.fr\\\/wp-content\\\/uploads\\\/2023\\\/10\\\/Casque-Armet.jpg\",\"width\":500,\"height\":500,\"caption\":\"Casque Armet du 16\u1d49 si\u00e8cle\"},{\"@type\":\"BreadcrumbList\",\"@id\":\"https:\\\/\\\/repliquemangacine.fr\\\/heaume-casque-chevalier-templier\\\/casque-armet-16%e1%b5%89-siecle\\\/#breadcrumb\",\"itemListElement\":[{\"@type\":\"ListItem\",\"position\":1,\"name\":\"Accueil\",\"item\":\"https:\\\/\\\/repliquemangacine.fr\\\/\"},{\"@type\":\"ListItem\",\"position\":2,\"name\":\"Produits\",\"item\":\"https:\\\/\\\/repliquemangacine.fr\\\/boutique\\\/\"},{\"@type\":\"ListItem\",\"position\":3,\"name\":\"Casque Armet\"}]},{\"@type\":\"WebSite\",\"@id\":\"https:\\\/\\\/repliquemangacine.fr\\\/#website\",\"url\":\"https:\\\/\\\/repliquemangacine.fr\\\/\",\"name\":\"R\u00e9plique Manga Cin\u00e9\",\"description\":\"\",\"publisher\":{\"@id\":\"https:\\\/\\\/repliquemangacine.fr\\\/#organization\"},\"potentialAction\":[{\"@type\":\"SearchAction\",\"target\":{\"@type\":\"EntryPoint\",\"urlTemplate\":\"https:\\\/\\\/repliquemangacine.fr\\\/?s={search_term_string}\"},\"query-input\":{\"@type\":\"PropertyValueSpecification\",\"valueRequired\":true,\"valueName\":\"search_term_string\"}}],\"inLanguage\":\"it-IT\"},{\"@type\":\"Organization\",\"@id\":\"https:\\\/\\\/repliquemangacine.fr\\\/#organization\",\"name\":\"R\u00e9plique Manga Cin\u00e9\",\"url\":\"https:\\\/\\\/repliquemangacine.fr\\\/\",\"logo\":{\"@type\":\"ImageObject\",\"inLanguage\":\"it-IT\",\"@id\":\"https:\\\/\\\/repliquemangacine.fr\\\/#\\\/schema\\\/logo\\\/image\\\/\",\"url\":\"https:\\\/\\\/repliquemangacine.fr\\\/wp-content\\\/uploads\\\/2023\\\/10\\\/RMC-500250.png\",\"contentUrl\":\"https:\\\/\\\/repliquemangacine.fr\\\/wp-content\\\/uploads\\\/2023\\\/10\\\/RMC-500250.png\",\"width\":500,\"height\":250,\"caption\":\"R\u00e9plique Manga Cin\u00e9\"},\"image\":{\"@id\":\"https:\\\/\\\/repliquemangacine.fr\\\/#\\\/schema\\\/logo\\\/image\\\/\"},\"sameAs\":[\"https:\\\/\\\/www.facebook.com\\\/RepliqueMangaCine\",\"https:\\\/\\\/www.instagram.com\\\/repliquemangacine.fr\\\/\"]}]}<\/script>\n<!-- \/ Yoast SEO plugin. -->","yoast_head_json":{"title":"Elmo Armet - Vendita elmi da giostra | R\u00e9plique Manga Cin\u00e9","description":"Regalatevi questo casco da torneo Armet al miglior prezzo. Visiera pieghevole, acciaio 1,6 mm, sottogola in pelle - Consegna gratuita - Spedizione in 24\/48 ore.","robots":{"index":"index","follow":"follow","max-snippet":"max-snippet:-1","max-image-preview":"max-image-preview:large","max-video-preview":"max-video-preview:-1"},"canonical":"https:\/\/repliquemangacine.fr\/it\/elmo-cavaliere-templare\/elmo-armetico-16\u1d49-secolo\/","og_locale":"it_IT","og_type":"article","og_title":"Casque Armet - Vente casque de joute | R\u00e9plique Manga Cin\u00e9","og_description":"Offrez-vous ce Casque Armet pour tournoi de joute au meilleur prix. Visi\u00e8re rabattable, acier 1.6mm, jugulaire en cuir - Livraison gratuite - Envoi 24\/48h","og_url":"https:\/\/repliquemangacine.fr\/it\/elmo-cavaliere-templare\/elmo-armetico-16\u1d49-secolo\/","og_site_name":"R\u00e9plique Manga Cin\u00e9","article_publisher":"https:\/\/www.facebook.com\/RepliqueMangaCine","article_modified_time":"2025-11-21T12:13:27+00:00","og_image":[{"width":500,"height":500,"url":"https:\/\/repliquemangacine.fr\/wp-content\/uploads\/2023\/10\/Casque-Armet.jpg","type":"image\/jpeg"}],"twitter_card":"summary_large_image","twitter_misc":{"Tempo di lettura stimato":"2 minuti"},"schema":{"@context":"https:\/\/schema.org","@graph":[{"@type":"WebPage","@id":"https:\/\/repliquemangacine.fr\/heaume-casque-chevalier-templier\/casque-armet-16%e1%b5%89-siecle\/","url":"https:\/\/repliquemangacine.fr\/heaume-casque-chevalier-templier\/casque-armet-16%e1%b5%89-siecle\/","name":"Elmo Armet - Vendita elmi da giostra | R\u00e9plique Manga Cin\u00e9","isPartOf":{"@id":"https:\/\/repliquemangacine.fr\/#website"},"primaryImageOfPage":{"@id":"https:\/\/repliquemangacine.fr\/heaume-casque-chevalier-templier\/casque-armet-16%e1%b5%89-siecle\/#primaryimage"},"image":{"@id":"https:\/\/repliquemangacine.fr\/heaume-casque-chevalier-templier\/casque-armet-16%e1%b5%89-siecle\/#primaryimage"},"thumbnailUrl":"https:\/\/repliquemangacine.fr\/wp-content\/uploads\/2023\/10\/Casque-Armet.jpg","datePublished":"2023-02-17T17:51:26+00:00","dateModified":"2025-11-21T12:13:27+00:00","description":"Regalatevi questo casco da torneo Armet al miglior prezzo. Visiera pieghevole, acciaio 1,6 mm, sottogola in pelle - Consegna gratuita - Spedizione in 24\/48 ore.","breadcrumb":{"@id":"https:\/\/repliquemangacine.fr\/heaume-casque-chevalier-templier\/casque-armet-16%e1%b5%89-siecle\/#breadcrumb"},"inLanguage":"it-IT","potentialAction":[{"@type":"ReadAction","target":["https:\/\/repliquemangacine.fr\/heaume-casque-chevalier-templier\/casque-armet-16%e1%b5%89-siecle\/"]}]},{"@type":"ImageObject","inLanguage":"it-IT","@id":"https:\/\/repliquemangacine.fr\/heaume-casque-chevalier-templier\/casque-armet-16%e1%b5%89-siecle\/#primaryimage","url":"https:\/\/repliquemangacine.fr\/wp-content\/uploads\/2023\/10\/Casque-Armet.jpg","contentUrl":"https:\/\/repliquemangacine.fr\/wp-content\/uploads\/2023\/10\/Casque-Armet.jpg","width":500,"height":500,"caption":"Casque Armet du 16\u1d49 si\u00e8cle"},{"@type":"BreadcrumbList","@id":"https:\/\/repliquemangacine.fr\/heaume-casque-chevalier-templier\/casque-armet-16%e1%b5%89-siecle\/#breadcrumb","itemListElement":[{"@type":"ListItem","position":1,"name":"Accueil","item":"https:\/\/repliquemangacine.fr\/"},{"@type":"ListItem","position":2,"name":"Produits","item":"https:\/\/repliquemangacine.fr\/boutique\/"},{"@type":"ListItem","position":3,"name":"Casque Armet"}]},{"@type":"WebSite","@id":"https:\/\/repliquemangacine.fr\/#website","url":"https:\/\/repliquemangacine.fr\/","name":"R\u00e9plique Manga Cin\u00e9","description":"","publisher":{"@id":"https:\/\/repliquemangacine.fr\/#organization"},"potentialAction":[{"@type":"SearchAction","target":{"@type":"EntryPoint","urlTemplate":"https:\/\/repliquemangacine.fr\/?s={search_term_string}"},"query-input":{"@type":"PropertyValueSpecification","valueRequired":true,"valueName":"search_term_string"}}],"inLanguage":"it-IT"},{"@type":"Organization","@id":"https:\/\/repliquemangacine.fr\/#organization","name":"R\u00e9plique Manga Cin\u00e9","url":"https:\/\/repliquemangacine.fr\/","logo":{"@type":"ImageObject","inLanguage":"it-IT","@id":"https:\/\/repliquemangacine.fr\/#\/schema\/logo\/image\/","url":"https:\/\/repliquemangacine.fr\/wp-content\/uploads\/2023\/10\/RMC-500250.png","contentUrl":"https:\/\/repliquemangacine.fr\/wp-content\/uploads\/2023\/10\/RMC-500250.png","width":500,"height":250,"caption":"R\u00e9plique Manga Cin\u00e9"},"image":{"@id":"https:\/\/repliquemangacine.fr\/#\/schema\/logo\/image\/"},"sameAs":["https:\/\/www.facebook.com\/RepliqueMangaCine","https:\/\/www.instagram.com\/repliquemangacine.fr\/"]}]}},"_links":{"self":[{"href":"https:\/\/repliquemangacine.fr\/it\/wp-json\/wp\/v2\/product\/58767","targetHints":{"allow":["GET"]}}],"collection":[{"href":"https:\/\/repliquemangacine.fr\/it\/wp-json\/wp\/v2\/product"}],"about":[{"href":"https:\/\/repliquemangacine.fr\/it\/wp-json\/wp\/v2\/types\/product"}],"wp:featuredmedia":[{"embeddable":true,"href":"https:\/\/repliquemangacine.fr\/it\/wp-json\/wp\/v2\/media\/58768"}],"wp:attachment":[{"href":"https:\/\/repliquemangacine.fr\/it\/wp-json\/wp\/v2\/media?parent=58767"}],"wp:term":[{"taxonomy":"product_brand","embeddable":true,"href":"https:\/\/repliquemangacine.fr\/it\/wp-json\/wp\/v2\/product_brand?post=58767"},{"taxonomy":"product_cat","embeddable":true,"href":"https:\/\/repliquemangacine.fr\/it\/wp-json\/wp\/v2\/product_cat?post=58767"},{"taxonomy":"product_tag","embeddable":true,"href":"https:\/\/repliquemangacine.fr\/it\/wp-json\/wp\/v2\/product_tag?post=58767"}],"curies":[{"name":"wp","href":"https:\/\/api.w.org\/{rel}","templated":true}]}}