





{"id":58576,"date":"2023-02-09T19:37:32","date_gmt":"2023-02-09T18:37:32","guid":{"rendered":"https:\/\/repliquemangacine.fr\/?post_type=product&#038;p=58576"},"modified":"2025-11-21T13:14:28","modified_gmt":"2025-11-21T12:14:28","slug":"scopa-di-harry-potter-firebolt","status":"publish","type":"product","link":"https:\/\/repliquemangacine.fr\/it\/collectors-et-goodies-harry-potter\/balai-firebolt-harry-potter\/","title":{"rendered":"Scopa Firebolt di Harry Potter"},"content":{"rendered":"<h2>Replica ufficiale della scopa Firebolt di Harry Potter.<\/h2>\n<p>Questo eccezionale <strong>Scopa Firebolt di Harry Potter<\/strong> su licenza ufficiale Warner Bros. in un'edizione limitata a sole 10.000 copie in tutto il mondo.<\/p>\n<p><em>Sebbene sia divertente da indossare, questo Firebolt non \u00e8 un giocattolo, ma un fragile oggetto da collezione. Pu\u00f2 rompersi se maneggiata male. Poich\u00e9 il manico e i ramoscelli sono realizzati con materiali naturali, il colore e l'aspetto del legno possono variare da una scopa all'altra.<\/em><\/p>\n<p>Nella saga di Harry Potter, la Firebolt \u00e8 la scopa pi\u00f9 veloce, che accelera da 0 a 240 km\/h in 10 secondi. \u00c8 dotata di un freno automatico e di un incantesimo di frenata altamente sofisticato.<\/p>\n<p>Harry ne \u00e8 diventato orgoglioso proprietario a Natale, come regalo del suo padrino Sirius Black. Il Flash of Fire \u00e8 utilizzato anche dalla squadra irlandese di Quiddich.<\/p>\n<p><a href=\"https:\/\/www.repliquemangacine.fr\/wp-content\/uploads\/2023\/02\/balai-eclair-de-feu-harry-potter1.jpg\"><img fetchpriority=\"high\" decoding=\"async\" class=\"alignnone size-medium wp-image-58589\" src=\"https:\/\/www.repliquemangacine.fr\/wp-content\/uploads\/2023\/02\/balai-eclair-de-feu-harry-potter1-300x300.jpg\" alt=\"\" width=\"300\" height=\"300\" \/><\/a><\/p>\n<h2>Scopa Firebolt Harry Potter al miglior prezzo.<\/h2>\n<p>Offriamo una vasta gamma di bacchette di Harry Potter e di oggetti da collezione da aggiungere alla vostra collezione.<\/p>\n<p>Prima di tutto, le cose da fare,<\/p>\n<ul>\n<li>Il <a href=\"https:\/\/repliquemangacine.fr\/it\/bacchette-di-harry-potter\/\">Bacchette dei personaggi di Harry Potter<\/a>disponibili in versioni ufficiali e repliche economiche.<\/li>\n<li>C'\u00e8 anche il <a href=\"https:\/\/repliquemangacine.fr\/it\/collezionisti-di-harry-potter-e-chicche\/scacchiera-dei-maghi-gioco-degli-scacchi-hp\/\">Set di scacchi di Harry Potter<\/a> con licenza ufficiale distribuita da <a href=\"https:\/\/noblecollection.fr\/echiquier-des-sorciers-harry-potter-p-4658.html\" target=\"_blank\" rel=\"noopener noreferrer\">Collezione Nobile<\/a><\/li>\n<li>Cos\u00ec come il <a href=\"https:\/\/repliquemangacine.fr\/it\/bacchette-e-oggetti-di-harry-potter\/il-deluminatore-di-ron-weasley\/\">Deluminatore<\/a> che gli \u00e8 stato lasciato in eredit\u00e0 da Silente. Questo oggetto da collezione \u00e8 distribuito da Noble Collection.<\/li>\n<li>C'\u00e8 anche il<a href=\"https:\/\/repliquemangacine.fr\/it\/collezionisti-di-harry-potter-e-chicche\/harry-potter-godric-grifondoro-spada\/\">Spada di Grifondoro<\/a>fatto dai folletti. \u00c8 una delle quattro reliquie dei fondatori.<\/li>\n<li>E molti altri da scoprire nel nostro negozio online.<\/li>\n<\/ul>\n<p>Ecco perch\u00e9 abbiamo pensato ad alcune fantastiche idee regalo per i fan della saga. Anche voi potrete essere gli orgogliosi proprietari del <strong>Scopa Firebolt di Harry Potter<\/strong>.<\/p>\n<h2>Scoprite le ultime uscite di Harry Potter a prezzi inferiori.<\/h2>\n<p>Sempre alla ricerca degli ultimi prodotti sul mercato, abbiamo alcune repliche da aggiungere alla vostra collezione personale.<\/p>\n<p>Prima di tutto, l'avete chiesto e sta arrivando!<\/p>\n<ul>\n<li>La replica del cappello interattivo vi dir\u00e0 a quale Casa appartenete! Ma non fa solo questo! Premete le strisce per attivare la bocca e far muovere la parte superiore del cappello.<\/li>\n<li>Un nuovo <a href=\"https:\/\/repliquemangacine.fr\/it\/collezionisti-di-harry-potter-e-chicche\/set-bacchetta-harry-potter\/\">cofanetto da collezione<\/a> dei vostri personaggi preferiti su portachiavi o ciondoli, a seconda del vostro umore.<\/li>\n<li>Presto porteremo la famosa Mappa dei Predoni, la mappa magica che mostra la posizione degli occupanti della scuola.<\/li>\n<li>Per concludere, ci sono molte altre sorprese in serbo per voi: basta avere pazienza e prendersi il tempo necessario per godersi la visita. <strong>Scopa Firebolt di Harry Potter<\/strong><\/li>\n<\/ul>\n<p>R\u00e9plique Manga Cin\u00e9 \u00e8 un'azienda familiare francese.<\/p>","protected":false},"excerpt":{"rendered":"<p>Replica con licenza ufficiale della scopa Firebolt. In tutto e per tutto simile a quella vista nei film, \u00e8 stata ricavata dagli archivi della Warner Bros.<\/p>\n<ul>\n<li>Manico in legno di gomma con rune incise.<\/li>\n<li>Setole di betulla e rattan.<\/li>\n<li>Poggiapiedi rimovibili che possono essere installati in due modi diversi<\/li>\n<li>Avvolti nella carta da regalo del Quidditch<\/li>\n<li>Rune dorate incise sull'impugnatura<\/li>\n<li>Fornito in 2 pezzi. Facile montaggio con sistema a vite<\/li>\n<li>Con la scopa viene fornita una piuma che ricorda quella di Buck.<\/li>\n<li>Dimensioni: 165cm - Peso: 3210grs<\/li>\n<\/ul>\n<p><strong>Ogni Firebolt \u00e8 corredato da un certificato di autenticit\u00e0, da un supporto e da una targhetta metallica numerata, per cui ogni pezzo \u00e8 davvero unico. <\/strong><\/p>\n<p><strong>Edizione limitata a 10.000 copie.<\/strong><\/p>\n<p><iframe title=\"Lettore video di YouTube\" src=\"https:\/\/www.youtube.com\/embed\/0DUEyqWL7g8\" width=\"560\" height=\"315\" frameborder=\"0\" allowfullscreen=\"allowfullscreen\"><\/iframe><\/p>","protected":false},"featured_media":58577,"template":"","meta":[],"product_brand":[896],"product_cat":[87,24,41],"product_tag":[],"class_list":{"0":"post-58576","1":"product","2":"type-product","3":"status-publish","4":"has-post-thumbnail","6":"product_brand-replique-manga-cine","7":"product_cat-collectors-et-goodies-harry-potter","8":"product_cat-films-series-tv-vente-de-katana-epee-et-produits-derives","9":"product_cat-baguettes-et-goodies-harry-potter","11":"first","12":"instock","13":"taxable","14":"shipping-taxable","15":"purchasable","16":"product-type-simple"},"yoast_head":"<!-- This site is optimized with the Yoast SEO plugin v27.4 - https:\/\/yoast.com\/product\/yoast-seo-wordpress\/ -->\n<title>Balai Firebolt Harry Potter Licence Officielle | R\u00e9plique Manga Cin\u00e9<\/title>\n<meta name=\"description\" content=\"Exceptionnel, le Balai Firebolt de Harry Potter au meilleur prix. Sous licence Officielle Warner Bros, num\u00e9rot\u00e9e, \u00e9chelle 1\/1. Envoi gratuit en 24\/48h\" \/>\n<meta name=\"robots\" content=\"index, follow, max-snippet:-1, max-image-preview:large, max-video-preview:-1\" \/>\n<link rel=\"canonical\" href=\"https:\/\/repliquemangacine.fr\/it\/collezionisti-di-harry-potter-e-chicche\/scopa-di-harry-potter-firebolt\/\" \/>\n<meta property=\"og:locale\" content=\"it_IT\" \/>\n<meta property=\"og:type\" content=\"article\" \/>\n<meta property=\"og:title\" content=\"Balai Firebolt Harry Potter Licence Officielle | R\u00e9plique Manga Cin\u00e9\" \/>\n<meta property=\"og:description\" content=\"Exceptionnel, le Balai Firebolt de Harry Potter au meilleur prix. Sous licence Officielle Warner Bros, num\u00e9rot\u00e9e, \u00e9chelle 1\/1. Envoi gratuit en 24\/48h\" \/>\n<meta property=\"og:url\" content=\"https:\/\/repliquemangacine.fr\/it\/collezionisti-di-harry-potter-e-chicche\/scopa-di-harry-potter-firebolt\/\" \/>\n<meta property=\"og:site_name\" content=\"R\u00e9plique Manga Cin\u00e9\" \/>\n<meta property=\"article:publisher\" content=\"https:\/\/www.facebook.com\/RepliqueMangaCine\" \/>\n<meta property=\"article:modified_time\" content=\"2025-11-21T12:14:28+00:00\" \/>\n<meta property=\"og:image\" content=\"https:\/\/repliquemangacine.fr\/wp-content\/uploads\/2023\/10\/Balai-FireBolt-Harry-Potter.jpg\" \/>\n\t<meta property=\"og:image:width\" content=\"500\" \/>\n\t<meta property=\"og:image:height\" content=\"500\" \/>\n\t<meta property=\"og:image:type\" content=\"image\/jpeg\" \/>\n<meta name=\"twitter:card\" content=\"summary_large_image\" \/>\n<meta name=\"twitter:label1\" content=\"Tempo di lettura stimato\" \/>\n\t<meta name=\"twitter:data1\" content=\"3 minuti\" \/>\n<script type=\"application\/ld+json\" class=\"yoast-schema-graph\">{\"@context\":\"https:\\\/\\\/schema.org\",\"@graph\":[{\"@type\":\"WebPage\",\"@id\":\"https:\\\/\\\/repliquemangacine.fr\\\/collectors-et-goodies-harry-potter\\\/balai-firebolt-harry-potter\\\/\",\"url\":\"https:\\\/\\\/repliquemangacine.fr\\\/collectors-et-goodies-harry-potter\\\/balai-firebolt-harry-potter\\\/\",\"name\":\"Balai Firebolt Harry Potter Licence Officielle | R\u00e9plique Manga Cin\u00e9\",\"isPartOf\":{\"@id\":\"https:\\\/\\\/repliquemangacine.fr\\\/#website\"},\"primaryImageOfPage\":{\"@id\":\"https:\\\/\\\/repliquemangacine.fr\\\/collectors-et-goodies-harry-potter\\\/balai-firebolt-harry-potter\\\/#primaryimage\"},\"image\":{\"@id\":\"https:\\\/\\\/repliquemangacine.fr\\\/collectors-et-goodies-harry-potter\\\/balai-firebolt-harry-potter\\\/#primaryimage\"},\"thumbnailUrl\":\"https:\\\/\\\/repliquemangacine.fr\\\/wp-content\\\/uploads\\\/2023\\\/10\\\/Balai-FireBolt-Harry-Potter.jpg\",\"datePublished\":\"2023-02-09T18:37:32+00:00\",\"dateModified\":\"2025-11-21T12:14:28+00:00\",\"description\":\"Exceptionnel, le Balai Firebolt de Harry Potter au meilleur prix. Sous licence Officielle Warner Bros, num\u00e9rot\u00e9e, \u00e9chelle 1\\\/1. Envoi gratuit en 24\\\/48h\",\"breadcrumb\":{\"@id\":\"https:\\\/\\\/repliquemangacine.fr\\\/collectors-et-goodies-harry-potter\\\/balai-firebolt-harry-potter\\\/#breadcrumb\"},\"inLanguage\":\"it-IT\",\"potentialAction\":[{\"@type\":\"ReadAction\",\"target\":[\"https:\\\/\\\/repliquemangacine.fr\\\/collectors-et-goodies-harry-potter\\\/balai-firebolt-harry-potter\\\/\"]}]},{\"@type\":\"ImageObject\",\"inLanguage\":\"it-IT\",\"@id\":\"https:\\\/\\\/repliquemangacine.fr\\\/collectors-et-goodies-harry-potter\\\/balai-firebolt-harry-potter\\\/#primaryimage\",\"url\":\"https:\\\/\\\/repliquemangacine.fr\\\/wp-content\\\/uploads\\\/2023\\\/10\\\/Balai-FireBolt-Harry-Potter.jpg\",\"contentUrl\":\"https:\\\/\\\/repliquemangacine.fr\\\/wp-content\\\/uploads\\\/2023\\\/10\\\/Balai-FireBolt-Harry-Potter.jpg\",\"width\":500,\"height\":500,\"caption\":\"Balai Firebolt Harry Potter \u00e9clair de feu\"},{\"@type\":\"BreadcrumbList\",\"@id\":\"https:\\\/\\\/repliquemangacine.fr\\\/collectors-et-goodies-harry-potter\\\/balai-firebolt-harry-potter\\\/#breadcrumb\",\"itemListElement\":[{\"@type\":\"ListItem\",\"position\":1,\"name\":\"Accueil\",\"item\":\"https:\\\/\\\/repliquemangacine.fr\\\/\"},{\"@type\":\"ListItem\",\"position\":2,\"name\":\"Produits\",\"item\":\"https:\\\/\\\/repliquemangacine.fr\\\/boutique\\\/\"},{\"@type\":\"ListItem\",\"position\":3,\"name\":\"Balai Firebolt Harry Potter\"}]},{\"@type\":\"WebSite\",\"@id\":\"https:\\\/\\\/repliquemangacine.fr\\\/#website\",\"url\":\"https:\\\/\\\/repliquemangacine.fr\\\/\",\"name\":\"R\u00e9plique Manga Cin\u00e9\",\"description\":\"\",\"publisher\":{\"@id\":\"https:\\\/\\\/repliquemangacine.fr\\\/#organization\"},\"potentialAction\":[{\"@type\":\"SearchAction\",\"target\":{\"@type\":\"EntryPoint\",\"urlTemplate\":\"https:\\\/\\\/repliquemangacine.fr\\\/?s={search_term_string}\"},\"query-input\":{\"@type\":\"PropertyValueSpecification\",\"valueRequired\":true,\"valueName\":\"search_term_string\"}}],\"inLanguage\":\"it-IT\"},{\"@type\":\"Organization\",\"@id\":\"https:\\\/\\\/repliquemangacine.fr\\\/#organization\",\"name\":\"R\u00e9plique Manga Cin\u00e9\",\"url\":\"https:\\\/\\\/repliquemangacine.fr\\\/\",\"logo\":{\"@type\":\"ImageObject\",\"inLanguage\":\"it-IT\",\"@id\":\"https:\\\/\\\/repliquemangacine.fr\\\/#\\\/schema\\\/logo\\\/image\\\/\",\"url\":\"https:\\\/\\\/repliquemangacine.fr\\\/wp-content\\\/uploads\\\/2023\\\/10\\\/RMC-500250.png\",\"contentUrl\":\"https:\\\/\\\/repliquemangacine.fr\\\/wp-content\\\/uploads\\\/2023\\\/10\\\/RMC-500250.png\",\"width\":500,\"height\":250,\"caption\":\"R\u00e9plique Manga Cin\u00e9\"},\"image\":{\"@id\":\"https:\\\/\\\/repliquemangacine.fr\\\/#\\\/schema\\\/logo\\\/image\\\/\"},\"sameAs\":[\"https:\\\/\\\/www.facebook.com\\\/RepliqueMangaCine\",\"https:\\\/\\\/www.instagram.com\\\/repliquemangacine.fr\\\/\"]}]}<\/script>\n<!-- \/ Yoast SEO plugin. -->","yoast_head_json":{"title":"Scopa Firebolt Harry Potter Licenza Ufficiale | R\u00e9plique Manga Cin\u00e9","description":"Eccezionale, la scopa Firebolt di Harry Potter al miglior prezzo. Licenza ufficiale Warner Bros, numerata, scala 1\/1. Consegna gratuita in 24\/48 ore","robots":{"index":"index","follow":"follow","max-snippet":"max-snippet:-1","max-image-preview":"max-image-preview:large","max-video-preview":"max-video-preview:-1"},"canonical":"https:\/\/repliquemangacine.fr\/it\/collezionisti-di-harry-potter-e-chicche\/scopa-di-harry-potter-firebolt\/","og_locale":"it_IT","og_type":"article","og_title":"Balai Firebolt Harry Potter Licence Officielle | R\u00e9plique Manga Cin\u00e9","og_description":"Exceptionnel, le Balai Firebolt de Harry Potter au meilleur prix. Sous licence Officielle Warner Bros, num\u00e9rot\u00e9e, \u00e9chelle 1\/1. Envoi gratuit en 24\/48h","og_url":"https:\/\/repliquemangacine.fr\/it\/collezionisti-di-harry-potter-e-chicche\/scopa-di-harry-potter-firebolt\/","og_site_name":"R\u00e9plique Manga Cin\u00e9","article_publisher":"https:\/\/www.facebook.com\/RepliqueMangaCine","article_modified_time":"2025-11-21T12:14:28+00:00","og_image":[{"width":500,"height":500,"url":"https:\/\/repliquemangacine.fr\/wp-content\/uploads\/2023\/10\/Balai-FireBolt-Harry-Potter.jpg","type":"image\/jpeg"}],"twitter_card":"summary_large_image","twitter_misc":{"Tempo di lettura stimato":"3 minuti"},"schema":{"@context":"https:\/\/schema.org","@graph":[{"@type":"WebPage","@id":"https:\/\/repliquemangacine.fr\/collectors-et-goodies-harry-potter\/balai-firebolt-harry-potter\/","url":"https:\/\/repliquemangacine.fr\/collectors-et-goodies-harry-potter\/balai-firebolt-harry-potter\/","name":"Scopa Firebolt Harry Potter Licenza Ufficiale | R\u00e9plique Manga Cin\u00e9","isPartOf":{"@id":"https:\/\/repliquemangacine.fr\/#website"},"primaryImageOfPage":{"@id":"https:\/\/repliquemangacine.fr\/collectors-et-goodies-harry-potter\/balai-firebolt-harry-potter\/#primaryimage"},"image":{"@id":"https:\/\/repliquemangacine.fr\/collectors-et-goodies-harry-potter\/balai-firebolt-harry-potter\/#primaryimage"},"thumbnailUrl":"https:\/\/repliquemangacine.fr\/wp-content\/uploads\/2023\/10\/Balai-FireBolt-Harry-Potter.jpg","datePublished":"2023-02-09T18:37:32+00:00","dateModified":"2025-11-21T12:14:28+00:00","description":"Eccezionale, la scopa Firebolt di Harry Potter al miglior prezzo. Licenza ufficiale Warner Bros, numerata, scala 1\/1. Consegna gratuita in 24\/48 ore","breadcrumb":{"@id":"https:\/\/repliquemangacine.fr\/collectors-et-goodies-harry-potter\/balai-firebolt-harry-potter\/#breadcrumb"},"inLanguage":"it-IT","potentialAction":[{"@type":"ReadAction","target":["https:\/\/repliquemangacine.fr\/collectors-et-goodies-harry-potter\/balai-firebolt-harry-potter\/"]}]},{"@type":"ImageObject","inLanguage":"it-IT","@id":"https:\/\/repliquemangacine.fr\/collectors-et-goodies-harry-potter\/balai-firebolt-harry-potter\/#primaryimage","url":"https:\/\/repliquemangacine.fr\/wp-content\/uploads\/2023\/10\/Balai-FireBolt-Harry-Potter.jpg","contentUrl":"https:\/\/repliquemangacine.fr\/wp-content\/uploads\/2023\/10\/Balai-FireBolt-Harry-Potter.jpg","width":500,"height":500,"caption":"Balai Firebolt Harry Potter \u00e9clair de feu"},{"@type":"BreadcrumbList","@id":"https:\/\/repliquemangacine.fr\/collectors-et-goodies-harry-potter\/balai-firebolt-harry-potter\/#breadcrumb","itemListElement":[{"@type":"ListItem","position":1,"name":"Accueil","item":"https:\/\/repliquemangacine.fr\/"},{"@type":"ListItem","position":2,"name":"Produits","item":"https:\/\/repliquemangacine.fr\/boutique\/"},{"@type":"ListItem","position":3,"name":"Balai Firebolt Harry Potter"}]},{"@type":"WebSite","@id":"https:\/\/repliquemangacine.fr\/#website","url":"https:\/\/repliquemangacine.fr\/","name":"R\u00e9plique Manga Cin\u00e9","description":"","publisher":{"@id":"https:\/\/repliquemangacine.fr\/#organization"},"potentialAction":[{"@type":"SearchAction","target":{"@type":"EntryPoint","urlTemplate":"https:\/\/repliquemangacine.fr\/?s={search_term_string}"},"query-input":{"@type":"PropertyValueSpecification","valueRequired":true,"valueName":"search_term_string"}}],"inLanguage":"it-IT"},{"@type":"Organization","@id":"https:\/\/repliquemangacine.fr\/#organization","name":"R\u00e9plique Manga Cin\u00e9","url":"https:\/\/repliquemangacine.fr\/","logo":{"@type":"ImageObject","inLanguage":"it-IT","@id":"https:\/\/repliquemangacine.fr\/#\/schema\/logo\/image\/","url":"https:\/\/repliquemangacine.fr\/wp-content\/uploads\/2023\/10\/RMC-500250.png","contentUrl":"https:\/\/repliquemangacine.fr\/wp-content\/uploads\/2023\/10\/RMC-500250.png","width":500,"height":250,"caption":"R\u00e9plique Manga Cin\u00e9"},"image":{"@id":"https:\/\/repliquemangacine.fr\/#\/schema\/logo\/image\/"},"sameAs":["https:\/\/www.facebook.com\/RepliqueMangaCine","https:\/\/www.instagram.com\/repliquemangacine.fr\/"]}]}},"_links":{"self":[{"href":"https:\/\/repliquemangacine.fr\/it\/wp-json\/wp\/v2\/product\/58576","targetHints":{"allow":["GET"]}}],"collection":[{"href":"https:\/\/repliquemangacine.fr\/it\/wp-json\/wp\/v2\/product"}],"about":[{"href":"https:\/\/repliquemangacine.fr\/it\/wp-json\/wp\/v2\/types\/product"}],"wp:featuredmedia":[{"embeddable":true,"href":"https:\/\/repliquemangacine.fr\/it\/wp-json\/wp\/v2\/media\/58577"}],"wp:attachment":[{"href":"https:\/\/repliquemangacine.fr\/it\/wp-json\/wp\/v2\/media?parent=58576"}],"wp:term":[{"taxonomy":"product_brand","embeddable":true,"href":"https:\/\/repliquemangacine.fr\/it\/wp-json\/wp\/v2\/product_brand?post=58576"},{"taxonomy":"product_cat","embeddable":true,"href":"https:\/\/repliquemangacine.fr\/it\/wp-json\/wp\/v2\/product_cat?post=58576"},{"taxonomy":"product_tag","embeddable":true,"href":"https:\/\/repliquemangacine.fr\/it\/wp-json\/wp\/v2\/product_tag?post=58576"}],"curies":[{"name":"wp","href":"https:\/\/api.w.org\/{rel}","templated":true}]}}