





{"id":58565,"date":"2023-02-09T15:20:16","date_gmt":"2023-02-09T14:20:16","guid":{"rendered":"https:\/\/repliquemangacine.fr\/?post_type=product&#038;p=58565"},"modified":"2025-11-21T13:15:30","modified_gmt":"2025-11-21T12:15:30","slug":"collana-arwen-del-signore-degli-anelli","status":"publish","type":"product","link":"https:\/\/repliquemangacine.fr\/it\/bijoux-anneaux\/collier-arwen-seigneur-des-anneaux\/","title":{"rendered":"Collana Arwen del Signore degli Anelli"},"content":{"rendered":"<h2>Collana Arwen, il Signore degli Anelli, Stella della Sera<\/h2>\n<p>Le <strong>Collana Arwen del Signore degli Anelli<\/strong> si chiama Stella della Sera. Questo ciondolo di Arwen non sembra contenere alcun potere. Al contrario, sembra contenere una forza di tipo molto diverso.<\/p>\n<p>In effetti, si potrebbe pensare che rappresenti la condizione immortale di Arwen. Infatti, nella prima parte, Arwen lo regala ad Aragorn per confermare il suo amore per lui. E se gli dona il suo amore, perde la sua immortalit\u00e0, diventando cos\u00ec parte del destino di Luthien Tinuviel.<\/p>\n<p>Un'altra interpretazione, nel film, appare alla fine. Per qualche motivo, Peter Jackson ha collegato Arwen e la sua collana al destino del portatore dell'anello.<br \/>\nNell'ultima parte, mentre Frodo si indebolisce, la vita di Arwen declina e vediamo Elrond trarre alcune serie conclusioni.<\/p>\n<h2>Ciondolo Arwen, Stella della sera al miglior prezzo.<\/h2>\n<p>Offriamo un'ampia gamma di spade e gioielli economici del Signore degli Anelli. Replica o ufficiale <a href=\"https:\/\/noblecollection.fr\/arwen-pendentif-etoile-soir-replique-seigneur-des-anneaux-p-11.html\" target=\"_blank\" rel=\"noopener noreferrer\">Collezione Nobile<\/a>, Non vi resta che fare la vostra scelta.<\/p>\n<p>Prima di tutto,<\/p>\n<ul>\n<li>L'<a href=\"https:\/\/repliquemangacine.fr\/it\/spade-del-signore-degli-anelli\/spada-arwen-sciabola-hadhafang\/\">Spada Hadhafang di Arwen<\/a> con la lama incisa con rune elfiche.<\/li>\n<li>C'\u00e8 anche la famosa spada riforgiata dagli elfi, la<a href=\"https:\/\/repliquemangacine.fr\/it\/il-signore-degli-anelli\/spada-anduril-aragorn-signore-degli-anelli\/\">Anduril<\/a> \"Fiamma dell'Occidente<\/li>\n<li>Cos\u00ec come il <a href=\"https:\/\/repliquemangacine.fr\/it\/anelli-di-gioielleria\/spilla-per-collana-lorien-leaf-signore-degli-anelli\/\">Collana con spilla a forma di foglia Lorien<\/a> simbolo degli Elfi.<\/li>\n<li>Concludiamo con l'iconico e imperdibile <a href=\"https:\/\/repliquemangacine.fr\/it\/il-signore-degli-anelli\/anneau-unique-le-precieux\/\">Anello singolo<\/a>. Gollum chiama questo anello del potere \"il mio prezioso\".<\/li>\n<li>E molti altri da scoprire nel nostro negozio online.<\/li>\n<\/ul>\n<p>Ecco perch\u00e9 abbiamo pensato ad alcune idee regalo per tutti coloro che amano la trilogia del Signore degli Anelli.<\/p>\n<h2>Le nostre ultime spade, gioielli e oggetti da collezione economici del Signore degli Anelli.<\/h2>\n<ul>\n<li>Il primo \u00e8 il magnifico set di scacchi da 32 pezzi che rappresenta \"La battaglia della Terra di Mezzo\". Ogni pezzo \u00e8 finemente scolpito con i personaggi principali della trilogia.<\/li>\n<li>Successivamente, il<a href=\"https:\/\/repliquemangacine.fr\/it\/spade-del-signore-degli-anelli\/signore-degli-anelli-re-stregone-spada\/\">Spada del Re Stregone<\/a> (Re Stregone), signore dei Nazgul. Con lama martellata e guardia speciale.<\/li>\n<li>Cos\u00ec come il<a href=\"https:\/\/repliquemangacine.fr\/it\/spade-del-signore-degli-anelli\/signore-degli-anelli-nazgul-spada-cavalieri-neri-spada\/\">spada dei cavalieri neri<\/a> \"I Nazgul, servitori di Sauron. Questa spada ha una lama e una guardia martellate di forma speciale.<\/li>\n<\/ul>\n<p>In conclusione, ci impegniamo a tenervi aggiornati su tutte le novit\u00e0 del mercato. Non esitate a farci sapere cosa vorreste vedere nelle vostre collezioni.<\/p>\n<p>R\u00e9plique Manga Cin\u00e9 \u00e8 un'azienda familiare francese.<\/p>","protected":false},"excerpt":{"rendered":"<p>Splendida replica del ciondolo Arwen Evening Star. Questa riproduzione ufficiale \u00e8 distribuita da <strong>Collezione Nobile<\/strong>.<\/p>\n<ul>\n<li>Ciondolo argentato<\/li>\n<li>Intarsiato con cristalli (strass)<\/li>\n<li>Fornito con catena da 45 cm<\/li>\n<li>Il ciondolo misura 6,3 cm<\/li>\n<li>Fornito in una scatola di cartone del Signore degli Anelli<\/li>\n<\/ul>","protected":false},"featured_media":58566,"template":"","meta":[],"product_brand":[896],"product_cat":[78,24,29],"product_tag":[],"class_list":{"0":"post-58565","1":"product","2":"type-product","3":"status-publish","4":"has-post-thumbnail","6":"product_brand-replique-manga-cine","7":"product_cat-bijoux-anneaux","8":"product_cat-films-series-tv-vente-de-katana-epee-et-produits-derives","9":"product_cat-le-seigneur-des-anneaux","11":"first","12":"outofstock","13":"taxable","14":"shipping-taxable","15":"purchasable","16":"product-type-simple"},"yoast_head":"<!-- This site is optimized with the Yoast SEO plugin v27.4 - https:\/\/yoast.com\/product\/yoast-seo-wordpress\/ -->\n<title>Collier Arwen Seigneur des Anneaux | R\u00e9plique Manga Cin\u00e9<\/title>\n<meta name=\"description\" content=\"Votre Collier d&#039;Arwen dans le Seigneur des Anneaux au meilleur prix. Pendentif \u00e9toile du soir pas cher. Livraison gratuite d\u00e8s 99\u20ac d&#039;achats - Envoi 24\/48h\" \/>\n<meta name=\"robots\" content=\"index, follow, max-snippet:-1, max-image-preview:large, max-video-preview:-1\" \/>\n<link rel=\"canonical\" href=\"https:\/\/repliquemangacine.fr\/it\/anelli-di-gioielleria\/collana-arwen-del-signore-degli-anelli\/\" \/>\n<meta property=\"og:locale\" content=\"it_IT\" \/>\n<meta property=\"og:type\" content=\"article\" \/>\n<meta property=\"og:title\" content=\"Collier Arwen Seigneur des Anneaux | R\u00e9plique Manga Cin\u00e9\" \/>\n<meta property=\"og:description\" content=\"Votre Collier d&#039;Arwen dans le Seigneur des Anneaux au meilleur prix. Pendentif \u00e9toile du soir pas cher. Livraison gratuite d\u00e8s 99\u20ac d&#039;achats - Envoi 24\/48h\" \/>\n<meta property=\"og:url\" content=\"https:\/\/repliquemangacine.fr\/it\/anelli-di-gioielleria\/collana-arwen-del-signore-degli-anelli\/\" \/>\n<meta property=\"og:site_name\" content=\"R\u00e9plique Manga Cin\u00e9\" \/>\n<meta property=\"article:publisher\" content=\"https:\/\/www.facebook.com\/RepliqueMangaCine\" \/>\n<meta property=\"article:modified_time\" content=\"2025-11-21T12:15:30+00:00\" \/>\n<meta property=\"og:image\" content=\"https:\/\/repliquemangacine.fr\/wp-content\/uploads\/2023\/10\/Pendentif-Arwen-avec-boite.jpg\" \/>\n\t<meta property=\"og:image:width\" content=\"500\" \/>\n\t<meta property=\"og:image:height\" content=\"500\" \/>\n\t<meta property=\"og:image:type\" content=\"image\/jpeg\" \/>\n<meta name=\"twitter:card\" content=\"summary_large_image\" \/>\n<meta name=\"twitter:label1\" content=\"Tempo di lettura stimato\" \/>\n\t<meta name=\"twitter:data1\" content=\"3 minuti\" \/>\n<script type=\"application\/ld+json\" class=\"yoast-schema-graph\">{\"@context\":\"https:\\\/\\\/schema.org\",\"@graph\":[{\"@type\":\"WebPage\",\"@id\":\"https:\\\/\\\/repliquemangacine.fr\\\/bijoux-anneaux\\\/collier-arwen-seigneur-des-anneaux\\\/\",\"url\":\"https:\\\/\\\/repliquemangacine.fr\\\/bijoux-anneaux\\\/collier-arwen-seigneur-des-anneaux\\\/\",\"name\":\"Collier Arwen Seigneur des Anneaux | R\u00e9plique Manga Cin\u00e9\",\"isPartOf\":{\"@id\":\"https:\\\/\\\/repliquemangacine.fr\\\/#website\"},\"primaryImageOfPage\":{\"@id\":\"https:\\\/\\\/repliquemangacine.fr\\\/bijoux-anneaux\\\/collier-arwen-seigneur-des-anneaux\\\/#primaryimage\"},\"image\":{\"@id\":\"https:\\\/\\\/repliquemangacine.fr\\\/bijoux-anneaux\\\/collier-arwen-seigneur-des-anneaux\\\/#primaryimage\"},\"thumbnailUrl\":\"https:\\\/\\\/repliquemangacine.fr\\\/wp-content\\\/uploads\\\/2023\\\/10\\\/Pendentif-Arwen-avec-boite.jpg\",\"datePublished\":\"2023-02-09T14:20:16+00:00\",\"dateModified\":\"2025-11-21T12:15:30+00:00\",\"description\":\"Votre Collier d'Arwen dans le Seigneur des Anneaux au meilleur prix. Pendentif \u00e9toile du soir pas cher. Livraison gratuite d\u00e8s 99\u20ac d'achats - Envoi 24\\\/48h\",\"breadcrumb\":{\"@id\":\"https:\\\/\\\/repliquemangacine.fr\\\/bijoux-anneaux\\\/collier-arwen-seigneur-des-anneaux\\\/#breadcrumb\"},\"inLanguage\":\"it-IT\",\"potentialAction\":[{\"@type\":\"ReadAction\",\"target\":[\"https:\\\/\\\/repliquemangacine.fr\\\/bijoux-anneaux\\\/collier-arwen-seigneur-des-anneaux\\\/\"]}]},{\"@type\":\"ImageObject\",\"inLanguage\":\"it-IT\",\"@id\":\"https:\\\/\\\/repliquemangacine.fr\\\/bijoux-anneaux\\\/collier-arwen-seigneur-des-anneaux\\\/#primaryimage\",\"url\":\"https:\\\/\\\/repliquemangacine.fr\\\/wp-content\\\/uploads\\\/2023\\\/10\\\/Pendentif-Arwen-avec-boite.jpg\",\"contentUrl\":\"https:\\\/\\\/repliquemangacine.fr\\\/wp-content\\\/uploads\\\/2023\\\/10\\\/Pendentif-Arwen-avec-boite.jpg\",\"width\":500,\"height\":500,\"caption\":\"Collier Arwen Seigneur des Anneaux\"},{\"@type\":\"BreadcrumbList\",\"@id\":\"https:\\\/\\\/repliquemangacine.fr\\\/bijoux-anneaux\\\/collier-arwen-seigneur-des-anneaux\\\/#breadcrumb\",\"itemListElement\":[{\"@type\":\"ListItem\",\"position\":1,\"name\":\"Accueil\",\"item\":\"https:\\\/\\\/repliquemangacine.fr\\\/\"},{\"@type\":\"ListItem\",\"position\":2,\"name\":\"Produits\",\"item\":\"https:\\\/\\\/repliquemangacine.fr\\\/boutique\\\/\"},{\"@type\":\"ListItem\",\"position\":3,\"name\":\"Collier Arwen Seigneur des Anneaux\"}]},{\"@type\":\"WebSite\",\"@id\":\"https:\\\/\\\/repliquemangacine.fr\\\/#website\",\"url\":\"https:\\\/\\\/repliquemangacine.fr\\\/\",\"name\":\"R\u00e9plique Manga Cin\u00e9\",\"description\":\"\",\"publisher\":{\"@id\":\"https:\\\/\\\/repliquemangacine.fr\\\/#organization\"},\"potentialAction\":[{\"@type\":\"SearchAction\",\"target\":{\"@type\":\"EntryPoint\",\"urlTemplate\":\"https:\\\/\\\/repliquemangacine.fr\\\/?s={search_term_string}\"},\"query-input\":{\"@type\":\"PropertyValueSpecification\",\"valueRequired\":true,\"valueName\":\"search_term_string\"}}],\"inLanguage\":\"it-IT\"},{\"@type\":\"Organization\",\"@id\":\"https:\\\/\\\/repliquemangacine.fr\\\/#organization\",\"name\":\"R\u00e9plique Manga Cin\u00e9\",\"url\":\"https:\\\/\\\/repliquemangacine.fr\\\/\",\"logo\":{\"@type\":\"ImageObject\",\"inLanguage\":\"it-IT\",\"@id\":\"https:\\\/\\\/repliquemangacine.fr\\\/#\\\/schema\\\/logo\\\/image\\\/\",\"url\":\"https:\\\/\\\/repliquemangacine.fr\\\/wp-content\\\/uploads\\\/2023\\\/10\\\/RMC-500250.png\",\"contentUrl\":\"https:\\\/\\\/repliquemangacine.fr\\\/wp-content\\\/uploads\\\/2023\\\/10\\\/RMC-500250.png\",\"width\":500,\"height\":250,\"caption\":\"R\u00e9plique Manga Cin\u00e9\"},\"image\":{\"@id\":\"https:\\\/\\\/repliquemangacine.fr\\\/#\\\/schema\\\/logo\\\/image\\\/\"},\"sameAs\":[\"https:\\\/\\\/www.facebook.com\\\/RepliqueMangaCine\",\"https:\\\/\\\/www.instagram.com\\\/repliquemangacine.fr\\\/\"]}]}<\/script>\n<!-- \/ Yoast SEO plugin. -->","yoast_head_json":{"title":"Collana Arwen del Signore degli Anelli | R\u00e9plique Manga Cin\u00e9","description":"La vostra collana Arwen del Signore degli Anelli al miglior prezzo. A buon mercato Ciondolo Stella della Sera. Consegna gratuita a partire da 99\u20ac di acquisto - Spedizione 24\/48h","robots":{"index":"index","follow":"follow","max-snippet":"max-snippet:-1","max-image-preview":"max-image-preview:large","max-video-preview":"max-video-preview:-1"},"canonical":"https:\/\/repliquemangacine.fr\/it\/anelli-di-gioielleria\/collana-arwen-del-signore-degli-anelli\/","og_locale":"it_IT","og_type":"article","og_title":"Collier Arwen Seigneur des Anneaux | R\u00e9plique Manga Cin\u00e9","og_description":"Votre Collier d'Arwen dans le Seigneur des Anneaux au meilleur prix. Pendentif \u00e9toile du soir pas cher. Livraison gratuite d\u00e8s 99\u20ac d'achats - Envoi 24\/48h","og_url":"https:\/\/repliquemangacine.fr\/it\/anelli-di-gioielleria\/collana-arwen-del-signore-degli-anelli\/","og_site_name":"R\u00e9plique Manga Cin\u00e9","article_publisher":"https:\/\/www.facebook.com\/RepliqueMangaCine","article_modified_time":"2025-11-21T12:15:30+00:00","og_image":[{"width":500,"height":500,"url":"https:\/\/repliquemangacine.fr\/wp-content\/uploads\/2023\/10\/Pendentif-Arwen-avec-boite.jpg","type":"image\/jpeg"}],"twitter_card":"summary_large_image","twitter_misc":{"Tempo di lettura stimato":"3 minuti"},"schema":{"@context":"https:\/\/schema.org","@graph":[{"@type":"WebPage","@id":"https:\/\/repliquemangacine.fr\/bijoux-anneaux\/collier-arwen-seigneur-des-anneaux\/","url":"https:\/\/repliquemangacine.fr\/bijoux-anneaux\/collier-arwen-seigneur-des-anneaux\/","name":"Collana Arwen del Signore degli Anelli | R\u00e9plique Manga Cin\u00e9","isPartOf":{"@id":"https:\/\/repliquemangacine.fr\/#website"},"primaryImageOfPage":{"@id":"https:\/\/repliquemangacine.fr\/bijoux-anneaux\/collier-arwen-seigneur-des-anneaux\/#primaryimage"},"image":{"@id":"https:\/\/repliquemangacine.fr\/bijoux-anneaux\/collier-arwen-seigneur-des-anneaux\/#primaryimage"},"thumbnailUrl":"https:\/\/repliquemangacine.fr\/wp-content\/uploads\/2023\/10\/Pendentif-Arwen-avec-boite.jpg","datePublished":"2023-02-09T14:20:16+00:00","dateModified":"2025-11-21T12:15:30+00:00","description":"La vostra collana Arwen del Signore degli Anelli al miglior prezzo. A buon mercato Ciondolo Stella della Sera. Consegna gratuita a partire da 99\u20ac di acquisto - Spedizione 24\/48h","breadcrumb":{"@id":"https:\/\/repliquemangacine.fr\/bijoux-anneaux\/collier-arwen-seigneur-des-anneaux\/#breadcrumb"},"inLanguage":"it-IT","potentialAction":[{"@type":"ReadAction","target":["https:\/\/repliquemangacine.fr\/bijoux-anneaux\/collier-arwen-seigneur-des-anneaux\/"]}]},{"@type":"ImageObject","inLanguage":"it-IT","@id":"https:\/\/repliquemangacine.fr\/bijoux-anneaux\/collier-arwen-seigneur-des-anneaux\/#primaryimage","url":"https:\/\/repliquemangacine.fr\/wp-content\/uploads\/2023\/10\/Pendentif-Arwen-avec-boite.jpg","contentUrl":"https:\/\/repliquemangacine.fr\/wp-content\/uploads\/2023\/10\/Pendentif-Arwen-avec-boite.jpg","width":500,"height":500,"caption":"Collier Arwen Seigneur des Anneaux"},{"@type":"BreadcrumbList","@id":"https:\/\/repliquemangacine.fr\/bijoux-anneaux\/collier-arwen-seigneur-des-anneaux\/#breadcrumb","itemListElement":[{"@type":"ListItem","position":1,"name":"Accueil","item":"https:\/\/repliquemangacine.fr\/"},{"@type":"ListItem","position":2,"name":"Produits","item":"https:\/\/repliquemangacine.fr\/boutique\/"},{"@type":"ListItem","position":3,"name":"Collier Arwen Seigneur des Anneaux"}]},{"@type":"WebSite","@id":"https:\/\/repliquemangacine.fr\/#website","url":"https:\/\/repliquemangacine.fr\/","name":"R\u00e9plique Manga Cin\u00e9","description":"","publisher":{"@id":"https:\/\/repliquemangacine.fr\/#organization"},"potentialAction":[{"@type":"SearchAction","target":{"@type":"EntryPoint","urlTemplate":"https:\/\/repliquemangacine.fr\/?s={search_term_string}"},"query-input":{"@type":"PropertyValueSpecification","valueRequired":true,"valueName":"search_term_string"}}],"inLanguage":"it-IT"},{"@type":"Organization","@id":"https:\/\/repliquemangacine.fr\/#organization","name":"R\u00e9plique Manga Cin\u00e9","url":"https:\/\/repliquemangacine.fr\/","logo":{"@type":"ImageObject","inLanguage":"it-IT","@id":"https:\/\/repliquemangacine.fr\/#\/schema\/logo\/image\/","url":"https:\/\/repliquemangacine.fr\/wp-content\/uploads\/2023\/10\/RMC-500250.png","contentUrl":"https:\/\/repliquemangacine.fr\/wp-content\/uploads\/2023\/10\/RMC-500250.png","width":500,"height":250,"caption":"R\u00e9plique Manga Cin\u00e9"},"image":{"@id":"https:\/\/repliquemangacine.fr\/#\/schema\/logo\/image\/"},"sameAs":["https:\/\/www.facebook.com\/RepliqueMangaCine","https:\/\/www.instagram.com\/repliquemangacine.fr\/"]}]}},"_links":{"self":[{"href":"https:\/\/repliquemangacine.fr\/it\/wp-json\/wp\/v2\/product\/58565","targetHints":{"allow":["GET"]}}],"collection":[{"href":"https:\/\/repliquemangacine.fr\/it\/wp-json\/wp\/v2\/product"}],"about":[{"href":"https:\/\/repliquemangacine.fr\/it\/wp-json\/wp\/v2\/types\/product"}],"wp:featuredmedia":[{"embeddable":true,"href":"https:\/\/repliquemangacine.fr\/it\/wp-json\/wp\/v2\/media\/58566"}],"wp:attachment":[{"href":"https:\/\/repliquemangacine.fr\/it\/wp-json\/wp\/v2\/media?parent=58565"}],"wp:term":[{"taxonomy":"product_brand","embeddable":true,"href":"https:\/\/repliquemangacine.fr\/it\/wp-json\/wp\/v2\/product_brand?post=58565"},{"taxonomy":"product_cat","embeddable":true,"href":"https:\/\/repliquemangacine.fr\/it\/wp-json\/wp\/v2\/product_cat?post=58565"},{"taxonomy":"product_tag","embeddable":true,"href":"https:\/\/repliquemangacine.fr\/it\/wp-json\/wp\/v2\/product_tag?post=58565"}],"curies":[{"name":"wp","href":"https:\/\/api.w.org\/{rel}","templated":true}]}}