





{"id":58556,"date":"2023-02-09T12:36:37","date_gmt":"2023-02-09T11:36:37","guid":{"rendered":"https:\/\/repliquemangacine.fr\/?post_type=product&#038;p=58556"},"modified":"2025-11-21T13:20:05","modified_gmt":"2025-11-21T12:20:05","slug":"pezzo-unico-katana-raiu-shiliew","status":"publish","type":"product","link":"https:\/\/repliquemangacine.fr\/it\/repliques-manga-jeux-video\/katana-raiu-shiliew-one-piece\/","title":{"rendered":"Katana Raiu Shiliew"},"content":{"rendered":"<h2>Replica della Katana Raiu di Shiliew in One Piece<\/h2>\n<p>Le <strong>Katana Raiu da Shiliew in One Piece<\/strong> \u00e8 assolutamente identico al manga dell'anime. Non si sa molto della Raiu e delle sue capacit\u00e0. Tuttavia, questa spada deve essere potente e resistente, poich\u00e9 appartiene alla famiglia Meito. Il suo nome significa \"Tempesta\" e corrisponde al soprannome di Shiliew \"della pioggia\".<\/p>\n<p><a href=\"https:\/\/onepiece.fandom.com\/fr\/wiki\/Shiryu\" target=\"_blank\" rel=\"noopener noreferrer\">Shiryu<\/a>\u00c8 un vero sociopatico, estremamente crudele e sembra non provare alcuna paura. Inoltre, sembra che si diverta a uccidere le persone ogni volta che pu\u00f2. Sembra essere molto astuto e infido. Infatti, quando Magellano lo ha liberato, Shiryu lo ha immediatamente tradito uccidendo diversi subordinati.<\/p>\n<p>Maestro spadaccino, \u00e8 estremamente abile con un tipo specifico di spada, la Nodachi. Una volta uscito dalla cella del braccio della morte, ha ricevuto il suo Nodachi e ha ucciso in una frazione di secondo gli agenti di Impel Down che lo avevano tirato fuori.<\/p>\n<h2>Katana Raiu di Shiliew in One Piece al miglior prezzo.<\/h2>\n<p>R\u00e9plique Manga Cin\u00e9 vi offre un'ampia scelta di katana One Piece come :<\/p>\n<ul>\n<li>Le <a href=\"https:\/\/repliquemangacine.fr\/it\/katana-monopezzo\/katana-enma-de-zoro-cuir-violet-one-piece\/\">Enma katana<\/a>Spada Zoro in due versioni, fodero in similpelle e fodero dipinto.<\/li>\n<li>Cos\u00ec come il <a href=\"https:\/\/repliquemangacine.fr\/it\/katana-monopezzo\/nidai-kitetsu-la-spada-di-luffy-one-piece\/\">Spada Nidai Kitetsu di Luffy<\/a> con il suo fodero molto speciale<\/li>\n<li>C'\u00e8 anche il <a href=\"https:\/\/repliquemangacine.fr\/it\/katana-monopezzo\/costume-intero-katana-trafalgar-law-viola\/\">Katana nodachi della Legge di Trafalgar<\/a> con il suo manico viola.<\/li>\n<li>E molto altro ancora da scoprire nel nostro negozio online.<\/li>\n<\/ul>\n<p>Ecco perch\u00e9 questa \u00e8 un'ottima idea regalo per i fan di One Piece.<\/p>\n<p><strong>Si prega di notare che tutte le nostre repliche sono oggetti da collezione e decorazioni. Possono essere utilizzate per le sfilate di cosplay o per la decorazione di interni. Di conseguenza, non \u00e8 possibile andare in luoghi pubblici con queste repliche.<\/strong><\/p>\n<h2>Scopri la nostra ultima gamma di katana e di articoli economici di One Piece.<\/h2>\n<p>Sempre all'avanguardia nell'innovazione e sempre pronti ad ascoltare le vostre richieste, abbiamo alcuni articoli da aggiungere alla vostra collezione.<\/p>\n<p>Prima di tutto,<\/p>\n<ul>\n<li>La <a href=\"https:\/\/repliquemangacine.fr\/it\/katana-monopezzo\/canna-da-spada-brook\/\">Asta della spada di Brook<\/a> che utilizza nella maggior parte dei suoi combattimenti. Tutto in metallo con finitura laccata viola.<\/li>\n<li>Successivamente, il <a href=\"https:\/\/repliquemangacine.fr\/it\/katana-monopezzo\/katana-in-legno-shusui-zoro-pezzo-unico\/\">Katana di legno Shusui<\/a> cos\u00ec come la katana e il kitetsu Wado. Queste katane sono sorprendentemente realistiche, ma non faranno male ai vostri bambini.<\/li>\n<li>C'\u00e8 anche il <a href=\"https:\/\/repliquemangacine.fr\/it\/katana-monopezzo\/set-di-16-pezzi-in-un-unico-pezzo\/\">Set da collezione da 16 pezzi di One Piece<\/a>\u00a0con questo portachiavi o ciondolo, a seconda del vostro umore.<\/li>\n<\/ul>\n<p>Vale la pena sottolineare che tutte le sue katane sono pezzi da collezione e oggetti decorativi.<\/p>\n<p>R\u00e9plique Manga Cin\u00e9 \u00e8 un'azienda familiare francese.<\/p>","protected":false},"excerpt":{"rendered":"<p>Magnifica replica della katana Raiu appartenente a Shiryu o Shiliew \"della pioggia\" in One Piece.<\/p>\n<ul>\n<li>Lama non affilata in acciaio inox 440.<\/li>\n<li>Manico in finta pelle di razza rossa ricoperto da una treccia di cotone rosso<\/li>\n<li>Fodero in finta pelle cucito in rosso e bianco con schegge<\/li>\n<li>Protezione quadrata gialla e nera<\/li>\n<li>Lunghezza lama: 67,5 cm - Lunghezza totale: 104,5 cm<\/li>\n<\/ul>","protected":false},"featured_media":58557,"template":"","meta":[],"product_brand":[896],"product_cat":[123,23],"product_tag":[],"class_list":{"0":"post-58556","1":"product","2":"type-product","3":"status-publish","4":"has-post-thumbnail","6":"product_brand-replique-manga-cine","7":"product_cat-katana-en-metal-one-piece","8":"product_cat-repliques-manga-jeux-video","10":"first","11":"instock","12":"taxable","13":"shipping-taxable","14":"purchasable","15":"product-type-simple"},"yoast_head":"<!-- This site is optimized with the Yoast SEO plugin v27.4 - https:\/\/yoast.com\/product\/yoast-seo-wordpress\/ -->\n<title>Katana Raiu Shiliew - Boutique en ligne | RMC<\/title>\n<meta name=\"description\" content=\"Le Katana Raiu de Shiliew dans One Piece au meilleur prix sur repliquemangacine.fr. Profitez de la livraison gratuite d\u00e8s 99\u20ac d&#039;achats- Envoi 24\/48h\" \/>\n<meta name=\"robots\" content=\"index, follow, max-snippet:-1, max-image-preview:large, max-video-preview:-1\" \/>\n<link rel=\"canonical\" href=\"https:\/\/repliquemangacine.fr\/it\/videogiochi-manga-replica\/pezzo-unico-katana-raiu-shiliew\/\" \/>\n<meta property=\"og:locale\" content=\"it_IT\" \/>\n<meta property=\"og:type\" content=\"article\" \/>\n<meta property=\"og:title\" content=\"Katana Raiu Shiliew - Boutique en ligne | RMC\" \/>\n<meta property=\"og:description\" content=\"Le Katana Raiu de Shiliew dans One Piece au meilleur prix sur repliquemangacine.fr. Profitez de la livraison gratuite d\u00e8s 99\u20ac d&#039;achats- Envoi 24\/48h\" \/>\n<meta property=\"og:url\" content=\"https:\/\/repliquemangacine.fr\/it\/videogiochi-manga-replica\/pezzo-unico-katana-raiu-shiliew\/\" \/>\n<meta property=\"og:site_name\" content=\"R\u00e9plique Manga Cin\u00e9\" \/>\n<meta property=\"article:publisher\" content=\"https:\/\/www.facebook.com\/RepliqueMangaCine\" \/>\n<meta property=\"article:modified_time\" content=\"2025-11-21T12:20:05+00:00\" \/>\n<meta property=\"og:image\" content=\"https:\/\/repliquemangacine.fr\/wp-content\/uploads\/2023\/10\/katana-One-piece-shiryu-de-la-pluie.jpg\" \/>\n\t<meta property=\"og:image:width\" content=\"500\" \/>\n\t<meta property=\"og:image:height\" content=\"500\" \/>\n\t<meta property=\"og:image:type\" content=\"image\/jpeg\" \/>\n<meta name=\"twitter:card\" content=\"summary_large_image\" \/>\n<meta name=\"twitter:label1\" content=\"Tempo di lettura stimato\" \/>\n\t<meta name=\"twitter:data1\" content=\"3 minuti\" \/>\n<script type=\"application\/ld+json\" class=\"yoast-schema-graph\">{\"@context\":\"https:\\\/\\\/schema.org\",\"@graph\":[{\"@type\":\"WebPage\",\"@id\":\"https:\\\/\\\/repliquemangacine.fr\\\/repliques-manga-jeux-video\\\/katana-raiu-shiliew-one-piece\\\/\",\"url\":\"https:\\\/\\\/repliquemangacine.fr\\\/repliques-manga-jeux-video\\\/katana-raiu-shiliew-one-piece\\\/\",\"name\":\"Katana Raiu Shiliew - Boutique en ligne | RMC\",\"isPartOf\":{\"@id\":\"https:\\\/\\\/repliquemangacine.fr\\\/#website\"},\"primaryImageOfPage\":{\"@id\":\"https:\\\/\\\/repliquemangacine.fr\\\/repliques-manga-jeux-video\\\/katana-raiu-shiliew-one-piece\\\/#primaryimage\"},\"image\":{\"@id\":\"https:\\\/\\\/repliquemangacine.fr\\\/repliques-manga-jeux-video\\\/katana-raiu-shiliew-one-piece\\\/#primaryimage\"},\"thumbnailUrl\":\"https:\\\/\\\/repliquemangacine.fr\\\/wp-content\\\/uploads\\\/2023\\\/10\\\/katana-One-piece-shiryu-de-la-pluie.jpg\",\"datePublished\":\"2023-02-09T11:36:37+00:00\",\"dateModified\":\"2025-11-21T12:20:05+00:00\",\"description\":\"Le Katana Raiu de Shiliew dans One Piece au meilleur prix sur repliquemangacine.fr. Profitez de la livraison gratuite d\u00e8s 99\u20ac d'achats- Envoi 24\\\/48h\",\"breadcrumb\":{\"@id\":\"https:\\\/\\\/repliquemangacine.fr\\\/repliques-manga-jeux-video\\\/katana-raiu-shiliew-one-piece\\\/#breadcrumb\"},\"inLanguage\":\"it-IT\",\"potentialAction\":[{\"@type\":\"ReadAction\",\"target\":[\"https:\\\/\\\/repliquemangacine.fr\\\/repliques-manga-jeux-video\\\/katana-raiu-shiliew-one-piece\\\/\"]}]},{\"@type\":\"ImageObject\",\"inLanguage\":\"it-IT\",\"@id\":\"https:\\\/\\\/repliquemangacine.fr\\\/repliques-manga-jeux-video\\\/katana-raiu-shiliew-one-piece\\\/#primaryimage\",\"url\":\"https:\\\/\\\/repliquemangacine.fr\\\/wp-content\\\/uploads\\\/2023\\\/10\\\/katana-One-piece-shiryu-de-la-pluie.jpg\",\"contentUrl\":\"https:\\\/\\\/repliquemangacine.fr\\\/wp-content\\\/uploads\\\/2023\\\/10\\\/katana-One-piece-shiryu-de-la-pluie.jpg\",\"width\":500,\"height\":500,\"caption\":\"Katana Raiu Shiliew One Piece\"},{\"@type\":\"BreadcrumbList\",\"@id\":\"https:\\\/\\\/repliquemangacine.fr\\\/repliques-manga-jeux-video\\\/katana-raiu-shiliew-one-piece\\\/#breadcrumb\",\"itemListElement\":[{\"@type\":\"ListItem\",\"position\":1,\"name\":\"Accueil\",\"item\":\"https:\\\/\\\/repliquemangacine.fr\\\/\"},{\"@type\":\"ListItem\",\"position\":2,\"name\":\"Produits\",\"item\":\"https:\\\/\\\/repliquemangacine.fr\\\/boutique\\\/\"},{\"@type\":\"ListItem\",\"position\":3,\"name\":\"Katana Raiu Shiliew\"}]},{\"@type\":\"WebSite\",\"@id\":\"https:\\\/\\\/repliquemangacine.fr\\\/#website\",\"url\":\"https:\\\/\\\/repliquemangacine.fr\\\/\",\"name\":\"R\u00e9plique Manga Cin\u00e9\",\"description\":\"\",\"publisher\":{\"@id\":\"https:\\\/\\\/repliquemangacine.fr\\\/#organization\"},\"potentialAction\":[{\"@type\":\"SearchAction\",\"target\":{\"@type\":\"EntryPoint\",\"urlTemplate\":\"https:\\\/\\\/repliquemangacine.fr\\\/?s={search_term_string}\"},\"query-input\":{\"@type\":\"PropertyValueSpecification\",\"valueRequired\":true,\"valueName\":\"search_term_string\"}}],\"inLanguage\":\"it-IT\"},{\"@type\":\"Organization\",\"@id\":\"https:\\\/\\\/repliquemangacine.fr\\\/#organization\",\"name\":\"R\u00e9plique Manga Cin\u00e9\",\"url\":\"https:\\\/\\\/repliquemangacine.fr\\\/\",\"logo\":{\"@type\":\"ImageObject\",\"inLanguage\":\"it-IT\",\"@id\":\"https:\\\/\\\/repliquemangacine.fr\\\/#\\\/schema\\\/logo\\\/image\\\/\",\"url\":\"https:\\\/\\\/repliquemangacine.fr\\\/wp-content\\\/uploads\\\/2023\\\/10\\\/RMC-500250.png\",\"contentUrl\":\"https:\\\/\\\/repliquemangacine.fr\\\/wp-content\\\/uploads\\\/2023\\\/10\\\/RMC-500250.png\",\"width\":500,\"height\":250,\"caption\":\"R\u00e9plique Manga Cin\u00e9\"},\"image\":{\"@id\":\"https:\\\/\\\/repliquemangacine.fr\\\/#\\\/schema\\\/logo\\\/image\\\/\"},\"sameAs\":[\"https:\\\/\\\/www.facebook.com\\\/RepliqueMangaCine\",\"https:\\\/\\\/www.instagram.com\\\/repliquemangacine.fr\\\/\"]}]}<\/script>\n<!-- \/ Yoast SEO plugin. -->","yoast_head_json":{"title":"Katana Raiu Shiliew - Boutique in linea | RMC","description":"La Katana Raiu di Shiliew in One Piece al miglior prezzo su repliquemangacine.fr. Approfitta della consegna gratuita a partire da 99\u20ac di acquisto- Spedizione 24\/48h","robots":{"index":"index","follow":"follow","max-snippet":"max-snippet:-1","max-image-preview":"max-image-preview:large","max-video-preview":"max-video-preview:-1"},"canonical":"https:\/\/repliquemangacine.fr\/it\/videogiochi-manga-replica\/pezzo-unico-katana-raiu-shiliew\/","og_locale":"it_IT","og_type":"article","og_title":"Katana Raiu Shiliew - Boutique en ligne | RMC","og_description":"Le Katana Raiu de Shiliew dans One Piece au meilleur prix sur repliquemangacine.fr. Profitez de la livraison gratuite d\u00e8s 99\u20ac d'achats- Envoi 24\/48h","og_url":"https:\/\/repliquemangacine.fr\/it\/videogiochi-manga-replica\/pezzo-unico-katana-raiu-shiliew\/","og_site_name":"R\u00e9plique Manga Cin\u00e9","article_publisher":"https:\/\/www.facebook.com\/RepliqueMangaCine","article_modified_time":"2025-11-21T12:20:05+00:00","og_image":[{"width":500,"height":500,"url":"https:\/\/repliquemangacine.fr\/wp-content\/uploads\/2023\/10\/katana-One-piece-shiryu-de-la-pluie.jpg","type":"image\/jpeg"}],"twitter_card":"summary_large_image","twitter_misc":{"Tempo di lettura stimato":"3 minuti"},"schema":{"@context":"https:\/\/schema.org","@graph":[{"@type":"WebPage","@id":"https:\/\/repliquemangacine.fr\/repliques-manga-jeux-video\/katana-raiu-shiliew-one-piece\/","url":"https:\/\/repliquemangacine.fr\/repliques-manga-jeux-video\/katana-raiu-shiliew-one-piece\/","name":"Katana Raiu Shiliew - Boutique in linea | RMC","isPartOf":{"@id":"https:\/\/repliquemangacine.fr\/#website"},"primaryImageOfPage":{"@id":"https:\/\/repliquemangacine.fr\/repliques-manga-jeux-video\/katana-raiu-shiliew-one-piece\/#primaryimage"},"image":{"@id":"https:\/\/repliquemangacine.fr\/repliques-manga-jeux-video\/katana-raiu-shiliew-one-piece\/#primaryimage"},"thumbnailUrl":"https:\/\/repliquemangacine.fr\/wp-content\/uploads\/2023\/10\/katana-One-piece-shiryu-de-la-pluie.jpg","datePublished":"2023-02-09T11:36:37+00:00","dateModified":"2025-11-21T12:20:05+00:00","description":"La Katana Raiu di Shiliew in One Piece al miglior prezzo su repliquemangacine.fr. Approfitta della consegna gratuita a partire da 99\u20ac di acquisto- Spedizione 24\/48h","breadcrumb":{"@id":"https:\/\/repliquemangacine.fr\/repliques-manga-jeux-video\/katana-raiu-shiliew-one-piece\/#breadcrumb"},"inLanguage":"it-IT","potentialAction":[{"@type":"ReadAction","target":["https:\/\/repliquemangacine.fr\/repliques-manga-jeux-video\/katana-raiu-shiliew-one-piece\/"]}]},{"@type":"ImageObject","inLanguage":"it-IT","@id":"https:\/\/repliquemangacine.fr\/repliques-manga-jeux-video\/katana-raiu-shiliew-one-piece\/#primaryimage","url":"https:\/\/repliquemangacine.fr\/wp-content\/uploads\/2023\/10\/katana-One-piece-shiryu-de-la-pluie.jpg","contentUrl":"https:\/\/repliquemangacine.fr\/wp-content\/uploads\/2023\/10\/katana-One-piece-shiryu-de-la-pluie.jpg","width":500,"height":500,"caption":"Katana Raiu Shiliew One Piece"},{"@type":"BreadcrumbList","@id":"https:\/\/repliquemangacine.fr\/repliques-manga-jeux-video\/katana-raiu-shiliew-one-piece\/#breadcrumb","itemListElement":[{"@type":"ListItem","position":1,"name":"Accueil","item":"https:\/\/repliquemangacine.fr\/"},{"@type":"ListItem","position":2,"name":"Produits","item":"https:\/\/repliquemangacine.fr\/boutique\/"},{"@type":"ListItem","position":3,"name":"Katana Raiu Shiliew"}]},{"@type":"WebSite","@id":"https:\/\/repliquemangacine.fr\/#website","url":"https:\/\/repliquemangacine.fr\/","name":"R\u00e9plique Manga Cin\u00e9","description":"","publisher":{"@id":"https:\/\/repliquemangacine.fr\/#organization"},"potentialAction":[{"@type":"SearchAction","target":{"@type":"EntryPoint","urlTemplate":"https:\/\/repliquemangacine.fr\/?s={search_term_string}"},"query-input":{"@type":"PropertyValueSpecification","valueRequired":true,"valueName":"search_term_string"}}],"inLanguage":"it-IT"},{"@type":"Organization","@id":"https:\/\/repliquemangacine.fr\/#organization","name":"R\u00e9plique Manga Cin\u00e9","url":"https:\/\/repliquemangacine.fr\/","logo":{"@type":"ImageObject","inLanguage":"it-IT","@id":"https:\/\/repliquemangacine.fr\/#\/schema\/logo\/image\/","url":"https:\/\/repliquemangacine.fr\/wp-content\/uploads\/2023\/10\/RMC-500250.png","contentUrl":"https:\/\/repliquemangacine.fr\/wp-content\/uploads\/2023\/10\/RMC-500250.png","width":500,"height":250,"caption":"R\u00e9plique Manga Cin\u00e9"},"image":{"@id":"https:\/\/repliquemangacine.fr\/#\/schema\/logo\/image\/"},"sameAs":["https:\/\/www.facebook.com\/RepliqueMangaCine","https:\/\/www.instagram.com\/repliquemangacine.fr\/"]}]}},"_links":{"self":[{"href":"https:\/\/repliquemangacine.fr\/it\/wp-json\/wp\/v2\/product\/58556","targetHints":{"allow":["GET"]}}],"collection":[{"href":"https:\/\/repliquemangacine.fr\/it\/wp-json\/wp\/v2\/product"}],"about":[{"href":"https:\/\/repliquemangacine.fr\/it\/wp-json\/wp\/v2\/types\/product"}],"wp:featuredmedia":[{"embeddable":true,"href":"https:\/\/repliquemangacine.fr\/it\/wp-json\/wp\/v2\/media\/58557"}],"wp:attachment":[{"href":"https:\/\/repliquemangacine.fr\/it\/wp-json\/wp\/v2\/media?parent=58556"}],"wp:term":[{"taxonomy":"product_brand","embeddable":true,"href":"https:\/\/repliquemangacine.fr\/it\/wp-json\/wp\/v2\/product_brand?post=58556"},{"taxonomy":"product_cat","embeddable":true,"href":"https:\/\/repliquemangacine.fr\/it\/wp-json\/wp\/v2\/product_cat?post=58556"},{"taxonomy":"product_tag","embeddable":true,"href":"https:\/\/repliquemangacine.fr\/it\/wp-json\/wp\/v2\/product_tag?post=58556"}],"curies":[{"name":"wp","href":"https:\/\/api.w.org\/{rel}","templated":true}]}}