





{"id":58549,"date":"2023-02-09T10:56:07","date_gmt":"2023-02-09T09:56:07","guid":{"rendered":"https:\/\/repliquemangacine.fr\/?post_type=product&#038;p=58549"},"modified":"2026-04-12T06:16:11","modified_gmt":"2026-04-12T04:16:11","slug":"naruto-kunai-bianco-grande","status":"publish","type":"product","link":"https:\/\/repliquemangacine.fr\/it\/kunai-et-shuriken-naruto\/grand-kunai-naruto-blanc\/","title":{"rendered":"Naruto kunai grande"},"content":{"rendered":"<h2>Grande kunai Naruto bianco interamente in metallo<\/h2>\n<p>Le <strong>Grande kunai Naruto bianco<\/strong> \u00e8 essenziale per far crescere la vostra collezione.<\/p>\n<p>Per cominciare, il Kunai, un'arma bianca usata in passato dai ninja (il termine shinobi usato in Naruto), che pu\u00f2 essere usata come arma da lancio. Quest'arma ninja ha una punta appuntita a forma di coltello. La sua lunghezza media \u00e8 pari a quella di una mano. Quest'arma da lancio \u00e8 destinata principalmente al combattimento corpo a corpo.<\/p>\n<p>Le <a href=\"https:\/\/naruto.fandom.com\/fr\/wiki\/Shurikenjutsu\" target=\"_blank\" rel=\"noopener noreferrer\">Shurikenjutsu<\/a> (Significato: Tecniche di spada nascosta nella mano), arte marziale che si riferisce alle tecniche di lancio di shuriken, Kunai, Senbon o qualsiasi altra arma da lancio, come le stelle ninja.<\/p>\n<p>In Naruto, ad esempio, esistono diversi modelli di kunai:<\/p>\n<p>Minato Namikaze, che usa kunai a tripla lama, guadagnandosi il soprannome di \u2019Fulmine giallo di Konoha\u201d.\u201d<\/p>\n<h2>Grande Kuna\u00ef Naruto bianco economico<\/h2>\n<p>R\u00e9plique Manga Cin\u00e9 vi offre un'ampia gamma di Kuna\u00ef ai migliori prezzi:<\/p>\n<ul>\n<li>Tutti <a href=\"https:\/\/repliquemangacine.fr\/it\/naruto-kunai-e-shuriken\/3-kunai-di-naruto\/\">tre kunai<\/a> con incisione dell'emblema di Naruto.<\/li>\n<li>\u00c8 possibile trovare anche il <a href=\"https:\/\/repliquemangacine.fr\/it\/naruto-kunai-e-shuriken\/kunai-despace-time-minato\/\">Kunai spazio-temporale<\/a> di Minato, con i suoi tre punti e l'incisione del suo sigillo.<\/li>\n<li>Cos\u00ec come il <a href=\"https:\/\/repliquemangacine.fr\/it\/katana-chicche-naruto-kunai\/lama-di-chakra-asuma\/\">Lama del chakra Asuma<\/a> con logo Naruto<\/li>\n<li>E molto altro ancora nel nostro negozio online!<\/li>\n<\/ul>\n<p><strong>Si prega di notare che tutte le nostre repliche sono oggetti da collezione e decorazioni. Possono essere utilizzate per le sfilate di cosplay o per la decorazione di interni. Di conseguenza, non \u00e8 possibile andare in luoghi pubblici con queste repliche.<\/strong><\/p>\n<h2>Trovate le ultime uscite di Naruto al miglior prezzo.<\/h2>\n<p>Sempre all'avanguardia nell'innovazione, come questa <strong>Grande kunai Naruto bianco<\/strong>vi offriamo :<\/p>\n<ul>\n<li>Il superbo cofanetto Naruto da 28 pezzi include un cerchietto Konoha, un grande Kunai Naruto...<\/li>\n<li>La katana di Boruto, usata da Sasuke per insegnare a Boruto come usarla in Naruto Next Generations.<\/li>\n<\/ul>\n<p>\u00c8 possibile utilizzare questo <strong>Grande kunai Naruto bianco<\/strong> per le vostre sfilate cosplay o serate a tema.<\/p>\n<p>Soprattutto, sono oggetti da collezione e decorativi.<\/p>\n<p>Molto presto avremo il piacere di offrire wallscroll, tazze e statuette.<\/p>\n<p>R\u00e9plique Manga Cin\u00e9 \u00e8 un'azienda familiare francese.<\/p>\n<p>Consegna 24\/48H<\/p>","protected":false},"excerpt":{"rendered":"<p>Li vediamo molto spesso con i personaggi di Naruto che praticano la tecnica dello Shuriken-jutsu.<\/p>\n<ul>\n<li>Realizzato interamente in metallo in un unico pezzo.<\/li>\n<li>Un filo di cotone bianco circonda il manico per una presa sicura.<\/li>\n<li>La punta del kunai \u00e8 smussata per una maggiore sicurezza.<\/li>\n<li>Non \u00e8 affilato.<\/li>\n<li>Lunghezza totale: 25 cm<\/li>\n<\/ul>","protected":false},"featured_media":58550,"template":"","meta":[],"product_brand":[896],"product_cat":[108,23,42],"product_tag":[],"class_list":{"0":"post-58549","1":"product","2":"type-product","3":"status-publish","4":"has-post-thumbnail","6":"product_brand-replique-manga-cine","7":"product_cat-kunai-et-shuriken-naruto","8":"product_cat-repliques-manga-jeux-video","9":"product_cat-katana-goodies-naruto-kunai","11":"first","12":"instock","13":"taxable","14":"shipping-taxable","15":"purchasable","16":"product-type-simple"},"yoast_head":"<!-- This site is optimized with the Yoast SEO plugin v27.4 - https:\/\/yoast.com\/product\/yoast-seo-wordpress\/ -->\n<title>Grand Kuna\u00ef Naruto blanc - Kuna\u00ef pas cher | R\u00e9plique Manga Cin\u00e9<\/title>\n<meta name=\"description\" content=\"Grand Kuna\u00ef Naruto blanc au meilleur prix sur repliquemangacine.fr. Les produits d\u00e9riv\u00e9s Naruto pas chers sont l\u00e0 \u00e0 partir de 7.90\u20ac seulement. Envoi 24\/48h\" \/>\n<meta name=\"robots\" content=\"index, follow, max-snippet:-1, max-image-preview:large, max-video-preview:-1\" \/>\n<link rel=\"canonical\" href=\"https:\/\/repliquemangacine.fr\/it\/naruto-kunai-e-shuriken\/naruto-kunai-bianco-grande\/\" \/>\n<meta property=\"og:locale\" content=\"it_IT\" \/>\n<meta property=\"og:type\" content=\"article\" \/>\n<meta property=\"og:title\" content=\"Grand Kuna\u00ef Naruto blanc - Kuna\u00ef pas cher | R\u00e9plique Manga Cin\u00e9\" \/>\n<meta property=\"og:description\" content=\"Grand Kuna\u00ef Naruto blanc au meilleur prix sur repliquemangacine.fr. Les produits d\u00e9riv\u00e9s Naruto pas chers sont l\u00e0 \u00e0 partir de 7.90\u20ac seulement. Envoi 24\/48h\" \/>\n<meta property=\"og:url\" content=\"https:\/\/repliquemangacine.fr\/it\/naruto-kunai-e-shuriken\/naruto-kunai-bianco-grande\/\" \/>\n<meta property=\"og:site_name\" content=\"R\u00e9plique Manga Cin\u00e9\" \/>\n<meta property=\"article:publisher\" content=\"https:\/\/www.facebook.com\/RepliqueMangaCine\" \/>\n<meta property=\"article:modified_time\" content=\"2026-04-12T04:16:11+00:00\" \/>\n<meta property=\"og:image\" content=\"https:\/\/repliquemangacine.fr\/wp-content\/uploads\/2023\/10\/Kunai-Naruto.jpg\" \/>\n\t<meta property=\"og:image:width\" content=\"500\" \/>\n\t<meta property=\"og:image:height\" content=\"500\" \/>\n\t<meta property=\"og:image:type\" content=\"image\/jpeg\" \/>\n<meta name=\"twitter:card\" content=\"summary_large_image\" \/>\n<meta name=\"twitter:label1\" content=\"Tempo di lettura stimato\" \/>\n\t<meta name=\"twitter:data1\" content=\"3 minuti\" \/>\n<script type=\"application\/ld+json\" class=\"yoast-schema-graph\">{\"@context\":\"https:\\\/\\\/schema.org\",\"@graph\":[{\"@type\":\"WebPage\",\"@id\":\"https:\\\/\\\/repliquemangacine.fr\\\/kunai-et-shuriken-naruto\\\/grand-kunai-naruto-blanc\\\/\",\"url\":\"https:\\\/\\\/repliquemangacine.fr\\\/kunai-et-shuriken-naruto\\\/grand-kunai-naruto-blanc\\\/\",\"name\":\"Grand Kuna\u00ef Naruto blanc - Kuna\u00ef pas cher | R\u00e9plique Manga Cin\u00e9\",\"isPartOf\":{\"@id\":\"https:\\\/\\\/repliquemangacine.fr\\\/#website\"},\"primaryImageOfPage\":{\"@id\":\"https:\\\/\\\/repliquemangacine.fr\\\/kunai-et-shuriken-naruto\\\/grand-kunai-naruto-blanc\\\/#primaryimage\"},\"image\":{\"@id\":\"https:\\\/\\\/repliquemangacine.fr\\\/kunai-et-shuriken-naruto\\\/grand-kunai-naruto-blanc\\\/#primaryimage\"},\"thumbnailUrl\":\"https:\\\/\\\/repliquemangacine.fr\\\/wp-content\\\/uploads\\\/2023\\\/10\\\/Kunai-Naruto.jpg\",\"datePublished\":\"2023-02-09T09:56:07+00:00\",\"dateModified\":\"2026-04-12T04:16:11+00:00\",\"description\":\"Grand Kuna\u00ef Naruto blanc au meilleur prix sur repliquemangacine.fr. Les produits d\u00e9riv\u00e9s Naruto pas chers sont l\u00e0 \u00e0 partir de 7.90\u20ac seulement. Envoi 24\\\/48h\",\"breadcrumb\":{\"@id\":\"https:\\\/\\\/repliquemangacine.fr\\\/kunai-et-shuriken-naruto\\\/grand-kunai-naruto-blanc\\\/#breadcrumb\"},\"inLanguage\":\"it-IT\",\"potentialAction\":[{\"@type\":\"ReadAction\",\"target\":[\"https:\\\/\\\/repliquemangacine.fr\\\/kunai-et-shuriken-naruto\\\/grand-kunai-naruto-blanc\\\/\"]}]},{\"@type\":\"ImageObject\",\"inLanguage\":\"it-IT\",\"@id\":\"https:\\\/\\\/repliquemangacine.fr\\\/kunai-et-shuriken-naruto\\\/grand-kunai-naruto-blanc\\\/#primaryimage\",\"url\":\"https:\\\/\\\/repliquemangacine.fr\\\/wp-content\\\/uploads\\\/2023\\\/10\\\/Kunai-Naruto.jpg\",\"contentUrl\":\"https:\\\/\\\/repliquemangacine.fr\\\/wp-content\\\/uploads\\\/2023\\\/10\\\/Kunai-Naruto.jpg\",\"width\":500,\"height\":500,\"caption\":\"Grand Kuna\u00ef Naruto blanc\"},{\"@type\":\"BreadcrumbList\",\"@id\":\"https:\\\/\\\/repliquemangacine.fr\\\/kunai-et-shuriken-naruto\\\/grand-kunai-naruto-blanc\\\/#breadcrumb\",\"itemListElement\":[{\"@type\":\"ListItem\",\"position\":1,\"name\":\"Accueil\",\"item\":\"https:\\\/\\\/repliquemangacine.fr\\\/\"},{\"@type\":\"ListItem\",\"position\":2,\"name\":\"Produits\",\"item\":\"https:\\\/\\\/repliquemangacine.fr\\\/boutique\\\/\"},{\"@type\":\"ListItem\",\"position\":3,\"name\":\"Grand Kuna\u00ef Naruto\"}]},{\"@type\":\"WebSite\",\"@id\":\"https:\\\/\\\/repliquemangacine.fr\\\/#website\",\"url\":\"https:\\\/\\\/repliquemangacine.fr\\\/\",\"name\":\"R\u00e9plique Manga Cin\u00e9\",\"description\":\"\",\"publisher\":{\"@id\":\"https:\\\/\\\/repliquemangacine.fr\\\/#organization\"},\"potentialAction\":[{\"@type\":\"SearchAction\",\"target\":{\"@type\":\"EntryPoint\",\"urlTemplate\":\"https:\\\/\\\/repliquemangacine.fr\\\/?s={search_term_string}\"},\"query-input\":{\"@type\":\"PropertyValueSpecification\",\"valueRequired\":true,\"valueName\":\"search_term_string\"}}],\"inLanguage\":\"it-IT\"},{\"@type\":\"Organization\",\"@id\":\"https:\\\/\\\/repliquemangacine.fr\\\/#organization\",\"name\":\"R\u00e9plique Manga Cin\u00e9\",\"url\":\"https:\\\/\\\/repliquemangacine.fr\\\/\",\"logo\":{\"@type\":\"ImageObject\",\"inLanguage\":\"it-IT\",\"@id\":\"https:\\\/\\\/repliquemangacine.fr\\\/#\\\/schema\\\/logo\\\/image\\\/\",\"url\":\"https:\\\/\\\/repliquemangacine.fr\\\/wp-content\\\/uploads\\\/2023\\\/10\\\/RMC-500250.png\",\"contentUrl\":\"https:\\\/\\\/repliquemangacine.fr\\\/wp-content\\\/uploads\\\/2023\\\/10\\\/RMC-500250.png\",\"width\":500,\"height\":250,\"caption\":\"R\u00e9plique Manga Cin\u00e9\"},\"image\":{\"@id\":\"https:\\\/\\\/repliquemangacine.fr\\\/#\\\/schema\\\/logo\\\/image\\\/\"},\"sameAs\":[\"https:\\\/\\\/www.facebook.com\\\/RepliqueMangaCine\",\"https:\\\/\\\/www.instagram.com\\\/repliquemangacine.fr\\\/\"]}]}<\/script>\n<!-- \/ Yoast SEO plugin. -->","yoast_head_json":{"title":"Kuna\u00ef Naruto bianco grande - Kuna\u00ef pas cher | R\u00e9plique Manga Cin\u00e9","description":"Kunai Naruto bianco grande al miglior prezzo su repliquemangacine.fr. I prodotti Naruto a buon mercato sono disponibili a partire da soli 7,90\u20ac. Spedizione 24\/48h","robots":{"index":"index","follow":"follow","max-snippet":"max-snippet:-1","max-image-preview":"max-image-preview:large","max-video-preview":"max-video-preview:-1"},"canonical":"https:\/\/repliquemangacine.fr\/it\/naruto-kunai-e-shuriken\/naruto-kunai-bianco-grande\/","og_locale":"it_IT","og_type":"article","og_title":"Grand Kuna\u00ef Naruto blanc - Kuna\u00ef pas cher | R\u00e9plique Manga Cin\u00e9","og_description":"Grand Kuna\u00ef Naruto blanc au meilleur prix sur repliquemangacine.fr. Les produits d\u00e9riv\u00e9s Naruto pas chers sont l\u00e0 \u00e0 partir de 7.90\u20ac seulement. Envoi 24\/48h","og_url":"https:\/\/repliquemangacine.fr\/it\/naruto-kunai-e-shuriken\/naruto-kunai-bianco-grande\/","og_site_name":"R\u00e9plique Manga Cin\u00e9","article_publisher":"https:\/\/www.facebook.com\/RepliqueMangaCine","article_modified_time":"2026-04-12T04:16:11+00:00","og_image":[{"width":500,"height":500,"url":"https:\/\/repliquemangacine.fr\/wp-content\/uploads\/2023\/10\/Kunai-Naruto.jpg","type":"image\/jpeg"}],"twitter_card":"summary_large_image","twitter_misc":{"Tempo di lettura stimato":"3 minuti"},"schema":{"@context":"https:\/\/schema.org","@graph":[{"@type":"WebPage","@id":"https:\/\/repliquemangacine.fr\/kunai-et-shuriken-naruto\/grand-kunai-naruto-blanc\/","url":"https:\/\/repliquemangacine.fr\/kunai-et-shuriken-naruto\/grand-kunai-naruto-blanc\/","name":"Kuna\u00ef Naruto bianco grande - Kuna\u00ef pas cher | R\u00e9plique Manga Cin\u00e9","isPartOf":{"@id":"https:\/\/repliquemangacine.fr\/#website"},"primaryImageOfPage":{"@id":"https:\/\/repliquemangacine.fr\/kunai-et-shuriken-naruto\/grand-kunai-naruto-blanc\/#primaryimage"},"image":{"@id":"https:\/\/repliquemangacine.fr\/kunai-et-shuriken-naruto\/grand-kunai-naruto-blanc\/#primaryimage"},"thumbnailUrl":"https:\/\/repliquemangacine.fr\/wp-content\/uploads\/2023\/10\/Kunai-Naruto.jpg","datePublished":"2023-02-09T09:56:07+00:00","dateModified":"2026-04-12T04:16:11+00:00","description":"Kunai Naruto bianco grande al miglior prezzo su repliquemangacine.fr. I prodotti Naruto a buon mercato sono disponibili a partire da soli 7,90\u20ac. Spedizione 24\/48h","breadcrumb":{"@id":"https:\/\/repliquemangacine.fr\/kunai-et-shuriken-naruto\/grand-kunai-naruto-blanc\/#breadcrumb"},"inLanguage":"it-IT","potentialAction":[{"@type":"ReadAction","target":["https:\/\/repliquemangacine.fr\/kunai-et-shuriken-naruto\/grand-kunai-naruto-blanc\/"]}]},{"@type":"ImageObject","inLanguage":"it-IT","@id":"https:\/\/repliquemangacine.fr\/kunai-et-shuriken-naruto\/grand-kunai-naruto-blanc\/#primaryimage","url":"https:\/\/repliquemangacine.fr\/wp-content\/uploads\/2023\/10\/Kunai-Naruto.jpg","contentUrl":"https:\/\/repliquemangacine.fr\/wp-content\/uploads\/2023\/10\/Kunai-Naruto.jpg","width":500,"height":500,"caption":"Grand Kuna\u00ef Naruto blanc"},{"@type":"BreadcrumbList","@id":"https:\/\/repliquemangacine.fr\/kunai-et-shuriken-naruto\/grand-kunai-naruto-blanc\/#breadcrumb","itemListElement":[{"@type":"ListItem","position":1,"name":"Accueil","item":"https:\/\/repliquemangacine.fr\/"},{"@type":"ListItem","position":2,"name":"Produits","item":"https:\/\/repliquemangacine.fr\/boutique\/"},{"@type":"ListItem","position":3,"name":"Grand Kuna\u00ef Naruto"}]},{"@type":"WebSite","@id":"https:\/\/repliquemangacine.fr\/#website","url":"https:\/\/repliquemangacine.fr\/","name":"R\u00e9plique Manga Cin\u00e9","description":"","publisher":{"@id":"https:\/\/repliquemangacine.fr\/#organization"},"potentialAction":[{"@type":"SearchAction","target":{"@type":"EntryPoint","urlTemplate":"https:\/\/repliquemangacine.fr\/?s={search_term_string}"},"query-input":{"@type":"PropertyValueSpecification","valueRequired":true,"valueName":"search_term_string"}}],"inLanguage":"it-IT"},{"@type":"Organization","@id":"https:\/\/repliquemangacine.fr\/#organization","name":"R\u00e9plique Manga Cin\u00e9","url":"https:\/\/repliquemangacine.fr\/","logo":{"@type":"ImageObject","inLanguage":"it-IT","@id":"https:\/\/repliquemangacine.fr\/#\/schema\/logo\/image\/","url":"https:\/\/repliquemangacine.fr\/wp-content\/uploads\/2023\/10\/RMC-500250.png","contentUrl":"https:\/\/repliquemangacine.fr\/wp-content\/uploads\/2023\/10\/RMC-500250.png","width":500,"height":250,"caption":"R\u00e9plique Manga Cin\u00e9"},"image":{"@id":"https:\/\/repliquemangacine.fr\/#\/schema\/logo\/image\/"},"sameAs":["https:\/\/www.facebook.com\/RepliqueMangaCine","https:\/\/www.instagram.com\/repliquemangacine.fr\/"]}]}},"_links":{"self":[{"href":"https:\/\/repliquemangacine.fr\/it\/wp-json\/wp\/v2\/product\/58549","targetHints":{"allow":["GET"]}}],"collection":[{"href":"https:\/\/repliquemangacine.fr\/it\/wp-json\/wp\/v2\/product"}],"about":[{"href":"https:\/\/repliquemangacine.fr\/it\/wp-json\/wp\/v2\/types\/product"}],"wp:featuredmedia":[{"embeddable":true,"href":"https:\/\/repliquemangacine.fr\/it\/wp-json\/wp\/v2\/media\/58550"}],"wp:attachment":[{"href":"https:\/\/repliquemangacine.fr\/it\/wp-json\/wp\/v2\/media?parent=58549"}],"wp:term":[{"taxonomy":"product_brand","embeddable":true,"href":"https:\/\/repliquemangacine.fr\/it\/wp-json\/wp\/v2\/product_brand?post=58549"},{"taxonomy":"product_cat","embeddable":true,"href":"https:\/\/repliquemangacine.fr\/it\/wp-json\/wp\/v2\/product_cat?post=58549"},{"taxonomy":"product_tag","embeddable":true,"href":"https:\/\/repliquemangacine.fr\/it\/wp-json\/wp\/v2\/product_tag?post=58549"}],"curies":[{"name":"wp","href":"https:\/\/api.w.org\/{rel}","templated":true}]}}