





{"id":57814,"date":"2023-01-11T18:57:57","date_gmt":"2023-01-11T17:57:57","guid":{"rendered":"https:\/\/repliquemangacine.fr\/?post_type=product&#038;p=57814"},"modified":"2025-11-21T13:23:39","modified_gmt":"2025-11-21T12:23:39","slug":"scudo-vichingo-fenrir","status":"publish","type":"product","link":"https:\/\/repliquemangacine.fr\/it\/boucliers-serie-vikings\/bouclier-viking-fenrir\/","title":{"rendered":"Scudo vichingo Fenrir"},"content":{"rendered":"<h2>Scudo vichingo Fenrir in legno.<\/h2>\n<p>Per cominciare, il grande e magnifico scudo vichingo Fenrir \u00e8 realizzato in legno spesso 13 mm e decorato con un motivo stilizzato del lupo Fenrir.<\/p>\n<p>Nella mitologia germanica, <a href=\"https:\/\/www.worldhistory.org\/trans\/fr\/1-19171\/fenrir\/\" target=\"_blank\" rel=\"noopener noreferrer\">Fenrir<\/a> \u00e8 uno dei tre carnefici del mondo, insieme a Hel e al serpente di Midgard J\u00f6rmungandr. Tutti e tre sono figli del dispettoso dio Loki e della gigantessa Angrboda. Fenrir combatte contro l'ordine esistente e alla fine incarna l'annientamento del mondo. Gli dei riconoscono la sua pericolosit\u00e0 e con uno stratagemma lo incatenano a una roccia e lo seppelliscono nelle profondit\u00e0 della terra.<\/p>\n<p>Il lupo viene incatenato finch\u00e9 non rompe le catene e divora Odino. Widar, figlio di Odino, uccide Fenrir, ma \u00e8 troppo tardi: il Padre di tutti gli dei \u00e8 caduto e con lui l'ordine del mondo.<\/p>\n<h2>Il tuo scudo vichingo Fenrir al miglior prezzo.<\/h2>\n<p>R\u00e9plique Manga Cin\u00e9 offre un'ampia gamma di spade e scudi vichinghi.<\/p>\n<p>Innanzitutto,<\/p>\n<ul>\n<li>Le <a href=\"https:\/\/repliquemangacine.fr\/it\/armi-vichinghe\/bouclier-viking-huginmunin\/\">Scudo vichingo Hugin&amp;Munin<\/a> i due corvi, messaggeri del dio Odino.<\/li>\n<li>Cos\u00ec come il<a href=\"https:\/\/repliquemangacine.fr\/it\/vichingo\/spada-vichinga-lagertha\/\">La spada di Lagertha<\/a> moglie di Ragnar Lodbrok nella serie Vikings.<\/li>\n<li>C'\u00e8 anche il<a href=\"https:\/\/repliquemangacine.fr\/it\/vichingo\/spada-vichinga-hedeby-9-secolo\/\">Spada vichinga Hedeby<\/a> una ricostruzione magnificamente dettagliata di un reperto funerario finemente lavorato.<\/li>\n<li>E molto altro ancora da visitare nel nostro negozio online.<\/li>\n<\/ul>\n<p>Ecco perch\u00e9 questa \u00e8 un'ottima idea regalo per tutti i fan dei Viking.<\/p>\n<p>In conclusione, \u00e8 possibile utilizzare il metodo <strong>Scudo vichingo Fenrir<\/strong> per le vostre ricostruzioni storiche.<\/p>\n<p>Inoltre, \u00e8 anche un ottimo oggetto da collezione o da esposizione per tutti gli appassionati dell'epoca vichinga.<\/p>\n<h2>Come si usa lo scudo del guerriero?<\/h2>\n<p>Conosciuti in tutto il mondo come grandi e coraggiosi guerrieri, i Vichinghi erano molto efficaci nei loro attacchi e nella loro protezione.<\/p>\n<p>I Vichinghi utilizzavano una formazione bellica molto efficace che permetteva loro di indebolire i nemici senza subire gravi perdite. Una volta indeboliti i nemici, ne rompevano le linee e li schiacciavano con facilit\u00e0.<\/p>\n<p>Questa formazione \u00e8 oggi nota come \u201cparete a scudo\u201d.<\/p>\n<p>Inoltre, decoravano i loro scudi con rune o figure di animali, simboli che si riferivano alle divinit\u00e0 nordiche. Ma i loro obiettivi erano anche strategici. Infatti, i <strong>Scudo vichingo Fenrir<\/strong> La verniciatura impedisce all'acqua di essere assorbita dal legno, rendendolo molto pi\u00f9 pesante.<\/p>\n<p>&nbsp;<\/p>","protected":false},"excerpt":{"rendered":"<p>Scudo vichingo fedelmente corrispondente agli originali.<\/p>\n<ul>\n<li>Lastra di legno di 13 mm di spessore.<\/li>\n<li>Dotata di tre rinforzi in legno massiccio rivettati sul retro<\/li>\n<li>Dipinto con il lupo Fenrir e iscrizioni.<\/li>\n<li>Centro: Umbo in acciaio patinato tenuto in posizione da 4 rivetti<\/li>\n<li>Pelle a bordo vivo cucita al legno come gli originali<\/li>\n<li>Manico rivestito in pelle, protetto dall'umbone, che lascia ampio spazio alle grandi mani vichinghe.<\/li>\n<li>Diametro: 80 cm - Peso: circa 4,6 kg<\/li>\n<li>Dimensioni del capo: ingombro di circa 18 cm, rigonfiamento di circa 13 cm, altezza del rigonfiamento di circa 8 cm.<\/li>\n<\/ul>","protected":false},"featured_media":57815,"template":"","meta":[],"product_brand":[896],"product_cat":[25,113,24,103,57],"product_tag":[],"class_list":{"0":"post-57814","1":"product","2":"type-product","3":"status-publish","4":"has-post-thumbnail","6":"product_brand-replique-manga-cine","7":"product_cat-armes-historiques","8":"product_cat-boucliers-serie-vikings","9":"product_cat-films-series-tv-vente-de-katana-epee-et-produits-derives","10":"product_cat-armes-et-accessoires-vikings","11":"product_cat-armes-vikings","13":"first","14":"instock","15":"taxable","16":"shipping-taxable","17":"purchasable","18":"product-type-simple"},"yoast_head":"<!-- This site is optimized with the Yoast SEO plugin v27.4 - https:\/\/yoast.com\/product\/yoast-seo-wordpress\/ -->\n<title>Bouclier Viking Fenrir - Boutique en ligne - R\u00e9plique Manga Cin\u00e9<\/title>\n<meta name=\"description\" content=\"Achetez vite ! Ce splendide Bouclier Viking Fenrir en bois au meilleur prix - Loup Fenrir peint - Umbo en acier - Contour en cuir brut - Diam\u00e8tre : 80 cm\" \/>\n<meta name=\"robots\" content=\"index, follow, max-snippet:-1, max-image-preview:large, max-video-preview:-1\" \/>\n<link rel=\"canonical\" href=\"https:\/\/www.repliquemangacine.fr\/viking\/bouclier-viking-fenrir\/\" \/>\n<meta property=\"og:locale\" content=\"it_IT\" \/>\n<meta property=\"og:type\" content=\"article\" \/>\n<meta property=\"og:title\" content=\"Bouclier Viking Fenrir - Boutique en ligne - R\u00e9plique Manga Cin\u00e9\" \/>\n<meta property=\"og:description\" content=\"Achetez vite ! Ce splendide Bouclier Viking Fenrir en bois au meilleur prix - Loup Fenrir peint - Umbo en acier - Contour en cuir brut - Diam\u00e8tre : 80 cm\" \/>\n<meta property=\"og:url\" content=\"https:\/\/www.repliquemangacine.fr\/viking\/bouclier-viking-fenrir\/\" \/>\n<meta property=\"og:site_name\" content=\"R\u00e9plique Manga Cin\u00e9\" \/>\n<meta property=\"article:publisher\" content=\"https:\/\/www.facebook.com\/RepliqueMangaCine\" \/>\n<meta property=\"article:modified_time\" content=\"2025-11-21T12:23:39+00:00\" \/>\n<meta property=\"og:image\" content=\"https:\/\/repliquemangacine.fr\/wp-content\/uploads\/2023\/10\/Bouclier-Viking-Fenrir.jpg\" \/>\n\t<meta property=\"og:image:width\" content=\"500\" \/>\n\t<meta property=\"og:image:height\" content=\"500\" \/>\n\t<meta property=\"og:image:type\" content=\"image\/jpeg\" \/>\n<meta name=\"twitter:card\" content=\"summary_large_image\" \/>\n<meta name=\"twitter:label1\" content=\"Tempo di lettura stimato\" \/>\n\t<meta name=\"twitter:data1\" content=\"3 minuti\" \/>\n<script type=\"application\/ld+json\" class=\"yoast-schema-graph\">{\"@context\":\"https:\\\/\\\/schema.org\",\"@graph\":[{\"@type\":\"WebPage\",\"@id\":\"https:\\\/\\\/repliquemangacine.fr\\\/boucliers-serie-vikings\\\/bouclier-viking-fenrir\\\/\",\"url\":\"https:\\\/\\\/www.repliquemangacine.fr\\\/viking\\\/bouclier-viking-fenrir\\\/\",\"name\":\"Bouclier Viking Fenrir - Boutique en ligne - R\u00e9plique Manga Cin\u00e9\",\"isPartOf\":{\"@id\":\"https:\\\/\\\/repliquemangacine.fr\\\/#website\"},\"primaryImageOfPage\":{\"@id\":\"https:\\\/\\\/www.repliquemangacine.fr\\\/viking\\\/bouclier-viking-fenrir\\\/#primaryimage\"},\"image\":{\"@id\":\"https:\\\/\\\/www.repliquemangacine.fr\\\/viking\\\/bouclier-viking-fenrir\\\/#primaryimage\"},\"thumbnailUrl\":\"https:\\\/\\\/repliquemangacine.fr\\\/wp-content\\\/uploads\\\/2023\\\/10\\\/Bouclier-Viking-Fenrir.jpg\",\"datePublished\":\"2023-01-11T17:57:57+00:00\",\"dateModified\":\"2025-11-21T12:23:39+00:00\",\"description\":\"Achetez vite ! Ce splendide Bouclier Viking Fenrir en bois au meilleur prix - Loup Fenrir peint - Umbo en acier - Contour en cuir brut - Diam\u00e8tre : 80 cm\",\"breadcrumb\":{\"@id\":\"https:\\\/\\\/www.repliquemangacine.fr\\\/viking\\\/bouclier-viking-fenrir\\\/#breadcrumb\"},\"inLanguage\":\"it-IT\",\"potentialAction\":[{\"@type\":\"ReadAction\",\"target\":[\"https:\\\/\\\/www.repliquemangacine.fr\\\/viking\\\/bouclier-viking-fenrir\\\/\"]}]},{\"@type\":\"ImageObject\",\"inLanguage\":\"it-IT\",\"@id\":\"https:\\\/\\\/www.repliquemangacine.fr\\\/viking\\\/bouclier-viking-fenrir\\\/#primaryimage\",\"url\":\"https:\\\/\\\/repliquemangacine.fr\\\/wp-content\\\/uploads\\\/2023\\\/10\\\/Bouclier-Viking-Fenrir.jpg\",\"contentUrl\":\"https:\\\/\\\/repliquemangacine.fr\\\/wp-content\\\/uploads\\\/2023\\\/10\\\/Bouclier-Viking-Fenrir.jpg\",\"width\":500,\"height\":500,\"caption\":\"Bouclier Viking Fenrir en bois\"},{\"@type\":\"BreadcrumbList\",\"@id\":\"https:\\\/\\\/www.repliquemangacine.fr\\\/viking\\\/bouclier-viking-fenrir\\\/#breadcrumb\",\"itemListElement\":[{\"@type\":\"ListItem\",\"position\":1,\"name\":\"Accueil\",\"item\":\"https:\\\/\\\/repliquemangacine.fr\\\/\"},{\"@type\":\"ListItem\",\"position\":2,\"name\":\"Produits\",\"item\":\"https:\\\/\\\/repliquemangacine.fr\\\/boutique\\\/\"},{\"@type\":\"ListItem\",\"position\":3,\"name\":\"Bouclier Viking Fenrir\"}]},{\"@type\":\"WebSite\",\"@id\":\"https:\\\/\\\/repliquemangacine.fr\\\/#website\",\"url\":\"https:\\\/\\\/repliquemangacine.fr\\\/\",\"name\":\"R\u00e9plique Manga Cin\u00e9\",\"description\":\"\",\"publisher\":{\"@id\":\"https:\\\/\\\/repliquemangacine.fr\\\/#organization\"},\"potentialAction\":[{\"@type\":\"SearchAction\",\"target\":{\"@type\":\"EntryPoint\",\"urlTemplate\":\"https:\\\/\\\/repliquemangacine.fr\\\/?s={search_term_string}\"},\"query-input\":{\"@type\":\"PropertyValueSpecification\",\"valueRequired\":true,\"valueName\":\"search_term_string\"}}],\"inLanguage\":\"it-IT\"},{\"@type\":\"Organization\",\"@id\":\"https:\\\/\\\/repliquemangacine.fr\\\/#organization\",\"name\":\"R\u00e9plique Manga Cin\u00e9\",\"url\":\"https:\\\/\\\/repliquemangacine.fr\\\/\",\"logo\":{\"@type\":\"ImageObject\",\"inLanguage\":\"it-IT\",\"@id\":\"https:\\\/\\\/repliquemangacine.fr\\\/#\\\/schema\\\/logo\\\/image\\\/\",\"url\":\"https:\\\/\\\/repliquemangacine.fr\\\/wp-content\\\/uploads\\\/2023\\\/10\\\/RMC-500250.png\",\"contentUrl\":\"https:\\\/\\\/repliquemangacine.fr\\\/wp-content\\\/uploads\\\/2023\\\/10\\\/RMC-500250.png\",\"width\":500,\"height\":250,\"caption\":\"R\u00e9plique Manga Cin\u00e9\"},\"image\":{\"@id\":\"https:\\\/\\\/repliquemangacine.fr\\\/#\\\/schema\\\/logo\\\/image\\\/\"},\"sameAs\":[\"https:\\\/\\\/www.facebook.com\\\/RepliqueMangaCine\",\"https:\\\/\\\/www.instagram.com\\\/repliquemangacine.fr\\\/\"]}]}<\/script>\n<!-- \/ Yoast SEO plugin. -->","yoast_head_json":{"title":"Scudo vichingo Fenrir - Negozio online - R\u00e9plique Manga Cin\u00e9","description":"Acquista ora! Questo splendido scudo vichingo Fenrir in legno al miglior prezzo - Lupo Fenrir dipinto - Ombelico in acciaio - Cornice in pelle ruvida - Diametro: 80 cm","robots":{"index":"index","follow":"follow","max-snippet":"max-snippet:-1","max-image-preview":"max-image-preview:large","max-video-preview":"max-video-preview:-1"},"canonical":"https:\/\/www.repliquemangacine.fr\/viking\/bouclier-viking-fenrir\/","og_locale":"it_IT","og_type":"article","og_title":"Bouclier Viking Fenrir - Boutique en ligne - R\u00e9plique Manga Cin\u00e9","og_description":"Achetez vite ! Ce splendide Bouclier Viking Fenrir en bois au meilleur prix - Loup Fenrir peint - Umbo en acier - Contour en cuir brut - Diam\u00e8tre : 80 cm","og_url":"https:\/\/www.repliquemangacine.fr\/viking\/bouclier-viking-fenrir\/","og_site_name":"R\u00e9plique Manga Cin\u00e9","article_publisher":"https:\/\/www.facebook.com\/RepliqueMangaCine","article_modified_time":"2025-11-21T12:23:39+00:00","og_image":[{"width":500,"height":500,"url":"https:\/\/repliquemangacine.fr\/wp-content\/uploads\/2023\/10\/Bouclier-Viking-Fenrir.jpg","type":"image\/jpeg"}],"twitter_card":"summary_large_image","twitter_misc":{"Tempo di lettura stimato":"3 minuti"},"schema":{"@context":"https:\/\/schema.org","@graph":[{"@type":"WebPage","@id":"https:\/\/repliquemangacine.fr\/boucliers-serie-vikings\/bouclier-viking-fenrir\/","url":"https:\/\/www.repliquemangacine.fr\/viking\/bouclier-viking-fenrir\/","name":"Scudo vichingo Fenrir - Negozio online - R\u00e9plique Manga Cin\u00e9","isPartOf":{"@id":"https:\/\/repliquemangacine.fr\/#website"},"primaryImageOfPage":{"@id":"https:\/\/www.repliquemangacine.fr\/viking\/bouclier-viking-fenrir\/#primaryimage"},"image":{"@id":"https:\/\/www.repliquemangacine.fr\/viking\/bouclier-viking-fenrir\/#primaryimage"},"thumbnailUrl":"https:\/\/repliquemangacine.fr\/wp-content\/uploads\/2023\/10\/Bouclier-Viking-Fenrir.jpg","datePublished":"2023-01-11T17:57:57+00:00","dateModified":"2025-11-21T12:23:39+00:00","description":"Acquista ora! Questo splendido scudo vichingo Fenrir in legno al miglior prezzo - Lupo Fenrir dipinto - Ombelico in acciaio - Cornice in pelle ruvida - Diametro: 80 cm","breadcrumb":{"@id":"https:\/\/www.repliquemangacine.fr\/viking\/bouclier-viking-fenrir\/#breadcrumb"},"inLanguage":"it-IT","potentialAction":[{"@type":"ReadAction","target":["https:\/\/www.repliquemangacine.fr\/viking\/bouclier-viking-fenrir\/"]}]},{"@type":"ImageObject","inLanguage":"it-IT","@id":"https:\/\/www.repliquemangacine.fr\/viking\/bouclier-viking-fenrir\/#primaryimage","url":"https:\/\/repliquemangacine.fr\/wp-content\/uploads\/2023\/10\/Bouclier-Viking-Fenrir.jpg","contentUrl":"https:\/\/repliquemangacine.fr\/wp-content\/uploads\/2023\/10\/Bouclier-Viking-Fenrir.jpg","width":500,"height":500,"caption":"Bouclier Viking Fenrir en bois"},{"@type":"BreadcrumbList","@id":"https:\/\/www.repliquemangacine.fr\/viking\/bouclier-viking-fenrir\/#breadcrumb","itemListElement":[{"@type":"ListItem","position":1,"name":"Accueil","item":"https:\/\/repliquemangacine.fr\/"},{"@type":"ListItem","position":2,"name":"Produits","item":"https:\/\/repliquemangacine.fr\/boutique\/"},{"@type":"ListItem","position":3,"name":"Bouclier Viking Fenrir"}]},{"@type":"WebSite","@id":"https:\/\/repliquemangacine.fr\/#website","url":"https:\/\/repliquemangacine.fr\/","name":"R\u00e9plique Manga Cin\u00e9","description":"","publisher":{"@id":"https:\/\/repliquemangacine.fr\/#organization"},"potentialAction":[{"@type":"SearchAction","target":{"@type":"EntryPoint","urlTemplate":"https:\/\/repliquemangacine.fr\/?s={search_term_string}"},"query-input":{"@type":"PropertyValueSpecification","valueRequired":true,"valueName":"search_term_string"}}],"inLanguage":"it-IT"},{"@type":"Organization","@id":"https:\/\/repliquemangacine.fr\/#organization","name":"R\u00e9plique Manga Cin\u00e9","url":"https:\/\/repliquemangacine.fr\/","logo":{"@type":"ImageObject","inLanguage":"it-IT","@id":"https:\/\/repliquemangacine.fr\/#\/schema\/logo\/image\/","url":"https:\/\/repliquemangacine.fr\/wp-content\/uploads\/2023\/10\/RMC-500250.png","contentUrl":"https:\/\/repliquemangacine.fr\/wp-content\/uploads\/2023\/10\/RMC-500250.png","width":500,"height":250,"caption":"R\u00e9plique Manga Cin\u00e9"},"image":{"@id":"https:\/\/repliquemangacine.fr\/#\/schema\/logo\/image\/"},"sameAs":["https:\/\/www.facebook.com\/RepliqueMangaCine","https:\/\/www.instagram.com\/repliquemangacine.fr\/"]}]}},"_links":{"self":[{"href":"https:\/\/repliquemangacine.fr\/it\/wp-json\/wp\/v2\/product\/57814","targetHints":{"allow":["GET"]}}],"collection":[{"href":"https:\/\/repliquemangacine.fr\/it\/wp-json\/wp\/v2\/product"}],"about":[{"href":"https:\/\/repliquemangacine.fr\/it\/wp-json\/wp\/v2\/types\/product"}],"wp:featuredmedia":[{"embeddable":true,"href":"https:\/\/repliquemangacine.fr\/it\/wp-json\/wp\/v2\/media\/57815"}],"wp:attachment":[{"href":"https:\/\/repliquemangacine.fr\/it\/wp-json\/wp\/v2\/media?parent=57814"}],"wp:term":[{"taxonomy":"product_brand","embeddable":true,"href":"https:\/\/repliquemangacine.fr\/it\/wp-json\/wp\/v2\/product_brand?post=57814"},{"taxonomy":"product_cat","embeddable":true,"href":"https:\/\/repliquemangacine.fr\/it\/wp-json\/wp\/v2\/product_cat?post=57814"},{"taxonomy":"product_tag","embeddable":true,"href":"https:\/\/repliquemangacine.fr\/it\/wp-json\/wp\/v2\/product_tag?post=57814"}],"curies":[{"name":"wp","href":"https:\/\/api.w.org\/{rel}","templated":true}]}}