





{"id":57803,"date":"2023-01-11T17:56:17","date_gmt":"2023-01-11T16:56:17","guid":{"rendered":"https:\/\/repliquemangacine.fr\/?post_type=product&#038;p=57803"},"modified":"2025-11-21T13:24:52","modified_gmt":"2025-11-21T12:24:52","slug":"scudo-vichingo-hugin-et-munin","status":"publish","type":"product","link":"https:\/\/repliquemangacine.fr\/it\/boucliers-serie-vikings\/bouclier-viking-hugin-et-munin\/","title":{"rendered":"Scudo vichingo Hugin e Munin"},"content":{"rendered":"<h2>Scudo vichingo in legno di Hugin &amp; Munin.<\/h2>\n<p>Per cominciare, il grande e magnifico <strong>Scudo vichingo Hugin e Munin<\/strong> \u00e8 in legno, riccamente decorato con due corvi. I due uccelli rappresentano i fedeli messaggeri di Odino, Hugin e Munin, un tema ricorrente nell'arte vichinga.<\/p>\n<p>Nel <a href=\"https:\/\/www.worldhistory.org\/trans\/fr\/1-12388\/mythologie-nordique\/\" target=\"_blank\" rel=\"noopener noreferrer\">Mitologia norrena<\/a>, I corvi sorvolano Asgard e Midgard, tornando ogni sera da Odino, il Padre di tutti gli dei, per raccontargli tutto ci\u00f2 che hanno visto e sentito.<\/p>\n<p>Il corvo \u00e8 un simbolo di saggezza. Ma il primo significato simbolico attribuito all'uccello lo mette in relazione con la morte. Un corvo che sorvola un campo di battaglia accompagna le valchirie (le valchirie, divinit\u00e0 minori che si dice servissero Odino, padrone degli dei, portavano le anime degli eroi nel Valhalla.<\/p>\n<h2>Il vostro scudo vichingo Hugin &amp; Munin al miglior prezzo.<\/h2>\n<p>R\u00e9plique Manga Cin\u00e9 offre un'ampia gamma di spade e scudi vichinghi<\/p>\n<p>Innanzitutto,<\/p>\n<ul>\n<li>Il famoso <a href=\"https:\/\/repliquemangacine.fr\/it\/armi-vichinghe\/replica-della-spada-di-re-ragnar-lothbrok-della-serie-tv-vikings\/\">La spada di Ragnar Lothbrok<\/a> della serie Vikings nelle mani dei re. Bjorn, figlio di Ragnar, fu l'ultimo a morire con questa spada.<\/li>\n<li>Cos\u00ec come tutti i <a href=\"https:\/\/repliquemangacine.fr\/it\/assassins-creed\/asce-assassins-creed-valhalla\/\">due assi Eivor<\/a> Varinsdottir in Assassin's Creed Valhalla.<\/li>\n<li>C'\u00e8 anche il<a href=\"https:\/\/repliquemangacine.fr\/it\/vichingo\/spada-vichinga-ironside\/\">Spada vichinga Ironside<\/a> de Condor, in onore di Bj\u00f6rn Ironside, il leggendario re vichingo.<\/li>\n<li>E molto altro ancora da visitare nel nostro negozio online.<\/li>\n<\/ul>\n<p>Ecco perch\u00e9 questa \u00e8 un'ottima idea regalo per tutti gli appassionati di vichinghi.<\/p>\n<p>In conclusione, \u00e8 possibile utilizzare il metodo <strong>Scudo vichingo Hugin e Munin<\/strong> per le vostre rievocazioni storiche. Ma soprattutto \u00e8 un oggetto da collezione e un pezzo decorativo.<\/p>\n<h2>Come si usa lo scudo del guerriero?<\/h2>\n<p>Conosciuti in tutto il mondo come grandi e coraggiosi guerrieri, i Vichinghi erano molto efficaci nei loro attacchi e nella loro protezione.<\/p>\n<p>I Vichinghi utilizzavano una formazione bellica molto efficace che permetteva loro di indebolire i nemici senza subire gravi perdite. Cos\u00ec, una volta indeboliti i nemici, ne rompevano le linee e li schiacciavano con facilit\u00e0.<\/p>\n<p>Questa formazione \u00e8 oggi nota come \u201cparete a scudo\u201d.<\/p>\n<p>Inoltre, decoravano i loro scudi con rune o figure di animali, simboli che si riferivano alle divinit\u00e0 nordiche. Ma i loro obiettivi erano anche strategici. Infatti, i <strong>Scudo vichingo Hugin &amp; Munin<\/strong> La verniciatura impedisce all'acqua di essere assorbita dal legno, rendendolo molto pi\u00f9 pesante.<\/p>","protected":false},"excerpt":{"rendered":"<p>Scudo vichingo fedelmente corrispondente agli originali.<\/p>\n<ul>\n<li>Lastra di legno di 13 mm di spessore<\/li>\n<li>Dotata di tre rinforzi in legno massiccio rivettati sul retro<\/li>\n<li>Dipinto con due corvi e un triskel.<\/li>\n<li>Ombelico in acciaio anticato tenuto in posizione da 4 rivetti<\/li>\n<li>Bordo in pelle grezza cucito sul legno.<\/li>\n<li>Manico rivestito in pelle, protetto dall'umbone.<\/li>\n<li>Diametro: 80 cm - Peso: 4,6 kg<\/li>\n<li>Dimensioni del capo: ingombro di circa 18 cm, rigonfiamento di circa 13 cm.<\/li>\n<\/ul>","protected":false},"featured_media":57804,"template":"","meta":[],"product_brand":[896],"product_cat":[25,113,24,103,57],"product_tag":[],"class_list":{"0":"post-57803","1":"product","2":"type-product","3":"status-publish","4":"has-post-thumbnail","6":"product_brand-replique-manga-cine","7":"product_cat-armes-historiques","8":"product_cat-boucliers-serie-vikings","9":"product_cat-films-series-tv-vente-de-katana-epee-et-produits-derives","10":"product_cat-armes-et-accessoires-vikings","11":"product_cat-armes-vikings","13":"first","14":"instock","15":"taxable","16":"shipping-taxable","17":"purchasable","18":"product-type-simple"},"yoast_head":"<!-- This site is optimized with the Yoast SEO plugin v27.4 - https:\/\/yoast.com\/product\/yoast-seo-wordpress\/ -->\n<title>Bouclier Viking Hugin &amp; Munin - R\u00e9plique Manga Cin\u00e9<\/title>\n<meta name=\"description\" content=\"Commandez vite ! Ce Bouclier Viking Hugin &amp; Munin au meilleur prix - Tout en bois - Umbo en m\u00e9tal - Peint des deux corbeaux d&#039;Odin - Diam\u00e8tre : 80 cm\" \/>\n<meta name=\"robots\" content=\"index, follow, max-snippet:-1, max-image-preview:large, max-video-preview:-1\" \/>\n<link rel=\"canonical\" href=\"https:\/\/repliquemangacine.fr\/it\/serie-shields-vikings\/scudo-vichingo-hugin-et-munin\/\" \/>\n<meta property=\"og:locale\" content=\"it_IT\" \/>\n<meta property=\"og:type\" content=\"article\" \/>\n<meta property=\"og:title\" content=\"Bouclier Viking Hugin &amp; Munin - R\u00e9plique Manga Cin\u00e9\" \/>\n<meta property=\"og:description\" content=\"Commandez vite ! Ce Bouclier Viking Hugin &amp; Munin au meilleur prix - Tout en bois - Umbo en m\u00e9tal - Peint des deux corbeaux d&#039;Odin - Diam\u00e8tre : 80 cm\" \/>\n<meta property=\"og:url\" content=\"https:\/\/repliquemangacine.fr\/it\/serie-shields-vikings\/scudo-vichingo-hugin-et-munin\/\" \/>\n<meta property=\"og:site_name\" content=\"R\u00e9plique Manga Cin\u00e9\" \/>\n<meta property=\"article:publisher\" content=\"https:\/\/www.facebook.com\/RepliqueMangaCine\" \/>\n<meta property=\"article:modified_time\" content=\"2025-11-21T12:24:52+00:00\" \/>\n<meta property=\"og:image\" content=\"https:\/\/repliquemangacine.fr\/wp-content\/uploads\/2023\/10\/Bouclier-Viking-HuginMunin.jpg\" \/>\n\t<meta property=\"og:image:width\" content=\"500\" \/>\n\t<meta property=\"og:image:height\" content=\"500\" \/>\n\t<meta property=\"og:image:type\" content=\"image\/jpeg\" \/>\n<meta name=\"twitter:card\" content=\"summary_large_image\" \/>\n<meta name=\"twitter:label1\" content=\"Tempo di lettura stimato\" \/>\n\t<meta name=\"twitter:data1\" content=\"3 minuti\" \/>\n<script type=\"application\/ld+json\" class=\"yoast-schema-graph\">{\"@context\":\"https:\\\/\\\/schema.org\",\"@graph\":[{\"@type\":\"WebPage\",\"@id\":\"https:\\\/\\\/repliquemangacine.fr\\\/boucliers-serie-vikings\\\/bouclier-viking-hugin-et-munin\\\/\",\"url\":\"https:\\\/\\\/repliquemangacine.fr\\\/boucliers-serie-vikings\\\/bouclier-viking-hugin-et-munin\\\/\",\"name\":\"Bouclier Viking Hugin & Munin - R\u00e9plique Manga Cin\u00e9\",\"isPartOf\":{\"@id\":\"https:\\\/\\\/repliquemangacine.fr\\\/#website\"},\"primaryImageOfPage\":{\"@id\":\"https:\\\/\\\/repliquemangacine.fr\\\/boucliers-serie-vikings\\\/bouclier-viking-hugin-et-munin\\\/#primaryimage\"},\"image\":{\"@id\":\"https:\\\/\\\/repliquemangacine.fr\\\/boucliers-serie-vikings\\\/bouclier-viking-hugin-et-munin\\\/#primaryimage\"},\"thumbnailUrl\":\"https:\\\/\\\/repliquemangacine.fr\\\/wp-content\\\/uploads\\\/2023\\\/10\\\/Bouclier-Viking-HuginMunin.jpg\",\"datePublished\":\"2023-01-11T16:56:17+00:00\",\"dateModified\":\"2025-11-21T12:24:52+00:00\",\"description\":\"Commandez vite ! Ce Bouclier Viking Hugin & Munin au meilleur prix - Tout en bois - Umbo en m\u00e9tal - Peint des deux corbeaux d'Odin - Diam\u00e8tre : 80 cm\",\"breadcrumb\":{\"@id\":\"https:\\\/\\\/repliquemangacine.fr\\\/boucliers-serie-vikings\\\/bouclier-viking-hugin-et-munin\\\/#breadcrumb\"},\"inLanguage\":\"it-IT\",\"potentialAction\":[{\"@type\":\"ReadAction\",\"target\":[\"https:\\\/\\\/repliquemangacine.fr\\\/boucliers-serie-vikings\\\/bouclier-viking-hugin-et-munin\\\/\"]}]},{\"@type\":\"ImageObject\",\"inLanguage\":\"it-IT\",\"@id\":\"https:\\\/\\\/repliquemangacine.fr\\\/boucliers-serie-vikings\\\/bouclier-viking-hugin-et-munin\\\/#primaryimage\",\"url\":\"https:\\\/\\\/repliquemangacine.fr\\\/wp-content\\\/uploads\\\/2023\\\/10\\\/Bouclier-Viking-HuginMunin.jpg\",\"contentUrl\":\"https:\\\/\\\/repliquemangacine.fr\\\/wp-content\\\/uploads\\\/2023\\\/10\\\/Bouclier-Viking-HuginMunin.jpg\",\"width\":500,\"height\":500,\"caption\":\"Bouclier Viking Hugin&Munin en bois\"},{\"@type\":\"BreadcrumbList\",\"@id\":\"https:\\\/\\\/repliquemangacine.fr\\\/boucliers-serie-vikings\\\/bouclier-viking-hugin-et-munin\\\/#breadcrumb\",\"itemListElement\":[{\"@type\":\"ListItem\",\"position\":1,\"name\":\"Accueil\",\"item\":\"https:\\\/\\\/repliquemangacine.fr\\\/\"},{\"@type\":\"ListItem\",\"position\":2,\"name\":\"Produits\",\"item\":\"https:\\\/\\\/repliquemangacine.fr\\\/boutique\\\/\"},{\"@type\":\"ListItem\",\"position\":3,\"name\":\"Bouclier Viking Hugin &#038; Munin\"}]},{\"@type\":\"WebSite\",\"@id\":\"https:\\\/\\\/repliquemangacine.fr\\\/#website\",\"url\":\"https:\\\/\\\/repliquemangacine.fr\\\/\",\"name\":\"R\u00e9plique Manga Cin\u00e9\",\"description\":\"\",\"publisher\":{\"@id\":\"https:\\\/\\\/repliquemangacine.fr\\\/#organization\"},\"potentialAction\":[{\"@type\":\"SearchAction\",\"target\":{\"@type\":\"EntryPoint\",\"urlTemplate\":\"https:\\\/\\\/repliquemangacine.fr\\\/?s={search_term_string}\"},\"query-input\":{\"@type\":\"PropertyValueSpecification\",\"valueRequired\":true,\"valueName\":\"search_term_string\"}}],\"inLanguage\":\"it-IT\"},{\"@type\":\"Organization\",\"@id\":\"https:\\\/\\\/repliquemangacine.fr\\\/#organization\",\"name\":\"R\u00e9plique Manga Cin\u00e9\",\"url\":\"https:\\\/\\\/repliquemangacine.fr\\\/\",\"logo\":{\"@type\":\"ImageObject\",\"inLanguage\":\"it-IT\",\"@id\":\"https:\\\/\\\/repliquemangacine.fr\\\/#\\\/schema\\\/logo\\\/image\\\/\",\"url\":\"https:\\\/\\\/repliquemangacine.fr\\\/wp-content\\\/uploads\\\/2023\\\/10\\\/RMC-500250.png\",\"contentUrl\":\"https:\\\/\\\/repliquemangacine.fr\\\/wp-content\\\/uploads\\\/2023\\\/10\\\/RMC-500250.png\",\"width\":500,\"height\":250,\"caption\":\"R\u00e9plique Manga Cin\u00e9\"},\"image\":{\"@id\":\"https:\\\/\\\/repliquemangacine.fr\\\/#\\\/schema\\\/logo\\\/image\\\/\"},\"sameAs\":[\"https:\\\/\\\/www.facebook.com\\\/RepliqueMangaCine\",\"https:\\\/\\\/www.instagram.com\\\/repliquemangacine.fr\\\/\"]}]}<\/script>\n<!-- \/ Yoast SEO plugin. -->","yoast_head_json":{"title":"Scudo vichingo Hugin &amp; Munin - R\u00e9plique Manga Cin\u00e9","description":"Ordinate ora! Questo scudo vichingo Hugin &amp; Munin al miglior prezzo - Tutto in legno - Ombrello in metallo - Dipinto con i due corvi di Odino - Diametro : 80 cm","robots":{"index":"index","follow":"follow","max-snippet":"max-snippet:-1","max-image-preview":"max-image-preview:large","max-video-preview":"max-video-preview:-1"},"canonical":"https:\/\/repliquemangacine.fr\/it\/serie-shields-vikings\/scudo-vichingo-hugin-et-munin\/","og_locale":"it_IT","og_type":"article","og_title":"Bouclier Viking Hugin & Munin - R\u00e9plique Manga Cin\u00e9","og_description":"Commandez vite ! Ce Bouclier Viking Hugin & Munin au meilleur prix - Tout en bois - Umbo en m\u00e9tal - Peint des deux corbeaux d'Odin - Diam\u00e8tre : 80 cm","og_url":"https:\/\/repliquemangacine.fr\/it\/serie-shields-vikings\/scudo-vichingo-hugin-et-munin\/","og_site_name":"R\u00e9plique Manga Cin\u00e9","article_publisher":"https:\/\/www.facebook.com\/RepliqueMangaCine","article_modified_time":"2025-11-21T12:24:52+00:00","og_image":[{"width":500,"height":500,"url":"https:\/\/repliquemangacine.fr\/wp-content\/uploads\/2023\/10\/Bouclier-Viking-HuginMunin.jpg","type":"image\/jpeg"}],"twitter_card":"summary_large_image","twitter_misc":{"Tempo di lettura stimato":"3 minuti"},"schema":{"@context":"https:\/\/schema.org","@graph":[{"@type":"WebPage","@id":"https:\/\/repliquemangacine.fr\/boucliers-serie-vikings\/bouclier-viking-hugin-et-munin\/","url":"https:\/\/repliquemangacine.fr\/boucliers-serie-vikings\/bouclier-viking-hugin-et-munin\/","name":"Scudo vichingo Hugin &amp; Munin - R\u00e9plique Manga Cin\u00e9","isPartOf":{"@id":"https:\/\/repliquemangacine.fr\/#website"},"primaryImageOfPage":{"@id":"https:\/\/repliquemangacine.fr\/boucliers-serie-vikings\/bouclier-viking-hugin-et-munin\/#primaryimage"},"image":{"@id":"https:\/\/repliquemangacine.fr\/boucliers-serie-vikings\/bouclier-viking-hugin-et-munin\/#primaryimage"},"thumbnailUrl":"https:\/\/repliquemangacine.fr\/wp-content\/uploads\/2023\/10\/Bouclier-Viking-HuginMunin.jpg","datePublished":"2023-01-11T16:56:17+00:00","dateModified":"2025-11-21T12:24:52+00:00","description":"Ordinate ora! Questo scudo vichingo Hugin &amp; Munin al miglior prezzo - Tutto in legno - Ombrello in metallo - Dipinto con i due corvi di Odino - Diametro : 80 cm","breadcrumb":{"@id":"https:\/\/repliquemangacine.fr\/boucliers-serie-vikings\/bouclier-viking-hugin-et-munin\/#breadcrumb"},"inLanguage":"it-IT","potentialAction":[{"@type":"ReadAction","target":["https:\/\/repliquemangacine.fr\/boucliers-serie-vikings\/bouclier-viking-hugin-et-munin\/"]}]},{"@type":"ImageObject","inLanguage":"it-IT","@id":"https:\/\/repliquemangacine.fr\/boucliers-serie-vikings\/bouclier-viking-hugin-et-munin\/#primaryimage","url":"https:\/\/repliquemangacine.fr\/wp-content\/uploads\/2023\/10\/Bouclier-Viking-HuginMunin.jpg","contentUrl":"https:\/\/repliquemangacine.fr\/wp-content\/uploads\/2023\/10\/Bouclier-Viking-HuginMunin.jpg","width":500,"height":500,"caption":"Bouclier Viking Hugin&Munin en bois"},{"@type":"BreadcrumbList","@id":"https:\/\/repliquemangacine.fr\/boucliers-serie-vikings\/bouclier-viking-hugin-et-munin\/#breadcrumb","itemListElement":[{"@type":"ListItem","position":1,"name":"Accueil","item":"https:\/\/repliquemangacine.fr\/"},{"@type":"ListItem","position":2,"name":"Produits","item":"https:\/\/repliquemangacine.fr\/boutique\/"},{"@type":"ListItem","position":3,"name":"Bouclier Viking Hugin &#038; Munin"}]},{"@type":"WebSite","@id":"https:\/\/repliquemangacine.fr\/#website","url":"https:\/\/repliquemangacine.fr\/","name":"R\u00e9plique Manga Cin\u00e9","description":"","publisher":{"@id":"https:\/\/repliquemangacine.fr\/#organization"},"potentialAction":[{"@type":"SearchAction","target":{"@type":"EntryPoint","urlTemplate":"https:\/\/repliquemangacine.fr\/?s={search_term_string}"},"query-input":{"@type":"PropertyValueSpecification","valueRequired":true,"valueName":"search_term_string"}}],"inLanguage":"it-IT"},{"@type":"Organization","@id":"https:\/\/repliquemangacine.fr\/#organization","name":"R\u00e9plique Manga Cin\u00e9","url":"https:\/\/repliquemangacine.fr\/","logo":{"@type":"ImageObject","inLanguage":"it-IT","@id":"https:\/\/repliquemangacine.fr\/#\/schema\/logo\/image\/","url":"https:\/\/repliquemangacine.fr\/wp-content\/uploads\/2023\/10\/RMC-500250.png","contentUrl":"https:\/\/repliquemangacine.fr\/wp-content\/uploads\/2023\/10\/RMC-500250.png","width":500,"height":250,"caption":"R\u00e9plique Manga Cin\u00e9"},"image":{"@id":"https:\/\/repliquemangacine.fr\/#\/schema\/logo\/image\/"},"sameAs":["https:\/\/www.facebook.com\/RepliqueMangaCine","https:\/\/www.instagram.com\/repliquemangacine.fr\/"]}]}},"_links":{"self":[{"href":"https:\/\/repliquemangacine.fr\/it\/wp-json\/wp\/v2\/product\/57803","targetHints":{"allow":["GET"]}}],"collection":[{"href":"https:\/\/repliquemangacine.fr\/it\/wp-json\/wp\/v2\/product"}],"about":[{"href":"https:\/\/repliquemangacine.fr\/it\/wp-json\/wp\/v2\/types\/product"}],"wp:featuredmedia":[{"embeddable":true,"href":"https:\/\/repliquemangacine.fr\/it\/wp-json\/wp\/v2\/media\/57804"}],"wp:attachment":[{"href":"https:\/\/repliquemangacine.fr\/it\/wp-json\/wp\/v2\/media?parent=57803"}],"wp:term":[{"taxonomy":"product_brand","embeddable":true,"href":"https:\/\/repliquemangacine.fr\/it\/wp-json\/wp\/v2\/product_brand?post=57803"},{"taxonomy":"product_cat","embeddable":true,"href":"https:\/\/repliquemangacine.fr\/it\/wp-json\/wp\/v2\/product_cat?post=57803"},{"taxonomy":"product_tag","embeddable":true,"href":"https:\/\/repliquemangacine.fr\/it\/wp-json\/wp\/v2\/product_tag?post=57803"}],"curies":[{"name":"wp","href":"https:\/\/api.w.org\/{rel}","templated":true}]}}