





{"id":57475,"date":"2022-12-30T17:49:04","date_gmt":"2022-12-30T16:49:04","guid":{"rendered":"https:\/\/repliquemangacine.fr\/?post_type=product&#038;p=57475"},"modified":"2026-04-09T19:23:54","modified_gmt":"2026-04-09T17:23:54","slug":"pugnale-finrod-pugnale-galadriel-gli-anelli-del-potere","status":"publish","type":"product","link":"https:\/\/repliquemangacine.fr\/it\/epees-seigneur-des-anneaux\/dague-finrod-dague-galadriel-les-anneaux-de-pouvoirs\/","title":{"rendered":"Pugnale di Galadriel"},"content":{"rendered":"<h2>Il pugnale di Galadriel negli Anelli del Potere<\/h2>\n<p>Per cominciare, questo <strong>Pugnale di Galadriel<\/strong> si vede per la prima volta nel primo episodio de Il Signore degli Anelli - Gli anelli del potere. All'inizio, quando suo fratello Finrod recupera la sua barca di carta con il suo pugnale. Poi Finrod perde la vita in battaglia contro Sauron. Davanti al corpo del fratello con in mano il pugnale, Galadriel gli fa una promessa di vendetta e prende il pugnale.<\/p>\n<p>Il pugnale di Finrod, ora pugnale di Galadriel, \u00e8 un'arma preziosa per lei. <a href=\"https:\/\/lotr.fandom.com\/fr\/wiki\/Galadriel#Saison_1\" target=\"_blank\" rel=\"noopener noreferrer\">Galadriel<\/a> rifiuta di entrare a Valinor, spinta dal desiderio di cercare Sauron.<\/p>\n<p>Pi\u00f9 che un semplice souvenir, \u00e8 il simbolo della sua lotta contro il Male e Sauron. Il pugnale non \u00e8 solo un magnifico gioiello, ma anche un'arma letale che Galadriel usa per uccidere il troll delle nevi nella Cittadella degli Orchi.<\/p>\n<h2>Il vostro Pugnale di Galadriel al miglior prezzo.<\/h2>\n<p>Offriamo un'ampia gamma di spade del Signore degli Anelli e di Anelli del Potere.<\/p>\n<p>Innanzitutto,<\/p>\n<ul>\n<li>La pi\u00f9 famosa di queste, la spada<a href=\"https:\/\/repliquemangacine.fr\/it\/il-signore-degli-anelli\/spada-anduril-aragorn-signore-degli-anelli\/\"> Anduril<\/a>la spada riforgiata dagli Elfi e data ad Aragorn.<\/li>\n<li>C'\u00e8 anche il<a href=\"https:\/\/repliquemangacine.fr\/it\/gli-anelli-del-potere\/spada-di-numenor-gli-anelli-del-potere\/\">Spada Numenoreana<\/a> con la testa del cavallo.<\/li>\n<li>E molti altri da scoprire nel nostro negozio online!<\/li>\n<\/ul>\n<p>Ecco perch\u00e9 questa \u00e8 un'ottima idea regalo per tutti i fan del Signore degli Anelli.<\/p>\n<p>In conclusione, \u00e8 possibile utilizzare questo <strong>Pugnale di Galadriel<\/strong> per le vostre sfilate cosplay o serate a tema. Ma soprattutto, questo pugnale \u00e8 un oggetto da collezione.<\/p>\n<p>R\u00e9plique Manga Cin\u00e9 \u00e8 un'azienda familiare francese.<\/p>\n<h2>Come si mantiene la lama del pugnale dell'Anello del Potere?<\/h2>\n<p>I pugnali da collezione e decorativi sono realizzati e assemblati in modo semplificato. Essendo destinati a scopi decorativi, non dispongono degli elementi di sicurezza necessari per una spada giapponese destinata all'allenamento.<\/p>\n<p>Tuttavia, il vostro <strong>Pugnale di Galadriel<\/strong> a una lama d'acciaio che deve essere curata per evitare che si danneggi nel tempo. Quando si espone la katana, gli amici saranno curiosi di vedere la lama e di toccarla. \u00c8 qui che bisogna fare attenzione, perch\u00e9 l'acidit\u00e0 delle dita \u00e8 molto dannosa per l'acciaio, indipendentemente dalla sua qualit\u00e0.<\/p>\n<p>Tuttavia, se ci\u00f2 dovesse accadere, niente panico: basta un panno inumidito con un po' d'olio per eliminare le impronte. In questo modo, la spada durer\u00e0 a lungo.<\/p>","protected":false},"excerpt":{"rendered":"<p>Splendida replica non ufficiale del pugnale di Galadriel negli Anelli del Potere.<\/p>\n<ul>\n<li>Lama in acciaio lucido placcato oro e cromo.<\/li>\n<li>Manico in acciaio lucidato oro e argento.<\/li>\n<li>Staffa di montaggio<\/li>\n<li>Custodia in similpelle che pu\u00f2 essere agganciata alla cintura<\/li>\n<li>Lunghezza lama: 29,5 cm - Lunghezza totale: 46,5 cm - Peso: 500 gr.<\/li>\n<\/ul>","protected":false},"featured_media":68947,"template":"","meta":[],"product_brand":[896],"product_cat":[68,24,29,106],"product_tag":[],"class_list":{"0":"post-57475","1":"product","2":"type-product","3":"status-publish","4":"has-post-thumbnail","6":"product_brand-replique-manga-cine","7":"product_cat-epees-seigneur-des-anneaux","8":"product_cat-films-series-tv-vente-de-katana-epee-et-produits-derives","9":"product_cat-le-seigneur-des-anneaux","10":"product_cat-epees-et-dague-les-anneaux-de-pouvoir","12":"first","13":"instock","14":"taxable","15":"shipping-taxable","16":"purchasable","17":"product-type-simple"},"yoast_head":"<!-- This site is optimized with the Yoast SEO plugin v27.4 - https:\/\/yoast.com\/product\/yoast-seo-wordpress\/ -->\n<title>Dague de Galadriel - Dague Finrod Les Anneaux de pouvoir | RMC<\/title>\n<meta name=\"description\" content=\"Offrez-vous la Dague de Galadriel dans la s\u00e9rie les anneaux de pouvoir au meilleur prix. Lame en acier - Longueur totale : 46.5cm - Envoi 24\/48H\" \/>\n<meta name=\"robots\" content=\"index, follow, max-snippet:-1, max-image-preview:large, max-video-preview:-1\" \/>\n<link rel=\"canonical\" href=\"https:\/\/repliquemangacine.fr\/it\/spade-del-signore-degli-anelli\/pugnale-finrod-pugnale-galadriel-gli-anelli-del-potere\/\" \/>\n<meta property=\"og:locale\" content=\"it_IT\" \/>\n<meta property=\"og:type\" content=\"article\" \/>\n<meta property=\"og:title\" content=\"Dague de Galadriel - Dague Finrod Les Anneaux de pouvoir | RMC\" \/>\n<meta property=\"og:description\" content=\"Offrez-vous la Dague de Galadriel dans la s\u00e9rie les anneaux de pouvoir au meilleur prix. Lame en acier - Longueur totale : 46.5cm - Envoi 24\/48H\" \/>\n<meta property=\"og:url\" content=\"https:\/\/repliquemangacine.fr\/it\/spade-del-signore-degli-anelli\/pugnale-finrod-pugnale-galadriel-gli-anelli-del-potere\/\" \/>\n<meta property=\"og:site_name\" content=\"R\u00e9plique Manga Cin\u00e9\" \/>\n<meta property=\"article:publisher\" content=\"https:\/\/www.facebook.com\/RepliqueMangaCine\" \/>\n<meta property=\"article:modified_time\" content=\"2026-04-09T17:23:54+00:00\" \/>\n<meta property=\"og:image\" content=\"https:\/\/repliquemangacine.fr\/wp-content\/uploads\/2022\/12\/Dague-galadriel-avec-housse-et-support.jpg\" \/>\n\t<meta property=\"og:image:width\" content=\"500\" \/>\n\t<meta property=\"og:image:height\" content=\"500\" \/>\n\t<meta property=\"og:image:type\" content=\"image\/jpeg\" \/>\n<meta name=\"twitter:card\" content=\"summary_large_image\" \/>\n<meta name=\"twitter:label1\" content=\"Tempo di lettura stimato\" \/>\n\t<meta name=\"twitter:data1\" content=\"3 minuti\" \/>\n<script type=\"application\/ld+json\" class=\"yoast-schema-graph\">{\"@context\":\"https:\\\/\\\/schema.org\",\"@graph\":[{\"@type\":\"WebPage\",\"@id\":\"https:\\\/\\\/repliquemangacine.fr\\\/epees-seigneur-des-anneaux\\\/dague-finrod-dague-galadriel-les-anneaux-de-pouvoirs\\\/\",\"url\":\"https:\\\/\\\/repliquemangacine.fr\\\/epees-seigneur-des-anneaux\\\/dague-finrod-dague-galadriel-les-anneaux-de-pouvoirs\\\/\",\"name\":\"Dague de Galadriel - Dague Finrod Les Anneaux de pouvoir | RMC\",\"isPartOf\":{\"@id\":\"https:\\\/\\\/repliquemangacine.fr\\\/#website\"},\"primaryImageOfPage\":{\"@id\":\"https:\\\/\\\/repliquemangacine.fr\\\/epees-seigneur-des-anneaux\\\/dague-finrod-dague-galadriel-les-anneaux-de-pouvoirs\\\/#primaryimage\"},\"image\":{\"@id\":\"https:\\\/\\\/repliquemangacine.fr\\\/epees-seigneur-des-anneaux\\\/dague-finrod-dague-galadriel-les-anneaux-de-pouvoirs\\\/#primaryimage\"},\"thumbnailUrl\":\"https:\\\/\\\/repliquemangacine.fr\\\/wp-content\\\/uploads\\\/2022\\\/12\\\/Dague-galadriel-avec-housse-et-support.jpg\",\"datePublished\":\"2022-12-30T16:49:04+00:00\",\"dateModified\":\"2026-04-09T17:23:54+00:00\",\"description\":\"Offrez-vous la Dague de Galadriel dans la s\u00e9rie les anneaux de pouvoir au meilleur prix. Lame en acier - Longueur totale : 46.5cm - Envoi 24\\\/48H\",\"breadcrumb\":{\"@id\":\"https:\\\/\\\/repliquemangacine.fr\\\/epees-seigneur-des-anneaux\\\/dague-finrod-dague-galadriel-les-anneaux-de-pouvoirs\\\/#breadcrumb\"},\"inLanguage\":\"it-IT\",\"potentialAction\":[{\"@type\":\"ReadAction\",\"target\":[\"https:\\\/\\\/repliquemangacine.fr\\\/epees-seigneur-des-anneaux\\\/dague-finrod-dague-galadriel-les-anneaux-de-pouvoirs\\\/\"]}]},{\"@type\":\"ImageObject\",\"inLanguage\":\"it-IT\",\"@id\":\"https:\\\/\\\/repliquemangacine.fr\\\/epees-seigneur-des-anneaux\\\/dague-finrod-dague-galadriel-les-anneaux-de-pouvoirs\\\/#primaryimage\",\"url\":\"https:\\\/\\\/repliquemangacine.fr\\\/wp-content\\\/uploads\\\/2022\\\/12\\\/Dague-galadriel-avec-housse-et-support.jpg\",\"contentUrl\":\"https:\\\/\\\/repliquemangacine.fr\\\/wp-content\\\/uploads\\\/2022\\\/12\\\/Dague-galadriel-avec-housse-et-support.jpg\",\"width\":500,\"height\":500,\"caption\":\"Dague Galadriel les Anneaux de Pouvoir\"},{\"@type\":\"BreadcrumbList\",\"@id\":\"https:\\\/\\\/repliquemangacine.fr\\\/epees-seigneur-des-anneaux\\\/dague-finrod-dague-galadriel-les-anneaux-de-pouvoirs\\\/#breadcrumb\",\"itemListElement\":[{\"@type\":\"ListItem\",\"position\":1,\"name\":\"Accueil\",\"item\":\"https:\\\/\\\/repliquemangacine.fr\\\/\"},{\"@type\":\"ListItem\",\"position\":2,\"name\":\"Produits\",\"item\":\"https:\\\/\\\/repliquemangacine.fr\\\/boutique\\\/\"},{\"@type\":\"ListItem\",\"position\":3,\"name\":\"Dague de Galadriel\"}]},{\"@type\":\"WebSite\",\"@id\":\"https:\\\/\\\/repliquemangacine.fr\\\/#website\",\"url\":\"https:\\\/\\\/repliquemangacine.fr\\\/\",\"name\":\"R\u00e9plique Manga Cin\u00e9\",\"description\":\"\",\"publisher\":{\"@id\":\"https:\\\/\\\/repliquemangacine.fr\\\/#organization\"},\"potentialAction\":[{\"@type\":\"SearchAction\",\"target\":{\"@type\":\"EntryPoint\",\"urlTemplate\":\"https:\\\/\\\/repliquemangacine.fr\\\/?s={search_term_string}\"},\"query-input\":{\"@type\":\"PropertyValueSpecification\",\"valueRequired\":true,\"valueName\":\"search_term_string\"}}],\"inLanguage\":\"it-IT\"},{\"@type\":\"Organization\",\"@id\":\"https:\\\/\\\/repliquemangacine.fr\\\/#organization\",\"name\":\"R\u00e9plique Manga Cin\u00e9\",\"url\":\"https:\\\/\\\/repliquemangacine.fr\\\/\",\"logo\":{\"@type\":\"ImageObject\",\"inLanguage\":\"it-IT\",\"@id\":\"https:\\\/\\\/repliquemangacine.fr\\\/#\\\/schema\\\/logo\\\/image\\\/\",\"url\":\"https:\\\/\\\/repliquemangacine.fr\\\/wp-content\\\/uploads\\\/2023\\\/10\\\/RMC-500250.png\",\"contentUrl\":\"https:\\\/\\\/repliquemangacine.fr\\\/wp-content\\\/uploads\\\/2023\\\/10\\\/RMC-500250.png\",\"width\":500,\"height\":250,\"caption\":\"R\u00e9plique Manga Cin\u00e9\"},\"image\":{\"@id\":\"https:\\\/\\\/repliquemangacine.fr\\\/#\\\/schema\\\/logo\\\/image\\\/\"},\"sameAs\":[\"https:\\\/\\\/www.facebook.com\\\/RepliqueMangaCine\",\"https:\\\/\\\/www.instagram.com\\\/repliquemangacine.fr\\\/\"]}]}<\/script>\n<!-- \/ Yoast SEO plugin. -->","yoast_head_json":{"title":"Dague de Galadriel - Dague Finrod Gli Anelli del Potere | RMC","description":"Regalati il Pugnale di Galadriel della serie Anelli del Potere al miglior prezzo. Lama in acciaio - Lunghezza totale: 46,5 cm - Spedizione 24\/48H","robots":{"index":"index","follow":"follow","max-snippet":"max-snippet:-1","max-image-preview":"max-image-preview:large","max-video-preview":"max-video-preview:-1"},"canonical":"https:\/\/repliquemangacine.fr\/it\/spade-del-signore-degli-anelli\/pugnale-finrod-pugnale-galadriel-gli-anelli-del-potere\/","og_locale":"it_IT","og_type":"article","og_title":"Dague de Galadriel - Dague Finrod Les Anneaux de pouvoir | RMC","og_description":"Offrez-vous la Dague de Galadriel dans la s\u00e9rie les anneaux de pouvoir au meilleur prix. Lame en acier - Longueur totale : 46.5cm - Envoi 24\/48H","og_url":"https:\/\/repliquemangacine.fr\/it\/spade-del-signore-degli-anelli\/pugnale-finrod-pugnale-galadriel-gli-anelli-del-potere\/","og_site_name":"R\u00e9plique Manga Cin\u00e9","article_publisher":"https:\/\/www.facebook.com\/RepliqueMangaCine","article_modified_time":"2026-04-09T17:23:54+00:00","og_image":[{"width":500,"height":500,"url":"https:\/\/repliquemangacine.fr\/wp-content\/uploads\/2022\/12\/Dague-galadriel-avec-housse-et-support.jpg","type":"image\/jpeg"}],"twitter_card":"summary_large_image","twitter_misc":{"Tempo di lettura stimato":"3 minuti"},"schema":{"@context":"https:\/\/schema.org","@graph":[{"@type":"WebPage","@id":"https:\/\/repliquemangacine.fr\/epees-seigneur-des-anneaux\/dague-finrod-dague-galadriel-les-anneaux-de-pouvoirs\/","url":"https:\/\/repliquemangacine.fr\/epees-seigneur-des-anneaux\/dague-finrod-dague-galadriel-les-anneaux-de-pouvoirs\/","name":"Dague de Galadriel - Dague Finrod Gli Anelli del Potere | RMC","isPartOf":{"@id":"https:\/\/repliquemangacine.fr\/#website"},"primaryImageOfPage":{"@id":"https:\/\/repliquemangacine.fr\/epees-seigneur-des-anneaux\/dague-finrod-dague-galadriel-les-anneaux-de-pouvoirs\/#primaryimage"},"image":{"@id":"https:\/\/repliquemangacine.fr\/epees-seigneur-des-anneaux\/dague-finrod-dague-galadriel-les-anneaux-de-pouvoirs\/#primaryimage"},"thumbnailUrl":"https:\/\/repliquemangacine.fr\/wp-content\/uploads\/2022\/12\/Dague-galadriel-avec-housse-et-support.jpg","datePublished":"2022-12-30T16:49:04+00:00","dateModified":"2026-04-09T17:23:54+00:00","description":"Regalati il Pugnale di Galadriel della serie Anelli del Potere al miglior prezzo. Lama in acciaio - Lunghezza totale: 46,5 cm - Spedizione 24\/48H","breadcrumb":{"@id":"https:\/\/repliquemangacine.fr\/epees-seigneur-des-anneaux\/dague-finrod-dague-galadriel-les-anneaux-de-pouvoirs\/#breadcrumb"},"inLanguage":"it-IT","potentialAction":[{"@type":"ReadAction","target":["https:\/\/repliquemangacine.fr\/epees-seigneur-des-anneaux\/dague-finrod-dague-galadriel-les-anneaux-de-pouvoirs\/"]}]},{"@type":"ImageObject","inLanguage":"it-IT","@id":"https:\/\/repliquemangacine.fr\/epees-seigneur-des-anneaux\/dague-finrod-dague-galadriel-les-anneaux-de-pouvoirs\/#primaryimage","url":"https:\/\/repliquemangacine.fr\/wp-content\/uploads\/2022\/12\/Dague-galadriel-avec-housse-et-support.jpg","contentUrl":"https:\/\/repliquemangacine.fr\/wp-content\/uploads\/2022\/12\/Dague-galadriel-avec-housse-et-support.jpg","width":500,"height":500,"caption":"Dague Galadriel les Anneaux de Pouvoir"},{"@type":"BreadcrumbList","@id":"https:\/\/repliquemangacine.fr\/epees-seigneur-des-anneaux\/dague-finrod-dague-galadriel-les-anneaux-de-pouvoirs\/#breadcrumb","itemListElement":[{"@type":"ListItem","position":1,"name":"Accueil","item":"https:\/\/repliquemangacine.fr\/"},{"@type":"ListItem","position":2,"name":"Produits","item":"https:\/\/repliquemangacine.fr\/boutique\/"},{"@type":"ListItem","position":3,"name":"Dague de Galadriel"}]},{"@type":"WebSite","@id":"https:\/\/repliquemangacine.fr\/#website","url":"https:\/\/repliquemangacine.fr\/","name":"R\u00e9plique Manga Cin\u00e9","description":"","publisher":{"@id":"https:\/\/repliquemangacine.fr\/#organization"},"potentialAction":[{"@type":"SearchAction","target":{"@type":"EntryPoint","urlTemplate":"https:\/\/repliquemangacine.fr\/?s={search_term_string}"},"query-input":{"@type":"PropertyValueSpecification","valueRequired":true,"valueName":"search_term_string"}}],"inLanguage":"it-IT"},{"@type":"Organization","@id":"https:\/\/repliquemangacine.fr\/#organization","name":"R\u00e9plique Manga Cin\u00e9","url":"https:\/\/repliquemangacine.fr\/","logo":{"@type":"ImageObject","inLanguage":"it-IT","@id":"https:\/\/repliquemangacine.fr\/#\/schema\/logo\/image\/","url":"https:\/\/repliquemangacine.fr\/wp-content\/uploads\/2023\/10\/RMC-500250.png","contentUrl":"https:\/\/repliquemangacine.fr\/wp-content\/uploads\/2023\/10\/RMC-500250.png","width":500,"height":250,"caption":"R\u00e9plique Manga Cin\u00e9"},"image":{"@id":"https:\/\/repliquemangacine.fr\/#\/schema\/logo\/image\/"},"sameAs":["https:\/\/www.facebook.com\/RepliqueMangaCine","https:\/\/www.instagram.com\/repliquemangacine.fr\/"]}]}},"_links":{"self":[{"href":"https:\/\/repliquemangacine.fr\/it\/wp-json\/wp\/v2\/product\/57475","targetHints":{"allow":["GET"]}}],"collection":[{"href":"https:\/\/repliquemangacine.fr\/it\/wp-json\/wp\/v2\/product"}],"about":[{"href":"https:\/\/repliquemangacine.fr\/it\/wp-json\/wp\/v2\/types\/product"}],"wp:featuredmedia":[{"embeddable":true,"href":"https:\/\/repliquemangacine.fr\/it\/wp-json\/wp\/v2\/media\/68947"}],"wp:attachment":[{"href":"https:\/\/repliquemangacine.fr\/it\/wp-json\/wp\/v2\/media?parent=57475"}],"wp:term":[{"taxonomy":"product_brand","embeddable":true,"href":"https:\/\/repliquemangacine.fr\/it\/wp-json\/wp\/v2\/product_brand?post=57475"},{"taxonomy":"product_cat","embeddable":true,"href":"https:\/\/repliquemangacine.fr\/it\/wp-json\/wp\/v2\/product_cat?post=57475"},{"taxonomy":"product_tag","embeddable":true,"href":"https:\/\/repliquemangacine.fr\/it\/wp-json\/wp\/v2\/product_tag?post=57475"}],"curies":[{"name":"wp","href":"https:\/\/api.w.org\/{rel}","templated":true}]}}