





{"id":55980,"date":"2022-12-01T20:05:47","date_gmt":"2022-12-01T19:05:47","guid":{"rendered":"https:\/\/repliquemangacine.fr\/?post_type=product&#038;p=55980"},"modified":"2026-01-21T11:40:51","modified_gmt":"2026-01-21T10:40:51","slug":"tanjiro-demon-slayer-katana-di-legno-nichirin","status":"publish","type":"product","link":"https:\/\/repliquemangacine.fr\/it\/katana-en-bois-demon-slayer\/katana-nichirin-en-bois-tanjiro-demon-slayer\/","title":{"rendered":"Katana di legno Nichirin Tanjiro"},"content":{"rendered":"<h2>Katana di legno Nichirin Tanjiro Uccisore di demoni<\/h2>\n<p>Le <strong>Katana di legno Nichirin di Tanjiro<\/strong> \u00e8 assolutamente straordinario grazie alla sua finitura. Come tutti i Demons Slayer, Tanjiro possiede una lama Nichirin standard. Le spade Nichirin possono assumere praticamente qualsiasi colore, a seconda dell'utilizzatore e del suo stile di respirazione.<\/p>\n<p>Tuttavia, c'\u00e8 un colore che non \u00e8 accessibile, ovvero il rosso vivo. Scoperto per la prima volta da Yoriichi Tsugikuni,  diventato un uccisore di demoni grazie al suo respiro solare.<\/p>\n<p>La principale e unica abilit\u00e0 speciale delle lame rosso vivo \u00e8 quella di ostacolare o addirittura annullare le capacit\u00e0 rigenerative e curative dei demoni. Ci\u00f2 dovrebbe imitare l'effetto del sole su di loro. \u00c8 per questo che porta questo nome. <a href=\"https:\/\/kimetsu-no-yaiba.fandom.com\/fr\/wiki\/\u00c9p\u00e9e_du_Soleil\" target=\"_blank\" rel=\"noopener noreferrer\">spada del sole<\/a><\/p>\n<h2>La tua Katana di legno Nichirin Tanjiro al miglior prezzo<\/h2>\n<p>Abbiamo tutte le battute dei vostri personaggi preferiti in questo manga anime Demon Slayer.<\/p>\n<p>Innanzitutto,<\/p>\n<ul>\n<li>il <a href=\"https:\/\/repliquemangacine.fr\/it\/katana-uccisore-di-demoni\/kokushibo-katana-delluccisore-di-demoni\/\">Katana Kyokokukamusari<\/a> utilizzato da Kokushibo e la sua lama superbamente decorata.<\/li>\n<li>Cos\u00ec come il <a href=\"https:\/\/repliquemangacine.fr\/it\/katana-uccisore-di-demoni\/kyojuro-demon-slayer-katana-di-legno\/\">Katana di legno Kyojuro<\/a> con il suo fodero decorato.<\/li>\n<li>C'\u00e8 anche il <a href=\"https:\/\/repliquemangacine.fr\/it\/katana-uccisore-di-demoni\/set-di-15-pezzi-per-luccisione-dei-demoni\/\">Set di 15 pezzi per l'Uccisore di Demoni<\/a> come portachiavi o ciondolo, come preferite!<\/li>\n<li>E c'\u00e8 molto altro da scoprire!<\/li>\n<\/ul>\n<p>Sono ottime idee regalo per i fan di Kimetsu no Yaiba o Demon Slayer.<\/p>\n<p>Potete anche usare questa spada Nichirin  per le vostre sfilate cosplay o le vostre feste a tema. Ma soprattutto, la spada del sole di Tanjiro \u00e8 anche un oggetto da collezione e da esposizione.<\/p>\n<h2>Le nostre novit\u00e0 a basso prezzo sulla Cacciatrice di Demoni<\/h2>\n<p>Siamo sempre alla ricerca di qualcosa di nuovo, quindi vi proponiamo alcune piccole chicche da scoprire!<\/p>\n<p>Il bavaglio di bamb\u00f9 di Nezuko sar\u00e0 perfetto per le vostre convention di manga. Presto saranno disponibili anche figurine di Demon Slayer e wallscroll dei vostri personaggi preferiti.<\/p>\n<p>R\u00e9plique Manga Cin\u00e9 \u00e8 un'azienda familiare francese.<\/p>\n<p><strong>Si prega di notare che tutte le nostre repliche sono oggetti da collezione e decorazioni. Possono essere utilizzate per rievocazioni storiche, sfilate di cosplay o decorazioni di interni. Di conseguenza, non \u00e8 possibile andare in luoghi pubblici con queste repliche.<\/strong><\/p>","protected":false},"excerpt":{"rendered":"<ul>\n<li>Lama di legno (bamb\u00f9) dipinta con kangi.<\/li>\n<li>Protezione in ABS sagomata appositamente.<\/li>\n<li>Guaina in ABS sagomato laccato bianco decorato con finiture finali.<\/li>\n<li>Il manico \u00e8 rivestito di treccia di cotone.<\/li>\n<li>Lunghezza lama: 68 cm - Lunghezza totale: 103 cm<\/li>\n<li>Peso: 550 grammi con fodero<\/li>\n<\/ul>","protected":false},"featured_media":55981,"template":"","meta":[],"product_brand":[896],"product_cat":[63,116,23],"product_tag":[],"class_list":{"0":"post-55980","1":"product","2":"type-product","3":"status-publish","4":"has-post-thumbnail","6":"product_brand-replique-manga-cine","7":"product_cat-katana-demon-slayer","8":"product_cat-katana-en-bois-demon-slayer","9":"product_cat-repliques-manga-jeux-video","11":"first","12":"instock","13":"sale","14":"taxable","15":"shipping-taxable","16":"purchasable","17":"product-type-simple"},"yoast_head":"<!-- This site is optimized with the Yoast SEO plugin v27.5 - https:\/\/yoast.com\/product\/yoast-seo-wordpress\/ -->\n<title>Katana bois Nichirin Tanjiro lame bois - Boutique en ligne | RMC<\/title>\n<meta name=\"description\" content=\"Commandez votre Katana bois Nichirin de Tanjiro au meilleur prix. Cette \u00e9p\u00e9e du soleil a une lame en bambou - Longueur :103 cm - Envoi 24\/48h\" \/>\n<meta name=\"robots\" content=\"index, follow, max-snippet:-1, max-image-preview:large, max-video-preview:-1\" \/>\n<link rel=\"canonical\" href=\"https:\/\/repliquemangacine.fr\/it\/katana-di-legno-delluccisore-di-demoni\/tanjiro-demon-slayer-katana-di-legno-nichirin\/\" \/>\n<meta property=\"og:locale\" content=\"it_IT\" \/>\n<meta property=\"og:type\" content=\"article\" \/>\n<meta property=\"og:title\" content=\"Katana bois Nichirin Tanjiro lame bois - Boutique en ligne | RMC\" \/>\n<meta property=\"og:description\" content=\"Commandez votre Katana bois Nichirin de Tanjiro au meilleur prix. Cette \u00e9p\u00e9e du soleil a une lame en bambou - Longueur :103 cm - Envoi 24\/48h\" \/>\n<meta property=\"og:url\" content=\"https:\/\/repliquemangacine.fr\/it\/katana-di-legno-delluccisore-di-demoni\/tanjiro-demon-slayer-katana-di-legno-nichirin\/\" \/>\n<meta property=\"og:site_name\" content=\"R\u00e9plique Manga Cin\u00e9\" \/>\n<meta property=\"article:publisher\" content=\"https:\/\/www.facebook.com\/RepliqueMangaCine\" \/>\n<meta property=\"article:modified_time\" content=\"2026-01-21T10:40:51+00:00\" \/>\n<meta property=\"og:image\" content=\"https:\/\/repliquemangacine.fr\/wp-content\/uploads\/2023\/10\/666w.jpg\" \/>\n\t<meta property=\"og:image:width\" content=\"500\" \/>\n\t<meta property=\"og:image:height\" content=\"500\" \/>\n\t<meta property=\"og:image:type\" content=\"image\/jpeg\" \/>\n<meta name=\"twitter:card\" content=\"summary_large_image\" \/>\n<meta name=\"twitter:label1\" content=\"Tempo di lettura stimato\" \/>\n\t<meta name=\"twitter:data1\" content=\"2 minuti\" \/>\n<script type=\"application\/ld+json\" class=\"yoast-schema-graph\">{\"@context\":\"https:\\\/\\\/schema.org\",\"@graph\":[{\"@type\":\"WebPage\",\"@id\":\"https:\\\/\\\/repliquemangacine.fr\\\/katana-en-bois-demon-slayer\\\/katana-nichirin-en-bois-tanjiro-demon-slayer\\\/\",\"url\":\"https:\\\/\\\/repliquemangacine.fr\\\/katana-en-bois-demon-slayer\\\/katana-nichirin-en-bois-tanjiro-demon-slayer\\\/\",\"name\":\"Katana bois Nichirin Tanjiro lame bois - Boutique en ligne | RMC\",\"isPartOf\":{\"@id\":\"https:\\\/\\\/repliquemangacine.fr\\\/#website\"},\"primaryImageOfPage\":{\"@id\":\"https:\\\/\\\/repliquemangacine.fr\\\/katana-en-bois-demon-slayer\\\/katana-nichirin-en-bois-tanjiro-demon-slayer\\\/#primaryimage\"},\"image\":{\"@id\":\"https:\\\/\\\/repliquemangacine.fr\\\/katana-en-bois-demon-slayer\\\/katana-nichirin-en-bois-tanjiro-demon-slayer\\\/#primaryimage\"},\"thumbnailUrl\":\"https:\\\/\\\/repliquemangacine.fr\\\/wp-content\\\/uploads\\\/2023\\\/10\\\/666w.jpg\",\"datePublished\":\"2022-12-01T19:05:47+00:00\",\"dateModified\":\"2026-01-21T10:40:51+00:00\",\"description\":\"Commandez votre Katana bois Nichirin de Tanjiro au meilleur prix. Cette \u00e9p\u00e9e du soleil a une lame en bambou - Longueur :103 cm - Envoi 24\\\/48h\",\"breadcrumb\":{\"@id\":\"https:\\\/\\\/repliquemangacine.fr\\\/katana-en-bois-demon-slayer\\\/katana-nichirin-en-bois-tanjiro-demon-slayer\\\/#breadcrumb\"},\"inLanguage\":\"it-IT\",\"potentialAction\":[{\"@type\":\"ReadAction\",\"target\":[\"https:\\\/\\\/repliquemangacine.fr\\\/katana-en-bois-demon-slayer\\\/katana-nichirin-en-bois-tanjiro-demon-slayer\\\/\"]}]},{\"@type\":\"ImageObject\",\"inLanguage\":\"it-IT\",\"@id\":\"https:\\\/\\\/repliquemangacine.fr\\\/katana-en-bois-demon-slayer\\\/katana-nichirin-en-bois-tanjiro-demon-slayer\\\/#primaryimage\",\"url\":\"https:\\\/\\\/repliquemangacine.fr\\\/wp-content\\\/uploads\\\/2023\\\/10\\\/666w.jpg\",\"contentUrl\":\"https:\\\/\\\/repliquemangacine.fr\\\/wp-content\\\/uploads\\\/2023\\\/10\\\/666w.jpg\",\"width\":500,\"height\":500,\"caption\":\"Ep\u00e9e Nichirin en bois demon slayer\"},{\"@type\":\"BreadcrumbList\",\"@id\":\"https:\\\/\\\/repliquemangacine.fr\\\/katana-en-bois-demon-slayer\\\/katana-nichirin-en-bois-tanjiro-demon-slayer\\\/#breadcrumb\",\"itemListElement\":[{\"@type\":\"ListItem\",\"position\":1,\"name\":\"Accueil\",\"item\":\"https:\\\/\\\/repliquemangacine.fr\\\/\"},{\"@type\":\"ListItem\",\"position\":2,\"name\":\"Produits\",\"item\":\"https:\\\/\\\/repliquemangacine.fr\\\/boutique\\\/\"},{\"@type\":\"ListItem\",\"position\":3,\"name\":\"Katana bois Nichirin Tanjiro\"}]},{\"@type\":\"WebSite\",\"@id\":\"https:\\\/\\\/repliquemangacine.fr\\\/#website\",\"url\":\"https:\\\/\\\/repliquemangacine.fr\\\/\",\"name\":\"R\u00e9plique Manga Cin\u00e9\",\"description\":\"\",\"publisher\":{\"@id\":\"https:\\\/\\\/repliquemangacine.fr\\\/#organization\"},\"potentialAction\":[{\"@type\":\"SearchAction\",\"target\":{\"@type\":\"EntryPoint\",\"urlTemplate\":\"https:\\\/\\\/repliquemangacine.fr\\\/?s={search_term_string}\"},\"query-input\":{\"@type\":\"PropertyValueSpecification\",\"valueRequired\":true,\"valueName\":\"search_term_string\"}}],\"inLanguage\":\"it-IT\"},{\"@type\":\"Organization\",\"@id\":\"https:\\\/\\\/repliquemangacine.fr\\\/#organization\",\"name\":\"R\u00e9plique Manga Cin\u00e9\",\"url\":\"https:\\\/\\\/repliquemangacine.fr\\\/\",\"logo\":{\"@type\":\"ImageObject\",\"inLanguage\":\"it-IT\",\"@id\":\"https:\\\/\\\/repliquemangacine.fr\\\/#\\\/schema\\\/logo\\\/image\\\/\",\"url\":\"https:\\\/\\\/repliquemangacine.fr\\\/wp-content\\\/uploads\\\/2023\\\/10\\\/RMC-500250.png\",\"contentUrl\":\"https:\\\/\\\/repliquemangacine.fr\\\/wp-content\\\/uploads\\\/2023\\\/10\\\/RMC-500250.png\",\"width\":500,\"height\":250,\"caption\":\"R\u00e9plique Manga Cin\u00e9\"},\"image\":{\"@id\":\"https:\\\/\\\/repliquemangacine.fr\\\/#\\\/schema\\\/logo\\\/image\\\/\"},\"sameAs\":[\"https:\\\/\\\/www.facebook.com\\\/RepliqueMangaCine\",\"https:\\\/\\\/www.instagram.com\\\/repliquemangacine.fr\\\/\"]}]}<\/script>\n<!-- \/ Yoast SEO plugin. -->","yoast_head_json":{"title":"Lama di legno Katana Nichirin Tanjiro - Boutique en ligne | RMC","description":"Ordina la tua Katana di legno Tanjiro Nichirin al miglior prezzo. Questa spada del sole ha una lama di bamb\u00f9 - Lunghezza :103 cm - Spedizione 24\/48h","robots":{"index":"index","follow":"follow","max-snippet":"max-snippet:-1","max-image-preview":"max-image-preview:large","max-video-preview":"max-video-preview:-1"},"canonical":"https:\/\/repliquemangacine.fr\/it\/katana-di-legno-delluccisore-di-demoni\/tanjiro-demon-slayer-katana-di-legno-nichirin\/","og_locale":"it_IT","og_type":"article","og_title":"Katana bois Nichirin Tanjiro lame bois - Boutique en ligne | RMC","og_description":"Commandez votre Katana bois Nichirin de Tanjiro au meilleur prix. Cette \u00e9p\u00e9e du soleil a une lame en bambou - Longueur :103 cm - Envoi 24\/48h","og_url":"https:\/\/repliquemangacine.fr\/it\/katana-di-legno-delluccisore-di-demoni\/tanjiro-demon-slayer-katana-di-legno-nichirin\/","og_site_name":"R\u00e9plique Manga Cin\u00e9","article_publisher":"https:\/\/www.facebook.com\/RepliqueMangaCine","article_modified_time":"2026-01-21T10:40:51+00:00","og_image":[{"width":500,"height":500,"url":"https:\/\/repliquemangacine.fr\/wp-content\/uploads\/2023\/10\/666w.jpg","type":"image\/jpeg"}],"twitter_card":"summary_large_image","twitter_misc":{"Tempo di lettura stimato":"2 minuti"},"schema":{"@context":"https:\/\/schema.org","@graph":[{"@type":"WebPage","@id":"https:\/\/repliquemangacine.fr\/katana-en-bois-demon-slayer\/katana-nichirin-en-bois-tanjiro-demon-slayer\/","url":"https:\/\/repliquemangacine.fr\/katana-en-bois-demon-slayer\/katana-nichirin-en-bois-tanjiro-demon-slayer\/","name":"Lama di legno Katana Nichirin Tanjiro - Boutique en ligne | RMC","isPartOf":{"@id":"https:\/\/repliquemangacine.fr\/#website"},"primaryImageOfPage":{"@id":"https:\/\/repliquemangacine.fr\/katana-en-bois-demon-slayer\/katana-nichirin-en-bois-tanjiro-demon-slayer\/#primaryimage"},"image":{"@id":"https:\/\/repliquemangacine.fr\/katana-en-bois-demon-slayer\/katana-nichirin-en-bois-tanjiro-demon-slayer\/#primaryimage"},"thumbnailUrl":"https:\/\/repliquemangacine.fr\/wp-content\/uploads\/2023\/10\/666w.jpg","datePublished":"2022-12-01T19:05:47+00:00","dateModified":"2026-01-21T10:40:51+00:00","description":"Ordina la tua Katana di legno Tanjiro Nichirin al miglior prezzo. Questa spada del sole ha una lama di bamb\u00f9 - Lunghezza :103 cm - Spedizione 24\/48h","breadcrumb":{"@id":"https:\/\/repliquemangacine.fr\/katana-en-bois-demon-slayer\/katana-nichirin-en-bois-tanjiro-demon-slayer\/#breadcrumb"},"inLanguage":"it-IT","potentialAction":[{"@type":"ReadAction","target":["https:\/\/repliquemangacine.fr\/katana-en-bois-demon-slayer\/katana-nichirin-en-bois-tanjiro-demon-slayer\/"]}]},{"@type":"ImageObject","inLanguage":"it-IT","@id":"https:\/\/repliquemangacine.fr\/katana-en-bois-demon-slayer\/katana-nichirin-en-bois-tanjiro-demon-slayer\/#primaryimage","url":"https:\/\/repliquemangacine.fr\/wp-content\/uploads\/2023\/10\/666w.jpg","contentUrl":"https:\/\/repliquemangacine.fr\/wp-content\/uploads\/2023\/10\/666w.jpg","width":500,"height":500,"caption":"Ep\u00e9e Nichirin en bois demon slayer"},{"@type":"BreadcrumbList","@id":"https:\/\/repliquemangacine.fr\/katana-en-bois-demon-slayer\/katana-nichirin-en-bois-tanjiro-demon-slayer\/#breadcrumb","itemListElement":[{"@type":"ListItem","position":1,"name":"Accueil","item":"https:\/\/repliquemangacine.fr\/"},{"@type":"ListItem","position":2,"name":"Produits","item":"https:\/\/repliquemangacine.fr\/boutique\/"},{"@type":"ListItem","position":3,"name":"Katana bois Nichirin Tanjiro"}]},{"@type":"WebSite","@id":"https:\/\/repliquemangacine.fr\/#website","url":"https:\/\/repliquemangacine.fr\/","name":"R\u00e9plique Manga Cin\u00e9","description":"","publisher":{"@id":"https:\/\/repliquemangacine.fr\/#organization"},"potentialAction":[{"@type":"SearchAction","target":{"@type":"EntryPoint","urlTemplate":"https:\/\/repliquemangacine.fr\/?s={search_term_string}"},"query-input":{"@type":"PropertyValueSpecification","valueRequired":true,"valueName":"search_term_string"}}],"inLanguage":"it-IT"},{"@type":"Organization","@id":"https:\/\/repliquemangacine.fr\/#organization","name":"R\u00e9plique Manga Cin\u00e9","url":"https:\/\/repliquemangacine.fr\/","logo":{"@type":"ImageObject","inLanguage":"it-IT","@id":"https:\/\/repliquemangacine.fr\/#\/schema\/logo\/image\/","url":"https:\/\/repliquemangacine.fr\/wp-content\/uploads\/2023\/10\/RMC-500250.png","contentUrl":"https:\/\/repliquemangacine.fr\/wp-content\/uploads\/2023\/10\/RMC-500250.png","width":500,"height":250,"caption":"R\u00e9plique Manga Cin\u00e9"},"image":{"@id":"https:\/\/repliquemangacine.fr\/#\/schema\/logo\/image\/"},"sameAs":["https:\/\/www.facebook.com\/RepliqueMangaCine","https:\/\/www.instagram.com\/repliquemangacine.fr\/"]}]}},"_links":{"self":[{"href":"https:\/\/repliquemangacine.fr\/it\/wp-json\/wp\/v2\/product\/55980","targetHints":{"allow":["GET"]}}],"collection":[{"href":"https:\/\/repliquemangacine.fr\/it\/wp-json\/wp\/v2\/product"}],"about":[{"href":"https:\/\/repliquemangacine.fr\/it\/wp-json\/wp\/v2\/types\/product"}],"wp:featuredmedia":[{"embeddable":true,"href":"https:\/\/repliquemangacine.fr\/it\/wp-json\/wp\/v2\/media\/55981"}],"wp:attachment":[{"href":"https:\/\/repliquemangacine.fr\/it\/wp-json\/wp\/v2\/media?parent=55980"}],"wp:term":[{"taxonomy":"product_brand","embeddable":true,"href":"https:\/\/repliquemangacine.fr\/it\/wp-json\/wp\/v2\/product_brand?post=55980"},{"taxonomy":"product_cat","embeddable":true,"href":"https:\/\/repliquemangacine.fr\/it\/wp-json\/wp\/v2\/product_cat?post=55980"},{"taxonomy":"product_tag","embeddable":true,"href":"https:\/\/repliquemangacine.fr\/it\/wp-json\/wp\/v2\/product_tag?post=55980"}],"curies":[{"name":"wp","href":"https:\/\/api.w.org\/{rel}","templated":true}]}}