





{"id":55960,"date":"2022-12-01T18:09:28","date_gmt":"2022-12-01T17:09:28","guid":{"rendered":"https:\/\/repliquemangacine.fr\/?post_type=product&#038;p=55960"},"modified":"2026-04-15T12:53:34","modified_gmt":"2026-04-15T10:53:34","slug":"katana-di-legno-muichiro-demon-slayer","status":"publish","type":"product","link":"https:\/\/repliquemangacine.fr\/it\/katana-en-bois-demon-slayer\/katana-bois-de-muichiro-demon-slayer\/","title":{"rendered":"Katana di legno Muichiro"},"content":{"rendered":"<h2>La katana di legno di Muichiro in Demon Slayer<\/h2>\n<p>Per cominciaref, il <strong>Katana di legno Muichiro<\/strong> Demon Slayer \u00e8 assolutamente notevole. <a href=\"https:\/\/kimetsu-no-yaiba.fandom.com\/fr\/wiki\/Muichiro_Tokito\" target=\"_blank\" rel=\"noopener noreferrer\">Muichiro Tokito<\/a> \u00e8 un Cacciatore di Demoni e il Pilastro della Nebbia dell'Esercito dei Cacciatori di Demoni. \u00c8 noto per aver imparato a padroneggiare completamente questo respiro.<\/p>\n<p>Diventando cos\u00ec abile nel suo utilizzo da poter facilmente combattere e sconfiggere la Quinta Luna Superiore delle Dodici Lune Demoniache.<\/p>\n<p>Muichiro ha imparato a eseguire il respiro della concentrazione totale in qualsiasi momento, come tutti i Pilastri, aumentando ulteriormente la sua forza di base, la sua velocit\u00e0 e la sua resistenza. Esistono sei movimenti del Respiro della Nebbia.<\/p>\n<p>Ma in realt\u00e0, bisogna sapere che esiste un Settimo Movimento che \u00e8 una tecnica originale creata da Muichiro Tokito.<\/p>\n<h2>La vostra Katana di legno Muichiro al miglior prezzo<\/h2>\n<p>Abbiamo tutte le battute dei vostri personaggi preferiti in questo manga anime Demon Slayer.<\/p>\n<p>Innanzitutto,<\/p>\n<ul>\n<li>Le <a href=\"https:\/\/repliquemangacine.fr\/it\/katana-uccisore-di-demoni\/katana-legno-giyu-tomioka-cacciatore-di-demoni\/\">Katana di legno Giyu<\/a> Tomioka con la sua lama nera e il simbolo del kangi.<\/li>\n<li>Ma anche il <a href=\"https:\/\/repliquemangacine.fr\/it\/katana-uccisore-di-demoni\/katana-mitsuri-kanroji-uccisore-di-demoni\/\">Katana Mitsuri<\/a> Kanroji e la sua lama nera con un'onda rosa, oltre a una serigrafia di simboli giapponesi.<\/li>\n<li>Cos\u00ec come il <a href=\"https:\/\/repliquemangacine.fr\/it\/katana-uccisore-di-demoni\/puzzle-demon-slayer-1000-pieces-poster\/\">puzzle Uccisore di demoni<\/a> 1000 monete e un poster bonus.<\/li>\n<li>E c'\u00e8 molto altro da scoprire!<\/li>\n<\/ul>\n<p>Ecco quindi alcune fantastiche idee regalo per un compleanno o per Natale per i fan di Kimetsu no Yaiba o Demon Slayer.<\/p>\n<p>Per concludere, potete anche utilizzare questo <strong>Katana di legno Muichiro<\/strong> Tokito per le vostre sfilate cosplay. Soprattutto, questa katana in legno del Demon Slayer \u00e8 anche un oggetto decorativo da collezione.<\/p>\n<h2>La nostra nuova katana a basso prezzo e le chicche di Demon Slayer.<\/h2>\n<p>Il nostro obiettivo \u00e8 soddisfarvi, per questo facciamo tutto il possibile per trovare gli oggetti da collezione che state cercando. Non esitate quindi a comunicarci le vostre richieste e i vostri commenti, affinch\u00e9 possiamo continuare insieme questa avventura!<\/p>\n<p>Per le vostre convention di manga e le vostre sfilate di cosplay, scoprite il bavaglio di Nezuko con il suo lungo nastro rosso. Ce li avete chiesti e ora stanno arrivando! Le statuine di Demon Slayer saranno disponibili molto presto. Ma dovrete pazientare ancora un po'!<\/p>\n<p>R\u00e9plique Manga Cin\u00e9 \u00e8 un'azienda familiare francese.<\/p>\n<p><strong>Si prega di notare che tutte le nostre repliche sono oggetti da collezione e decorazioni. Possono essere utilizzate per rievocazioni storiche, sfilate di cosplay o decorazioni di interni. Di conseguenza, non \u00e8 possibile andare in luoghi pubblici con queste repliche.<\/strong><\/p>","protected":false},"excerpt":{"rendered":"<ul>\n<li>Lama di legno (bamb\u00f9) dipinta con kangi.<\/li>\n<li>Protezione in ABS sagomata appositamente.<\/li>\n<li>Fodero in ABS stampato laccato nero con finiture.<\/li>\n<li>Il manico \u00e8 rivestito di treccia di cotone.<\/li>\n<li>Lunghezza lama: 68 cm - Lunghezza totale: 103 cm<\/li>\n<li>Peso: 550 grammi con fodero<\/li>\n<\/ul>\n<p>&nbsp;<\/p>","protected":false},"featured_media":55961,"template":"","meta":[],"product_brand":[896],"product_cat":[63,116,23],"product_tag":[],"class_list":{"0":"post-55960","1":"product","2":"type-product","3":"status-publish","4":"has-post-thumbnail","6":"product_brand-replique-manga-cine","7":"product_cat-katana-demon-slayer","8":"product_cat-katana-en-bois-demon-slayer","9":"product_cat-repliques-manga-jeux-video","11":"first","12":"instock","13":"sale","14":"taxable","15":"shipping-taxable","16":"purchasable","17":"product-type-simple"},"yoast_head":"<!-- This site is optimized with the Yoast SEO plugin v27.4 - https:\/\/yoast.com\/product\/yoast-seo-wordpress\/ -->\n<title>Katana bois de Muichiro Demon Slayer - Boutique en ligne - RMC<\/title>\n<meta name=\"description\" content=\"Achetez vite ! Ce Katana bois de Muichiro dans Demon Slayer au meilleur prix. Lame en bois. Fourreau et garde en ABS moul\u00e9. Longueur 103cm - Envoi 24\/48h\" \/>\n<meta name=\"robots\" content=\"index, follow, max-snippet:-1, max-image-preview:large, max-video-preview:-1\" \/>\n<link rel=\"canonical\" href=\"https:\/\/repliquemangacine.fr\/it\/katana-di-legno-delluccisore-di-demoni\/katana-di-legno-muichiro-demon-slayer\/\" \/>\n<meta property=\"og:locale\" content=\"it_IT\" \/>\n<meta property=\"og:type\" content=\"article\" \/>\n<meta property=\"og:title\" content=\"Katana bois de Muichiro Demon Slayer - Boutique en ligne - RMC\" \/>\n<meta property=\"og:description\" content=\"Achetez vite ! Ce Katana bois de Muichiro dans Demon Slayer au meilleur prix. Lame en bois. Fourreau et garde en ABS moul\u00e9. Longueur 103cm - Envoi 24\/48h\" \/>\n<meta property=\"og:url\" content=\"https:\/\/repliquemangacine.fr\/it\/katana-di-legno-delluccisore-di-demoni\/katana-di-legno-muichiro-demon-slayer\/\" \/>\n<meta property=\"og:site_name\" content=\"R\u00e9plique Manga Cin\u00e9\" \/>\n<meta property=\"article:publisher\" content=\"https:\/\/www.facebook.com\/RepliqueMangaCine\" \/>\n<meta property=\"article:modified_time\" content=\"2026-04-15T10:53:34+00:00\" \/>\n<meta property=\"og:image\" content=\"https:\/\/repliquemangacine.fr\/wp-content\/uploads\/2023\/10\/655w.jpg\" \/>\n\t<meta property=\"og:image:width\" content=\"500\" \/>\n\t<meta property=\"og:image:height\" content=\"500\" \/>\n\t<meta property=\"og:image:type\" content=\"image\/jpeg\" \/>\n<meta name=\"twitter:card\" content=\"summary_large_image\" \/>\n<meta name=\"twitter:label1\" content=\"Tempo di lettura stimato\" \/>\n\t<meta name=\"twitter:data1\" content=\"2 minuti\" \/>\n<script type=\"application\/ld+json\" class=\"yoast-schema-graph\">{\"@context\":\"https:\\\/\\\/schema.org\",\"@graph\":[{\"@type\":\"WebPage\",\"@id\":\"https:\\\/\\\/repliquemangacine.fr\\\/katana-en-bois-demon-slayer\\\/katana-bois-de-muichiro-demon-slayer\\\/\",\"url\":\"https:\\\/\\\/repliquemangacine.fr\\\/katana-en-bois-demon-slayer\\\/katana-bois-de-muichiro-demon-slayer\\\/\",\"name\":\"Katana bois de Muichiro Demon Slayer - Boutique en ligne - RMC\",\"isPartOf\":{\"@id\":\"https:\\\/\\\/repliquemangacine.fr\\\/#website\"},\"primaryImageOfPage\":{\"@id\":\"https:\\\/\\\/repliquemangacine.fr\\\/katana-en-bois-demon-slayer\\\/katana-bois-de-muichiro-demon-slayer\\\/#primaryimage\"},\"image\":{\"@id\":\"https:\\\/\\\/repliquemangacine.fr\\\/katana-en-bois-demon-slayer\\\/katana-bois-de-muichiro-demon-slayer\\\/#primaryimage\"},\"thumbnailUrl\":\"https:\\\/\\\/repliquemangacine.fr\\\/wp-content\\\/uploads\\\/2023\\\/10\\\/655w.jpg\",\"datePublished\":\"2022-12-01T17:09:28+00:00\",\"dateModified\":\"2026-04-15T10:53:34+00:00\",\"description\":\"Achetez vite ! Ce Katana bois de Muichiro dans Demon Slayer au meilleur prix. Lame en bois. Fourreau et garde en ABS moul\u00e9. Longueur 103cm - Envoi 24\\\/48h\",\"breadcrumb\":{\"@id\":\"https:\\\/\\\/repliquemangacine.fr\\\/katana-en-bois-demon-slayer\\\/katana-bois-de-muichiro-demon-slayer\\\/#breadcrumb\"},\"inLanguage\":\"it-IT\",\"potentialAction\":[{\"@type\":\"ReadAction\",\"target\":[\"https:\\\/\\\/repliquemangacine.fr\\\/katana-en-bois-demon-slayer\\\/katana-bois-de-muichiro-demon-slayer\\\/\"]}]},{\"@type\":\"ImageObject\",\"inLanguage\":\"it-IT\",\"@id\":\"https:\\\/\\\/repliquemangacine.fr\\\/katana-en-bois-demon-slayer\\\/katana-bois-de-muichiro-demon-slayer\\\/#primaryimage\",\"url\":\"https:\\\/\\\/repliquemangacine.fr\\\/wp-content\\\/uploads\\\/2023\\\/10\\\/655w.jpg\",\"contentUrl\":\"https:\\\/\\\/repliquemangacine.fr\\\/wp-content\\\/uploads\\\/2023\\\/10\\\/655w.jpg\",\"width\":500,\"height\":500,\"caption\":\"Katana bois de Muichiro demon slayer\"},{\"@type\":\"BreadcrumbList\",\"@id\":\"https:\\\/\\\/repliquemangacine.fr\\\/katana-en-bois-demon-slayer\\\/katana-bois-de-muichiro-demon-slayer\\\/#breadcrumb\",\"itemListElement\":[{\"@type\":\"ListItem\",\"position\":1,\"name\":\"Accueil\",\"item\":\"https:\\\/\\\/repliquemangacine.fr\\\/\"},{\"@type\":\"ListItem\",\"position\":2,\"name\":\"Produits\",\"item\":\"https:\\\/\\\/repliquemangacine.fr\\\/boutique\\\/\"},{\"@type\":\"ListItem\",\"position\":3,\"name\":\"Katana bois de Muichiro\"}]},{\"@type\":\"WebSite\",\"@id\":\"https:\\\/\\\/repliquemangacine.fr\\\/#website\",\"url\":\"https:\\\/\\\/repliquemangacine.fr\\\/\",\"name\":\"R\u00e9plique Manga Cin\u00e9\",\"description\":\"\",\"publisher\":{\"@id\":\"https:\\\/\\\/repliquemangacine.fr\\\/#organization\"},\"potentialAction\":[{\"@type\":\"SearchAction\",\"target\":{\"@type\":\"EntryPoint\",\"urlTemplate\":\"https:\\\/\\\/repliquemangacine.fr\\\/?s={search_term_string}\"},\"query-input\":{\"@type\":\"PropertyValueSpecification\",\"valueRequired\":true,\"valueName\":\"search_term_string\"}}],\"inLanguage\":\"it-IT\"},{\"@type\":\"Organization\",\"@id\":\"https:\\\/\\\/repliquemangacine.fr\\\/#organization\",\"name\":\"R\u00e9plique Manga Cin\u00e9\",\"url\":\"https:\\\/\\\/repliquemangacine.fr\\\/\",\"logo\":{\"@type\":\"ImageObject\",\"inLanguage\":\"it-IT\",\"@id\":\"https:\\\/\\\/repliquemangacine.fr\\\/#\\\/schema\\\/logo\\\/image\\\/\",\"url\":\"https:\\\/\\\/repliquemangacine.fr\\\/wp-content\\\/uploads\\\/2023\\\/10\\\/RMC-500250.png\",\"contentUrl\":\"https:\\\/\\\/repliquemangacine.fr\\\/wp-content\\\/uploads\\\/2023\\\/10\\\/RMC-500250.png\",\"width\":500,\"height\":250,\"caption\":\"R\u00e9plique Manga Cin\u00e9\"},\"image\":{\"@id\":\"https:\\\/\\\/repliquemangacine.fr\\\/#\\\/schema\\\/logo\\\/image\\\/\"},\"sameAs\":[\"https:\\\/\\\/www.facebook.com\\\/RepliqueMangaCine\",\"https:\\\/\\\/www.instagram.com\\\/repliquemangacine.fr\\\/\"]}]}<\/script>\n<!-- \/ Yoast SEO plugin. -->","yoast_head_json":{"title":"Muichiro Demon Slayer katana di legno - Negozio online - RMC","description":"Comprate ora! Questa Katana in legno di Muichiro in Demon Slayer al miglior prezzo. Lama in legno. Fodero e guardia in ABS stampato. Lunghezza 103cm - Spedizione 24\/48h","robots":{"index":"index","follow":"follow","max-snippet":"max-snippet:-1","max-image-preview":"max-image-preview:large","max-video-preview":"max-video-preview:-1"},"canonical":"https:\/\/repliquemangacine.fr\/it\/katana-di-legno-delluccisore-di-demoni\/katana-di-legno-muichiro-demon-slayer\/","og_locale":"it_IT","og_type":"article","og_title":"Katana bois de Muichiro Demon Slayer - Boutique en ligne - RMC","og_description":"Achetez vite ! Ce Katana bois de Muichiro dans Demon Slayer au meilleur prix. Lame en bois. Fourreau et garde en ABS moul\u00e9. Longueur 103cm - Envoi 24\/48h","og_url":"https:\/\/repliquemangacine.fr\/it\/katana-di-legno-delluccisore-di-demoni\/katana-di-legno-muichiro-demon-slayer\/","og_site_name":"R\u00e9plique Manga Cin\u00e9","article_publisher":"https:\/\/www.facebook.com\/RepliqueMangaCine","article_modified_time":"2026-04-15T10:53:34+00:00","og_image":[{"width":500,"height":500,"url":"https:\/\/repliquemangacine.fr\/wp-content\/uploads\/2023\/10\/655w.jpg","type":"image\/jpeg"}],"twitter_card":"summary_large_image","twitter_misc":{"Tempo di lettura stimato":"2 minuti"},"schema":{"@context":"https:\/\/schema.org","@graph":[{"@type":"WebPage","@id":"https:\/\/repliquemangacine.fr\/katana-en-bois-demon-slayer\/katana-bois-de-muichiro-demon-slayer\/","url":"https:\/\/repliquemangacine.fr\/katana-en-bois-demon-slayer\/katana-bois-de-muichiro-demon-slayer\/","name":"Muichiro Demon Slayer katana di legno - Negozio online - RMC","isPartOf":{"@id":"https:\/\/repliquemangacine.fr\/#website"},"primaryImageOfPage":{"@id":"https:\/\/repliquemangacine.fr\/katana-en-bois-demon-slayer\/katana-bois-de-muichiro-demon-slayer\/#primaryimage"},"image":{"@id":"https:\/\/repliquemangacine.fr\/katana-en-bois-demon-slayer\/katana-bois-de-muichiro-demon-slayer\/#primaryimage"},"thumbnailUrl":"https:\/\/repliquemangacine.fr\/wp-content\/uploads\/2023\/10\/655w.jpg","datePublished":"2022-12-01T17:09:28+00:00","dateModified":"2026-04-15T10:53:34+00:00","description":"Comprate ora! Questa Katana in legno di Muichiro in Demon Slayer al miglior prezzo. Lama in legno. Fodero e guardia in ABS stampato. Lunghezza 103cm - Spedizione 24\/48h","breadcrumb":{"@id":"https:\/\/repliquemangacine.fr\/katana-en-bois-demon-slayer\/katana-bois-de-muichiro-demon-slayer\/#breadcrumb"},"inLanguage":"it-IT","potentialAction":[{"@type":"ReadAction","target":["https:\/\/repliquemangacine.fr\/katana-en-bois-demon-slayer\/katana-bois-de-muichiro-demon-slayer\/"]}]},{"@type":"ImageObject","inLanguage":"it-IT","@id":"https:\/\/repliquemangacine.fr\/katana-en-bois-demon-slayer\/katana-bois-de-muichiro-demon-slayer\/#primaryimage","url":"https:\/\/repliquemangacine.fr\/wp-content\/uploads\/2023\/10\/655w.jpg","contentUrl":"https:\/\/repliquemangacine.fr\/wp-content\/uploads\/2023\/10\/655w.jpg","width":500,"height":500,"caption":"Katana bois de Muichiro demon slayer"},{"@type":"BreadcrumbList","@id":"https:\/\/repliquemangacine.fr\/katana-en-bois-demon-slayer\/katana-bois-de-muichiro-demon-slayer\/#breadcrumb","itemListElement":[{"@type":"ListItem","position":1,"name":"Accueil","item":"https:\/\/repliquemangacine.fr\/"},{"@type":"ListItem","position":2,"name":"Produits","item":"https:\/\/repliquemangacine.fr\/boutique\/"},{"@type":"ListItem","position":3,"name":"Katana bois de Muichiro"}]},{"@type":"WebSite","@id":"https:\/\/repliquemangacine.fr\/#website","url":"https:\/\/repliquemangacine.fr\/","name":"R\u00e9plique Manga Cin\u00e9","description":"","publisher":{"@id":"https:\/\/repliquemangacine.fr\/#organization"},"potentialAction":[{"@type":"SearchAction","target":{"@type":"EntryPoint","urlTemplate":"https:\/\/repliquemangacine.fr\/?s={search_term_string}"},"query-input":{"@type":"PropertyValueSpecification","valueRequired":true,"valueName":"search_term_string"}}],"inLanguage":"it-IT"},{"@type":"Organization","@id":"https:\/\/repliquemangacine.fr\/#organization","name":"R\u00e9plique Manga Cin\u00e9","url":"https:\/\/repliquemangacine.fr\/","logo":{"@type":"ImageObject","inLanguage":"it-IT","@id":"https:\/\/repliquemangacine.fr\/#\/schema\/logo\/image\/","url":"https:\/\/repliquemangacine.fr\/wp-content\/uploads\/2023\/10\/RMC-500250.png","contentUrl":"https:\/\/repliquemangacine.fr\/wp-content\/uploads\/2023\/10\/RMC-500250.png","width":500,"height":250,"caption":"R\u00e9plique Manga Cin\u00e9"},"image":{"@id":"https:\/\/repliquemangacine.fr\/#\/schema\/logo\/image\/"},"sameAs":["https:\/\/www.facebook.com\/RepliqueMangaCine","https:\/\/www.instagram.com\/repliquemangacine.fr\/"]}]}},"_links":{"self":[{"href":"https:\/\/repliquemangacine.fr\/it\/wp-json\/wp\/v2\/product\/55960","targetHints":{"allow":["GET"]}}],"collection":[{"href":"https:\/\/repliquemangacine.fr\/it\/wp-json\/wp\/v2\/product"}],"about":[{"href":"https:\/\/repliquemangacine.fr\/it\/wp-json\/wp\/v2\/types\/product"}],"wp:featuredmedia":[{"embeddable":true,"href":"https:\/\/repliquemangacine.fr\/it\/wp-json\/wp\/v2\/media\/55961"}],"wp:attachment":[{"href":"https:\/\/repliquemangacine.fr\/it\/wp-json\/wp\/v2\/media?parent=55960"}],"wp:term":[{"taxonomy":"product_brand","embeddable":true,"href":"https:\/\/repliquemangacine.fr\/it\/wp-json\/wp\/v2\/product_brand?post=55960"},{"taxonomy":"product_cat","embeddable":true,"href":"https:\/\/repliquemangacine.fr\/it\/wp-json\/wp\/v2\/product_cat?post=55960"},{"taxonomy":"product_tag","embeddable":true,"href":"https:\/\/repliquemangacine.fr\/it\/wp-json\/wp\/v2\/product_tag?post=55960"}],"curies":[{"name":"wp","href":"https:\/\/api.w.org\/{rel}","templated":true}]}}