





{"id":55954,"date":"2022-12-01T17:12:28","date_gmt":"2022-12-01T16:12:28","guid":{"rendered":"https:\/\/repliquemangacine.fr\/?post_type=product&#038;p=55954"},"modified":"2026-01-21T11:41:24","modified_gmt":"2026-01-21T10:41:24","slug":"katana-legno-giyu-tomioka-cacciatore-di-demoni","status":"publish","type":"product","link":"https:\/\/repliquemangacine.fr\/it\/katana-en-bois-demon-slayer\/katana-bois-giyu-tomioka-demon-slayer\/","title":{"rendered":"Katana di legno Giyu Tomioka"},"content":{"rendered":"<h2>Katana di legno Giyu Tomioka Uccisore di demoni<\/h2>\n<p>Per cominciare, il <strong>Katana di legno Giyu Tomioka<\/strong> Ammazzademoni, <a href=\"https:\/\/kimetsu-no-yaiba.fandom.com\/fr\/wiki\/Giyu_Tomioka\" target=\"_blank\" rel=\"noopener noreferrer\">Giyu Tomioka<\/a> Il primo compagno di viaggio di Tanjir\u014d in Demon Slayer: Kimetsu no Yaiba. \u00c8 un uccisore di demoni e il Pilastro d'Acqua dell'Esercito dell'Uccisore di Demoni.<\/p>\n<p>Uno spadaccino molto potente, capace di sconfiggere facilmente il trasformato Padre Demone Ragno e Rui, la Quinta Luna Inferiore. Giyu ha una grande resistenza e una velocit\u00e0 molto sviluppata.<\/p>\n<p>Il suo stile di combattimento \u00e8 il \u201cRespiro dell'Acqua\u201d, uno dei cinque stili di Respiro principali derivati direttamente dal Respiro del Sole. Si basa su movimenti versatili e fluidi che si adattano a un'ampia gamma di situazioni e permettono di rivolgere la forza dell'avversario contro di noi.<\/p>\n<p>Inoltre, ci sono dieci movimenti del Respiro dell'Acqua. Ma c'\u00e8 un undicesimo movimento che \u00e8 una tecnica originale creata da Giyu Tomioka.<\/p>\n<h2>La tua Katana di legno Giyu Tomioka al miglior prezzo<\/h2>\n<p>Abbiamo tutte le battute dei vostri personaggi preferiti in questo manga anime Demon Slayer.<\/p>\n<p>Innanzitutto,<\/p>\n<ul>\n<li>Le <a href=\"https:\/\/repliquemangacine.fr\/it\/katana-uccisore-di-demoni\/epee-nichirin-tanjiro\/\">Katana Nichirin Tanjiro<\/a> Versione manga di Kamado.<\/li>\n<li>Cos\u00ec come il <a href=\"https:\/\/repliquemangacine.fr\/it\/katana-uccisore-di-demoni\/katana-di-legno-zenitsu-demon-slayer\/\">Katana di legno Zenitsu<\/a> Agatsuma e la sua lama serigrafata in oro che imita un cablaggio elettrico.<\/li>\n<li>Poi ci sono le chicche di Demon Slayer, i suoi portachiavi da soli o in un cofanetto.<\/li>\n<li>E c'\u00e8 molto altro da scoprire!<\/li>\n<\/ul>\n<p>Sono ottime idee regalo per i fan di Kimetsu no Yaiba o Demon Slayer.<\/p>\n<p>In conclusione, \u00e8 possibile utilizzare questo <strong>Katana di legno Giyu Tomioka<\/strong> per le vostre sfilate cosplay o serate a tema. Soprattutto, la spada di Giyu Tomioka \u00e8 anche un oggetto da collezione e un pezzo decorativo.<\/p>\n<h2>La nostra nuova katana a basso prezzo e le chicche di Demon Slayer.<\/h2>\n<p>Siamo sempre alla ricerca di qualcosa di nuovo, quindi vi proponiamo alcune piccole chicche da scoprire!<\/p>\n<p>Oltre a tutte le katane in legno di Demon Slayer recentemente rilasciate, ci saranno anche le statuette di Demon Slayer e le figure Wallscroll dei vostri personaggi preferiti.<\/p>\n<p>R\u00e9plique Manga Cin\u00e9 \u00e8 un'azienda familiare francese.<\/p>\n<p><strong>Si prega di notare che tutte le nostre repliche sono oggetti da collezione e decorazioni. Possono essere utilizzate per rievocazioni storiche, sfilate di cosplay o decorazioni di interni. Di conseguenza, non \u00e8 possibile andare in luoghi pubblici con queste repliche.<\/strong><\/p>","protected":false},"excerpt":{"rendered":"<ul>\n<li>Lama di legno (bamb\u00f9) dipinta con kangi.<\/li>\n<li>Protezione in ABS sagomata appositamente.<\/li>\n<li>Fodero in ABS stampato laccato nero con finiture.<\/li>\n<li>Manico rivestito in treccia di cotone.<\/li>\n<li>Lunghezza lama: 68 cm - Lunghezza totale: 103 cm<\/li>\n<li>Peso: 550 grammi con fodero<\/li>\n<\/ul>\n<p>&nbsp;<\/p>","protected":false},"featured_media":55955,"template":"","meta":[],"product_brand":[896],"product_cat":[63,116,23],"product_tag":[],"class_list":{"0":"post-55954","1":"product","2":"type-product","3":"status-publish","4":"has-post-thumbnail","6":"product_brand-replique-manga-cine","7":"product_cat-katana-demon-slayer","8":"product_cat-katana-en-bois-demon-slayer","9":"product_cat-repliques-manga-jeux-video","11":"first","12":"instock","13":"sale","14":"taxable","15":"shipping-taxable","16":"purchasable","17":"product-type-simple"},"yoast_head":"<!-- This site is optimized with the Yoast SEO plugin v27.5 - https:\/\/yoast.com\/product\/yoast-seo-wordpress\/ -->\n<title>Katana bois Giyu Tomioka Demon Slayer - Boutique en ligne- RMC<\/title>\n<meta name=\"description\" content=\"Commandez vite ! Ce Katana bois Giyu Tomioka dans Demon Slayer au meilleur prix. Lame en bois de 68cm. Longueur totale 103cm - Envoi 24\/48h\" \/>\n<meta name=\"robots\" content=\"index, follow, max-snippet:-1, max-image-preview:large, max-video-preview:-1\" \/>\n<link rel=\"canonical\" href=\"https:\/\/repliquemangacine.fr\/it\/katana-di-legno-delluccisore-di-demoni\/katana-legno-giyu-tomioka-cacciatore-di-demoni\/\" \/>\n<meta property=\"og:locale\" content=\"it_IT\" \/>\n<meta property=\"og:type\" content=\"article\" \/>\n<meta property=\"og:title\" content=\"Katana bois Giyu Tomioka Demon Slayer - Boutique en ligne- RMC\" \/>\n<meta property=\"og:description\" content=\"Commandez vite ! Ce Katana bois Giyu Tomioka dans Demon Slayer au meilleur prix. Lame en bois de 68cm. Longueur totale 103cm - Envoi 24\/48h\" \/>\n<meta property=\"og:url\" content=\"https:\/\/repliquemangacine.fr\/it\/katana-di-legno-delluccisore-di-demoni\/katana-legno-giyu-tomioka-cacciatore-di-demoni\/\" \/>\n<meta property=\"og:site_name\" content=\"R\u00e9plique Manga Cin\u00e9\" \/>\n<meta property=\"article:publisher\" content=\"https:\/\/www.facebook.com\/RepliqueMangaCine\" \/>\n<meta property=\"article:modified_time\" content=\"2026-01-21T10:41:24+00:00\" \/>\n<meta property=\"og:image\" content=\"https:\/\/repliquemangacine.fr\/wp-content\/uploads\/2023\/10\/654.jpg\" \/>\n\t<meta property=\"og:image:width\" content=\"500\" \/>\n\t<meta property=\"og:image:height\" content=\"500\" \/>\n\t<meta property=\"og:image:type\" content=\"image\/jpeg\" \/>\n<meta name=\"twitter:card\" content=\"summary_large_image\" \/>\n<meta name=\"twitter:label1\" content=\"Tempo di lettura stimato\" \/>\n\t<meta name=\"twitter:data1\" content=\"2 minuti\" \/>\n<script type=\"application\/ld+json\" class=\"yoast-schema-graph\">{\"@context\":\"https:\\\/\\\/schema.org\",\"@graph\":[{\"@type\":\"WebPage\",\"@id\":\"https:\\\/\\\/repliquemangacine.fr\\\/katana-en-bois-demon-slayer\\\/katana-bois-giyu-tomioka-demon-slayer\\\/\",\"url\":\"https:\\\/\\\/repliquemangacine.fr\\\/katana-en-bois-demon-slayer\\\/katana-bois-giyu-tomioka-demon-slayer\\\/\",\"name\":\"Katana bois Giyu Tomioka Demon Slayer - Boutique en ligne- RMC\",\"isPartOf\":{\"@id\":\"https:\\\/\\\/repliquemangacine.fr\\\/#website\"},\"primaryImageOfPage\":{\"@id\":\"https:\\\/\\\/repliquemangacine.fr\\\/katana-en-bois-demon-slayer\\\/katana-bois-giyu-tomioka-demon-slayer\\\/#primaryimage\"},\"image\":{\"@id\":\"https:\\\/\\\/repliquemangacine.fr\\\/katana-en-bois-demon-slayer\\\/katana-bois-giyu-tomioka-demon-slayer\\\/#primaryimage\"},\"thumbnailUrl\":\"https:\\\/\\\/repliquemangacine.fr\\\/wp-content\\\/uploads\\\/2023\\\/10\\\/654.jpg\",\"datePublished\":\"2022-12-01T16:12:28+00:00\",\"dateModified\":\"2026-01-21T10:41:24+00:00\",\"description\":\"Commandez vite ! Ce Katana bois Giyu Tomioka dans Demon Slayer au meilleur prix. Lame en bois de 68cm. Longueur totale 103cm - Envoi 24\\\/48h\",\"breadcrumb\":{\"@id\":\"https:\\\/\\\/repliquemangacine.fr\\\/katana-en-bois-demon-slayer\\\/katana-bois-giyu-tomioka-demon-slayer\\\/#breadcrumb\"},\"inLanguage\":\"it-IT\",\"potentialAction\":[{\"@type\":\"ReadAction\",\"target\":[\"https:\\\/\\\/repliquemangacine.fr\\\/katana-en-bois-demon-slayer\\\/katana-bois-giyu-tomioka-demon-slayer\\\/\"]}]},{\"@type\":\"ImageObject\",\"inLanguage\":\"it-IT\",\"@id\":\"https:\\\/\\\/repliquemangacine.fr\\\/katana-en-bois-demon-slayer\\\/katana-bois-giyu-tomioka-demon-slayer\\\/#primaryimage\",\"url\":\"https:\\\/\\\/repliquemangacine.fr\\\/wp-content\\\/uploads\\\/2023\\\/10\\\/654.jpg\",\"contentUrl\":\"https:\\\/\\\/repliquemangacine.fr\\\/wp-content\\\/uploads\\\/2023\\\/10\\\/654.jpg\",\"width\":500,\"height\":500,\"caption\":\"Katana bois Giyu Tomioka demon slayer\"},{\"@type\":\"BreadcrumbList\",\"@id\":\"https:\\\/\\\/repliquemangacine.fr\\\/katana-en-bois-demon-slayer\\\/katana-bois-giyu-tomioka-demon-slayer\\\/#breadcrumb\",\"itemListElement\":[{\"@type\":\"ListItem\",\"position\":1,\"name\":\"Accueil\",\"item\":\"https:\\\/\\\/repliquemangacine.fr\\\/\"},{\"@type\":\"ListItem\",\"position\":2,\"name\":\"Produits\",\"item\":\"https:\\\/\\\/repliquemangacine.fr\\\/boutique\\\/\"},{\"@type\":\"ListItem\",\"position\":3,\"name\":\"Katana bois Giyu Tomioka\"}]},{\"@type\":\"WebSite\",\"@id\":\"https:\\\/\\\/repliquemangacine.fr\\\/#website\",\"url\":\"https:\\\/\\\/repliquemangacine.fr\\\/\",\"name\":\"R\u00e9plique Manga Cin\u00e9\",\"description\":\"\",\"publisher\":{\"@id\":\"https:\\\/\\\/repliquemangacine.fr\\\/#organization\"},\"potentialAction\":[{\"@type\":\"SearchAction\",\"target\":{\"@type\":\"EntryPoint\",\"urlTemplate\":\"https:\\\/\\\/repliquemangacine.fr\\\/?s={search_term_string}\"},\"query-input\":{\"@type\":\"PropertyValueSpecification\",\"valueRequired\":true,\"valueName\":\"search_term_string\"}}],\"inLanguage\":\"it-IT\"},{\"@type\":\"Organization\",\"@id\":\"https:\\\/\\\/repliquemangacine.fr\\\/#organization\",\"name\":\"R\u00e9plique Manga Cin\u00e9\",\"url\":\"https:\\\/\\\/repliquemangacine.fr\\\/\",\"logo\":{\"@type\":\"ImageObject\",\"inLanguage\":\"it-IT\",\"@id\":\"https:\\\/\\\/repliquemangacine.fr\\\/#\\\/schema\\\/logo\\\/image\\\/\",\"url\":\"https:\\\/\\\/repliquemangacine.fr\\\/wp-content\\\/uploads\\\/2023\\\/10\\\/RMC-500250.png\",\"contentUrl\":\"https:\\\/\\\/repliquemangacine.fr\\\/wp-content\\\/uploads\\\/2023\\\/10\\\/RMC-500250.png\",\"width\":500,\"height\":250,\"caption\":\"R\u00e9plique Manga Cin\u00e9\"},\"image\":{\"@id\":\"https:\\\/\\\/repliquemangacine.fr\\\/#\\\/schema\\\/logo\\\/image\\\/\"},\"sameAs\":[\"https:\\\/\\\/www.facebook.com\\\/RepliqueMangaCine\",\"https:\\\/\\\/www.instagram.com\\\/repliquemangacine.fr\\\/\"]}]}<\/script>\n<!-- \/ Yoast SEO plugin. -->","yoast_head_json":{"title":"Katana di legno Giyu Tomioka Demon Slayer - Negozio online - RMC","description":"Ordina ora! Questa Katana di legno Giyu Tomioka in Demon Slayer al miglior prezzo. Lama in legno da 68 cm. Lunghezza totale 103cm - Spedizione 24\/48h","robots":{"index":"index","follow":"follow","max-snippet":"max-snippet:-1","max-image-preview":"max-image-preview:large","max-video-preview":"max-video-preview:-1"},"canonical":"https:\/\/repliquemangacine.fr\/it\/katana-di-legno-delluccisore-di-demoni\/katana-legno-giyu-tomioka-cacciatore-di-demoni\/","og_locale":"it_IT","og_type":"article","og_title":"Katana bois Giyu Tomioka Demon Slayer - Boutique en ligne- RMC","og_description":"Commandez vite ! Ce Katana bois Giyu Tomioka dans Demon Slayer au meilleur prix. Lame en bois de 68cm. Longueur totale 103cm - Envoi 24\/48h","og_url":"https:\/\/repliquemangacine.fr\/it\/katana-di-legno-delluccisore-di-demoni\/katana-legno-giyu-tomioka-cacciatore-di-demoni\/","og_site_name":"R\u00e9plique Manga Cin\u00e9","article_publisher":"https:\/\/www.facebook.com\/RepliqueMangaCine","article_modified_time":"2026-01-21T10:41:24+00:00","og_image":[{"width":500,"height":500,"url":"https:\/\/repliquemangacine.fr\/wp-content\/uploads\/2023\/10\/654.jpg","type":"image\/jpeg"}],"twitter_card":"summary_large_image","twitter_misc":{"Tempo di lettura stimato":"2 minuti"},"schema":{"@context":"https:\/\/schema.org","@graph":[{"@type":"WebPage","@id":"https:\/\/repliquemangacine.fr\/katana-en-bois-demon-slayer\/katana-bois-giyu-tomioka-demon-slayer\/","url":"https:\/\/repliquemangacine.fr\/katana-en-bois-demon-slayer\/katana-bois-giyu-tomioka-demon-slayer\/","name":"Katana di legno Giyu Tomioka Demon Slayer - Negozio online - RMC","isPartOf":{"@id":"https:\/\/repliquemangacine.fr\/#website"},"primaryImageOfPage":{"@id":"https:\/\/repliquemangacine.fr\/katana-en-bois-demon-slayer\/katana-bois-giyu-tomioka-demon-slayer\/#primaryimage"},"image":{"@id":"https:\/\/repliquemangacine.fr\/katana-en-bois-demon-slayer\/katana-bois-giyu-tomioka-demon-slayer\/#primaryimage"},"thumbnailUrl":"https:\/\/repliquemangacine.fr\/wp-content\/uploads\/2023\/10\/654.jpg","datePublished":"2022-12-01T16:12:28+00:00","dateModified":"2026-01-21T10:41:24+00:00","description":"Ordina ora! Questa Katana di legno Giyu Tomioka in Demon Slayer al miglior prezzo. Lama in legno da 68 cm. Lunghezza totale 103cm - Spedizione 24\/48h","breadcrumb":{"@id":"https:\/\/repliquemangacine.fr\/katana-en-bois-demon-slayer\/katana-bois-giyu-tomioka-demon-slayer\/#breadcrumb"},"inLanguage":"it-IT","potentialAction":[{"@type":"ReadAction","target":["https:\/\/repliquemangacine.fr\/katana-en-bois-demon-slayer\/katana-bois-giyu-tomioka-demon-slayer\/"]}]},{"@type":"ImageObject","inLanguage":"it-IT","@id":"https:\/\/repliquemangacine.fr\/katana-en-bois-demon-slayer\/katana-bois-giyu-tomioka-demon-slayer\/#primaryimage","url":"https:\/\/repliquemangacine.fr\/wp-content\/uploads\/2023\/10\/654.jpg","contentUrl":"https:\/\/repliquemangacine.fr\/wp-content\/uploads\/2023\/10\/654.jpg","width":500,"height":500,"caption":"Katana bois Giyu Tomioka demon slayer"},{"@type":"BreadcrumbList","@id":"https:\/\/repliquemangacine.fr\/katana-en-bois-demon-slayer\/katana-bois-giyu-tomioka-demon-slayer\/#breadcrumb","itemListElement":[{"@type":"ListItem","position":1,"name":"Accueil","item":"https:\/\/repliquemangacine.fr\/"},{"@type":"ListItem","position":2,"name":"Produits","item":"https:\/\/repliquemangacine.fr\/boutique\/"},{"@type":"ListItem","position":3,"name":"Katana bois Giyu Tomioka"}]},{"@type":"WebSite","@id":"https:\/\/repliquemangacine.fr\/#website","url":"https:\/\/repliquemangacine.fr\/","name":"R\u00e9plique Manga Cin\u00e9","description":"","publisher":{"@id":"https:\/\/repliquemangacine.fr\/#organization"},"potentialAction":[{"@type":"SearchAction","target":{"@type":"EntryPoint","urlTemplate":"https:\/\/repliquemangacine.fr\/?s={search_term_string}"},"query-input":{"@type":"PropertyValueSpecification","valueRequired":true,"valueName":"search_term_string"}}],"inLanguage":"it-IT"},{"@type":"Organization","@id":"https:\/\/repliquemangacine.fr\/#organization","name":"R\u00e9plique Manga Cin\u00e9","url":"https:\/\/repliquemangacine.fr\/","logo":{"@type":"ImageObject","inLanguage":"it-IT","@id":"https:\/\/repliquemangacine.fr\/#\/schema\/logo\/image\/","url":"https:\/\/repliquemangacine.fr\/wp-content\/uploads\/2023\/10\/RMC-500250.png","contentUrl":"https:\/\/repliquemangacine.fr\/wp-content\/uploads\/2023\/10\/RMC-500250.png","width":500,"height":250,"caption":"R\u00e9plique Manga Cin\u00e9"},"image":{"@id":"https:\/\/repliquemangacine.fr\/#\/schema\/logo\/image\/"},"sameAs":["https:\/\/www.facebook.com\/RepliqueMangaCine","https:\/\/www.instagram.com\/repliquemangacine.fr\/"]}]}},"_links":{"self":[{"href":"https:\/\/repliquemangacine.fr\/it\/wp-json\/wp\/v2\/product\/55954","targetHints":{"allow":["GET"]}}],"collection":[{"href":"https:\/\/repliquemangacine.fr\/it\/wp-json\/wp\/v2\/product"}],"about":[{"href":"https:\/\/repliquemangacine.fr\/it\/wp-json\/wp\/v2\/types\/product"}],"wp:featuredmedia":[{"embeddable":true,"href":"https:\/\/repliquemangacine.fr\/it\/wp-json\/wp\/v2\/media\/55955"}],"wp:attachment":[{"href":"https:\/\/repliquemangacine.fr\/it\/wp-json\/wp\/v2\/media?parent=55954"}],"wp:term":[{"taxonomy":"product_brand","embeddable":true,"href":"https:\/\/repliquemangacine.fr\/it\/wp-json\/wp\/v2\/product_brand?post=55954"},{"taxonomy":"product_cat","embeddable":true,"href":"https:\/\/repliquemangacine.fr\/it\/wp-json\/wp\/v2\/product_cat?post=55954"},{"taxonomy":"product_tag","embeddable":true,"href":"https:\/\/repliquemangacine.fr\/it\/wp-json\/wp\/v2\/product_tag?post=55954"}],"curies":[{"name":"wp","href":"https:\/\/api.w.org\/{rel}","templated":true}]}}