





{"id":55544,"date":"2022-11-25T13:10:19","date_gmt":"2022-11-25T12:10:19","guid":{"rendered":"https:\/\/repliquemangacine.fr\/?post_type=product&#038;p=55544"},"modified":"2026-01-15T16:03:18","modified_gmt":"2026-01-15T15:03:18","slug":"scacchiera-del-signore-degli-anelli","status":"publish","type":"product","link":"https:\/\/repliquemangacine.fr\/it\/divers-goodies\/echiquier-seigneur-des-anneaux\/","title":{"rendered":"Scacchiera del Signore degli Anelli"},"content":{"rendered":"<h2>Scacchiera del Signore degli Anelli - Battaglia per la Terra di Mezzo<\/h2>\n<p>Per cominciare, rivivete l'epica battaglia della Terra di Mezzo con questa <strong>Scacchiera del Signore degli Anelli<\/strong>. Scegliete la vostra parte e affrontate il vostro avversario. Le forze del male con il Signore Oscuro, Sauron, o l'esercito di Gondor con Aragorn e Gandalf....<\/p>\n<p>Affrontate un testa a testa nella Battaglia dei Campi del Pelennor, ambientata nella battaglia finale de Il Signore degli Anelli.<\/p>\n<p>La Battaglia dei Campi del Pelennor \u00e8 una battaglia della Guerra dell'Anello. Questa battaglia, la pi\u00f9 grande della Guerra dell'Anello in termini di numero di partecipanti, contrappone le forze di Gondor e dei suoi alleati alle forze del Signore Oscuro Sauron.<\/p>\n<h2>La vostra scacchiera del Signore degli Anelli al miglior prezzo.<\/h2>\n<p>Offriamo un'ampia gamma di repliche della trilogia de Il Signore degli Anelli.<\/p>\n<p>Innanzitutto,<\/p>\n<ul>\n<li>Il magnifico <a href=\"https:\/\/repliquemangacine.fr\/it\/il-signore-degli-anelli\/spada-anduril-aragorn-signore-degli-anelli\/\">Spada Anduril<\/a> di Aragorn, che \u00e8 stato riforgiato dagli elfi.<\/li>\n<li>C'\u00e8 anche la spada<a href=\"https:\/\/repliquemangacine.fr\/it\/spade-del-signore-degli-anelli\/signore-degli-anelli-glamdring-spada-gandalf\/\"> Glamdring<\/a> di Gandalf il mago.<\/li>\n<li>Cos\u00ec come il<a href=\"https:\/\/repliquemangacine.fr\/it\/spade-del-signore-degli-anelli\/signore-degli-anelli-nazgul-spada-cavalieri-neri-spada\/\">Spada Nazgul<\/a>i suoi cavalieri neri che seminano il terrore.<\/li>\n<li>Inoltre, troverete i gioielli della trilogia con licenza ufficiale <a href=\"https:\/\/noblecollection.fr\/bijoux-seigneur-des-anneaux-c-129_1_18.html\" target=\"_blank\" rel=\"noopener noreferrer\">La collezione Noble<\/a>.<\/li>\n<li>E molti altri da scoprire nel nostro negozio online!<\/li>\n<\/ul>\n<p>Ecco quindi un'ottima idea regalo per tutti i fan della trilogia del Signore degli Anelli.<\/p>\n<p>In conclusione, \u00e8 possibile utilizzare questo <strong>Scacchiera del Signore degli Anelli<\/strong> per le serate con gli amici. Ma soprattutto \u00e8 un oggetto da collezione e un pezzo decorativo.<\/p>\n<h2>Come vengono realizzati i vostri oggetti da collezione?<\/h2>\n<p>Per cominciare, tutti i nostri prodotti derivati sono di altissima qualit\u00e0, realizzati con una meticolosa attenzione ai dettagli. Alcuni di essi sono realizzati a mano, per riprodurre i minimi dettagli. Le parti pi\u00f9 importanti sono lavorate con macchine molto precise. Le incisioni sono generalmente realizzate con una punta di diamante o con il laser.<\/p>\n<p>Il tuo <strong>Scacchiera del Signore degli Anelli<\/strong> fabbricati per riprodurre esattamente ogni dettaglio. Per eguagliare l'eredit\u00e0 dei capolavori originali. L'accento \u00e8 posto sulla creazione di repliche di alta qualit\u00e0 che siano il pi\u00f9 possibile storicamente accurate.<\/p>\n<p>In conclusione, importate dalla Cina, dalla Spagna o dall'India, le nostre repliche vi stupiranno!<\/p>\n<p>R\u00e9plique Manga Cin\u00e9 \u00e8 un'azienda familiare francese.<\/p>","protected":false},"excerpt":{"rendered":"<p>Scacchiera da 32 pezzi ispirata a Il Signore degli Anelli.<\/p>\n<p>Questo set di scacchi comprende :<\/p>\n<ul>\n<li>16 pezzi in PVC nero finemente scolpiti che rappresentano: Gollum, Saruman, Cavalieri Neri, Stregoni, Orchi e l'Occhio di Sauron<\/li>\n<li>16 pezzi in PVC bianco finemente scolpiti che rappresentano: Gandalf, Arwen, Aragorn, Frodo, Legolas e le statue<\/li>\n<li>Scacchiera con occhio di sauro al centro 46 X 46 cm<\/li>\n<li>Due tasche per riporre le monete.<\/li>\n<li>I pezzi misurano tra i 5 e i 10 cm a seconda del personaggio.<\/li>\n<li>Scatola da collezione nei colori del film.<\/li>\n<\/ul>","protected":false},"featured_media":55545,"template":"","meta":[],"product_brand":[896],"product_cat":[98,24,94,29],"product_tag":[],"class_list":{"0":"post-55544","1":"product","2":"type-product","3":"status-publish","4":"has-post-thumbnail","6":"product_brand-replique-manga-cine","7":"product_cat-divers-goodies","8":"product_cat-films-series-tv-vente-de-katana-epee-et-produits-derives","9":"product_cat-goodies","10":"product_cat-le-seigneur-des-anneaux","12":"first","13":"instock","14":"taxable","15":"shipping-taxable","16":"purchasable","17":"product-type-simple"},"yoast_head":"<!-- This site is optimized with the Yoast SEO plugin v27.4 - https:\/\/yoast.com\/product\/yoast-seo-wordpress\/ -->\n<title>Echiquier Seigneur des Anneaux - Jeu d&#039;\u00e9chec Collector - RMC<\/title>\n<meta name=\"description\" content=\"Offrez-vous ! Cet Echiquier Seigneur des Anneaux de 32 pi\u00e8ces au meilleur prix - Sous Licence officielle Noble Collection - Pi\u00e8ces en PVC de 5 cm \u00e0 10 cm -\" \/>\n<meta name=\"robots\" content=\"index, follow, max-snippet:-1, max-image-preview:large, max-video-preview:-1\" \/>\n<link rel=\"canonical\" href=\"https:\/\/repliquemangacine.fr\/it\/varie-chicche\/scacchiera-del-signore-degli-anelli\/\" \/>\n<meta property=\"og:locale\" content=\"it_IT\" \/>\n<meta property=\"og:type\" content=\"article\" \/>\n<meta property=\"og:title\" content=\"Echiquier Seigneur des Anneaux - Jeu d&#039;\u00e9chec Collector - RMC\" \/>\n<meta property=\"og:description\" content=\"Offrez-vous ! Cet Echiquier Seigneur des Anneaux de 32 pi\u00e8ces au meilleur prix - Sous Licence officielle Noble Collection - Pi\u00e8ces en PVC de 5 cm \u00e0 10 cm -\" \/>\n<meta property=\"og:url\" content=\"https:\/\/repliquemangacine.fr\/it\/varie-chicche\/scacchiera-del-signore-degli-anelli\/\" \/>\n<meta property=\"og:site_name\" content=\"R\u00e9plique Manga Cin\u00e9\" \/>\n<meta property=\"article:publisher\" content=\"https:\/\/www.facebook.com\/RepliqueMangaCine\" \/>\n<meta property=\"article:modified_time\" content=\"2026-01-15T15:03:18+00:00\" \/>\n<meta property=\"og:image\" content=\"https:\/\/repliquemangacine.fr\/wp-content\/uploads\/2023\/10\/jeu-dechec-lotr.jpg\" \/>\n\t<meta property=\"og:image:width\" content=\"500\" \/>\n\t<meta property=\"og:image:height\" content=\"500\" \/>\n\t<meta property=\"og:image:type\" content=\"image\/jpeg\" \/>\n<meta name=\"twitter:card\" content=\"summary_large_image\" \/>\n<meta name=\"twitter:label1\" content=\"Tempo di lettura stimato\" \/>\n\t<meta name=\"twitter:data1\" content=\"2 minuti\" \/>\n<script type=\"application\/ld+json\" class=\"yoast-schema-graph\">{\"@context\":\"https:\\\/\\\/schema.org\",\"@graph\":[{\"@type\":\"WebPage\",\"@id\":\"https:\\\/\\\/repliquemangacine.fr\\\/divers-goodies\\\/echiquier-seigneur-des-anneaux\\\/\",\"url\":\"https:\\\/\\\/repliquemangacine.fr\\\/divers-goodies\\\/echiquier-seigneur-des-anneaux\\\/\",\"name\":\"Echiquier Seigneur des Anneaux - Jeu d'\u00e9chec Collector - RMC\",\"isPartOf\":{\"@id\":\"https:\\\/\\\/repliquemangacine.fr\\\/#website\"},\"primaryImageOfPage\":{\"@id\":\"https:\\\/\\\/repliquemangacine.fr\\\/divers-goodies\\\/echiquier-seigneur-des-anneaux\\\/#primaryimage\"},\"image\":{\"@id\":\"https:\\\/\\\/repliquemangacine.fr\\\/divers-goodies\\\/echiquier-seigneur-des-anneaux\\\/#primaryimage\"},\"thumbnailUrl\":\"https:\\\/\\\/repliquemangacine.fr\\\/wp-content\\\/uploads\\\/2023\\\/10\\\/jeu-dechec-lotr.jpg\",\"datePublished\":\"2022-11-25T12:10:19+00:00\",\"dateModified\":\"2026-01-15T15:03:18+00:00\",\"description\":\"Offrez-vous ! Cet Echiquier Seigneur des Anneaux de 32 pi\u00e8ces au meilleur prix - Sous Licence officielle Noble Collection - Pi\u00e8ces en PVC de 5 cm \u00e0 10 cm -\",\"breadcrumb\":{\"@id\":\"https:\\\/\\\/repliquemangacine.fr\\\/divers-goodies\\\/echiquier-seigneur-des-anneaux\\\/#breadcrumb\"},\"inLanguage\":\"it-IT\",\"potentialAction\":[{\"@type\":\"ReadAction\",\"target\":[\"https:\\\/\\\/repliquemangacine.fr\\\/divers-goodies\\\/echiquier-seigneur-des-anneaux\\\/\"]}]},{\"@type\":\"ImageObject\",\"inLanguage\":\"it-IT\",\"@id\":\"https:\\\/\\\/repliquemangacine.fr\\\/divers-goodies\\\/echiquier-seigneur-des-anneaux\\\/#primaryimage\",\"url\":\"https:\\\/\\\/repliquemangacine.fr\\\/wp-content\\\/uploads\\\/2023\\\/10\\\/jeu-dechec-lotr.jpg\",\"contentUrl\":\"https:\\\/\\\/repliquemangacine.fr\\\/wp-content\\\/uploads\\\/2023\\\/10\\\/jeu-dechec-lotr.jpg\",\"width\":500,\"height\":500,\"caption\":\"Echiquier Seigneur des Anneaux\"},{\"@type\":\"BreadcrumbList\",\"@id\":\"https:\\\/\\\/repliquemangacine.fr\\\/divers-goodies\\\/echiquier-seigneur-des-anneaux\\\/#breadcrumb\",\"itemListElement\":[{\"@type\":\"ListItem\",\"position\":1,\"name\":\"Accueil\",\"item\":\"https:\\\/\\\/repliquemangacine.fr\\\/\"},{\"@type\":\"ListItem\",\"position\":2,\"name\":\"Produits\",\"item\":\"https:\\\/\\\/repliquemangacine.fr\\\/boutique\\\/\"},{\"@type\":\"ListItem\",\"position\":3,\"name\":\"Echiquier Seigneur des Anneaux\"}]},{\"@type\":\"WebSite\",\"@id\":\"https:\\\/\\\/repliquemangacine.fr\\\/#website\",\"url\":\"https:\\\/\\\/repliquemangacine.fr\\\/\",\"name\":\"R\u00e9plique Manga Cin\u00e9\",\"description\":\"\",\"publisher\":{\"@id\":\"https:\\\/\\\/repliquemangacine.fr\\\/#organization\"},\"potentialAction\":[{\"@type\":\"SearchAction\",\"target\":{\"@type\":\"EntryPoint\",\"urlTemplate\":\"https:\\\/\\\/repliquemangacine.fr\\\/?s={search_term_string}\"},\"query-input\":{\"@type\":\"PropertyValueSpecification\",\"valueRequired\":true,\"valueName\":\"search_term_string\"}}],\"inLanguage\":\"it-IT\"},{\"@type\":\"Organization\",\"@id\":\"https:\\\/\\\/repliquemangacine.fr\\\/#organization\",\"name\":\"R\u00e9plique Manga Cin\u00e9\",\"url\":\"https:\\\/\\\/repliquemangacine.fr\\\/\",\"logo\":{\"@type\":\"ImageObject\",\"inLanguage\":\"it-IT\",\"@id\":\"https:\\\/\\\/repliquemangacine.fr\\\/#\\\/schema\\\/logo\\\/image\\\/\",\"url\":\"https:\\\/\\\/repliquemangacine.fr\\\/wp-content\\\/uploads\\\/2023\\\/10\\\/RMC-500250.png\",\"contentUrl\":\"https:\\\/\\\/repliquemangacine.fr\\\/wp-content\\\/uploads\\\/2023\\\/10\\\/RMC-500250.png\",\"width\":500,\"height\":250,\"caption\":\"R\u00e9plique Manga Cin\u00e9\"},\"image\":{\"@id\":\"https:\\\/\\\/repliquemangacine.fr\\\/#\\\/schema\\\/logo\\\/image\\\/\"},\"sameAs\":[\"https:\\\/\\\/www.facebook.com\\\/RepliqueMangaCine\",\"https:\\\/\\\/www.instagram.com\\\/repliquemangacine.fr\\\/\"]}]}<\/script>\n<!-- \/ Yoast SEO plugin. -->","yoast_head_json":{"title":"Scacchiera del Signore degli Anelli - Set di scacchi da collezione - RMC","description":"Regalatevi! Questa scacchiera da 32 pezzi del Signore degli Anelli al miglior prezzo - Con licenza ufficiale Noble Collection - Pezzi in PVC da 5 cm a 10 cm -","robots":{"index":"index","follow":"follow","max-snippet":"max-snippet:-1","max-image-preview":"max-image-preview:large","max-video-preview":"max-video-preview:-1"},"canonical":"https:\/\/repliquemangacine.fr\/it\/varie-chicche\/scacchiera-del-signore-degli-anelli\/","og_locale":"it_IT","og_type":"article","og_title":"Echiquier Seigneur des Anneaux - Jeu d'\u00e9chec Collector - RMC","og_description":"Offrez-vous ! Cet Echiquier Seigneur des Anneaux de 32 pi\u00e8ces au meilleur prix - Sous Licence officielle Noble Collection - Pi\u00e8ces en PVC de 5 cm \u00e0 10 cm -","og_url":"https:\/\/repliquemangacine.fr\/it\/varie-chicche\/scacchiera-del-signore-degli-anelli\/","og_site_name":"R\u00e9plique Manga Cin\u00e9","article_publisher":"https:\/\/www.facebook.com\/RepliqueMangaCine","article_modified_time":"2026-01-15T15:03:18+00:00","og_image":[{"width":500,"height":500,"url":"https:\/\/repliquemangacine.fr\/wp-content\/uploads\/2023\/10\/jeu-dechec-lotr.jpg","type":"image\/jpeg"}],"twitter_card":"summary_large_image","twitter_misc":{"Tempo di lettura stimato":"2 minuti"},"schema":{"@context":"https:\/\/schema.org","@graph":[{"@type":"WebPage","@id":"https:\/\/repliquemangacine.fr\/divers-goodies\/echiquier-seigneur-des-anneaux\/","url":"https:\/\/repliquemangacine.fr\/divers-goodies\/echiquier-seigneur-des-anneaux\/","name":"Scacchiera del Signore degli Anelli - Set di scacchi da collezione - RMC","isPartOf":{"@id":"https:\/\/repliquemangacine.fr\/#website"},"primaryImageOfPage":{"@id":"https:\/\/repliquemangacine.fr\/divers-goodies\/echiquier-seigneur-des-anneaux\/#primaryimage"},"image":{"@id":"https:\/\/repliquemangacine.fr\/divers-goodies\/echiquier-seigneur-des-anneaux\/#primaryimage"},"thumbnailUrl":"https:\/\/repliquemangacine.fr\/wp-content\/uploads\/2023\/10\/jeu-dechec-lotr.jpg","datePublished":"2022-11-25T12:10:19+00:00","dateModified":"2026-01-15T15:03:18+00:00","description":"Regalatevi! Questa scacchiera da 32 pezzi del Signore degli Anelli al miglior prezzo - Con licenza ufficiale Noble Collection - Pezzi in PVC da 5 cm a 10 cm -","breadcrumb":{"@id":"https:\/\/repliquemangacine.fr\/divers-goodies\/echiquier-seigneur-des-anneaux\/#breadcrumb"},"inLanguage":"it-IT","potentialAction":[{"@type":"ReadAction","target":["https:\/\/repliquemangacine.fr\/divers-goodies\/echiquier-seigneur-des-anneaux\/"]}]},{"@type":"ImageObject","inLanguage":"it-IT","@id":"https:\/\/repliquemangacine.fr\/divers-goodies\/echiquier-seigneur-des-anneaux\/#primaryimage","url":"https:\/\/repliquemangacine.fr\/wp-content\/uploads\/2023\/10\/jeu-dechec-lotr.jpg","contentUrl":"https:\/\/repliquemangacine.fr\/wp-content\/uploads\/2023\/10\/jeu-dechec-lotr.jpg","width":500,"height":500,"caption":"Echiquier Seigneur des Anneaux"},{"@type":"BreadcrumbList","@id":"https:\/\/repliquemangacine.fr\/divers-goodies\/echiquier-seigneur-des-anneaux\/#breadcrumb","itemListElement":[{"@type":"ListItem","position":1,"name":"Accueil","item":"https:\/\/repliquemangacine.fr\/"},{"@type":"ListItem","position":2,"name":"Produits","item":"https:\/\/repliquemangacine.fr\/boutique\/"},{"@type":"ListItem","position":3,"name":"Echiquier Seigneur des Anneaux"}]},{"@type":"WebSite","@id":"https:\/\/repliquemangacine.fr\/#website","url":"https:\/\/repliquemangacine.fr\/","name":"R\u00e9plique Manga Cin\u00e9","description":"","publisher":{"@id":"https:\/\/repliquemangacine.fr\/#organization"},"potentialAction":[{"@type":"SearchAction","target":{"@type":"EntryPoint","urlTemplate":"https:\/\/repliquemangacine.fr\/?s={search_term_string}"},"query-input":{"@type":"PropertyValueSpecification","valueRequired":true,"valueName":"search_term_string"}}],"inLanguage":"it-IT"},{"@type":"Organization","@id":"https:\/\/repliquemangacine.fr\/#organization","name":"R\u00e9plique Manga Cin\u00e9","url":"https:\/\/repliquemangacine.fr\/","logo":{"@type":"ImageObject","inLanguage":"it-IT","@id":"https:\/\/repliquemangacine.fr\/#\/schema\/logo\/image\/","url":"https:\/\/repliquemangacine.fr\/wp-content\/uploads\/2023\/10\/RMC-500250.png","contentUrl":"https:\/\/repliquemangacine.fr\/wp-content\/uploads\/2023\/10\/RMC-500250.png","width":500,"height":250,"caption":"R\u00e9plique Manga Cin\u00e9"},"image":{"@id":"https:\/\/repliquemangacine.fr\/#\/schema\/logo\/image\/"},"sameAs":["https:\/\/www.facebook.com\/RepliqueMangaCine","https:\/\/www.instagram.com\/repliquemangacine.fr\/"]}]}},"_links":{"self":[{"href":"https:\/\/repliquemangacine.fr\/it\/wp-json\/wp\/v2\/product\/55544","targetHints":{"allow":["GET"]}}],"collection":[{"href":"https:\/\/repliquemangacine.fr\/it\/wp-json\/wp\/v2\/product"}],"about":[{"href":"https:\/\/repliquemangacine.fr\/it\/wp-json\/wp\/v2\/types\/product"}],"wp:featuredmedia":[{"embeddable":true,"href":"https:\/\/repliquemangacine.fr\/it\/wp-json\/wp\/v2\/media\/55545"}],"wp:attachment":[{"href":"https:\/\/repliquemangacine.fr\/it\/wp-json\/wp\/v2\/media?parent=55544"}],"wp:term":[{"taxonomy":"product_brand","embeddable":true,"href":"https:\/\/repliquemangacine.fr\/it\/wp-json\/wp\/v2\/product_brand?post=55544"},{"taxonomy":"product_cat","embeddable":true,"href":"https:\/\/repliquemangacine.fr\/it\/wp-json\/wp\/v2\/product_cat?post=55544"},{"taxonomy":"product_tag","embeddable":true,"href":"https:\/\/repliquemangacine.fr\/it\/wp-json\/wp\/v2\/product_tag?post=55544"}],"curies":[{"name":"wp","href":"https:\/\/api.w.org\/{rel}","templated":true}]}}