





{"id":54900,"date":"2022-11-09T19:05:32","date_gmt":"2022-11-09T18:05:32","guid":{"rendered":"https:\/\/repliquemangacine.fr\/?post_type=product&#038;p=54900"},"modified":"2026-01-08T15:12:45","modified_gmt":"2026-01-08T14:12:45","slug":"signore-degli-anelli-nazgul-spada-cavalieri-neri-spada","status":"publish","type":"product","link":"https:\/\/repliquemangacine.fr\/it\/epees-seigneur-des-anneaux\/epee-nazgul-seigneur-des-anneaux-epee-cavaliers-noirs\/","title":{"rendered":"Spada Nazgul del Signore degli Anelli"},"content":{"rendered":"<h2>Spada Nazgul del Signore degli Anelli<\/h2>\n<p>Per cominciare, il<strong>Spada <a href=\"https:\/\/lotr.fandom.com\/wiki\/Nazg\u00fbl\" target=\"_blank\" rel=\"noopener noreferrer\">Nazgul<\/a> Il Signore degli Anelli<\/strong> \u00e8 quello dei Cavalieri Neri. I nove re sono i temibili servitori del Signore Oscuro Sauron nella Terra di Mezzo.<\/p>\n<p>In effetti, questi Nove usarono gli anelli per ottenere grande potere, ricchezza e prestigio nella vita. Ma col tempo, gli anelli continuarono a esercitare un'influenza corruttrice.<\/p>\n<p>I Cavalieri Neri portano lunghe spade e pugnali d'acciaio. Circondati da un'aura di terrore che si ripercuoteva su tutte le creature viventi, la loro aura, chiamata respiro nero, poteva essere velenosa per coloro che erano abbastanza sfortunati da avvicinarsi a loro. La paura che i Nove ispiravano era uno dei loro maggiori punti di forza.<\/p>\n<h2>La tua spada Nazgul del Signore degli Anelli al miglior prezzo.<\/h2>\n<p>Offriamo un'ampia gamma di repliche della trilogia de Il Signore degli Anelli.<\/p>\n<p>Innanzitutto,<\/p>\n<ul>\n<li>Il magnifico <a href=\"https:\/\/repliquemangacine.fr\/it\/il-signore-degli-anelli\/spada-anduril-aragorn-signore-degli-anelli\/\">Spada Anduril<\/a> di Aragorn che \u00e8 stato riforgiato.<\/li>\n<li>C'\u00e8 anche la spada<a href=\"https:\/\/repliquemangacine.fr\/it\/spade-del-signore-degli-anelli\/signore-degli-anelli-glamdring-spada-gandalf\/\"> Glamdring<\/a> di Gandalf il mago.<\/li>\n<li>Cos\u00ec come il<a href=\"https:\/\/repliquemangacine.fr\/it\/spade-del-signore-degli-anelli\/spada-di-theoden-spada-di-herugrim\/\">Spada Herugrim<\/a> di re Teodoro.<\/li>\n<li>E molti altri da scoprire nel nostro negozio online!<\/li>\n<\/ul>\n<p>Ecco quindi un'ottima idea regalo per tutti i fan della trilogia del Signore degli Anelli.<\/p>\n<p>In conclusione, \u00e8 possibile utilizzare l\u2019<strong>Spada Nazgul del Signore degli Anelli<\/strong> per le vostre sfilate cosplay o serate a tema. Ma soprattutto, questa spada \u00e8 un oggetto da collezione e un pezzo decorativo.<\/p>\n<p>R\u00e9plique Manga cin\u00e9 \u00e8 un'azienda familiare francese.<\/p>\n<h2>Come faccio a mantenere la lama della mia spada SDA?<\/h2>\n<p>Le spade da collezione e decorative sono realizzate e assemblate in modo semplificato. Poich\u00e9 il loro uso \u00e8 decorativo, non hanno le caratteristiche di sicurezza richieste per una spada giapponese destinata all'allenamento.<\/p>\n<p>Tuttavia, il vostro <strong>Spada Nazgul del Signore degli Anelli<\/strong> a una lama d'acciaio che deve essere curata per evitare che si danneggi nel tempo. Quando si espone la katana, gli amici saranno curiosi di vedere la lama e di toccarla. \u00c8 qui che bisogna fare attenzione, perch\u00e9 l'acidit\u00e0 delle dita \u00e8 molto dannosa per l'acciaio, indipendentemente dalla sua qualit\u00e0.<\/p>\n<p>Tuttavia, se ci\u00f2 dovesse accadere, niente panico: basta un panno inumidito con un po' d'olio per eliminare le impronte. In questo modo, la spada durer\u00e0 a lungo.<\/p>\n<p><strong>\u00a0<\/strong><\/p>","protected":false},"excerpt":{"rendered":"<p>Replica della spada usata dai cavalieri neri Nazgul.<\/p>\n<ul>\n<li style=\"list-style-type: none;\">\n<ul>\n<li>Lama in acciaio temprato e martellato.<\/li>\n<li>Protezione in acciaio con artigli a tutto tondo.<\/li>\n<li>Manico rivestito in similpelle nera.<\/li>\n<li>Staffa da parete in legno decorata con l'occhio di Sauron<\/li>\n<li>Lunghezza lama: 100 cm - Lunghezza totale: 135 cm<\/li>\n<\/ul>\n<\/li>\n<\/ul>","protected":false},"featured_media":87618,"template":"","meta":[],"product_brand":[896],"product_cat":[68,24,29],"product_tag":[],"class_list":{"0":"post-54900","1":"product","2":"type-product","3":"status-publish","4":"has-post-thumbnail","6":"product_brand-replique-manga-cine","7":"product_cat-epees-seigneur-des-anneaux","8":"product_cat-films-series-tv-vente-de-katana-epee-et-produits-derives","9":"product_cat-le-seigneur-des-anneaux","11":"first","12":"instock","13":"sale","14":"taxable","15":"shipping-taxable","16":"purchasable","17":"product-type-simple"},"yoast_head":"<!-- This site is optimized with the Yoast SEO plugin v27.4 - https:\/\/yoast.com\/product\/yoast-seo-wordpress\/ -->\n<title>Ep\u00e9e Nazgul Seigneur des Anneaux - R\u00e9plique Manga Cin\u00e9<\/title>\n<meta name=\"description\" content=\"Offrez-vous cette Ep\u00e9e Nazgul Seigneur des Anneaux au meilleur prix. Lame en acier tremp\u00e9e et martel\u00e9e - Plaque mural - Longueur : 135 cm - Envoi 24\/48h\" \/>\n<meta name=\"robots\" content=\"index, follow, max-snippet:-1, max-image-preview:large, max-video-preview:-1\" \/>\n<link rel=\"canonical\" href=\"https:\/\/repliquemangacine.fr\/it\/spade-del-signore-degli-anelli\/signore-degli-anelli-nazgul-spada-cavalieri-neri-spada\/\" \/>\n<meta property=\"og:locale\" content=\"it_IT\" \/>\n<meta property=\"og:type\" content=\"article\" \/>\n<meta property=\"og:title\" content=\"Ep\u00e9e Nazgul Seigneur des Anneaux - R\u00e9plique Manga Cin\u00e9\" \/>\n<meta property=\"og:description\" content=\"Offrez-vous cette Ep\u00e9e Nazgul Seigneur des Anneaux au meilleur prix. Lame en acier tremp\u00e9e et martel\u00e9e - Plaque mural - Longueur : 135 cm - Envoi 24\/48h\" \/>\n<meta property=\"og:url\" content=\"https:\/\/repliquemangacine.fr\/it\/spade-del-signore-degli-anelli\/signore-degli-anelli-nazgul-spada-cavalieri-neri-spada\/\" \/>\n<meta property=\"og:site_name\" content=\"R\u00e9plique Manga Cin\u00e9\" \/>\n<meta property=\"article:publisher\" content=\"https:\/\/www.facebook.com\/RepliqueMangaCine\" \/>\n<meta property=\"article:modified_time\" content=\"2026-01-08T14:12:45+00:00\" \/>\n<meta property=\"og:image\" content=\"https:\/\/repliquemangacine.fr\/wp-content\/uploads\/2022\/11\/Epee-Nazgul-Seigneur-des-Anneaux.jpg\" \/>\n\t<meta property=\"og:image:width\" content=\"700\" \/>\n\t<meta property=\"og:image:height\" content=\"700\" \/>\n\t<meta property=\"og:image:type\" content=\"image\/jpeg\" \/>\n<meta name=\"twitter:card\" content=\"summary_large_image\" \/>\n<meta name=\"twitter:label1\" content=\"Tempo di lettura stimato\" \/>\n\t<meta name=\"twitter:data1\" content=\"3 minuti\" \/>\n<script type=\"application\/ld+json\" class=\"yoast-schema-graph\">{\"@context\":\"https:\\\/\\\/schema.org\",\"@graph\":[{\"@type\":\"WebPage\",\"@id\":\"https:\\\/\\\/repliquemangacine.fr\\\/epees-seigneur-des-anneaux\\\/epee-nazgul-seigneur-des-anneaux-epee-cavaliers-noirs\\\/\",\"url\":\"https:\\\/\\\/repliquemangacine.fr\\\/epees-seigneur-des-anneaux\\\/epee-nazgul-seigneur-des-anneaux-epee-cavaliers-noirs\\\/\",\"name\":\"Ep\u00e9e Nazgul Seigneur des Anneaux - R\u00e9plique Manga Cin\u00e9\",\"isPartOf\":{\"@id\":\"https:\\\/\\\/repliquemangacine.fr\\\/#website\"},\"primaryImageOfPage\":{\"@id\":\"https:\\\/\\\/repliquemangacine.fr\\\/epees-seigneur-des-anneaux\\\/epee-nazgul-seigneur-des-anneaux-epee-cavaliers-noirs\\\/#primaryimage\"},\"image\":{\"@id\":\"https:\\\/\\\/repliquemangacine.fr\\\/epees-seigneur-des-anneaux\\\/epee-nazgul-seigneur-des-anneaux-epee-cavaliers-noirs\\\/#primaryimage\"},\"thumbnailUrl\":\"https:\\\/\\\/repliquemangacine.fr\\\/wp-content\\\/uploads\\\/2022\\\/11\\\/Epee-Nazgul-Seigneur-des-Anneaux.jpg\",\"datePublished\":\"2022-11-09T18:05:32+00:00\",\"dateModified\":\"2026-01-08T14:12:45+00:00\",\"description\":\"Offrez-vous cette Ep\u00e9e Nazgul Seigneur des Anneaux au meilleur prix. Lame en acier tremp\u00e9e et martel\u00e9e - Plaque mural - Longueur : 135 cm - Envoi 24\\\/48h\",\"breadcrumb\":{\"@id\":\"https:\\\/\\\/repliquemangacine.fr\\\/epees-seigneur-des-anneaux\\\/epee-nazgul-seigneur-des-anneaux-epee-cavaliers-noirs\\\/#breadcrumb\"},\"inLanguage\":\"it-IT\",\"potentialAction\":[{\"@type\":\"ReadAction\",\"target\":[\"https:\\\/\\\/repliquemangacine.fr\\\/epees-seigneur-des-anneaux\\\/epee-nazgul-seigneur-des-anneaux-epee-cavaliers-noirs\\\/\"]}]},{\"@type\":\"ImageObject\",\"inLanguage\":\"it-IT\",\"@id\":\"https:\\\/\\\/repliquemangacine.fr\\\/epees-seigneur-des-anneaux\\\/epee-nazgul-seigneur-des-anneaux-epee-cavaliers-noirs\\\/#primaryimage\",\"url\":\"https:\\\/\\\/repliquemangacine.fr\\\/wp-content\\\/uploads\\\/2022\\\/11\\\/Epee-Nazgul-Seigneur-des-Anneaux.jpg\",\"contentUrl\":\"https:\\\/\\\/repliquemangacine.fr\\\/wp-content\\\/uploads\\\/2022\\\/11\\\/Epee-Nazgul-Seigneur-des-Anneaux.jpg\",\"width\":700,\"height\":700,\"caption\":\"Ep\u00e9e Nazgul Seigneur des Anneaux\"},{\"@type\":\"BreadcrumbList\",\"@id\":\"https:\\\/\\\/repliquemangacine.fr\\\/epees-seigneur-des-anneaux\\\/epee-nazgul-seigneur-des-anneaux-epee-cavaliers-noirs\\\/#breadcrumb\",\"itemListElement\":[{\"@type\":\"ListItem\",\"position\":1,\"name\":\"Accueil\",\"item\":\"https:\\\/\\\/repliquemangacine.fr\\\/\"},{\"@type\":\"ListItem\",\"position\":2,\"name\":\"Produits\",\"item\":\"https:\\\/\\\/repliquemangacine.fr\\\/boutique\\\/\"},{\"@type\":\"ListItem\",\"position\":3,\"name\":\"Ep\u00e9e Nazgul Seigneur des Anneaux\"}]},{\"@type\":\"WebSite\",\"@id\":\"https:\\\/\\\/repliquemangacine.fr\\\/#website\",\"url\":\"https:\\\/\\\/repliquemangacine.fr\\\/\",\"name\":\"R\u00e9plique Manga Cin\u00e9\",\"description\":\"\",\"publisher\":{\"@id\":\"https:\\\/\\\/repliquemangacine.fr\\\/#organization\"},\"potentialAction\":[{\"@type\":\"SearchAction\",\"target\":{\"@type\":\"EntryPoint\",\"urlTemplate\":\"https:\\\/\\\/repliquemangacine.fr\\\/?s={search_term_string}\"},\"query-input\":{\"@type\":\"PropertyValueSpecification\",\"valueRequired\":true,\"valueName\":\"search_term_string\"}}],\"inLanguage\":\"it-IT\"},{\"@type\":\"Organization\",\"@id\":\"https:\\\/\\\/repliquemangacine.fr\\\/#organization\",\"name\":\"R\u00e9plique Manga Cin\u00e9\",\"url\":\"https:\\\/\\\/repliquemangacine.fr\\\/\",\"logo\":{\"@type\":\"ImageObject\",\"inLanguage\":\"it-IT\",\"@id\":\"https:\\\/\\\/repliquemangacine.fr\\\/#\\\/schema\\\/logo\\\/image\\\/\",\"url\":\"https:\\\/\\\/repliquemangacine.fr\\\/wp-content\\\/uploads\\\/2023\\\/10\\\/RMC-500250.png\",\"contentUrl\":\"https:\\\/\\\/repliquemangacine.fr\\\/wp-content\\\/uploads\\\/2023\\\/10\\\/RMC-500250.png\",\"width\":500,\"height\":250,\"caption\":\"R\u00e9plique Manga Cin\u00e9\"},\"image\":{\"@id\":\"https:\\\/\\\/repliquemangacine.fr\\\/#\\\/schema\\\/logo\\\/image\\\/\"},\"sameAs\":[\"https:\\\/\\\/www.facebook.com\\\/RepliqueMangaCine\",\"https:\\\/\\\/www.instagram.com\\\/repliquemangacine.fr\\\/\"]}]}<\/script>\n<!-- \/ Yoast SEO plugin. -->","yoast_head_json":{"title":"Spada Nazgul del Signore degli Anelli - R\u00e9plique Manga Cin\u00e9","description":"Regalati questa spada Nazgul del Signore degli Anelli al miglior prezzo. Lama in acciaio temperato e martellato - Piastra a muro - Lunghezza : 135 cm - Spedizione 24\/48h","robots":{"index":"index","follow":"follow","max-snippet":"max-snippet:-1","max-image-preview":"max-image-preview:large","max-video-preview":"max-video-preview:-1"},"canonical":"https:\/\/repliquemangacine.fr\/it\/spade-del-signore-degli-anelli\/signore-degli-anelli-nazgul-spada-cavalieri-neri-spada\/","og_locale":"it_IT","og_type":"article","og_title":"Ep\u00e9e Nazgul Seigneur des Anneaux - R\u00e9plique Manga Cin\u00e9","og_description":"Offrez-vous cette Ep\u00e9e Nazgul Seigneur des Anneaux au meilleur prix. Lame en acier tremp\u00e9e et martel\u00e9e - Plaque mural - Longueur : 135 cm - Envoi 24\/48h","og_url":"https:\/\/repliquemangacine.fr\/it\/spade-del-signore-degli-anelli\/signore-degli-anelli-nazgul-spada-cavalieri-neri-spada\/","og_site_name":"R\u00e9plique Manga Cin\u00e9","article_publisher":"https:\/\/www.facebook.com\/RepliqueMangaCine","article_modified_time":"2026-01-08T14:12:45+00:00","og_image":[{"width":700,"height":700,"url":"https:\/\/repliquemangacine.fr\/wp-content\/uploads\/2022\/11\/Epee-Nazgul-Seigneur-des-Anneaux.jpg","type":"image\/jpeg"}],"twitter_card":"summary_large_image","twitter_misc":{"Tempo di lettura stimato":"3 minuti"},"schema":{"@context":"https:\/\/schema.org","@graph":[{"@type":"WebPage","@id":"https:\/\/repliquemangacine.fr\/epees-seigneur-des-anneaux\/epee-nazgul-seigneur-des-anneaux-epee-cavaliers-noirs\/","url":"https:\/\/repliquemangacine.fr\/epees-seigneur-des-anneaux\/epee-nazgul-seigneur-des-anneaux-epee-cavaliers-noirs\/","name":"Spada Nazgul del Signore degli Anelli - R\u00e9plique Manga Cin\u00e9","isPartOf":{"@id":"https:\/\/repliquemangacine.fr\/#website"},"primaryImageOfPage":{"@id":"https:\/\/repliquemangacine.fr\/epees-seigneur-des-anneaux\/epee-nazgul-seigneur-des-anneaux-epee-cavaliers-noirs\/#primaryimage"},"image":{"@id":"https:\/\/repliquemangacine.fr\/epees-seigneur-des-anneaux\/epee-nazgul-seigneur-des-anneaux-epee-cavaliers-noirs\/#primaryimage"},"thumbnailUrl":"https:\/\/repliquemangacine.fr\/wp-content\/uploads\/2022\/11\/Epee-Nazgul-Seigneur-des-Anneaux.jpg","datePublished":"2022-11-09T18:05:32+00:00","dateModified":"2026-01-08T14:12:45+00:00","description":"Regalati questa spada Nazgul del Signore degli Anelli al miglior prezzo. Lama in acciaio temperato e martellato - Piastra a muro - Lunghezza : 135 cm - Spedizione 24\/48h","breadcrumb":{"@id":"https:\/\/repliquemangacine.fr\/epees-seigneur-des-anneaux\/epee-nazgul-seigneur-des-anneaux-epee-cavaliers-noirs\/#breadcrumb"},"inLanguage":"it-IT","potentialAction":[{"@type":"ReadAction","target":["https:\/\/repliquemangacine.fr\/epees-seigneur-des-anneaux\/epee-nazgul-seigneur-des-anneaux-epee-cavaliers-noirs\/"]}]},{"@type":"ImageObject","inLanguage":"it-IT","@id":"https:\/\/repliquemangacine.fr\/epees-seigneur-des-anneaux\/epee-nazgul-seigneur-des-anneaux-epee-cavaliers-noirs\/#primaryimage","url":"https:\/\/repliquemangacine.fr\/wp-content\/uploads\/2022\/11\/Epee-Nazgul-Seigneur-des-Anneaux.jpg","contentUrl":"https:\/\/repliquemangacine.fr\/wp-content\/uploads\/2022\/11\/Epee-Nazgul-Seigneur-des-Anneaux.jpg","width":700,"height":700,"caption":"Ep\u00e9e Nazgul Seigneur des Anneaux"},{"@type":"BreadcrumbList","@id":"https:\/\/repliquemangacine.fr\/epees-seigneur-des-anneaux\/epee-nazgul-seigneur-des-anneaux-epee-cavaliers-noirs\/#breadcrumb","itemListElement":[{"@type":"ListItem","position":1,"name":"Accueil","item":"https:\/\/repliquemangacine.fr\/"},{"@type":"ListItem","position":2,"name":"Produits","item":"https:\/\/repliquemangacine.fr\/boutique\/"},{"@type":"ListItem","position":3,"name":"Ep\u00e9e Nazgul Seigneur des Anneaux"}]},{"@type":"WebSite","@id":"https:\/\/repliquemangacine.fr\/#website","url":"https:\/\/repliquemangacine.fr\/","name":"R\u00e9plique Manga Cin\u00e9","description":"","publisher":{"@id":"https:\/\/repliquemangacine.fr\/#organization"},"potentialAction":[{"@type":"SearchAction","target":{"@type":"EntryPoint","urlTemplate":"https:\/\/repliquemangacine.fr\/?s={search_term_string}"},"query-input":{"@type":"PropertyValueSpecification","valueRequired":true,"valueName":"search_term_string"}}],"inLanguage":"it-IT"},{"@type":"Organization","@id":"https:\/\/repliquemangacine.fr\/#organization","name":"R\u00e9plique Manga Cin\u00e9","url":"https:\/\/repliquemangacine.fr\/","logo":{"@type":"ImageObject","inLanguage":"it-IT","@id":"https:\/\/repliquemangacine.fr\/#\/schema\/logo\/image\/","url":"https:\/\/repliquemangacine.fr\/wp-content\/uploads\/2023\/10\/RMC-500250.png","contentUrl":"https:\/\/repliquemangacine.fr\/wp-content\/uploads\/2023\/10\/RMC-500250.png","width":500,"height":250,"caption":"R\u00e9plique Manga Cin\u00e9"},"image":{"@id":"https:\/\/repliquemangacine.fr\/#\/schema\/logo\/image\/"},"sameAs":["https:\/\/www.facebook.com\/RepliqueMangaCine","https:\/\/www.instagram.com\/repliquemangacine.fr\/"]}]}},"_links":{"self":[{"href":"https:\/\/repliquemangacine.fr\/it\/wp-json\/wp\/v2\/product\/54900","targetHints":{"allow":["GET"]}}],"collection":[{"href":"https:\/\/repliquemangacine.fr\/it\/wp-json\/wp\/v2\/product"}],"about":[{"href":"https:\/\/repliquemangacine.fr\/it\/wp-json\/wp\/v2\/types\/product"}],"wp:featuredmedia":[{"embeddable":true,"href":"https:\/\/repliquemangacine.fr\/it\/wp-json\/wp\/v2\/media\/87618"}],"wp:attachment":[{"href":"https:\/\/repliquemangacine.fr\/it\/wp-json\/wp\/v2\/media?parent=54900"}],"wp:term":[{"taxonomy":"product_brand","embeddable":true,"href":"https:\/\/repliquemangacine.fr\/it\/wp-json\/wp\/v2\/product_brand?post=54900"},{"taxonomy":"product_cat","embeddable":true,"href":"https:\/\/repliquemangacine.fr\/it\/wp-json\/wp\/v2\/product_cat?post=54900"},{"taxonomy":"product_tag","embeddable":true,"href":"https:\/\/repliquemangacine.fr\/it\/wp-json\/wp\/v2\/product_tag?post=54900"}],"curies":[{"name":"wp","href":"https:\/\/api.w.org\/{rel}","templated":true}]}}