





{"id":54661,"date":"2022-11-03T15:25:26","date_gmt":"2022-11-03T14:25:26","guid":{"rendered":"https:\/\/repliquemangacine.fr\/?post_type=product&#038;p=54661"},"modified":"2025-11-10T19:34:31","modified_gmt":"2025-11-10T18:34:31","slug":"arcangelo-lama-soprannaturale","status":"publish","type":"product","link":"https:\/\/repliquemangacine.fr\/it\/katana-les-epees-de-films-et-series\/archangel-blade-supernatural\/","title":{"rendered":"Arcangelo Lama Soprannaturale"},"content":{"rendered":"<h2>Lama dell'Arcangelo Pugnale soprannaturale.<\/h2>\n<p>Per cominciare, il<strong>Arcangelo Lama Soprannaturale<\/strong>Lama personale di un arcangelo. Simile per aspetto e caratteristiche alle normali lame d'angelo, ma molto pi\u00f9 potente. Sono infatti in grado di uccidere un arcangelo, il che le rende una delle armi pi\u00f9 potenti dell'universo.<\/p>\n<p><a href=\"https:\/\/supernatural.fandom.com\/fr\/wiki\/Accueil\" target=\"_blank\" rel=\"noopener noreferrer\">Supernatural,<\/a> Serie americana di Eric Kripke. Segue i fratelli Sam e Dean Winchester mentre viaggiano attraverso l'America.<\/p>\n<p>Indagano e combattono eventi paranormali e altre cose inspiegabili. La maggior parte di essi si basa sulle leggende urbane e sul folklore americano, cos\u00ec come le creature pi\u00f9 classiche come i vampiri, i lupi mannari e i fantasmi.<\/p>\n<h2>Your Archangel Blade Supernatural al miglior prezzo.<\/h2>\n<p>Vi proponiamo un'ampia scelta di repliche dal mondo del cinema e delle serie TV.<\/p>\n<p>Innanzitutto,<\/p>\n<ul>\n<li>La replica di <a href=\"https:\/\/repliquemangacine.fr\/it\/film-serie-tv-vendita-di-spade-katana-e-prodotti-correlati\/artigli-di-ghiottone-x-uomini\/\">Gli artigli di Wolverine<\/a> ispirato alla serie di film degli X-Men.<\/li>\n<li>Ci sono anche i due <a href=\"https:\/\/repliquemangacine.fr\/it\/film-serie-tv-vendita-di-spade-katana-e-prodotti-correlati\/kunai-geant-the-expendables\/\">coltelli da lancio<\/a> utilizzato da Lee Christmas nel film \"The Expendables\".<\/li>\n<li>E molti altri da scoprire nel nostro negozio online!<\/li>\n<\/ul>\n<p>Ecco quindi alcune fantastiche idee regalo per tutti gli appassionati di cinema e serie TV.<\/p>\n<p>In conclusione, \u00e8 possibile utilizzare la lama <strong>Arcangelo Lama Soprannaturale<\/strong> per le vostre serate a tema. Ma soprattutto, questo pugnale \u00e8 un oggetto da collezione e un pezzo decorativo.<\/p>\n<h2>Come vengono realizzati i vostri oggetti da collezione?<\/h2>\n<p>Per cominciare, tutti i nostri prodotti derivati sono di altissima qualit\u00e0, realizzati con una meticolosa attenzione ai dettagli. Alcuni di essi sono realizzati a mano, per riprodurre i minimi dettagli. Le parti pi\u00f9 importanti sono lavorate con macchine molto precise. Le incisioni sono generalmente realizzate con una punta di diamante o con il laser.<\/p>\n<p>Il tuo <strong>Arcangelo Lama Soprannaturale<\/strong> \u00e8 stato realizzato per riprodurre esattamente ogni dettaglio. Il tutto in plastica stampata finemente dettagliata, con supporto di presentazione con il nome del pugnale.<br \/>\nIn conclusione, importate dalla Cina o dalla Spagna, le nostre repliche vi stupiranno!<\/p>\n<p>R\u00e9plique Manga Cin\u00e9 \u00e8 un'azienda familiare francese.<\/p>\n<p>Buona visita.<\/p>","protected":false},"excerpt":{"rendered":"<p>L'arcangelo Blade nella serie televisiva Supernatural.<\/p>\n<ul>\n<li>Lama ritorta in ABS stampato.<\/li>\n<li>Maniglia in ABS stampato e verniciato<\/li>\n<li>Supporto di presentazione con incisione del nome.<\/li>\n<li>Lunghezza lama: 19,5 cm - Lunghezza totale: 34 cm - Peso: 135 gr.<\/li>\n<\/ul>","protected":false},"featured_media":54662,"template":"","meta":[],"product_brand":[896],"product_cat":[91,66,24],"product_tag":[],"class_list":{"0":"post-54661","1":"product","2":"type-product","3":"status-publish","4":"has-post-thumbnail","6":"product_brand-replique-manga-cine","7":"product_cat-katana-les-epees-de-films-et-series","8":"product_cat-repliques-d-armes-films-et-series","9":"product_cat-films-series-tv-vente-de-katana-epee-et-produits-derives","11":"first","12":"instock","13":"taxable","14":"shipping-taxable","15":"purchasable","16":"product-type-simple"},"yoast_head":"<!-- This site is optimized with the Yoast SEO plugin v27.4 - https:\/\/yoast.com\/product\/yoast-seo-wordpress\/ -->\n<title>Archangel Blade Supernatural - R\u00e9plique Manga Cin\u00e9<\/title>\n<meta name=\"description\" content=\"D\u00e9couvrez la dague Archangel Blade Supernatural au meilleur prix. Lame torsad\u00e9e en ABS - Support bois grav\u00e9 - Longueur totale : 34 cm\" \/>\n<meta name=\"robots\" content=\"index, follow, max-snippet:-1, max-image-preview:large, max-video-preview:-1\" \/>\n<link rel=\"canonical\" href=\"https:\/\/repliquemangacine.fr\/it\/spade-katana-da-film-e-serie\/arcangelo-lama-soprannaturale\/\" \/>\n<meta property=\"og:locale\" content=\"it_IT\" \/>\n<meta property=\"og:type\" content=\"article\" \/>\n<meta property=\"og:title\" content=\"Archangel Blade Supernatural - R\u00e9plique Manga Cin\u00e9\" \/>\n<meta property=\"og:description\" content=\"D\u00e9couvrez la dague Archangel Blade Supernatural au meilleur prix. Lame torsad\u00e9e en ABS - Support bois grav\u00e9 - Longueur totale : 34 cm\" \/>\n<meta property=\"og:url\" content=\"https:\/\/repliquemangacine.fr\/it\/spade-katana-da-film-e-serie\/arcangelo-lama-soprannaturale\/\" \/>\n<meta property=\"og:site_name\" content=\"R\u00e9plique Manga Cin\u00e9\" \/>\n<meta property=\"article:publisher\" content=\"https:\/\/www.facebook.com\/RepliqueMangaCine\" \/>\n<meta property=\"article:modified_time\" content=\"2025-11-10T18:34:31+00:00\" \/>\n<meta property=\"og:image\" content=\"https:\/\/repliquemangacine.fr\/wp-content\/uploads\/2023\/10\/ARCHANGEL-BLADE-.jpg\" \/>\n\t<meta property=\"og:image:width\" content=\"500\" \/>\n\t<meta property=\"og:image:height\" content=\"500\" \/>\n\t<meta property=\"og:image:type\" content=\"image\/jpeg\" \/>\n<meta name=\"twitter:card\" content=\"summary_large_image\" \/>\n<meta name=\"twitter:label1\" content=\"Tempo di lettura stimato\" \/>\n\t<meta name=\"twitter:data1\" content=\"2 minuti\" \/>\n<script type=\"application\/ld+json\" class=\"yoast-schema-graph\">{\"@context\":\"https:\\\/\\\/schema.org\",\"@graph\":[{\"@type\":\"WebPage\",\"@id\":\"https:\\\/\\\/repliquemangacine.fr\\\/katana-les-epees-de-films-et-series\\\/archangel-blade-supernatural\\\/\",\"url\":\"https:\\\/\\\/repliquemangacine.fr\\\/katana-les-epees-de-films-et-series\\\/archangel-blade-supernatural\\\/\",\"name\":\"Archangel Blade Supernatural - R\u00e9plique Manga Cin\u00e9\",\"isPartOf\":{\"@id\":\"https:\\\/\\\/repliquemangacine.fr\\\/#website\"},\"primaryImageOfPage\":{\"@id\":\"https:\\\/\\\/repliquemangacine.fr\\\/katana-les-epees-de-films-et-series\\\/archangel-blade-supernatural\\\/#primaryimage\"},\"image\":{\"@id\":\"https:\\\/\\\/repliquemangacine.fr\\\/katana-les-epees-de-films-et-series\\\/archangel-blade-supernatural\\\/#primaryimage\"},\"thumbnailUrl\":\"https:\\\/\\\/repliquemangacine.fr\\\/wp-content\\\/uploads\\\/2023\\\/10\\\/ARCHANGEL-BLADE-.jpg\",\"datePublished\":\"2022-11-03T14:25:26+00:00\",\"dateModified\":\"2025-11-10T18:34:31+00:00\",\"description\":\"D\u00e9couvrez la dague Archangel Blade Supernatural au meilleur prix. Lame torsad\u00e9e en ABS - Support bois grav\u00e9 - Longueur totale : 34 cm\",\"breadcrumb\":{\"@id\":\"https:\\\/\\\/repliquemangacine.fr\\\/katana-les-epees-de-films-et-series\\\/archangel-blade-supernatural\\\/#breadcrumb\"},\"inLanguage\":\"it-IT\",\"potentialAction\":[{\"@type\":\"ReadAction\",\"target\":[\"https:\\\/\\\/repliquemangacine.fr\\\/katana-les-epees-de-films-et-series\\\/archangel-blade-supernatural\\\/\"]}]},{\"@type\":\"ImageObject\",\"inLanguage\":\"it-IT\",\"@id\":\"https:\\\/\\\/repliquemangacine.fr\\\/katana-les-epees-de-films-et-series\\\/archangel-blade-supernatural\\\/#primaryimage\",\"url\":\"https:\\\/\\\/repliquemangacine.fr\\\/wp-content\\\/uploads\\\/2023\\\/10\\\/ARCHANGEL-BLADE-.jpg\",\"contentUrl\":\"https:\\\/\\\/repliquemangacine.fr\\\/wp-content\\\/uploads\\\/2023\\\/10\\\/ARCHANGEL-BLADE-.jpg\",\"width\":500,\"height\":500,\"caption\":\"Archangel Blade Supernatural s\u00e9rie tv\"},{\"@type\":\"BreadcrumbList\",\"@id\":\"https:\\\/\\\/repliquemangacine.fr\\\/katana-les-epees-de-films-et-series\\\/archangel-blade-supernatural\\\/#breadcrumb\",\"itemListElement\":[{\"@type\":\"ListItem\",\"position\":1,\"name\":\"Accueil\",\"item\":\"https:\\\/\\\/repliquemangacine.fr\\\/\"},{\"@type\":\"ListItem\",\"position\":2,\"name\":\"Produits\",\"item\":\"https:\\\/\\\/repliquemangacine.fr\\\/boutique\\\/\"},{\"@type\":\"ListItem\",\"position\":3,\"name\":\"Archangel Blade Supernatural\"}]},{\"@type\":\"WebSite\",\"@id\":\"https:\\\/\\\/repliquemangacine.fr\\\/#website\",\"url\":\"https:\\\/\\\/repliquemangacine.fr\\\/\",\"name\":\"R\u00e9plique Manga Cin\u00e9\",\"description\":\"\",\"publisher\":{\"@id\":\"https:\\\/\\\/repliquemangacine.fr\\\/#organization\"},\"potentialAction\":[{\"@type\":\"SearchAction\",\"target\":{\"@type\":\"EntryPoint\",\"urlTemplate\":\"https:\\\/\\\/repliquemangacine.fr\\\/?s={search_term_string}\"},\"query-input\":{\"@type\":\"PropertyValueSpecification\",\"valueRequired\":true,\"valueName\":\"search_term_string\"}}],\"inLanguage\":\"it-IT\"},{\"@type\":\"Organization\",\"@id\":\"https:\\\/\\\/repliquemangacine.fr\\\/#organization\",\"name\":\"R\u00e9plique Manga Cin\u00e9\",\"url\":\"https:\\\/\\\/repliquemangacine.fr\\\/\",\"logo\":{\"@type\":\"ImageObject\",\"inLanguage\":\"it-IT\",\"@id\":\"https:\\\/\\\/repliquemangacine.fr\\\/#\\\/schema\\\/logo\\\/image\\\/\",\"url\":\"https:\\\/\\\/repliquemangacine.fr\\\/wp-content\\\/uploads\\\/2023\\\/10\\\/RMC-500250.png\",\"contentUrl\":\"https:\\\/\\\/repliquemangacine.fr\\\/wp-content\\\/uploads\\\/2023\\\/10\\\/RMC-500250.png\",\"width\":500,\"height\":250,\"caption\":\"R\u00e9plique Manga Cin\u00e9\"},\"image\":{\"@id\":\"https:\\\/\\\/repliquemangacine.fr\\\/#\\\/schema\\\/logo\\\/image\\\/\"},\"sameAs\":[\"https:\\\/\\\/www.facebook.com\\\/RepliqueMangaCine\",\"https:\\\/\\\/www.instagram.com\\\/repliquemangacine.fr\\\/\"]}]}<\/script>\n<!-- \/ Yoast SEO plugin. -->","yoast_head_json":{"title":"Arcangelo Lama Soprannaturale - R\u00e9plique Manga Cin\u00e9","description":"Scopri il pugnale soprannaturale Archangel Blade al miglior prezzo. Lama in ABS ritorta - Supporto in legno inciso - Lunghezza totale: 34 cm","robots":{"index":"index","follow":"follow","max-snippet":"max-snippet:-1","max-image-preview":"max-image-preview:large","max-video-preview":"max-video-preview:-1"},"canonical":"https:\/\/repliquemangacine.fr\/it\/spade-katana-da-film-e-serie\/arcangelo-lama-soprannaturale\/","og_locale":"it_IT","og_type":"article","og_title":"Archangel Blade Supernatural - R\u00e9plique Manga Cin\u00e9","og_description":"D\u00e9couvrez la dague Archangel Blade Supernatural au meilleur prix. Lame torsad\u00e9e en ABS - Support bois grav\u00e9 - Longueur totale : 34 cm","og_url":"https:\/\/repliquemangacine.fr\/it\/spade-katana-da-film-e-serie\/arcangelo-lama-soprannaturale\/","og_site_name":"R\u00e9plique Manga Cin\u00e9","article_publisher":"https:\/\/www.facebook.com\/RepliqueMangaCine","article_modified_time":"2025-11-10T18:34:31+00:00","og_image":[{"width":500,"height":500,"url":"https:\/\/repliquemangacine.fr\/wp-content\/uploads\/2023\/10\/ARCHANGEL-BLADE-.jpg","type":"image\/jpeg"}],"twitter_card":"summary_large_image","twitter_misc":{"Tempo di lettura stimato":"2 minuti"},"schema":{"@context":"https:\/\/schema.org","@graph":[{"@type":"WebPage","@id":"https:\/\/repliquemangacine.fr\/katana-les-epees-de-films-et-series\/archangel-blade-supernatural\/","url":"https:\/\/repliquemangacine.fr\/katana-les-epees-de-films-et-series\/archangel-blade-supernatural\/","name":"Arcangelo Lama Soprannaturale - R\u00e9plique Manga Cin\u00e9","isPartOf":{"@id":"https:\/\/repliquemangacine.fr\/#website"},"primaryImageOfPage":{"@id":"https:\/\/repliquemangacine.fr\/katana-les-epees-de-films-et-series\/archangel-blade-supernatural\/#primaryimage"},"image":{"@id":"https:\/\/repliquemangacine.fr\/katana-les-epees-de-films-et-series\/archangel-blade-supernatural\/#primaryimage"},"thumbnailUrl":"https:\/\/repliquemangacine.fr\/wp-content\/uploads\/2023\/10\/ARCHANGEL-BLADE-.jpg","datePublished":"2022-11-03T14:25:26+00:00","dateModified":"2025-11-10T18:34:31+00:00","description":"Scopri il pugnale soprannaturale Archangel Blade al miglior prezzo. Lama in ABS ritorta - Supporto in legno inciso - Lunghezza totale: 34 cm","breadcrumb":{"@id":"https:\/\/repliquemangacine.fr\/katana-les-epees-de-films-et-series\/archangel-blade-supernatural\/#breadcrumb"},"inLanguage":"it-IT","potentialAction":[{"@type":"ReadAction","target":["https:\/\/repliquemangacine.fr\/katana-les-epees-de-films-et-series\/archangel-blade-supernatural\/"]}]},{"@type":"ImageObject","inLanguage":"it-IT","@id":"https:\/\/repliquemangacine.fr\/katana-les-epees-de-films-et-series\/archangel-blade-supernatural\/#primaryimage","url":"https:\/\/repliquemangacine.fr\/wp-content\/uploads\/2023\/10\/ARCHANGEL-BLADE-.jpg","contentUrl":"https:\/\/repliquemangacine.fr\/wp-content\/uploads\/2023\/10\/ARCHANGEL-BLADE-.jpg","width":500,"height":500,"caption":"Archangel Blade Supernatural s\u00e9rie tv"},{"@type":"BreadcrumbList","@id":"https:\/\/repliquemangacine.fr\/katana-les-epees-de-films-et-series\/archangel-blade-supernatural\/#breadcrumb","itemListElement":[{"@type":"ListItem","position":1,"name":"Accueil","item":"https:\/\/repliquemangacine.fr\/"},{"@type":"ListItem","position":2,"name":"Produits","item":"https:\/\/repliquemangacine.fr\/boutique\/"},{"@type":"ListItem","position":3,"name":"Archangel Blade Supernatural"}]},{"@type":"WebSite","@id":"https:\/\/repliquemangacine.fr\/#website","url":"https:\/\/repliquemangacine.fr\/","name":"R\u00e9plique Manga Cin\u00e9","description":"","publisher":{"@id":"https:\/\/repliquemangacine.fr\/#organization"},"potentialAction":[{"@type":"SearchAction","target":{"@type":"EntryPoint","urlTemplate":"https:\/\/repliquemangacine.fr\/?s={search_term_string}"},"query-input":{"@type":"PropertyValueSpecification","valueRequired":true,"valueName":"search_term_string"}}],"inLanguage":"it-IT"},{"@type":"Organization","@id":"https:\/\/repliquemangacine.fr\/#organization","name":"R\u00e9plique Manga Cin\u00e9","url":"https:\/\/repliquemangacine.fr\/","logo":{"@type":"ImageObject","inLanguage":"it-IT","@id":"https:\/\/repliquemangacine.fr\/#\/schema\/logo\/image\/","url":"https:\/\/repliquemangacine.fr\/wp-content\/uploads\/2023\/10\/RMC-500250.png","contentUrl":"https:\/\/repliquemangacine.fr\/wp-content\/uploads\/2023\/10\/RMC-500250.png","width":500,"height":250,"caption":"R\u00e9plique Manga Cin\u00e9"},"image":{"@id":"https:\/\/repliquemangacine.fr\/#\/schema\/logo\/image\/"},"sameAs":["https:\/\/www.facebook.com\/RepliqueMangaCine","https:\/\/www.instagram.com\/repliquemangacine.fr\/"]}]}},"_links":{"self":[{"href":"https:\/\/repliquemangacine.fr\/it\/wp-json\/wp\/v2\/product\/54661","targetHints":{"allow":["GET"]}}],"collection":[{"href":"https:\/\/repliquemangacine.fr\/it\/wp-json\/wp\/v2\/product"}],"about":[{"href":"https:\/\/repliquemangacine.fr\/it\/wp-json\/wp\/v2\/types\/product"}],"wp:featuredmedia":[{"embeddable":true,"href":"https:\/\/repliquemangacine.fr\/it\/wp-json\/wp\/v2\/media\/54662"}],"wp:attachment":[{"href":"https:\/\/repliquemangacine.fr\/it\/wp-json\/wp\/v2\/media?parent=54661"}],"wp:term":[{"taxonomy":"product_brand","embeddable":true,"href":"https:\/\/repliquemangacine.fr\/it\/wp-json\/wp\/v2\/product_brand?post=54661"},{"taxonomy":"product_cat","embeddable":true,"href":"https:\/\/repliquemangacine.fr\/it\/wp-json\/wp\/v2\/product_cat?post=54661"},{"taxonomy":"product_tag","embeddable":true,"href":"https:\/\/repliquemangacine.fr\/it\/wp-json\/wp\/v2\/product_tag?post=54661"}],"curies":[{"name":"wp","href":"https:\/\/api.w.org\/{rel}","templated":true}]}}