





{"id":54493,"date":"2022-10-29T19:03:14","date_gmt":"2022-10-29T17:03:14","guid":{"rendered":"https:\/\/repliquemangacine.fr\/?post_type=product&#038;p=54493"},"modified":"2026-04-15T19:39:44","modified_gmt":"2026-04-15T17:39:44","slug":"katana-in-legno-kitetsu-zoro-one-piece","status":"publish","type":"product","link":"https:\/\/repliquemangacine.fr\/it\/repliques-manga-jeux-video\/katana-bois-kitetsu-zoro-one-piece\/","title":{"rendered":"Katana di legno Kitetsu Zoro"},"content":{"rendered":"<h2>Katana di legno Kitetsu di Zoro One Piece.<\/h2>\n<p>Per cominciare, il <strong>Katana Kitetsu di legno di Zoro<\/strong> \u00e8 la spada che Roronoa Zoro ha ottenuto contemporaneamente allo Yubashiri a Loguetown. Zoro voleva comprarla per sostituire le sue due vecchie sciabole rotte durante lo scontro con Mihawk, ma Ippon-Matsu si rifiut\u00f2 di vendergliela, temendo la maledizione.<\/p>\n<p>Kitetsu \u00e8 il nome della scuola di forgiatura che ha creato le spade maledette di \u00ab <a href=\"https:\/\/onepiece.fandom.com\/fr\/wiki\/Sandai_Kitetsu?so=search\" target=\"_blank\" rel=\"noopener noreferrer\">kitetsu<\/a> \u00bb.<\/p>\n<p>Per questo motivo la katana Sandai Kitetsu \u00e8 una delle tre spade maledette della serie Kitetsu. La Sandai Kitetsu \u00e8 una delle 50 lame di pi\u00f9 alta qualit\u00e0, e quindi appartiene alla categoria Ryo Wazamono.<\/p>\n<p>\u00c8 la terza e ultima spada della serie Kitetsu. Zoro la tiene nella mano sinistra quando combatte.<\/p>\n<h2>La tua Katana di legno Zoro Kitetsu al miglior prezzo.<\/h2>\n<p>Vi proponiamo tutte le battute dei vostri personaggi preferiti del manga animato One Piece.<\/p>\n<p>Innanzitutto,<\/p>\n<ul>\n<li>Le <a href=\"https:\/\/repliquemangacine.fr\/it\/katana-monopezzo\/spada-di-legno-wado-ichimonji-zoro-katana-one-piece\/\">Spada Wado Ichimonji<\/a> che Zoro tiene tra i denti in One Piece. Disponibile in acciaio e legno.<\/li>\n<li>C'\u00e8 anche l'enorme <a href=\"https:\/\/repliquemangacine.fr\/it\/katana-monopezzo\/katana-kikoku-de-trafalgar-law-143cm\/\">spada di trafalgar Legge<\/a> con la sua lunga lama.<\/li>\n<li>Cos\u00ec come il <a href=\"https:\/\/repliquemangacine.fr\/it\/katana-monopezzo\/set-di-16-pezzi-in-un-unico-pezzo\/\">scatola da 16 pezzi<\/a> portachiavi o collana in base al proprio stato d'animo.<\/li>\n<li>E molti altri da scoprire nel nostro negozio online!<\/li>\n<\/ul>\n<p>Ecco quindi alcune grandi idee regalo per tutti i fan di One Piece.<\/p>\n<p>In conclusione, \u00e8 possibile utilizzare questo <strong>Katana Kitetsu di legno di Zoro<\/strong> per le vostre sfilate cosplay o serate a tema. Ma soprattutto, questa spada \u00e8 un oggetto da collezione e un oggetto decorativo.<\/p>\n<h2>Le nostre uscite economiche di One Piece<\/h2>\n<p>Siamo sempre alla ricerca di novit\u00e0, quindi abbiamo in serbo per voi alcune piccole chicche da scoprire nel prossimo futuro! Sarete in grado di passeggiare per le vostre convention manga con il <a href=\"https:\/\/repliquemangacine.fr\/it\/katana-monopezzo\/canna-da-spada-brook\/\">Bastone con spada viola di Brook<\/a>. Ci saranno anche statuette di One Piece e Wallscroll dei vostri personaggi preferiti.<\/p>\n<p>R\u00e9plique Manga Cin\u00e9 \u00e8 un'azienda familiare francese.<\/p>\n<p><strong>Si prega di notare che tutte le nostre repliche sono oggetti da collezione e decorazioni. Possono essere utilizzate per rievocazioni storiche, sfilate di cosplay o decorazioni di interni. Di conseguenza, non \u00e8 possibile andare in luoghi pubblici con queste repliche.<\/strong><\/p>","protected":false},"excerpt":{"rendered":"<p>Replica in acciaio della katana Sandai Kitetsu di Zoro.<\/p>\n<ul>\n<li>Lama interamente realizzata in bamb\u00f9 (legno) bicolore.<\/li>\n<li>Protezione in ABS sagomata appositamente.<\/li>\n<li>Il fodero \u00e8 in legno laccato rosso con decorazioni e rifiniture alle estremit\u00e0.<\/li>\n<li>Manico rivestito di treccia di cotone rosso.<\/li>\n<li>Lunghezza lama: 68 cm - Lunghezza totale: 103 cm - Peso: 550 gr.<\/li>\n<\/ul>","protected":false},"featured_media":54494,"template":"","meta":[],"product_brand":[896],"product_cat":[122,23],"product_tag":[],"class_list":{"0":"post-54493","1":"product","2":"type-product","3":"status-publish","4":"has-post-thumbnail","6":"product_brand-replique-manga-cine","7":"product_cat-katana-en-bois-one-piece","8":"product_cat-repliques-manga-jeux-video","10":"first","11":"instock","12":"sale","13":"taxable","14":"shipping-taxable","15":"purchasable","16":"product-type-simple"},"yoast_head":"<!-- This site is optimized with the Yoast SEO plugin v27.4 - https:\/\/yoast.com\/product\/yoast-seo-wordpress\/ -->\n<title>Katana bois Kitetsu Zoro - One Piece - Boutique en ligne - RMC<\/title>\n<meta name=\"description\" content=\"Commandez vite ! Votre Katana bois Kitetsu Zoro dans One Piece au meilleur prix. Lame bois - Longueur totale : 103 cm - Poids\u00a0: 550 grs - Envoi 24\/48h\" \/>\n<meta name=\"robots\" content=\"index, follow, max-snippet:-1, max-image-preview:large, max-video-preview:-1\" \/>\n<link rel=\"canonical\" href=\"https:\/\/repliquemangacine.fr\/it\/videogiochi-manga-replica\/katana-in-legno-kitetsu-zoro-one-piece\/\" \/>\n<meta property=\"og:locale\" content=\"it_IT\" \/>\n<meta property=\"og:type\" content=\"article\" \/>\n<meta property=\"og:title\" content=\"Katana bois Kitetsu Zoro - One Piece - Boutique en ligne - RMC\" \/>\n<meta property=\"og:description\" content=\"Commandez vite ! Votre Katana bois Kitetsu Zoro dans One Piece au meilleur prix. Lame bois - Longueur totale : 103 cm - Poids\u00a0: 550 grs - Envoi 24\/48h\" \/>\n<meta property=\"og:url\" content=\"https:\/\/repliquemangacine.fr\/it\/videogiochi-manga-replica\/katana-in-legno-kitetsu-zoro-one-piece\/\" \/>\n<meta property=\"og:site_name\" content=\"R\u00e9plique Manga Cin\u00e9\" \/>\n<meta property=\"article:publisher\" content=\"https:\/\/www.facebook.com\/RepliqueMangaCine\" \/>\n<meta property=\"article:modified_time\" content=\"2026-04-15T17:39:44+00:00\" \/>\n<meta property=\"og:image\" content=\"https:\/\/repliquemangacine.fr\/wp-content\/uploads\/2023\/10\/sandai-Kitetsu.jpg\" \/>\n\t<meta property=\"og:image:width\" content=\"500\" \/>\n\t<meta property=\"og:image:height\" content=\"500\" \/>\n\t<meta property=\"og:image:type\" content=\"image\/jpeg\" \/>\n<meta name=\"twitter:card\" content=\"summary_large_image\" \/>\n<meta name=\"twitter:label1\" content=\"Tempo di lettura stimato\" \/>\n\t<meta name=\"twitter:data1\" content=\"3 minuti\" \/>\n<script type=\"application\/ld+json\" class=\"yoast-schema-graph\">{\"@context\":\"https:\\\/\\\/schema.org\",\"@graph\":[{\"@type\":\"WebPage\",\"@id\":\"https:\\\/\\\/repliquemangacine.fr\\\/repliques-manga-jeux-video\\\/katana-bois-kitetsu-zoro-one-piece\\\/\",\"url\":\"https:\\\/\\\/repliquemangacine.fr\\\/repliques-manga-jeux-video\\\/katana-bois-kitetsu-zoro-one-piece\\\/\",\"name\":\"Katana bois Kitetsu Zoro - One Piece - Boutique en ligne - RMC\",\"isPartOf\":{\"@id\":\"https:\\\/\\\/repliquemangacine.fr\\\/#website\"},\"primaryImageOfPage\":{\"@id\":\"https:\\\/\\\/repliquemangacine.fr\\\/repliques-manga-jeux-video\\\/katana-bois-kitetsu-zoro-one-piece\\\/#primaryimage\"},\"image\":{\"@id\":\"https:\\\/\\\/repliquemangacine.fr\\\/repliques-manga-jeux-video\\\/katana-bois-kitetsu-zoro-one-piece\\\/#primaryimage\"},\"thumbnailUrl\":\"https:\\\/\\\/repliquemangacine.fr\\\/wp-content\\\/uploads\\\/2023\\\/10\\\/sandai-Kitetsu.jpg\",\"datePublished\":\"2022-10-29T17:03:14+00:00\",\"dateModified\":\"2026-04-15T17:39:44+00:00\",\"description\":\"Commandez vite ! Votre Katana bois Kitetsu Zoro dans One Piece au meilleur prix. Lame bois - Longueur totale : 103 cm - Poids\u00a0: 550 grs - Envoi 24\\\/48h\",\"breadcrumb\":{\"@id\":\"https:\\\/\\\/repliquemangacine.fr\\\/repliques-manga-jeux-video\\\/katana-bois-kitetsu-zoro-one-piece\\\/#breadcrumb\"},\"inLanguage\":\"it-IT\",\"potentialAction\":[{\"@type\":\"ReadAction\",\"target\":[\"https:\\\/\\\/repliquemangacine.fr\\\/repliques-manga-jeux-video\\\/katana-bois-kitetsu-zoro-one-piece\\\/\"]}]},{\"@type\":\"ImageObject\",\"inLanguage\":\"it-IT\",\"@id\":\"https:\\\/\\\/repliquemangacine.fr\\\/repliques-manga-jeux-video\\\/katana-bois-kitetsu-zoro-one-piece\\\/#primaryimage\",\"url\":\"https:\\\/\\\/repliquemangacine.fr\\\/wp-content\\\/uploads\\\/2023\\\/10\\\/sandai-Kitetsu.jpg\",\"contentUrl\":\"https:\\\/\\\/repliquemangacine.fr\\\/wp-content\\\/uploads\\\/2023\\\/10\\\/sandai-Kitetsu.jpg\",\"width\":500,\"height\":500,\"caption\":\"Katana bois Kitetsu Zoro one piece\"},{\"@type\":\"BreadcrumbList\",\"@id\":\"https:\\\/\\\/repliquemangacine.fr\\\/repliques-manga-jeux-video\\\/katana-bois-kitetsu-zoro-one-piece\\\/#breadcrumb\",\"itemListElement\":[{\"@type\":\"ListItem\",\"position\":1,\"name\":\"Accueil\",\"item\":\"https:\\\/\\\/repliquemangacine.fr\\\/\"},{\"@type\":\"ListItem\",\"position\":2,\"name\":\"Produits\",\"item\":\"https:\\\/\\\/repliquemangacine.fr\\\/boutique\\\/\"},{\"@type\":\"ListItem\",\"position\":3,\"name\":\"Katana bois Kitetsu Zoro\"}]},{\"@type\":\"WebSite\",\"@id\":\"https:\\\/\\\/repliquemangacine.fr\\\/#website\",\"url\":\"https:\\\/\\\/repliquemangacine.fr\\\/\",\"name\":\"R\u00e9plique Manga Cin\u00e9\",\"description\":\"\",\"publisher\":{\"@id\":\"https:\\\/\\\/repliquemangacine.fr\\\/#organization\"},\"potentialAction\":[{\"@type\":\"SearchAction\",\"target\":{\"@type\":\"EntryPoint\",\"urlTemplate\":\"https:\\\/\\\/repliquemangacine.fr\\\/?s={search_term_string}\"},\"query-input\":{\"@type\":\"PropertyValueSpecification\",\"valueRequired\":true,\"valueName\":\"search_term_string\"}}],\"inLanguage\":\"it-IT\"},{\"@type\":\"Organization\",\"@id\":\"https:\\\/\\\/repliquemangacine.fr\\\/#organization\",\"name\":\"R\u00e9plique Manga Cin\u00e9\",\"url\":\"https:\\\/\\\/repliquemangacine.fr\\\/\",\"logo\":{\"@type\":\"ImageObject\",\"inLanguage\":\"it-IT\",\"@id\":\"https:\\\/\\\/repliquemangacine.fr\\\/#\\\/schema\\\/logo\\\/image\\\/\",\"url\":\"https:\\\/\\\/repliquemangacine.fr\\\/wp-content\\\/uploads\\\/2023\\\/10\\\/RMC-500250.png\",\"contentUrl\":\"https:\\\/\\\/repliquemangacine.fr\\\/wp-content\\\/uploads\\\/2023\\\/10\\\/RMC-500250.png\",\"width\":500,\"height\":250,\"caption\":\"R\u00e9plique Manga Cin\u00e9\"},\"image\":{\"@id\":\"https:\\\/\\\/repliquemangacine.fr\\\/#\\\/schema\\\/logo\\\/image\\\/\"},\"sameAs\":[\"https:\\\/\\\/www.facebook.com\\\/RepliqueMangaCine\",\"https:\\\/\\\/www.instagram.com\\\/repliquemangacine.fr\\\/\"]}]}<\/script>\n<!-- \/ Yoast SEO plugin. -->","yoast_head_json":{"title":"Katana di legno Kitetsu Zoro - One Piece - Negozio online - RMC","description":"Ordina ora! La tua Katana Kitetsu Zoro in legno in One Piece al miglior prezzo. Lama di legno - Lunghezza totale: 103 cm - Peso: 550 gr - Spedizione 24\/48h","robots":{"index":"index","follow":"follow","max-snippet":"max-snippet:-1","max-image-preview":"max-image-preview:large","max-video-preview":"max-video-preview:-1"},"canonical":"https:\/\/repliquemangacine.fr\/it\/videogiochi-manga-replica\/katana-in-legno-kitetsu-zoro-one-piece\/","og_locale":"it_IT","og_type":"article","og_title":"Katana bois Kitetsu Zoro - One Piece - Boutique en ligne - RMC","og_description":"Commandez vite ! Votre Katana bois Kitetsu Zoro dans One Piece au meilleur prix. Lame bois - Longueur totale : 103 cm - Poids\u00a0: 550 grs - Envoi 24\/48h","og_url":"https:\/\/repliquemangacine.fr\/it\/videogiochi-manga-replica\/katana-in-legno-kitetsu-zoro-one-piece\/","og_site_name":"R\u00e9plique Manga Cin\u00e9","article_publisher":"https:\/\/www.facebook.com\/RepliqueMangaCine","article_modified_time":"2026-04-15T17:39:44+00:00","og_image":[{"width":500,"height":500,"url":"https:\/\/repliquemangacine.fr\/wp-content\/uploads\/2023\/10\/sandai-Kitetsu.jpg","type":"image\/jpeg"}],"twitter_card":"summary_large_image","twitter_misc":{"Tempo di lettura stimato":"3 minuti"},"schema":{"@context":"https:\/\/schema.org","@graph":[{"@type":"WebPage","@id":"https:\/\/repliquemangacine.fr\/repliques-manga-jeux-video\/katana-bois-kitetsu-zoro-one-piece\/","url":"https:\/\/repliquemangacine.fr\/repliques-manga-jeux-video\/katana-bois-kitetsu-zoro-one-piece\/","name":"Katana di legno Kitetsu Zoro - One Piece - Negozio online - RMC","isPartOf":{"@id":"https:\/\/repliquemangacine.fr\/#website"},"primaryImageOfPage":{"@id":"https:\/\/repliquemangacine.fr\/repliques-manga-jeux-video\/katana-bois-kitetsu-zoro-one-piece\/#primaryimage"},"image":{"@id":"https:\/\/repliquemangacine.fr\/repliques-manga-jeux-video\/katana-bois-kitetsu-zoro-one-piece\/#primaryimage"},"thumbnailUrl":"https:\/\/repliquemangacine.fr\/wp-content\/uploads\/2023\/10\/sandai-Kitetsu.jpg","datePublished":"2022-10-29T17:03:14+00:00","dateModified":"2026-04-15T17:39:44+00:00","description":"Ordina ora! La tua Katana Kitetsu Zoro in legno in One Piece al miglior prezzo. Lama di legno - Lunghezza totale: 103 cm - Peso: 550 gr - Spedizione 24\/48h","breadcrumb":{"@id":"https:\/\/repliquemangacine.fr\/repliques-manga-jeux-video\/katana-bois-kitetsu-zoro-one-piece\/#breadcrumb"},"inLanguage":"it-IT","potentialAction":[{"@type":"ReadAction","target":["https:\/\/repliquemangacine.fr\/repliques-manga-jeux-video\/katana-bois-kitetsu-zoro-one-piece\/"]}]},{"@type":"ImageObject","inLanguage":"it-IT","@id":"https:\/\/repliquemangacine.fr\/repliques-manga-jeux-video\/katana-bois-kitetsu-zoro-one-piece\/#primaryimage","url":"https:\/\/repliquemangacine.fr\/wp-content\/uploads\/2023\/10\/sandai-Kitetsu.jpg","contentUrl":"https:\/\/repliquemangacine.fr\/wp-content\/uploads\/2023\/10\/sandai-Kitetsu.jpg","width":500,"height":500,"caption":"Katana bois Kitetsu Zoro one piece"},{"@type":"BreadcrumbList","@id":"https:\/\/repliquemangacine.fr\/repliques-manga-jeux-video\/katana-bois-kitetsu-zoro-one-piece\/#breadcrumb","itemListElement":[{"@type":"ListItem","position":1,"name":"Accueil","item":"https:\/\/repliquemangacine.fr\/"},{"@type":"ListItem","position":2,"name":"Produits","item":"https:\/\/repliquemangacine.fr\/boutique\/"},{"@type":"ListItem","position":3,"name":"Katana bois Kitetsu Zoro"}]},{"@type":"WebSite","@id":"https:\/\/repliquemangacine.fr\/#website","url":"https:\/\/repliquemangacine.fr\/","name":"R\u00e9plique Manga Cin\u00e9","description":"","publisher":{"@id":"https:\/\/repliquemangacine.fr\/#organization"},"potentialAction":[{"@type":"SearchAction","target":{"@type":"EntryPoint","urlTemplate":"https:\/\/repliquemangacine.fr\/?s={search_term_string}"},"query-input":{"@type":"PropertyValueSpecification","valueRequired":true,"valueName":"search_term_string"}}],"inLanguage":"it-IT"},{"@type":"Organization","@id":"https:\/\/repliquemangacine.fr\/#organization","name":"R\u00e9plique Manga Cin\u00e9","url":"https:\/\/repliquemangacine.fr\/","logo":{"@type":"ImageObject","inLanguage":"it-IT","@id":"https:\/\/repliquemangacine.fr\/#\/schema\/logo\/image\/","url":"https:\/\/repliquemangacine.fr\/wp-content\/uploads\/2023\/10\/RMC-500250.png","contentUrl":"https:\/\/repliquemangacine.fr\/wp-content\/uploads\/2023\/10\/RMC-500250.png","width":500,"height":250,"caption":"R\u00e9plique Manga Cin\u00e9"},"image":{"@id":"https:\/\/repliquemangacine.fr\/#\/schema\/logo\/image\/"},"sameAs":["https:\/\/www.facebook.com\/RepliqueMangaCine","https:\/\/www.instagram.com\/repliquemangacine.fr\/"]}]}},"_links":{"self":[{"href":"https:\/\/repliquemangacine.fr\/it\/wp-json\/wp\/v2\/product\/54493","targetHints":{"allow":["GET"]}}],"collection":[{"href":"https:\/\/repliquemangacine.fr\/it\/wp-json\/wp\/v2\/product"}],"about":[{"href":"https:\/\/repliquemangacine.fr\/it\/wp-json\/wp\/v2\/types\/product"}],"wp:featuredmedia":[{"embeddable":true,"href":"https:\/\/repliquemangacine.fr\/it\/wp-json\/wp\/v2\/media\/54494"}],"wp:attachment":[{"href":"https:\/\/repliquemangacine.fr\/it\/wp-json\/wp\/v2\/media?parent=54493"}],"wp:term":[{"taxonomy":"product_brand","embeddable":true,"href":"https:\/\/repliquemangacine.fr\/it\/wp-json\/wp\/v2\/product_brand?post=54493"},{"taxonomy":"product_cat","embeddable":true,"href":"https:\/\/repliquemangacine.fr\/it\/wp-json\/wp\/v2\/product_cat?post=54493"},{"taxonomy":"product_tag","embeddable":true,"href":"https:\/\/repliquemangacine.fr\/it\/wp-json\/wp\/v2\/product_tag?post=54493"}],"curies":[{"name":"wp","href":"https:\/\/api.w.org\/{rel}","templated":true}]}}