





{"id":54464,"date":"2022-10-29T10:34:04","date_gmt":"2022-10-29T08:34:04","guid":{"rendered":"https:\/\/repliquemangacine.fr\/?post_type=product&#038;p=54464"},"modified":"2026-03-28T20:32:38","modified_gmt":"2026-03-28T19:32:38","slug":"spada-di-legno-wado-ichimonji-zoro-katana-one-piece","status":"publish","type":"product","link":"https:\/\/repliquemangacine.fr\/it\/repliques-manga-jeux-video\/sabre-bois-wado-ichimonji-zoro-katana-one-piece\/","title":{"rendered":"Spada di legno Wado Zoro"},"content":{"rendered":"<h2>La spada di legno Wado di Zoro in One Piece<\/h2>\n<p>Le <strong>Spada di legno Zoro Wado<\/strong> \u00e8 la katana che Zoro porta tra i denti.<\/p>\n<p><a href=\"https:\/\/onepiece.fandom.com\/fr\/wiki\/Wad\u00f4_Ichimonji\" target=\"_blank\" rel=\"noopener noreferrer\">Wado Ichimonji<\/a> \u00e8 una spada di grande importanza per Roronoa. Questa katana apparteneva alla sua amica d'infanzia Kuina ed era la spada rinomata della sua famiglia. Questa spada fa parte della classe 21 \u00d4 Wazamono ed \u00e8 stata forgiata da Shimotsuki Kozaburo.<\/p>\n<p>La Wad\u00f4 Ichimonji, una delle ventuno migliori katane al mondo, \u00e8 una lama estremamente potente. Estremamente forte, con una lama resistente, come ha sottolineato Mihawk quando ha distrutto le due spade di Zoro e solo Zoro \u00e8 riuscito a resistere.<\/p>\n<p>Questa lama \u00e8 anche il motivo per cui Tashigi vuole catturare Zoro. Ritiene che una lama del genere non dovrebbe essere nelle mani di un pirata.<\/p>\n<h2>La tua spada di legno Wado de zoro al miglior prezzo.<\/h2>\n<p>Vi proponiamo tutte le battute del manga animato One Piece.<\/p>\n<p>Innanzitutto,<\/p>\n<ul>\n<li>Le <a href=\"https:\/\/repliquemangacine.fr\/it\/katana-monopezzo\/ame-no-habakiri-katana-de-zoro-one-piece\/\">Katana Ame no Habakiri<\/a> La nuova sciabola bianca di Zoro.<\/li>\n<li>C'\u00e8 anche l'enorme <a href=\"https:\/\/repliquemangacine.fr\/it\/katana-monopezzo\/katana-kikoku-de-trafalgar-law-143cm\/\">Katana della Legge di Trafalgar<\/a>Kikoku, lungo 143 cm.<\/li>\n<li>Cos\u00ec come il <a href=\"https:\/\/repliquemangacine.fr\/it\/katana-monopezzo\/nidai-kitetsu-la-spada-di-luffy-one-piece\/\">Spada Nidai Kitetsu di Luffy<\/a>.<\/li>\n<li>E molti altri da scoprire nel nostro negozio online!<\/li>\n<\/ul>\n<p>Ecco quindi alcune grandi idee regalo per tutti i fan di One Piece.<\/p>\n<p>In conclusione, \u00e8 possibile utilizzare la spada di legno Wado Zoro anche per le sfilate di cosplay. Ma soprattutto, la spada Wado Ichimonji \u00e8 anche un oggetto da collezione e un pezzo decorativo.<\/p>\n<h2>Le nostre uscite economiche di One Piece<\/h2>\n<p>Siamo sempre alla ricerca di novit\u00e0, quindi abbiamo in serbo per voi alcune piccole chicche da scoprire nel prossimo futuro! Sarete in grado di passeggiare per le vostre convention manga con il <a href=\"https:\/\/repliquemangacine.fr\/it\/katana-monopezzo\/canna-da-spada-brook\/\">Bastone con spada viola di Brook<\/a>. Ci saranno anche statuette di One Piece e Wallscroll dei vostri personaggi preferiti.<\/p>\n<p>R\u00e9plique Manga Cin\u00e9 \u00e8 un'azienda familiare francese.<\/p>\n<p><strong>Si prega di notare che tutte le nostre repliche sono oggetti da collezione e decorazioni. Possono essere utilizzate per rievocazioni storiche, sfilate di cosplay o decorazioni di interni. Di conseguenza, non \u00e8 possibile entrare in luoghi pubblici con queste repliche senza autorizzazione.<\/strong><\/p>","protected":false},"excerpt":{"rendered":"<p>Replica esatta del modello in acciaio della spada katana Wado Ichimonji di Zoro.<\/p>\n<ul>\n<li>Lama interamente realizzata in bamb\u00f9 (legno) bicolore.<\/li>\n<li>Protezione in ABS sagomata appositamente.<\/li>\n<li>Fodero in legno laccato bianco con terminali<\/li>\n<li>Manico rivestito di treccia di cotone bianco.<\/li>\n<li>Lunghezza lama: 68 cm - Lunghezza totale: 103 cm - Peso: 550 gr.<\/li>\n<\/ul>\n<p>&nbsp;<\/p>","protected":false},"featured_media":54465,"template":"","meta":[],"product_brand":[896],"product_cat":[122,23],"product_tag":[],"class_list":{"0":"post-54464","1":"product","2":"type-product","3":"status-publish","4":"has-post-thumbnail","6":"product_brand-replique-manga-cine","7":"product_cat-katana-en-bois-one-piece","8":"product_cat-repliques-manga-jeux-video","10":"first","11":"instock","12":"sale","13":"taxable","14":"shipping-taxable","15":"purchasable","16":"product-type-simple"},"yoast_head":"<!-- This site is optimized with the Yoast SEO plugin v27.4 - https:\/\/yoast.com\/product\/yoast-seo-wordpress\/ -->\n<title>Sabre bois Wado Zoro - One Piece - Boutique en ligne - RMC<\/title>\n<meta name=\"description\" content=\"Achetez vite ! Votre Sabre bois Wado de Zoro dans One Piece. au meilleur prix. Lame bois - Longueur totale : 103 cm - Poids : 550 Grs - Envoi 24\/48h\" \/>\n<meta name=\"robots\" content=\"index, follow, max-snippet:-1, max-image-preview:large, max-video-preview:-1\" \/>\n<link rel=\"canonical\" href=\"https:\/\/repliquemangacine.fr\/it\/videogiochi-manga-replica\/spada-di-legno-wado-ichimonji-zoro-katana-one-piece\/\" \/>\n<meta property=\"og:locale\" content=\"it_IT\" \/>\n<meta property=\"og:type\" content=\"article\" \/>\n<meta property=\"og:title\" content=\"Sabre bois Wado Zoro - One Piece - Boutique en ligne - RMC\" \/>\n<meta property=\"og:description\" content=\"Achetez vite ! Votre Sabre bois Wado de Zoro dans One Piece. au meilleur prix. Lame bois - Longueur totale : 103 cm - Poids : 550 Grs - Envoi 24\/48h\" \/>\n<meta property=\"og:url\" content=\"https:\/\/repliquemangacine.fr\/it\/videogiochi-manga-replica\/spada-di-legno-wado-ichimonji-zoro-katana-one-piece\/\" \/>\n<meta property=\"og:site_name\" content=\"R\u00e9plique Manga Cin\u00e9\" \/>\n<meta property=\"article:publisher\" content=\"https:\/\/www.facebook.com\/RepliqueMangaCine\" \/>\n<meta property=\"article:modified_time\" content=\"2026-03-28T19:32:38+00:00\" \/>\n<meta property=\"og:image\" content=\"https:\/\/repliquemangacine.fr\/wp-content\/uploads\/2023\/10\/512.jpg\" \/>\n\t<meta property=\"og:image:width\" content=\"500\" \/>\n\t<meta property=\"og:image:height\" content=\"500\" \/>\n\t<meta property=\"og:image:type\" content=\"image\/jpeg\" \/>\n<meta name=\"twitter:card\" content=\"summary_large_image\" \/>\n<meta name=\"twitter:label1\" content=\"Tempo di lettura stimato\" \/>\n\t<meta name=\"twitter:data1\" content=\"3 minuti\" \/>\n<script type=\"application\/ld+json\" class=\"yoast-schema-graph\">{\"@context\":\"https:\\\/\\\/schema.org\",\"@graph\":[{\"@type\":\"WebPage\",\"@id\":\"https:\\\/\\\/repliquemangacine.fr\\\/repliques-manga-jeux-video\\\/sabre-bois-wado-ichimonji-zoro-katana-one-piece\\\/\",\"url\":\"https:\\\/\\\/repliquemangacine.fr\\\/repliques-manga-jeux-video\\\/sabre-bois-wado-ichimonji-zoro-katana-one-piece\\\/\",\"name\":\"Sabre bois Wado Zoro - One Piece - Boutique en ligne - RMC\",\"isPartOf\":{\"@id\":\"https:\\\/\\\/repliquemangacine.fr\\\/#website\"},\"primaryImageOfPage\":{\"@id\":\"https:\\\/\\\/repliquemangacine.fr\\\/repliques-manga-jeux-video\\\/sabre-bois-wado-ichimonji-zoro-katana-one-piece\\\/#primaryimage\"},\"image\":{\"@id\":\"https:\\\/\\\/repliquemangacine.fr\\\/repliques-manga-jeux-video\\\/sabre-bois-wado-ichimonji-zoro-katana-one-piece\\\/#primaryimage\"},\"thumbnailUrl\":\"https:\\\/\\\/repliquemangacine.fr\\\/wp-content\\\/uploads\\\/2023\\\/10\\\/512.jpg\",\"datePublished\":\"2022-10-29T08:34:04+00:00\",\"dateModified\":\"2026-03-28T19:32:38+00:00\",\"description\":\"Achetez vite ! Votre Sabre bois Wado de Zoro dans One Piece. au meilleur prix. Lame bois - Longueur totale : 103 cm - Poids : 550 Grs - Envoi 24\\\/48h\",\"breadcrumb\":{\"@id\":\"https:\\\/\\\/repliquemangacine.fr\\\/repliques-manga-jeux-video\\\/sabre-bois-wado-ichimonji-zoro-katana-one-piece\\\/#breadcrumb\"},\"inLanguage\":\"it-IT\",\"potentialAction\":[{\"@type\":\"ReadAction\",\"target\":[\"https:\\\/\\\/repliquemangacine.fr\\\/repliques-manga-jeux-video\\\/sabre-bois-wado-ichimonji-zoro-katana-one-piece\\\/\"]}]},{\"@type\":\"ImageObject\",\"inLanguage\":\"it-IT\",\"@id\":\"https:\\\/\\\/repliquemangacine.fr\\\/repliques-manga-jeux-video\\\/sabre-bois-wado-ichimonji-zoro-katana-one-piece\\\/#primaryimage\",\"url\":\"https:\\\/\\\/repliquemangacine.fr\\\/wp-content\\\/uploads\\\/2023\\\/10\\\/512.jpg\",\"contentUrl\":\"https:\\\/\\\/repliquemangacine.fr\\\/wp-content\\\/uploads\\\/2023\\\/10\\\/512.jpg\",\"width\":500,\"height\":500,\"caption\":\"Sabre bois Wado Zoro one piece\"},{\"@type\":\"BreadcrumbList\",\"@id\":\"https:\\\/\\\/repliquemangacine.fr\\\/repliques-manga-jeux-video\\\/sabre-bois-wado-ichimonji-zoro-katana-one-piece\\\/#breadcrumb\",\"itemListElement\":[{\"@type\":\"ListItem\",\"position\":1,\"name\":\"Accueil\",\"item\":\"https:\\\/\\\/repliquemangacine.fr\\\/\"},{\"@type\":\"ListItem\",\"position\":2,\"name\":\"Produits\",\"item\":\"https:\\\/\\\/repliquemangacine.fr\\\/boutique\\\/\"},{\"@type\":\"ListItem\",\"position\":3,\"name\":\"Sabre bois Wado Zoro\"}]},{\"@type\":\"WebSite\",\"@id\":\"https:\\\/\\\/repliquemangacine.fr\\\/#website\",\"url\":\"https:\\\/\\\/repliquemangacine.fr\\\/\",\"name\":\"R\u00e9plique Manga Cin\u00e9\",\"description\":\"\",\"publisher\":{\"@id\":\"https:\\\/\\\/repliquemangacine.fr\\\/#organization\"},\"potentialAction\":[{\"@type\":\"SearchAction\",\"target\":{\"@type\":\"EntryPoint\",\"urlTemplate\":\"https:\\\/\\\/repliquemangacine.fr\\\/?s={search_term_string}\"},\"query-input\":{\"@type\":\"PropertyValueSpecification\",\"valueRequired\":true,\"valueName\":\"search_term_string\"}}],\"inLanguage\":\"it-IT\"},{\"@type\":\"Organization\",\"@id\":\"https:\\\/\\\/repliquemangacine.fr\\\/#organization\",\"name\":\"R\u00e9plique Manga Cin\u00e9\",\"url\":\"https:\\\/\\\/repliquemangacine.fr\\\/\",\"logo\":{\"@type\":\"ImageObject\",\"inLanguage\":\"it-IT\",\"@id\":\"https:\\\/\\\/repliquemangacine.fr\\\/#\\\/schema\\\/logo\\\/image\\\/\",\"url\":\"https:\\\/\\\/repliquemangacine.fr\\\/wp-content\\\/uploads\\\/2023\\\/10\\\/RMC-500250.png\",\"contentUrl\":\"https:\\\/\\\/repliquemangacine.fr\\\/wp-content\\\/uploads\\\/2023\\\/10\\\/RMC-500250.png\",\"width\":500,\"height\":250,\"caption\":\"R\u00e9plique Manga Cin\u00e9\"},\"image\":{\"@id\":\"https:\\\/\\\/repliquemangacine.fr\\\/#\\\/schema\\\/logo\\\/image\\\/\"},\"sameAs\":[\"https:\\\/\\\/www.facebook.com\\\/RepliqueMangaCine\",\"https:\\\/\\\/www.instagram.com\\\/repliquemangacine.fr\\\/\"]}]}<\/script>\n<!-- \/ Yoast SEO plugin. -->","yoast_head_json":{"title":"Spada di legno Wado Zoro - One Piece - Negozio online - RMC","description":"Acquista ora! La tua spada in legno Wado di Zoro in un unico pezzo. al miglior prezzo. Lama di legno - Lunghezza totale : 103 cm - Peso : 550 Grs - Spedizione 24\/48h","robots":{"index":"index","follow":"follow","max-snippet":"max-snippet:-1","max-image-preview":"max-image-preview:large","max-video-preview":"max-video-preview:-1"},"canonical":"https:\/\/repliquemangacine.fr\/it\/videogiochi-manga-replica\/spada-di-legno-wado-ichimonji-zoro-katana-one-piece\/","og_locale":"it_IT","og_type":"article","og_title":"Sabre bois Wado Zoro - One Piece - Boutique en ligne - RMC","og_description":"Achetez vite ! Votre Sabre bois Wado de Zoro dans One Piece. au meilleur prix. Lame bois - Longueur totale : 103 cm - Poids : 550 Grs - Envoi 24\/48h","og_url":"https:\/\/repliquemangacine.fr\/it\/videogiochi-manga-replica\/spada-di-legno-wado-ichimonji-zoro-katana-one-piece\/","og_site_name":"R\u00e9plique Manga Cin\u00e9","article_publisher":"https:\/\/www.facebook.com\/RepliqueMangaCine","article_modified_time":"2026-03-28T19:32:38+00:00","og_image":[{"width":500,"height":500,"url":"https:\/\/repliquemangacine.fr\/wp-content\/uploads\/2023\/10\/512.jpg","type":"image\/jpeg"}],"twitter_card":"summary_large_image","twitter_misc":{"Tempo di lettura stimato":"3 minuti"},"schema":{"@context":"https:\/\/schema.org","@graph":[{"@type":"WebPage","@id":"https:\/\/repliquemangacine.fr\/repliques-manga-jeux-video\/sabre-bois-wado-ichimonji-zoro-katana-one-piece\/","url":"https:\/\/repliquemangacine.fr\/repliques-manga-jeux-video\/sabre-bois-wado-ichimonji-zoro-katana-one-piece\/","name":"Spada di legno Wado Zoro - One Piece - Negozio online - RMC","isPartOf":{"@id":"https:\/\/repliquemangacine.fr\/#website"},"primaryImageOfPage":{"@id":"https:\/\/repliquemangacine.fr\/repliques-manga-jeux-video\/sabre-bois-wado-ichimonji-zoro-katana-one-piece\/#primaryimage"},"image":{"@id":"https:\/\/repliquemangacine.fr\/repliques-manga-jeux-video\/sabre-bois-wado-ichimonji-zoro-katana-one-piece\/#primaryimage"},"thumbnailUrl":"https:\/\/repliquemangacine.fr\/wp-content\/uploads\/2023\/10\/512.jpg","datePublished":"2022-10-29T08:34:04+00:00","dateModified":"2026-03-28T19:32:38+00:00","description":"Acquista ora! La tua spada in legno Wado di Zoro in un unico pezzo. al miglior prezzo. Lama di legno - Lunghezza totale : 103 cm - Peso : 550 Grs - Spedizione 24\/48h","breadcrumb":{"@id":"https:\/\/repliquemangacine.fr\/repliques-manga-jeux-video\/sabre-bois-wado-ichimonji-zoro-katana-one-piece\/#breadcrumb"},"inLanguage":"it-IT","potentialAction":[{"@type":"ReadAction","target":["https:\/\/repliquemangacine.fr\/repliques-manga-jeux-video\/sabre-bois-wado-ichimonji-zoro-katana-one-piece\/"]}]},{"@type":"ImageObject","inLanguage":"it-IT","@id":"https:\/\/repliquemangacine.fr\/repliques-manga-jeux-video\/sabre-bois-wado-ichimonji-zoro-katana-one-piece\/#primaryimage","url":"https:\/\/repliquemangacine.fr\/wp-content\/uploads\/2023\/10\/512.jpg","contentUrl":"https:\/\/repliquemangacine.fr\/wp-content\/uploads\/2023\/10\/512.jpg","width":500,"height":500,"caption":"Sabre bois Wado Zoro one piece"},{"@type":"BreadcrumbList","@id":"https:\/\/repliquemangacine.fr\/repliques-manga-jeux-video\/sabre-bois-wado-ichimonji-zoro-katana-one-piece\/#breadcrumb","itemListElement":[{"@type":"ListItem","position":1,"name":"Accueil","item":"https:\/\/repliquemangacine.fr\/"},{"@type":"ListItem","position":2,"name":"Produits","item":"https:\/\/repliquemangacine.fr\/boutique\/"},{"@type":"ListItem","position":3,"name":"Sabre bois Wado Zoro"}]},{"@type":"WebSite","@id":"https:\/\/repliquemangacine.fr\/#website","url":"https:\/\/repliquemangacine.fr\/","name":"R\u00e9plique Manga Cin\u00e9","description":"","publisher":{"@id":"https:\/\/repliquemangacine.fr\/#organization"},"potentialAction":[{"@type":"SearchAction","target":{"@type":"EntryPoint","urlTemplate":"https:\/\/repliquemangacine.fr\/?s={search_term_string}"},"query-input":{"@type":"PropertyValueSpecification","valueRequired":true,"valueName":"search_term_string"}}],"inLanguage":"it-IT"},{"@type":"Organization","@id":"https:\/\/repliquemangacine.fr\/#organization","name":"R\u00e9plique Manga Cin\u00e9","url":"https:\/\/repliquemangacine.fr\/","logo":{"@type":"ImageObject","inLanguage":"it-IT","@id":"https:\/\/repliquemangacine.fr\/#\/schema\/logo\/image\/","url":"https:\/\/repliquemangacine.fr\/wp-content\/uploads\/2023\/10\/RMC-500250.png","contentUrl":"https:\/\/repliquemangacine.fr\/wp-content\/uploads\/2023\/10\/RMC-500250.png","width":500,"height":250,"caption":"R\u00e9plique Manga Cin\u00e9"},"image":{"@id":"https:\/\/repliquemangacine.fr\/#\/schema\/logo\/image\/"},"sameAs":["https:\/\/www.facebook.com\/RepliqueMangaCine","https:\/\/www.instagram.com\/repliquemangacine.fr\/"]}]}},"_links":{"self":[{"href":"https:\/\/repliquemangacine.fr\/it\/wp-json\/wp\/v2\/product\/54464","targetHints":{"allow":["GET"]}}],"collection":[{"href":"https:\/\/repliquemangacine.fr\/it\/wp-json\/wp\/v2\/product"}],"about":[{"href":"https:\/\/repliquemangacine.fr\/it\/wp-json\/wp\/v2\/types\/product"}],"wp:featuredmedia":[{"embeddable":true,"href":"https:\/\/repliquemangacine.fr\/it\/wp-json\/wp\/v2\/media\/54465"}],"wp:attachment":[{"href":"https:\/\/repliquemangacine.fr\/it\/wp-json\/wp\/v2\/media?parent=54464"}],"wp:term":[{"taxonomy":"product_brand","embeddable":true,"href":"https:\/\/repliquemangacine.fr\/it\/wp-json\/wp\/v2\/product_brand?post=54464"},{"taxonomy":"product_cat","embeddable":true,"href":"https:\/\/repliquemangacine.fr\/it\/wp-json\/wp\/v2\/product_cat?post=54464"},{"taxonomy":"product_tag","embeddable":true,"href":"https:\/\/repliquemangacine.fr\/it\/wp-json\/wp\/v2\/product_tag?post=54464"}],"curies":[{"name":"wp","href":"https:\/\/api.w.org\/{rel}","templated":true}]}}