





{"id":54428,"date":"2022-10-27T18:59:37","date_gmt":"2022-10-27T16:59:37","guid":{"rendered":"https:\/\/repliquemangacine.fr\/?post_type=product&#038;p=54428"},"modified":"2026-04-17T17:00:17","modified_gmt":"2026-04-17T15:00:17","slug":"katana-in-legno-shusui-zoro-pezzo-unico","status":"publish","type":"product","link":"https:\/\/repliquemangacine.fr\/it\/repliques-manga-jeux-video\/katana-bois-shusui-zoro-one-piece\/","title":{"rendered":"Katana di legno Shusui Zoro"},"content":{"rendered":"<h2>Katana di legno Shusui di Zoro in One Piece<\/h2>\n<p>Per cominciare, il <strong>Katana di legno Shusui di Zoro<\/strong> nel manga animato One Piece, nota anche come La Maudite. Questa spada d'acqua autunnale <a href=\"https:\/\/onepiece.fandom.com\/fr\/wiki\/Shusui\" target=\"_blank\" rel=\"noopener noreferrer\">Sh\u016bsui<\/a> \u00e8 uno dei 21 \u00d4 Wazamono. Questa lama aumenta notevolmente la potenza degli attacchi del suo utilizzatore.<\/p>\n<p>Come \u00d4 Wazamono, la Shusui \u00e8 una delle trentadue migliori katane del mondo. Considerata il tesoro nazionale della Terra dei Wa, \u00e8 la spada che ha permesso le imprese del leggendario samurai Ryuma.<\/p>\n<p>Dopo la sua morte, Ryuma \u00e8 stato sepolto con la sua spada, prima che la sua tomba fosse saccheggiata dal Gecko Moria. Ryuma \u00e8 apparso come zombie su Thriller Bark, dopo aver ricevuto l'ombra di Brook. Dopo la sua sconfitta per mano di Roronoa Zoro, le lasci\u00f2 in eredit\u00e0 la sua spada, dicendo che sarebbe stata lieta di averlo come suo nuovo padrone.<\/p>\n<h2>La vostra Katana in legno Zoro Shusui al miglior prezzo.<\/h2>\n<p>Vi proponiamo tutte le battute dei vostri personaggi preferiti di One Piece.<\/p>\n<p>Innanzitutto,<\/p>\n<ul>\n<li>La katana Ame no Habakiri, vestita di bianco.<\/li>\n<li>C'\u00e8 anche la Katana di Zoro, la spada Wado tenuta tra i denti.<\/li>\n<li>Cos\u00ec come il <a href=\"https:\/\/repliquemangacine.fr\/it\/un-pezzo-unico\/sabre-kokuto-yoru-epee-de-dracule-mihawk\/\">Spada Yoru di Mihawk<\/a> e la sua lunga lama.<\/li>\n<li>E molti altri da scoprire nel nostro negozio online!<\/li>\n<\/ul>\n<p>Ecco perch\u00e9 \u00e8 un'idea regalo fantastica per tutti i fan di One Piece.<\/p>\n<p>In conclusione, potete anche utilizzare questa Katana in legno Shusui Zoro One Piece per le vostre sfilate cosplay o le vostre feste a tema. Ma prima di tutto, questa spada di Zoro \u00e8 un oggetto da collezione e da esposizione.<\/p>\n<h2>Le nostre uscite economiche di One Piece<\/h2>\n<p>Sempre alla ricerca di novit\u00e0 e con l'obiettivo di soddisfare le vostre richieste, abbiamo alcune piccole chicche da farvi scoprire prossimamente! Potrete infatti passeggiare alle convention di manga con il bastone-spada viola di Brook. Ci saranno anche figurine di One Piece e Wallscroll dei vostri personaggi preferiti.<\/p>\n<p>R\u00e9plique Manga Cin\u00e9 \u00e8 un'azienda francese.<\/p>\n<p><strong>Si prega di notare che tutte le nostre repliche sono oggetti da collezione e decorazioni. Possono essere utilizzate per rievocazioni storiche, sfilate di cosplay o decorazioni di interni. Di conseguenza, non \u00e8 possibile andare in luoghi pubblici con queste repliche.<\/strong><\/p>","protected":false},"excerpt":{"rendered":"<p>Esattamente come il modello in acciaio della katana Shusui, conosciuta come la spada maledetta di Zoro.<\/p>\n<ul>\n<li>Lama interamente in bamb\u00f9 (legno) con onde rosse.<\/li>\n<li>Protezione in ABS stampata a forma di fiore.<\/li>\n<li>Fodero in legno nero con decorazione speciale<\/li>\n<li>Manico rivestito di treccia di cotone nero.<\/li>\n<li>Lunghezza lama: 68 cm - Lunghezza totale: 103 cm - Peso: 550 gr.<\/li>\n<\/ul>","protected":false},"featured_media":54429,"template":"","meta":[],"product_brand":[896],"product_cat":[122,23],"product_tag":[],"class_list":{"0":"post-54428","1":"product","2":"type-product","3":"status-publish","4":"has-post-thumbnail","6":"product_brand-replique-manga-cine","7":"product_cat-katana-en-bois-one-piece","8":"product_cat-repliques-manga-jeux-video","10":"first","11":"instock","12":"sale","13":"taxable","14":"shipping-taxable","15":"purchasable","16":"product-type-simple"},"yoast_head":"<!-- This site is optimized with the Yoast SEO plugin v27.4 - https:\/\/yoast.com\/product\/yoast-seo-wordpress\/ -->\n<title>Katana bois Shusui Zoro - One Piece - Boutique en ligne - RMC<\/title>\n<meta name=\"description\" content=\"Commandez ce Katana bois Shusui Zoro dans One Piece au meilleur prix. Lame bois - Longueur totale : 103cm - Poids : 55 grs. Envoi 24\/48h\" \/>\n<meta name=\"robots\" content=\"index, follow, max-snippet:-1, max-image-preview:large, max-video-preview:-1\" \/>\n<link rel=\"canonical\" href=\"https:\/\/repliquemangacine.fr\/it\/videogiochi-manga-replica\/katana-in-legno-shusui-zoro-pezzo-unico\/\" \/>\n<meta property=\"og:locale\" content=\"it_IT\" \/>\n<meta property=\"og:type\" content=\"article\" \/>\n<meta property=\"og:title\" content=\"Katana bois Shusui Zoro - One Piece - Boutique en ligne - RMC\" \/>\n<meta property=\"og:description\" content=\"Commandez ce Katana bois Shusui Zoro dans One Piece au meilleur prix. Lame bois - Longueur totale : 103cm - Poids : 55 grs. Envoi 24\/48h\" \/>\n<meta property=\"og:url\" content=\"https:\/\/repliquemangacine.fr\/it\/videogiochi-manga-replica\/katana-in-legno-shusui-zoro-pezzo-unico\/\" \/>\n<meta property=\"og:site_name\" content=\"R\u00e9plique Manga Cin\u00e9\" \/>\n<meta property=\"article:publisher\" content=\"https:\/\/www.facebook.com\/RepliqueMangaCine\" \/>\n<meta property=\"article:modified_time\" content=\"2026-04-17T15:00:17+00:00\" \/>\n<meta property=\"og:image\" content=\"https:\/\/repliquemangacine.fr\/wp-content\/uploads\/2023\/10\/katana-maudite-zoro-bois.jpg\" \/>\n\t<meta property=\"og:image:width\" content=\"500\" \/>\n\t<meta property=\"og:image:height\" content=\"500\" \/>\n\t<meta property=\"og:image:type\" content=\"image\/jpeg\" \/>\n<meta name=\"twitter:card\" content=\"summary_large_image\" \/>\n<meta name=\"twitter:label1\" content=\"Tempo di lettura stimato\" \/>\n\t<meta name=\"twitter:data1\" content=\"3 minuti\" \/>\n<script type=\"application\/ld+json\" class=\"yoast-schema-graph\">{\"@context\":\"https:\\\/\\\/schema.org\",\"@graph\":[{\"@type\":\"WebPage\",\"@id\":\"https:\\\/\\\/repliquemangacine.fr\\\/repliques-manga-jeux-video\\\/katana-bois-shusui-zoro-one-piece\\\/\",\"url\":\"https:\\\/\\\/repliquemangacine.fr\\\/repliques-manga-jeux-video\\\/katana-bois-shusui-zoro-one-piece\\\/\",\"name\":\"Katana bois Shusui Zoro - One Piece - Boutique en ligne - RMC\",\"isPartOf\":{\"@id\":\"https:\\\/\\\/repliquemangacine.fr\\\/#website\"},\"primaryImageOfPage\":{\"@id\":\"https:\\\/\\\/repliquemangacine.fr\\\/repliques-manga-jeux-video\\\/katana-bois-shusui-zoro-one-piece\\\/#primaryimage\"},\"image\":{\"@id\":\"https:\\\/\\\/repliquemangacine.fr\\\/repliques-manga-jeux-video\\\/katana-bois-shusui-zoro-one-piece\\\/#primaryimage\"},\"thumbnailUrl\":\"https:\\\/\\\/repliquemangacine.fr\\\/wp-content\\\/uploads\\\/2023\\\/10\\\/katana-maudite-zoro-bois.jpg\",\"datePublished\":\"2022-10-27T16:59:37+00:00\",\"dateModified\":\"2026-04-17T15:00:17+00:00\",\"description\":\"Commandez ce Katana bois Shusui Zoro dans One Piece au meilleur prix. Lame bois - Longueur totale : 103cm - Poids : 55 grs. Envoi 24\\\/48h\",\"breadcrumb\":{\"@id\":\"https:\\\/\\\/repliquemangacine.fr\\\/repliques-manga-jeux-video\\\/katana-bois-shusui-zoro-one-piece\\\/#breadcrumb\"},\"inLanguage\":\"it-IT\",\"potentialAction\":[{\"@type\":\"ReadAction\",\"target\":[\"https:\\\/\\\/repliquemangacine.fr\\\/repliques-manga-jeux-video\\\/katana-bois-shusui-zoro-one-piece\\\/\"]}]},{\"@type\":\"ImageObject\",\"inLanguage\":\"it-IT\",\"@id\":\"https:\\\/\\\/repliquemangacine.fr\\\/repliques-manga-jeux-video\\\/katana-bois-shusui-zoro-one-piece\\\/#primaryimage\",\"url\":\"https:\\\/\\\/repliquemangacine.fr\\\/wp-content\\\/uploads\\\/2023\\\/10\\\/katana-maudite-zoro-bois.jpg\",\"contentUrl\":\"https:\\\/\\\/repliquemangacine.fr\\\/wp-content\\\/uploads\\\/2023\\\/10\\\/katana-maudite-zoro-bois.jpg\",\"width\":500,\"height\":500,\"caption\":\"Katana bois Shusui one piece\"},{\"@type\":\"BreadcrumbList\",\"@id\":\"https:\\\/\\\/repliquemangacine.fr\\\/repliques-manga-jeux-video\\\/katana-bois-shusui-zoro-one-piece\\\/#breadcrumb\",\"itemListElement\":[{\"@type\":\"ListItem\",\"position\":1,\"name\":\"Accueil\",\"item\":\"https:\\\/\\\/repliquemangacine.fr\\\/\"},{\"@type\":\"ListItem\",\"position\":2,\"name\":\"Produits\",\"item\":\"https:\\\/\\\/repliquemangacine.fr\\\/boutique\\\/\"},{\"@type\":\"ListItem\",\"position\":3,\"name\":\"Katana bois Shusui Zoro\"}]},{\"@type\":\"WebSite\",\"@id\":\"https:\\\/\\\/repliquemangacine.fr\\\/#website\",\"url\":\"https:\\\/\\\/repliquemangacine.fr\\\/\",\"name\":\"R\u00e9plique Manga Cin\u00e9\",\"description\":\"\",\"publisher\":{\"@id\":\"https:\\\/\\\/repliquemangacine.fr\\\/#organization\"},\"potentialAction\":[{\"@type\":\"SearchAction\",\"target\":{\"@type\":\"EntryPoint\",\"urlTemplate\":\"https:\\\/\\\/repliquemangacine.fr\\\/?s={search_term_string}\"},\"query-input\":{\"@type\":\"PropertyValueSpecification\",\"valueRequired\":true,\"valueName\":\"search_term_string\"}}],\"inLanguage\":\"it-IT\"},{\"@type\":\"Organization\",\"@id\":\"https:\\\/\\\/repliquemangacine.fr\\\/#organization\",\"name\":\"R\u00e9plique Manga Cin\u00e9\",\"url\":\"https:\\\/\\\/repliquemangacine.fr\\\/\",\"logo\":{\"@type\":\"ImageObject\",\"inLanguage\":\"it-IT\",\"@id\":\"https:\\\/\\\/repliquemangacine.fr\\\/#\\\/schema\\\/logo\\\/image\\\/\",\"url\":\"https:\\\/\\\/repliquemangacine.fr\\\/wp-content\\\/uploads\\\/2023\\\/10\\\/RMC-500250.png\",\"contentUrl\":\"https:\\\/\\\/repliquemangacine.fr\\\/wp-content\\\/uploads\\\/2023\\\/10\\\/RMC-500250.png\",\"width\":500,\"height\":250,\"caption\":\"R\u00e9plique Manga Cin\u00e9\"},\"image\":{\"@id\":\"https:\\\/\\\/repliquemangacine.fr\\\/#\\\/schema\\\/logo\\\/image\\\/\"},\"sameAs\":[\"https:\\\/\\\/www.facebook.com\\\/RepliqueMangaCine\",\"https:\\\/\\\/www.instagram.com\\\/repliquemangacine.fr\\\/\"]}]}<\/script>\n<!-- \/ Yoast SEO plugin. -->","yoast_head_json":{"title":"Katana di legno Shusui Zoro - One Piece - Negozio online - RMC","description":"Ordina questa Katana Shusui Zoro in legno One Piece al miglior prezzo. Lama in legno - Lunghezza totale : 103cm - Peso : 55 gr. Consegna 24\/48h","robots":{"index":"index","follow":"follow","max-snippet":"max-snippet:-1","max-image-preview":"max-image-preview:large","max-video-preview":"max-video-preview:-1"},"canonical":"https:\/\/repliquemangacine.fr\/it\/videogiochi-manga-replica\/katana-in-legno-shusui-zoro-pezzo-unico\/","og_locale":"it_IT","og_type":"article","og_title":"Katana bois Shusui Zoro - One Piece - Boutique en ligne - RMC","og_description":"Commandez ce Katana bois Shusui Zoro dans One Piece au meilleur prix. Lame bois - Longueur totale : 103cm - Poids : 55 grs. Envoi 24\/48h","og_url":"https:\/\/repliquemangacine.fr\/it\/videogiochi-manga-replica\/katana-in-legno-shusui-zoro-pezzo-unico\/","og_site_name":"R\u00e9plique Manga Cin\u00e9","article_publisher":"https:\/\/www.facebook.com\/RepliqueMangaCine","article_modified_time":"2026-04-17T15:00:17+00:00","og_image":[{"width":500,"height":500,"url":"https:\/\/repliquemangacine.fr\/wp-content\/uploads\/2023\/10\/katana-maudite-zoro-bois.jpg","type":"image\/jpeg"}],"twitter_card":"summary_large_image","twitter_misc":{"Tempo di lettura stimato":"3 minuti"},"schema":{"@context":"https:\/\/schema.org","@graph":[{"@type":"WebPage","@id":"https:\/\/repliquemangacine.fr\/repliques-manga-jeux-video\/katana-bois-shusui-zoro-one-piece\/","url":"https:\/\/repliquemangacine.fr\/repliques-manga-jeux-video\/katana-bois-shusui-zoro-one-piece\/","name":"Katana di legno Shusui Zoro - One Piece - Negozio online - RMC","isPartOf":{"@id":"https:\/\/repliquemangacine.fr\/#website"},"primaryImageOfPage":{"@id":"https:\/\/repliquemangacine.fr\/repliques-manga-jeux-video\/katana-bois-shusui-zoro-one-piece\/#primaryimage"},"image":{"@id":"https:\/\/repliquemangacine.fr\/repliques-manga-jeux-video\/katana-bois-shusui-zoro-one-piece\/#primaryimage"},"thumbnailUrl":"https:\/\/repliquemangacine.fr\/wp-content\/uploads\/2023\/10\/katana-maudite-zoro-bois.jpg","datePublished":"2022-10-27T16:59:37+00:00","dateModified":"2026-04-17T15:00:17+00:00","description":"Ordina questa Katana Shusui Zoro in legno One Piece al miglior prezzo. Lama in legno - Lunghezza totale : 103cm - Peso : 55 gr. Consegna 24\/48h","breadcrumb":{"@id":"https:\/\/repliquemangacine.fr\/repliques-manga-jeux-video\/katana-bois-shusui-zoro-one-piece\/#breadcrumb"},"inLanguage":"it-IT","potentialAction":[{"@type":"ReadAction","target":["https:\/\/repliquemangacine.fr\/repliques-manga-jeux-video\/katana-bois-shusui-zoro-one-piece\/"]}]},{"@type":"ImageObject","inLanguage":"it-IT","@id":"https:\/\/repliquemangacine.fr\/repliques-manga-jeux-video\/katana-bois-shusui-zoro-one-piece\/#primaryimage","url":"https:\/\/repliquemangacine.fr\/wp-content\/uploads\/2023\/10\/katana-maudite-zoro-bois.jpg","contentUrl":"https:\/\/repliquemangacine.fr\/wp-content\/uploads\/2023\/10\/katana-maudite-zoro-bois.jpg","width":500,"height":500,"caption":"Katana bois Shusui one piece"},{"@type":"BreadcrumbList","@id":"https:\/\/repliquemangacine.fr\/repliques-manga-jeux-video\/katana-bois-shusui-zoro-one-piece\/#breadcrumb","itemListElement":[{"@type":"ListItem","position":1,"name":"Accueil","item":"https:\/\/repliquemangacine.fr\/"},{"@type":"ListItem","position":2,"name":"Produits","item":"https:\/\/repliquemangacine.fr\/boutique\/"},{"@type":"ListItem","position":3,"name":"Katana bois Shusui Zoro"}]},{"@type":"WebSite","@id":"https:\/\/repliquemangacine.fr\/#website","url":"https:\/\/repliquemangacine.fr\/","name":"R\u00e9plique Manga Cin\u00e9","description":"","publisher":{"@id":"https:\/\/repliquemangacine.fr\/#organization"},"potentialAction":[{"@type":"SearchAction","target":{"@type":"EntryPoint","urlTemplate":"https:\/\/repliquemangacine.fr\/?s={search_term_string}"},"query-input":{"@type":"PropertyValueSpecification","valueRequired":true,"valueName":"search_term_string"}}],"inLanguage":"it-IT"},{"@type":"Organization","@id":"https:\/\/repliquemangacine.fr\/#organization","name":"R\u00e9plique Manga Cin\u00e9","url":"https:\/\/repliquemangacine.fr\/","logo":{"@type":"ImageObject","inLanguage":"it-IT","@id":"https:\/\/repliquemangacine.fr\/#\/schema\/logo\/image\/","url":"https:\/\/repliquemangacine.fr\/wp-content\/uploads\/2023\/10\/RMC-500250.png","contentUrl":"https:\/\/repliquemangacine.fr\/wp-content\/uploads\/2023\/10\/RMC-500250.png","width":500,"height":250,"caption":"R\u00e9plique Manga Cin\u00e9"},"image":{"@id":"https:\/\/repliquemangacine.fr\/#\/schema\/logo\/image\/"},"sameAs":["https:\/\/www.facebook.com\/RepliqueMangaCine","https:\/\/www.instagram.com\/repliquemangacine.fr\/"]}]}},"_links":{"self":[{"href":"https:\/\/repliquemangacine.fr\/it\/wp-json\/wp\/v2\/product\/54428","targetHints":{"allow":["GET"]}}],"collection":[{"href":"https:\/\/repliquemangacine.fr\/it\/wp-json\/wp\/v2\/product"}],"about":[{"href":"https:\/\/repliquemangacine.fr\/it\/wp-json\/wp\/v2\/types\/product"}],"wp:featuredmedia":[{"embeddable":true,"href":"https:\/\/repliquemangacine.fr\/it\/wp-json\/wp\/v2\/media\/54429"}],"wp:attachment":[{"href":"https:\/\/repliquemangacine.fr\/it\/wp-json\/wp\/v2\/media?parent=54428"}],"wp:term":[{"taxonomy":"product_brand","embeddable":true,"href":"https:\/\/repliquemangacine.fr\/it\/wp-json\/wp\/v2\/product_brand?post=54428"},{"taxonomy":"product_cat","embeddable":true,"href":"https:\/\/repliquemangacine.fr\/it\/wp-json\/wp\/v2\/product_cat?post=54428"},{"taxonomy":"product_tag","embeddable":true,"href":"https:\/\/repliquemangacine.fr\/it\/wp-json\/wp\/v2\/product_tag?post=54428"}],"curies":[{"name":"wp","href":"https:\/\/api.w.org\/{rel}","templated":true}]}}