





{"id":54401,"date":"2022-10-27T10:17:00","date_gmt":"2022-10-27T08:17:00","guid":{"rendered":"https:\/\/repliquemangacine.fr\/?post_type=product&#038;p=54401"},"modified":"2026-03-06T12:32:42","modified_gmt":"2026-03-06T11:32:42","slug":"scudo-hylian-zelda","status":"publish","type":"product","link":"https:\/\/repliquemangacine.fr\/it\/epee-zelda\/bouclier-hylien-zelda\/","title":{"rendered":"Scudo di Zelda Hylien"},"content":{"rendered":"<h2>Scudo di metallo Zelda Hylien<\/h2>\n<p>Lo Scudo di Hylian di Zelda, o Scudo di Hylia, \u00e8 lo scudo ricorrente ed emblematico della serie. Spesso viene associato alla Spada Leggendaria. Un vero e proprio simbolo della serie. Presenta i motivi della Triforza e dell'Albero Celeste.<\/p>\n<p>Le <a href=\"https:\/\/zelda.fandom.com\/fr\/wiki\/Bouclier_Hylien?so=search\" target=\"_blank\" rel=\"noopener noreferrer\">Scudo di Hylian<\/a> \u00e8 uno degli scudi pi\u00f9 forti disponibili. Resiste al fuoco, all'elettricit\u00e0 e alle maledizioni in Skyward Sword (in cui \u00e8 chiamato \u201cScudo di Hylia\u201d) e non si deteriora mai, indipendentemente dai colpi subiti. \u00c8 stato creato dalla dea Hylia per l'eroe scelto per distruggere l'Avatar del Vuoto.<\/p>\n<p>Link lascia la sua casa per combattere le forze del male. Anche se all'inizio dei giochi non sembra saper maneggiare bene le armi, ben presto impara nuove tecniche e costruisce un arsenale vario, con la spada che rimane la sua arma preferita.<\/p>\n<h2>Il tuo Zelda Hylien Shield al miglior prezzo.<\/h2>\n<p>Offriamo un'ampia gamma di repliche dei videogiochi di Zelda<\/p>\n<p>Innanzitutto,<\/p>\n<ul>\n<li>La spada leggendaria <a href=\"https:\/\/repliquemangacine.fr\/it\/zelda\/spada-master-spada-zelda\/\">Maestro di spada<\/a> con la sua triforza sulla lama.<\/li>\n<li>Poi, il piccolo <a href=\"https:\/\/repliquemangacine.fr\/it\/zelda\/pugnale-master-sword-zelda\/\">Pugnale Master Sword<\/a>.<\/li>\n<li>Cos\u00ec come il<a href=\"https:\/\/repliquemangacine.fr\/it\/zelda\/epee-dark-link-zelda-link-corrompu\/\">Spada del legame scuro<\/a> e il suo lato oscuro.<\/li>\n<li>E molti altri da scoprire nel nostro negozio online!<\/li>\n<\/ul>\n<p>Ecco perch\u00e9 questa \u00e8 un'ottima idea regalo per i fan di Zelda.<\/p>\n<p>\u00c8 possibile utilizzare la funzione <strong>Scudo di Zelda Hylien<\/strong> per le sfilate Cosplay alle convention. Ma soprattutto \u00e8 un oggetto da collezione e una decorazione.<\/p>\n<p>R\u00e9plique Manga Cin\u00e9 \u00e8 un'azienda familiare francese.<\/p>\n<h2>Scoprite le ultime uscite di Zelda<\/h2>\n<p>Il nostro obiettivo \u00e8 soddisfarvi, per questo facciamo tutto il possibile per trovare gli oggetti da collezione che state cercando. Non esitate quindi a comunicarci le vostre richieste e i vostri commenti, affinch\u00e9 possiamo continuare insieme questa avventura!<\/p>\n<p>Sempre all'avanguardia e sempre pronti ad ascoltare le vostre ricerche sui prodotti, siamo lieti di potervi offrire alcune piccole chicche come :<\/p>\n<ul>\n<li>Le <a href=\"https:\/\/repliquemangacine.fr\/it\/spada-di-zelda\/cofanetto-zelda-da-13-pezzi\/\">Set di spade di Zelda da 13 pezzi<\/a> come portachiavi o ciondoli a seconda dell'umore.<\/li>\n<li>C'\u00e8 anche il <a href=\"https:\/\/repliquemangacine.fr\/it\/spada-di-zelda\/ensemble-de-8-pieces-pendentif-zelda\/\">set di 8 ciondoli Zelda<\/a> i simboli della Principessa Zelda.<\/li>\n<li>E molti altri da scoprire presto, come le figurine<\/li>\n<\/ul>","protected":false},"excerpt":{"rendered":"<p>Magnifica replica identica dello scudo di Hylian in Zelda.<\/p>\n<ul>\n<li>Realizzato interamente in metallo.<\/li>\n<li>Presenta i motivi della Triforza e dell'albero celeste.<\/li>\n<li>Sul retro c'\u00e8 una maniglia per tenerlo.<\/li>\n<li>Pu\u00f2 essere appeso alla parete<\/li>\n<li>Dimensioni: 38 X53cm<\/li>\n<\/ul>","protected":false},"featured_media":54402,"template":"","meta":[],"product_brand":[896],"product_cat":[23,56],"product_tag":[],"class_list":{"0":"post-54401","1":"product","2":"type-product","3":"status-publish","4":"has-post-thumbnail","6":"product_brand-replique-manga-cine","7":"product_cat-repliques-manga-jeux-video","8":"product_cat-epee-zelda","10":"first","11":"outofstock","12":"taxable","13":"shipping-taxable","14":"purchasable","15":"product-type-simple"},"yoast_head":"<!-- This site is optimized with the Yoast SEO plugin v27.4 - https:\/\/yoast.com\/product\/yoast-seo-wordpress\/ -->\n<title>Bouclier Zelda Hylien en m\u00e9tal 38X53cm - R\u00e9plique Manga Cin\u00e9<\/title>\n<meta name=\"description\" content=\"Offrez-vous le Bouclier Zelda Hylien tout en m\u00e9tal. De petite taille et tr\u00e8s l\u00e9ger, id\u00e9al pour votre enfant. Finition parfaite. 38X53 cm - Envoi 24\/48h\" \/>\n<meta name=\"robots\" content=\"index, follow, max-snippet:-1, max-image-preview:large, max-video-preview:-1\" \/>\n<link rel=\"canonical\" href=\"https:\/\/repliquemangacine.fr\/it\/spada-di-zelda\/scudo-hylian-zelda\/\" \/>\n<meta property=\"og:locale\" content=\"it_IT\" \/>\n<meta property=\"og:type\" content=\"article\" \/>\n<meta property=\"og:title\" content=\"Bouclier Zelda Hylien en m\u00e9tal 38X53cm - R\u00e9plique Manga Cin\u00e9\" \/>\n<meta property=\"og:description\" content=\"Offrez-vous le Bouclier Zelda Hylien tout en m\u00e9tal. De petite taille et tr\u00e8s l\u00e9ger, id\u00e9al pour votre enfant. Finition parfaite. 38X53 cm - Envoi 24\/48h\" \/>\n<meta property=\"og:url\" content=\"https:\/\/repliquemangacine.fr\/it\/spada-di-zelda\/scudo-hylian-zelda\/\" \/>\n<meta property=\"og:site_name\" content=\"R\u00e9plique Manga Cin\u00e9\" \/>\n<meta property=\"article:publisher\" content=\"https:\/\/www.facebook.com\/RepliqueMangaCine\" \/>\n<meta property=\"article:modified_time\" content=\"2026-03-06T11:32:42+00:00\" \/>\n<meta property=\"og:image\" content=\"https:\/\/repliquemangacine.fr\/wp-content\/uploads\/2023\/10\/bouclier-zelda-metal.jpg\" \/>\n\t<meta property=\"og:image:width\" content=\"500\" \/>\n\t<meta property=\"og:image:height\" content=\"500\" \/>\n\t<meta property=\"og:image:type\" content=\"image\/jpeg\" \/>\n<meta name=\"twitter:card\" content=\"summary_large_image\" \/>\n<meta name=\"twitter:label1\" content=\"Tempo di lettura stimato\" \/>\n\t<meta name=\"twitter:data1\" content=\"2 minuti\" \/>\n<script type=\"application\/ld+json\" class=\"yoast-schema-graph\">{\"@context\":\"https:\\\/\\\/schema.org\",\"@graph\":[{\"@type\":\"WebPage\",\"@id\":\"https:\\\/\\\/repliquemangacine.fr\\\/epee-zelda\\\/bouclier-hylien-zelda\\\/\",\"url\":\"https:\\\/\\\/repliquemangacine.fr\\\/epee-zelda\\\/bouclier-hylien-zelda\\\/\",\"name\":\"Bouclier Zelda Hylien en m\u00e9tal 38X53cm - R\u00e9plique Manga Cin\u00e9\",\"isPartOf\":{\"@id\":\"https:\\\/\\\/repliquemangacine.fr\\\/#website\"},\"primaryImageOfPage\":{\"@id\":\"https:\\\/\\\/repliquemangacine.fr\\\/epee-zelda\\\/bouclier-hylien-zelda\\\/#primaryimage\"},\"image\":{\"@id\":\"https:\\\/\\\/repliquemangacine.fr\\\/epee-zelda\\\/bouclier-hylien-zelda\\\/#primaryimage\"},\"thumbnailUrl\":\"https:\\\/\\\/repliquemangacine.fr\\\/wp-content\\\/uploads\\\/2023\\\/10\\\/bouclier-zelda-metal.jpg\",\"datePublished\":\"2022-10-27T08:17:00+00:00\",\"dateModified\":\"2026-03-06T11:32:42+00:00\",\"description\":\"Offrez-vous le Bouclier Zelda Hylien tout en m\u00e9tal. De petite taille et tr\u00e8s l\u00e9ger, id\u00e9al pour votre enfant. Finition parfaite. 38X53 cm - Envoi 24\\\/48h\",\"breadcrumb\":{\"@id\":\"https:\\\/\\\/repliquemangacine.fr\\\/epee-zelda\\\/bouclier-hylien-zelda\\\/#breadcrumb\"},\"inLanguage\":\"it-IT\",\"potentialAction\":[{\"@type\":\"ReadAction\",\"target\":[\"https:\\\/\\\/repliquemangacine.fr\\\/epee-zelda\\\/bouclier-hylien-zelda\\\/\"]}]},{\"@type\":\"ImageObject\",\"inLanguage\":\"it-IT\",\"@id\":\"https:\\\/\\\/repliquemangacine.fr\\\/epee-zelda\\\/bouclier-hylien-zelda\\\/#primaryimage\",\"url\":\"https:\\\/\\\/repliquemangacine.fr\\\/wp-content\\\/uploads\\\/2023\\\/10\\\/bouclier-zelda-metal.jpg\",\"contentUrl\":\"https:\\\/\\\/repliquemangacine.fr\\\/wp-content\\\/uploads\\\/2023\\\/10\\\/bouclier-zelda-metal.jpg\",\"width\":500,\"height\":500,\"caption\":\"Bouclier Hylien Zelda en m\u00e9tal\"},{\"@type\":\"BreadcrumbList\",\"@id\":\"https:\\\/\\\/repliquemangacine.fr\\\/epee-zelda\\\/bouclier-hylien-zelda\\\/#breadcrumb\",\"itemListElement\":[{\"@type\":\"ListItem\",\"position\":1,\"name\":\"Accueil\",\"item\":\"https:\\\/\\\/repliquemangacine.fr\\\/\"},{\"@type\":\"ListItem\",\"position\":2,\"name\":\"Produits\",\"item\":\"https:\\\/\\\/repliquemangacine.fr\\\/boutique\\\/\"},{\"@type\":\"ListItem\",\"position\":3,\"name\":\"Bouclier Zelda Hylien\"}]},{\"@type\":\"WebSite\",\"@id\":\"https:\\\/\\\/repliquemangacine.fr\\\/#website\",\"url\":\"https:\\\/\\\/repliquemangacine.fr\\\/\",\"name\":\"R\u00e9plique Manga Cin\u00e9\",\"description\":\"\",\"publisher\":{\"@id\":\"https:\\\/\\\/repliquemangacine.fr\\\/#organization\"},\"potentialAction\":[{\"@type\":\"SearchAction\",\"target\":{\"@type\":\"EntryPoint\",\"urlTemplate\":\"https:\\\/\\\/repliquemangacine.fr\\\/?s={search_term_string}\"},\"query-input\":{\"@type\":\"PropertyValueSpecification\",\"valueRequired\":true,\"valueName\":\"search_term_string\"}}],\"inLanguage\":\"it-IT\"},{\"@type\":\"Organization\",\"@id\":\"https:\\\/\\\/repliquemangacine.fr\\\/#organization\",\"name\":\"R\u00e9plique Manga Cin\u00e9\",\"url\":\"https:\\\/\\\/repliquemangacine.fr\\\/\",\"logo\":{\"@type\":\"ImageObject\",\"inLanguage\":\"it-IT\",\"@id\":\"https:\\\/\\\/repliquemangacine.fr\\\/#\\\/schema\\\/logo\\\/image\\\/\",\"url\":\"https:\\\/\\\/repliquemangacine.fr\\\/wp-content\\\/uploads\\\/2023\\\/10\\\/RMC-500250.png\",\"contentUrl\":\"https:\\\/\\\/repliquemangacine.fr\\\/wp-content\\\/uploads\\\/2023\\\/10\\\/RMC-500250.png\",\"width\":500,\"height\":250,\"caption\":\"R\u00e9plique Manga Cin\u00e9\"},\"image\":{\"@id\":\"https:\\\/\\\/repliquemangacine.fr\\\/#\\\/schema\\\/logo\\\/image\\\/\"},\"sameAs\":[\"https:\\\/\\\/www.facebook.com\\\/RepliqueMangaCine\",\"https:\\\/\\\/www.instagram.com\\\/repliquemangacine.fr\\\/\"]}]}<\/script>\n<!-- \/ Yoast SEO plugin. -->","yoast_head_json":{"title":"Zelda Hylien scudo di metallo 38X53cm - R\u00e9plique Manga Cin\u00e9","description":"Regalatevi lo scudo di Zelda Hylien completamente in metallo. Piccolo e molto leggero, ideale per il vostro bambino. Finiture perfette. 38X53 cm - Spedizione 24\/48h","robots":{"index":"index","follow":"follow","max-snippet":"max-snippet:-1","max-image-preview":"max-image-preview:large","max-video-preview":"max-video-preview:-1"},"canonical":"https:\/\/repliquemangacine.fr\/it\/spada-di-zelda\/scudo-hylian-zelda\/","og_locale":"it_IT","og_type":"article","og_title":"Bouclier Zelda Hylien en m\u00e9tal 38X53cm - R\u00e9plique Manga Cin\u00e9","og_description":"Offrez-vous le Bouclier Zelda Hylien tout en m\u00e9tal. De petite taille et tr\u00e8s l\u00e9ger, id\u00e9al pour votre enfant. Finition parfaite. 38X53 cm - Envoi 24\/48h","og_url":"https:\/\/repliquemangacine.fr\/it\/spada-di-zelda\/scudo-hylian-zelda\/","og_site_name":"R\u00e9plique Manga Cin\u00e9","article_publisher":"https:\/\/www.facebook.com\/RepliqueMangaCine","article_modified_time":"2026-03-06T11:32:42+00:00","og_image":[{"width":500,"height":500,"url":"https:\/\/repliquemangacine.fr\/wp-content\/uploads\/2023\/10\/bouclier-zelda-metal.jpg","type":"image\/jpeg"}],"twitter_card":"summary_large_image","twitter_misc":{"Tempo di lettura stimato":"2 minuti"},"schema":{"@context":"https:\/\/schema.org","@graph":[{"@type":"WebPage","@id":"https:\/\/repliquemangacine.fr\/epee-zelda\/bouclier-hylien-zelda\/","url":"https:\/\/repliquemangacine.fr\/epee-zelda\/bouclier-hylien-zelda\/","name":"Zelda Hylien scudo di metallo 38X53cm - R\u00e9plique Manga Cin\u00e9","isPartOf":{"@id":"https:\/\/repliquemangacine.fr\/#website"},"primaryImageOfPage":{"@id":"https:\/\/repliquemangacine.fr\/epee-zelda\/bouclier-hylien-zelda\/#primaryimage"},"image":{"@id":"https:\/\/repliquemangacine.fr\/epee-zelda\/bouclier-hylien-zelda\/#primaryimage"},"thumbnailUrl":"https:\/\/repliquemangacine.fr\/wp-content\/uploads\/2023\/10\/bouclier-zelda-metal.jpg","datePublished":"2022-10-27T08:17:00+00:00","dateModified":"2026-03-06T11:32:42+00:00","description":"Regalatevi lo scudo di Zelda Hylien completamente in metallo. Piccolo e molto leggero, ideale per il vostro bambino. Finiture perfette. 38X53 cm - Spedizione 24\/48h","breadcrumb":{"@id":"https:\/\/repliquemangacine.fr\/epee-zelda\/bouclier-hylien-zelda\/#breadcrumb"},"inLanguage":"it-IT","potentialAction":[{"@type":"ReadAction","target":["https:\/\/repliquemangacine.fr\/epee-zelda\/bouclier-hylien-zelda\/"]}]},{"@type":"ImageObject","inLanguage":"it-IT","@id":"https:\/\/repliquemangacine.fr\/epee-zelda\/bouclier-hylien-zelda\/#primaryimage","url":"https:\/\/repliquemangacine.fr\/wp-content\/uploads\/2023\/10\/bouclier-zelda-metal.jpg","contentUrl":"https:\/\/repliquemangacine.fr\/wp-content\/uploads\/2023\/10\/bouclier-zelda-metal.jpg","width":500,"height":500,"caption":"Bouclier Hylien Zelda en m\u00e9tal"},{"@type":"BreadcrumbList","@id":"https:\/\/repliquemangacine.fr\/epee-zelda\/bouclier-hylien-zelda\/#breadcrumb","itemListElement":[{"@type":"ListItem","position":1,"name":"Accueil","item":"https:\/\/repliquemangacine.fr\/"},{"@type":"ListItem","position":2,"name":"Produits","item":"https:\/\/repliquemangacine.fr\/boutique\/"},{"@type":"ListItem","position":3,"name":"Bouclier Zelda Hylien"}]},{"@type":"WebSite","@id":"https:\/\/repliquemangacine.fr\/#website","url":"https:\/\/repliquemangacine.fr\/","name":"R\u00e9plique Manga Cin\u00e9","description":"","publisher":{"@id":"https:\/\/repliquemangacine.fr\/#organization"},"potentialAction":[{"@type":"SearchAction","target":{"@type":"EntryPoint","urlTemplate":"https:\/\/repliquemangacine.fr\/?s={search_term_string}"},"query-input":{"@type":"PropertyValueSpecification","valueRequired":true,"valueName":"search_term_string"}}],"inLanguage":"it-IT"},{"@type":"Organization","@id":"https:\/\/repliquemangacine.fr\/#organization","name":"R\u00e9plique Manga Cin\u00e9","url":"https:\/\/repliquemangacine.fr\/","logo":{"@type":"ImageObject","inLanguage":"it-IT","@id":"https:\/\/repliquemangacine.fr\/#\/schema\/logo\/image\/","url":"https:\/\/repliquemangacine.fr\/wp-content\/uploads\/2023\/10\/RMC-500250.png","contentUrl":"https:\/\/repliquemangacine.fr\/wp-content\/uploads\/2023\/10\/RMC-500250.png","width":500,"height":250,"caption":"R\u00e9plique Manga Cin\u00e9"},"image":{"@id":"https:\/\/repliquemangacine.fr\/#\/schema\/logo\/image\/"},"sameAs":["https:\/\/www.facebook.com\/RepliqueMangaCine","https:\/\/www.instagram.com\/repliquemangacine.fr\/"]}]}},"_links":{"self":[{"href":"https:\/\/repliquemangacine.fr\/it\/wp-json\/wp\/v2\/product\/54401","targetHints":{"allow":["GET"]}}],"collection":[{"href":"https:\/\/repliquemangacine.fr\/it\/wp-json\/wp\/v2\/product"}],"about":[{"href":"https:\/\/repliquemangacine.fr\/it\/wp-json\/wp\/v2\/types\/product"}],"wp:featuredmedia":[{"embeddable":true,"href":"https:\/\/repliquemangacine.fr\/it\/wp-json\/wp\/v2\/media\/54402"}],"wp:attachment":[{"href":"https:\/\/repliquemangacine.fr\/it\/wp-json\/wp\/v2\/media?parent=54401"}],"wp:term":[{"taxonomy":"product_brand","embeddable":true,"href":"https:\/\/repliquemangacine.fr\/it\/wp-json\/wp\/v2\/product_brand?post=54401"},{"taxonomy":"product_cat","embeddable":true,"href":"https:\/\/repliquemangacine.fr\/it\/wp-json\/wp\/v2\/product_cat?post=54401"},{"taxonomy":"product_tag","embeddable":true,"href":"https:\/\/repliquemangacine.fr\/it\/wp-json\/wp\/v2\/product_tag?post=54401"}],"curies":[{"name":"wp","href":"https:\/\/api.w.org\/{rel}","templated":true}]}}