





{"id":54308,"date":"2022-10-25T10:16:55","date_gmt":"2022-10-25T08:16:55","guid":{"rendered":"https:\/\/repliquemangacine.fr\/?post_type=product&#038;p=54308"},"modified":"2026-01-15T13:06:33","modified_gmt":"2026-01-15T12:06:33","slug":"pistola-derringer-1866","status":"publish","type":"product","link":"https:\/\/repliquemangacine.fr\/it\/pistolet-ancien\/pistolet-derringer-1866\/","title":{"rendered":"Pistola Derringer USA"},"content":{"rendered":"<h2>Riproduzione della pistola Derringer 1866 USA<\/h2>\n<p>Per cominciare, il <strong>Pistola Derringer 1866<\/strong>, Questa gamma di pistole divenne famosa dopo l'assassinio di Abraham Lincoln.<\/p>\n<p>La derringer \u00e8 un tipo di piccola pistola da tasca senza canna. Fu sviluppata da Henri Deringer, un armaiolo americano, che le diede il suo nome e la produsse tra il 1835 e il 1868.<\/p>\n<p>Abraham Lincoln, ucciso con un colpo di pistola il 14 aprile 1865. Mentre assisteva a una rappresentazione dello spettacolo teatrale Our American Cousin al Ford's Theatre. John Wilkes Booth, un attore del Maryland con simpatie sudiste, spar\u00f2 un singolo colpo di pistola Derringer alla testa del Presidente.<\/p>\n<p>Va notato che l'esercito organizza una caccia all'uomo subito dopo l'attacco. Circondato dall'esercito, Booth rifiuta di arrendersi e viene colpito a morte. Condannati a morte, i suoi complici furono giustiziati il 7 luglio 1865.<\/p>\n<h2>La vostra pistola Derringer 1866 al miglior prezzo.<\/h2>\n<p>Offriamo un'ampia gamma di riproduzioni storiche.<\/p>\n<p>Innanzitutto,<\/p>\n<ul>\n<li>Le <a href=\"https:\/\/repliquemangacine.fr\/it\/pistola-antica\/pistola-kentucky-19-usa\/\">Pistola a scintilla del Kentucky<\/a> USA XIX secolo.<\/li>\n<li>C'\u00e8 anche la sublime frase di <a href=\"https:\/\/repliquemangacine.fr\/it\/pistola-antica\/pistola-napoleone-gribeauval-1806\/\">Pistola Napoleone Gribeauval<\/a>.<\/li>\n<li>Cos\u00ec come il <a href=\"https:\/\/repliquemangacine.fr\/it\/armi-replica-1-impero\/pistola-napoleonica-mancina\/\">La pistola di Napoleone<\/a> Versione per mancini.<\/li>\n<li>E molti altri da scoprire nel nostro negozio online!<\/li>\n<\/ul>\n<p>Ecco perch\u00e9 questa \u00e8 un'ottima idea regalo per tutti gli appassionati di storia.<\/p>\n<p>In conclusione, \u00e8 possibile utilizzare il metodo <strong>Pistola Derringer 1866<\/strong> per le vostre rievocazioni storiche o serate a tema. Ma soprattutto, quest'arma \u00e8 un pezzo da collezione e un oggetto decorativo.<\/p>\n<p>R\u00e9plique Manga Cin\u00e9 \u00e8 un'azienda familiare francese e distributore ufficiale del marchio <a href=\"https:\/\/www.denix.fr\/fr\/catalogue\/guerre-civile-occidentale-et-americaine-1861-1899\/pistolets\/1262-l\/\" target=\"_blank\" rel=\"noopener noreferrer\">Denix<\/a>.<\/p>\n<h2>Quali sono i materiali utilizzati per realizzare le repliche delle armi Denix?<\/h2>\n<p>Utilizzate in rievocazioni storiche, film, serie TV e dai collezionisti. Le riproduzioni Denix sono realizzate con materiali di alta qualit\u00e0. Sono accuratamente lavorate e assemblate per creare armi realistiche da collezione.<\/p>\n<ul>\n<li>I metalli sono in una lega metallica nota come Zamac, la cui composizione di base \u00e8 zinco in 95%.<\/li>\n<li>Le parti in plastica delle repliche sono realizzate in ABS stampato, che offre una grande resistenza.<\/li>\n<li>Il legno scelto per la sua bellezza e durata, come il mogano, l'ulivo o il noce, conferir\u00e0 ai mozziconi e alle botti un aspetto elegante e autentico.<\/li>\n<\/ul>\n<p>Va sottolineato che tutte le riproduzioni Denix sono identiche agli originali, come il vostro <strong>Pistola Derringer 1866<\/strong>.<\/p>","protected":false},"excerpt":{"rendered":"<p>Replica della Derringer Pistol USA 1866, resa famosa dopo l'assassinio del Presidente Lincoln.<\/p>\n<ul>\n<li>In acciaio (Zamac) con rivestimento in oro.<\/li>\n<li>Doppia canna.<\/li>\n<li>Calcio in finto avorio.<\/li>\n<li>Barile inclinabile<\/li>\n<li>Simulatore di caricamento<\/li>\n<li>Meccanismo di accensione, ma non spara.<\/li>\n<li>Non \u00e8 richiesta alcuna autorizzazione. Vendita e possesso gratuiti.<\/li>\n<li>Lunghezza totale: 13,5 cm - Peso: 300 grammi<\/li>\n<\/ul>\n<p><iframe title=\"Lettore video di YouTube\" src=\"https:\/\/www.youtube.com\/embed\/s-PThwVMQgA\" width=\"560\" height=\"315\" frameborder=\"0\" allowfullscreen=\"allowfullscreen\"><\/iframe><\/p>","protected":false},"featured_media":54309,"template":"","meta":[],"product_brand":[896],"product_cat":[102,52,28],"product_tag":[],"class_list":{"0":"post-54308","1":"product","2":"type-product","3":"status-publish","4":"has-post-thumbnail","6":"product_brand-replique-manga-cine","7":"product_cat-denix","8":"product_cat-pistolet-ancien","9":"product_cat-repliques-darmes","11":"first","12":"instock","13":"taxable","14":"shipping-taxable","15":"purchasable","16":"product-type-simple"},"yoast_head":"<!-- This site is optimized with the Yoast SEO plugin v27.4 - https:\/\/yoast.com\/product\/yoast-seo-wordpress\/ -->\n<title>Pistolet Derringer 1866 - Reproductions d&#039;armes Denix - RMC<\/title>\n<meta name=\"description\" content=\"Offrez-vous la r\u00e9plique du Pistolet Derringer 1866 Denix au meilleur prix - Fait en acier zamac - Crosse imitation ivoire - M\u00e9canisme fonctionnel - 13.5 cm\" \/>\n<meta name=\"robots\" content=\"index, follow, max-snippet:-1, max-image-preview:large, max-video-preview:-1\" \/>\n<link rel=\"canonical\" href=\"https:\/\/repliquemangacine.fr\/it\/denix\/pistola-derringer-1866\/\" \/>\n<meta property=\"og:locale\" content=\"it_IT\" \/>\n<meta property=\"og:type\" content=\"article\" \/>\n<meta property=\"og:title\" content=\"Pistolet Derringer 1866 - Reproductions d&#039;armes Denix - RMC\" \/>\n<meta property=\"og:description\" content=\"Offrez-vous la r\u00e9plique du Pistolet Derringer 1866 Denix au meilleur prix - Fait en acier zamac - Crosse imitation ivoire - M\u00e9canisme fonctionnel - 13.5 cm\" \/>\n<meta property=\"og:url\" content=\"https:\/\/repliquemangacine.fr\/it\/denix\/pistola-derringer-1866\/\" \/>\n<meta property=\"og:site_name\" content=\"R\u00e9plique Manga Cin\u00e9\" \/>\n<meta property=\"article:publisher\" content=\"https:\/\/www.facebook.com\/RepliqueMangaCine\" \/>\n<meta property=\"article:modified_time\" content=\"2026-01-15T12:06:33+00:00\" \/>\n<meta property=\"og:image\" content=\"https:\/\/repliquemangacine.fr\/wp-content\/uploads\/2023\/10\/derriger-dore.jpg\" \/>\n\t<meta property=\"og:image:width\" content=\"500\" \/>\n\t<meta property=\"og:image:height\" content=\"500\" \/>\n\t<meta property=\"og:image:type\" content=\"image\/jpeg\" \/>\n<meta name=\"twitter:card\" content=\"summary_large_image\" \/>\n<meta name=\"twitter:label1\" content=\"Tempo di lettura stimato\" \/>\n\t<meta name=\"twitter:data1\" content=\"2 minuti\" \/>\n<script type=\"application\/ld+json\" class=\"yoast-schema-graph\">{\"@context\":\"https:\\\/\\\/schema.org\",\"@graph\":[{\"@type\":\"WebPage\",\"@id\":\"https:\\\/\\\/repliquemangacine.fr\\\/denix\\\/pistolet-derringer-1866\\\/\",\"url\":\"https:\\\/\\\/repliquemangacine.fr\\\/denix\\\/pistolet-derringer-1866\\\/\",\"name\":\"Pistolet Derringer 1866 - Reproductions d'armes Denix - RMC\",\"isPartOf\":{\"@id\":\"https:\\\/\\\/repliquemangacine.fr\\\/#website\"},\"primaryImageOfPage\":{\"@id\":\"https:\\\/\\\/repliquemangacine.fr\\\/denix\\\/pistolet-derringer-1866\\\/#primaryimage\"},\"image\":{\"@id\":\"https:\\\/\\\/repliquemangacine.fr\\\/denix\\\/pistolet-derringer-1866\\\/#primaryimage\"},\"thumbnailUrl\":\"https:\\\/\\\/repliquemangacine.fr\\\/wp-content\\\/uploads\\\/2023\\\/10\\\/derriger-dore.jpg\",\"datePublished\":\"2022-10-25T08:16:55+00:00\",\"dateModified\":\"2026-01-15T12:06:33+00:00\",\"description\":\"Offrez-vous la r\u00e9plique du Pistolet Derringer 1866 Denix au meilleur prix - Fait en acier zamac - Crosse imitation ivoire - M\u00e9canisme fonctionnel - 13.5 cm\",\"breadcrumb\":{\"@id\":\"https:\\\/\\\/repliquemangacine.fr\\\/denix\\\/pistolet-derringer-1866\\\/#breadcrumb\"},\"inLanguage\":\"it-IT\",\"potentialAction\":[{\"@type\":\"ReadAction\",\"target\":[\"https:\\\/\\\/repliquemangacine.fr\\\/denix\\\/pistolet-derringer-1866\\\/\"]}]},{\"@type\":\"ImageObject\",\"inLanguage\":\"it-IT\",\"@id\":\"https:\\\/\\\/repliquemangacine.fr\\\/denix\\\/pistolet-derringer-1866\\\/#primaryimage\",\"url\":\"https:\\\/\\\/repliquemangacine.fr\\\/wp-content\\\/uploads\\\/2023\\\/10\\\/derriger-dore.jpg\",\"contentUrl\":\"https:\\\/\\\/repliquemangacine.fr\\\/wp-content\\\/uploads\\\/2023\\\/10\\\/derriger-dore.jpg\",\"width\":500,\"height\":500,\"caption\":\"Pistolet Derringer 1866 USA\"},{\"@type\":\"BreadcrumbList\",\"@id\":\"https:\\\/\\\/repliquemangacine.fr\\\/denix\\\/pistolet-derringer-1866\\\/#breadcrumb\",\"itemListElement\":[{\"@type\":\"ListItem\",\"position\":1,\"name\":\"Accueil\",\"item\":\"https:\\\/\\\/repliquemangacine.fr\\\/\"},{\"@type\":\"ListItem\",\"position\":2,\"name\":\"Produits\",\"item\":\"https:\\\/\\\/repliquemangacine.fr\\\/boutique\\\/\"},{\"@type\":\"ListItem\",\"position\":3,\"name\":\"Pistolet Derringer USA\"}]},{\"@type\":\"WebSite\",\"@id\":\"https:\\\/\\\/repliquemangacine.fr\\\/#website\",\"url\":\"https:\\\/\\\/repliquemangacine.fr\\\/\",\"name\":\"R\u00e9plique Manga Cin\u00e9\",\"description\":\"\",\"publisher\":{\"@id\":\"https:\\\/\\\/repliquemangacine.fr\\\/#organization\"},\"potentialAction\":[{\"@type\":\"SearchAction\",\"target\":{\"@type\":\"EntryPoint\",\"urlTemplate\":\"https:\\\/\\\/repliquemangacine.fr\\\/?s={search_term_string}\"},\"query-input\":{\"@type\":\"PropertyValueSpecification\",\"valueRequired\":true,\"valueName\":\"search_term_string\"}}],\"inLanguage\":\"it-IT\"},{\"@type\":\"Organization\",\"@id\":\"https:\\\/\\\/repliquemangacine.fr\\\/#organization\",\"name\":\"R\u00e9plique Manga Cin\u00e9\",\"url\":\"https:\\\/\\\/repliquemangacine.fr\\\/\",\"logo\":{\"@type\":\"ImageObject\",\"inLanguage\":\"it-IT\",\"@id\":\"https:\\\/\\\/repliquemangacine.fr\\\/#\\\/schema\\\/logo\\\/image\\\/\",\"url\":\"https:\\\/\\\/repliquemangacine.fr\\\/wp-content\\\/uploads\\\/2023\\\/10\\\/RMC-500250.png\",\"contentUrl\":\"https:\\\/\\\/repliquemangacine.fr\\\/wp-content\\\/uploads\\\/2023\\\/10\\\/RMC-500250.png\",\"width\":500,\"height\":250,\"caption\":\"R\u00e9plique Manga Cin\u00e9\"},\"image\":{\"@id\":\"https:\\\/\\\/repliquemangacine.fr\\\/#\\\/schema\\\/logo\\\/image\\\/\"},\"sameAs\":[\"https:\\\/\\\/www.facebook.com\\\/RepliqueMangaCine\",\"https:\\\/\\\/www.instagram.com\\\/repliquemangacine.fr\\\/\"]}]}<\/script>\n<!-- \/ Yoast SEO plugin. -->","yoast_head_json":{"title":"Pistola Derringer 1866 - Riproduzioni di armi Denix - RMC","description":"Regalatevi una replica della pistola Derringer 1866 Denix al miglior prezzo - In acciaio zamac - Calcio in finto avorio - Meccanismo funzionale - 13,5 cm","robots":{"index":"index","follow":"follow","max-snippet":"max-snippet:-1","max-image-preview":"max-image-preview:large","max-video-preview":"max-video-preview:-1"},"canonical":"https:\/\/repliquemangacine.fr\/it\/denix\/pistola-derringer-1866\/","og_locale":"it_IT","og_type":"article","og_title":"Pistolet Derringer 1866 - Reproductions d'armes Denix - RMC","og_description":"Offrez-vous la r\u00e9plique du Pistolet Derringer 1866 Denix au meilleur prix - Fait en acier zamac - Crosse imitation ivoire - M\u00e9canisme fonctionnel - 13.5 cm","og_url":"https:\/\/repliquemangacine.fr\/it\/denix\/pistola-derringer-1866\/","og_site_name":"R\u00e9plique Manga Cin\u00e9","article_publisher":"https:\/\/www.facebook.com\/RepliqueMangaCine","article_modified_time":"2026-01-15T12:06:33+00:00","og_image":[{"width":500,"height":500,"url":"https:\/\/repliquemangacine.fr\/wp-content\/uploads\/2023\/10\/derriger-dore.jpg","type":"image\/jpeg"}],"twitter_card":"summary_large_image","twitter_misc":{"Tempo di lettura stimato":"2 minuti"},"schema":{"@context":"https:\/\/schema.org","@graph":[{"@type":"WebPage","@id":"https:\/\/repliquemangacine.fr\/denix\/pistolet-derringer-1866\/","url":"https:\/\/repliquemangacine.fr\/denix\/pistolet-derringer-1866\/","name":"Pistola Derringer 1866 - Riproduzioni di armi Denix - RMC","isPartOf":{"@id":"https:\/\/repliquemangacine.fr\/#website"},"primaryImageOfPage":{"@id":"https:\/\/repliquemangacine.fr\/denix\/pistolet-derringer-1866\/#primaryimage"},"image":{"@id":"https:\/\/repliquemangacine.fr\/denix\/pistolet-derringer-1866\/#primaryimage"},"thumbnailUrl":"https:\/\/repliquemangacine.fr\/wp-content\/uploads\/2023\/10\/derriger-dore.jpg","datePublished":"2022-10-25T08:16:55+00:00","dateModified":"2026-01-15T12:06:33+00:00","description":"Regalatevi una replica della pistola Derringer 1866 Denix al miglior prezzo - In acciaio zamac - Calcio in finto avorio - Meccanismo funzionale - 13,5 cm","breadcrumb":{"@id":"https:\/\/repliquemangacine.fr\/denix\/pistolet-derringer-1866\/#breadcrumb"},"inLanguage":"it-IT","potentialAction":[{"@type":"ReadAction","target":["https:\/\/repliquemangacine.fr\/denix\/pistolet-derringer-1866\/"]}]},{"@type":"ImageObject","inLanguage":"it-IT","@id":"https:\/\/repliquemangacine.fr\/denix\/pistolet-derringer-1866\/#primaryimage","url":"https:\/\/repliquemangacine.fr\/wp-content\/uploads\/2023\/10\/derriger-dore.jpg","contentUrl":"https:\/\/repliquemangacine.fr\/wp-content\/uploads\/2023\/10\/derriger-dore.jpg","width":500,"height":500,"caption":"Pistolet Derringer 1866 USA"},{"@type":"BreadcrumbList","@id":"https:\/\/repliquemangacine.fr\/denix\/pistolet-derringer-1866\/#breadcrumb","itemListElement":[{"@type":"ListItem","position":1,"name":"Accueil","item":"https:\/\/repliquemangacine.fr\/"},{"@type":"ListItem","position":2,"name":"Produits","item":"https:\/\/repliquemangacine.fr\/boutique\/"},{"@type":"ListItem","position":3,"name":"Pistolet Derringer USA"}]},{"@type":"WebSite","@id":"https:\/\/repliquemangacine.fr\/#website","url":"https:\/\/repliquemangacine.fr\/","name":"R\u00e9plique Manga Cin\u00e9","description":"","publisher":{"@id":"https:\/\/repliquemangacine.fr\/#organization"},"potentialAction":[{"@type":"SearchAction","target":{"@type":"EntryPoint","urlTemplate":"https:\/\/repliquemangacine.fr\/?s={search_term_string}"},"query-input":{"@type":"PropertyValueSpecification","valueRequired":true,"valueName":"search_term_string"}}],"inLanguage":"it-IT"},{"@type":"Organization","@id":"https:\/\/repliquemangacine.fr\/#organization","name":"R\u00e9plique Manga Cin\u00e9","url":"https:\/\/repliquemangacine.fr\/","logo":{"@type":"ImageObject","inLanguage":"it-IT","@id":"https:\/\/repliquemangacine.fr\/#\/schema\/logo\/image\/","url":"https:\/\/repliquemangacine.fr\/wp-content\/uploads\/2023\/10\/RMC-500250.png","contentUrl":"https:\/\/repliquemangacine.fr\/wp-content\/uploads\/2023\/10\/RMC-500250.png","width":500,"height":250,"caption":"R\u00e9plique Manga Cin\u00e9"},"image":{"@id":"https:\/\/repliquemangacine.fr\/#\/schema\/logo\/image\/"},"sameAs":["https:\/\/www.facebook.com\/RepliqueMangaCine","https:\/\/www.instagram.com\/repliquemangacine.fr\/"]}]}},"_links":{"self":[{"href":"https:\/\/repliquemangacine.fr\/it\/wp-json\/wp\/v2\/product\/54308","targetHints":{"allow":["GET"]}}],"collection":[{"href":"https:\/\/repliquemangacine.fr\/it\/wp-json\/wp\/v2\/product"}],"about":[{"href":"https:\/\/repliquemangacine.fr\/it\/wp-json\/wp\/v2\/types\/product"}],"wp:featuredmedia":[{"embeddable":true,"href":"https:\/\/repliquemangacine.fr\/it\/wp-json\/wp\/v2\/media\/54309"}],"wp:attachment":[{"href":"https:\/\/repliquemangacine.fr\/it\/wp-json\/wp\/v2\/media?parent=54308"}],"wp:term":[{"taxonomy":"product_brand","embeddable":true,"href":"https:\/\/repliquemangacine.fr\/it\/wp-json\/wp\/v2\/product_brand?post=54308"},{"taxonomy":"product_cat","embeddable":true,"href":"https:\/\/repliquemangacine.fr\/it\/wp-json\/wp\/v2\/product_cat?post=54308"},{"taxonomy":"product_tag","embeddable":true,"href":"https:\/\/repliquemangacine.fr\/it\/wp-json\/wp\/v2\/product_tag?post=54308"}],"curies":[{"name":"wp","href":"https:\/\/api.w.org\/{rel}","templated":true}]}}