





{"id":54287,"date":"2022-10-24T18:36:31","date_gmt":"2022-10-24T16:36:31","guid":{"rendered":"https:\/\/repliquemangacine.fr\/?post_type=product&#038;p=54287"},"modified":"2025-09-23T18:02:52","modified_gmt":"2025-09-23T16:02:52","slug":"conan-marto-spada-atlantidea","status":"publish","type":"product","link":"https:\/\/repliquemangacine.fr\/it\/katana-les-epees-de-films-et-series\/epee-atlantean-conan-marto\/","title":{"rendered":"Conan Marto Spada Atlantidea"},"content":{"rendered":"<h2>Spada Atlantean Conan Marto con licenza ufficiale<\/h2>\n<p>Per cominciare, il<strong>Conan Marto Spada Atlantidea<\/strong>Questa riproduzione \u00e8 autorizzata ufficialmente e viene fornita con un certificato di autenticit\u00e0 che riporta il numero di serie sulla lama. Collezione esclusiva di spade Conan <a href=\"https:\/\/www.marto.es\/index.php\/es\/\" target=\"_blank\" rel=\"noopener noreferrer\">Marto<\/a>.<\/p>\n<p>Le avventure di Conan si svolgono in un passato mitico, creato da Howard, chiamato \u2019Et\u00e0 Hyboriana\u00ab. \u00c8 un barbaro proveniente dalla Cimmeria, una terra cupa che Howard collegava alla Cimmeria storica.<\/p>\n<p>Nel 1982 esce Conan il barbaro di John Milius, con Arnold Schwarzenegger. Questo film non adatta nessuno dei racconti di Howard; solo alcune scene sono tratte dai testi originali e integrate nella sceneggiatura di John Milius, scritta in collaborazione con Oliver Stone.<\/p>\n<h2>La tua spada Atlantean Conan Marto al miglior prezzo.<\/h2>\n<p>Vi proponiamo un'ampia scelta di repliche di spade e oggetti da collezione dei vostri eroi cinematografici preferiti.<\/p>\n<p>Innanzitutto<\/p>\n<ul>\n<li>La spada di Blade, <a href=\"https:\/\/repliquemangacine.fr\/it\/supereroi\/spada-katana-daywalker-blade\/\">Katana Daywalker<\/a> con la sua lama dritta e il fodero in lamiera per portarlo sulla schiena.<\/li>\n<li>Poi il <a href=\"https:\/\/repliquemangacine.fr\/it\/altri-film\/spada-valorosa-di-narnia\/\">spada valorosa<\/a> nel film \"Il mondo di Narnia\".<\/li>\n<li>C'\u00e8 anche il<a href=\"https:\/\/repliquemangacine.fr\/it\/film-serie-tv-vendita-di-spade-katana-e-prodotti-correlati\/epee-du-pere-de-conan-le-barbare-conan-father-sword-epee-de-conan\/\">La spada del padre di Conan<\/a> con licenza ufficiale distribuita da Marto.<\/li>\n<li>E molti altri da scoprire nel nostro negozio online!<\/li>\n<\/ul>\n<p>Ecco quindi alcune fantastiche idee regalo per tutti gli amanti del mondo del cinema.<\/p>\n<p>In conclusione, \u00e8 possibile utilizzare l\u2019<strong>Conan Marto Spada Atlantidea<\/strong> per le vostre sfilate cosplay. Ma soprattutto, questa spada \u00e8 un oggetto da collezione con licenza ufficiale e certificato di autenticit\u00e0 - MARTO.<\/p>\n<h2>Come faccio a mantenere la lama della mia spada?<\/h2>\n<p>Le spade da collezione e decorative sono realizzate e assemblate in modo semplificato. Poich\u00e9 il loro uso \u00e8 decorativo, non hanno le caratteristiche di sicurezza richieste per una spada giapponese destinata all'allenamento.<\/p>\n<p>Tuttavia, il vostro <strong>Conan Marto Spada Atlantidea<\/strong> a una lama d'acciaio che deve essere curata per evitare che si danneggi nel tempo. Quando si espone la katana, gli amici saranno curiosi di vedere la lama e di toccarla. \u00c8 qui che bisogna fare attenzione, perch\u00e9 l'acidit\u00e0 delle dita \u00e8 molto dannosa per l'acciaio, indipendentemente dalla sua qualit\u00e0.<\/p>\n<p>Tuttavia, se ci\u00f2 dovesse accadere, niente panico: basta un panno inumidito con un po' d'olio per eliminare le impronte. In questo modo, la spada durer\u00e0 a lungo.<\/p>","protected":false},"excerpt":{"rendered":"<p>Spada atlantidea in Conan il Barbaro realizzata in Spagna da Marto.<\/p>\n<ul>\n<li>Lama forgiata in acciaio inossidabile 420 temprato.<\/li>\n<li>Incisione di rune.<\/li>\n<li>Numero di serie inciso sulla lama<\/li>\n<li>Elsa e pomo in acciaio finitura bronzo.<\/li>\n<li>Manico in metallo avvolto in una corda di cotone beige.<\/li>\n<li>Certificato di autenticit\u00e0.<\/li>\n<li>Con licenza ufficiale<\/li>\n<li>Lunghezza lama: 78 cm - Lunghezza totale: 104 cm - Peso: 3270 grammi<\/li>\n<\/ul>","protected":false},"featured_media":54288,"template":"","meta":[],"product_brand":[896],"product_cat":[91,66,24],"product_tag":[],"class_list":{"0":"post-54287","1":"product","2":"type-product","3":"status-publish","4":"has-post-thumbnail","6":"product_brand-replique-manga-cine","7":"product_cat-katana-les-epees-de-films-et-series","8":"product_cat-repliques-d-armes-films-et-series","9":"product_cat-films-series-tv-vente-de-katana-epee-et-produits-derives","11":"first","12":"outofstock","13":"taxable","14":"shipping-taxable","15":"purchasable","16":"product-type-simple"},"yoast_head":"<!-- This site is optimized with the Yoast SEO plugin v27.4 - https:\/\/yoast.com\/product\/yoast-seo-wordpress\/ -->\n<title>Ep\u00e9e Atlantean Conan Marto - Collectors - R\u00e9plique Manga Cin\u00e9<\/title>\n<meta name=\"description\" content=\"D\u00e9couvrez l&#039;Ep\u00e9e Atlantean Conan Marto au meilleur prix. Lame forg\u00e9e en acier tremp\u00e9 - N\u00b0 s\u00e9rie grav\u00e9 - Certificat d&#039;authenticit\u00e9 - Longueur : 104 cm\" \/>\n<meta name=\"robots\" content=\"index, follow, max-snippet:-1, max-image-preview:large, max-video-preview:-1\" \/>\n<link rel=\"canonical\" href=\"https:\/\/repliquemangacine.fr\/it\/spade-katana-da-film-e-serie\/conan-marto-spada-atlantidea\/\" \/>\n<meta property=\"og:locale\" content=\"it_IT\" \/>\n<meta property=\"og:type\" content=\"article\" \/>\n<meta property=\"og:title\" content=\"Ep\u00e9e Atlantean Conan Marto - Collectors - R\u00e9plique Manga Cin\u00e9\" \/>\n<meta property=\"og:description\" content=\"D\u00e9couvrez l&#039;Ep\u00e9e Atlantean Conan Marto au meilleur prix. Lame forg\u00e9e en acier tremp\u00e9 - N\u00b0 s\u00e9rie grav\u00e9 - Certificat d&#039;authenticit\u00e9 - Longueur : 104 cm\" \/>\n<meta property=\"og:url\" content=\"https:\/\/repliquemangacine.fr\/it\/spade-katana-da-film-e-serie\/conan-marto-spada-atlantidea\/\" \/>\n<meta property=\"og:site_name\" content=\"R\u00e9plique Manga Cin\u00e9\" \/>\n<meta property=\"article:publisher\" content=\"https:\/\/www.facebook.com\/RepliqueMangaCine\" \/>\n<meta property=\"article:modified_time\" content=\"2025-09-23T16:02:52+00:00\" \/>\n<meta property=\"og:image\" content=\"https:\/\/repliquemangacine.fr\/wp-content\/uploads\/2023\/10\/Epee-Atlantean-Marto-officielle.jpg\" \/>\n\t<meta property=\"og:image:width\" content=\"500\" \/>\n\t<meta property=\"og:image:height\" content=\"500\" \/>\n\t<meta property=\"og:image:type\" content=\"image\/jpeg\" \/>\n<meta name=\"twitter:card\" content=\"summary_large_image\" \/>\n<meta name=\"twitter:label1\" content=\"Tempo di lettura stimato\" \/>\n\t<meta name=\"twitter:data1\" content=\"2 minuti\" \/>\n<script type=\"application\/ld+json\" class=\"yoast-schema-graph\">{\"@context\":\"https:\\\/\\\/schema.org\",\"@graph\":[{\"@type\":\"WebPage\",\"@id\":\"https:\\\/\\\/repliquemangacine.fr\\\/katana-les-epees-de-films-et-series\\\/epee-atlantean-conan-marto\\\/\",\"url\":\"https:\\\/\\\/repliquemangacine.fr\\\/katana-les-epees-de-films-et-series\\\/epee-atlantean-conan-marto\\\/\",\"name\":\"Ep\u00e9e Atlantean Conan Marto - Collectors - R\u00e9plique Manga Cin\u00e9\",\"isPartOf\":{\"@id\":\"https:\\\/\\\/repliquemangacine.fr\\\/#website\"},\"primaryImageOfPage\":{\"@id\":\"https:\\\/\\\/repliquemangacine.fr\\\/katana-les-epees-de-films-et-series\\\/epee-atlantean-conan-marto\\\/#primaryimage\"},\"image\":{\"@id\":\"https:\\\/\\\/repliquemangacine.fr\\\/katana-les-epees-de-films-et-series\\\/epee-atlantean-conan-marto\\\/#primaryimage\"},\"thumbnailUrl\":\"https:\\\/\\\/repliquemangacine.fr\\\/wp-content\\\/uploads\\\/2023\\\/10\\\/Epee-Atlantean-Marto-officielle.jpg\",\"datePublished\":\"2022-10-24T16:36:31+00:00\",\"dateModified\":\"2025-09-23T16:02:52+00:00\",\"description\":\"D\u00e9couvrez l'Ep\u00e9e Atlantean Conan Marto au meilleur prix. Lame forg\u00e9e en acier tremp\u00e9 - N\u00b0 s\u00e9rie grav\u00e9 - Certificat d'authenticit\u00e9 - Longueur : 104 cm\",\"breadcrumb\":{\"@id\":\"https:\\\/\\\/repliquemangacine.fr\\\/katana-les-epees-de-films-et-series\\\/epee-atlantean-conan-marto\\\/#breadcrumb\"},\"inLanguage\":\"it-IT\",\"potentialAction\":[{\"@type\":\"ReadAction\",\"target\":[\"https:\\\/\\\/repliquemangacine.fr\\\/katana-les-epees-de-films-et-series\\\/epee-atlantean-conan-marto\\\/\"]}]},{\"@type\":\"ImageObject\",\"inLanguage\":\"it-IT\",\"@id\":\"https:\\\/\\\/repliquemangacine.fr\\\/katana-les-epees-de-films-et-series\\\/epee-atlantean-conan-marto\\\/#primaryimage\",\"url\":\"https:\\\/\\\/repliquemangacine.fr\\\/wp-content\\\/uploads\\\/2023\\\/10\\\/Epee-Atlantean-Marto-officielle.jpg\",\"contentUrl\":\"https:\\\/\\\/repliquemangacine.fr\\\/wp-content\\\/uploads\\\/2023\\\/10\\\/Epee-Atlantean-Marto-officielle.jpg\",\"width\":500,\"height\":500,\"caption\":\"Ep\u00e9e Atlantean Conan Marto licence officielle\"},{\"@type\":\"BreadcrumbList\",\"@id\":\"https:\\\/\\\/repliquemangacine.fr\\\/katana-les-epees-de-films-et-series\\\/epee-atlantean-conan-marto\\\/#breadcrumb\",\"itemListElement\":[{\"@type\":\"ListItem\",\"position\":1,\"name\":\"Accueil\",\"item\":\"https:\\\/\\\/repliquemangacine.fr\\\/\"},{\"@type\":\"ListItem\",\"position\":2,\"name\":\"Produits\",\"item\":\"https:\\\/\\\/repliquemangacine.fr\\\/boutique\\\/\"},{\"@type\":\"ListItem\",\"position\":3,\"name\":\"Ep\u00e9e Atlantean Conan Marto\"}]},{\"@type\":\"WebSite\",\"@id\":\"https:\\\/\\\/repliquemangacine.fr\\\/#website\",\"url\":\"https:\\\/\\\/repliquemangacine.fr\\\/\",\"name\":\"R\u00e9plique Manga Cin\u00e9\",\"description\":\"\",\"publisher\":{\"@id\":\"https:\\\/\\\/repliquemangacine.fr\\\/#organization\"},\"potentialAction\":[{\"@type\":\"SearchAction\",\"target\":{\"@type\":\"EntryPoint\",\"urlTemplate\":\"https:\\\/\\\/repliquemangacine.fr\\\/?s={search_term_string}\"},\"query-input\":{\"@type\":\"PropertyValueSpecification\",\"valueRequired\":true,\"valueName\":\"search_term_string\"}}],\"inLanguage\":\"it-IT\"},{\"@type\":\"Organization\",\"@id\":\"https:\\\/\\\/repliquemangacine.fr\\\/#organization\",\"name\":\"R\u00e9plique Manga Cin\u00e9\",\"url\":\"https:\\\/\\\/repliquemangacine.fr\\\/\",\"logo\":{\"@type\":\"ImageObject\",\"inLanguage\":\"it-IT\",\"@id\":\"https:\\\/\\\/repliquemangacine.fr\\\/#\\\/schema\\\/logo\\\/image\\\/\",\"url\":\"https:\\\/\\\/repliquemangacine.fr\\\/wp-content\\\/uploads\\\/2023\\\/10\\\/RMC-500250.png\",\"contentUrl\":\"https:\\\/\\\/repliquemangacine.fr\\\/wp-content\\\/uploads\\\/2023\\\/10\\\/RMC-500250.png\",\"width\":500,\"height\":250,\"caption\":\"R\u00e9plique Manga Cin\u00e9\"},\"image\":{\"@id\":\"https:\\\/\\\/repliquemangacine.fr\\\/#\\\/schema\\\/logo\\\/image\\\/\"},\"sameAs\":[\"https:\\\/\\\/www.facebook.com\\\/RepliqueMangaCine\",\"https:\\\/\\\/www.instagram.com\\\/repliquemangacine.fr\\\/\"]}]}<\/script>\n<!-- \/ Yoast SEO plugin. -->","yoast_head_json":{"title":"Atlantean Conan Marto Spada - Collezionisti - R\u00e9plique Manga Cin\u00e9","description":"Scopri la spada Atlantean Conan Marto al miglior prezzo. Lama forgiata in acciaio temperato - Numero di serie inciso - Certificato di autenticit\u00e0 - Lunghezza: 104 cm","robots":{"index":"index","follow":"follow","max-snippet":"max-snippet:-1","max-image-preview":"max-image-preview:large","max-video-preview":"max-video-preview:-1"},"canonical":"https:\/\/repliquemangacine.fr\/it\/spade-katana-da-film-e-serie\/conan-marto-spada-atlantidea\/","og_locale":"it_IT","og_type":"article","og_title":"Ep\u00e9e Atlantean Conan Marto - Collectors - R\u00e9plique Manga Cin\u00e9","og_description":"D\u00e9couvrez l'Ep\u00e9e Atlantean Conan Marto au meilleur prix. Lame forg\u00e9e en acier tremp\u00e9 - N\u00b0 s\u00e9rie grav\u00e9 - Certificat d'authenticit\u00e9 - Longueur : 104 cm","og_url":"https:\/\/repliquemangacine.fr\/it\/spade-katana-da-film-e-serie\/conan-marto-spada-atlantidea\/","og_site_name":"R\u00e9plique Manga Cin\u00e9","article_publisher":"https:\/\/www.facebook.com\/RepliqueMangaCine","article_modified_time":"2025-09-23T16:02:52+00:00","og_image":[{"width":500,"height":500,"url":"https:\/\/repliquemangacine.fr\/wp-content\/uploads\/2023\/10\/Epee-Atlantean-Marto-officielle.jpg","type":"image\/jpeg"}],"twitter_card":"summary_large_image","twitter_misc":{"Tempo di lettura stimato":"2 minuti"},"schema":{"@context":"https:\/\/schema.org","@graph":[{"@type":"WebPage","@id":"https:\/\/repliquemangacine.fr\/katana-les-epees-de-films-et-series\/epee-atlantean-conan-marto\/","url":"https:\/\/repliquemangacine.fr\/katana-les-epees-de-films-et-series\/epee-atlantean-conan-marto\/","name":"Atlantean Conan Marto Spada - Collezionisti - R\u00e9plique Manga Cin\u00e9","isPartOf":{"@id":"https:\/\/repliquemangacine.fr\/#website"},"primaryImageOfPage":{"@id":"https:\/\/repliquemangacine.fr\/katana-les-epees-de-films-et-series\/epee-atlantean-conan-marto\/#primaryimage"},"image":{"@id":"https:\/\/repliquemangacine.fr\/katana-les-epees-de-films-et-series\/epee-atlantean-conan-marto\/#primaryimage"},"thumbnailUrl":"https:\/\/repliquemangacine.fr\/wp-content\/uploads\/2023\/10\/Epee-Atlantean-Marto-officielle.jpg","datePublished":"2022-10-24T16:36:31+00:00","dateModified":"2025-09-23T16:02:52+00:00","description":"Scopri la spada Atlantean Conan Marto al miglior prezzo. Lama forgiata in acciaio temperato - Numero di serie inciso - Certificato di autenticit\u00e0 - Lunghezza: 104 cm","breadcrumb":{"@id":"https:\/\/repliquemangacine.fr\/katana-les-epees-de-films-et-series\/epee-atlantean-conan-marto\/#breadcrumb"},"inLanguage":"it-IT","potentialAction":[{"@type":"ReadAction","target":["https:\/\/repliquemangacine.fr\/katana-les-epees-de-films-et-series\/epee-atlantean-conan-marto\/"]}]},{"@type":"ImageObject","inLanguage":"it-IT","@id":"https:\/\/repliquemangacine.fr\/katana-les-epees-de-films-et-series\/epee-atlantean-conan-marto\/#primaryimage","url":"https:\/\/repliquemangacine.fr\/wp-content\/uploads\/2023\/10\/Epee-Atlantean-Marto-officielle.jpg","contentUrl":"https:\/\/repliquemangacine.fr\/wp-content\/uploads\/2023\/10\/Epee-Atlantean-Marto-officielle.jpg","width":500,"height":500,"caption":"Ep\u00e9e Atlantean Conan Marto licence officielle"},{"@type":"BreadcrumbList","@id":"https:\/\/repliquemangacine.fr\/katana-les-epees-de-films-et-series\/epee-atlantean-conan-marto\/#breadcrumb","itemListElement":[{"@type":"ListItem","position":1,"name":"Accueil","item":"https:\/\/repliquemangacine.fr\/"},{"@type":"ListItem","position":2,"name":"Produits","item":"https:\/\/repliquemangacine.fr\/boutique\/"},{"@type":"ListItem","position":3,"name":"Ep\u00e9e Atlantean Conan Marto"}]},{"@type":"WebSite","@id":"https:\/\/repliquemangacine.fr\/#website","url":"https:\/\/repliquemangacine.fr\/","name":"R\u00e9plique Manga Cin\u00e9","description":"","publisher":{"@id":"https:\/\/repliquemangacine.fr\/#organization"},"potentialAction":[{"@type":"SearchAction","target":{"@type":"EntryPoint","urlTemplate":"https:\/\/repliquemangacine.fr\/?s={search_term_string}"},"query-input":{"@type":"PropertyValueSpecification","valueRequired":true,"valueName":"search_term_string"}}],"inLanguage":"it-IT"},{"@type":"Organization","@id":"https:\/\/repliquemangacine.fr\/#organization","name":"R\u00e9plique Manga Cin\u00e9","url":"https:\/\/repliquemangacine.fr\/","logo":{"@type":"ImageObject","inLanguage":"it-IT","@id":"https:\/\/repliquemangacine.fr\/#\/schema\/logo\/image\/","url":"https:\/\/repliquemangacine.fr\/wp-content\/uploads\/2023\/10\/RMC-500250.png","contentUrl":"https:\/\/repliquemangacine.fr\/wp-content\/uploads\/2023\/10\/RMC-500250.png","width":500,"height":250,"caption":"R\u00e9plique Manga Cin\u00e9"},"image":{"@id":"https:\/\/repliquemangacine.fr\/#\/schema\/logo\/image\/"},"sameAs":["https:\/\/www.facebook.com\/RepliqueMangaCine","https:\/\/www.instagram.com\/repliquemangacine.fr\/"]}]}},"_links":{"self":[{"href":"https:\/\/repliquemangacine.fr\/it\/wp-json\/wp\/v2\/product\/54287","targetHints":{"allow":["GET"]}}],"collection":[{"href":"https:\/\/repliquemangacine.fr\/it\/wp-json\/wp\/v2\/product"}],"about":[{"href":"https:\/\/repliquemangacine.fr\/it\/wp-json\/wp\/v2\/types\/product"}],"wp:featuredmedia":[{"embeddable":true,"href":"https:\/\/repliquemangacine.fr\/it\/wp-json\/wp\/v2\/media\/54288"}],"wp:attachment":[{"href":"https:\/\/repliquemangacine.fr\/it\/wp-json\/wp\/v2\/media?parent=54287"}],"wp:term":[{"taxonomy":"product_brand","embeddable":true,"href":"https:\/\/repliquemangacine.fr\/it\/wp-json\/wp\/v2\/product_brand?post=54287"},{"taxonomy":"product_cat","embeddable":true,"href":"https:\/\/repliquemangacine.fr\/it\/wp-json\/wp\/v2\/product_cat?post=54287"},{"taxonomy":"product_tag","embeddable":true,"href":"https:\/\/repliquemangacine.fr\/it\/wp-json\/wp\/v2\/product_tag?post=54287"}],"curies":[{"name":"wp","href":"https:\/\/api.w.org\/{rel}","templated":true}]}}