





{"id":54179,"date":"2022-10-21T13:45:02","date_gmt":"2022-10-21T11:45:02","guid":{"rendered":"https:\/\/repliquemangacine.fr\/?post_type=product&#038;p=54179"},"modified":"2026-01-15T13:00:31","modified_gmt":"2026-01-15T12:00:31","slug":"coltello-daryl-walking-dead","status":"publish","type":"product","link":"https:\/\/repliquemangacine.fr\/it\/armes-the-walking-dead\/couteau-daryl-walking-dead\/","title":{"rendered":"Coltello Daryl Walking Dead"},"content":{"rendered":"<h2>Coltello di Daryl Walking Dead.<\/h2>\n<p>Per cominciare, il <strong>Coltello di Daryl<\/strong> Walking Dead \u00e8 quello che usa contro <a href=\"https:\/\/walkingdead-fandom-com.translate.goog\/wiki\/Lance_Hornsby_(TV_Series)?_x_tr_sl=en&amp;_x_tr_tl=fr&amp;_x_tr_hl=fr&amp;_x_tr_pto=sc\" target=\"_blank\" rel=\"noopener noreferrer\">Lance Hornsby<\/a>. Nell'episodio 18 della stagione 11, Daryl minaccia di tagliarle la gola, ma Carol interviene e Daryl la pugnala alla mano.<\/p>\n<p>Daryl Dixon, il protagonista dal cuore grande di The Walking Dead. Esperto cacciatore e segugio, \u00e8 uno dei personaggi pi\u00f9 amati della serie.<br \/>\nLe sue armi preferite sono balestre e pugnali. Grazie alle sue capacit\u00e0 di sopravvivenza e ai legami che Daryl crea con gli altri membri, Rick lo considera un membro importante del gruppo.<\/p>\n<p>Daryl \u00e8 una persona su cui si pu\u00f2 contare ed \u00e8 molto leale.<\/p>\n<h2>Il tuo coltello Daryl al miglior prezzo.<\/h2>\n<p>Abbiamo una grande selezione di battute di The Walking Dead.<\/p>\n<p>Innanzitutto,<\/p>\n<ul>\n<li>La replica del <a href=\"https:\/\/repliquemangacine.fr\/it\/i-morti-che-camminano\/carol-dagger-walking-dead\/\">Il pugnale di Carole<\/a> versione con manico in legno in The Walking Dead.<\/li>\n<li>C'\u00e8 anche il <a href=\"https:\/\/repliquemangacine.fr\/it\/i-morti-che-camminano\/katana-di-michonne\/\">La katana di Michonne<\/a> in due versioni, taglio e non taglio.<\/li>\n<li>Oltre al famoso <a href=\"https:\/\/repliquemangacine.fr\/it\/i-morti-che-camminano\/replique-revolver-python-6-usa-1955\/\">Il revolver di Rick<\/a>il Python 357.<\/li>\n<li>E molti altri da scoprire nel nostro negozio online!<\/li>\n<\/ul>\n<p>Ecco quindi alcune ottime idee regalo per tutti i fan della serie.<\/p>\n<p>In conclusione, \u00e8 possibile utilizzare il Coltello<strong>\u00a0di Daryl<\/strong> Walking Dead per le vostre sfilate di cosplay o feste a tema. Ma soprattutto, questo coltello \u00e8 un oggetto da collezione e un pezzo decorativo.<\/p>\n<h2>Come si mantiene la lama del coltello?<\/h2>\n<p>I coltelli da collezione e decorativi sono fabbricati e assemblati in modo semplificato. Essendo destinati a scopi decorativi, non dispongono degli elementi di sicurezza necessari per una spada giapponese destinata all'allenamento.<\/p>\n<p>Tuttavia, il vostro <strong>Coltello di Daryl<\/strong> a una lama d'acciaio che deve essere curata per evitare che si danneggi nel tempo. Quando si espone la katana, gli amici saranno curiosi di vedere la lama e di toccarla. \u00c8 qui che bisogna fare attenzione, perch\u00e9 l'acidit\u00e0 delle dita \u00e8 molto dannosa per l'acciaio, indipendentemente dalla sua qualit\u00e0.<\/p>\n<p>Tuttavia, se ci\u00f2 dovesse accadere, niente panico: basta un panno inumidito con un po' d'olio per eliminare le impronte. In questo modo, la spada durer\u00e0 a lungo.<\/p>","protected":false},"excerpt":{"rendered":"<p>Coltello usato da Daryl contro Lance Hornsby nella stagione 11.<\/p>\n<ul>\n<li>Lama in acciaio inox 420.<\/li>\n<li>Top dentellato con gola.<\/li>\n<li>Manico in ABS nervato.<\/li>\n<li>Sistema a baionetta.<\/li>\n<li>Fodero in cordura nera<\/li>\n<li>Lunghezza della lama: 19,5 cm<\/li>\n<li>Lunghezza totale: 32,5 cm - Peso: 525 grammi<\/li>\n<\/ul>","protected":false},"featured_media":54180,"template":"","meta":[],"product_brand":[896],"product_cat":[24,62],"product_tag":[],"class_list":{"0":"post-54179","1":"product","2":"type-product","3":"status-publish","4":"has-post-thumbnail","6":"product_brand-replique-manga-cine","7":"product_cat-films-series-tv-vente-de-katana-epee-et-produits-derives","8":"product_cat-armes-the-walking-dead","10":"first","11":"instock","12":"taxable","13":"shipping-taxable","14":"purchasable","15":"product-type-simple"},"yoast_head":"<!-- This site is optimized with the Yoast SEO plugin v27.4 - https:\/\/yoast.com\/product\/yoast-seo-wordpress\/ -->\n<title>Couteau de Daryl - The Walking Dead - R\u00e9plique Manga Cin\u00e9<\/title>\n<meta name=\"description\" content=\"Offrez-vous le Couteau de Daryl dans the Walking Dead au meilleur prix. Lame en acier 420 aff\u00fbt\u00e9e - Poign\u00e9e en Abs stri\u00e9e - Fourreau - Longueur : 32.5 cm\" \/>\n<meta name=\"robots\" content=\"index, follow, max-snippet:-1, max-image-preview:large, max-video-preview:-1\" \/>\n<link rel=\"canonical\" href=\"https:\/\/repliquemangacine.fr\/it\/armi-the-walking-dead\/coltello-daryl-walking-dead\/\" \/>\n<meta property=\"og:locale\" content=\"it_IT\" \/>\n<meta property=\"og:type\" content=\"article\" \/>\n<meta property=\"og:title\" content=\"Couteau de Daryl - The Walking Dead - R\u00e9plique Manga Cin\u00e9\" \/>\n<meta property=\"og:description\" content=\"Offrez-vous le Couteau de Daryl dans the Walking Dead au meilleur prix. Lame en acier 420 aff\u00fbt\u00e9e - Poign\u00e9e en Abs stri\u00e9e - Fourreau - Longueur : 32.5 cm\" \/>\n<meta property=\"og:url\" content=\"https:\/\/repliquemangacine.fr\/it\/armi-the-walking-dead\/coltello-daryl-walking-dead\/\" \/>\n<meta property=\"og:site_name\" content=\"R\u00e9plique Manga Cin\u00e9\" \/>\n<meta property=\"article:publisher\" content=\"https:\/\/www.facebook.com\/RepliqueMangaCine\" \/>\n<meta property=\"article:modified_time\" content=\"2026-01-15T12:00:31+00:00\" \/>\n<meta property=\"og:image\" content=\"https:\/\/repliquemangacine.fr\/wp-content\/uploads\/2023\/10\/Poignard-Daryl-Walking-Dead-fourreau.jpg\" \/>\n\t<meta property=\"og:image:width\" content=\"500\" \/>\n\t<meta property=\"og:image:height\" content=\"500\" \/>\n\t<meta property=\"og:image:type\" content=\"image\/jpeg\" \/>\n<meta name=\"twitter:card\" content=\"summary_large_image\" \/>\n<meta name=\"twitter:label1\" content=\"Tempo di lettura stimato\" \/>\n\t<meta name=\"twitter:data1\" content=\"3 minuti\" \/>\n<script type=\"application\/ld+json\" class=\"yoast-schema-graph\">{\"@context\":\"https:\\\/\\\/schema.org\",\"@graph\":[{\"@type\":\"WebPage\",\"@id\":\"https:\\\/\\\/repliquemangacine.fr\\\/armes-the-walking-dead\\\/couteau-daryl-walking-dead\\\/\",\"url\":\"https:\\\/\\\/repliquemangacine.fr\\\/armes-the-walking-dead\\\/couteau-daryl-walking-dead\\\/\",\"name\":\"Couteau de Daryl - The Walking Dead - R\u00e9plique Manga Cin\u00e9\",\"isPartOf\":{\"@id\":\"https:\\\/\\\/repliquemangacine.fr\\\/#website\"},\"primaryImageOfPage\":{\"@id\":\"https:\\\/\\\/repliquemangacine.fr\\\/armes-the-walking-dead\\\/couteau-daryl-walking-dead\\\/#primaryimage\"},\"image\":{\"@id\":\"https:\\\/\\\/repliquemangacine.fr\\\/armes-the-walking-dead\\\/couteau-daryl-walking-dead\\\/#primaryimage\"},\"thumbnailUrl\":\"https:\\\/\\\/repliquemangacine.fr\\\/wp-content\\\/uploads\\\/2023\\\/10\\\/Poignard-Daryl-Walking-Dead-fourreau.jpg\",\"datePublished\":\"2022-10-21T11:45:02+00:00\",\"dateModified\":\"2026-01-15T12:00:31+00:00\",\"description\":\"Offrez-vous le Couteau de Daryl dans the Walking Dead au meilleur prix. Lame en acier 420 aff\u00fbt\u00e9e - Poign\u00e9e en Abs stri\u00e9e - Fourreau - Longueur : 32.5 cm\",\"breadcrumb\":{\"@id\":\"https:\\\/\\\/repliquemangacine.fr\\\/armes-the-walking-dead\\\/couteau-daryl-walking-dead\\\/#breadcrumb\"},\"inLanguage\":\"it-IT\",\"potentialAction\":[{\"@type\":\"ReadAction\",\"target\":[\"https:\\\/\\\/repliquemangacine.fr\\\/armes-the-walking-dead\\\/couteau-daryl-walking-dead\\\/\"]}]},{\"@type\":\"ImageObject\",\"inLanguage\":\"it-IT\",\"@id\":\"https:\\\/\\\/repliquemangacine.fr\\\/armes-the-walking-dead\\\/couteau-daryl-walking-dead\\\/#primaryimage\",\"url\":\"https:\\\/\\\/repliquemangacine.fr\\\/wp-content\\\/uploads\\\/2023\\\/10\\\/Poignard-Daryl-Walking-Dead-fourreau.jpg\",\"contentUrl\":\"https:\\\/\\\/repliquemangacine.fr\\\/wp-content\\\/uploads\\\/2023\\\/10\\\/Poignard-Daryl-Walking-Dead-fourreau.jpg\",\"width\":500,\"height\":500,\"caption\":\"Poignard Daryl Walking Dead avec fourreau\"},{\"@type\":\"BreadcrumbList\",\"@id\":\"https:\\\/\\\/repliquemangacine.fr\\\/armes-the-walking-dead\\\/couteau-daryl-walking-dead\\\/#breadcrumb\",\"itemListElement\":[{\"@type\":\"ListItem\",\"position\":1,\"name\":\"Accueil\",\"item\":\"https:\\\/\\\/repliquemangacine.fr\\\/\"},{\"@type\":\"ListItem\",\"position\":2,\"name\":\"Produits\",\"item\":\"https:\\\/\\\/repliquemangacine.fr\\\/boutique\\\/\"},{\"@type\":\"ListItem\",\"position\":3,\"name\":\"Couteau Daryl Walking Dead\"}]},{\"@type\":\"WebSite\",\"@id\":\"https:\\\/\\\/repliquemangacine.fr\\\/#website\",\"url\":\"https:\\\/\\\/repliquemangacine.fr\\\/\",\"name\":\"R\u00e9plique Manga Cin\u00e9\",\"description\":\"\",\"publisher\":{\"@id\":\"https:\\\/\\\/repliquemangacine.fr\\\/#organization\"},\"potentialAction\":[{\"@type\":\"SearchAction\",\"target\":{\"@type\":\"EntryPoint\",\"urlTemplate\":\"https:\\\/\\\/repliquemangacine.fr\\\/?s={search_term_string}\"},\"query-input\":{\"@type\":\"PropertyValueSpecification\",\"valueRequired\":true,\"valueName\":\"search_term_string\"}}],\"inLanguage\":\"it-IT\"},{\"@type\":\"Organization\",\"@id\":\"https:\\\/\\\/repliquemangacine.fr\\\/#organization\",\"name\":\"R\u00e9plique Manga Cin\u00e9\",\"url\":\"https:\\\/\\\/repliquemangacine.fr\\\/\",\"logo\":{\"@type\":\"ImageObject\",\"inLanguage\":\"it-IT\",\"@id\":\"https:\\\/\\\/repliquemangacine.fr\\\/#\\\/schema\\\/logo\\\/image\\\/\",\"url\":\"https:\\\/\\\/repliquemangacine.fr\\\/wp-content\\\/uploads\\\/2023\\\/10\\\/RMC-500250.png\",\"contentUrl\":\"https:\\\/\\\/repliquemangacine.fr\\\/wp-content\\\/uploads\\\/2023\\\/10\\\/RMC-500250.png\",\"width\":500,\"height\":250,\"caption\":\"R\u00e9plique Manga Cin\u00e9\"},\"image\":{\"@id\":\"https:\\\/\\\/repliquemangacine.fr\\\/#\\\/schema\\\/logo\\\/image\\\/\"},\"sameAs\":[\"https:\\\/\\\/www.facebook.com\\\/RepliqueMangaCine\",\"https:\\\/\\\/www.instagram.com\\\/repliquemangacine.fr\\\/\"]}]}<\/script>\n<!-- \/ Yoast SEO plugin. -->","yoast_head_json":{"title":"Coltello di Daryl - The Walking Dead - R\u00e9plique Manga Cin\u00e9","description":"Regalati il coltello di Daryl in The Walking Dead al miglior prezzo. Lama in acciaio 420 affilata - Impugnatura in ABS scanalata - Fodero - Lunghezza: 32,5 cm","robots":{"index":"index","follow":"follow","max-snippet":"max-snippet:-1","max-image-preview":"max-image-preview:large","max-video-preview":"max-video-preview:-1"},"canonical":"https:\/\/repliquemangacine.fr\/it\/armi-the-walking-dead\/coltello-daryl-walking-dead\/","og_locale":"it_IT","og_type":"article","og_title":"Couteau de Daryl - The Walking Dead - R\u00e9plique Manga Cin\u00e9","og_description":"Offrez-vous le Couteau de Daryl dans the Walking Dead au meilleur prix. Lame en acier 420 aff\u00fbt\u00e9e - Poign\u00e9e en Abs stri\u00e9e - Fourreau - Longueur : 32.5 cm","og_url":"https:\/\/repliquemangacine.fr\/it\/armi-the-walking-dead\/coltello-daryl-walking-dead\/","og_site_name":"R\u00e9plique Manga Cin\u00e9","article_publisher":"https:\/\/www.facebook.com\/RepliqueMangaCine","article_modified_time":"2026-01-15T12:00:31+00:00","og_image":[{"width":500,"height":500,"url":"https:\/\/repliquemangacine.fr\/wp-content\/uploads\/2023\/10\/Poignard-Daryl-Walking-Dead-fourreau.jpg","type":"image\/jpeg"}],"twitter_card":"summary_large_image","twitter_misc":{"Tempo di lettura stimato":"3 minuti"},"schema":{"@context":"https:\/\/schema.org","@graph":[{"@type":"WebPage","@id":"https:\/\/repliquemangacine.fr\/armes-the-walking-dead\/couteau-daryl-walking-dead\/","url":"https:\/\/repliquemangacine.fr\/armes-the-walking-dead\/couteau-daryl-walking-dead\/","name":"Coltello di Daryl - The Walking Dead - R\u00e9plique Manga Cin\u00e9","isPartOf":{"@id":"https:\/\/repliquemangacine.fr\/#website"},"primaryImageOfPage":{"@id":"https:\/\/repliquemangacine.fr\/armes-the-walking-dead\/couteau-daryl-walking-dead\/#primaryimage"},"image":{"@id":"https:\/\/repliquemangacine.fr\/armes-the-walking-dead\/couteau-daryl-walking-dead\/#primaryimage"},"thumbnailUrl":"https:\/\/repliquemangacine.fr\/wp-content\/uploads\/2023\/10\/Poignard-Daryl-Walking-Dead-fourreau.jpg","datePublished":"2022-10-21T11:45:02+00:00","dateModified":"2026-01-15T12:00:31+00:00","description":"Regalati il coltello di Daryl in The Walking Dead al miglior prezzo. Lama in acciaio 420 affilata - Impugnatura in ABS scanalata - Fodero - Lunghezza: 32,5 cm","breadcrumb":{"@id":"https:\/\/repliquemangacine.fr\/armes-the-walking-dead\/couteau-daryl-walking-dead\/#breadcrumb"},"inLanguage":"it-IT","potentialAction":[{"@type":"ReadAction","target":["https:\/\/repliquemangacine.fr\/armes-the-walking-dead\/couteau-daryl-walking-dead\/"]}]},{"@type":"ImageObject","inLanguage":"it-IT","@id":"https:\/\/repliquemangacine.fr\/armes-the-walking-dead\/couteau-daryl-walking-dead\/#primaryimage","url":"https:\/\/repliquemangacine.fr\/wp-content\/uploads\/2023\/10\/Poignard-Daryl-Walking-Dead-fourreau.jpg","contentUrl":"https:\/\/repliquemangacine.fr\/wp-content\/uploads\/2023\/10\/Poignard-Daryl-Walking-Dead-fourreau.jpg","width":500,"height":500,"caption":"Poignard Daryl Walking Dead avec fourreau"},{"@type":"BreadcrumbList","@id":"https:\/\/repliquemangacine.fr\/armes-the-walking-dead\/couteau-daryl-walking-dead\/#breadcrumb","itemListElement":[{"@type":"ListItem","position":1,"name":"Accueil","item":"https:\/\/repliquemangacine.fr\/"},{"@type":"ListItem","position":2,"name":"Produits","item":"https:\/\/repliquemangacine.fr\/boutique\/"},{"@type":"ListItem","position":3,"name":"Couteau Daryl Walking Dead"}]},{"@type":"WebSite","@id":"https:\/\/repliquemangacine.fr\/#website","url":"https:\/\/repliquemangacine.fr\/","name":"R\u00e9plique Manga Cin\u00e9","description":"","publisher":{"@id":"https:\/\/repliquemangacine.fr\/#organization"},"potentialAction":[{"@type":"SearchAction","target":{"@type":"EntryPoint","urlTemplate":"https:\/\/repliquemangacine.fr\/?s={search_term_string}"},"query-input":{"@type":"PropertyValueSpecification","valueRequired":true,"valueName":"search_term_string"}}],"inLanguage":"it-IT"},{"@type":"Organization","@id":"https:\/\/repliquemangacine.fr\/#organization","name":"R\u00e9plique Manga Cin\u00e9","url":"https:\/\/repliquemangacine.fr\/","logo":{"@type":"ImageObject","inLanguage":"it-IT","@id":"https:\/\/repliquemangacine.fr\/#\/schema\/logo\/image\/","url":"https:\/\/repliquemangacine.fr\/wp-content\/uploads\/2023\/10\/RMC-500250.png","contentUrl":"https:\/\/repliquemangacine.fr\/wp-content\/uploads\/2023\/10\/RMC-500250.png","width":500,"height":250,"caption":"R\u00e9plique Manga Cin\u00e9"},"image":{"@id":"https:\/\/repliquemangacine.fr\/#\/schema\/logo\/image\/"},"sameAs":["https:\/\/www.facebook.com\/RepliqueMangaCine","https:\/\/www.instagram.com\/repliquemangacine.fr\/"]}]}},"_links":{"self":[{"href":"https:\/\/repliquemangacine.fr\/it\/wp-json\/wp\/v2\/product\/54179","targetHints":{"allow":["GET"]}}],"collection":[{"href":"https:\/\/repliquemangacine.fr\/it\/wp-json\/wp\/v2\/product"}],"about":[{"href":"https:\/\/repliquemangacine.fr\/it\/wp-json\/wp\/v2\/types\/product"}],"wp:featuredmedia":[{"embeddable":true,"href":"https:\/\/repliquemangacine.fr\/it\/wp-json\/wp\/v2\/media\/54180"}],"wp:attachment":[{"href":"https:\/\/repliquemangacine.fr\/it\/wp-json\/wp\/v2\/media?parent=54179"}],"wp:term":[{"taxonomy":"product_brand","embeddable":true,"href":"https:\/\/repliquemangacine.fr\/it\/wp-json\/wp\/v2\/product_brand?post=54179"},{"taxonomy":"product_cat","embeddable":true,"href":"https:\/\/repliquemangacine.fr\/it\/wp-json\/wp\/v2\/product_cat?post=54179"},{"taxonomy":"product_tag","embeddable":true,"href":"https:\/\/repliquemangacine.fr\/it\/wp-json\/wp\/v2\/product_tag?post=54179"}],"curies":[{"name":"wp","href":"https:\/\/api.w.org\/{rel}","templated":true}]}}