





{"id":54147,"date":"2022-10-20T16:49:28","date_gmt":"2022-10-20T14:49:28","guid":{"rendered":"https:\/\/repliquemangacine.fr\/?post_type=product&#038;p=54147"},"modified":"2025-12-03T06:49:19","modified_gmt":"2025-12-03T05:49:19","slug":"cofanetto-zelda-da-13-pezzi","status":"publish","type":"product","link":"https:\/\/repliquemangacine.fr\/it\/divers-goodies\/coffret-13-pieces-zelda\/","title":{"rendered":"Set di 13 portachiavi Zelda"},"content":{"rendered":"<h2>Set di 13 portachiavi Zelda<\/h2>\n<p>Per cominciare, il <strong>Set di 13 portachiavi Zelda<\/strong> \u00e8 un set di 13 portachiavi o collane per tutti i gusti.<\/p>\n<p>La storia alla base della maggior parte degli episodi della serie \u00e8 quella dell'eroe Link, che deve liberare il regno di Hyrule e la sua principessa, Zelda, dalle mani del signore del male, Ganon.<br \/>\nL'azione prevede la <a href=\"https:\/\/zelda.fandom.com\/fr\/wiki\/Triforce\" target=\"_blank\" rel=\"noopener noreferrer\">La Triforza<\/a> che \u00e8 una reliquia divina a forma di tre triangoli d'oro che pu\u00f2 esaudire un desiderio a chiunque la tocchi.<\/p>\n<p>Link lascia la sua casa per combattere le forze del male. Anche se all'inizio dei giochi non sembra sapere molto su come maneggiare le armi, presto impara nuove tecniche.<\/p>\n<h2>Il tuo set di 13 portachiavi Zelda al miglior prezzo.<\/h2>\n<p>Abbiamo una vasta gamma di repliche del videogioco Zelda.<\/p>\n<p>Innanzitutto<\/p>\n<ul>\n<li>Il must-have <a href=\"https:\/\/repliquemangacine.fr\/it\/zelda\/bouclier-de-zelda-en-mousse-bouclier-hylian-de-link\/\">Scudo in schiuma Link<\/a> con la sua triforza.<\/li>\n<li>C'\u00e8 anche il famoso <a href=\"https:\/\/repliquemangacine.fr\/it\/zelda\/spada-master-spada-zelda\/\">leggendaria Master Sword<\/a>.<\/li>\n<li>Cos\u00ec come il<a href=\"https:\/\/repliquemangacine.fr\/it\/zelda\/zelda-leggenda-spada-link-spada\/\">Spada di Link<\/a> con la sua triforza sulla lama.<\/li>\n<li>E molti altri da scoprire nel nostro negozio online!<\/li>\n<\/ul>\n<p>Ecco perch\u00e9 \u00e8 un'ottima idea regalo per tutti i fan del videogioco Zelda.<\/p>\n<p>In conclusione, \u00e8 possibile utilizzare il metodo <strong>Set di 13 portachiavi Zelda<\/strong> nella vita di tutti i giorni, come collana o portachiavi, a seconda delle esigenze. Ma soprattutto \u00e8 un oggetto da collezione.<\/p>\n<p>R\u00e9plique Manga Cin\u00e9 \u00e8 un'azienda familiare francese.<\/p>\n<h2><strong>Come faccio a mantenere la lama delle mie spade?<\/strong><\/h2>\n<p>Le spade da collezione e decorative sono realizzate e assemblate in modo semplificato. Poich\u00e9 il loro uso \u00e8 decorativo, non hanno le caratteristiche di sicurezza richieste per una spada giapponese destinata all'allenamento.<\/p>\n<p>Tuttavia, il vostro <strong>Set di 13 portachiavi Zelda<\/strong> a una lama d'acciaio che deve essere mantenuta per evitare che si danneggi nel tempo. Quando si espone la spada, gli amici saranno curiosi di vedere la lama e di toccarla. \u00c8 qui che bisogna fare attenzione, perch\u00e9 l'acidit\u00e0 delle dita \u00e8 molto dannosa per l'acciaio, qualunque sia la sua qualit\u00e0.<\/p>\n<p>Tuttavia, se ci\u00f2 dovesse accadere, niente panico: basta un panno inumidito con un po' d'olio per eliminare le impronte. In questo modo, la spada durer\u00e0 a lungo.<\/p>","protected":false},"excerpt":{"rendered":"<p>Superbo cofanetto di 13 pezzi di Zelda che include :<\/p>\n<ul>\n<li>7 spade da gioco, ciascuna lunga 8 cm<\/li>\n<li>Ogni spada ha la sua triforza<\/li>\n<li>1 piastra con emblema della triforza<\/li>\n<li>1 piastra per scudo e spada<\/li>\n<li>1 spada Master d'oro<\/li>\n<li>1 fodero di spada Master<\/li>\n<li>1 collare di corda<\/li>\n<li>1 piccolo moschettone portachiavi<\/li>\n<li>Scatola da collezione con il gioco<\/li>\n<\/ul>","protected":false},"featured_media":54148,"template":"","meta":[],"product_brand":[896],"product_cat":[98,94,23,56],"product_tag":[],"class_list":{"0":"post-54147","1":"product","2":"type-product","3":"status-publish","4":"has-post-thumbnail","6":"product_brand-replique-manga-cine","7":"product_cat-divers-goodies","8":"product_cat-goodies","9":"product_cat-repliques-manga-jeux-video","10":"product_cat-epee-zelda","12":"first","13":"instock","14":"taxable","15":"shipping-taxable","16":"purchasable","17":"product-type-simple"},"yoast_head":"<!-- This site is optimized with the Yoast SEO plugin v27.4 - https:\/\/yoast.com\/product\/yoast-seo-wordpress\/ -->\n<title>Coffret 13 porte-cl\u00e9s Zelda - Goodies - R\u00e9plique Manga Cin\u00e9<\/title>\n<meta name=\"description\" content=\"Superbe Coffret 13 pi\u00e8ces Zelda que vous pouvez utiliser dans la vie de tous les jours, soit en collier ou en porte-cl\u00e9s selon votre envie. Boite collector\" \/>\n<meta name=\"robots\" content=\"index, follow, max-snippet:-1, max-image-preview:large, max-video-preview:-1\" \/>\n<link rel=\"canonical\" href=\"https:\/\/repliquemangacine.fr\/it\/varie-chicche\/cofanetto-zelda-da-13-pezzi\/\" \/>\n<meta property=\"og:locale\" content=\"it_IT\" \/>\n<meta property=\"og:type\" content=\"article\" \/>\n<meta property=\"og:title\" content=\"Coffret 13 porte-cl\u00e9s Zelda - Goodies - R\u00e9plique Manga Cin\u00e9\" \/>\n<meta property=\"og:description\" content=\"Superbe Coffret 13 pi\u00e8ces Zelda que vous pouvez utiliser dans la vie de tous les jours, soit en collier ou en porte-cl\u00e9s selon votre envie. Boite collector\" \/>\n<meta property=\"og:url\" content=\"https:\/\/repliquemangacine.fr\/it\/varie-chicche\/cofanetto-zelda-da-13-pezzi\/\" \/>\n<meta property=\"og:site_name\" content=\"R\u00e9plique Manga Cin\u00e9\" \/>\n<meta property=\"article:publisher\" content=\"https:\/\/www.facebook.com\/RepliqueMangaCine\" \/>\n<meta property=\"article:modified_time\" content=\"2025-12-03T05:49:19+00:00\" \/>\n<meta property=\"og:image\" content=\"https:\/\/repliquemangacine.fr\/wp-content\/uploads\/2023\/10\/Coffret-13-pieces-Zelda-collector.jpg\" \/>\n\t<meta property=\"og:image:width\" content=\"500\" \/>\n\t<meta property=\"og:image:height\" content=\"500\" \/>\n\t<meta property=\"og:image:type\" content=\"image\/jpeg\" \/>\n<meta name=\"twitter:card\" content=\"summary_large_image\" \/>\n<meta name=\"twitter:label1\" content=\"Tempo di lettura stimato\" \/>\n\t<meta name=\"twitter:data1\" content=\"2 minuti\" \/>\n<script type=\"application\/ld+json\" class=\"yoast-schema-graph\">{\"@context\":\"https:\\\/\\\/schema.org\",\"@graph\":[{\"@type\":\"WebPage\",\"@id\":\"https:\\\/\\\/repliquemangacine.fr\\\/en\\\/various-goodies\\\/13-piece-zelda-set\\\/\",\"url\":\"https:\\\/\\\/repliquemangacine.fr\\\/en\\\/various-goodies\\\/13-piece-zelda-set\\\/\",\"name\":\"Coffret 13 porte-cl\u00e9s Zelda - Goodies - R\u00e9plique Manga Cin\u00e9\",\"isPartOf\":{\"@id\":\"https:\\\/\\\/repliquemangacine.fr\\\/#website\"},\"primaryImageOfPage\":{\"@id\":\"https:\\\/\\\/repliquemangacine.fr\\\/en\\\/various-goodies\\\/13-piece-zelda-set\\\/#primaryimage\"},\"image\":{\"@id\":\"https:\\\/\\\/repliquemangacine.fr\\\/en\\\/various-goodies\\\/13-piece-zelda-set\\\/#primaryimage\"},\"thumbnailUrl\":\"https:\\\/\\\/repliquemangacine.fr\\\/wp-content\\\/uploads\\\/2023\\\/10\\\/Coffret-13-pieces-Zelda-collector.jpg\",\"datePublished\":\"2022-10-20T14:49:28+00:00\",\"dateModified\":\"2025-12-03T05:49:19+00:00\",\"description\":\"Superbe Coffret 13 pi\u00e8ces Zelda que vous pouvez utiliser dans la vie de tous les jours, soit en collier ou en porte-cl\u00e9s selon votre envie. Boite collector\",\"breadcrumb\":{\"@id\":\"https:\\\/\\\/repliquemangacine.fr\\\/en\\\/various-goodies\\\/13-piece-zelda-set\\\/#breadcrumb\"},\"inLanguage\":\"it-IT\",\"potentialAction\":[{\"@type\":\"ReadAction\",\"target\":[\"https:\\\/\\\/repliquemangacine.fr\\\/en\\\/various-goodies\\\/13-piece-zelda-set\\\/\"]}]},{\"@type\":\"ImageObject\",\"inLanguage\":\"it-IT\",\"@id\":\"https:\\\/\\\/repliquemangacine.fr\\\/en\\\/various-goodies\\\/13-piece-zelda-set\\\/#primaryimage\",\"url\":\"https:\\\/\\\/repliquemangacine.fr\\\/wp-content\\\/uploads\\\/2023\\\/10\\\/Coffret-13-pieces-Zelda-collector.jpg\",\"contentUrl\":\"https:\\\/\\\/repliquemangacine.fr\\\/wp-content\\\/uploads\\\/2023\\\/10\\\/Coffret-13-pieces-Zelda-collector.jpg\",\"width\":500,\"height\":500,\"caption\":\"Coffret 13 pi\u00e8ces Zelda boite collector\"},{\"@type\":\"BreadcrumbList\",\"@id\":\"https:\\\/\\\/repliquemangacine.fr\\\/en\\\/various-goodies\\\/13-piece-zelda-set\\\/#breadcrumb\",\"itemListElement\":[{\"@type\":\"ListItem\",\"position\":1,\"name\":\"Accueil\",\"item\":\"https:\\\/\\\/repliquemangacine.fr\\\/\"},{\"@type\":\"ListItem\",\"position\":2,\"name\":\"Produits\",\"item\":\"https:\\\/\\\/repliquemangacine.fr\\\/boutique\\\/\"},{\"@type\":\"ListItem\",\"position\":3,\"name\":\"Coffret 13 porte-cl\u00e9s Zelda\"}]},{\"@type\":\"WebSite\",\"@id\":\"https:\\\/\\\/repliquemangacine.fr\\\/#website\",\"url\":\"https:\\\/\\\/repliquemangacine.fr\\\/\",\"name\":\"R\u00e9plique Manga Cin\u00e9\",\"description\":\"\",\"publisher\":{\"@id\":\"https:\\\/\\\/repliquemangacine.fr\\\/#organization\"},\"potentialAction\":[{\"@type\":\"SearchAction\",\"target\":{\"@type\":\"EntryPoint\",\"urlTemplate\":\"https:\\\/\\\/repliquemangacine.fr\\\/?s={search_term_string}\"},\"query-input\":{\"@type\":\"PropertyValueSpecification\",\"valueRequired\":true,\"valueName\":\"search_term_string\"}}],\"inLanguage\":\"it-IT\"},{\"@type\":\"Organization\",\"@id\":\"https:\\\/\\\/repliquemangacine.fr\\\/#organization\",\"name\":\"R\u00e9plique Manga Cin\u00e9\",\"url\":\"https:\\\/\\\/repliquemangacine.fr\\\/\",\"logo\":{\"@type\":\"ImageObject\",\"inLanguage\":\"it-IT\",\"@id\":\"https:\\\/\\\/repliquemangacine.fr\\\/#\\\/schema\\\/logo\\\/image\\\/\",\"url\":\"https:\\\/\\\/repliquemangacine.fr\\\/wp-content\\\/uploads\\\/2023\\\/10\\\/RMC-500250.png\",\"contentUrl\":\"https:\\\/\\\/repliquemangacine.fr\\\/wp-content\\\/uploads\\\/2023\\\/10\\\/RMC-500250.png\",\"width\":500,\"height\":250,\"caption\":\"R\u00e9plique Manga Cin\u00e9\"},\"image\":{\"@id\":\"https:\\\/\\\/repliquemangacine.fr\\\/#\\\/schema\\\/logo\\\/image\\\/\"},\"sameAs\":[\"https:\\\/\\\/www.facebook.com\\\/RepliqueMangaCine\",\"https:\\\/\\\/www.instagram.com\\\/repliquemangacine.fr\\\/\"]}]}<\/script>\n<!-- \/ Yoast SEO plugin. -->","yoast_head_json":{"title":"Set di 13 portachiavi Zelda - Goodies - R\u00e9plique Manga Cin\u00e9","description":"Splendido cofanetto di 13 pezzi di Zelda che potrete utilizzare nella vita di tutti i giorni, come collana o portachiavi, a vostro piacimento. Scatola da collezione","robots":{"index":"index","follow":"follow","max-snippet":"max-snippet:-1","max-image-preview":"max-image-preview:large","max-video-preview":"max-video-preview:-1"},"canonical":"https:\/\/repliquemangacine.fr\/it\/varie-chicche\/cofanetto-zelda-da-13-pezzi\/","og_locale":"it_IT","og_type":"article","og_title":"Coffret 13 porte-cl\u00e9s Zelda - Goodies - R\u00e9plique Manga Cin\u00e9","og_description":"Superbe Coffret 13 pi\u00e8ces Zelda que vous pouvez utiliser dans la vie de tous les jours, soit en collier ou en porte-cl\u00e9s selon votre envie. Boite collector","og_url":"https:\/\/repliquemangacine.fr\/it\/varie-chicche\/cofanetto-zelda-da-13-pezzi\/","og_site_name":"R\u00e9plique Manga Cin\u00e9","article_publisher":"https:\/\/www.facebook.com\/RepliqueMangaCine","article_modified_time":"2025-12-03T05:49:19+00:00","og_image":[{"width":500,"height":500,"url":"https:\/\/repliquemangacine.fr\/wp-content\/uploads\/2023\/10\/Coffret-13-pieces-Zelda-collector.jpg","type":"image\/jpeg"}],"twitter_card":"summary_large_image","twitter_misc":{"Tempo di lettura stimato":"2 minuti"},"schema":{"@context":"https:\/\/schema.org","@graph":[{"@type":"WebPage","@id":"https:\/\/repliquemangacine.fr\/en\/various-goodies\/13-piece-zelda-set\/","url":"https:\/\/repliquemangacine.fr\/en\/various-goodies\/13-piece-zelda-set\/","name":"Set di 13 portachiavi Zelda - Goodies - R\u00e9plique Manga Cin\u00e9","isPartOf":{"@id":"https:\/\/repliquemangacine.fr\/#website"},"primaryImageOfPage":{"@id":"https:\/\/repliquemangacine.fr\/en\/various-goodies\/13-piece-zelda-set\/#primaryimage"},"image":{"@id":"https:\/\/repliquemangacine.fr\/en\/various-goodies\/13-piece-zelda-set\/#primaryimage"},"thumbnailUrl":"https:\/\/repliquemangacine.fr\/wp-content\/uploads\/2023\/10\/Coffret-13-pieces-Zelda-collector.jpg","datePublished":"2022-10-20T14:49:28+00:00","dateModified":"2025-12-03T05:49:19+00:00","description":"Splendido cofanetto di 13 pezzi di Zelda che potrete utilizzare nella vita di tutti i giorni, come collana o portachiavi, a vostro piacimento. Scatola da collezione","breadcrumb":{"@id":"https:\/\/repliquemangacine.fr\/en\/various-goodies\/13-piece-zelda-set\/#breadcrumb"},"inLanguage":"it-IT","potentialAction":[{"@type":"ReadAction","target":["https:\/\/repliquemangacine.fr\/en\/various-goodies\/13-piece-zelda-set\/"]}]},{"@type":"ImageObject","inLanguage":"it-IT","@id":"https:\/\/repliquemangacine.fr\/en\/various-goodies\/13-piece-zelda-set\/#primaryimage","url":"https:\/\/repliquemangacine.fr\/wp-content\/uploads\/2023\/10\/Coffret-13-pieces-Zelda-collector.jpg","contentUrl":"https:\/\/repliquemangacine.fr\/wp-content\/uploads\/2023\/10\/Coffret-13-pieces-Zelda-collector.jpg","width":500,"height":500,"caption":"Coffret 13 pi\u00e8ces Zelda boite collector"},{"@type":"BreadcrumbList","@id":"https:\/\/repliquemangacine.fr\/en\/various-goodies\/13-piece-zelda-set\/#breadcrumb","itemListElement":[{"@type":"ListItem","position":1,"name":"Accueil","item":"https:\/\/repliquemangacine.fr\/"},{"@type":"ListItem","position":2,"name":"Produits","item":"https:\/\/repliquemangacine.fr\/boutique\/"},{"@type":"ListItem","position":3,"name":"Coffret 13 porte-cl\u00e9s Zelda"}]},{"@type":"WebSite","@id":"https:\/\/repliquemangacine.fr\/#website","url":"https:\/\/repliquemangacine.fr\/","name":"R\u00e9plique Manga Cin\u00e9","description":"","publisher":{"@id":"https:\/\/repliquemangacine.fr\/#organization"},"potentialAction":[{"@type":"SearchAction","target":{"@type":"EntryPoint","urlTemplate":"https:\/\/repliquemangacine.fr\/?s={search_term_string}"},"query-input":{"@type":"PropertyValueSpecification","valueRequired":true,"valueName":"search_term_string"}}],"inLanguage":"it-IT"},{"@type":"Organization","@id":"https:\/\/repliquemangacine.fr\/#organization","name":"R\u00e9plique Manga Cin\u00e9","url":"https:\/\/repliquemangacine.fr\/","logo":{"@type":"ImageObject","inLanguage":"it-IT","@id":"https:\/\/repliquemangacine.fr\/#\/schema\/logo\/image\/","url":"https:\/\/repliquemangacine.fr\/wp-content\/uploads\/2023\/10\/RMC-500250.png","contentUrl":"https:\/\/repliquemangacine.fr\/wp-content\/uploads\/2023\/10\/RMC-500250.png","width":500,"height":250,"caption":"R\u00e9plique Manga Cin\u00e9"},"image":{"@id":"https:\/\/repliquemangacine.fr\/#\/schema\/logo\/image\/"},"sameAs":["https:\/\/www.facebook.com\/RepliqueMangaCine","https:\/\/www.instagram.com\/repliquemangacine.fr\/"]}]}},"_links":{"self":[{"href":"https:\/\/repliquemangacine.fr\/it\/wp-json\/wp\/v2\/product\/54147","targetHints":{"allow":["GET"]}}],"collection":[{"href":"https:\/\/repliquemangacine.fr\/it\/wp-json\/wp\/v2\/product"}],"about":[{"href":"https:\/\/repliquemangacine.fr\/it\/wp-json\/wp\/v2\/types\/product"}],"wp:featuredmedia":[{"embeddable":true,"href":"https:\/\/repliquemangacine.fr\/it\/wp-json\/wp\/v2\/media\/54148"}],"wp:attachment":[{"href":"https:\/\/repliquemangacine.fr\/it\/wp-json\/wp\/v2\/media?parent=54147"}],"wp:term":[{"taxonomy":"product_brand","embeddable":true,"href":"https:\/\/repliquemangacine.fr\/it\/wp-json\/wp\/v2\/product_brand?post=54147"},{"taxonomy":"product_cat","embeddable":true,"href":"https:\/\/repliquemangacine.fr\/it\/wp-json\/wp\/v2\/product_cat?post=54147"},{"taxonomy":"product_tag","embeddable":true,"href":"https:\/\/repliquemangacine.fr\/it\/wp-json\/wp\/v2\/product_tag?post=54147"}],"curies":[{"name":"wp","href":"https:\/\/api.w.org\/{rel}","templated":true}]}}