





{"id":54140,"date":"2022-10-20T15:55:32","date_gmt":"2022-10-20T13:55:32","guid":{"rendered":"https:\/\/repliquemangacine.fr\/?post_type=product&#038;p=54140"},"modified":"2025-10-15T13:40:48","modified_gmt":"2025-10-15T11:40:48","slug":"set-di-16-pezzi-in-un-unico-pezzo","status":"publish","type":"product","link":"https:\/\/repliquemangacine.fr\/it\/divers-goodies\/coffret-16-pieces-one-piece\/","title":{"rendered":"Set da 16 pezzi One Piece"},"content":{"rendered":"<h2>Set da 16 pezzi One Piece<\/h2>\n<p>Per cominciare, il One Piece 16 Piece Set \u00e8 un set di 16 portachiavi in metallo.<\/p>\n<p>La storia segue principalmente l'equipaggio di Cappello di Paglia, guidato dal suo capitano Monkey D. Luffy. Un ragazzo il cui corpo ha acquisito le propriet\u00e0 della gomma dopo aver inavvertitamente mangiato un frutto demoniaco chiamato Gum Gum.<\/p>\n<p>Se l'avventura \u00e8 la parola d'ordine del manga, One Piece \u00e8 comunque costellato di battaglie. Da un lato, queste si basano su tecniche di combattimento specifiche del contesto (spade, cannoni, ecc.). Roronoa Zoro e Mihawk sono eccellenti spadaccini.<\/p>\n<p>Va notato che One Piece \u00e8 il manga e l'anime pi\u00f9 venduto al mondo. Il 21\/11\/2021 \u00e8 stato pubblicato il 1000\u1d49 episodio, un evento che <a href=\"https:\/\/www.bfmtv.com\/people\/series\/one-piece-pourquoi-la-diffusion-de-l-episode-1000-est-un-evenement-historique_AN-202111210067.html\" target=\"_blank\" rel=\"noopener noreferrer\">BFMTV<\/a> ha parlato.<\/p>\n<h2>Il vostro set One Piece da 16 pezzi al miglior prezzo.<\/h2>\n<p>Offriamo una vasta gamma di repliche del manga animato One Piece.<\/p>\n<p>Innanzitutto<\/p>\n<ul>\n<li>L'immenso <a href=\"https:\/\/repliquemangacine.fr\/it\/un-pezzo-unico\/sabre-kokuto-yoru-epee-de-dracule-mihawk\/\">Spada Yoru di Mihawk<\/a> con la sua guardia trasversale.<\/li>\n<li>C'\u00e8 anche il <a href=\"https:\/\/repliquemangacine.fr\/it\/un-pezzo-unico\/katana-kikoku-trafalgar-law-104cm\/\">Katana Trafalgar<\/a> Legge in due dimensioni.<\/li>\n<li>Cos\u00ec come il<a href=\"https:\/\/repliquemangacine.fr\/it\/un-pezzo-unico\/katana-enma-de-zoro-cuir-violet\/\">Spada di Zoro Enma<\/a> in versione fodero di lusso in pelle.<\/li>\n<li>E molti altri da scoprire nel nostro negozio online!<\/li>\n<\/ul>\n<p>Ecco perch\u00e9 questa \u00e8 un'ottima idea regalo per tutti i fan di One Piece.<\/p>\n<p>In conclusione, \u00e8 possibile utilizzare il metodo <strong>Set da 16 pezzi One Piece<\/strong> nella vita di tutti i giorni, come collana o portachiavi, a seconda delle esigenze. Ma soprattutto \u00e8 un oggetto da collezione.<\/p>\n<p>R\u00e9plique Manga Cin\u00e9 \u00e8 un'azienda familiare francese.<\/p>\n<h2>Come si cura la lama delle spade portachiavi?<\/h2>\n<p>Le spade da collezione e decorative sono realizzate e assemblate in modo semplificato. Poich\u00e9 il loro uso \u00e8 decorativo, non hanno le caratteristiche di sicurezza richieste per una spada giapponese destinata all'allenamento.<\/p>\n<p>Tuttavia, non \u00e8 questo il caso, <strong>Set da 16 pezzi One Piece<\/strong> a una lama d'acciaio che deve essere mantenuta per evitare che si danneggi nel tempo. Quando si espone la spada, gli amici saranno curiosi di vedere la lama e di toccarla. \u00c8 qui che bisogna fare attenzione, perch\u00e9 l'acidit\u00e0 delle dita \u00e8 molto dannosa per l'acciaio, qualunque sia la sua qualit\u00e0.<\/p>\n<p>Tuttavia, se ci\u00f2 dovesse accadere, niente panico: basta un panno inumidito con un po' d'olio per eliminare le impronte. In questo modo, la spada durer\u00e0 a lungo.<\/p>","protected":false},"excerpt":{"rendered":"<p>Magnifico cofanetto di One Piece da 16 pezzi che include:<\/p>\n<ul>\n<li>1 spada e fodero della Legge di Trafalgar<\/li>\n<li>4 spade di zoro<\/li>\n<li>2 anelli monopezzo con logo<\/li>\n<li>3 Loghi dei pirati di One Piece<\/li>\n<li>3 Bastoncini d'oro<\/li>\n<li>1 collana di corda con piccola chiusura a moschettone.<\/li>\n<li>1 portachiavi<\/li>\n<li>1 piccolo moschettone portachiavi<\/li>\n<li>Cofanetto da collezione con il Manga<\/li>\n<li>Interno in velluto rosso<\/li>\n<\/ul>","protected":false},"featured_media":54141,"template":"","meta":[],"product_brand":[896],"product_cat":[98,94,23,36],"product_tag":[],"class_list":{"0":"post-54140","1":"product","2":"type-product","3":"status-publish","4":"has-post-thumbnail","6":"product_brand-replique-manga-cine","7":"product_cat-divers-goodies","8":"product_cat-goodies","9":"product_cat-repliques-manga-jeux-video","10":"product_cat-katana-one-piece","12":"first","13":"outofstock","14":"taxable","15":"shipping-taxable","16":"purchasable","17":"product-type-simple"},"yoast_head":"<!-- This site is optimized with the Yoast SEO plugin v27.4 - https:\/\/yoast.com\/product\/yoast-seo-wordpress\/ -->\n<title>Coffret 16 pi\u00e8ces One Piece - Goodies - R\u00e9plique Manga Cin\u00e9<\/title>\n<meta name=\"description\" content=\"Superbe Coffret 16 pi\u00e8ces One Piece. A utiliser dans la vie de tous les jours soit en collier ou en porte-cl\u00e9s selon votre envie. Coffret collector\" \/>\n<meta name=\"robots\" content=\"index, follow, max-snippet:-1, max-image-preview:large, max-video-preview:-1\" \/>\n<link rel=\"canonical\" href=\"https:\/\/repliquemangacine.fr\/it\/varie-chicche\/set-di-16-pezzi-in-un-unico-pezzo\/\" \/>\n<meta property=\"og:locale\" content=\"it_IT\" \/>\n<meta property=\"og:type\" content=\"article\" \/>\n<meta property=\"og:title\" content=\"Coffret 16 pi\u00e8ces One Piece - Goodies - R\u00e9plique Manga Cin\u00e9\" \/>\n<meta property=\"og:description\" content=\"Superbe Coffret 16 pi\u00e8ces One Piece. A utiliser dans la vie de tous les jours soit en collier ou en porte-cl\u00e9s selon votre envie. Coffret collector\" \/>\n<meta property=\"og:url\" content=\"https:\/\/repliquemangacine.fr\/it\/varie-chicche\/set-di-16-pezzi-in-un-unico-pezzo\/\" \/>\n<meta property=\"og:site_name\" content=\"R\u00e9plique Manga Cin\u00e9\" \/>\n<meta property=\"article:publisher\" content=\"https:\/\/www.facebook.com\/RepliqueMangaCine\" \/>\n<meta property=\"article:modified_time\" content=\"2025-10-15T11:40:48+00:00\" \/>\n<meta property=\"og:image\" content=\"https:\/\/repliquemangacine.fr\/wp-content\/uploads\/2023\/10\/Coffret-16-pieces-One-Piece-collector.jpg\" \/>\n\t<meta property=\"og:image:width\" content=\"500\" \/>\n\t<meta property=\"og:image:height\" content=\"500\" \/>\n\t<meta property=\"og:image:type\" content=\"image\/jpeg\" \/>\n<meta name=\"twitter:card\" content=\"summary_large_image\" \/>\n<meta name=\"twitter:label1\" content=\"Tempo di lettura stimato\" \/>\n\t<meta name=\"twitter:data1\" content=\"2 minuti\" \/>\n<script type=\"application\/ld+json\" class=\"yoast-schema-graph\">{\"@context\":\"https:\\\/\\\/schema.org\",\"@graph\":[{\"@type\":\"WebPage\",\"@id\":\"https:\\\/\\\/repliquemangacine.fr\\\/divers-goodies\\\/coffret-16-pieces-one-piece\\\/\",\"url\":\"https:\\\/\\\/repliquemangacine.fr\\\/divers-goodies\\\/coffret-16-pieces-one-piece\\\/\",\"name\":\"Coffret 16 pi\u00e8ces One Piece - Goodies - R\u00e9plique Manga Cin\u00e9\",\"isPartOf\":{\"@id\":\"https:\\\/\\\/repliquemangacine.fr\\\/#website\"},\"primaryImageOfPage\":{\"@id\":\"https:\\\/\\\/repliquemangacine.fr\\\/divers-goodies\\\/coffret-16-pieces-one-piece\\\/#primaryimage\"},\"image\":{\"@id\":\"https:\\\/\\\/repliquemangacine.fr\\\/divers-goodies\\\/coffret-16-pieces-one-piece\\\/#primaryimage\"},\"thumbnailUrl\":\"https:\\\/\\\/repliquemangacine.fr\\\/wp-content\\\/uploads\\\/2023\\\/10\\\/Coffret-16-pieces-One-Piece-collector.jpg\",\"datePublished\":\"2022-10-20T13:55:32+00:00\",\"dateModified\":\"2025-10-15T11:40:48+00:00\",\"description\":\"Superbe Coffret 16 pi\u00e8ces One Piece. A utiliser dans la vie de tous les jours soit en collier ou en porte-cl\u00e9s selon votre envie. Coffret collector\",\"breadcrumb\":{\"@id\":\"https:\\\/\\\/repliquemangacine.fr\\\/divers-goodies\\\/coffret-16-pieces-one-piece\\\/#breadcrumb\"},\"inLanguage\":\"it-IT\",\"potentialAction\":[{\"@type\":\"ReadAction\",\"target\":[\"https:\\\/\\\/repliquemangacine.fr\\\/divers-goodies\\\/coffret-16-pieces-one-piece\\\/\"]}]},{\"@type\":\"ImageObject\",\"inLanguage\":\"it-IT\",\"@id\":\"https:\\\/\\\/repliquemangacine.fr\\\/divers-goodies\\\/coffret-16-pieces-one-piece\\\/#primaryimage\",\"url\":\"https:\\\/\\\/repliquemangacine.fr\\\/wp-content\\\/uploads\\\/2023\\\/10\\\/Coffret-16-pieces-One-Piece-collector.jpg\",\"contentUrl\":\"https:\\\/\\\/repliquemangacine.fr\\\/wp-content\\\/uploads\\\/2023\\\/10\\\/Coffret-16-pieces-One-Piece-collector.jpg\",\"width\":500,\"height\":500,\"caption\":\"Coffret 16 pi\u00e8ces One Piece collector\"},{\"@type\":\"BreadcrumbList\",\"@id\":\"https:\\\/\\\/repliquemangacine.fr\\\/divers-goodies\\\/coffret-16-pieces-one-piece\\\/#breadcrumb\",\"itemListElement\":[{\"@type\":\"ListItem\",\"position\":1,\"name\":\"Accueil\",\"item\":\"https:\\\/\\\/repliquemangacine.fr\\\/\"},{\"@type\":\"ListItem\",\"position\":2,\"name\":\"Produits\",\"item\":\"https:\\\/\\\/repliquemangacine.fr\\\/boutique\\\/\"},{\"@type\":\"ListItem\",\"position\":3,\"name\":\"Coffret 16 pi\u00e8ces One Piece\"}]},{\"@type\":\"WebSite\",\"@id\":\"https:\\\/\\\/repliquemangacine.fr\\\/#website\",\"url\":\"https:\\\/\\\/repliquemangacine.fr\\\/\",\"name\":\"R\u00e9plique Manga Cin\u00e9\",\"description\":\"\",\"publisher\":{\"@id\":\"https:\\\/\\\/repliquemangacine.fr\\\/#organization\"},\"potentialAction\":[{\"@type\":\"SearchAction\",\"target\":{\"@type\":\"EntryPoint\",\"urlTemplate\":\"https:\\\/\\\/repliquemangacine.fr\\\/?s={search_term_string}\"},\"query-input\":{\"@type\":\"PropertyValueSpecification\",\"valueRequired\":true,\"valueName\":\"search_term_string\"}}],\"inLanguage\":\"it-IT\"},{\"@type\":\"Organization\",\"@id\":\"https:\\\/\\\/repliquemangacine.fr\\\/#organization\",\"name\":\"R\u00e9plique Manga Cin\u00e9\",\"url\":\"https:\\\/\\\/repliquemangacine.fr\\\/\",\"logo\":{\"@type\":\"ImageObject\",\"inLanguage\":\"it-IT\",\"@id\":\"https:\\\/\\\/repliquemangacine.fr\\\/#\\\/schema\\\/logo\\\/image\\\/\",\"url\":\"https:\\\/\\\/repliquemangacine.fr\\\/wp-content\\\/uploads\\\/2023\\\/10\\\/RMC-500250.png\",\"contentUrl\":\"https:\\\/\\\/repliquemangacine.fr\\\/wp-content\\\/uploads\\\/2023\\\/10\\\/RMC-500250.png\",\"width\":500,\"height\":250,\"caption\":\"R\u00e9plique Manga Cin\u00e9\"},\"image\":{\"@id\":\"https:\\\/\\\/repliquemangacine.fr\\\/#\\\/schema\\\/logo\\\/image\\\/\"},\"sameAs\":[\"https:\\\/\\\/www.facebook.com\\\/RepliqueMangaCine\",\"https:\\\/\\\/www.instagram.com\\\/repliquemangacine.fr\\\/\"]}]}<\/script>\n<!-- \/ Yoast SEO plugin. -->","yoast_head_json":{"title":"Set di 16 pezzi One Piece - Goodies - R\u00e9plique Manga Cin\u00e9","description":"Splendido cofanetto One Piece da 16 pezzi. Da usare tutti i giorni come collana o portachiavi. Scatola da collezione","robots":{"index":"index","follow":"follow","max-snippet":"max-snippet:-1","max-image-preview":"max-image-preview:large","max-video-preview":"max-video-preview:-1"},"canonical":"https:\/\/repliquemangacine.fr\/it\/varie-chicche\/set-di-16-pezzi-in-un-unico-pezzo\/","og_locale":"it_IT","og_type":"article","og_title":"Coffret 16 pi\u00e8ces One Piece - Goodies - R\u00e9plique Manga Cin\u00e9","og_description":"Superbe Coffret 16 pi\u00e8ces One Piece. A utiliser dans la vie de tous les jours soit en collier ou en porte-cl\u00e9s selon votre envie. Coffret collector","og_url":"https:\/\/repliquemangacine.fr\/it\/varie-chicche\/set-di-16-pezzi-in-un-unico-pezzo\/","og_site_name":"R\u00e9plique Manga Cin\u00e9","article_publisher":"https:\/\/www.facebook.com\/RepliqueMangaCine","article_modified_time":"2025-10-15T11:40:48+00:00","og_image":[{"width":500,"height":500,"url":"https:\/\/repliquemangacine.fr\/wp-content\/uploads\/2023\/10\/Coffret-16-pieces-One-Piece-collector.jpg","type":"image\/jpeg"}],"twitter_card":"summary_large_image","twitter_misc":{"Tempo di lettura stimato":"2 minuti"},"schema":{"@context":"https:\/\/schema.org","@graph":[{"@type":"WebPage","@id":"https:\/\/repliquemangacine.fr\/divers-goodies\/coffret-16-pieces-one-piece\/","url":"https:\/\/repliquemangacine.fr\/divers-goodies\/coffret-16-pieces-one-piece\/","name":"Set di 16 pezzi One Piece - Goodies - R\u00e9plique Manga Cin\u00e9","isPartOf":{"@id":"https:\/\/repliquemangacine.fr\/#website"},"primaryImageOfPage":{"@id":"https:\/\/repliquemangacine.fr\/divers-goodies\/coffret-16-pieces-one-piece\/#primaryimage"},"image":{"@id":"https:\/\/repliquemangacine.fr\/divers-goodies\/coffret-16-pieces-one-piece\/#primaryimage"},"thumbnailUrl":"https:\/\/repliquemangacine.fr\/wp-content\/uploads\/2023\/10\/Coffret-16-pieces-One-Piece-collector.jpg","datePublished":"2022-10-20T13:55:32+00:00","dateModified":"2025-10-15T11:40:48+00:00","description":"Splendido cofanetto One Piece da 16 pezzi. Da usare tutti i giorni come collana o portachiavi. Scatola da collezione","breadcrumb":{"@id":"https:\/\/repliquemangacine.fr\/divers-goodies\/coffret-16-pieces-one-piece\/#breadcrumb"},"inLanguage":"it-IT","potentialAction":[{"@type":"ReadAction","target":["https:\/\/repliquemangacine.fr\/divers-goodies\/coffret-16-pieces-one-piece\/"]}]},{"@type":"ImageObject","inLanguage":"it-IT","@id":"https:\/\/repliquemangacine.fr\/divers-goodies\/coffret-16-pieces-one-piece\/#primaryimage","url":"https:\/\/repliquemangacine.fr\/wp-content\/uploads\/2023\/10\/Coffret-16-pieces-One-Piece-collector.jpg","contentUrl":"https:\/\/repliquemangacine.fr\/wp-content\/uploads\/2023\/10\/Coffret-16-pieces-One-Piece-collector.jpg","width":500,"height":500,"caption":"Coffret 16 pi\u00e8ces One Piece collector"},{"@type":"BreadcrumbList","@id":"https:\/\/repliquemangacine.fr\/divers-goodies\/coffret-16-pieces-one-piece\/#breadcrumb","itemListElement":[{"@type":"ListItem","position":1,"name":"Accueil","item":"https:\/\/repliquemangacine.fr\/"},{"@type":"ListItem","position":2,"name":"Produits","item":"https:\/\/repliquemangacine.fr\/boutique\/"},{"@type":"ListItem","position":3,"name":"Coffret 16 pi\u00e8ces One Piece"}]},{"@type":"WebSite","@id":"https:\/\/repliquemangacine.fr\/#website","url":"https:\/\/repliquemangacine.fr\/","name":"R\u00e9plique Manga Cin\u00e9","description":"","publisher":{"@id":"https:\/\/repliquemangacine.fr\/#organization"},"potentialAction":[{"@type":"SearchAction","target":{"@type":"EntryPoint","urlTemplate":"https:\/\/repliquemangacine.fr\/?s={search_term_string}"},"query-input":{"@type":"PropertyValueSpecification","valueRequired":true,"valueName":"search_term_string"}}],"inLanguage":"it-IT"},{"@type":"Organization","@id":"https:\/\/repliquemangacine.fr\/#organization","name":"R\u00e9plique Manga Cin\u00e9","url":"https:\/\/repliquemangacine.fr\/","logo":{"@type":"ImageObject","inLanguage":"it-IT","@id":"https:\/\/repliquemangacine.fr\/#\/schema\/logo\/image\/","url":"https:\/\/repliquemangacine.fr\/wp-content\/uploads\/2023\/10\/RMC-500250.png","contentUrl":"https:\/\/repliquemangacine.fr\/wp-content\/uploads\/2023\/10\/RMC-500250.png","width":500,"height":250,"caption":"R\u00e9plique Manga Cin\u00e9"},"image":{"@id":"https:\/\/repliquemangacine.fr\/#\/schema\/logo\/image\/"},"sameAs":["https:\/\/www.facebook.com\/RepliqueMangaCine","https:\/\/www.instagram.com\/repliquemangacine.fr\/"]}]}},"_links":{"self":[{"href":"https:\/\/repliquemangacine.fr\/it\/wp-json\/wp\/v2\/product\/54140","targetHints":{"allow":["GET"]}}],"collection":[{"href":"https:\/\/repliquemangacine.fr\/it\/wp-json\/wp\/v2\/product"}],"about":[{"href":"https:\/\/repliquemangacine.fr\/it\/wp-json\/wp\/v2\/types\/product"}],"wp:featuredmedia":[{"embeddable":true,"href":"https:\/\/repliquemangacine.fr\/it\/wp-json\/wp\/v2\/media\/54141"}],"wp:attachment":[{"href":"https:\/\/repliquemangacine.fr\/it\/wp-json\/wp\/v2\/media?parent=54140"}],"wp:term":[{"taxonomy":"product_brand","embeddable":true,"href":"https:\/\/repliquemangacine.fr\/it\/wp-json\/wp\/v2\/product_brand?post=54140"},{"taxonomy":"product_cat","embeddable":true,"href":"https:\/\/repliquemangacine.fr\/it\/wp-json\/wp\/v2\/product_cat?post=54140"},{"taxonomy":"product_tag","embeddable":true,"href":"https:\/\/repliquemangacine.fr\/it\/wp-json\/wp\/v2\/product_tag?post=54140"}],"curies":[{"name":"wp","href":"https:\/\/api.w.org\/{rel}","templated":true}]}}