





{"id":54131,"date":"2022-10-20T12:43:08","date_gmt":"2022-10-20T10:43:08","guid":{"rendered":"https:\/\/repliquemangacine.fr\/?post_type=product&#038;p=54131"},"modified":"2026-03-05T09:24:41","modified_gmt":"2026-03-05T08:24:41","slug":"set-bacchetta-harry-potter","status":"publish","type":"product","link":"https:\/\/repliquemangacine.fr\/it\/divers-goodies\/coffret-baguettes-harry-potter\/","title":{"rendered":"Set di bacchette di Harry Potter"},"content":{"rendered":"<h2>Set di bacchette Harry Potter da 15 pezzi<\/h2>\n<p>Per cominciare, il <strong>Set di bacchette di Harry Potter<\/strong> \u00e8 un set di 15 portachiavi.<\/p>\n<p>La serie cinematografica di Harry Potter \u00e8 una saga fantasy americano-britannica in otto film prodotta dalla Warner Bros. Adattata dai sette romanzi omonimi della scrittrice J. K. Rowling.<\/p>\n<p>La trama principale della serie \u00e8 il confronto tra Harry e Lord Voldemort, un potente mago nero alla ricerca dell'immortalit\u00e0.<\/p>\n<p>La Scuola di Magia e Stregoneria di Hogwarts \u00e8 sempre stata il sogno di molti di noi. Fenomeno globale, Harry Potter \u00e8 al centro dell'attenzione dei media da oltre dieci anni. Se la qualit\u00e0 dell'opera \u00e8 cos\u00ec apprezzata dai babbani, \u00e8 perch\u00e9 ha tutti gli ingredienti necessari per una ricetta di successo e gloria.<\/p>\n<h2>Il vostro cofanetto da collezione al miglior prezzo.<\/h2>\n<p>Offriamo un'ampia gamma di repliche di Harry Potter<\/p>\n<p>Innanzitutto<\/p>\n<ul>\n<li>Il must-have <a href=\"https:\/\/repliquemangacine.fr\/it\/bacchette-per-personaggi\/bacchetta-di-hermione-granger-anima-in-metallo\/\">La bacchetta di Hermione<\/a> Granger con anima in metallo.<\/li>\n<li>C'\u00e8 anche il famoso <a href=\"https:\/\/repliquemangacine.fr\/it\/harry-potter\/il-deluminatore-di-ron-weasley\/\">Il Deluminatore di Ron<\/a> distribuito da <a href=\"https:\/\/noblecollection.fr\/bijoux-harry-potter-c-10_15.html\" target=\"_blank\" rel=\"noopener noreferrer\">Collezione Nobile<\/a>.<\/li>\n<li>Cos\u00ec come il<a href=\"https:\/\/repliquemangacine.fr\/it\/collezionisti-di-harry-potter\/harry-potter-godric-grifondoro-spada\/\">Spada di Grifondoro<\/a> che \u00e8 collegato alle scelte dipeau.<\/li>\n<li>E molti altri da scoprire nel nostro negozio online!<\/li>\n<\/ul>\n<p>Ecco perch\u00e9 questa \u00e8 un'ottima idea regalo per tutti i fan della saga di Harry Potter.<\/p>\n<p>In conclusione, \u00e8 possibile utilizzare il metodo <strong>Set di bacchette di Harry Potter<\/strong> nella vita di tutti i giorni, come collana o portachiavi, a seconda delle esigenze. Ma soprattutto \u00e8 un oggetto da collezione.<\/p>\n<h2>Come vengono realizzati i vostri oggetti da collezione?<\/h2>\n<p>Per cominciare, tutti i nostri prodotti derivati sono di altissima qualit\u00e0, realizzati con una meticolosa attenzione ai dettagli. Alcuni di essi sono realizzati a mano, per riprodurre i minimi dettagli. Le parti pi\u00f9 importanti sono lavorate con macchine molto precise. Le incisioni sono generalmente realizzate con una punta di diamante o con il laser.<\/p>\n<p>Il tuo <strong>Set di bacchette di Harry Potter<\/strong> fabbricati per riprodurre esattamente ogni dettaglio. Per eguagliare l'eredit\u00e0 dei capolavori originali. L'accento \u00e8 posto sulla creazione di repliche di alta qualit\u00e0 che siano il pi\u00f9 possibile storicamente accurate.<\/p>\n<p>In conclusione, importate dalla Cina, dalla Spagna o dall'India, le nostre repliche vi stupiranno!<\/p>\n<p>R\u00e9plique Manga Cin\u00e9 \u00e8 un'azienda familiare francese.<\/p>","protected":false},"excerpt":{"rendered":"<p>Set di 15 portachiavi a bacchetta di Harry Potter, tra cui :<\/p>\n<ul>\n<li>1 scopa Nimbus 2000.<\/li>\n<li>12 bacchette a forma di personaggio da 12 cm<\/li>\n<li>1 moschettone piccolo<\/li>\n<li>1 portachiavi<\/li>\n<li>Cofanetto da collezione con la saga<\/li>\n<\/ul>","protected":false},"featured_media":54132,"template":"","meta":[],"product_brand":[896],"product_cat":[87,98,24,94,41],"product_tag":[],"class_list":{"0":"post-54131","1":"product","2":"type-product","3":"status-publish","4":"has-post-thumbnail","6":"product_brand-replique-manga-cine","7":"product_cat-collectors-et-goodies-harry-potter","8":"product_cat-divers-goodies","9":"product_cat-films-series-tv-vente-de-katana-epee-et-produits-derives","10":"product_cat-goodies","11":"product_cat-baguettes-et-goodies-harry-potter","13":"first","14":"outofstock","15":"taxable","16":"shipping-taxable","17":"purchasable","18":"product-type-simple"},"yoast_head":"<!-- This site is optimized with the Yoast SEO plugin v27.4 - https:\/\/yoast.com\/product\/yoast-seo-wordpress\/ -->\n<title>Coffret baguettes Harry Potter Porte-Cl\u00e9s - R\u00e9plique Manga Cin\u00e9<\/title>\n<meta name=\"description\" content=\"Superbe Coffret baguettes Harry Potter de 15 pi\u00e8ces porte-cl\u00e9s au meilleur prix - Boite collector - Minis baguettes en m\u00e9tal de 12cm chacune.\" \/>\n<meta name=\"robots\" content=\"index, follow, max-snippet:-1, max-image-preview:large, max-video-preview:-1\" \/>\n<link rel=\"canonical\" href=\"https:\/\/repliquemangacine.fr\/it\/varie-chicche\/set-bacchetta-harry-potter\/\" \/>\n<meta property=\"og:locale\" content=\"it_IT\" \/>\n<meta property=\"og:type\" content=\"article\" \/>\n<meta property=\"og:title\" content=\"Coffret baguettes Harry Potter Porte-Cl\u00e9s - R\u00e9plique Manga Cin\u00e9\" \/>\n<meta property=\"og:description\" content=\"Superbe Coffret baguettes Harry Potter de 15 pi\u00e8ces porte-cl\u00e9s au meilleur prix - Boite collector - Minis baguettes en m\u00e9tal de 12cm chacune.\" \/>\n<meta property=\"og:url\" content=\"https:\/\/repliquemangacine.fr\/it\/varie-chicche\/set-bacchetta-harry-potter\/\" \/>\n<meta property=\"og:site_name\" content=\"R\u00e9plique Manga Cin\u00e9\" \/>\n<meta property=\"article:publisher\" content=\"https:\/\/www.facebook.com\/RepliqueMangaCine\" \/>\n<meta property=\"article:modified_time\" content=\"2026-03-05T08:24:41+00:00\" \/>\n<meta property=\"og:image\" content=\"https:\/\/repliquemangacine.fr\/wp-content\/uploads\/2023\/10\/Coffret-baguettes-Harry-Potter-coffret.jpg\" \/>\n\t<meta property=\"og:image:width\" content=\"500\" \/>\n\t<meta property=\"og:image:height\" content=\"500\" \/>\n\t<meta property=\"og:image:type\" content=\"image\/jpeg\" \/>\n<meta name=\"twitter:card\" content=\"summary_large_image\" \/>\n<meta name=\"twitter:label1\" content=\"Tempo di lettura stimato\" \/>\n\t<meta name=\"twitter:data1\" content=\"2 minuti\" \/>\n<script type=\"application\/ld+json\" class=\"yoast-schema-graph\">{\"@context\":\"https:\\\/\\\/schema.org\",\"@graph\":[{\"@type\":\"WebPage\",\"@id\":\"https:\\\/\\\/repliquemangacine.fr\\\/divers-goodies\\\/coffret-baguettes-harry-potter\\\/\",\"url\":\"https:\\\/\\\/repliquemangacine.fr\\\/divers-goodies\\\/coffret-baguettes-harry-potter\\\/\",\"name\":\"Coffret baguettes Harry Potter Porte-Cl\u00e9s - R\u00e9plique Manga Cin\u00e9\",\"isPartOf\":{\"@id\":\"https:\\\/\\\/repliquemangacine.fr\\\/#website\"},\"primaryImageOfPage\":{\"@id\":\"https:\\\/\\\/repliquemangacine.fr\\\/divers-goodies\\\/coffret-baguettes-harry-potter\\\/#primaryimage\"},\"image\":{\"@id\":\"https:\\\/\\\/repliquemangacine.fr\\\/divers-goodies\\\/coffret-baguettes-harry-potter\\\/#primaryimage\"},\"thumbnailUrl\":\"https:\\\/\\\/repliquemangacine.fr\\\/wp-content\\\/uploads\\\/2023\\\/10\\\/Coffret-baguettes-Harry-Potter-coffret.jpg\",\"datePublished\":\"2022-10-20T10:43:08+00:00\",\"dateModified\":\"2026-03-05T08:24:41+00:00\",\"description\":\"Superbe Coffret baguettes Harry Potter de 15 pi\u00e8ces porte-cl\u00e9s au meilleur prix - Boite collector - Minis baguettes en m\u00e9tal de 12cm chacune.\",\"breadcrumb\":{\"@id\":\"https:\\\/\\\/repliquemangacine.fr\\\/divers-goodies\\\/coffret-baguettes-harry-potter\\\/#breadcrumb\"},\"inLanguage\":\"it-IT\",\"potentialAction\":[{\"@type\":\"ReadAction\",\"target\":[\"https:\\\/\\\/repliquemangacine.fr\\\/divers-goodies\\\/coffret-baguettes-harry-potter\\\/\"]}]},{\"@type\":\"ImageObject\",\"inLanguage\":\"it-IT\",\"@id\":\"https:\\\/\\\/repliquemangacine.fr\\\/divers-goodies\\\/coffret-baguettes-harry-potter\\\/#primaryimage\",\"url\":\"https:\\\/\\\/repliquemangacine.fr\\\/wp-content\\\/uploads\\\/2023\\\/10\\\/Coffret-baguettes-Harry-Potter-coffret.jpg\",\"contentUrl\":\"https:\\\/\\\/repliquemangacine.fr\\\/wp-content\\\/uploads\\\/2023\\\/10\\\/Coffret-baguettes-Harry-Potter-coffret.jpg\",\"width\":500,\"height\":500,\"caption\":\"Coffret baguettes Harry Potter collector\"},{\"@type\":\"BreadcrumbList\",\"@id\":\"https:\\\/\\\/repliquemangacine.fr\\\/divers-goodies\\\/coffret-baguettes-harry-potter\\\/#breadcrumb\",\"itemListElement\":[{\"@type\":\"ListItem\",\"position\":1,\"name\":\"Accueil\",\"item\":\"https:\\\/\\\/repliquemangacine.fr\\\/\"},{\"@type\":\"ListItem\",\"position\":2,\"name\":\"Produits\",\"item\":\"https:\\\/\\\/repliquemangacine.fr\\\/boutique\\\/\"},{\"@type\":\"ListItem\",\"position\":3,\"name\":\"Coffret baguettes Harry Potter\"}]},{\"@type\":\"WebSite\",\"@id\":\"https:\\\/\\\/repliquemangacine.fr\\\/#website\",\"url\":\"https:\\\/\\\/repliquemangacine.fr\\\/\",\"name\":\"R\u00e9plique Manga Cin\u00e9\",\"description\":\"\",\"publisher\":{\"@id\":\"https:\\\/\\\/repliquemangacine.fr\\\/#organization\"},\"potentialAction\":[{\"@type\":\"SearchAction\",\"target\":{\"@type\":\"EntryPoint\",\"urlTemplate\":\"https:\\\/\\\/repliquemangacine.fr\\\/?s={search_term_string}\"},\"query-input\":{\"@type\":\"PropertyValueSpecification\",\"valueRequired\":true,\"valueName\":\"search_term_string\"}}],\"inLanguage\":\"it-IT\"},{\"@type\":\"Organization\",\"@id\":\"https:\\\/\\\/repliquemangacine.fr\\\/#organization\",\"name\":\"R\u00e9plique Manga Cin\u00e9\",\"url\":\"https:\\\/\\\/repliquemangacine.fr\\\/\",\"logo\":{\"@type\":\"ImageObject\",\"inLanguage\":\"it-IT\",\"@id\":\"https:\\\/\\\/repliquemangacine.fr\\\/#\\\/schema\\\/logo\\\/image\\\/\",\"url\":\"https:\\\/\\\/repliquemangacine.fr\\\/wp-content\\\/uploads\\\/2023\\\/10\\\/RMC-500250.png\",\"contentUrl\":\"https:\\\/\\\/repliquemangacine.fr\\\/wp-content\\\/uploads\\\/2023\\\/10\\\/RMC-500250.png\",\"width\":500,\"height\":250,\"caption\":\"R\u00e9plique Manga Cin\u00e9\"},\"image\":{\"@id\":\"https:\\\/\\\/repliquemangacine.fr\\\/#\\\/schema\\\/logo\\\/image\\\/\"},\"sameAs\":[\"https:\\\/\\\/www.facebook.com\\\/RepliqueMangaCine\",\"https:\\\/\\\/www.instagram.com\\\/repliquemangacine.fr\\\/\"]}]}<\/script>\n<!-- \/ Yoast SEO plugin. -->","yoast_head_json":{"title":"Set di portachiavi con bacchette di Harry Potter - R\u00e9plique Manga Cin\u00e9","description":"Superbo set di bacchette portachiavi Harry Potter da 15 pezzi al miglior prezzo - Scatola da collezione - Mini bacchette in metallo, ciascuna lunga 12 cm.","robots":{"index":"index","follow":"follow","max-snippet":"max-snippet:-1","max-image-preview":"max-image-preview:large","max-video-preview":"max-video-preview:-1"},"canonical":"https:\/\/repliquemangacine.fr\/it\/varie-chicche\/set-bacchetta-harry-potter\/","og_locale":"it_IT","og_type":"article","og_title":"Coffret baguettes Harry Potter Porte-Cl\u00e9s - R\u00e9plique Manga Cin\u00e9","og_description":"Superbe Coffret baguettes Harry Potter de 15 pi\u00e8ces porte-cl\u00e9s au meilleur prix - Boite collector - Minis baguettes en m\u00e9tal de 12cm chacune.","og_url":"https:\/\/repliquemangacine.fr\/it\/varie-chicche\/set-bacchetta-harry-potter\/","og_site_name":"R\u00e9plique Manga Cin\u00e9","article_publisher":"https:\/\/www.facebook.com\/RepliqueMangaCine","article_modified_time":"2026-03-05T08:24:41+00:00","og_image":[{"width":500,"height":500,"url":"https:\/\/repliquemangacine.fr\/wp-content\/uploads\/2023\/10\/Coffret-baguettes-Harry-Potter-coffret.jpg","type":"image\/jpeg"}],"twitter_card":"summary_large_image","twitter_misc":{"Tempo di lettura stimato":"2 minuti"},"schema":{"@context":"https:\/\/schema.org","@graph":[{"@type":"WebPage","@id":"https:\/\/repliquemangacine.fr\/divers-goodies\/coffret-baguettes-harry-potter\/","url":"https:\/\/repliquemangacine.fr\/divers-goodies\/coffret-baguettes-harry-potter\/","name":"Set di portachiavi con bacchette di Harry Potter - R\u00e9plique Manga Cin\u00e9","isPartOf":{"@id":"https:\/\/repliquemangacine.fr\/#website"},"primaryImageOfPage":{"@id":"https:\/\/repliquemangacine.fr\/divers-goodies\/coffret-baguettes-harry-potter\/#primaryimage"},"image":{"@id":"https:\/\/repliquemangacine.fr\/divers-goodies\/coffret-baguettes-harry-potter\/#primaryimage"},"thumbnailUrl":"https:\/\/repliquemangacine.fr\/wp-content\/uploads\/2023\/10\/Coffret-baguettes-Harry-Potter-coffret.jpg","datePublished":"2022-10-20T10:43:08+00:00","dateModified":"2026-03-05T08:24:41+00:00","description":"Superbo set di bacchette portachiavi Harry Potter da 15 pezzi al miglior prezzo - Scatola da collezione - Mini bacchette in metallo, ciascuna lunga 12 cm.","breadcrumb":{"@id":"https:\/\/repliquemangacine.fr\/divers-goodies\/coffret-baguettes-harry-potter\/#breadcrumb"},"inLanguage":"it-IT","potentialAction":[{"@type":"ReadAction","target":["https:\/\/repliquemangacine.fr\/divers-goodies\/coffret-baguettes-harry-potter\/"]}]},{"@type":"ImageObject","inLanguage":"it-IT","@id":"https:\/\/repliquemangacine.fr\/divers-goodies\/coffret-baguettes-harry-potter\/#primaryimage","url":"https:\/\/repliquemangacine.fr\/wp-content\/uploads\/2023\/10\/Coffret-baguettes-Harry-Potter-coffret.jpg","contentUrl":"https:\/\/repliquemangacine.fr\/wp-content\/uploads\/2023\/10\/Coffret-baguettes-Harry-Potter-coffret.jpg","width":500,"height":500,"caption":"Coffret baguettes Harry Potter collector"},{"@type":"BreadcrumbList","@id":"https:\/\/repliquemangacine.fr\/divers-goodies\/coffret-baguettes-harry-potter\/#breadcrumb","itemListElement":[{"@type":"ListItem","position":1,"name":"Accueil","item":"https:\/\/repliquemangacine.fr\/"},{"@type":"ListItem","position":2,"name":"Produits","item":"https:\/\/repliquemangacine.fr\/boutique\/"},{"@type":"ListItem","position":3,"name":"Coffret baguettes Harry Potter"}]},{"@type":"WebSite","@id":"https:\/\/repliquemangacine.fr\/#website","url":"https:\/\/repliquemangacine.fr\/","name":"R\u00e9plique Manga Cin\u00e9","description":"","publisher":{"@id":"https:\/\/repliquemangacine.fr\/#organization"},"potentialAction":[{"@type":"SearchAction","target":{"@type":"EntryPoint","urlTemplate":"https:\/\/repliquemangacine.fr\/?s={search_term_string}"},"query-input":{"@type":"PropertyValueSpecification","valueRequired":true,"valueName":"search_term_string"}}],"inLanguage":"it-IT"},{"@type":"Organization","@id":"https:\/\/repliquemangacine.fr\/#organization","name":"R\u00e9plique Manga Cin\u00e9","url":"https:\/\/repliquemangacine.fr\/","logo":{"@type":"ImageObject","inLanguage":"it-IT","@id":"https:\/\/repliquemangacine.fr\/#\/schema\/logo\/image\/","url":"https:\/\/repliquemangacine.fr\/wp-content\/uploads\/2023\/10\/RMC-500250.png","contentUrl":"https:\/\/repliquemangacine.fr\/wp-content\/uploads\/2023\/10\/RMC-500250.png","width":500,"height":250,"caption":"R\u00e9plique Manga Cin\u00e9"},"image":{"@id":"https:\/\/repliquemangacine.fr\/#\/schema\/logo\/image\/"},"sameAs":["https:\/\/www.facebook.com\/RepliqueMangaCine","https:\/\/www.instagram.com\/repliquemangacine.fr\/"]}]}},"_links":{"self":[{"href":"https:\/\/repliquemangacine.fr\/it\/wp-json\/wp\/v2\/product\/54131","targetHints":{"allow":["GET"]}}],"collection":[{"href":"https:\/\/repliquemangacine.fr\/it\/wp-json\/wp\/v2\/product"}],"about":[{"href":"https:\/\/repliquemangacine.fr\/it\/wp-json\/wp\/v2\/types\/product"}],"wp:featuredmedia":[{"embeddable":true,"href":"https:\/\/repliquemangacine.fr\/it\/wp-json\/wp\/v2\/media\/54132"}],"wp:attachment":[{"href":"https:\/\/repliquemangacine.fr\/it\/wp-json\/wp\/v2\/media?parent=54131"}],"wp:term":[{"taxonomy":"product_brand","embeddable":true,"href":"https:\/\/repliquemangacine.fr\/it\/wp-json\/wp\/v2\/product_brand?post=54131"},{"taxonomy":"product_cat","embeddable":true,"href":"https:\/\/repliquemangacine.fr\/it\/wp-json\/wp\/v2\/product_cat?post=54131"},{"taxonomy":"product_tag","embeddable":true,"href":"https:\/\/repliquemangacine.fr\/it\/wp-json\/wp\/v2\/product_tag?post=54131"}],"curies":[{"name":"wp","href":"https:\/\/api.w.org\/{rel}","templated":true}]}}