





{"id":54105,"date":"2022-10-19T17:26:33","date_gmt":"2022-10-19T15:26:33","guid":{"rendered":"https:\/\/repliquemangacine.fr\/?post_type=product&#038;p=54105"},"modified":"2025-09-23T18:02:52","modified_gmt":"2025-09-23T16:02:52","slug":"harry-potter-set-da-14-pezzi","status":"publish","type":"product","link":"https:\/\/repliquemangacine.fr\/it\/divers-goodies\/coffret-14-pieces-harry-potter\/","title":{"rendered":"Set di 14 pezzi di Harry Potter"},"content":{"rendered":"<h2>Set di 14 pezzi di Harry Potter<\/h2>\n<p>Per cominciare, il set da 14 pezzi di Harry Potter \u00e8 una collezione di pezzi che possono diventare portachiavi o collane, a seconda delle esigenze.<\/p>\n<p>La serie cinematografica di Harry Potter \u00e8 una saga fantasy americano-britannica in otto film. Adattamento dei sette romanzi omonimi della scrittrice J. K. Rowling.<\/p>\n<p>La trama principale della serie \u00e8 il confronto tra Harry e Lord Voldemort, un potente mago nero alla ricerca dell'immortalit\u00e0.<\/p>\n<p>La Scuola di Magia e Stregoneria di Hogwarts \u00e8 sempre stata il sogno di molti di noi. Fenomeno globale, Harry Potter \u00e8 stato al centro dell'attenzione dei media per oltre dieci anni. Va sottolineato che la qualit\u00e0 dell'opera \u00e8 cos\u00ec apprezzata dai babbani perch\u00e9 ha tutti gli ingredienti necessari per una ricetta di successo e gloria.<\/p>\n<h2>Il vostro cofanetto da collezione al miglior prezzo.<\/h2>\n<p>Offriamo un'ampia gamma di articoli da collezione di Harry Potter<\/p>\n<p>Innanzitutto<\/p>\n<ul>\n<li>Il must-have <a href=\"https:\/\/repliquemangacine.fr\/it\/bacchette-per-personaggi\/bacchetta-harry-potter-anima-in-metallo-di-alta-qualita\/\">La bacchetta di Harry Potter<\/a> con il suo nucleo metallico.<\/li>\n<li>C'\u00e8 anche la famosa scacchiera ufficiale distribuita da <a href=\"https:\/\/noblecollection.fr\/bijoux-harry-potter-c-10_15.html\" target=\"_blank\" rel=\"noopener noreferrer\">Collezione Nobile<\/a>.<\/li>\n<li>Cos\u00ec come il<a href=\"https:\/\/repliquemangacine.fr\/it\/collezionisti-di-harry-potter\/harry-potter-godric-grifondoro-spada\/\">Spada di Grifondoro<\/a> che \u00e8 collegato alle scelte dipeau.<\/li>\n<li>E molti altri da scoprire nel nostro negozio online!<\/li>\n<\/ul>\n<p>Ecco perch\u00e9 questa \u00e8 un'ottima idea regalo per tutti i fan della saga di Harry Potter.<\/p>\n<p>In conclusione, \u00e8 possibile utilizzare il metodo <strong>Set di 14 pezzi di Harry Potter<\/strong> nella vita di tutti i giorni, come collana o portachiavi, a seconda delle esigenze. Ma soprattutto \u00e8 un oggetto da collezione.<\/p>\n<p>R\u00e9plique Manga Cin\u00e9 \u00e8 un'azienda familiare francese.<\/p>","protected":false},"excerpt":{"rendered":"<p>Set di 14 pezzi di Harry Potter che include :<\/p>\n<ul>\n<li>4 bacchette di carattere, ciascuna lunga 8 cm.<\/li>\n<li>1 collare Nimbus 2000 con catena<\/li>\n<li>1 coppa Helga con catena<\/li>\n<li>1 collana di lettere e gufi Edwige con catena<\/li>\n<li>1 piatto di pergamena DA<\/li>\n<li>2 Medaglie<\/li>\n<li>2 Anelli reliquia della morte<\/li>\n<li>1 catena da 60 cm<\/li>\n<li>1 anello portachiavi e moschettone<\/li>\n<li>Cofanetto da collezione con la saga<\/li>\n<\/ul>","protected":false},"featured_media":54106,"template":"","meta":[],"product_brand":[896],"product_cat":[87,98,24,94,41],"product_tag":[],"class_list":{"0":"post-54105","1":"product","2":"type-product","3":"status-publish","4":"has-post-thumbnail","6":"product_brand-replique-manga-cine","7":"product_cat-collectors-et-goodies-harry-potter","8":"product_cat-divers-goodies","9":"product_cat-films-series-tv-vente-de-katana-epee-et-produits-derives","10":"product_cat-goodies","11":"product_cat-baguettes-et-goodies-harry-potter","13":"first","14":"outofstock","15":"taxable","16":"shipping-taxable","17":"purchasable","18":"product-type-simple"},"yoast_head":"<!-- This site is optimized with the Yoast SEO plugin v27.4 - https:\/\/yoast.com\/product\/yoast-seo-wordpress\/ -->\n<title>Coffret 14 pi\u00e8ces Harry Potter - Goodies - R\u00e9plique Manga Cin\u00e9<\/title>\n<meta name=\"description\" content=\"Magnifique Coffret 14 pi\u00e8ces Harry Potter au meilleur prix. Cette pi\u00e8ce collector rassemble des miniatures d&#039;objets importants dans la saga Harry Potter.\" \/>\n<meta name=\"robots\" content=\"index, follow, max-snippet:-1, max-image-preview:large, max-video-preview:-1\" \/>\n<link rel=\"canonical\" href=\"https:\/\/repliquemangacine.fr\/it\/varie-chicche\/harry-potter-set-da-14-pezzi\/\" \/>\n<meta property=\"og:locale\" content=\"it_IT\" \/>\n<meta property=\"og:type\" content=\"article\" \/>\n<meta property=\"og:title\" content=\"Coffret 14 pi\u00e8ces Harry Potter - Goodies - R\u00e9plique Manga Cin\u00e9\" \/>\n<meta property=\"og:description\" content=\"Magnifique Coffret 14 pi\u00e8ces Harry Potter au meilleur prix. Cette pi\u00e8ce collector rassemble des miniatures d&#039;objets importants dans la saga Harry Potter.\" \/>\n<meta property=\"og:url\" content=\"https:\/\/repliquemangacine.fr\/it\/varie-chicche\/harry-potter-set-da-14-pezzi\/\" \/>\n<meta property=\"og:site_name\" content=\"R\u00e9plique Manga Cin\u00e9\" \/>\n<meta property=\"article:publisher\" content=\"https:\/\/www.facebook.com\/RepliqueMangaCine\" \/>\n<meta property=\"article:modified_time\" content=\"2025-09-23T16:02:52+00:00\" \/>\n<meta property=\"og:image\" content=\"https:\/\/repliquemangacine.fr\/wp-content\/uploads\/2023\/10\/Coffret-14-pieces-Harry-Potter-collector.jpg\" \/>\n\t<meta property=\"og:image:width\" content=\"500\" \/>\n\t<meta property=\"og:image:height\" content=\"500\" \/>\n\t<meta property=\"og:image:type\" content=\"image\/jpeg\" \/>\n<meta name=\"twitter:card\" content=\"summary_large_image\" \/>\n<meta name=\"twitter:label1\" content=\"Tempo di lettura stimato\" \/>\n\t<meta name=\"twitter:data1\" content=\"1 minuto\" \/>\n<script type=\"application\/ld+json\" class=\"yoast-schema-graph\">{\"@context\":\"https:\\\/\\\/schema.org\",\"@graph\":[{\"@type\":\"WebPage\",\"@id\":\"https:\\\/\\\/repliquemangacine.fr\\\/divers-goodies\\\/coffret-14-pieces-harry-potter\\\/\",\"url\":\"https:\\\/\\\/repliquemangacine.fr\\\/divers-goodies\\\/coffret-14-pieces-harry-potter\\\/\",\"name\":\"Coffret 14 pi\u00e8ces Harry Potter - Goodies - R\u00e9plique Manga Cin\u00e9\",\"isPartOf\":{\"@id\":\"https:\\\/\\\/repliquemangacine.fr\\\/#website\"},\"primaryImageOfPage\":{\"@id\":\"https:\\\/\\\/repliquemangacine.fr\\\/divers-goodies\\\/coffret-14-pieces-harry-potter\\\/#primaryimage\"},\"image\":{\"@id\":\"https:\\\/\\\/repliquemangacine.fr\\\/divers-goodies\\\/coffret-14-pieces-harry-potter\\\/#primaryimage\"},\"thumbnailUrl\":\"https:\\\/\\\/repliquemangacine.fr\\\/wp-content\\\/uploads\\\/2023\\\/10\\\/Coffret-14-pieces-Harry-Potter-collector.jpg\",\"datePublished\":\"2022-10-19T15:26:33+00:00\",\"dateModified\":\"2025-09-23T16:02:52+00:00\",\"description\":\"Magnifique Coffret 14 pi\u00e8ces Harry Potter au meilleur prix. Cette pi\u00e8ce collector rassemble des miniatures d'objets importants dans la saga Harry Potter.\",\"breadcrumb\":{\"@id\":\"https:\\\/\\\/repliquemangacine.fr\\\/divers-goodies\\\/coffret-14-pieces-harry-potter\\\/#breadcrumb\"},\"inLanguage\":\"it-IT\",\"potentialAction\":[{\"@type\":\"ReadAction\",\"target\":[\"https:\\\/\\\/repliquemangacine.fr\\\/divers-goodies\\\/coffret-14-pieces-harry-potter\\\/\"]}]},{\"@type\":\"ImageObject\",\"inLanguage\":\"it-IT\",\"@id\":\"https:\\\/\\\/repliquemangacine.fr\\\/divers-goodies\\\/coffret-14-pieces-harry-potter\\\/#primaryimage\",\"url\":\"https:\\\/\\\/repliquemangacine.fr\\\/wp-content\\\/uploads\\\/2023\\\/10\\\/Coffret-14-pieces-Harry-Potter-collector.jpg\",\"contentUrl\":\"https:\\\/\\\/repliquemangacine.fr\\\/wp-content\\\/uploads\\\/2023\\\/10\\\/Coffret-14-pieces-Harry-Potter-collector.jpg\",\"width\":500,\"height\":500,\"caption\":\"Coffret 14 pi\u00e8ces Harry Potter accessores collector\"},{\"@type\":\"BreadcrumbList\",\"@id\":\"https:\\\/\\\/repliquemangacine.fr\\\/divers-goodies\\\/coffret-14-pieces-harry-potter\\\/#breadcrumb\",\"itemListElement\":[{\"@type\":\"ListItem\",\"position\":1,\"name\":\"Accueil\",\"item\":\"https:\\\/\\\/repliquemangacine.fr\\\/\"},{\"@type\":\"ListItem\",\"position\":2,\"name\":\"Produits\",\"item\":\"https:\\\/\\\/repliquemangacine.fr\\\/boutique\\\/\"},{\"@type\":\"ListItem\",\"position\":3,\"name\":\"Coffret 14 pi\u00e8ces Harry Potter\"}]},{\"@type\":\"WebSite\",\"@id\":\"https:\\\/\\\/repliquemangacine.fr\\\/#website\",\"url\":\"https:\\\/\\\/repliquemangacine.fr\\\/\",\"name\":\"R\u00e9plique Manga Cin\u00e9\",\"description\":\"\",\"publisher\":{\"@id\":\"https:\\\/\\\/repliquemangacine.fr\\\/#organization\"},\"potentialAction\":[{\"@type\":\"SearchAction\",\"target\":{\"@type\":\"EntryPoint\",\"urlTemplate\":\"https:\\\/\\\/repliquemangacine.fr\\\/?s={search_term_string}\"},\"query-input\":{\"@type\":\"PropertyValueSpecification\",\"valueRequired\":true,\"valueName\":\"search_term_string\"}}],\"inLanguage\":\"it-IT\"},{\"@type\":\"Organization\",\"@id\":\"https:\\\/\\\/repliquemangacine.fr\\\/#organization\",\"name\":\"R\u00e9plique Manga Cin\u00e9\",\"url\":\"https:\\\/\\\/repliquemangacine.fr\\\/\",\"logo\":{\"@type\":\"ImageObject\",\"inLanguage\":\"it-IT\",\"@id\":\"https:\\\/\\\/repliquemangacine.fr\\\/#\\\/schema\\\/logo\\\/image\\\/\",\"url\":\"https:\\\/\\\/repliquemangacine.fr\\\/wp-content\\\/uploads\\\/2023\\\/10\\\/RMC-500250.png\",\"contentUrl\":\"https:\\\/\\\/repliquemangacine.fr\\\/wp-content\\\/uploads\\\/2023\\\/10\\\/RMC-500250.png\",\"width\":500,\"height\":250,\"caption\":\"R\u00e9plique Manga Cin\u00e9\"},\"image\":{\"@id\":\"https:\\\/\\\/repliquemangacine.fr\\\/#\\\/schema\\\/logo\\\/image\\\/\"},\"sameAs\":[\"https:\\\/\\\/www.facebook.com\\\/RepliqueMangaCine\",\"https:\\\/\\\/www.instagram.com\\\/repliquemangacine.fr\\\/\"]}]}<\/script>\n<!-- \/ Yoast SEO plugin. -->","yoast_head_json":{"title":"Harry Potter - cofanetto 14 pezzi - Goodies - R\u00e9plique Manga Cin\u00e9","description":"Magnifico cofanetto di 14 pezzi di Harry Potter al miglior prezzo. Questo oggetto da collezione riunisce miniature di oggetti importanti della saga di Harry Potter.","robots":{"index":"index","follow":"follow","max-snippet":"max-snippet:-1","max-image-preview":"max-image-preview:large","max-video-preview":"max-video-preview:-1"},"canonical":"https:\/\/repliquemangacine.fr\/it\/varie-chicche\/harry-potter-set-da-14-pezzi\/","og_locale":"it_IT","og_type":"article","og_title":"Coffret 14 pi\u00e8ces Harry Potter - Goodies - R\u00e9plique Manga Cin\u00e9","og_description":"Magnifique Coffret 14 pi\u00e8ces Harry Potter au meilleur prix. Cette pi\u00e8ce collector rassemble des miniatures d'objets importants dans la saga Harry Potter.","og_url":"https:\/\/repliquemangacine.fr\/it\/varie-chicche\/harry-potter-set-da-14-pezzi\/","og_site_name":"R\u00e9plique Manga Cin\u00e9","article_publisher":"https:\/\/www.facebook.com\/RepliqueMangaCine","article_modified_time":"2025-09-23T16:02:52+00:00","og_image":[{"width":500,"height":500,"url":"https:\/\/repliquemangacine.fr\/wp-content\/uploads\/2023\/10\/Coffret-14-pieces-Harry-Potter-collector.jpg","type":"image\/jpeg"}],"twitter_card":"summary_large_image","twitter_misc":{"Tempo di lettura stimato":"1 minuto"},"schema":{"@context":"https:\/\/schema.org","@graph":[{"@type":"WebPage","@id":"https:\/\/repliquemangacine.fr\/divers-goodies\/coffret-14-pieces-harry-potter\/","url":"https:\/\/repliquemangacine.fr\/divers-goodies\/coffret-14-pieces-harry-potter\/","name":"Harry Potter - cofanetto 14 pezzi - Goodies - R\u00e9plique Manga Cin\u00e9","isPartOf":{"@id":"https:\/\/repliquemangacine.fr\/#website"},"primaryImageOfPage":{"@id":"https:\/\/repliquemangacine.fr\/divers-goodies\/coffret-14-pieces-harry-potter\/#primaryimage"},"image":{"@id":"https:\/\/repliquemangacine.fr\/divers-goodies\/coffret-14-pieces-harry-potter\/#primaryimage"},"thumbnailUrl":"https:\/\/repliquemangacine.fr\/wp-content\/uploads\/2023\/10\/Coffret-14-pieces-Harry-Potter-collector.jpg","datePublished":"2022-10-19T15:26:33+00:00","dateModified":"2025-09-23T16:02:52+00:00","description":"Magnifico cofanetto di 14 pezzi di Harry Potter al miglior prezzo. Questo oggetto da collezione riunisce miniature di oggetti importanti della saga di Harry Potter.","breadcrumb":{"@id":"https:\/\/repliquemangacine.fr\/divers-goodies\/coffret-14-pieces-harry-potter\/#breadcrumb"},"inLanguage":"it-IT","potentialAction":[{"@type":"ReadAction","target":["https:\/\/repliquemangacine.fr\/divers-goodies\/coffret-14-pieces-harry-potter\/"]}]},{"@type":"ImageObject","inLanguage":"it-IT","@id":"https:\/\/repliquemangacine.fr\/divers-goodies\/coffret-14-pieces-harry-potter\/#primaryimage","url":"https:\/\/repliquemangacine.fr\/wp-content\/uploads\/2023\/10\/Coffret-14-pieces-Harry-Potter-collector.jpg","contentUrl":"https:\/\/repliquemangacine.fr\/wp-content\/uploads\/2023\/10\/Coffret-14-pieces-Harry-Potter-collector.jpg","width":500,"height":500,"caption":"Coffret 14 pi\u00e8ces Harry Potter accessores collector"},{"@type":"BreadcrumbList","@id":"https:\/\/repliquemangacine.fr\/divers-goodies\/coffret-14-pieces-harry-potter\/#breadcrumb","itemListElement":[{"@type":"ListItem","position":1,"name":"Accueil","item":"https:\/\/repliquemangacine.fr\/"},{"@type":"ListItem","position":2,"name":"Produits","item":"https:\/\/repliquemangacine.fr\/boutique\/"},{"@type":"ListItem","position":3,"name":"Coffret 14 pi\u00e8ces Harry Potter"}]},{"@type":"WebSite","@id":"https:\/\/repliquemangacine.fr\/#website","url":"https:\/\/repliquemangacine.fr\/","name":"R\u00e9plique Manga Cin\u00e9","description":"","publisher":{"@id":"https:\/\/repliquemangacine.fr\/#organization"},"potentialAction":[{"@type":"SearchAction","target":{"@type":"EntryPoint","urlTemplate":"https:\/\/repliquemangacine.fr\/?s={search_term_string}"},"query-input":{"@type":"PropertyValueSpecification","valueRequired":true,"valueName":"search_term_string"}}],"inLanguage":"it-IT"},{"@type":"Organization","@id":"https:\/\/repliquemangacine.fr\/#organization","name":"R\u00e9plique Manga Cin\u00e9","url":"https:\/\/repliquemangacine.fr\/","logo":{"@type":"ImageObject","inLanguage":"it-IT","@id":"https:\/\/repliquemangacine.fr\/#\/schema\/logo\/image\/","url":"https:\/\/repliquemangacine.fr\/wp-content\/uploads\/2023\/10\/RMC-500250.png","contentUrl":"https:\/\/repliquemangacine.fr\/wp-content\/uploads\/2023\/10\/RMC-500250.png","width":500,"height":250,"caption":"R\u00e9plique Manga Cin\u00e9"},"image":{"@id":"https:\/\/repliquemangacine.fr\/#\/schema\/logo\/image\/"},"sameAs":["https:\/\/www.facebook.com\/RepliqueMangaCine","https:\/\/www.instagram.com\/repliquemangacine.fr\/"]}]}},"_links":{"self":[{"href":"https:\/\/repliquemangacine.fr\/it\/wp-json\/wp\/v2\/product\/54105","targetHints":{"allow":["GET"]}}],"collection":[{"href":"https:\/\/repliquemangacine.fr\/it\/wp-json\/wp\/v2\/product"}],"about":[{"href":"https:\/\/repliquemangacine.fr\/it\/wp-json\/wp\/v2\/types\/product"}],"wp:featuredmedia":[{"embeddable":true,"href":"https:\/\/repliquemangacine.fr\/it\/wp-json\/wp\/v2\/media\/54106"}],"wp:attachment":[{"href":"https:\/\/repliquemangacine.fr\/it\/wp-json\/wp\/v2\/media?parent=54105"}],"wp:term":[{"taxonomy":"product_brand","embeddable":true,"href":"https:\/\/repliquemangacine.fr\/it\/wp-json\/wp\/v2\/product_brand?post=54105"},{"taxonomy":"product_cat","embeddable":true,"href":"https:\/\/repliquemangacine.fr\/it\/wp-json\/wp\/v2\/product_cat?post=54105"},{"taxonomy":"product_tag","embeddable":true,"href":"https:\/\/repliquemangacine.fr\/it\/wp-json\/wp\/v2\/product_tag?post=54105"}],"curies":[{"name":"wp","href":"https:\/\/api.w.org\/{rel}","templated":true}]}}