





{"id":54097,"date":"2022-10-19T16:03:01","date_gmt":"2022-10-19T14:03:01","guid":{"rendered":"https:\/\/repliquemangacine.fr\/?post_type=product&#038;p=54097"},"modified":"2025-12-21T17:08:25","modified_gmt":"2025-12-21T16:08:25","slug":"set-di-15-pezzi-per-luccisione-dei-demoni","status":"publish","type":"product","link":"https:\/\/repliquemangacine.fr\/it\/divers-goodies\/coffret-15-pieces-demon-slayer\/","title":{"rendered":"Set di 15 pezzi per l'Uccisore di Demoni"},"content":{"rendered":"<h2>Set di 15 pezzi per l'Uccisore di Demoni<\/h2>\n<p>Per cominciare, il <strong>Set di 15 pezzi per l'Uccisore di Demoni<\/strong> \u00e8 un insieme di pezzi che possono diventare portachiavi o collane a piacere.<\/p>\n<p>Demon Slayer, conosciuto in Giappone come <a href=\"https:\/\/kimetsu-no-yaiba.fandom.com\/fr\/wiki\/Wiki_Kimetsu_no_Yaiba\" target=\"_blank\" rel=\"noopener noreferrer\">Kimetsu no yaiba<\/a> (La lama che uccide i demoni).<\/p>\n<p>Demon Slayer \u00e8 il manga pi\u00f9 venduto in Giappone nel 2019 e nel 2020. Il film d'animazione \u00e8 il pi\u00f9 grande successo al botteghino in Giappone.<\/p>\n<p>Questa \u00e8 la storia di Tanjiro, un giovane il cui padre \u00e8 morto. Un giorno, trova tutta la sua famiglia assassinata. L'unica sopravvissuta \u00e8 sua sorella, Nezuko, che \u00e8 stata trasformata in un demone. Sembra che abbia conservato alcuni pensieri umani. Tanjiro intraprende un lungo viaggio per trovare un modo per far tornare la sorella umana e vendicare la sua famiglia.<\/p>\n<h2>Il vostro set di 15 pezzi di Demon Slayer al miglior prezzo<\/h2>\n<p>Offriamo una vasta gamma di repliche di katana, spade del manga animato Demon Slayer.<\/p>\n<p>Innanzitutto<\/p>\n<ul>\n<li>Le <a href=\"https:\/\/repliquemangacine.fr\/it\/cacciatore-di-demoni\/katana-tanjiro-kamado-uccisore-di-demoni\/\">La katana di Tanjiro<\/a> nella sua versione non tagliata.<\/li>\n<li>C'\u00e8 anche il <a href=\"https:\/\/repliquemangacine.fr\/it\/cacciatore-di-demoni\/katana-delluccisore-di-demoni-zenitsu-agatsuma\/\">Katana Zenitsu<\/a> non \u00e8 nitido.<\/li>\n<li>Cos\u00ec come la sciabola di Inosuk\u00e9 con la sua lama dentellata.<\/li>\n<li>E molti altri ancora!<\/li>\n<\/ul>\n<p>Ecco perch\u00e9 questa \u00e8 un'ottima idea regalo per tutti i fan di questo manga.<\/p>\n<p>In conclusione, \u00e8 possibile utilizzare il metodo <strong>Set di 15 pezzi per l'Uccisore di Demoni<\/strong> nella vita di tutti i giorni, come collana o portachiavi, a seconda delle esigenze. Soprattutto, \u00e8 un oggetto da collezione.<\/p>\n<h2>Le nostre novit\u00e0 a basso prezzo sulla Cacciatrice di Demoni.<\/h2>\n<p>Il nostro obiettivo \u00e8 soddisfarvi, per questo facciamo tutto il possibile per trovare gli oggetti da collezione che state cercando. Non esitate quindi a comunicarci le vostre richieste e i vostri commenti, affinch\u00e9 possiamo continuare insieme questa avventura!<\/p>\n<p>Per le convention manga e le sfide cosplay, scoprite il bavaglio di Nezuko con il suo lungo nastro rosso. Le figurine dell'Ammazzademoni arriveranno molto presto. Avremo anche Wallscrolls e altre chicche a prezzi bassi. Ma dovrete aspettare ancora un po'!<\/p>\n<p>R\u00e9plique Manga Cin\u00e9 \u00e8 un'azienda familiare francese<\/p>","protected":false},"excerpt":{"rendered":"<p>Superbo cofanetto di 15 pezzi di Demon Slayer che include:<\/p>\n<ul>\n<li>2 spade con foderi non rimovibili.<\/li>\n<li>1 spille del personaggio Zenitsu Agatsuma<\/li>\n<li>1 ascia con fiocco e catena<\/li>\n<li>3 medaglie per i personaggi<\/li>\n<li>1 simbolo Kanji<\/li>\n<li>1 Bamb\u00f9 con nastro indossato da Nezuko<\/li>\n<li>2 targhette con logo<\/li>\n<li>1 catena lunga circa 55 cm<\/li>\n<li>2 meccanismi portachiavi (anello e moschettone)<\/li>\n<li>Cofanetto da collezione con il manga<\/li>\n<li>Interno in velluto rosso<\/li>\n<\/ul>","protected":false},"featured_media":54098,"template":"","meta":[],"product_brand":[896],"product_cat":[63,98,94,23],"product_tag":[],"class_list":{"0":"post-54097","1":"product","2":"type-product","3":"status-publish","4":"has-post-thumbnail","6":"product_brand-replique-manga-cine","7":"product_cat-katana-demon-slayer","8":"product_cat-divers-goodies","9":"product_cat-goodies","10":"product_cat-repliques-manga-jeux-video","12":"first","13":"instock","14":"taxable","15":"shipping-taxable","16":"purchasable","17":"product-type-simple"},"yoast_head":"<!-- This site is optimized with the Yoast SEO plugin v27.4 - https:\/\/yoast.com\/product\/yoast-seo-wordpress\/ -->\n<title>Coffret 15 pi\u00e8ces Demon Slayer - Goodies - R\u00e9plique Manga Cin\u00e9<\/title>\n<meta name=\"description\" content=\"Superbe ce Coffret 15 pi\u00e8ces Demon Slayer. En collier ou en porte-cl\u00e9s selon votre envie. Ce coffret collector est \u00e0 petits prix pour tous les fans !\" \/>\n<meta name=\"robots\" content=\"index, follow, max-snippet:-1, max-image-preview:large, max-video-preview:-1\" \/>\n<link rel=\"canonical\" href=\"https:\/\/repliquemangacine.fr\/it\/varie-chicche\/set-di-15-pezzi-per-luccisione-dei-demoni\/\" \/>\n<meta property=\"og:locale\" content=\"it_IT\" \/>\n<meta property=\"og:type\" content=\"article\" \/>\n<meta property=\"og:title\" content=\"Coffret 15 pi\u00e8ces Demon Slayer - Goodies - R\u00e9plique Manga Cin\u00e9\" \/>\n<meta property=\"og:description\" content=\"Superbe ce Coffret 15 pi\u00e8ces Demon Slayer. En collier ou en porte-cl\u00e9s selon votre envie. Ce coffret collector est \u00e0 petits prix pour tous les fans !\" \/>\n<meta property=\"og:url\" content=\"https:\/\/repliquemangacine.fr\/it\/varie-chicche\/set-di-15-pezzi-per-luccisione-dei-demoni\/\" \/>\n<meta property=\"og:site_name\" content=\"R\u00e9plique Manga Cin\u00e9\" \/>\n<meta property=\"article:publisher\" content=\"https:\/\/www.facebook.com\/RepliqueMangaCine\" \/>\n<meta property=\"article:modified_time\" content=\"2025-12-21T16:08:25+00:00\" \/>\n<meta property=\"og:image\" content=\"https:\/\/repliquemangacine.fr\/wp-content\/uploads\/2023\/10\/coffret-Demon-Slayer.jpg\" \/>\n\t<meta property=\"og:image:width\" content=\"500\" \/>\n\t<meta property=\"og:image:height\" content=\"500\" \/>\n\t<meta property=\"og:image:type\" content=\"image\/jpeg\" \/>\n<meta name=\"twitter:card\" content=\"summary_large_image\" \/>\n<meta name=\"twitter:label1\" content=\"Tempo di lettura stimato\" \/>\n\t<meta name=\"twitter:data1\" content=\"2 minuti\" \/>\n<script type=\"application\/ld+json\" class=\"yoast-schema-graph\">{\"@context\":\"https:\\\/\\\/schema.org\",\"@graph\":[{\"@type\":\"WebPage\",\"@id\":\"https:\\\/\\\/repliquemangacine.fr\\\/divers-goodies\\\/coffret-15-pieces-demon-slayer\\\/\",\"url\":\"https:\\\/\\\/repliquemangacine.fr\\\/divers-goodies\\\/coffret-15-pieces-demon-slayer\\\/\",\"name\":\"Coffret 15 pi\u00e8ces Demon Slayer - Goodies - R\u00e9plique Manga Cin\u00e9\",\"isPartOf\":{\"@id\":\"https:\\\/\\\/repliquemangacine.fr\\\/#website\"},\"primaryImageOfPage\":{\"@id\":\"https:\\\/\\\/repliquemangacine.fr\\\/divers-goodies\\\/coffret-15-pieces-demon-slayer\\\/#primaryimage\"},\"image\":{\"@id\":\"https:\\\/\\\/repliquemangacine.fr\\\/divers-goodies\\\/coffret-15-pieces-demon-slayer\\\/#primaryimage\"},\"thumbnailUrl\":\"https:\\\/\\\/repliquemangacine.fr\\\/wp-content\\\/uploads\\\/2023\\\/10\\\/coffret-Demon-Slayer.jpg\",\"datePublished\":\"2022-10-19T14:03:01+00:00\",\"dateModified\":\"2025-12-21T16:08:25+00:00\",\"description\":\"Superbe ce Coffret 15 pi\u00e8ces Demon Slayer. En collier ou en porte-cl\u00e9s selon votre envie. Ce coffret collector est \u00e0 petits prix pour tous les fans !\",\"breadcrumb\":{\"@id\":\"https:\\\/\\\/repliquemangacine.fr\\\/divers-goodies\\\/coffret-15-pieces-demon-slayer\\\/#breadcrumb\"},\"inLanguage\":\"it-IT\",\"potentialAction\":[{\"@type\":\"ReadAction\",\"target\":[\"https:\\\/\\\/repliquemangacine.fr\\\/divers-goodies\\\/coffret-15-pieces-demon-slayer\\\/\"]}]},{\"@type\":\"ImageObject\",\"inLanguage\":\"it-IT\",\"@id\":\"https:\\\/\\\/repliquemangacine.fr\\\/divers-goodies\\\/coffret-15-pieces-demon-slayer\\\/#primaryimage\",\"url\":\"https:\\\/\\\/repliquemangacine.fr\\\/wp-content\\\/uploads\\\/2023\\\/10\\\/coffret-Demon-Slayer.jpg\",\"contentUrl\":\"https:\\\/\\\/repliquemangacine.fr\\\/wp-content\\\/uploads\\\/2023\\\/10\\\/coffret-Demon-Slayer.jpg\",\"width\":500,\"height\":500,\"caption\":\"Coffret 15 pi\u00e8ces Demon Slayer collector\"},{\"@type\":\"BreadcrumbList\",\"@id\":\"https:\\\/\\\/repliquemangacine.fr\\\/divers-goodies\\\/coffret-15-pieces-demon-slayer\\\/#breadcrumb\",\"itemListElement\":[{\"@type\":\"ListItem\",\"position\":1,\"name\":\"Accueil\",\"item\":\"https:\\\/\\\/repliquemangacine.fr\\\/\"},{\"@type\":\"ListItem\",\"position\":2,\"name\":\"Produits\",\"item\":\"https:\\\/\\\/repliquemangacine.fr\\\/boutique\\\/\"},{\"@type\":\"ListItem\",\"position\":3,\"name\":\"Coffret 15 pi\u00e8ces Demon Slayer\"}]},{\"@type\":\"WebSite\",\"@id\":\"https:\\\/\\\/repliquemangacine.fr\\\/#website\",\"url\":\"https:\\\/\\\/repliquemangacine.fr\\\/\",\"name\":\"R\u00e9plique Manga Cin\u00e9\",\"description\":\"\",\"publisher\":{\"@id\":\"https:\\\/\\\/repliquemangacine.fr\\\/#organization\"},\"potentialAction\":[{\"@type\":\"SearchAction\",\"target\":{\"@type\":\"EntryPoint\",\"urlTemplate\":\"https:\\\/\\\/repliquemangacine.fr\\\/?s={search_term_string}\"},\"query-input\":{\"@type\":\"PropertyValueSpecification\",\"valueRequired\":true,\"valueName\":\"search_term_string\"}}],\"inLanguage\":\"it-IT\"},{\"@type\":\"Organization\",\"@id\":\"https:\\\/\\\/repliquemangacine.fr\\\/#organization\",\"name\":\"R\u00e9plique Manga Cin\u00e9\",\"url\":\"https:\\\/\\\/repliquemangacine.fr\\\/\",\"logo\":{\"@type\":\"ImageObject\",\"inLanguage\":\"it-IT\",\"@id\":\"https:\\\/\\\/repliquemangacine.fr\\\/#\\\/schema\\\/logo\\\/image\\\/\",\"url\":\"https:\\\/\\\/repliquemangacine.fr\\\/wp-content\\\/uploads\\\/2023\\\/10\\\/RMC-500250.png\",\"contentUrl\":\"https:\\\/\\\/repliquemangacine.fr\\\/wp-content\\\/uploads\\\/2023\\\/10\\\/RMC-500250.png\",\"width\":500,\"height\":250,\"caption\":\"R\u00e9plique Manga Cin\u00e9\"},\"image\":{\"@id\":\"https:\\\/\\\/repliquemangacine.fr\\\/#\\\/schema\\\/logo\\\/image\\\/\"},\"sameAs\":[\"https:\\\/\\\/www.facebook.com\\\/RepliqueMangaCine\",\"https:\\\/\\\/www.instagram.com\\\/repliquemangacine.fr\\\/\"]}]}<\/script>\n<!-- \/ Yoast SEO plugin. -->","yoast_head_json":{"title":"Cofanetto di 15 pezzi dell'Ammazzademoni - Goodies - R\u00e9plique Manga Cin\u00e9","description":"Superbo cofanetto da 15 pezzi Demon Slayer. Disponibile come collana o portachiavi. Questo cofanetto da collezione \u00e8 disponibile a prezzi bassi per tutti i fan!","robots":{"index":"index","follow":"follow","max-snippet":"max-snippet:-1","max-image-preview":"max-image-preview:large","max-video-preview":"max-video-preview:-1"},"canonical":"https:\/\/repliquemangacine.fr\/it\/varie-chicche\/set-di-15-pezzi-per-luccisione-dei-demoni\/","og_locale":"it_IT","og_type":"article","og_title":"Coffret 15 pi\u00e8ces Demon Slayer - Goodies - R\u00e9plique Manga Cin\u00e9","og_description":"Superbe ce Coffret 15 pi\u00e8ces Demon Slayer. En collier ou en porte-cl\u00e9s selon votre envie. Ce coffret collector est \u00e0 petits prix pour tous les fans !","og_url":"https:\/\/repliquemangacine.fr\/it\/varie-chicche\/set-di-15-pezzi-per-luccisione-dei-demoni\/","og_site_name":"R\u00e9plique Manga Cin\u00e9","article_publisher":"https:\/\/www.facebook.com\/RepliqueMangaCine","article_modified_time":"2025-12-21T16:08:25+00:00","og_image":[{"width":500,"height":500,"url":"https:\/\/repliquemangacine.fr\/wp-content\/uploads\/2023\/10\/coffret-Demon-Slayer.jpg","type":"image\/jpeg"}],"twitter_card":"summary_large_image","twitter_misc":{"Tempo di lettura stimato":"2 minuti"},"schema":{"@context":"https:\/\/schema.org","@graph":[{"@type":"WebPage","@id":"https:\/\/repliquemangacine.fr\/divers-goodies\/coffret-15-pieces-demon-slayer\/","url":"https:\/\/repliquemangacine.fr\/divers-goodies\/coffret-15-pieces-demon-slayer\/","name":"Cofanetto di 15 pezzi dell'Ammazzademoni - Goodies - R\u00e9plique Manga Cin\u00e9","isPartOf":{"@id":"https:\/\/repliquemangacine.fr\/#website"},"primaryImageOfPage":{"@id":"https:\/\/repliquemangacine.fr\/divers-goodies\/coffret-15-pieces-demon-slayer\/#primaryimage"},"image":{"@id":"https:\/\/repliquemangacine.fr\/divers-goodies\/coffret-15-pieces-demon-slayer\/#primaryimage"},"thumbnailUrl":"https:\/\/repliquemangacine.fr\/wp-content\/uploads\/2023\/10\/coffret-Demon-Slayer.jpg","datePublished":"2022-10-19T14:03:01+00:00","dateModified":"2025-12-21T16:08:25+00:00","description":"Superbo cofanetto da 15 pezzi Demon Slayer. Disponibile come collana o portachiavi. Questo cofanetto da collezione \u00e8 disponibile a prezzi bassi per tutti i fan!","breadcrumb":{"@id":"https:\/\/repliquemangacine.fr\/divers-goodies\/coffret-15-pieces-demon-slayer\/#breadcrumb"},"inLanguage":"it-IT","potentialAction":[{"@type":"ReadAction","target":["https:\/\/repliquemangacine.fr\/divers-goodies\/coffret-15-pieces-demon-slayer\/"]}]},{"@type":"ImageObject","inLanguage":"it-IT","@id":"https:\/\/repliquemangacine.fr\/divers-goodies\/coffret-15-pieces-demon-slayer\/#primaryimage","url":"https:\/\/repliquemangacine.fr\/wp-content\/uploads\/2023\/10\/coffret-Demon-Slayer.jpg","contentUrl":"https:\/\/repliquemangacine.fr\/wp-content\/uploads\/2023\/10\/coffret-Demon-Slayer.jpg","width":500,"height":500,"caption":"Coffret 15 pi\u00e8ces Demon Slayer collector"},{"@type":"BreadcrumbList","@id":"https:\/\/repliquemangacine.fr\/divers-goodies\/coffret-15-pieces-demon-slayer\/#breadcrumb","itemListElement":[{"@type":"ListItem","position":1,"name":"Accueil","item":"https:\/\/repliquemangacine.fr\/"},{"@type":"ListItem","position":2,"name":"Produits","item":"https:\/\/repliquemangacine.fr\/boutique\/"},{"@type":"ListItem","position":3,"name":"Coffret 15 pi\u00e8ces Demon Slayer"}]},{"@type":"WebSite","@id":"https:\/\/repliquemangacine.fr\/#website","url":"https:\/\/repliquemangacine.fr\/","name":"R\u00e9plique Manga Cin\u00e9","description":"","publisher":{"@id":"https:\/\/repliquemangacine.fr\/#organization"},"potentialAction":[{"@type":"SearchAction","target":{"@type":"EntryPoint","urlTemplate":"https:\/\/repliquemangacine.fr\/?s={search_term_string}"},"query-input":{"@type":"PropertyValueSpecification","valueRequired":true,"valueName":"search_term_string"}}],"inLanguage":"it-IT"},{"@type":"Organization","@id":"https:\/\/repliquemangacine.fr\/#organization","name":"R\u00e9plique Manga Cin\u00e9","url":"https:\/\/repliquemangacine.fr\/","logo":{"@type":"ImageObject","inLanguage":"it-IT","@id":"https:\/\/repliquemangacine.fr\/#\/schema\/logo\/image\/","url":"https:\/\/repliquemangacine.fr\/wp-content\/uploads\/2023\/10\/RMC-500250.png","contentUrl":"https:\/\/repliquemangacine.fr\/wp-content\/uploads\/2023\/10\/RMC-500250.png","width":500,"height":250,"caption":"R\u00e9plique Manga Cin\u00e9"},"image":{"@id":"https:\/\/repliquemangacine.fr\/#\/schema\/logo\/image\/"},"sameAs":["https:\/\/www.facebook.com\/RepliqueMangaCine","https:\/\/www.instagram.com\/repliquemangacine.fr\/"]}]}},"_links":{"self":[{"href":"https:\/\/repliquemangacine.fr\/it\/wp-json\/wp\/v2\/product\/54097","targetHints":{"allow":["GET"]}}],"collection":[{"href":"https:\/\/repliquemangacine.fr\/it\/wp-json\/wp\/v2\/product"}],"about":[{"href":"https:\/\/repliquemangacine.fr\/it\/wp-json\/wp\/v2\/types\/product"}],"wp:featuredmedia":[{"embeddable":true,"href":"https:\/\/repliquemangacine.fr\/it\/wp-json\/wp\/v2\/media\/54098"}],"wp:attachment":[{"href":"https:\/\/repliquemangacine.fr\/it\/wp-json\/wp\/v2\/media?parent=54097"}],"wp:term":[{"taxonomy":"product_brand","embeddable":true,"href":"https:\/\/repliquemangacine.fr\/it\/wp-json\/wp\/v2\/product_brand?post=54097"},{"taxonomy":"product_cat","embeddable":true,"href":"https:\/\/repliquemangacine.fr\/it\/wp-json\/wp\/v2\/product_cat?post=54097"},{"taxonomy":"product_tag","embeddable":true,"href":"https:\/\/repliquemangacine.fr\/it\/wp-json\/wp\/v2\/product_tag?post=54097"}],"curies":[{"name":"wp","href":"https:\/\/api.w.org\/{rel}","templated":true}]}}