





{"id":54015,"date":"2022-10-16T18:19:03","date_gmt":"2022-10-16T16:19:03","guid":{"rendered":"https:\/\/repliquemangacine.fr\/?post_type=product&#038;p=54015"},"modified":"2025-09-23T18:02:51","modified_gmt":"2025-09-23T16:02:51","slug":"pistola-kentucky-19-usa","status":"publish","type":"product","link":"https:\/\/repliquemangacine.fr\/it\/pistolet-ancien\/pistolet-kentucky-19eme-usa\/","title":{"rendered":"Kentucky 19\u1d49 Pistola USA"},"content":{"rendered":"<h2>Kentucky 19\u1d49 USA Pistola Denix<\/h2>\n<p>Per cominciare, il <strong>Pistola Kentucky 19\u1d49<\/strong> USA \u00e8 un'arma classica americana per i primi esploratori del West. Utilizzata nella Guerra d'Indipendenza e nella Guerra Civile americana. Spesso viene utilizzata con un fucile dello stesso calibro, consentendo all'utente di sparare lo stesso proiettile di piombo.<\/p>\n<p>Le pistole a scintilla avevano una pietra focaia o un selce che, azionata dal martello, produceva la scintilla che accendeva la polvere da sparo. Tutte queste armi richiedevano la ricarica manuale delle munizioni dopo ogni colpo.<\/p>\n<p>In combattimento, queste armi venivano generalmente utilizzate per un solo colpo, poich\u00e9 il metodo di ricarica era molto lento e in genere non c'era tempo per ricaricare. Di conseguenza, dopo aver sparato, i combattenti erano costretti a estrarre le sciabole o le spade.<\/p>\n<h2>La vostra pistola Kentucky 19\u1d49 al miglior prezzo.<\/h2>\n<p>Offriamo un'ampia gamma di riproduzioni di armi storiche.<\/p>\n<ul>\n<li>Le <a href=\"https:\/\/repliquemangacine.fr\/it\/armi-replica-1-impero\/pistola-napoleonica-mancina\/\">Pistola napoleonica a pietra focaia<\/a> versione per mancini.<\/li>\n<li>C'\u00e8 anche la sublime frase di <a href=\"https:\/\/repliquemangacine.fr\/it\/armi-storiche\/pistola-di-george-washington-18-secolo\/\">La pistola di George Washington <\/a>del 18\u1d49 secolo.<\/li>\n<li>Cos\u00ec come il <a href=\"https:\/\/repliquemangacine.fr\/it\/pistola-antica\/pistolet-francais-a-percussion-19eme-siecle\/\">Pistola a percussione francese<\/a> della 19\u1d49.<\/li>\n<li>E molti altri da scoprire nel nostro negozio online!<\/li>\n<\/ul>\n<p>Ecco perch\u00e9 questa \u00e8 un'ottima idea regalo per tutti gli appassionati di storia.<\/p>\n<p>In conclusione, \u00e8 possibile utilizzare il metodo <strong>Pistola Kentucky 19\u1d49<\/strong> USA per le vostre rievocazioni storiche o serate a tema. Ma soprattutto, quest'arma \u00e8 un pezzo da collezione e un oggetto decorativo.<\/p>\n<p>R\u00e9plique Manga Cin\u00e9 \u00e8 un'azienda familiare francese e distributore ufficiale del marchio <a href=\"https:\/\/www.denix.fr\/fr\/catalogue\/guerre-civile-occidentale-et-americaine-1861-1899\/pistolets\/1136-l\/\" target=\"_blank\" rel=\"noopener noreferrer\">Denix<\/a>.<\/p>\n<h2>Quali sono i materiali utilizzati per realizzare le repliche delle armi Denix?<\/h2>\n<p>Utilizzate in rievocazioni storiche, film, serie e dai collezionisti. Le riproduzioni Denix sono realizzate con materiali di alta qualit\u00e0. Sono accuratamente lavorate e assemblate per creare armi realistiche da collezione.<\/p>\n<ul>\n<li>I metalli sono in una lega metallica nota come Zamac, la cui composizione di base \u00e8 zinco in 95%.<\/li>\n<li>Le parti in plastica delle repliche sono realizzate in ABS stampato, che offre una grande resistenza.<\/li>\n<li>Il legno scelto per la sua bellezza e durata, come il mogano, l'ulivo o il noce, conferir\u00e0 ai mozziconi e alle botti un aspetto elegante e autentico.<\/li>\n<\/ul>\n<p>Va sottolineato che tutte le riproduzioni Denix sono identiche agli originali, come il vostro <strong>Pistola Kentucky 19\u1d49<\/strong><\/p>","protected":false},"excerpt":{"rendered":"<p>Pistola a scintilla del Kentucky del XIX secolo.<\/p>\n<ul>\n<li>Calcio e canna in legno.<\/li>\n<li>Canna e armamento in metallo decorato bicolore.<\/li>\n<li>Caricamento del simulatore.<\/li>\n<li>Meccanismo di accensione, ma non spara<\/li>\n<li>Non \u00e8 richiesta alcuna autorizzazione. Vendita e possesso gratuiti.<\/li>\n<li>Dimensioni: 39 cm - Peso: 688 grammi<\/li>\n<\/ul>","protected":false},"featured_media":54016,"template":"","meta":[],"product_brand":[896],"product_cat":[102,52,28],"product_tag":[],"class_list":{"0":"post-54015","1":"product","2":"type-product","3":"status-publish","4":"has-post-thumbnail","6":"product_brand-replique-manga-cine","7":"product_cat-denix","8":"product_cat-pistolet-ancien","9":"product_cat-repliques-darmes","11":"first","12":"instock","13":"sale","14":"taxable","15":"shipping-taxable","16":"purchasable","17":"product-type-simple"},"yoast_head":"<!-- This site is optimized with the Yoast SEO plugin v27.4 - https:\/\/yoast.com\/product\/yoast-seo-wordpress\/ -->\n<title>Pistolet Kentucky 19\u1d49 - Reproduction d&#039;arme Denix - RMC<\/title>\n<meta name=\"description\" content=\"Offrez-lui ce Pistolet Kentucky 19\u1d49 au meilleur prix - En acier zamac - Simulateur chargement - M\u00e9canisme fonctionnel, mais ne tire pas - Longueur : 39 cm\" \/>\n<meta name=\"robots\" content=\"index, follow, max-snippet:-1, max-image-preview:large, max-video-preview:-1\" \/>\n<link rel=\"canonical\" href=\"https:\/\/repliquemangacine.fr\/it\/denix\/pistola-kentucky-19-usa\/\" \/>\n<meta property=\"og:locale\" content=\"it_IT\" \/>\n<meta property=\"og:type\" content=\"article\" \/>\n<meta property=\"og:title\" content=\"Pistolet Kentucky 19\u1d49 - Reproduction d&#039;arme Denix - RMC\" \/>\n<meta property=\"og:description\" content=\"Offrez-lui ce Pistolet Kentucky 19\u1d49 au meilleur prix - En acier zamac - Simulateur chargement - M\u00e9canisme fonctionnel, mais ne tire pas - Longueur : 39 cm\" \/>\n<meta property=\"og:url\" content=\"https:\/\/repliquemangacine.fr\/it\/denix\/pistola-kentucky-19-usa\/\" \/>\n<meta property=\"og:site_name\" content=\"R\u00e9plique Manga Cin\u00e9\" \/>\n<meta property=\"article:publisher\" content=\"https:\/\/www.facebook.com\/RepliqueMangaCine\" \/>\n<meta property=\"article:modified_time\" content=\"2025-09-23T16:02:51+00:00\" \/>\n<meta property=\"og:image\" content=\"https:\/\/repliquemangacine.fr\/wp-content\/uploads\/2023\/10\/1136-2.jpg\" \/>\n\t<meta property=\"og:image:width\" content=\"500\" \/>\n\t<meta property=\"og:image:height\" content=\"500\" \/>\n\t<meta property=\"og:image:type\" content=\"image\/jpeg\" \/>\n<meta name=\"twitter:card\" content=\"summary_large_image\" \/>\n<meta name=\"twitter:label1\" content=\"Tempo di lettura stimato\" \/>\n\t<meta name=\"twitter:data1\" content=\"2 minuti\" \/>\n<script type=\"application\/ld+json\" class=\"yoast-schema-graph\">{\"@context\":\"https:\\\/\\\/schema.org\",\"@graph\":[{\"@type\":\"WebPage\",\"@id\":\"https:\\\/\\\/repliquemangacine.fr\\\/denix\\\/pistolet-kentucky-19eme-usa\\\/\",\"url\":\"https:\\\/\\\/repliquemangacine.fr\\\/denix\\\/pistolet-kentucky-19eme-usa\\\/\",\"name\":\"Pistolet Kentucky 19\u1d49 - Reproduction d'arme Denix - RMC\",\"isPartOf\":{\"@id\":\"https:\\\/\\\/repliquemangacine.fr\\\/#website\"},\"primaryImageOfPage\":{\"@id\":\"https:\\\/\\\/repliquemangacine.fr\\\/denix\\\/pistolet-kentucky-19eme-usa\\\/#primaryimage\"},\"image\":{\"@id\":\"https:\\\/\\\/repliquemangacine.fr\\\/denix\\\/pistolet-kentucky-19eme-usa\\\/#primaryimage\"},\"thumbnailUrl\":\"https:\\\/\\\/repliquemangacine.fr\\\/wp-content\\\/uploads\\\/2023\\\/10\\\/1136-2.jpg\",\"datePublished\":\"2022-10-16T16:19:03+00:00\",\"dateModified\":\"2025-09-23T16:02:51+00:00\",\"description\":\"Offrez-lui ce Pistolet Kentucky 19\u1d49 au meilleur prix - En acier zamac - Simulateur chargement - M\u00e9canisme fonctionnel, mais ne tire pas - Longueur : 39 cm\",\"breadcrumb\":{\"@id\":\"https:\\\/\\\/repliquemangacine.fr\\\/denix\\\/pistolet-kentucky-19eme-usa\\\/#breadcrumb\"},\"inLanguage\":\"it-IT\",\"potentialAction\":[{\"@type\":\"ReadAction\",\"target\":[\"https:\\\/\\\/repliquemangacine.fr\\\/denix\\\/pistolet-kentucky-19eme-usa\\\/\"]}]},{\"@type\":\"ImageObject\",\"inLanguage\":\"it-IT\",\"@id\":\"https:\\\/\\\/repliquemangacine.fr\\\/denix\\\/pistolet-kentucky-19eme-usa\\\/#primaryimage\",\"url\":\"https:\\\/\\\/repliquemangacine.fr\\\/wp-content\\\/uploads\\\/2023\\\/10\\\/1136-2.jpg\",\"contentUrl\":\"https:\\\/\\\/repliquemangacine.fr\\\/wp-content\\\/uploads\\\/2023\\\/10\\\/1136-2.jpg\",\"width\":500,\"height\":500,\"caption\":\"Pistolet Kentucky 19\u00e8me usa\"},{\"@type\":\"BreadcrumbList\",\"@id\":\"https:\\\/\\\/repliquemangacine.fr\\\/denix\\\/pistolet-kentucky-19eme-usa\\\/#breadcrumb\",\"itemListElement\":[{\"@type\":\"ListItem\",\"position\":1,\"name\":\"Accueil\",\"item\":\"https:\\\/\\\/repliquemangacine.fr\\\/\"},{\"@type\":\"ListItem\",\"position\":2,\"name\":\"Produits\",\"item\":\"https:\\\/\\\/repliquemangacine.fr\\\/boutique\\\/\"},{\"@type\":\"ListItem\",\"position\":3,\"name\":\"Pistolet Kentucky 19\u1d49 USA\"}]},{\"@type\":\"WebSite\",\"@id\":\"https:\\\/\\\/repliquemangacine.fr\\\/#website\",\"url\":\"https:\\\/\\\/repliquemangacine.fr\\\/\",\"name\":\"R\u00e9plique Manga Cin\u00e9\",\"description\":\"\",\"publisher\":{\"@id\":\"https:\\\/\\\/repliquemangacine.fr\\\/#organization\"},\"potentialAction\":[{\"@type\":\"SearchAction\",\"target\":{\"@type\":\"EntryPoint\",\"urlTemplate\":\"https:\\\/\\\/repliquemangacine.fr\\\/?s={search_term_string}\"},\"query-input\":{\"@type\":\"PropertyValueSpecification\",\"valueRequired\":true,\"valueName\":\"search_term_string\"}}],\"inLanguage\":\"it-IT\"},{\"@type\":\"Organization\",\"@id\":\"https:\\\/\\\/repliquemangacine.fr\\\/#organization\",\"name\":\"R\u00e9plique Manga Cin\u00e9\",\"url\":\"https:\\\/\\\/repliquemangacine.fr\\\/\",\"logo\":{\"@type\":\"ImageObject\",\"inLanguage\":\"it-IT\",\"@id\":\"https:\\\/\\\/repliquemangacine.fr\\\/#\\\/schema\\\/logo\\\/image\\\/\",\"url\":\"https:\\\/\\\/repliquemangacine.fr\\\/wp-content\\\/uploads\\\/2023\\\/10\\\/RMC-500250.png\",\"contentUrl\":\"https:\\\/\\\/repliquemangacine.fr\\\/wp-content\\\/uploads\\\/2023\\\/10\\\/RMC-500250.png\",\"width\":500,\"height\":250,\"caption\":\"R\u00e9plique Manga Cin\u00e9\"},\"image\":{\"@id\":\"https:\\\/\\\/repliquemangacine.fr\\\/#\\\/schema\\\/logo\\\/image\\\/\"},\"sameAs\":[\"https:\\\/\\\/www.facebook.com\\\/RepliqueMangaCine\",\"https:\\\/\\\/www.instagram.com\\\/repliquemangacine.fr\\\/\"]}]}<\/script>\n<!-- \/ Yoast SEO plugin. -->","yoast_head_json":{"title":"Pistola Kentucky 19\u1d49 - Riproduzione di pistola Denix - RMC","description":"Regalategli questa pistola Kentucky 19\u1d49 al miglior prezzo - In acciaio zamac - Simulatore di caricamento - Meccanismo funzionale, ma non spara - Lunghezza: 39 cm","robots":{"index":"index","follow":"follow","max-snippet":"max-snippet:-1","max-image-preview":"max-image-preview:large","max-video-preview":"max-video-preview:-1"},"canonical":"https:\/\/repliquemangacine.fr\/it\/denix\/pistola-kentucky-19-usa\/","og_locale":"it_IT","og_type":"article","og_title":"Pistolet Kentucky 19\u1d49 - Reproduction d'arme Denix - RMC","og_description":"Offrez-lui ce Pistolet Kentucky 19\u1d49 au meilleur prix - En acier zamac - Simulateur chargement - M\u00e9canisme fonctionnel, mais ne tire pas - Longueur : 39 cm","og_url":"https:\/\/repliquemangacine.fr\/it\/denix\/pistola-kentucky-19-usa\/","og_site_name":"R\u00e9plique Manga Cin\u00e9","article_publisher":"https:\/\/www.facebook.com\/RepliqueMangaCine","article_modified_time":"2025-09-23T16:02:51+00:00","og_image":[{"width":500,"height":500,"url":"https:\/\/repliquemangacine.fr\/wp-content\/uploads\/2023\/10\/1136-2.jpg","type":"image\/jpeg"}],"twitter_card":"summary_large_image","twitter_misc":{"Tempo di lettura stimato":"2 minuti"},"schema":{"@context":"https:\/\/schema.org","@graph":[{"@type":"WebPage","@id":"https:\/\/repliquemangacine.fr\/denix\/pistolet-kentucky-19eme-usa\/","url":"https:\/\/repliquemangacine.fr\/denix\/pistolet-kentucky-19eme-usa\/","name":"Pistola Kentucky 19\u1d49 - Riproduzione di pistola Denix - RMC","isPartOf":{"@id":"https:\/\/repliquemangacine.fr\/#website"},"primaryImageOfPage":{"@id":"https:\/\/repliquemangacine.fr\/denix\/pistolet-kentucky-19eme-usa\/#primaryimage"},"image":{"@id":"https:\/\/repliquemangacine.fr\/denix\/pistolet-kentucky-19eme-usa\/#primaryimage"},"thumbnailUrl":"https:\/\/repliquemangacine.fr\/wp-content\/uploads\/2023\/10\/1136-2.jpg","datePublished":"2022-10-16T16:19:03+00:00","dateModified":"2025-09-23T16:02:51+00:00","description":"Regalategli questa pistola Kentucky 19\u1d49 al miglior prezzo - In acciaio zamac - Simulatore di caricamento - Meccanismo funzionale, ma non spara - Lunghezza: 39 cm","breadcrumb":{"@id":"https:\/\/repliquemangacine.fr\/denix\/pistolet-kentucky-19eme-usa\/#breadcrumb"},"inLanguage":"it-IT","potentialAction":[{"@type":"ReadAction","target":["https:\/\/repliquemangacine.fr\/denix\/pistolet-kentucky-19eme-usa\/"]}]},{"@type":"ImageObject","inLanguage":"it-IT","@id":"https:\/\/repliquemangacine.fr\/denix\/pistolet-kentucky-19eme-usa\/#primaryimage","url":"https:\/\/repliquemangacine.fr\/wp-content\/uploads\/2023\/10\/1136-2.jpg","contentUrl":"https:\/\/repliquemangacine.fr\/wp-content\/uploads\/2023\/10\/1136-2.jpg","width":500,"height":500,"caption":"Pistolet Kentucky 19\u00e8me usa"},{"@type":"BreadcrumbList","@id":"https:\/\/repliquemangacine.fr\/denix\/pistolet-kentucky-19eme-usa\/#breadcrumb","itemListElement":[{"@type":"ListItem","position":1,"name":"Accueil","item":"https:\/\/repliquemangacine.fr\/"},{"@type":"ListItem","position":2,"name":"Produits","item":"https:\/\/repliquemangacine.fr\/boutique\/"},{"@type":"ListItem","position":3,"name":"Pistolet Kentucky 19\u1d49 USA"}]},{"@type":"WebSite","@id":"https:\/\/repliquemangacine.fr\/#website","url":"https:\/\/repliquemangacine.fr\/","name":"R\u00e9plique Manga Cin\u00e9","description":"","publisher":{"@id":"https:\/\/repliquemangacine.fr\/#organization"},"potentialAction":[{"@type":"SearchAction","target":{"@type":"EntryPoint","urlTemplate":"https:\/\/repliquemangacine.fr\/?s={search_term_string}"},"query-input":{"@type":"PropertyValueSpecification","valueRequired":true,"valueName":"search_term_string"}}],"inLanguage":"it-IT"},{"@type":"Organization","@id":"https:\/\/repliquemangacine.fr\/#organization","name":"R\u00e9plique Manga Cin\u00e9","url":"https:\/\/repliquemangacine.fr\/","logo":{"@type":"ImageObject","inLanguage":"it-IT","@id":"https:\/\/repliquemangacine.fr\/#\/schema\/logo\/image\/","url":"https:\/\/repliquemangacine.fr\/wp-content\/uploads\/2023\/10\/RMC-500250.png","contentUrl":"https:\/\/repliquemangacine.fr\/wp-content\/uploads\/2023\/10\/RMC-500250.png","width":500,"height":250,"caption":"R\u00e9plique Manga Cin\u00e9"},"image":{"@id":"https:\/\/repliquemangacine.fr\/#\/schema\/logo\/image\/"},"sameAs":["https:\/\/www.facebook.com\/RepliqueMangaCine","https:\/\/www.instagram.com\/repliquemangacine.fr\/"]}]}},"_links":{"self":[{"href":"https:\/\/repliquemangacine.fr\/it\/wp-json\/wp\/v2\/product\/54015","targetHints":{"allow":["GET"]}}],"collection":[{"href":"https:\/\/repliquemangacine.fr\/it\/wp-json\/wp\/v2\/product"}],"about":[{"href":"https:\/\/repliquemangacine.fr\/it\/wp-json\/wp\/v2\/types\/product"}],"wp:featuredmedia":[{"embeddable":true,"href":"https:\/\/repliquemangacine.fr\/it\/wp-json\/wp\/v2\/media\/54016"}],"wp:attachment":[{"href":"https:\/\/repliquemangacine.fr\/it\/wp-json\/wp\/v2\/media?parent=54015"}],"wp:term":[{"taxonomy":"product_brand","embeddable":true,"href":"https:\/\/repliquemangacine.fr\/it\/wp-json\/wp\/v2\/product_brand?post=54015"},{"taxonomy":"product_cat","embeddable":true,"href":"https:\/\/repliquemangacine.fr\/it\/wp-json\/wp\/v2\/product_cat?post=54015"},{"taxonomy":"product_tag","embeddable":true,"href":"https:\/\/repliquemangacine.fr\/it\/wp-json\/wp\/v2\/product_tag?post=54015"}],"curies":[{"name":"wp","href":"https:\/\/api.w.org\/{rel}","templated":true}]}}